{"id":5323,"date":"2018-06-04T23:52:04","date_gmt":"2018-06-04T21:52:04","guid":{"rendered":"https:\/\/pb.edu.pl\/sjo\/?page_id=5323"},"modified":"2018-06-06T10:34:28","modified_gmt":"2018-06-06T08:34:28","slug":"universitat-autonoma-de-barcelona","status":"publish","type":"page","link":"https:\/\/pb.edu.pl\/sjo\/dla-pracownika\/wspolpraca-z-zagranica\/universitat-autonoma-de-barcelona\/","title":{"rendered":"Universitat Aut\u00f2noma de Barcelona"},"content":{"rendered":"<p><span style=\"font-size: 12pt\"><strong>Universitat Aut\u00f2noma de Barcelona, Hiszpania, kwiecie\u0144 2013<\/strong><\/span><\/p>\n<h3><span style=\"font-size: 12pt\">Pobyt &nbsp;w Barcelonie <strong>mgr Haliny Bramskiej<\/strong> i <strong>mgr Moniki \u015aleszy\u0144skiej<\/strong> rozpocz\u0105\u0142 si\u0119 od wizyty w Biurze Wsp\u00f3\u0142pracy Mi\u0119dzynarodowej i konsultacji z koordynatorem programu Erasmus, Rolandem Pearsonem, kt\u00f3ry oprowadzi\u0142 przedstawicielki SJO PB po wydziale, niezwykle bogato wyposa\u017conym w laboratoria do pracy przy t\u0142umaczeniach konsekutywnych i symultanicznych. W laboratoriach znajduj\u0105 si\u0119 pojedyncze kabiny dla student\u00f3w, podobne do tych, w jakich pracuj\u0105 zawodowi t\u0142umacze w ONZ czy w Parlamencie Europejskim. Studenci mog\u0105 nagrywa\u0107 swoje t\u0142umaczenia, przekazywa\u0107 je nauczycielom lub analizowa\u0107 w domu. Laboratoria zosta\u0142y zaprojektowane we wsp\u00f3\u0142pracy z kadr\u0105 akademick\u0105 wydzia\u0142u, przez co s\u0105 niezwykle funkcjonalne. D\u017awi\u0119koszczelne kabiny, monitory, mikrofony, pokoje konferencyjne z pe\u0142nym wyposa\u017ceniem pozwalaj\u0105 studentom wczu\u0107 si\u0119 w rol\u0119 t\u0142umacza i oswajaj\u0105 z warunkami przysz\u0142ej pracy. Wydzia\u0142 cieszy si\u0119 zas\u0142u\u017con\u0105 renom\u0105 \u2013 na egzaminy dyplomowe przyje\u017cd\u017caj\u0105 head-hunters z organizacji mi\u0119dzynarodowych i oferuj\u0105 zatrudnienie wybranym absolwentom. Czynnikiem decyduj\u0105cym cz\u0119sto jest liczba opanowanych j\u0119zyk\u00f3w oraz ich kombinacja. Wydzia\u0142 jako jedyny w Hiszpanii, oferuje specjalizacj\u0119 a\u017c w 9 j\u0119zykach obcych.<\/span><\/h3>\n<p><span style=\"font-size: 12pt\">Najwa\u017cniejszym elementem pobytu na UAB by\u0142y zaj\u0119cia ze studentami z dziedziny j\u0119zyka technicznego prowadzone w oparciu o autorskie materia\u0142y. Mgr Bramska prowadzi\u0142a zaj\u0119cia na temat \u201eRepairs and Maintenance\u201d, natomiast mgr \u015aleszy\u0144ska przeprowadzi\u0142a \u201eScience Quiz\u201d i wprowadzi\u0142a student\u00f3w w zawi\u0142o\u015bci s\u0142owotw\u00f3rstwa i wykorzystania tzw. rodzin wyraz\u00f3w w przekszta\u0142ceniach zda\u0144 specjalistycznych. W zaj\u0119ciach uczestniczyli, w roli obserwator\u00f3w, nauczyciele akademiccy z UAB (Anglicy), kt\u00f3rzy nie szcz\u0119dzili pozytywnych s\u0142\u00f3w na temat pracy naszych kole\u017canek. Uczestnicy wszystkich zaj\u0119\u0107, cho\u0107 studiuj\u0105 na wydziale typowo humanistycznym, byli bardzo zainteresowani j\u0119zykiem specjalistycznym ze wzgl\u0119du na zapotrzebowanie na t\u0142umaczenia techniczne na rynku pracy; st\u0105d zaj\u0119cia okaza\u0142y si\u0119 nie tylko interesuj\u0105ce, ale i przydatne.<\/span><\/p>\n<p><span style=\"font-size: 12pt\">&nbsp;Wizyta na Wydziale T\u0142umacze\u0144 na d\u0142ugo zostanie w pami\u0119ci jako bardzo interesuj\u0105ca i rozwijaj\u0105ca dzi\u0119ki nowym do\u015bwiadczeniom w nauczaniu i spotkaniom z kadr\u0105 akademick\u0105 tej uczelni.<\/span><\/p>\n<blockquote><p><span style=\"font-size: 12pt\">\u201eZaj\u0119cia ze studentami UAB pokaza\u0142y, \u017ce umiej\u0119tno\u015b\u0107 przekszta\u0142cania tre\u015bci w j\u0119zyku angielskim jest bardzo istotna \u2013 zapobiega plagiatowi i monotonii w tekstach naukowych i prezentacjach ustnych. Mo\u017ce jednak sprawia\u0107 problemy nawet studentom o wysokich kompetencjach j\u0119zykowych. Wa\u017cnym elementem moich zaj\u0119\u0107 na studiach doktoranckich lub angloj\u0119zycznych studiach magisterskich (w ramach przedmiotu Academic Writing and Communication) sta\u0142o si\u0119 zatem parafrazowanie i s\u0142owotw\u00f3rstwo, co spotyka si\u0119 z du\u017cym zainteresowaniem s\u0142uchaczy.\u201d<\/span><\/p><\/blockquote>\n<p style=\"text-align: right\"><span style=\"font-size: 12pt\">mgr Monika \u015aleszy\u0144ska<\/span><\/p>\n<div id='gallery-1' class='gallery galleryid-5323 gallery-columns-2 gallery-size-full'><figure class='gallery-item'>\n\t\t\t<div class='gallery-icon landscape'>\n\t\t\t\t<a href='https:\/\/pb.edu.pl\/sjo\/wp-content\/uploads\/sites\/9\/2018\/06\/Universitat_Autonoma_de_Barcelona_02.jpg'><img loading=\"lazy\" decoding=\"async\" width=\"1200\" height=\"800\" src=\"https:\/\/pb.edu.pl\/sjo\/wp-content\/uploads\/sites\/9\/2018\/06\/Universitat_Autonoma_de_Barcelona_02.jpg\" class=\"attachment-full size-full\" alt=\"Universitat Autonoma de Barcelona\" srcset=\"https:\/\/pb.edu.pl\/sjo\/wp-content\/uploads\/sites\/9\/2018\/06\/Universitat_Autonoma_de_Barcelona_02.jpg 1200w, https:\/\/pb.edu.pl\/sjo\/wp-content\/uploads\/sites\/9\/2018\/06\/Universitat_Autonoma_de_Barcelona_02-300x200.jpg 300w, https:\/\/pb.edu.pl\/sjo\/wp-content\/uploads\/sites\/9\/2018\/06\/Universitat_Autonoma_de_Barcelona_02-768x512.jpg 768w, https:\/\/pb.edu.pl\/sjo\/wp-content\/uploads\/sites\/9\/2018\/06\/Universitat_Autonoma_de_Barcelona_02-1024x683.jpg 1024w, https:\/\/pb.edu.pl\/sjo\/wp-content\/uploads\/sites\/9\/2018\/06\/Universitat_Autonoma_de_Barcelona_02-480x320.jpg 480w\" sizes=\"auto, (max-width: 1200px) 100vw, 1200px\" \/><\/a>\n\t\t\t<\/div><\/figure><figure class='gallery-item'>\n\t\t\t<div class='gallery-icon landscape'>\n\t\t\t\t<a href='https:\/\/pb.edu.pl\/sjo\/wp-content\/uploads\/sites\/9\/2018\/06\/Universitat_Autonoma_de_Barcelona_03.jpg'><img loading=\"lazy\" decoding=\"async\" width=\"1200\" height=\"800\" src=\"https:\/\/pb.edu.pl\/sjo\/wp-content\/uploads\/sites\/9\/2018\/06\/Universitat_Autonoma_de_Barcelona_03.jpg\" class=\"attachment-full size-full\" alt=\"Universitat Autonoma de Barcelona\" srcset=\"https:\/\/pb.edu.pl\/sjo\/wp-content\/uploads\/sites\/9\/2018\/06\/Universitat_Autonoma_de_Barcelona_03.jpg 1200w, https:\/\/pb.edu.pl\/sjo\/wp-content\/uploads\/sites\/9\/2018\/06\/Universitat_Autonoma_de_Barcelona_03-300x200.jpg 300w, https:\/\/pb.edu.pl\/sjo\/wp-content\/uploads\/sites\/9\/2018\/06\/Universitat_Autonoma_de_Barcelona_03-768x512.jpg 768w, https:\/\/pb.edu.pl\/sjo\/wp-content\/uploads\/sites\/9\/2018\/06\/Universitat_Autonoma_de_Barcelona_03-1024x683.jpg 1024w, https:\/\/pb.edu.pl\/sjo\/wp-content\/uploads\/sites\/9\/2018\/06\/Universitat_Autonoma_de_Barcelona_03-480x320.jpg 480w\" sizes=\"auto, (max-width: 1200px) 100vw, 1200px\" \/><\/a>\n\t\t\t<\/div><\/figure><figure class='gallery-item'>\n\t\t\t<div class='gallery-icon landscape'>\n\t\t\t\t<a href='https:\/\/pb.edu.pl\/sjo\/wp-content\/uploads\/sites\/9\/2018\/06\/Universitat_Autonoma_de_Barcelona_04.jpg'><img loading=\"lazy\" decoding=\"async\" width=\"1200\" height=\"800\" src=\"https:\/\/pb.edu.pl\/sjo\/wp-content\/uploads\/sites\/9\/2018\/06\/Universitat_Autonoma_de_Barcelona_04.jpg\" class=\"attachment-full size-full\" alt=\"Universitat Autonoma de Barcelona\" srcset=\"https:\/\/pb.edu.pl\/sjo\/wp-content\/uploads\/sites\/9\/2018\/06\/Universitat_Autonoma_de_Barcelona_04.jpg 1200w, https:\/\/pb.edu.pl\/sjo\/wp-content\/uploads\/sites\/9\/2018\/06\/Universitat_Autonoma_de_Barcelona_04-300x200.jpg 300w, https:\/\/pb.edu.pl\/sjo\/wp-content\/uploads\/sites\/9\/2018\/06\/Universitat_Autonoma_de_Barcelona_04-768x512.jpg 768w, https:\/\/pb.edu.pl\/sjo\/wp-content\/uploads\/sites\/9\/2018\/06\/Universitat_Autonoma_de_Barcelona_04-1024x683.jpg 1024w, https:\/\/pb.edu.pl\/sjo\/wp-content\/uploads\/sites\/9\/2018\/06\/Universitat_Autonoma_de_Barcelona_04-480x320.jpg 480w\" sizes=\"auto, (max-width: 1200px) 100vw, 1200px\" \/><\/a>\n\t\t\t<\/div><\/figure><figure class='gallery-item'>\n\t\t\t<div class='gallery-icon landscape'>\n\t\t\t\t<a href='https:\/\/pb.edu.pl\/sjo\/wp-content\/uploads\/sites\/9\/2018\/06\/Universitat_Autonoma_de_Barcelona_05.jpg'><img loading=\"lazy\" decoding=\"async\" width=\"1200\" height=\"800\" src=\"https:\/\/pb.edu.pl\/sjo\/wp-content\/uploads\/sites\/9\/2018\/06\/Universitat_Autonoma_de_Barcelona_05.jpg\" class=\"attachment-full size-full\" alt=\"Universitat Autonoma de Barcelona\" srcset=\"https:\/\/pb.edu.pl\/sjo\/wp-content\/uploads\/sites\/9\/2018\/06\/Universitat_Autonoma_de_Barcelona_05.jpg 1200w, https:\/\/pb.edu.pl\/sjo\/wp-content\/uploads\/sites\/9\/2018\/06\/Universitat_Autonoma_de_Barcelona_05-300x200.jpg 300w, https:\/\/pb.edu.pl\/sjo\/wp-content\/uploads\/sites\/9\/2018\/06\/Universitat_Autonoma_de_Barcelona_05-768x512.jpg 768w, https:\/\/pb.edu.pl\/sjo\/wp-content\/uploads\/sites\/9\/2018\/06\/Universitat_Autonoma_de_Barcelona_05-1024x683.jpg 1024w, https:\/\/pb.edu.pl\/sjo\/wp-content\/uploads\/sites\/9\/2018\/06\/Universitat_Autonoma_de_Barcelona_05-480x320.jpg 480w\" sizes=\"auto, (max-width: 1200px) 100vw, 1200px\" \/><\/a>\n\t\t\t<\/div><\/figure><figure class='gallery-item'>\n\t\t\t<div class='gallery-icon landscape'>\n\t\t\t\t<a href='https:\/\/pb.edu.pl\/sjo\/wp-content\/uploads\/sites\/9\/2018\/06\/Universitat_Autonoma_de_Barcelona_08.jpg'><img loading=\"lazy\" decoding=\"async\" width=\"1200\" height=\"799\" src=\"https:\/\/pb.edu.pl\/sjo\/wp-content\/uploads\/sites\/9\/2018\/06\/Universitat_Autonoma_de_Barcelona_08.jpg\" class=\"attachment-full size-full\" alt=\"Universitat Autonoma de Barcelona\" srcset=\"https:\/\/pb.edu.pl\/sjo\/wp-content\/uploads\/sites\/9\/2018\/06\/Universitat_Autonoma_de_Barcelona_08.jpg 1200w, https:\/\/pb.edu.pl\/sjo\/wp-content\/uploads\/sites\/9\/2018\/06\/Universitat_Autonoma_de_Barcelona_08-300x200.jpg 300w, https:\/\/pb.edu.pl\/sjo\/wp-content\/uploads\/sites\/9\/2018\/06\/Universitat_Autonoma_de_Barcelona_08-768x511.jpg 768w, https:\/\/pb.edu.pl\/sjo\/wp-content\/uploads\/sites\/9\/2018\/06\/Universitat_Autonoma_de_Barcelona_08-1024x682.jpg 1024w, https:\/\/pb.edu.pl\/sjo\/wp-content\/uploads\/sites\/9\/2018\/06\/Universitat_Autonoma_de_Barcelona_08-480x320.jpg 480w\" sizes=\"auto, (max-width: 1200px) 100vw, 1200px\" \/><\/a>\n\t\t\t<\/div><\/figure><figure class='gallery-item'>\n\t\t\t<div class='gallery-icon landscape'>\n\t\t\t\t<a href='https:\/\/pb.edu.pl\/sjo\/wp-content\/uploads\/sites\/9\/2018\/06\/Universitat_Autonoma_de_Barcelona_09.jpg'><img loading=\"lazy\" decoding=\"async\" width=\"1200\" height=\"800\" src=\"https:\/\/pb.edu.pl\/sjo\/wp-content\/uploads\/sites\/9\/2018\/06\/Universitat_Autonoma_de_Barcelona_09.jpg\" class=\"attachment-full size-full\" alt=\"Universitat Autonoma de Barcelona\" srcset=\"https:\/\/pb.edu.pl\/sjo\/wp-content\/uploads\/sites\/9\/2018\/06\/Universitat_Autonoma_de_Barcelona_09.jpg 1200w, https:\/\/pb.edu.pl\/sjo\/wp-content\/uploads\/sites\/9\/2018\/06\/Universitat_Autonoma_de_Barcelona_09-300x200.jpg 300w, https:\/\/pb.edu.pl\/sjo\/wp-content\/uploads\/sites\/9\/2018\/06\/Universitat_Autonoma_de_Barcelona_09-768x512.jpg 768w, https:\/\/pb.edu.pl\/sjo\/wp-content\/uploads\/sites\/9\/2018\/06\/Universitat_Autonoma_de_Barcelona_09-1024x683.jpg 1024w, https:\/\/pb.edu.pl\/sjo\/wp-content\/uploads\/sites\/9\/2018\/06\/Universitat_Autonoma_de_Barcelona_09-480x320.jpg 480w\" sizes=\"auto, (max-width: 1200px) 100vw, 1200px\" \/><\/a>\n\t\t\t<\/div><\/figure>\n\t\t<\/div>\n\n","protected":false},"excerpt":{"rendered":"<p>Universitat Aut\u00f2noma de Barcelona, Hiszpania, kwiecie\u0144 2013 Pobyt &nbsp;w Barcelonie mgr Haliny Bramskiej i mgr<\/p>\n","protected":false},"author":6,"featured_media":0,"parent":5020,"menu_order":0,"comment_status":"closed","ping_status":"closed","template":"","meta":{"_acf_changed":false,"ngg_post_thumbnail":0,"footnotes":""},"class_list":["post-5323","page","type-page","status-publish","hentry"],"acf":[],"yoast_head":"<!-- This site is optimized with the Yoast SEO plugin v27.0 - https:\/\/yoast.com\/product\/yoast-seo-wordpress\/ -->\n<title>Universitat Aut\u00f2noma de Barcelona - Studium J\u0119zyk\u00f3w Obcych<\/title>\n<meta name=\"description\" content=\"Universitat Aut\u00f2noma de Barcelona, Hiszpania, kwiecie\u0144 2013 Pobyt &nbsp;w Barcelonie mgr Haliny Bramskiej i mgr Moniki \u015aleszy\u0144skiej rozpocz\u0105\u0142 si\u0119 od\" \/>\n<meta name=\"robots\" content=\"index, follow, max-snippet:-1, max-image-preview:large, max-video-preview:-1\" \/>\n<link rel=\"canonical\" href=\"https:\/\/pb.edu.pl\/sjo\/dla-pracownika\/wspolpraca-z-zagranica\/universitat-autonoma-de-barcelona\/\" \/>\n<meta property=\"og:locale\" content=\"pl_PL\" \/>\n<meta property=\"og:type\" content=\"article\" \/>\n<meta property=\"og:title\" content=\"Universitat Aut\u00f2noma de Barcelona - Studium J\u0119zyk\u00f3w Obcych\" \/>\n<meta property=\"og:description\" content=\"Universitat Aut\u00f2noma de Barcelona, Hiszpania, kwiecie\u0144 2013 Pobyt &nbsp;w Barcelonie mgr Haliny Bramskiej i mgr Moniki \u015aleszy\u0144skiej rozpocz\u0105\u0142 si\u0119 od\" \/>\n<meta property=\"og:url\" content=\"https:\/\/pb.edu.pl\/sjo\/dla-pracownika\/wspolpraca-z-zagranica\/universitat-autonoma-de-barcelona\/\" \/>\n<meta property=\"og:site_name\" content=\"Studium J\u0119zyk\u00f3w Obcych\" \/>\n<meta property=\"article:modified_time\" content=\"2018-06-06T08:34:28+00:00\" \/>\n<meta property=\"og:image\" content=\"https:\/\/pb.edu.pl\/sjo\/wp-content\/uploads\/sites\/9\/2018\/06\/Universitat_Autonoma_de_Barcelona_02.jpg\" \/>\n<meta name=\"twitter:label1\" content=\"Szacowany czas czytania\" \/>\n\t<meta name=\"twitter:data1\" content=\"2 minuty\" \/>\n<script type=\"application\/ld+json\" class=\"yoast-schema-graph\">{\"@context\":\"https:\/\/schema.org\",\"@graph\":[{\"@type\":\"WebPage\",\"@id\":\"https:\/\/pb.edu.pl\/sjo\/dla-pracownika\/wspolpraca-z-zagranica\/universitat-autonoma-de-barcelona\/\",\"url\":\"https:\/\/pb.edu.pl\/sjo\/dla-pracownika\/wspolpraca-z-zagranica\/universitat-autonoma-de-barcelona\/\",\"name\":\"Universitat Aut\u00f2noma de Barcelona - Studium J\u0119zyk\u00f3w Obcych\",\"isPartOf\":{\"@id\":\"https:\/\/pb.edu.pl\/sjo\/#website\"},\"datePublished\":\"2018-06-04T21:52:04+00:00\",\"dateModified\":\"2018-06-06T08:34:28+00:00\",\"description\":\"Universitat Aut\u00f2noma de Barcelona, Hiszpania, kwiecie\u0144 2013 Pobyt &nbsp;w Barcelonie mgr Haliny Bramskiej i mgr Moniki \u015aleszy\u0144skiej rozpocz\u0105\u0142 si\u0119 od\",\"breadcrumb\":{\"@id\":\"https:\/\/pb.edu.pl\/sjo\/dla-pracownika\/wspolpraca-z-zagranica\/universitat-autonoma-de-barcelona\/#breadcrumb\"},\"inLanguage\":\"pl-PL\",\"potentialAction\":[{\"@type\":\"ReadAction\",\"target\":[\"https:\/\/pb.edu.pl\/sjo\/dla-pracownika\/wspolpraca-z-zagranica\/universitat-autonoma-de-barcelona\/\"]}]},{\"@type\":\"BreadcrumbList\",\"@id\":\"https:\/\/pb.edu.pl\/sjo\/dla-pracownika\/wspolpraca-z-zagranica\/universitat-autonoma-de-barcelona\/#breadcrumb\",\"itemListElement\":[{\"@type\":\"ListItem\",\"position\":1,\"name\":\"Home\",\"item\":\"https:\/\/pb.edu.pl\/sjo\/\"},{\"@type\":\"ListItem\",\"position\":2,\"name\":\"Pracuj\u0119 w PB\",\"item\":\"https:\/\/pb.edu.pl\/sjo\/dla-pracownika\/\"},{\"@type\":\"ListItem\",\"position\":3,\"name\":\"Wsp\u00f3\u0142praca z zagranic\u0105\",\"item\":\"https:\/\/pb.edu.pl\/sjo\/dla-pracownika\/wspolpraca-z-zagranica\/\"},{\"@type\":\"ListItem\",\"position\":4,\"name\":\"Universitat Aut\u00f2noma de Barcelona\"}]},{\"@type\":\"WebSite\",\"@id\":\"https:\/\/pb.edu.pl\/sjo\/#website\",\"url\":\"https:\/\/pb.edu.pl\/sjo\/\",\"name\":\"Studium J\u0119zyk\u00f3w Obcych\",\"description\":\"\",\"potentialAction\":[{\"@type\":\"SearchAction\",\"target\":{\"@type\":\"EntryPoint\",\"urlTemplate\":\"https:\/\/pb.edu.pl\/sjo\/?s={search_term_string}\"},\"query-input\":{\"@type\":\"PropertyValueSpecification\",\"valueRequired\":true,\"valueName\":\"search_term_string\"}}],\"inLanguage\":\"pl-PL\"}]}<\/script>\n<!-- \/ Yoast SEO plugin. -->","yoast_head_json":{"title":"Universitat Aut\u00f2noma de Barcelona - Studium J\u0119zyk\u00f3w Obcych","description":"Universitat Aut\u00f2noma de Barcelona, Hiszpania, kwiecie\u0144 2013 Pobyt &nbsp;w Barcelonie mgr Haliny Bramskiej i mgr Moniki \u015aleszy\u0144skiej rozpocz\u0105\u0142 si\u0119 od","robots":{"index":"index","follow":"follow","max-snippet":"max-snippet:-1","max-image-preview":"max-image-preview:large","max-video-preview":"max-video-preview:-1"},"canonical":"https:\/\/pb.edu.pl\/sjo\/dla-pracownika\/wspolpraca-z-zagranica\/universitat-autonoma-de-barcelona\/","og_locale":"pl_PL","og_type":"article","og_title":"Universitat Aut\u00f2noma de Barcelona - Studium J\u0119zyk\u00f3w Obcych","og_description":"Universitat Aut\u00f2noma de Barcelona, Hiszpania, kwiecie\u0144 2013 Pobyt &nbsp;w Barcelonie mgr Haliny Bramskiej i mgr Moniki \u015aleszy\u0144skiej rozpocz\u0105\u0142 si\u0119 od","og_url":"https:\/\/pb.edu.pl\/sjo\/dla-pracownika\/wspolpraca-z-zagranica\/universitat-autonoma-de-barcelona\/","og_site_name":"Studium J\u0119zyk\u00f3w Obcych","article_modified_time":"2018-06-06T08:34:28+00:00","og_image":[{"url":"https:\/\/pb.edu.pl\/sjo\/wp-content\/uploads\/sites\/9\/2018\/06\/Universitat_Autonoma_de_Barcelona_02.jpg","type":"","width":"","height":""}],"twitter_misc":{"Szacowany czas czytania":"2 minuty"},"schema":{"@context":"https:\/\/schema.org","@graph":[{"@type":"WebPage","@id":"https:\/\/pb.edu.pl\/sjo\/dla-pracownika\/wspolpraca-z-zagranica\/universitat-autonoma-de-barcelona\/","url":"https:\/\/pb.edu.pl\/sjo\/dla-pracownika\/wspolpraca-z-zagranica\/universitat-autonoma-de-barcelona\/","name":"Universitat Aut\u00f2noma de Barcelona - Studium J\u0119zyk\u00f3w Obcych","isPartOf":{"@id":"https:\/\/pb.edu.pl\/sjo\/#website"},"datePublished":"2018-06-04T21:52:04+00:00","dateModified":"2018-06-06T08:34:28+00:00","description":"Universitat Aut\u00f2noma de Barcelona, Hiszpania, kwiecie\u0144 2013 Pobyt &nbsp;w Barcelonie mgr Haliny Bramskiej i mgr Moniki \u015aleszy\u0144skiej rozpocz\u0105\u0142 si\u0119 od","breadcrumb":{"@id":"https:\/\/pb.edu.pl\/sjo\/dla-pracownika\/wspolpraca-z-zagranica\/universitat-autonoma-de-barcelona\/#breadcrumb"},"inLanguage":"pl-PL","potentialAction":[{"@type":"ReadAction","target":["https:\/\/pb.edu.pl\/sjo\/dla-pracownika\/wspolpraca-z-zagranica\/universitat-autonoma-de-barcelona\/"]}]},{"@type":"BreadcrumbList","@id":"https:\/\/pb.edu.pl\/sjo\/dla-pracownika\/wspolpraca-z-zagranica\/universitat-autonoma-de-barcelona\/#breadcrumb","itemListElement":[{"@type":"ListItem","position":1,"name":"Home","item":"https:\/\/pb.edu.pl\/sjo\/"},{"@type":"ListItem","position":2,"name":"Pracuj\u0119 w PB","item":"https:\/\/pb.edu.pl\/sjo\/dla-pracownika\/"},{"@type":"ListItem","position":3,"name":"Wsp\u00f3\u0142praca z zagranic\u0105","item":"https:\/\/pb.edu.pl\/sjo\/dla-pracownika\/wspolpraca-z-zagranica\/"},{"@type":"ListItem","position":4,"name":"Universitat Aut\u00f2noma de Barcelona"}]},{"@type":"WebSite","@id":"https:\/\/pb.edu.pl\/sjo\/#website","url":"https:\/\/pb.edu.pl\/sjo\/","name":"Studium J\u0119zyk\u00f3w Obcych","description":"","potentialAction":[{"@type":"SearchAction","target":{"@type":"EntryPoint","urlTemplate":"https:\/\/pb.edu.pl\/sjo\/?s={search_term_string}"},"query-input":{"@type":"PropertyValueSpecification","valueRequired":true,"valueName":"search_term_string"}}],"inLanguage":"pl-PL"}]}},"_links":{"self":[{"href":"https:\/\/pb.edu.pl\/sjo\/wp-json\/wp\/v2\/pages\/5323","targetHints":{"allow":["GET"]}}],"collection":[{"href":"https:\/\/pb.edu.pl\/sjo\/wp-json\/wp\/v2\/pages"}],"about":[{"href":"https:\/\/pb.edu.pl\/sjo\/wp-json\/wp\/v2\/types\/page"}],"author":[{"embeddable":true,"href":"https:\/\/pb.edu.pl\/sjo\/wp-json\/wp\/v2\/users\/6"}],"replies":[{"embeddable":true,"href":"https:\/\/pb.edu.pl\/sjo\/wp-json\/wp\/v2\/comments?post=5323"}],"version-history":[{"count":0,"href":"https:\/\/pb.edu.pl\/sjo\/wp-json\/wp\/v2\/pages\/5323\/revisions"}],"up":[{"embeddable":true,"href":"https:\/\/pb.edu.pl\/sjo\/wp-json\/wp\/v2\/pages\/5020"}],"wp:attachment":[{"href":"https:\/\/pb.edu.pl\/sjo\/wp-json\/wp\/v2\/media?parent=5323"}],"curies":[{"name":"wp","href":"https:\/\/api.w.org\/{rel}","templated":true}]}}