{"id":5289,"date":"2018-06-04T19:50:04","date_gmt":"2018-06-04T17:50:04","guid":{"rendered":"https:\/\/pb.edu.pl\/sjo\/?page_id=5289"},"modified":"2018-06-05T00:00:03","modified_gmt":"2018-06-04T22:00:03","slug":"wolverhampton","status":"publish","type":"page","link":"https:\/\/pb.edu.pl\/sjo\/dla-pracownika\/wspolpraca-z-zagranica\/wolverhampton\/","title":{"rendered":"Uniwersytet w Wolverhampton"},"content":{"rendered":"<p><span style=\"font-size: 12pt\">W dniach <strong>12-16 czerwca 2017<\/strong> roku <strong>mgr Monika \u015aleszy\u0144ska<\/strong> by\u0142a go\u015bciem <strong>International Academy Uniwersytetu w Wolverhampton<\/strong>. Jednostka (akredytacja British Council) prowadzi wiele dzia\u0142a\u0144 wspomagaj\u0105cych zagranicznych student\u00f3w pragn\u0105cych studiowa\u0107 w Wolverhampton. Nale\u017c\u0105 do nich tzw. pre-sessional courses (przygotowuj\u0105ce do studi\u00f3w&nbsp;zar\u00f3wno licencjackich jak i magisterskich, trwaj\u0105ce kilka miesi\u0119cy), wakacyjne tzw. summer courses (trwaj\u0105ce 1-5 tygodni otwarte dla wszystkich zainteresowanych powy\u017cej 18 roku \u017cycia) oraz foundation year (przeznaczony dla os\u00f3b, kt\u00f3rych umiej\u0119tno\u015bci j\u0119zykowe nie pozwalaj\u0105 na rozpocz\u0119cie regularnych studi\u00f3w i trwaj\u0105ce rok). Szko\u0142a prowadzi te\u017c zaj\u0119cia j\u0119zykowe w ramach lektoratu j\u0119zyka angielskiego. Co ciekawe uniwersytet ma w swojej ofercie j\u0119zyk polski (jest to tzw. non-acredited course, podobnie jak j\u0119zyk japo\u0144ski, katalo\u0144ski czy brytyjski j\u0119zyk migowy, a wi\u0119c dodatkowo p\u0142atny). Podczas swojego pobytu mgr \u015aleszy\u0144ska przedstawi\u0142a prezentacj\u0119 dotycz\u0105c\u0105 j\u0119zyka akademickiego oraz kr\u00f3tki warsztat por\u00f3wnuj\u0105cy j\u0119zyk angielski, polski i chi\u0144ski dla student\u00f3w z Afryki i Chin. Obserwowa\u0142a zaj\u0119cia zwi\u0105zane z wykorzystaniem internetu (o tzw. virtual learning environment) do pracy naukowej oraz typowe zaj\u0119cia j\u0119zykowe (w oparciu o podr\u0119cznik znany wszystkim pracownikom SJO PB \u2013 Language Leader). Mgr \u015aleszy\u0144ska wys\u0142ucha\u0142a prezentacji student\u00f3w na temat VLE i oceni\u0142a ich struktur\u0119 oraz poprawno\u015b\u0107 j\u0119zykow\u0105. A swoim angielskim kolegom przedstawi\u0142a materia\u0142y, kt\u00f3re realizuje na zaj\u0119ciach z j\u0119zyka akademickiego dla doktorant\u00f3w PB, skrypt w\u0142asnego autorstwa (\u201eGet Ready for B2\u201d) oraz tematyk\u0119 poruszan\u0105 w ramach kursu \u201ePlain Academic English at Work\u201d. Rozmowa zaowocowa\u0142a nie tylko wymian\u0105 informacji, ale r\u00f3wnie\u017c ksi\u0105\u017cek. Biblioteczka studium wzbogaci\u0142a si\u0119 o ciekawe pozycje dotycz\u0105c\u0105 budowy zdania w j\u0119zyku angielskim, kwestii, kt\u00f3ra cz\u0119sto sprawia problemy nawet bardziej zaawansowanym studentom.<\/span><\/p>\n<p><span style=\"font-size: 12pt\">Opr\u00f3cz International Academy mgr \u015aleszy\u0144ska odwiedzi\u0142a g\u0142\u00f3wny kampus uniwersytecki (uczelnia ma 3 kampusy \u015bwietnie skomunikowane bezp\u0142atnymi autobusami). Uniwersytet w Wolvethampton powsta\u0142 w 1992 r. i budynki spe\u0142niaj\u0105 najwy\u017csze standardy XXI wieku. Dominique Nield z biura wsp\u00f3\u0142pracy mi\u0119dzynarodowej wyrazi\u0142a du\u017ce zainteresowanie wsp\u00f3lnymi dzia\u0142aniami. Okaza\u0142o si\u0119, \u017ce pracownicy akademii nigdy nie korzystali z programu Erasmus+, a wizyta pokaza\u0142a, jakie mo\u017cliwo\u015bci dzia\u0142ania i rozwoju ich jednostki daje wsp\u00f3\u0142praca z SJO PB. Mo\u017cna \u015bmia\u0142o przyzna\u0107, \u017ce by\u0142 to najbardziej owocny wyjazd w ramach programu Erasmus+ &#8211; zar\u00f3wno przynosz\u0105cy indywidualne korzy\u015bci (pog\u0142\u0119bianie umiej\u0119tno\u015bci j\u0119zykowych, wzbogacenie w\u0142asnych zasob\u00f3w ksi\u0105\u017ckowych o pozycje dotycz\u0105ce j\u0119zykoznawstwa i soft skills) jak i dalsz\u0105 wsp\u00f3\u0142prac\u0119.<\/span><\/p>\n<blockquote><p><span style=\"font-size: 12pt\">\u201eWsp\u00f3\u0142praca z International Academy, zapocz\u0105tkowana wyjazdem w ramach programu Erasmus+, mo\u017ce wkr\u00f3tce okaza\u0107 si\u0119 bardzo intensywna. Dzi\u0119ki finansowaniu kurs\u00f3w j\u0119zykowych w Wielkiej Brytanii w ramach projektu PB220 \u2013 Zintegrowany Program Politechniki Bia\u0142ostockiej pracownicy naukowo-dydaktyczni, dydaktyczni i administracyjni PB mog\u0105 podnie\u015b\u0107 swoje kompetencje j\u0119zykowe nie tylko w inspiruj\u0105cym miejscu (Wolverhampton i okolica to teren rewolucji przemys\u0142owej z XVIII wieku i kilkunastu cennych instytucji wpisanych na list\u0119 dziedzictwa kulturowego UNESCO), ale i w\u015br\u00f3d specjalist\u00f3w ze swojej bran\u017cy. Politechnika Bia\u0142ostocka (WBiI\u015a i WI) ma podpisan\u0105 umow\u0119 z Uniwersytetem w Wolverhampton, dzi\u0119ki czemu kursy j\u0119zykowe w International Academy mog\u0105 okaza\u0107 si\u0119 lepsz\u0105 alternatyw\u0105 ni\u017c te prowadzone w typowych angielskich szko\u0142ach j\u0119zykowych.\u201d<\/span><\/p><\/blockquote>\n<p style=\"text-align: right\"><span style=\"font-size: 12pt\">mgr Monika \u015aleszy\u0144ska<\/span><\/p>\n<div id='gallery-1' class='gallery galleryid-5289 gallery-columns-2 gallery-size-full'><figure class='gallery-item'>\n\t\t\t<div class='gallery-icon landscape'>\n\t\t\t\t<a href='https:\/\/pb.edu.pl\/sjo\/wp-content\/uploads\/sites\/9\/2018\/06\/Wolverhampton_1.jpg'><img loading=\"lazy\" decoding=\"async\" width=\"798\" height=\"532\" src=\"https:\/\/pb.edu.pl\/sjo\/wp-content\/uploads\/sites\/9\/2018\/06\/Wolverhampton_1.jpg\" class=\"attachment-full size-full\" alt=\"\" srcset=\"https:\/\/pb.edu.pl\/sjo\/wp-content\/uploads\/sites\/9\/2018\/06\/Wolverhampton_1.jpg 798w, https:\/\/pb.edu.pl\/sjo\/wp-content\/uploads\/sites\/9\/2018\/06\/Wolverhampton_1-300x200.jpg 300w, https:\/\/pb.edu.pl\/sjo\/wp-content\/uploads\/sites\/9\/2018\/06\/Wolverhampton_1-768x512.jpg 768w, https:\/\/pb.edu.pl\/sjo\/wp-content\/uploads\/sites\/9\/2018\/06\/Wolverhampton_1-480x320.jpg 480w\" sizes=\"auto, (max-width: 798px) 100vw, 798px\" \/><\/a>\n\t\t\t<\/div><\/figure><figure class='gallery-item'>\n\t\t\t<div class='gallery-icon landscape'>\n\t\t\t\t<a href='https:\/\/pb.edu.pl\/sjo\/wp-content\/uploads\/sites\/9\/2018\/06\/Wolverhampton_2.jpg'><img loading=\"lazy\" decoding=\"async\" width=\"796\" height=\"531\" src=\"https:\/\/pb.edu.pl\/sjo\/wp-content\/uploads\/sites\/9\/2018\/06\/Wolverhampton_2.jpg\" class=\"attachment-full size-full\" alt=\"\" srcset=\"https:\/\/pb.edu.pl\/sjo\/wp-content\/uploads\/sites\/9\/2018\/06\/Wolverhampton_2.jpg 796w, https:\/\/pb.edu.pl\/sjo\/wp-content\/uploads\/sites\/9\/2018\/06\/Wolverhampton_2-300x200.jpg 300w, https:\/\/pb.edu.pl\/sjo\/wp-content\/uploads\/sites\/9\/2018\/06\/Wolverhampton_2-768x512.jpg 768w, https:\/\/pb.edu.pl\/sjo\/wp-content\/uploads\/sites\/9\/2018\/06\/Wolverhampton_2-480x320.jpg 480w\" sizes=\"auto, (max-width: 796px) 100vw, 796px\" \/><\/a>\n\t\t\t<\/div><\/figure><figure class='gallery-item'>\n\t\t\t<div class='gallery-icon landscape'>\n\t\t\t\t<a href='https:\/\/pb.edu.pl\/sjo\/wp-content\/uploads\/sites\/9\/2018\/06\/Wolverhampton_4.jpg'><img loading=\"lazy\" decoding=\"async\" width=\"705\" height=\"470\" src=\"https:\/\/pb.edu.pl\/sjo\/wp-content\/uploads\/sites\/9\/2018\/06\/Wolverhampton_4.jpg\" class=\"attachment-full size-full\" alt=\"\" srcset=\"https:\/\/pb.edu.pl\/sjo\/wp-content\/uploads\/sites\/9\/2018\/06\/Wolverhampton_4.jpg 705w, https:\/\/pb.edu.pl\/sjo\/wp-content\/uploads\/sites\/9\/2018\/06\/Wolverhampton_4-300x200.jpg 300w, https:\/\/pb.edu.pl\/sjo\/wp-content\/uploads\/sites\/9\/2018\/06\/Wolverhampton_4-480x320.jpg 480w\" sizes=\"auto, (max-width: 705px) 100vw, 705px\" \/><\/a>\n\t\t\t<\/div><\/figure><figure class='gallery-item'>\n\t\t\t<div class='gallery-icon landscape'>\n\t\t\t\t<a href='https:\/\/pb.edu.pl\/sjo\/wp-content\/uploads\/sites\/9\/2018\/06\/Wolverhampton_3.jpg'><img loading=\"lazy\" decoding=\"async\" width=\"705\" height=\"470\" src=\"https:\/\/pb.edu.pl\/sjo\/wp-content\/uploads\/sites\/9\/2018\/06\/Wolverhampton_3.jpg\" class=\"attachment-full size-full\" alt=\"\" srcset=\"https:\/\/pb.edu.pl\/sjo\/wp-content\/uploads\/sites\/9\/2018\/06\/Wolverhampton_3.jpg 705w, https:\/\/pb.edu.pl\/sjo\/wp-content\/uploads\/sites\/9\/2018\/06\/Wolverhampton_3-300x200.jpg 300w, https:\/\/pb.edu.pl\/sjo\/wp-content\/uploads\/sites\/9\/2018\/06\/Wolverhampton_3-480x320.jpg 480w\" sizes=\"auto, (max-width: 705px) 100vw, 705px\" \/><\/a>\n\t\t\t<\/div><\/figure><figure class='gallery-item'>\n\t\t\t<div class='gallery-icon landscape'>\n\t\t\t\t<a href='https:\/\/pb.edu.pl\/sjo\/wp-content\/uploads\/sites\/9\/2018\/06\/Wolverhampton_5.jpg'><img loading=\"lazy\" decoding=\"async\" width=\"710\" height=\"473\" src=\"https:\/\/pb.edu.pl\/sjo\/wp-content\/uploads\/sites\/9\/2018\/06\/Wolverhampton_5.jpg\" class=\"attachment-full size-full\" alt=\"\" srcset=\"https:\/\/pb.edu.pl\/sjo\/wp-content\/uploads\/sites\/9\/2018\/06\/Wolverhampton_5.jpg 710w, https:\/\/pb.edu.pl\/sjo\/wp-content\/uploads\/sites\/9\/2018\/06\/Wolverhampton_5-300x200.jpg 300w, https:\/\/pb.edu.pl\/sjo\/wp-content\/uploads\/sites\/9\/2018\/06\/Wolverhampton_5-480x320.jpg 480w\" sizes=\"auto, (max-width: 710px) 100vw, 710px\" \/><\/a>\n\t\t\t<\/div><\/figure><figure class='gallery-item'>\n\t\t\t<div class='gallery-icon landscape'>\n\t\t\t\t<a href='https:\/\/pb.edu.pl\/sjo\/wp-content\/uploads\/sites\/9\/2018\/06\/Wolverhampton_6.jpg'><img loading=\"lazy\" decoding=\"async\" width=\"795\" height=\"530\" src=\"https:\/\/pb.edu.pl\/sjo\/wp-content\/uploads\/sites\/9\/2018\/06\/Wolverhampton_6.jpg\" class=\"attachment-full size-full\" alt=\"\" srcset=\"https:\/\/pb.edu.pl\/sjo\/wp-content\/uploads\/sites\/9\/2018\/06\/Wolverhampton_6.jpg 795w, https:\/\/pb.edu.pl\/sjo\/wp-content\/uploads\/sites\/9\/2018\/06\/Wolverhampton_6-300x200.jpg 300w, https:\/\/pb.edu.pl\/sjo\/wp-content\/uploads\/sites\/9\/2018\/06\/Wolverhampton_6-768x512.jpg 768w, https:\/\/pb.edu.pl\/sjo\/wp-content\/uploads\/sites\/9\/2018\/06\/Wolverhampton_6-480x320.jpg 480w\" sizes=\"auto, (max-width: 795px) 100vw, 795px\" \/><\/a>\n\t\t\t<\/div><\/figure>\n\t\t<\/div>\n\n","protected":false},"excerpt":{"rendered":"<p>W dniach 12-16 czerwca 2017 roku mgr Monika \u015aleszy\u0144ska by\u0142a go\u015bciem International Academy Uniwersytetu w<\/p>\n","protected":false},"author":6,"featured_media":0,"parent":5020,"menu_order":0,"comment_status":"closed","ping_status":"closed","template":"","meta":{"_acf_changed":false,"ngg_post_thumbnail":0,"footnotes":""},"class_list":["post-5289","page","type-page","status-publish","hentry"],"acf":[],"yoast_head":"<!-- This site is optimized with the Yoast SEO plugin v27.0 - https:\/\/yoast.com\/product\/yoast-seo-wordpress\/ -->\n<title>Uniwersytet w Wolverhampton - Studium J\u0119zyk\u00f3w Obcych<\/title>\n<meta name=\"description\" content=\"W dniach 12-16 czerwca 2017 roku mgr Monika \u015aleszy\u0144ska by\u0142a go\u015bciem International Academy Uniwersytetu w Wolverhampton. Jednostka (akredytacja British\" \/>\n<meta name=\"robots\" content=\"index, follow, max-snippet:-1, max-image-preview:large, max-video-preview:-1\" \/>\n<link rel=\"canonical\" href=\"https:\/\/pb.edu.pl\/sjo\/dla-pracownika\/wspolpraca-z-zagranica\/wolverhampton\/\" \/>\n<meta property=\"og:locale\" content=\"pl_PL\" \/>\n<meta property=\"og:type\" content=\"article\" \/>\n<meta property=\"og:title\" content=\"Uniwersytet w Wolverhampton - Studium J\u0119zyk\u00f3w Obcych\" \/>\n<meta property=\"og:description\" content=\"W dniach 12-16 czerwca 2017 roku mgr Monika \u015aleszy\u0144ska by\u0142a go\u015bciem International Academy Uniwersytetu w Wolverhampton. Jednostka (akredytacja British\" \/>\n<meta property=\"og:url\" content=\"https:\/\/pb.edu.pl\/sjo\/dla-pracownika\/wspolpraca-z-zagranica\/wolverhampton\/\" \/>\n<meta property=\"og:site_name\" content=\"Studium J\u0119zyk\u00f3w Obcych\" \/>\n<meta property=\"article:modified_time\" content=\"2018-06-04T22:00:03+00:00\" \/>\n<meta property=\"og:image\" content=\"https:\/\/pb.edu.pl\/sjo\/wp-content\/uploads\/sites\/9\/2018\/06\/Wolverhampton_1.jpg\" \/>\n<meta name=\"twitter:label1\" content=\"Szacowany czas czytania\" \/>\n\t<meta name=\"twitter:data1\" content=\"3 minuty\" \/>\n<script type=\"application\/ld+json\" class=\"yoast-schema-graph\">{\"@context\":\"https:\/\/schema.org\",\"@graph\":[{\"@type\":\"WebPage\",\"@id\":\"https:\/\/pb.edu.pl\/sjo\/dla-pracownika\/wspolpraca-z-zagranica\/wolverhampton\/\",\"url\":\"https:\/\/pb.edu.pl\/sjo\/dla-pracownika\/wspolpraca-z-zagranica\/wolverhampton\/\",\"name\":\"Uniwersytet w Wolverhampton - Studium J\u0119zyk\u00f3w Obcych\",\"isPartOf\":{\"@id\":\"https:\/\/pb.edu.pl\/sjo\/#website\"},\"datePublished\":\"2018-06-04T17:50:04+00:00\",\"dateModified\":\"2018-06-04T22:00:03+00:00\",\"description\":\"W dniach 12-16 czerwca 2017 roku mgr Monika \u015aleszy\u0144ska by\u0142a go\u015bciem International Academy Uniwersytetu w Wolverhampton. Jednostka (akredytacja British\",\"breadcrumb\":{\"@id\":\"https:\/\/pb.edu.pl\/sjo\/dla-pracownika\/wspolpraca-z-zagranica\/wolverhampton\/#breadcrumb\"},\"inLanguage\":\"pl-PL\",\"potentialAction\":[{\"@type\":\"ReadAction\",\"target\":[\"https:\/\/pb.edu.pl\/sjo\/dla-pracownika\/wspolpraca-z-zagranica\/wolverhampton\/\"]}]},{\"@type\":\"BreadcrumbList\",\"@id\":\"https:\/\/pb.edu.pl\/sjo\/dla-pracownika\/wspolpraca-z-zagranica\/wolverhampton\/#breadcrumb\",\"itemListElement\":[{\"@type\":\"ListItem\",\"position\":1,\"name\":\"Home\",\"item\":\"https:\/\/pb.edu.pl\/sjo\/\"},{\"@type\":\"ListItem\",\"position\":2,\"name\":\"Pracuj\u0119 w PB\",\"item\":\"https:\/\/pb.edu.pl\/sjo\/dla-pracownika\/\"},{\"@type\":\"ListItem\",\"position\":3,\"name\":\"Wsp\u00f3\u0142praca z zagranic\u0105\",\"item\":\"https:\/\/pb.edu.pl\/sjo\/dla-pracownika\/wspolpraca-z-zagranica\/\"},{\"@type\":\"ListItem\",\"position\":4,\"name\":\"Uniwersytet w Wolverhampton\"}]},{\"@type\":\"WebSite\",\"@id\":\"https:\/\/pb.edu.pl\/sjo\/#website\",\"url\":\"https:\/\/pb.edu.pl\/sjo\/\",\"name\":\"Studium J\u0119zyk\u00f3w Obcych\",\"description\":\"\",\"potentialAction\":[{\"@type\":\"SearchAction\",\"target\":{\"@type\":\"EntryPoint\",\"urlTemplate\":\"https:\/\/pb.edu.pl\/sjo\/?s={search_term_string}\"},\"query-input\":{\"@type\":\"PropertyValueSpecification\",\"valueRequired\":true,\"valueName\":\"search_term_string\"}}],\"inLanguage\":\"pl-PL\"}]}<\/script>\n<!-- \/ Yoast SEO plugin. -->","yoast_head_json":{"title":"Uniwersytet w Wolverhampton - Studium J\u0119zyk\u00f3w Obcych","description":"W dniach 12-16 czerwca 2017 roku mgr Monika \u015aleszy\u0144ska by\u0142a go\u015bciem International Academy Uniwersytetu w Wolverhampton. Jednostka (akredytacja British","robots":{"index":"index","follow":"follow","max-snippet":"max-snippet:-1","max-image-preview":"max-image-preview:large","max-video-preview":"max-video-preview:-1"},"canonical":"https:\/\/pb.edu.pl\/sjo\/dla-pracownika\/wspolpraca-z-zagranica\/wolverhampton\/","og_locale":"pl_PL","og_type":"article","og_title":"Uniwersytet w Wolverhampton - Studium J\u0119zyk\u00f3w Obcych","og_description":"W dniach 12-16 czerwca 2017 roku mgr Monika \u015aleszy\u0144ska by\u0142a go\u015bciem International Academy Uniwersytetu w Wolverhampton. Jednostka (akredytacja British","og_url":"https:\/\/pb.edu.pl\/sjo\/dla-pracownika\/wspolpraca-z-zagranica\/wolverhampton\/","og_site_name":"Studium J\u0119zyk\u00f3w Obcych","article_modified_time":"2018-06-04T22:00:03+00:00","og_image":[{"url":"https:\/\/pb.edu.pl\/sjo\/wp-content\/uploads\/sites\/9\/2018\/06\/Wolverhampton_1.jpg","type":"","width":"","height":""}],"twitter_misc":{"Szacowany czas czytania":"3 minuty"},"schema":{"@context":"https:\/\/schema.org","@graph":[{"@type":"WebPage","@id":"https:\/\/pb.edu.pl\/sjo\/dla-pracownika\/wspolpraca-z-zagranica\/wolverhampton\/","url":"https:\/\/pb.edu.pl\/sjo\/dla-pracownika\/wspolpraca-z-zagranica\/wolverhampton\/","name":"Uniwersytet w Wolverhampton - Studium J\u0119zyk\u00f3w Obcych","isPartOf":{"@id":"https:\/\/pb.edu.pl\/sjo\/#website"},"datePublished":"2018-06-04T17:50:04+00:00","dateModified":"2018-06-04T22:00:03+00:00","description":"W dniach 12-16 czerwca 2017 roku mgr Monika \u015aleszy\u0144ska by\u0142a go\u015bciem International Academy Uniwersytetu w Wolverhampton. Jednostka (akredytacja British","breadcrumb":{"@id":"https:\/\/pb.edu.pl\/sjo\/dla-pracownika\/wspolpraca-z-zagranica\/wolverhampton\/#breadcrumb"},"inLanguage":"pl-PL","potentialAction":[{"@type":"ReadAction","target":["https:\/\/pb.edu.pl\/sjo\/dla-pracownika\/wspolpraca-z-zagranica\/wolverhampton\/"]}]},{"@type":"BreadcrumbList","@id":"https:\/\/pb.edu.pl\/sjo\/dla-pracownika\/wspolpraca-z-zagranica\/wolverhampton\/#breadcrumb","itemListElement":[{"@type":"ListItem","position":1,"name":"Home","item":"https:\/\/pb.edu.pl\/sjo\/"},{"@type":"ListItem","position":2,"name":"Pracuj\u0119 w PB","item":"https:\/\/pb.edu.pl\/sjo\/dla-pracownika\/"},{"@type":"ListItem","position":3,"name":"Wsp\u00f3\u0142praca z zagranic\u0105","item":"https:\/\/pb.edu.pl\/sjo\/dla-pracownika\/wspolpraca-z-zagranica\/"},{"@type":"ListItem","position":4,"name":"Uniwersytet w Wolverhampton"}]},{"@type":"WebSite","@id":"https:\/\/pb.edu.pl\/sjo\/#website","url":"https:\/\/pb.edu.pl\/sjo\/","name":"Studium J\u0119zyk\u00f3w Obcych","description":"","potentialAction":[{"@type":"SearchAction","target":{"@type":"EntryPoint","urlTemplate":"https:\/\/pb.edu.pl\/sjo\/?s={search_term_string}"},"query-input":{"@type":"PropertyValueSpecification","valueRequired":true,"valueName":"search_term_string"}}],"inLanguage":"pl-PL"}]}},"_links":{"self":[{"href":"https:\/\/pb.edu.pl\/sjo\/wp-json\/wp\/v2\/pages\/5289","targetHints":{"allow":["GET"]}}],"collection":[{"href":"https:\/\/pb.edu.pl\/sjo\/wp-json\/wp\/v2\/pages"}],"about":[{"href":"https:\/\/pb.edu.pl\/sjo\/wp-json\/wp\/v2\/types\/page"}],"author":[{"embeddable":true,"href":"https:\/\/pb.edu.pl\/sjo\/wp-json\/wp\/v2\/users\/6"}],"replies":[{"embeddable":true,"href":"https:\/\/pb.edu.pl\/sjo\/wp-json\/wp\/v2\/comments?post=5289"}],"version-history":[{"count":0,"href":"https:\/\/pb.edu.pl\/sjo\/wp-json\/wp\/v2\/pages\/5289\/revisions"}],"up":[{"embeddable":true,"href":"https:\/\/pb.edu.pl\/sjo\/wp-json\/wp\/v2\/pages\/5020"}],"wp:attachment":[{"href":"https:\/\/pb.edu.pl\/sjo\/wp-json\/wp\/v2\/media?parent=5289"}],"curies":[{"name":"wp","href":"https:\/\/api.w.org\/{rel}","templated":true}]}}