{"id":526,"date":"2017-11-28T17:27:01","date_gmt":"2017-11-28T16:27:01","guid":{"rendered":"https:\/\/pb.edu.pl\/sjo\/?page_id=526"},"modified":"2023-11-28T10:48:50","modified_gmt":"2023-11-28T09:48:50","slug":"konferencja-2014","status":"publish","type":"page","link":"https:\/\/pb.edu.pl\/sjo\/wydarzenia-sjo\/wydarzenia-archiwum\/konferencja-2014\/","title":{"rendered":"Konferencja 2014"},"content":{"rendered":"<p>W dniach 30, 31 maja 2014 roku odby\u0142a si\u0119 konferencja na temat:<\/p>\n<p><strong>Internacjonalizacja akademickich o\u015brodk\u00f3w nauczania j\u0119zyk\u00f3w obcych<\/strong><\/p>\n<p>Konferencj\u0119 zorganizowa\u0142o Studium J\u0119zyk\u00f3w Obcych Politechniki Bia\u0142ostockiej wraz ze Stowarzyszeniem Akademickich O\u015brodk\u00f3w Nauczania J\u0119zyk\u00f3w Obcych SERMO.<\/p>\n<div>J\u0119zyk konferencji: polski, angielski<\/div>\n<div>Miejsce konferencji: Hotel BW Cristal w Bia\u0142ymstoku<\/div>\n<div>\n<div>&nbsp;<\/div>\n<div><strong>Komitet organizacyjny:<\/strong><br \/>\n<u>mgr Wioletta Omelianiuk<br \/>\nmgr Halina Bramska<\/u><br \/>\nmgr in\u017c. Edyta Kiersnowska (sprawy administracyjne)<\/div>\n<div>mgr Maciej \u015aleszy\u0144ski (obs\u0142uga informatyczna konferencji)<br \/>\nmgr \u0141ucja Carpenter<\/div>\n<div>mgr Ryszard Czarnopy\u015b<\/div>\n<div>mgr Ma\u0142gorzata Komarewska<br \/>\nmgr Artur Ku\u017amicz<\/div>\n<div>mgr Dorota Ostrowska<\/div>\n<div>mgr El\u017cbieta Sie\u0144ko<\/div>\n<div>mgr Dorota \u015aleszy\u0144ska<\/div>\n<\/div>\n<div>\n<hr>\n<\/div>\n<h4><strong>Bia\u0142ystok i Podlasie &#8211; inspiracje filmowe<\/strong><\/h4>\n<div><a href=\"http:\/\/www.youtube.com\/watch?v=mafoFH7Jtrk\">Bia\u0142ystok turystyczny<\/a><\/div>\n<div><a href=\"http:\/\/vimeo.com\/93958593\">Bia\u0142ystok in timelapse<\/a><\/div>\n<div><a href=\"http:\/\/www.youtube.com\/watch?v=d-2bIqF8gzs\">Podlaskie<\/a><\/div>\n<div><a href=\"http:\/\/biaman.tv.pionier.net.pl\/Default.aspx?id=1617\">Centrum Nowoczesnego Kszta\u0142cenia Politechniki Bia\u0142ostockiej<\/a><\/div>\n<div>&nbsp;<\/div>\n<div>ngg_shortcode_0_placeholder<\/div>\n<div>&nbsp;<\/div>\n<div>ngg_shortcode_1_placeholder<\/div>\n<div>&nbsp;<\/div>\n<div><a class=\"docx\" href=\"https:\/\/pb.edu.pl\/sjo\/wp-content\/uploads\/sites\/9\/2017\/11\/Program-Konferencji-SERMO-Bia\u0142ystok-30-31-maja-2014.docx\" target=\"_blank\" rel=\"noopener\">Program Konferencji SERMO, Bia\u0142ystok 30-31 maja, 2014 (86 KB)<\/a><\/div>\n<div><a class=\"docx\" href=\"https:\/\/pb.edu.pl\/sjo\/wp-content\/uploads\/sites\/9\/2017\/11\/Tematyka-na-konferencj\u0119-SJO-PB-SERMO-2014.docx\" target=\"_blank\" rel=\"noopener\">Tematyka na konferencj\u0119 SJO PB SERMO 2014 (15 KB)<\/a><\/div>\n","protected":false},"excerpt":{"rendered":"<p>W dniach 30, 31 maja 2014 roku odby\u0142a si\u0119 konferencja na temat: Internacjonalizacja akademickich o\u015brodk\u00f3w<\/p>\n","protected":false},"author":6,"featured_media":0,"parent":137,"menu_order":0,"comment_status":"closed","ping_status":"closed","template":"","meta":{"_acf_changed":false,"ngg_post_thumbnail":0,"footnotes":""},"class_list":["post-526","page","type-page","status-publish","hentry"],"acf":[],"yoast_head":"<!-- This site is optimized with the Yoast SEO plugin v27.0 - https:\/\/yoast.com\/product\/yoast-seo-wordpress\/ -->\n<title>Konferencja 2014 - Studium J\u0119zyk\u00f3w Obcych<\/title>\n<meta name=\"description\" content=\"W dniach 30, 31 maja 2014 roku odby\u0142a si\u0119 konferencja na temat: Internacjonalizacja akademickich o\u015brodk\u00f3w nauczania j\u0119zyk\u00f3w obcych Konferencj\u0119\" \/>\n<meta name=\"robots\" content=\"index, follow, max-snippet:-1, max-image-preview:large, max-video-preview:-1\" \/>\n<link rel=\"canonical\" href=\"https:\/\/pb.edu.pl\/sjo\/wydarzenia-sjo\/wydarzenia-archiwum\/konferencja-2014\/\" \/>\n<meta property=\"og:locale\" content=\"pl_PL\" \/>\n<meta property=\"og:type\" content=\"article\" \/>\n<meta property=\"og:title\" content=\"Konferencja 2014 - Studium J\u0119zyk\u00f3w Obcych\" \/>\n<meta property=\"og:description\" content=\"W dniach 30, 31 maja 2014 roku odby\u0142a si\u0119 konferencja na temat: Internacjonalizacja akademickich o\u015brodk\u00f3w nauczania j\u0119zyk\u00f3w obcych Konferencj\u0119\" \/>\n<meta property=\"og:url\" content=\"https:\/\/pb.edu.pl\/sjo\/wydarzenia-sjo\/wydarzenia-archiwum\/konferencja-2014\/\" \/>\n<meta property=\"og:site_name\" content=\"Studium J\u0119zyk\u00f3w Obcych\" \/>\n<meta property=\"article:modified_time\" content=\"2023-11-28T09:48:50+00:00\" \/>\n<meta name=\"twitter:label1\" content=\"Szacowany czas czytania\" \/>\n\t<meta name=\"twitter:data1\" content=\"1 minuta\" \/>\n<script type=\"application\/ld+json\" class=\"yoast-schema-graph\">{\"@context\":\"https:\/\/schema.org\",\"@graph\":[{\"@type\":\"WebPage\",\"@id\":\"https:\/\/pb.edu.pl\/sjo\/wydarzenia-sjo\/wydarzenia-archiwum\/konferencja-2014\/\",\"url\":\"https:\/\/pb.edu.pl\/sjo\/wydarzenia-sjo\/wydarzenia-archiwum\/konferencja-2014\/\",\"name\":\"Konferencja 2014 - Studium J\u0119zyk\u00f3w Obcych\",\"isPartOf\":{\"@id\":\"https:\/\/pb.edu.pl\/sjo\/#website\"},\"datePublished\":\"2017-11-28T16:27:01+00:00\",\"dateModified\":\"2023-11-28T09:48:50+00:00\",\"description\":\"W dniach 30, 31 maja 2014 roku odby\u0142a si\u0119 konferencja na temat: Internacjonalizacja akademickich o\u015brodk\u00f3w nauczania j\u0119zyk\u00f3w obcych Konferencj\u0119\",\"breadcrumb\":{\"@id\":\"https:\/\/pb.edu.pl\/sjo\/wydarzenia-sjo\/wydarzenia-archiwum\/konferencja-2014\/#breadcrumb\"},\"inLanguage\":\"pl-PL\",\"potentialAction\":[{\"@type\":\"ReadAction\",\"target\":[\"https:\/\/pb.edu.pl\/sjo\/wydarzenia-sjo\/wydarzenia-archiwum\/konferencja-2014\/\"]}]},{\"@type\":\"BreadcrumbList\",\"@id\":\"https:\/\/pb.edu.pl\/sjo\/wydarzenia-sjo\/wydarzenia-archiwum\/konferencja-2014\/#breadcrumb\",\"itemListElement\":[{\"@type\":\"ListItem\",\"position\":1,\"name\":\"Home\",\"item\":\"https:\/\/pb.edu.pl\/sjo\/\"},{\"@type\":\"ListItem\",\"position\":2,\"name\":\"Wydarzenia SJO\",\"item\":\"https:\/\/pb.edu.pl\/sjo\/wydarzenia-sjo\/\"},{\"@type\":\"ListItem\",\"position\":3,\"name\":\"Wydarzenia\",\"item\":\"https:\/\/pb.edu.pl\/sjo\/wydarzenia-sjo\/wydarzenia-archiwum\/\"},{\"@type\":\"ListItem\",\"position\":4,\"name\":\"Konferencja 2014\"}]},{\"@type\":\"WebSite\",\"@id\":\"https:\/\/pb.edu.pl\/sjo\/#website\",\"url\":\"https:\/\/pb.edu.pl\/sjo\/\",\"name\":\"Studium J\u0119zyk\u00f3w Obcych\",\"description\":\"\",\"potentialAction\":[{\"@type\":\"SearchAction\",\"target\":{\"@type\":\"EntryPoint\",\"urlTemplate\":\"https:\/\/pb.edu.pl\/sjo\/?s={search_term_string}\"},\"query-input\":{\"@type\":\"PropertyValueSpecification\",\"valueRequired\":true,\"valueName\":\"search_term_string\"}}],\"inLanguage\":\"pl-PL\"}]}<\/script>\n<!-- \/ Yoast SEO plugin. -->","yoast_head_json":{"title":"Konferencja 2014 - Studium J\u0119zyk\u00f3w Obcych","description":"W dniach 30, 31 maja 2014 roku odby\u0142a si\u0119 konferencja na temat: Internacjonalizacja akademickich o\u015brodk\u00f3w nauczania j\u0119zyk\u00f3w obcych Konferencj\u0119","robots":{"index":"index","follow":"follow","max-snippet":"max-snippet:-1","max-image-preview":"max-image-preview:large","max-video-preview":"max-video-preview:-1"},"canonical":"https:\/\/pb.edu.pl\/sjo\/wydarzenia-sjo\/wydarzenia-archiwum\/konferencja-2014\/","og_locale":"pl_PL","og_type":"article","og_title":"Konferencja 2014 - Studium J\u0119zyk\u00f3w Obcych","og_description":"W dniach 30, 31 maja 2014 roku odby\u0142a si\u0119 konferencja na temat: Internacjonalizacja akademickich o\u015brodk\u00f3w nauczania j\u0119zyk\u00f3w obcych Konferencj\u0119","og_url":"https:\/\/pb.edu.pl\/sjo\/wydarzenia-sjo\/wydarzenia-archiwum\/konferencja-2014\/","og_site_name":"Studium J\u0119zyk\u00f3w Obcych","article_modified_time":"2023-11-28T09:48:50+00:00","twitter_misc":{"Szacowany czas czytania":"1 minuta"},"schema":{"@context":"https:\/\/schema.org","@graph":[{"@type":"WebPage","@id":"https:\/\/pb.edu.pl\/sjo\/wydarzenia-sjo\/wydarzenia-archiwum\/konferencja-2014\/","url":"https:\/\/pb.edu.pl\/sjo\/wydarzenia-sjo\/wydarzenia-archiwum\/konferencja-2014\/","name":"Konferencja 2014 - Studium J\u0119zyk\u00f3w Obcych","isPartOf":{"@id":"https:\/\/pb.edu.pl\/sjo\/#website"},"datePublished":"2017-11-28T16:27:01+00:00","dateModified":"2023-11-28T09:48:50+00:00","description":"W dniach 30, 31 maja 2014 roku odby\u0142a si\u0119 konferencja na temat: Internacjonalizacja akademickich o\u015brodk\u00f3w nauczania j\u0119zyk\u00f3w obcych Konferencj\u0119","breadcrumb":{"@id":"https:\/\/pb.edu.pl\/sjo\/wydarzenia-sjo\/wydarzenia-archiwum\/konferencja-2014\/#breadcrumb"},"inLanguage":"pl-PL","potentialAction":[{"@type":"ReadAction","target":["https:\/\/pb.edu.pl\/sjo\/wydarzenia-sjo\/wydarzenia-archiwum\/konferencja-2014\/"]}]},{"@type":"BreadcrumbList","@id":"https:\/\/pb.edu.pl\/sjo\/wydarzenia-sjo\/wydarzenia-archiwum\/konferencja-2014\/#breadcrumb","itemListElement":[{"@type":"ListItem","position":1,"name":"Home","item":"https:\/\/pb.edu.pl\/sjo\/"},{"@type":"ListItem","position":2,"name":"Wydarzenia SJO","item":"https:\/\/pb.edu.pl\/sjo\/wydarzenia-sjo\/"},{"@type":"ListItem","position":3,"name":"Wydarzenia","item":"https:\/\/pb.edu.pl\/sjo\/wydarzenia-sjo\/wydarzenia-archiwum\/"},{"@type":"ListItem","position":4,"name":"Konferencja 2014"}]},{"@type":"WebSite","@id":"https:\/\/pb.edu.pl\/sjo\/#website","url":"https:\/\/pb.edu.pl\/sjo\/","name":"Studium J\u0119zyk\u00f3w Obcych","description":"","potentialAction":[{"@type":"SearchAction","target":{"@type":"EntryPoint","urlTemplate":"https:\/\/pb.edu.pl\/sjo\/?s={search_term_string}"},"query-input":{"@type":"PropertyValueSpecification","valueRequired":true,"valueName":"search_term_string"}}],"inLanguage":"pl-PL"}]}},"_links":{"self":[{"href":"https:\/\/pb.edu.pl\/sjo\/wp-json\/wp\/v2\/pages\/526","targetHints":{"allow":["GET"]}}],"collection":[{"href":"https:\/\/pb.edu.pl\/sjo\/wp-json\/wp\/v2\/pages"}],"about":[{"href":"https:\/\/pb.edu.pl\/sjo\/wp-json\/wp\/v2\/types\/page"}],"author":[{"embeddable":true,"href":"https:\/\/pb.edu.pl\/sjo\/wp-json\/wp\/v2\/users\/6"}],"replies":[{"embeddable":true,"href":"https:\/\/pb.edu.pl\/sjo\/wp-json\/wp\/v2\/comments?post=526"}],"version-history":[{"count":0,"href":"https:\/\/pb.edu.pl\/sjo\/wp-json\/wp\/v2\/pages\/526\/revisions"}],"up":[{"embeddable":true,"href":"https:\/\/pb.edu.pl\/sjo\/wp-json\/wp\/v2\/pages\/137"}],"wp:attachment":[{"href":"https:\/\/pb.edu.pl\/sjo\/wp-json\/wp\/v2\/media?parent=526"}],"curies":[{"name":"wp","href":"https:\/\/api.w.org\/{rel}","templated":true}]}}