{"id":5202,"date":"2018-06-03T19:06:38","date_gmt":"2018-06-03T17:06:38","guid":{"rendered":"https:\/\/pb.edu.pl\/sjo\/?page_id=5202"},"modified":"2018-06-04T21:33:11","modified_gmt":"2018-06-04T19:33:11","slug":"jerez","status":"publish","type":"page","link":"https:\/\/pb.edu.pl\/sjo\/dla-pracownika\/wspolpraca-z-zagranica\/jerez\/","title":{"rendered":"Escuela de Arte, Jerez, Hiszpania"},"content":{"rendered":"<p><span style=\"font-size: 12pt\">W dniach <strong>25-29 wrze\u015bnia 2017<\/strong>,&nbsp; przebywa\u0142y\u015bmy z wizyt\u0105 robocz\u0105 w <strong>Departmento de Lenguas<\/strong> na uczelni <strong>Escuela de Arte<\/strong> w <strong>Jerez<\/strong>, w Hiszpanii, w ramach Programu Erasmus+. Zgodnie z uzgodnionym wcze\u015bniej programem, przeprowadzi\u0142y\u015bmy zaj\u0119cia z j\u0119zyka angielskiego dla student\u00f3w I stopnia, podczas kt\u00f3rych studenci po raz pierwszy zetkn\u0119li si\u0119 ze specjalistycznym s\u0142ownictwem z dziedziny architektury i sztuki w j\u0119zyku angielskim, \u0107wiczyli umiej\u0119tno\u015b\u0107 pisania raport\u00f3w oraz budowania zespo\u0142\u00f3w projektowych.<\/span><\/p>\n<p><span style=\"font-size: 12pt\">Ponadto, w zwi\u0105zku z naszym pobytem, na uczelni zorganizowany zosta\u0142 Polski Tydzie\u0144, czyli tydzie\u0144 z kultur\u0105 i sztuk\u0105 polsk\u0105, kt\u00f3ry przygotowywa\u0142y\u015bmy wsp\u00f3lnie ze stron\u0105 hiszpa\u0144sk\u0105 przez kilka tygodni pertraktuj\u0105c mailowo i telefonicznie. Poniewa\u017c jest to uczelnia artystyczna, przewa\u017ca\u0142y zagadnienia dotycz\u0105ce sztuki, ale ka\u017cdego dnia koncentrowali\u015bmy si\u0119 na innych aspektach kultury. By\u0142y zatem malarstwo i rze\u017aba, architektura, muzyka, film i teatr, kuchnia polska oraz \u017cycie codzienne z elementami historii najnowszej.<\/span><\/p>\n<p><span style=\"font-size: 12pt\">Zorganizowali\u015bmy wystaw\u0119 zdj\u0119\u0107 s\u0142ynnych Polak\u00f3w, reprodukcji wybranych dzie\u0142 sztuki polskiej oraz zabytkowych i wsp\u00f3\u0142czesnych konstrukcji architektonicznych. Przedstawi\u0142y\u015bmy prezentacje, ka\u017cdego dnia omawiaj\u0105c inne aspekty kultury, z fragmentami polskiej muzyki klasycznej oraz wsp\u00f3\u0142czesnej. Nie zabrak\u0142o te\u017c pocz\u0119stunku, kt\u00f3ry sk\u0142ada\u0142 si\u0119 z przywiezionych przez nas specja\u0142\u00f3w kuchni polskiej.<\/span><\/p>\n<p><span style=\"font-size: 12pt\">By\u0142 to tydzie\u0144 intensywnej pracy, kt\u00f3ra da\u0142a nam mn\u00f3stwo satysfakcji, g\u0142\u00f3wnie dzi\u0119ki licznym s\u0142owom uznania zar\u00f3wno ze strony student\u00f3w jak i pracownik\u00f3w.<\/span><\/p>\n<p><span style=\"font-size: 12pt\">Podczas naszego pobytu nawi\u0105za\u0142y\u015bmy bliskie kontakty z pracownikami uczelni, kt\u00f3rych szczeg\u00f3lnie interesowa\u0142a nasza metodologia nauczania j\u0119zyka specjalistycznego. Powsta\u0142 m.in. pomys\u0142 opracowania projektu partnerskiego w tematyce komunikacji mi\u0119dzykulturowej, jak r\u00f3wnie\u017c w dziedzinie nauczania j\u0119zyka specjalistycznego, kt\u00f3ry mamy nadziej\u0119 wypracowa\u0107 i z\u0142o\u017cy\u0107 w ramach Programu Erasmus+.<\/span><\/p>\n<p><span style=\"font-size: 12pt\">Escuela de Arte&nbsp; jako szko\u0142a wy\u017csza oferuje dwa kierunki: architektur\u0119 wn\u0119trz oraz projektowanie graficzne. Zaj\u0119cia na tych kierunkach s\u0105 prowadzone g\u0142\u00f3wnie z j\u0119zyku hiszpa\u0144skim. W j\u0119zyku angielskim s\u0105 prowadzone tylko nieliczne przedmioty, co mo\u017ce nieco utrudnia\u0107 studiowanie w ramach Programu Erasmus+. Escuela de Arte prowadzi r\u00f3wnie\u017c w\u0142asn\u0105 szko\u0142\u0119 \u015bredni\u0105, kt\u00f3ra kszta\u0142ci technik\u00f3w g\u0142\u00f3wnie w dziedzinie renowacji zabytk\u00f3w i dzie\u0142 sztuki. Cz\u0119\u015b\u0107 absolwent\u00f3w kontynuuje nauk\u0119 na jednym z kierunk\u00f3w oferowanych przez uczelni\u0119.<\/span><\/p>\n<p><span style=\"font-size: 12pt\"><strong>mgr Alina Jab\u0142o\u0144ska Domurat<\/strong> i <strong>mgr Ma\u0142gorzata Komarewska<\/strong><\/span><\/p>\n<div id='gallery-1' class='gallery galleryid-5202 gallery-columns-2 gallery-size-full'><figure class='gallery-item'>\n\t\t\t<div class='gallery-icon landscape'>\n\t\t\t\t<a href='https:\/\/pb.edu.pl\/sjo\/wp-content\/uploads\/sites\/9\/2018\/06\/Jarez-Hiszpania-2017-_01.jpg'><img loading=\"lazy\" decoding=\"async\" width=\"2967\" height=\"1978\" src=\"https:\/\/pb.edu.pl\/sjo\/wp-content\/uploads\/sites\/9\/2018\/06\/Jarez-Hiszpania-2017-_01.jpg\" class=\"attachment-full size-full\" alt=\"pracownicy SJO w Jarez, Hiszpania, 2017\" srcset=\"https:\/\/pb.edu.pl\/sjo\/wp-content\/uploads\/sites\/9\/2018\/06\/Jarez-Hiszpania-2017-_01.jpg 2967w, https:\/\/pb.edu.pl\/sjo\/wp-content\/uploads\/sites\/9\/2018\/06\/Jarez-Hiszpania-2017-_01-300x200.jpg 300w, https:\/\/pb.edu.pl\/sjo\/wp-content\/uploads\/sites\/9\/2018\/06\/Jarez-Hiszpania-2017-_01-768x512.jpg 768w, https:\/\/pb.edu.pl\/sjo\/wp-content\/uploads\/sites\/9\/2018\/06\/Jarez-Hiszpania-2017-_01-1024x683.jpg 1024w, https:\/\/pb.edu.pl\/sjo\/wp-content\/uploads\/sites\/9\/2018\/06\/Jarez-Hiszpania-2017-_01-480x320.jpg 480w\" sizes=\"auto, (max-width: 2967px) 100vw, 2967px\" \/><\/a>\n\t\t\t<\/div><\/figure><figure class='gallery-item'>\n\t\t\t<div class='gallery-icon landscape'>\n\t\t\t\t<a href='https:\/\/pb.edu.pl\/sjo\/wp-content\/uploads\/sites\/9\/2018\/06\/Jarez-Hiszpania-2017_02.jpg'><img loading=\"lazy\" decoding=\"async\" width=\"3486\" height=\"2309\" src=\"https:\/\/pb.edu.pl\/sjo\/wp-content\/uploads\/sites\/9\/2018\/06\/Jarez-Hiszpania-2017_02.jpg\" class=\"attachment-full size-full\" alt=\"pracownicy SJO w Jarez, Hiszpania, 2017\" srcset=\"https:\/\/pb.edu.pl\/sjo\/wp-content\/uploads\/sites\/9\/2018\/06\/Jarez-Hiszpania-2017_02.jpg 3486w, https:\/\/pb.edu.pl\/sjo\/wp-content\/uploads\/sites\/9\/2018\/06\/Jarez-Hiszpania-2017_02-300x199.jpg 300w, https:\/\/pb.edu.pl\/sjo\/wp-content\/uploads\/sites\/9\/2018\/06\/Jarez-Hiszpania-2017_02-768x509.jpg 768w, https:\/\/pb.edu.pl\/sjo\/wp-content\/uploads\/sites\/9\/2018\/06\/Jarez-Hiszpania-2017_02-1024x678.jpg 1024w\" sizes=\"auto, (max-width: 3486px) 100vw, 3486px\" \/><\/a>\n\t\t\t<\/div><\/figure><figure class='gallery-item'>\n\t\t\t<div class='gallery-icon landscape'>\n\t\t\t\t<a href='https:\/\/pb.edu.pl\/sjo\/wp-content\/uploads\/sites\/9\/2018\/06\/Jarez-Hiszpania-2017_03.jpg'><img loading=\"lazy\" decoding=\"async\" width=\"3094\" height=\"2049\" src=\"https:\/\/pb.edu.pl\/sjo\/wp-content\/uploads\/sites\/9\/2018\/06\/Jarez-Hiszpania-2017_03.jpg\" class=\"attachment-full size-full\" alt=\"pracownicy SJO w Jarez, Hiszpania, 2017\" srcset=\"https:\/\/pb.edu.pl\/sjo\/wp-content\/uploads\/sites\/9\/2018\/06\/Jarez-Hiszpania-2017_03.jpg 3094w, https:\/\/pb.edu.pl\/sjo\/wp-content\/uploads\/sites\/9\/2018\/06\/Jarez-Hiszpania-2017_03-300x199.jpg 300w, https:\/\/pb.edu.pl\/sjo\/wp-content\/uploads\/sites\/9\/2018\/06\/Jarez-Hiszpania-2017_03-768x509.jpg 768w, https:\/\/pb.edu.pl\/sjo\/wp-content\/uploads\/sites\/9\/2018\/06\/Jarez-Hiszpania-2017_03-1024x678.jpg 1024w\" sizes=\"auto, (max-width: 3094px) 100vw, 3094px\" \/><\/a>\n\t\t\t<\/div><\/figure><figure class='gallery-item'>\n\t\t\t<div class='gallery-icon landscape'>\n\t\t\t\t<a href='https:\/\/pb.edu.pl\/sjo\/wp-content\/uploads\/sites\/9\/2018\/06\/Jarez-Hiszpania-2017_04.jpg'><img loading=\"lazy\" decoding=\"async\" width=\"2449\" height=\"1633\" src=\"https:\/\/pb.edu.pl\/sjo\/wp-content\/uploads\/sites\/9\/2018\/06\/Jarez-Hiszpania-2017_04.jpg\" class=\"attachment-full size-full\" alt=\"pracownicy SJO w Jarez, Hiszpania, 2017\" srcset=\"https:\/\/pb.edu.pl\/sjo\/wp-content\/uploads\/sites\/9\/2018\/06\/Jarez-Hiszpania-2017_04.jpg 2449w, https:\/\/pb.edu.pl\/sjo\/wp-content\/uploads\/sites\/9\/2018\/06\/Jarez-Hiszpania-2017_04-300x200.jpg 300w, https:\/\/pb.edu.pl\/sjo\/wp-content\/uploads\/sites\/9\/2018\/06\/Jarez-Hiszpania-2017_04-768x512.jpg 768w, https:\/\/pb.edu.pl\/sjo\/wp-content\/uploads\/sites\/9\/2018\/06\/Jarez-Hiszpania-2017_04-1024x683.jpg 1024w, https:\/\/pb.edu.pl\/sjo\/wp-content\/uploads\/sites\/9\/2018\/06\/Jarez-Hiszpania-2017_04-480x320.jpg 480w\" sizes=\"auto, (max-width: 2449px) 100vw, 2449px\" \/><\/a>\n\t\t\t<\/div><\/figure><figure class='gallery-item'>\n\t\t\t<div class='gallery-icon landscape'>\n\t\t\t\t<a href='https:\/\/pb.edu.pl\/sjo\/wp-content\/uploads\/sites\/9\/2018\/06\/Jarez-Hiszpania-2017_05.jpg'><img loading=\"lazy\" decoding=\"async\" width=\"2310\" height=\"1540\" src=\"https:\/\/pb.edu.pl\/sjo\/wp-content\/uploads\/sites\/9\/2018\/06\/Jarez-Hiszpania-2017_05.jpg\" class=\"attachment-full size-full\" alt=\"pracownicy SJO w Jarez, Hiszpania, 2017\" srcset=\"https:\/\/pb.edu.pl\/sjo\/wp-content\/uploads\/sites\/9\/2018\/06\/Jarez-Hiszpania-2017_05.jpg 2310w, https:\/\/pb.edu.pl\/sjo\/wp-content\/uploads\/sites\/9\/2018\/06\/Jarez-Hiszpania-2017_05-300x200.jpg 300w, https:\/\/pb.edu.pl\/sjo\/wp-content\/uploads\/sites\/9\/2018\/06\/Jarez-Hiszpania-2017_05-768x512.jpg 768w, https:\/\/pb.edu.pl\/sjo\/wp-content\/uploads\/sites\/9\/2018\/06\/Jarez-Hiszpania-2017_05-1024x683.jpg 1024w, https:\/\/pb.edu.pl\/sjo\/wp-content\/uploads\/sites\/9\/2018\/06\/Jarez-Hiszpania-2017_05-480x320.jpg 480w\" sizes=\"auto, (max-width: 2310px) 100vw, 2310px\" \/><\/a>\n\t\t\t<\/div><\/figure><figure class='gallery-item'>\n\t\t\t<div class='gallery-icon landscape'>\n\t\t\t\t<a href='https:\/\/pb.edu.pl\/sjo\/wp-content\/uploads\/sites\/9\/2018\/06\/Jarez-Hiszpania-2017_06.jpg'><img loading=\"lazy\" decoding=\"async\" width=\"2775\" height=\"1850\" src=\"https:\/\/pb.edu.pl\/sjo\/wp-content\/uploads\/sites\/9\/2018\/06\/Jarez-Hiszpania-2017_06.jpg\" class=\"attachment-full size-full\" alt=\"pracownicy SJO w Jarez, Hiszpania, 2017\" srcset=\"https:\/\/pb.edu.pl\/sjo\/wp-content\/uploads\/sites\/9\/2018\/06\/Jarez-Hiszpania-2017_06.jpg 2775w, https:\/\/pb.edu.pl\/sjo\/wp-content\/uploads\/sites\/9\/2018\/06\/Jarez-Hiszpania-2017_06-300x200.jpg 300w, https:\/\/pb.edu.pl\/sjo\/wp-content\/uploads\/sites\/9\/2018\/06\/Jarez-Hiszpania-2017_06-768x512.jpg 768w, https:\/\/pb.edu.pl\/sjo\/wp-content\/uploads\/sites\/9\/2018\/06\/Jarez-Hiszpania-2017_06-1024x683.jpg 1024w, https:\/\/pb.edu.pl\/sjo\/wp-content\/uploads\/sites\/9\/2018\/06\/Jarez-Hiszpania-2017_06-480x320.jpg 480w\" sizes=\"auto, (max-width: 2775px) 100vw, 2775px\" \/><\/a>\n\t\t\t<\/div><\/figure>\n\t\t<\/div>\n\n","protected":false},"excerpt":{"rendered":"<p>W dniach 25-29 wrze\u015bnia 2017,&nbsp; przebywa\u0142y\u015bmy z wizyt\u0105 robocz\u0105 w Departmento de Lenguas na uczelni<\/p>\n","protected":false},"author":6,"featured_media":0,"parent":5020,"menu_order":0,"comment_status":"closed","ping_status":"closed","template":"","meta":{"_acf_changed":false,"ngg_post_thumbnail":0,"footnotes":""},"class_list":["post-5202","page","type-page","status-publish","hentry"],"acf":[],"yoast_head":"<!-- This site is optimized with the Yoast SEO plugin v27.0 - https:\/\/yoast.com\/product\/yoast-seo-wordpress\/ -->\n<title>Escuela de Arte, Jerez, Hiszpania - Studium J\u0119zyk\u00f3w Obcych<\/title>\n<meta name=\"description\" content=\"W dniach 25-29 wrze\u015bnia 2017,&nbsp; przebywa\u0142y\u015bmy z wizyt\u0105 robocz\u0105 w Departmento de Lenguas na uczelni Escuela de Arte w Jerez, w Hiszpanii, w ramach\" \/>\n<meta name=\"robots\" content=\"index, follow, max-snippet:-1, max-image-preview:large, max-video-preview:-1\" \/>\n<link rel=\"canonical\" href=\"https:\/\/pb.edu.pl\/sjo\/dla-pracownika\/wspolpraca-z-zagranica\/jerez\/\" \/>\n<meta property=\"og:locale\" content=\"pl_PL\" \/>\n<meta property=\"og:type\" content=\"article\" \/>\n<meta property=\"og:title\" content=\"Escuela de Arte, Jerez, Hiszpania - Studium J\u0119zyk\u00f3w Obcych\" \/>\n<meta property=\"og:description\" content=\"W dniach 25-29 wrze\u015bnia 2017,&nbsp; przebywa\u0142y\u015bmy z wizyt\u0105 robocz\u0105 w Departmento de Lenguas na uczelni Escuela de Arte w Jerez, w Hiszpanii, w ramach\" \/>\n<meta property=\"og:url\" content=\"https:\/\/pb.edu.pl\/sjo\/dla-pracownika\/wspolpraca-z-zagranica\/jerez\/\" \/>\n<meta property=\"og:site_name\" content=\"Studium J\u0119zyk\u00f3w Obcych\" \/>\n<meta property=\"article:modified_time\" content=\"2018-06-04T19:33:11+00:00\" \/>\n<meta property=\"og:image\" content=\"https:\/\/pb.edu.pl\/sjo\/wp-content\/uploads\/sites\/9\/2018\/06\/Jarez-Hiszpania-2017-_01.jpg\" \/>\n<meta name=\"twitter:label1\" content=\"Szacowany czas czytania\" \/>\n\t<meta name=\"twitter:data1\" content=\"2 minuty\" \/>\n<script type=\"application\/ld+json\" class=\"yoast-schema-graph\">{\"@context\":\"https:\/\/schema.org\",\"@graph\":[{\"@type\":\"WebPage\",\"@id\":\"https:\/\/pb.edu.pl\/sjo\/dla-pracownika\/wspolpraca-z-zagranica\/jerez\/\",\"url\":\"https:\/\/pb.edu.pl\/sjo\/dla-pracownika\/wspolpraca-z-zagranica\/jerez\/\",\"name\":\"Escuela de Arte, Jerez, Hiszpania - Studium J\u0119zyk\u00f3w Obcych\",\"isPartOf\":{\"@id\":\"https:\/\/pb.edu.pl\/sjo\/#website\"},\"datePublished\":\"2018-06-03T17:06:38+00:00\",\"dateModified\":\"2018-06-04T19:33:11+00:00\",\"description\":\"W dniach 25-29 wrze\u015bnia 2017,&nbsp; przebywa\u0142y\u015bmy z wizyt\u0105 robocz\u0105 w Departmento de Lenguas na uczelni Escuela de Arte w Jerez, w Hiszpanii, w ramach\",\"breadcrumb\":{\"@id\":\"https:\/\/pb.edu.pl\/sjo\/dla-pracownika\/wspolpraca-z-zagranica\/jerez\/#breadcrumb\"},\"inLanguage\":\"pl-PL\",\"potentialAction\":[{\"@type\":\"ReadAction\",\"target\":[\"https:\/\/pb.edu.pl\/sjo\/dla-pracownika\/wspolpraca-z-zagranica\/jerez\/\"]}]},{\"@type\":\"BreadcrumbList\",\"@id\":\"https:\/\/pb.edu.pl\/sjo\/dla-pracownika\/wspolpraca-z-zagranica\/jerez\/#breadcrumb\",\"itemListElement\":[{\"@type\":\"ListItem\",\"position\":1,\"name\":\"Home\",\"item\":\"https:\/\/pb.edu.pl\/sjo\/\"},{\"@type\":\"ListItem\",\"position\":2,\"name\":\"Pracuj\u0119 w PB\",\"item\":\"https:\/\/pb.edu.pl\/sjo\/dla-pracownika\/\"},{\"@type\":\"ListItem\",\"position\":3,\"name\":\"Wsp\u00f3\u0142praca z zagranic\u0105\",\"item\":\"https:\/\/pb.edu.pl\/sjo\/dla-pracownika\/wspolpraca-z-zagranica\/\"},{\"@type\":\"ListItem\",\"position\":4,\"name\":\"Escuela de Arte, Jerez, Hiszpania\"}]},{\"@type\":\"WebSite\",\"@id\":\"https:\/\/pb.edu.pl\/sjo\/#website\",\"url\":\"https:\/\/pb.edu.pl\/sjo\/\",\"name\":\"Studium J\u0119zyk\u00f3w Obcych\",\"description\":\"\",\"potentialAction\":[{\"@type\":\"SearchAction\",\"target\":{\"@type\":\"EntryPoint\",\"urlTemplate\":\"https:\/\/pb.edu.pl\/sjo\/?s={search_term_string}\"},\"query-input\":{\"@type\":\"PropertyValueSpecification\",\"valueRequired\":true,\"valueName\":\"search_term_string\"}}],\"inLanguage\":\"pl-PL\"}]}<\/script>\n<!-- \/ Yoast SEO plugin. -->","yoast_head_json":{"title":"Escuela de Arte, Jerez, Hiszpania - Studium J\u0119zyk\u00f3w Obcych","description":"W dniach 25-29 wrze\u015bnia 2017,&nbsp; przebywa\u0142y\u015bmy z wizyt\u0105 robocz\u0105 w Departmento de Lenguas na uczelni Escuela de Arte w Jerez, w Hiszpanii, w ramach","robots":{"index":"index","follow":"follow","max-snippet":"max-snippet:-1","max-image-preview":"max-image-preview:large","max-video-preview":"max-video-preview:-1"},"canonical":"https:\/\/pb.edu.pl\/sjo\/dla-pracownika\/wspolpraca-z-zagranica\/jerez\/","og_locale":"pl_PL","og_type":"article","og_title":"Escuela de Arte, Jerez, Hiszpania - Studium J\u0119zyk\u00f3w Obcych","og_description":"W dniach 25-29 wrze\u015bnia 2017,&nbsp; przebywa\u0142y\u015bmy z wizyt\u0105 robocz\u0105 w Departmento de Lenguas na uczelni Escuela de Arte w Jerez, w Hiszpanii, w ramach","og_url":"https:\/\/pb.edu.pl\/sjo\/dla-pracownika\/wspolpraca-z-zagranica\/jerez\/","og_site_name":"Studium J\u0119zyk\u00f3w Obcych","article_modified_time":"2018-06-04T19:33:11+00:00","og_image":[{"url":"https:\/\/pb.edu.pl\/sjo\/wp-content\/uploads\/sites\/9\/2018\/06\/Jarez-Hiszpania-2017-_01.jpg","type":"","width":"","height":""}],"twitter_misc":{"Szacowany czas czytania":"2 minuty"},"schema":{"@context":"https:\/\/schema.org","@graph":[{"@type":"WebPage","@id":"https:\/\/pb.edu.pl\/sjo\/dla-pracownika\/wspolpraca-z-zagranica\/jerez\/","url":"https:\/\/pb.edu.pl\/sjo\/dla-pracownika\/wspolpraca-z-zagranica\/jerez\/","name":"Escuela de Arte, Jerez, Hiszpania - Studium J\u0119zyk\u00f3w Obcych","isPartOf":{"@id":"https:\/\/pb.edu.pl\/sjo\/#website"},"datePublished":"2018-06-03T17:06:38+00:00","dateModified":"2018-06-04T19:33:11+00:00","description":"W dniach 25-29 wrze\u015bnia 2017,&nbsp; przebywa\u0142y\u015bmy z wizyt\u0105 robocz\u0105 w Departmento de Lenguas na uczelni Escuela de Arte w Jerez, w Hiszpanii, w ramach","breadcrumb":{"@id":"https:\/\/pb.edu.pl\/sjo\/dla-pracownika\/wspolpraca-z-zagranica\/jerez\/#breadcrumb"},"inLanguage":"pl-PL","potentialAction":[{"@type":"ReadAction","target":["https:\/\/pb.edu.pl\/sjo\/dla-pracownika\/wspolpraca-z-zagranica\/jerez\/"]}]},{"@type":"BreadcrumbList","@id":"https:\/\/pb.edu.pl\/sjo\/dla-pracownika\/wspolpraca-z-zagranica\/jerez\/#breadcrumb","itemListElement":[{"@type":"ListItem","position":1,"name":"Home","item":"https:\/\/pb.edu.pl\/sjo\/"},{"@type":"ListItem","position":2,"name":"Pracuj\u0119 w PB","item":"https:\/\/pb.edu.pl\/sjo\/dla-pracownika\/"},{"@type":"ListItem","position":3,"name":"Wsp\u00f3\u0142praca z zagranic\u0105","item":"https:\/\/pb.edu.pl\/sjo\/dla-pracownika\/wspolpraca-z-zagranica\/"},{"@type":"ListItem","position":4,"name":"Escuela de Arte, Jerez, Hiszpania"}]},{"@type":"WebSite","@id":"https:\/\/pb.edu.pl\/sjo\/#website","url":"https:\/\/pb.edu.pl\/sjo\/","name":"Studium J\u0119zyk\u00f3w Obcych","description":"","potentialAction":[{"@type":"SearchAction","target":{"@type":"EntryPoint","urlTemplate":"https:\/\/pb.edu.pl\/sjo\/?s={search_term_string}"},"query-input":{"@type":"PropertyValueSpecification","valueRequired":true,"valueName":"search_term_string"}}],"inLanguage":"pl-PL"}]}},"_links":{"self":[{"href":"https:\/\/pb.edu.pl\/sjo\/wp-json\/wp\/v2\/pages\/5202","targetHints":{"allow":["GET"]}}],"collection":[{"href":"https:\/\/pb.edu.pl\/sjo\/wp-json\/wp\/v2\/pages"}],"about":[{"href":"https:\/\/pb.edu.pl\/sjo\/wp-json\/wp\/v2\/types\/page"}],"author":[{"embeddable":true,"href":"https:\/\/pb.edu.pl\/sjo\/wp-json\/wp\/v2\/users\/6"}],"replies":[{"embeddable":true,"href":"https:\/\/pb.edu.pl\/sjo\/wp-json\/wp\/v2\/comments?post=5202"}],"version-history":[{"count":0,"href":"https:\/\/pb.edu.pl\/sjo\/wp-json\/wp\/v2\/pages\/5202\/revisions"}],"up":[{"embeddable":true,"href":"https:\/\/pb.edu.pl\/sjo\/wp-json\/wp\/v2\/pages\/5020"}],"wp:attachment":[{"href":"https:\/\/pb.edu.pl\/sjo\/wp-json\/wp\/v2\/media?parent=5202"}],"curies":[{"name":"wp","href":"https:\/\/api.w.org\/{rel}","templated":true}]}}