{"id":5156,"date":"2018-05-31T20:56:41","date_gmt":"2018-05-31T18:56:41","guid":{"rendered":"https:\/\/pb.edu.pl\/sjo\/?page_id=5156"},"modified":"2021-03-18T15:36:28","modified_gmt":"2021-03-18T14:36:28","slug":"oferta-sjo","status":"publish","type":"page","link":"https:\/\/pb.edu.pl\/sjo\/oferta-sjo\/","title":{"rendered":"Oferta komercyjna SJO"},"content":{"rendered":"<div class=\"row\">\n<div class=\"col-sm-12 text-center\"><a class=\"button text-center animated zoomIn lead\" style=\"width: 100%\" href=\"\/sjo\/oferta-SJO\/kursy-jezykowe\/\"><strong>Polilingua: kursy j\u0119zykowe<\/strong><\/a><\/div>\n<div class=\"col-sm-12 text-center\"><a class=\"button text-center animated zoomIn lead\" style=\"width: 100%\" href=\"\/sjo\/oferta-SJO\/egzaminy-komercyjne\/\"><strong>Egzaminy komercyjne<\/strong><\/a><\/div>\n<\/div>\n<\/div>\n","protected":false},"excerpt":{"rendered":"<p>Polilingua: kursy j\u0119zykowe Egzaminy komercyjne<\/p>\n","protected":false},"author":6,"featured_media":0,"parent":0,"menu_order":0,"comment_status":"closed","ping_status":"closed","template":"","meta":{"_acf_changed":false,"ngg_post_thumbnail":0,"footnotes":""},"class_list":["post-5156","page","type-page","status-publish","hentry"],"acf":[],"yoast_head":"<!-- This site is optimized with the Yoast SEO plugin v27.0 - https:\/\/yoast.com\/product\/yoast-seo-wordpress\/ -->\n<title>Oferta komercyjna SJO - Studium J\u0119zyk\u00f3w Obcych<\/title>\n<meta name=\"description\" content=\"Polilingua: kursy j\u0119zykowe Egzaminy komercyjne\" \/>\n<meta name=\"robots\" content=\"index, follow, max-snippet:-1, max-image-preview:large, max-video-preview:-1\" \/>\n<link rel=\"canonical\" href=\"https:\/\/pb.edu.pl\/sjo\/oferta-sjo\/\" \/>\n<meta property=\"og:locale\" content=\"pl_PL\" \/>\n<meta property=\"og:type\" content=\"article\" \/>\n<meta property=\"og:title\" content=\"Oferta komercyjna SJO - Studium J\u0119zyk\u00f3w Obcych\" \/>\n<meta property=\"og:description\" content=\"Polilingua: kursy j\u0119zykowe Egzaminy komercyjne\" \/>\n<meta property=\"og:url\" content=\"https:\/\/pb.edu.pl\/sjo\/oferta-sjo\/\" \/>\n<meta property=\"og:site_name\" content=\"Studium J\u0119zyk\u00f3w Obcych\" \/>\n<meta property=\"article:modified_time\" content=\"2021-03-18T14:36:28+00:00\" \/>\n<script type=\"application\/ld+json\" class=\"yoast-schema-graph\">{\"@context\":\"https:\/\/schema.org\",\"@graph\":[{\"@type\":\"WebPage\",\"@id\":\"https:\/\/pb.edu.pl\/sjo\/oferta-sjo\/\",\"url\":\"https:\/\/pb.edu.pl\/sjo\/oferta-sjo\/\",\"name\":\"Oferta komercyjna SJO - Studium J\u0119zyk\u00f3w Obcych\",\"isPartOf\":{\"@id\":\"https:\/\/pb.edu.pl\/sjo\/#website\"},\"datePublished\":\"2018-05-31T18:56:41+00:00\",\"dateModified\":\"2021-03-18T14:36:28+00:00\",\"description\":\"Polilingua: kursy j\u0119zykowe Egzaminy komercyjne\",\"breadcrumb\":{\"@id\":\"https:\/\/pb.edu.pl\/sjo\/oferta-sjo\/#breadcrumb\"},\"inLanguage\":\"pl-PL\",\"potentialAction\":[{\"@type\":\"ReadAction\",\"target\":[\"https:\/\/pb.edu.pl\/sjo\/oferta-sjo\/\"]}]},{\"@type\":\"BreadcrumbList\",\"@id\":\"https:\/\/pb.edu.pl\/sjo\/oferta-sjo\/#breadcrumb\",\"itemListElement\":[{\"@type\":\"ListItem\",\"position\":1,\"name\":\"Home\",\"item\":\"https:\/\/pb.edu.pl\/sjo\/\"},{\"@type\":\"ListItem\",\"position\":2,\"name\":\"Oferta komercyjna SJO\"}]},{\"@type\":\"WebSite\",\"@id\":\"https:\/\/pb.edu.pl\/sjo\/#website\",\"url\":\"https:\/\/pb.edu.pl\/sjo\/\",\"name\":\"Studium J\u0119zyk\u00f3w Obcych\",\"description\":\"\",\"potentialAction\":[{\"@type\":\"SearchAction\",\"target\":{\"@type\":\"EntryPoint\",\"urlTemplate\":\"https:\/\/pb.edu.pl\/sjo\/?s={search_term_string}\"},\"query-input\":{\"@type\":\"PropertyValueSpecification\",\"valueRequired\":true,\"valueName\":\"search_term_string\"}}],\"inLanguage\":\"pl-PL\"}]}<\/script>\n<!-- \/ Yoast SEO plugin. -->","yoast_head_json":{"title":"Oferta komercyjna SJO - Studium J\u0119zyk\u00f3w Obcych","description":"Polilingua: kursy j\u0119zykowe Egzaminy komercyjne","robots":{"index":"index","follow":"follow","max-snippet":"max-snippet:-1","max-image-preview":"max-image-preview:large","max-video-preview":"max-video-preview:-1"},"canonical":"https:\/\/pb.edu.pl\/sjo\/oferta-sjo\/","og_locale":"pl_PL","og_type":"article","og_title":"Oferta komercyjna SJO - Studium J\u0119zyk\u00f3w Obcych","og_description":"Polilingua: kursy j\u0119zykowe Egzaminy komercyjne","og_url":"https:\/\/pb.edu.pl\/sjo\/oferta-sjo\/","og_site_name":"Studium J\u0119zyk\u00f3w Obcych","article_modified_time":"2021-03-18T14:36:28+00:00","schema":{"@context":"https:\/\/schema.org","@graph":[{"@type":"WebPage","@id":"https:\/\/pb.edu.pl\/sjo\/oferta-sjo\/","url":"https:\/\/pb.edu.pl\/sjo\/oferta-sjo\/","name":"Oferta komercyjna SJO - Studium J\u0119zyk\u00f3w Obcych","isPartOf":{"@id":"https:\/\/pb.edu.pl\/sjo\/#website"},"datePublished":"2018-05-31T18:56:41+00:00","dateModified":"2021-03-18T14:36:28+00:00","description":"Polilingua: kursy j\u0119zykowe Egzaminy komercyjne","breadcrumb":{"@id":"https:\/\/pb.edu.pl\/sjo\/oferta-sjo\/#breadcrumb"},"inLanguage":"pl-PL","potentialAction":[{"@type":"ReadAction","target":["https:\/\/pb.edu.pl\/sjo\/oferta-sjo\/"]}]},{"@type":"BreadcrumbList","@id":"https:\/\/pb.edu.pl\/sjo\/oferta-sjo\/#breadcrumb","itemListElement":[{"@type":"ListItem","position":1,"name":"Home","item":"https:\/\/pb.edu.pl\/sjo\/"},{"@type":"ListItem","position":2,"name":"Oferta komercyjna SJO"}]},{"@type":"WebSite","@id":"https:\/\/pb.edu.pl\/sjo\/#website","url":"https:\/\/pb.edu.pl\/sjo\/","name":"Studium J\u0119zyk\u00f3w Obcych","description":"","potentialAction":[{"@type":"SearchAction","target":{"@type":"EntryPoint","urlTemplate":"https:\/\/pb.edu.pl\/sjo\/?s={search_term_string}"},"query-input":{"@type":"PropertyValueSpecification","valueRequired":true,"valueName":"search_term_string"}}],"inLanguage":"pl-PL"}]}},"_links":{"self":[{"href":"https:\/\/pb.edu.pl\/sjo\/wp-json\/wp\/v2\/pages\/5156","targetHints":{"allow":["GET"]}}],"collection":[{"href":"https:\/\/pb.edu.pl\/sjo\/wp-json\/wp\/v2\/pages"}],"about":[{"href":"https:\/\/pb.edu.pl\/sjo\/wp-json\/wp\/v2\/types\/page"}],"author":[{"embeddable":true,"href":"https:\/\/pb.edu.pl\/sjo\/wp-json\/wp\/v2\/users\/6"}],"replies":[{"embeddable":true,"href":"https:\/\/pb.edu.pl\/sjo\/wp-json\/wp\/v2\/comments?post=5156"}],"version-history":[{"count":0,"href":"https:\/\/pb.edu.pl\/sjo\/wp-json\/wp\/v2\/pages\/5156\/revisions"}],"wp:attachment":[{"href":"https:\/\/pb.edu.pl\/sjo\/wp-json\/wp\/v2\/media?parent=5156"}],"curies":[{"name":"wp","href":"https:\/\/api.w.org\/{rel}","templated":true}]}}