{"id":515,"date":"2017-11-28T17:21:10","date_gmt":"2017-11-28T16:21:10","guid":{"rendered":"https:\/\/pb.edu.pl\/sjo\/?page_id=515"},"modified":"2020-12-27T19:14:05","modified_gmt":"2020-12-27T18:14:05","slug":"quiz-z-jezyka-angielskiego-2014","status":"publish","type":"page","link":"https:\/\/pb.edu.pl\/sjo\/dla-studenta\/ciekawe-uzyteczne\/konkursy-jezykowe\/quiz-z-jezyka-angielskiego-2014\/","title":{"rendered":"Quiz z j\u0119zyka angielskiego 2014"},"content":{"rendered":"<div>&nbsp;<\/div>\n<div><img loading=\"lazy\" decoding=\"async\" class=\"size-full wp-image-517 aligncenter\" src=\"https:\/\/pb.edu.pl\/sjo\/wp-content\/uploads\/sites\/9\/2017\/11\/quiz-14.12.1014.jpg\" alt=\"Face the challenge! Quiz z j\u0119zyka angielskiego - banner\" width=\"990\" height=\"350\" srcset=\"https:\/\/pb.edu.pl\/sjo\/wp-content\/uploads\/sites\/9\/2017\/11\/quiz-14.12.1014.jpg 990w, https:\/\/pb.edu.pl\/sjo\/wp-content\/uploads\/sites\/9\/2017\/11\/quiz-14.12.1014-300x106.jpg 300w, https:\/\/pb.edu.pl\/sjo\/wp-content\/uploads\/sites\/9\/2017\/11\/quiz-14.12.1014-768x272.jpg 768w\" sizes=\"auto, (max-width: 990px) 100vw, 990px\" \/><\/div>\n<div>&nbsp;<\/div>\n<div>Jest nam bardzo mi\u0142o og\u0142osi\u0107 wyniki <strong>Quizu z j\u0119zyka angielskiego<\/strong> zorganizowanego w ramach obchod\u00f3w 50-lecia Studium J\u0119zyk\u00f3w Obcych Politechniki Bia\u0142ostockiej.<\/div>\n<div>&nbsp;<\/div>\n<div><strong>Miejsca od pierwszego do sz\u00f3stego, nagrodzone kartami upominkowymi, zaj\u0119li:<\/strong><\/div>\n<div>1 Diana Glebowicz<\/div>\n<div>2 Damian Terlecki<\/div>\n<div>3 Krzysztof Andrelczyk<\/div>\n<div>4 \u0141ukasz Godlewski<\/div>\n<div>5 Cezary Czernecki<\/div>\n<div>6 Szymon Piszczatowski<\/div>\n<div>&nbsp;<\/div>\n<div><strong>Miejsca od si\u00f3dmego do dwunastego, nagrodzone ksi\u0105\u017ckami, zaj\u0119\u0142y nast\u0119puj\u0105ce osoby:<\/strong><\/div>\n<div>7 Adam Bia\u0142ek<\/div>\n<div>8 Przemys\u0142aw Pruszy\u0144ski<\/div>\n<div>9 \u0141ukasz Bogdan<\/div>\n<div>10 Paulina Borowska<\/div>\n<div>11Bart\u0142omiej Kulenko<\/div>\n<div>12 \u0141ukasz Rogacz<\/div>\n<div>&nbsp;<\/div>\n<div><strong>Osoby, kt\u00f3re wylosowa\u0142y kurs j\u0119zyka angielskiego online:<\/strong><\/div>\n<div>\n<div>Paulina Borowska<\/div>\n<div>Rafa\u0142 Dembowski<\/div>\n<div>Tomasz Kuryksza<\/div>\n<div>Dorota Maleszewska<\/div>\n<div>Dawid Malinowski<\/div>\n<div>Ewelina Moczulska<\/div>\n<div>Krystian Perkowski<\/div>\n<div>Przemys\u0142aw Pruszy\u0144ski<\/div>\n<div>Robert Zi\u00f3\u0142kowski<\/div>\n<div>&nbsp;<\/div>\n<\/div>\n<div><strong>Pan Maciej S\u0142owik<\/strong> osi\u0105gn\u0105\u0142 najlepszy wynik w\u015br\u00f3d pracownik\u00f3w Politechniki. Gratulujemy i zapraszamy po odbi\u00f3r dyplomu. Dodatkow\u0105 nagrod\u0105 jest elektroniczne szkolenie z j\u0119zyka angielskiego.<\/div>\n<div>&nbsp;<\/div>\n<div><strong>Opr\u00f3cz os\u00f3b wymienionych wy\u017cej, dodatkowe pi\u0119\u0107 punkt\u00f3w, kt\u00f3re wp\u0142yn\u0105 na ocen\u0119 na zaliczenie bie\u017c\u0105cego semestru otrzymuj\u0105:<\/strong><\/div>\n<div>\n<div>Justyna Ciereszko<\/div>\n<div>Anna Antypiuk<\/div>\n<div>Ada Antypiuk<\/div>\n<div>Rados\u0142aw Sawoniewski<\/div>\n<div>Magdalena Szypluk<\/div>\n<div>Krystian Perkowski<\/div>\n<div>Marta Jasiuk<\/div>\n<div>Adam Magosiewicz<\/div>\n<div>Pawe\u0142 Borowski<\/div>\n<div>Adam \u015ali\u017cewski<\/div>\n<div>Katarzyna Pypczy\u0144ska<\/div>\n<div>Karolina Toczyd\u0142owska<\/div>\n<div>Joanna Roszkowska<\/div>\n<div>Agata \u0141ochnicka<\/div>\n<div>Szymon Zdanowski<\/div>\n<div>Martyna \u017baborowska<\/div>\n<div>Kamila Chmielowiec<\/div>\n<div>\u0141ukasz Kucewicz<\/div>\n<div>Karol Sosna<\/div>\n<div>Jakub Pogorzelski<\/div>\n<div>&nbsp;<\/div>\n<\/div>\n<p><strong>Gratulujemy wszystkim uczestnikom. Dzi\u0119kujemy za udzia\u0142. I by\u0107 mo\u017ce do zobaczenia w kolejnej edycji Quizu.<\/strong><\/p>\n<p><strong>Quiz zosta\u0142 ponownie udost\u0119pniony na Portalu edukacyjnym PB.<\/strong><\/p>\n<div>\n<hr>\n<\/div>\n<div>&nbsp;<strong>Nagrody<\/strong>:<\/div>\n<div>&#8211; trzy karty upominkowe do Empiku o warto\u015bci 100 z\u0142 ka\u017cda,<\/div>\n<div>&#8211; trzy karty upominkowe do Media Markt o warto\u015bci 100 z\u0142 ka\u017cda,<\/div>\n<div>&#8211; upominki od wydawnictwa <strong>Pearson<\/strong>:<\/div>\n<div>&nbsp;&nbsp;&nbsp;&nbsp; &#8211; S\u0142ownik wsp\u00f3\u0142czesny angielsko-polski polsko-angielski<\/div>\n<div>&nbsp;&nbsp;&nbsp;&nbsp; &#8211; Business English Dictionary<\/div>\n<div>&nbsp;&nbsp;&nbsp;&nbsp; &#8211; dwa egzemplarze Idioms Dictionary<\/div>\n<div>&nbsp;&nbsp;&nbsp;&nbsp; &#8211; Grammar Practice for Upper Intermediate Students<\/div>\n<div>&nbsp;&nbsp;&nbsp;&nbsp; &#8211; MyGrammarLab Advanced C1\/C2<\/div>\n<div>&#8211; 10 kont ze szkoleniami elektronicznymi z j\u0119zyka angielskiego od <strong>COMBIDATA Sp. o. o.<\/strong><\/div>\n<div>Dodatkowo, 10% uczestnik\u00f3w z najlepszymi wynikami otrzyma po pi\u0119\u0107 punkt\u00f3w, kt\u00f3re b\u0119d\u0105 uwzgl\u0119dnione przy wystawianiu ocen na zaliczenie w tym semestrze.<\/div>\n<div>&nbsp;<\/div>\n<div><strong>Czas:<\/strong> 14 grudnia, godzina 20.00<\/div>\n<div>&nbsp;<\/div>\n<p><strong>Miejsce: <a href=\"http:\/\/platforma.ckz.pb.edu.pl\/\">Portal edukacyjny PB<\/a><\/strong><\/p>\n<div>&nbsp;<\/div>\n<div>Quiz sk\u0142ada si\u0119 z 60 pyta\u0144 wielokrotnego wyboru, kt\u00f3re sprawdzaj\u0105 znajomo\u015b\u0107 s\u0142ownictwa (najwi\u0119cej pyta\u0144), gramatyki (kilka pyta\u0144) oraz szeroko poj\u0119tej kultury kraj\u00f3w angloj\u0119zycznych (ta cz\u0119\u015b\u0107 mo\u017ce by\u0107 najwi\u0119kszym wyzwaniem). Quiz z pewno\u015bci\u0105 sprawdza znajomo\u015b\u0107 j\u0119zyka angielskiego, jednak nie wszystkie pytania w nim zawarte dotycz\u0105 wiedzy, kt\u00f3r\u0105, wed\u0142ug autor\u00f3w Quizu, ka\u017cdy powinien posiada\u0107. Prosz\u0119 potraktowa\u0107 ten quiz jako zabaw\u0119.<\/div>\n<div>&nbsp;<\/div>\n<div>Zwyci\u0119zcy Quizu zostan\u0105 wy\u0142onieni na podstawie otrzymanych wynik\u00f3w. W przypadku r\u00f3wnej liczby uzyskanych punkt\u00f3w, o zaj\u0119tym miejscu zdecyduje czas wykonania Quizu.<\/div>\n<div>&nbsp;<\/div>\n<div><strong>Quiz przygotowali:<\/strong><\/div>\n<div>Dorota \u015aleszy\u0144ska<\/div>\n<div>Ryszard Czarnopy\u015b<\/div>\n<div>i Maciej \u015aleszy\u0144ski<\/div>\n<div>dzi\u0119kujemy <strong>Halinie Bramskiej<\/strong> za pomoc w uk\u0142adaniu drugiej wersji Quizu<\/div>\n<div>&nbsp;<\/div>\n<p><a class=\"pdf\" href=\"https:\/\/pb.edu.pl\/sjo\/wp-content\/uploads\/sites\/9\/2017\/11\/Drugi-Quiz-z-j\u0119zyka-angielskiego.pdf\" target=\"_blank\" rel=\"noopener noreferrer\">Drugi Quiz z j\u0119zyka angielskiego (297 KB)<\/a><\/p>\n<p><a class=\"pdf\" href=\"https:\/\/pb.edu.pl\/sjo\/wp-content\/uploads\/sites\/9\/2017\/11\/Drugi-Quiz-z-j\u0119zyka-angielskiego-z-odpowiedziami.pdf\" target=\"_blank\" rel=\"noopener noreferrer\">Drugi Quiz z j\u0119zyka angielskiego z odpowiedziami (295 KB)<\/a><\/p>\n<p><a class=\"docx\" href=\"https:\/\/pb.edu.pl\/sjo\/wp-content\/uploads\/sites\/9\/2017\/11\/Regulamin-Quizu-z-j\u0119zyka-angielskiego-2014.docx\" target=\"_blank\" rel=\"noopener noreferrer\">Regulamin Quizu z j\u0119zyka angielskiego 2014 (13 KB)<\/a><\/p>\n","protected":false},"excerpt":{"rendered":"<p>&nbsp; &nbsp; Jest nam bardzo mi\u0142o og\u0142osi\u0107 wyniki Quizu z j\u0119zyka angielskiego zorganizowanego w ramach<\/p>\n","protected":false},"author":6,"featured_media":0,"parent":103,"menu_order":0,"comment_status":"closed","ping_status":"closed","template":"","meta":{"_acf_changed":false,"ngg_post_thumbnail":0,"footnotes":""},"class_list":["post-515","page","type-page","status-publish","hentry"],"acf":[],"yoast_head":"<!-- This site is optimized with the Yoast SEO plugin v27.0 - https:\/\/yoast.com\/product\/yoast-seo-wordpress\/ -->\n<title>Quiz z j\u0119zyka angielskiego 2014 - Studium J\u0119zyk\u00f3w Obcych<\/title>\n<meta name=\"description\" content=\"&nbsp; &nbsp; Jest nam bardzo mi\u0142o og\u0142osi\u0107 wyniki Quizu z j\u0119zyka angielskiego zorganizowanego w ramach obchod\u00f3w 50-lecia Studium J\u0119zyk\u00f3w Obcych\" \/>\n<meta name=\"robots\" content=\"index, follow, max-snippet:-1, max-image-preview:large, max-video-preview:-1\" \/>\n<link rel=\"canonical\" href=\"https:\/\/pb.edu.pl\/sjo\/dla-studenta\/ciekawe-uzyteczne\/konkursy-jezykowe\/quiz-z-jezyka-angielskiego-2014\/\" \/>\n<meta property=\"og:locale\" content=\"pl_PL\" \/>\n<meta property=\"og:type\" content=\"article\" \/>\n<meta property=\"og:title\" content=\"Quiz z j\u0119zyka angielskiego 2014 - Studium J\u0119zyk\u00f3w Obcych\" \/>\n<meta property=\"og:description\" content=\"&nbsp; &nbsp; Jest nam bardzo mi\u0142o og\u0142osi\u0107 wyniki Quizu z j\u0119zyka angielskiego zorganizowanego w ramach obchod\u00f3w 50-lecia Studium J\u0119zyk\u00f3w Obcych\" \/>\n<meta property=\"og:url\" content=\"https:\/\/pb.edu.pl\/sjo\/dla-studenta\/ciekawe-uzyteczne\/konkursy-jezykowe\/quiz-z-jezyka-angielskiego-2014\/\" \/>\n<meta property=\"og:site_name\" content=\"Studium J\u0119zyk\u00f3w Obcych\" \/>\n<meta property=\"article:modified_time\" content=\"2020-12-27T18:14:05+00:00\" \/>\n<meta property=\"og:image\" content=\"https:\/\/pb.edu.pl\/sjo\/wp-content\/uploads\/sites\/9\/2017\/11\/quiz-14.12.1014.jpg\" \/>\n\t<meta property=\"og:image:width\" content=\"990\" \/>\n\t<meta property=\"og:image:height\" content=\"350\" \/>\n\t<meta property=\"og:image:type\" content=\"image\/jpeg\" \/>\n<meta name=\"twitter:label1\" content=\"Szacowany czas czytania\" \/>\n\t<meta name=\"twitter:data1\" content=\"3 minuty\" \/>\n<script type=\"application\/ld+json\" class=\"yoast-schema-graph\">{\"@context\":\"https:\/\/schema.org\",\"@graph\":[{\"@type\":\"WebPage\",\"@id\":\"https:\/\/pb.edu.pl\/sjo\/dla-studenta\/ciekawe-uzyteczne\/konkursy-jezykowe\/quiz-z-jezyka-angielskiego-2014\/\",\"url\":\"https:\/\/pb.edu.pl\/sjo\/dla-studenta\/ciekawe-uzyteczne\/konkursy-jezykowe\/quiz-z-jezyka-angielskiego-2014\/\",\"name\":\"Quiz z j\u0119zyka angielskiego 2014 - Studium J\u0119zyk\u00f3w Obcych\",\"isPartOf\":{\"@id\":\"https:\/\/pb.edu.pl\/sjo\/#website\"},\"primaryImageOfPage\":{\"@id\":\"https:\/\/pb.edu.pl\/sjo\/dla-studenta\/ciekawe-uzyteczne\/konkursy-jezykowe\/quiz-z-jezyka-angielskiego-2014\/#primaryimage\"},\"image\":{\"@id\":\"https:\/\/pb.edu.pl\/sjo\/dla-studenta\/ciekawe-uzyteczne\/konkursy-jezykowe\/quiz-z-jezyka-angielskiego-2014\/#primaryimage\"},\"thumbnailUrl\":\"https:\/\/pb.edu.pl\/sjo\/wp-content\/uploads\/sites\/9\/2017\/11\/quiz-14.12.1014.jpg\",\"datePublished\":\"2017-11-28T16:21:10+00:00\",\"dateModified\":\"2020-12-27T18:14:05+00:00\",\"description\":\"&nbsp; &nbsp; Jest nam bardzo mi\u0142o og\u0142osi\u0107 wyniki Quizu z j\u0119zyka angielskiego zorganizowanego w ramach obchod\u00f3w 50-lecia Studium J\u0119zyk\u00f3w Obcych\",\"breadcrumb\":{\"@id\":\"https:\/\/pb.edu.pl\/sjo\/dla-studenta\/ciekawe-uzyteczne\/konkursy-jezykowe\/quiz-z-jezyka-angielskiego-2014\/#breadcrumb\"},\"inLanguage\":\"pl-PL\",\"potentialAction\":[{\"@type\":\"ReadAction\",\"target\":[\"https:\/\/pb.edu.pl\/sjo\/dla-studenta\/ciekawe-uzyteczne\/konkursy-jezykowe\/quiz-z-jezyka-angielskiego-2014\/\"]}]},{\"@type\":\"ImageObject\",\"inLanguage\":\"pl-PL\",\"@id\":\"https:\/\/pb.edu.pl\/sjo\/dla-studenta\/ciekawe-uzyteczne\/konkursy-jezykowe\/quiz-z-jezyka-angielskiego-2014\/#primaryimage\",\"url\":\"https:\/\/pb.edu.pl\/sjo\/wp-content\/uploads\/sites\/9\/2017\/11\/quiz-14.12.1014.jpg\",\"contentUrl\":\"https:\/\/pb.edu.pl\/sjo\/wp-content\/uploads\/sites\/9\/2017\/11\/quiz-14.12.1014.jpg\",\"width\":990,\"height\":350,\"caption\":\"Face the challenge! Quiz z j\u0119zyka angielskiego - banner\"},{\"@type\":\"BreadcrumbList\",\"@id\":\"https:\/\/pb.edu.pl\/sjo\/dla-studenta\/ciekawe-uzyteczne\/konkursy-jezykowe\/quiz-z-jezyka-angielskiego-2014\/#breadcrumb\",\"itemListElement\":[{\"@type\":\"ListItem\",\"position\":1,\"name\":\"Home\",\"item\":\"https:\/\/pb.edu.pl\/sjo\/\"},{\"@type\":\"ListItem\",\"position\":2,\"name\":\"Studiuj\u0119 w PB\",\"item\":\"https:\/\/pb.edu.pl\/sjo\/dla-studenta\/\"},{\"@type\":\"ListItem\",\"position\":3,\"name\":\"Ciekawe i u\u017cyteczne\",\"item\":\"https:\/\/pb.edu.pl\/sjo\/dla-studenta\/ciekawe-uzyteczne\/\"},{\"@type\":\"ListItem\",\"position\":4,\"name\":\"Konkursy j\u0119zykowe\",\"item\":\"https:\/\/pb.edu.pl\/sjo\/dla-studenta\/ciekawe-uzyteczne\/konkursy-jezykowe\/\"},{\"@type\":\"ListItem\",\"position\":5,\"name\":\"Quiz z j\u0119zyka angielskiego 2014\"}]},{\"@type\":\"WebSite\",\"@id\":\"https:\/\/pb.edu.pl\/sjo\/#website\",\"url\":\"https:\/\/pb.edu.pl\/sjo\/\",\"name\":\"Studium J\u0119zyk\u00f3w Obcych\",\"description\":\"\",\"potentialAction\":[{\"@type\":\"SearchAction\",\"target\":{\"@type\":\"EntryPoint\",\"urlTemplate\":\"https:\/\/pb.edu.pl\/sjo\/?s={search_term_string}\"},\"query-input\":{\"@type\":\"PropertyValueSpecification\",\"valueRequired\":true,\"valueName\":\"search_term_string\"}}],\"inLanguage\":\"pl-PL\"}]}<\/script>\n<!-- \/ Yoast SEO plugin. -->","yoast_head_json":{"title":"Quiz z j\u0119zyka angielskiego 2014 - Studium J\u0119zyk\u00f3w Obcych","description":"&nbsp; &nbsp; Jest nam bardzo mi\u0142o og\u0142osi\u0107 wyniki Quizu z j\u0119zyka angielskiego zorganizowanego w ramach obchod\u00f3w 50-lecia Studium J\u0119zyk\u00f3w Obcych","robots":{"index":"index","follow":"follow","max-snippet":"max-snippet:-1","max-image-preview":"max-image-preview:large","max-video-preview":"max-video-preview:-1"},"canonical":"https:\/\/pb.edu.pl\/sjo\/dla-studenta\/ciekawe-uzyteczne\/konkursy-jezykowe\/quiz-z-jezyka-angielskiego-2014\/","og_locale":"pl_PL","og_type":"article","og_title":"Quiz z j\u0119zyka angielskiego 2014 - Studium J\u0119zyk\u00f3w Obcych","og_description":"&nbsp; &nbsp; Jest nam bardzo mi\u0142o og\u0142osi\u0107 wyniki Quizu z j\u0119zyka angielskiego zorganizowanego w ramach obchod\u00f3w 50-lecia Studium J\u0119zyk\u00f3w Obcych","og_url":"https:\/\/pb.edu.pl\/sjo\/dla-studenta\/ciekawe-uzyteczne\/konkursy-jezykowe\/quiz-z-jezyka-angielskiego-2014\/","og_site_name":"Studium J\u0119zyk\u00f3w Obcych","article_modified_time":"2020-12-27T18:14:05+00:00","og_image":[{"width":990,"height":350,"url":"https:\/\/pb.edu.pl\/sjo\/wp-content\/uploads\/sites\/9\/2017\/11\/quiz-14.12.1014.jpg","type":"image\/jpeg"}],"twitter_misc":{"Szacowany czas czytania":"3 minuty"},"schema":{"@context":"https:\/\/schema.org","@graph":[{"@type":"WebPage","@id":"https:\/\/pb.edu.pl\/sjo\/dla-studenta\/ciekawe-uzyteczne\/konkursy-jezykowe\/quiz-z-jezyka-angielskiego-2014\/","url":"https:\/\/pb.edu.pl\/sjo\/dla-studenta\/ciekawe-uzyteczne\/konkursy-jezykowe\/quiz-z-jezyka-angielskiego-2014\/","name":"Quiz z j\u0119zyka angielskiego 2014 - Studium J\u0119zyk\u00f3w Obcych","isPartOf":{"@id":"https:\/\/pb.edu.pl\/sjo\/#website"},"primaryImageOfPage":{"@id":"https:\/\/pb.edu.pl\/sjo\/dla-studenta\/ciekawe-uzyteczne\/konkursy-jezykowe\/quiz-z-jezyka-angielskiego-2014\/#primaryimage"},"image":{"@id":"https:\/\/pb.edu.pl\/sjo\/dla-studenta\/ciekawe-uzyteczne\/konkursy-jezykowe\/quiz-z-jezyka-angielskiego-2014\/#primaryimage"},"thumbnailUrl":"https:\/\/pb.edu.pl\/sjo\/wp-content\/uploads\/sites\/9\/2017\/11\/quiz-14.12.1014.jpg","datePublished":"2017-11-28T16:21:10+00:00","dateModified":"2020-12-27T18:14:05+00:00","description":"&nbsp; &nbsp; Jest nam bardzo mi\u0142o og\u0142osi\u0107 wyniki Quizu z j\u0119zyka angielskiego zorganizowanego w ramach obchod\u00f3w 50-lecia Studium J\u0119zyk\u00f3w Obcych","breadcrumb":{"@id":"https:\/\/pb.edu.pl\/sjo\/dla-studenta\/ciekawe-uzyteczne\/konkursy-jezykowe\/quiz-z-jezyka-angielskiego-2014\/#breadcrumb"},"inLanguage":"pl-PL","potentialAction":[{"@type":"ReadAction","target":["https:\/\/pb.edu.pl\/sjo\/dla-studenta\/ciekawe-uzyteczne\/konkursy-jezykowe\/quiz-z-jezyka-angielskiego-2014\/"]}]},{"@type":"ImageObject","inLanguage":"pl-PL","@id":"https:\/\/pb.edu.pl\/sjo\/dla-studenta\/ciekawe-uzyteczne\/konkursy-jezykowe\/quiz-z-jezyka-angielskiego-2014\/#primaryimage","url":"https:\/\/pb.edu.pl\/sjo\/wp-content\/uploads\/sites\/9\/2017\/11\/quiz-14.12.1014.jpg","contentUrl":"https:\/\/pb.edu.pl\/sjo\/wp-content\/uploads\/sites\/9\/2017\/11\/quiz-14.12.1014.jpg","width":990,"height":350,"caption":"Face the challenge! Quiz z j\u0119zyka angielskiego - banner"},{"@type":"BreadcrumbList","@id":"https:\/\/pb.edu.pl\/sjo\/dla-studenta\/ciekawe-uzyteczne\/konkursy-jezykowe\/quiz-z-jezyka-angielskiego-2014\/#breadcrumb","itemListElement":[{"@type":"ListItem","position":1,"name":"Home","item":"https:\/\/pb.edu.pl\/sjo\/"},{"@type":"ListItem","position":2,"name":"Studiuj\u0119 w PB","item":"https:\/\/pb.edu.pl\/sjo\/dla-studenta\/"},{"@type":"ListItem","position":3,"name":"Ciekawe i u\u017cyteczne","item":"https:\/\/pb.edu.pl\/sjo\/dla-studenta\/ciekawe-uzyteczne\/"},{"@type":"ListItem","position":4,"name":"Konkursy j\u0119zykowe","item":"https:\/\/pb.edu.pl\/sjo\/dla-studenta\/ciekawe-uzyteczne\/konkursy-jezykowe\/"},{"@type":"ListItem","position":5,"name":"Quiz z j\u0119zyka angielskiego 2014"}]},{"@type":"WebSite","@id":"https:\/\/pb.edu.pl\/sjo\/#website","url":"https:\/\/pb.edu.pl\/sjo\/","name":"Studium J\u0119zyk\u00f3w Obcych","description":"","potentialAction":[{"@type":"SearchAction","target":{"@type":"EntryPoint","urlTemplate":"https:\/\/pb.edu.pl\/sjo\/?s={search_term_string}"},"query-input":{"@type":"PropertyValueSpecification","valueRequired":true,"valueName":"search_term_string"}}],"inLanguage":"pl-PL"}]}},"_links":{"self":[{"href":"https:\/\/pb.edu.pl\/sjo\/wp-json\/wp\/v2\/pages\/515","targetHints":{"allow":["GET"]}}],"collection":[{"href":"https:\/\/pb.edu.pl\/sjo\/wp-json\/wp\/v2\/pages"}],"about":[{"href":"https:\/\/pb.edu.pl\/sjo\/wp-json\/wp\/v2\/types\/page"}],"author":[{"embeddable":true,"href":"https:\/\/pb.edu.pl\/sjo\/wp-json\/wp\/v2\/users\/6"}],"replies":[{"embeddable":true,"href":"https:\/\/pb.edu.pl\/sjo\/wp-json\/wp\/v2\/comments?post=515"}],"version-history":[{"count":0,"href":"https:\/\/pb.edu.pl\/sjo\/wp-json\/wp\/v2\/pages\/515\/revisions"}],"up":[{"embeddable":true,"href":"https:\/\/pb.edu.pl\/sjo\/wp-json\/wp\/v2\/pages\/103"}],"wp:attachment":[{"href":"https:\/\/pb.edu.pl\/sjo\/wp-json\/wp\/v2\/media?parent=515"}],"curies":[{"name":"wp","href":"https:\/\/api.w.org\/{rel}","templated":true}]}}