{"id":5005,"date":"2018-05-27T18:29:08","date_gmt":"2018-05-27T16:29:08","guid":{"rendered":"https:\/\/pb.edu.pl\/sjo\/?page_id=5005"},"modified":"2022-02-25T15:35:03","modified_gmt":"2022-02-25T14:35:03","slug":"projekty","status":"publish","type":"page","link":"https:\/\/pb.edu.pl\/sjo\/projekty\/","title":{"rendered":"PB2020 \u2013 Zintegrowany Program Rozwoju Politechniki Bia\u0142ostockiej"},"content":{"rendered":"<p>Studium J\u0119zyk\u00f3w Obcych aktywnie uczestniczy w opracowaniu oferty podnoszenia kompetencji j\u0119zykowych pracownik\u00f3w Politechniki Bia\u0142ostockiej w ramach projektu <strong>PB2020.<\/strong><\/p>\n<p>Projekt <strong>\u201ePB2020 \u2013 Zintegrowany Program Rozwoju Politechniki Bia\u0142ostockiej\u201d <\/strong>jest wsp\u00f3\u0142finansowany przez Uni\u0119 Europejsk\u0105 w ramach Europejskiego Funduszu Spo\u0142ecznego, Program Operacyjny Wiedza Edukacja Rozw\u00f3j, O\u015b Priorytetowa III. Szkolnictwo wy\u017csze dla gospodarki i rozwoju, Dzia\u0142anie 3.5 Kompleksowe programy szk\u00f3\u0142 wy\u017cszych. <strong>Celem g\u0142\u00f3wnym projektu<\/strong> jest wdro\u017cenie kompleksowego Programu Rozwoju Politechniki Bia\u0142ostockiej, kt\u00f3ry umo\u017cliwi restrukturyzacj\u0119 uczelni w zakresie podniesienia efektywno\u015bci jej funkcjonowania w obszarze zarz\u0105dzania oraz dostosowania kszta\u0142cenia do aktualnych potrzeb gospodarki.<\/p>\n<p>Do realizowanych przez pracownik\u00f3w SJO zada\u0144 w latach 2018-2021 nale\u017ce\u0107 b\u0119dzie:<\/p>\n<ul>\n<li>pomoc w rekrutacji beneficjent\u00f3w projektu (opracowanie test\u00f3w kompetencyjnych i ankiet),<\/li>\n<li>zaj\u0119cia dydaktyczne w ramach <a href=\"https:\/\/pb.edu.pl\/pb2020\/zadania\/\">TEACHSKILLS<\/a> (specjalistyczne kursy j\u0119zykowe w ramach rozwoju kadry dydaktycznej PB),<\/li>\n<li>zaj\u0119cia dydaktyczne w ramach <a href=\"https:\/\/pb.edu.pl\/pb2020\/zadania\/\">STAFFSKILLS<\/a> (og\u00f3lne i specjalistyczne kursy j\u0119zykowe w ramach rozwoju pracownik\u00f3w administracyjnych PB w celu u\u0142atwienia kontaktu i obs\u0142ugi student\u00f3w angloj\u0119zycznych),<\/li>\n<li>kurs bran\u017cowy Business English skierowany do student\u00f3w PB w ramach <a href=\"https:\/\/pb.edu.pl\/pb2020\/zadania\/\">Fabryki Dobrego In\u017cyniera&nbsp;<\/a><\/li>\n<li>podnoszenie kompetencji j\u0119zykowych w kontek\u015bcie akademickim: pisanie artyku\u0142\u00f3w naukowych i przygotowanie prezentacji ustnych w j\u0119zyku angielskim) dla student\u00f3w <a href=\"https:\/\/wiz.pb.edu.pl\/studia-doktoranckie\/o-studiach\/\">Interdyscyplinarnych Studi\u00f3w Doktoranckich na Wydziale In\u017cynierii Zarz\u0105dzania<\/a><\/li>\n<\/ul>\n<p>Wi\u0119cej o projekcie przeczytasz&nbsp;<a href=\"https:\/\/pb.edu.pl\/pb2020\/\">na stronie Biura ds. Rozwoju i Program\u00f3w Mi\u0119dzynarodowych.<\/a><\/p>\n","protected":false},"excerpt":{"rendered":"<p>Studium J\u0119zyk\u00f3w Obcych aktywnie uczestniczy w opracowaniu oferty podnoszenia kompetencji j\u0119zykowych pracownik\u00f3w Politechniki Bia\u0142ostockiej w<\/p>\n","protected":false},"author":6,"featured_media":0,"parent":0,"menu_order":0,"comment_status":"closed","ping_status":"closed","template":"","meta":{"_acf_changed":false,"ngg_post_thumbnail":0,"footnotes":""},"class_list":["post-5005","page","type-page","status-publish","hentry"],"acf":[],"yoast_head":"<!-- This site is optimized with the Yoast SEO plugin v27.0 - https:\/\/yoast.com\/product\/yoast-seo-wordpress\/ -->\n<title>PB2020 \u2013 Zintegrowany Program Rozwoju Politechniki Bia\u0142ostockiej - Studium J\u0119zyk\u00f3w Obcych<\/title>\n<meta name=\"description\" content=\"Studium J\u0119zyk\u00f3w Obcych aktywnie uczestniczy w opracowaniu oferty podnoszenia kompetencji j\u0119zykowych pracownik\u00f3w Politechniki Bia\u0142ostockiej w ramach\" \/>\n<meta name=\"robots\" content=\"index, follow, max-snippet:-1, max-image-preview:large, max-video-preview:-1\" \/>\n<link rel=\"canonical\" href=\"https:\/\/pb.edu.pl\/sjo\/projekty\/\" \/>\n<meta property=\"og:locale\" content=\"pl_PL\" \/>\n<meta property=\"og:type\" content=\"article\" \/>\n<meta property=\"og:title\" content=\"PB2020 \u2013 Zintegrowany Program Rozwoju Politechniki Bia\u0142ostockiej - Studium J\u0119zyk\u00f3w Obcych\" \/>\n<meta property=\"og:description\" content=\"Studium J\u0119zyk\u00f3w Obcych aktywnie uczestniczy w opracowaniu oferty podnoszenia kompetencji j\u0119zykowych pracownik\u00f3w Politechniki Bia\u0142ostockiej w ramach\" \/>\n<meta property=\"og:url\" content=\"https:\/\/pb.edu.pl\/sjo\/projekty\/\" \/>\n<meta property=\"og:site_name\" content=\"Studium J\u0119zyk\u00f3w Obcych\" \/>\n<meta property=\"article:modified_time\" content=\"2022-02-25T14:35:03+00:00\" \/>\n<meta name=\"twitter:label1\" content=\"Szacowany czas czytania\" \/>\n\t<meta name=\"twitter:data1\" content=\"1 minuta\" \/>\n<script type=\"application\/ld+json\" class=\"yoast-schema-graph\">{\"@context\":\"https:\/\/schema.org\",\"@graph\":[{\"@type\":\"WebPage\",\"@id\":\"https:\/\/pb.edu.pl\/sjo\/projekty\/\",\"url\":\"https:\/\/pb.edu.pl\/sjo\/projekty\/\",\"name\":\"PB2020 \u2013 Zintegrowany Program Rozwoju Politechniki Bia\u0142ostockiej - Studium J\u0119zyk\u00f3w Obcych\",\"isPartOf\":{\"@id\":\"https:\/\/pb.edu.pl\/sjo\/#website\"},\"datePublished\":\"2018-05-27T16:29:08+00:00\",\"dateModified\":\"2022-02-25T14:35:03+00:00\",\"description\":\"Studium J\u0119zyk\u00f3w Obcych aktywnie uczestniczy w opracowaniu oferty podnoszenia kompetencji j\u0119zykowych pracownik\u00f3w Politechniki Bia\u0142ostockiej w ramach\",\"breadcrumb\":{\"@id\":\"https:\/\/pb.edu.pl\/sjo\/projekty\/#breadcrumb\"},\"inLanguage\":\"pl-PL\",\"potentialAction\":[{\"@type\":\"ReadAction\",\"target\":[\"https:\/\/pb.edu.pl\/sjo\/projekty\/\"]}]},{\"@type\":\"BreadcrumbList\",\"@id\":\"https:\/\/pb.edu.pl\/sjo\/projekty\/#breadcrumb\",\"itemListElement\":[{\"@type\":\"ListItem\",\"position\":1,\"name\":\"Home\",\"item\":\"https:\/\/pb.edu.pl\/sjo\/\"},{\"@type\":\"ListItem\",\"position\":2,\"name\":\"PB2020 \u2013 Zintegrowany Program Rozwoju Politechniki Bia\u0142ostockiej\"}]},{\"@type\":\"WebSite\",\"@id\":\"https:\/\/pb.edu.pl\/sjo\/#website\",\"url\":\"https:\/\/pb.edu.pl\/sjo\/\",\"name\":\"Studium J\u0119zyk\u00f3w Obcych\",\"description\":\"\",\"potentialAction\":[{\"@type\":\"SearchAction\",\"target\":{\"@type\":\"EntryPoint\",\"urlTemplate\":\"https:\/\/pb.edu.pl\/sjo\/?s={search_term_string}\"},\"query-input\":{\"@type\":\"PropertyValueSpecification\",\"valueRequired\":true,\"valueName\":\"search_term_string\"}}],\"inLanguage\":\"pl-PL\"}]}<\/script>\n<!-- \/ Yoast SEO plugin. -->","yoast_head_json":{"title":"PB2020 \u2013 Zintegrowany Program Rozwoju Politechniki Bia\u0142ostockiej - Studium J\u0119zyk\u00f3w Obcych","description":"Studium J\u0119zyk\u00f3w Obcych aktywnie uczestniczy w opracowaniu oferty podnoszenia kompetencji j\u0119zykowych pracownik\u00f3w Politechniki Bia\u0142ostockiej w ramach","robots":{"index":"index","follow":"follow","max-snippet":"max-snippet:-1","max-image-preview":"max-image-preview:large","max-video-preview":"max-video-preview:-1"},"canonical":"https:\/\/pb.edu.pl\/sjo\/projekty\/","og_locale":"pl_PL","og_type":"article","og_title":"PB2020 \u2013 Zintegrowany Program Rozwoju Politechniki Bia\u0142ostockiej - Studium J\u0119zyk\u00f3w Obcych","og_description":"Studium J\u0119zyk\u00f3w Obcych aktywnie uczestniczy w opracowaniu oferty podnoszenia kompetencji j\u0119zykowych pracownik\u00f3w Politechniki Bia\u0142ostockiej w ramach","og_url":"https:\/\/pb.edu.pl\/sjo\/projekty\/","og_site_name":"Studium J\u0119zyk\u00f3w Obcych","article_modified_time":"2022-02-25T14:35:03+00:00","twitter_misc":{"Szacowany czas czytania":"1 minuta"},"schema":{"@context":"https:\/\/schema.org","@graph":[{"@type":"WebPage","@id":"https:\/\/pb.edu.pl\/sjo\/projekty\/","url":"https:\/\/pb.edu.pl\/sjo\/projekty\/","name":"PB2020 \u2013 Zintegrowany Program Rozwoju Politechniki Bia\u0142ostockiej - Studium J\u0119zyk\u00f3w Obcych","isPartOf":{"@id":"https:\/\/pb.edu.pl\/sjo\/#website"},"datePublished":"2018-05-27T16:29:08+00:00","dateModified":"2022-02-25T14:35:03+00:00","description":"Studium J\u0119zyk\u00f3w Obcych aktywnie uczestniczy w opracowaniu oferty podnoszenia kompetencji j\u0119zykowych pracownik\u00f3w Politechniki Bia\u0142ostockiej w ramach","breadcrumb":{"@id":"https:\/\/pb.edu.pl\/sjo\/projekty\/#breadcrumb"},"inLanguage":"pl-PL","potentialAction":[{"@type":"ReadAction","target":["https:\/\/pb.edu.pl\/sjo\/projekty\/"]}]},{"@type":"BreadcrumbList","@id":"https:\/\/pb.edu.pl\/sjo\/projekty\/#breadcrumb","itemListElement":[{"@type":"ListItem","position":1,"name":"Home","item":"https:\/\/pb.edu.pl\/sjo\/"},{"@type":"ListItem","position":2,"name":"PB2020 \u2013 Zintegrowany Program Rozwoju Politechniki Bia\u0142ostockiej"}]},{"@type":"WebSite","@id":"https:\/\/pb.edu.pl\/sjo\/#website","url":"https:\/\/pb.edu.pl\/sjo\/","name":"Studium J\u0119zyk\u00f3w Obcych","description":"","potentialAction":[{"@type":"SearchAction","target":{"@type":"EntryPoint","urlTemplate":"https:\/\/pb.edu.pl\/sjo\/?s={search_term_string}"},"query-input":{"@type":"PropertyValueSpecification","valueRequired":true,"valueName":"search_term_string"}}],"inLanguage":"pl-PL"}]}},"_links":{"self":[{"href":"https:\/\/pb.edu.pl\/sjo\/wp-json\/wp\/v2\/pages\/5005","targetHints":{"allow":["GET"]}}],"collection":[{"href":"https:\/\/pb.edu.pl\/sjo\/wp-json\/wp\/v2\/pages"}],"about":[{"href":"https:\/\/pb.edu.pl\/sjo\/wp-json\/wp\/v2\/types\/page"}],"author":[{"embeddable":true,"href":"https:\/\/pb.edu.pl\/sjo\/wp-json\/wp\/v2\/users\/6"}],"replies":[{"embeddable":true,"href":"https:\/\/pb.edu.pl\/sjo\/wp-json\/wp\/v2\/comments?post=5005"}],"version-history":[{"count":0,"href":"https:\/\/pb.edu.pl\/sjo\/wp-json\/wp\/v2\/pages\/5005\/revisions"}],"wp:attachment":[{"href":"https:\/\/pb.edu.pl\/sjo\/wp-json\/wp\/v2\/media?parent=5005"}],"curies":[{"name":"wp","href":"https:\/\/api.w.org\/{rel}","templated":true}]}}