{"id":4415,"date":"2018-04-25T16:58:09","date_gmt":"2018-04-25T14:58:09","guid":{"rendered":"https:\/\/pb.edu.pl\/sjo\/?page_id=4415"},"modified":"2022-10-05T14:27:19","modified_gmt":"2022-10-05T12:27:19","slug":"konkurs-piosenki-obcojezycznej-2018","status":"publish","type":"page","link":"https:\/\/pb.edu.pl\/sjo\/dla-studenta\/ciekawe-uzyteczne\/konkursy-jezykowe\/konkurs-piosenki-obcojezycznej-2018\/","title":{"rendered":"Konkurs piosenki obcoj\u0119zycznej 2018"},"content":{"rendered":"<p><img loading=\"lazy\" decoding=\"async\" class=\"alignnone size-full wp-image-4978\" src=\"https:\/\/pb.edu.pl\/sjo\/wp-content\/uploads\/sites\/9\/2018\/05\/wyniki-konkursu-piosenki-obcoj\u0119zycznej-2018.jpg\" alt=\"Baner Wyniki konkursu piosenki obcoj\u0119zycznej\" width=\"1366\" height=\"399\" srcset=\"https:\/\/pb.edu.pl\/sjo\/wp-content\/uploads\/sites\/9\/2018\/05\/wyniki-konkursu-piosenki-obcoj\u0119zycznej-2018.jpg 1366w, https:\/\/pb.edu.pl\/sjo\/wp-content\/uploads\/sites\/9\/2018\/05\/wyniki-konkursu-piosenki-obcoj\u0119zycznej-2018-300x88.jpg 300w, https:\/\/pb.edu.pl\/sjo\/wp-content\/uploads\/sites\/9\/2018\/05\/wyniki-konkursu-piosenki-obcoj\u0119zycznej-2018-768x224.jpg 768w, https:\/\/pb.edu.pl\/sjo\/wp-content\/uploads\/sites\/9\/2018\/05\/wyniki-konkursu-piosenki-obcoj\u0119zycznej-2018-1024x299.jpg 1024w\" sizes=\"auto, (max-width: 1366px) 100vw, 1366px\" \/><\/p>\n<p>21 maja w klubie Gwint odby\u0142a si\u0119 4. edycja organizowanego przez Studium J\u0119zyk\u00f3w Obcych Konkursu Piosenki Obcoj\u0119zycznej. W tym roku impreza mia\u0142a mi\u0119dzynarodow\u0105 obsad\u0119; w\u015br\u00f3d wykonawc\u00f3w, opr\u00f3cz student\u00f3w Politechniki i uczni\u00f3w dzia\u0142aj\u0105cego przy uczelni liceum, pojawili si\u0119 studiuj\u0105cy u nas uczestnicy z Ghany i Ukrainy. Dodatkowo rang\u0119 imprezy podnios\u0142a obecno\u015b\u0107 na widowni Pani Prorektor ds. Kszta\u0142cenia i Wsp\u00f3\u0142pracy Mi\u0119dzynarodowej, dr hab. in\u017c. Marty Kosior-Kazberuk, prof PB.<\/p>\n<p>Jury, pod przewodnictwem Pani Kierownik SJO, mgr Wioletty Omelianiuk, opr\u00f3cz wra\u017cenia artystycznego i strony wokalno-muzycznej, ocenia\u0142o tak\u017ce poprawno\u015b\u0107 j\u0119zykow\u0105 prezentowanych utwor\u00f3w.<\/p>\n<p>Fundatorem najcenniejszych nagr\u00f3d za 3 pierwsze miejsca by\u0142 klub sportowy Jagiellonia Bia\u0142ystok (zestawy: karnet na rund\u0119 jesienn\u0105, koszulka z podpisami zawodnik\u00f3w, szalik, gad\u017cety klubowe). Sie\u0107 kin Helios ufundowa\u0142a bilety do kina i ksi\u0105\u017cki, Pijalnia Czekolady E.Wedel trzy podw\u00f3jne zaproszenia do kawiarni, Fikoland pi\u0119\u0107 bilet\u00f3w wst\u0119pu, a Biuro Karier PB \u2013 ga\u017cety. Swoje nagrody przyznali tak\u017ce organizatorzy konkursu oraz obecny na sali przedstawiciel Mi\u0119dzynarodowego Festiwalu Film\u00f3w Kr\u00f3tkometra\u017cowych \u017bubroffka.<\/p>\n<p>&nbsp;<\/p>\n<p><strong>Lista laureat\u00f3w:<\/strong><\/p>\n<p><strong>1 miejsce<\/strong> Julia Top\u00f3r i Ma\u0142gorzata Rudnik (LO PB) za niezwyk\u0142e porozumienie sceniczne i wzruszaj\u0105c\u0105 interpretacj\u0119 na dwa g\u0142osy utworu \u201eMillion Reasons\u201d Lady Gagi<\/p>\n<p><strong>2 miejsce<\/strong> Karolina Polkowska (IiE III rok) za blisk\u0105 orygina\u0142u barw\u0119 g\u0142osu, ujmuj\u0105cy u\u015bmiech i swobod\u0119 wykonania utworu z repertuaru Adele \u201eRolling in the Deep\u201d<\/p>\n<p><strong>3 miejsce<\/strong> Barbara Kuc (AiR III rok) za poetyckie i zaanga\u017cowane wykonanie tradycyjnej pie\u015bni \u201eDorogoj dlinnoju\u201d z w\u0142asnym akompaniamentem gitarowym<\/p>\n<p>&nbsp;<\/p>\n<p><strong>Wyr\u00f3\u017cnienia<\/strong><\/p>\n<p>Pawe\u0142 Kaczmarczyk (IiE II rok)&nbsp; za dalek\u0105 od bana\u0142u interpretacj\u0119 utworu Justina Biebera \u201eLove Yourself\u201d<\/p>\n<p>Kacper Jermacz i Szymon Truszkowski (IRSiL II rok) za brawurowo wykonany utw\u00f3r \u201eLady\u201d Modjo.<\/p>\n<p>&nbsp;<\/p>\n<p><strong>Nagrody organizator\u00f3w<\/strong><\/p>\n<p>Hubert Skrodzki (AK II rok) za wra\u017cliwo\u015b\u0107 muzyczn\u0105 w wykonanym z ukulele utworze \u201eRiptide\u201d (Vance Joy)<\/p>\n<p>Albina Shtanko (Ukraina, Zarz\u0105dzanie, II stopie\u0144) za przejmuj\u0105ce wykonanie utworu \u201eMama\u201d Eleny Eseniny<\/p>\n<p>&nbsp;<\/p>\n<p><strong>Nagroda specjalna MFFK \u017bubroffka<\/strong><\/p>\n<p>Emmanuel Kofi Amako (Ghana, Zarz\u0105dzanie) za du\u017c\u0105 muzykalno\u015b\u0107 i swobodne&nbsp; wykonanie utworu \u201eKingston Town\u201d grupy UB 40<\/p>\n<p>&nbsp;<\/p>\n<p><strong>Organizatorzy:<\/strong> Irena Kami\u0144ska, Liliana Sienkiewicz. Wojciech Rogalski<\/p>\n<p>&nbsp;<\/p>\n<p><strong>SPONSORZY:<\/strong><\/p>\n<p><img loading=\"lazy\" decoding=\"async\" class=\"alignnone size-full wp-image-4973\" src=\"https:\/\/pb.edu.pl\/sjo\/wp-content\/uploads\/sites\/9\/2018\/05\/Konkurs-piosenki-2018-sponsorzy.png\" alt=\"Konkurs piosenki 2018 - sponsorzy\" width=\"1631\" height=\"663\" srcset=\"https:\/\/pb.edu.pl\/sjo\/wp-content\/uploads\/sites\/9\/2018\/05\/Konkurs-piosenki-2018-sponsorzy.png 1631w, https:\/\/pb.edu.pl\/sjo\/wp-content\/uploads\/sites\/9\/2018\/05\/Konkurs-piosenki-2018-sponsorzy-300x122.png 300w, https:\/\/pb.edu.pl\/sjo\/wp-content\/uploads\/sites\/9\/2018\/05\/Konkurs-piosenki-2018-sponsorzy-768x312.png 768w, https:\/\/pb.edu.pl\/sjo\/wp-content\/uploads\/sites\/9\/2018\/05\/Konkurs-piosenki-2018-sponsorzy-1024x416.png 1024w\" sizes=\"auto, (max-width: 1631px) 100vw, 1631px\" \/><\/p>\n","protected":false},"excerpt":{"rendered":"<p>21 maja w klubie Gwint odby\u0142a si\u0119 4. edycja organizowanego przez Studium J\u0119zyk\u00f3w Obcych Konkursu<\/p>\n","protected":false},"author":6,"featured_media":0,"parent":103,"menu_order":0,"comment_status":"closed","ping_status":"closed","template":"","meta":{"_acf_changed":false,"ngg_post_thumbnail":0,"footnotes":""},"class_list":["post-4415","page","type-page","status-publish","hentry"],"acf":[],"yoast_head":"<!-- This site is optimized with the Yoast SEO plugin v27.0 - https:\/\/yoast.com\/product\/yoast-seo-wordpress\/ -->\n<title>Konkurs piosenki obcoj\u0119zycznej 2018 - Studium J\u0119zyk\u00f3w Obcych<\/title>\n<meta name=\"description\" content=\"21 maja w klubie Gwint odby\u0142a si\u0119 4. edycja organizowanego przez Studium J\u0119zyk\u00f3w Obcych Konkursu Piosenki Obcoj\u0119zycznej. W tym roku impreza mia\u0142a\" \/>\n<meta name=\"robots\" content=\"index, follow, max-snippet:-1, max-image-preview:large, max-video-preview:-1\" \/>\n<link rel=\"canonical\" href=\"https:\/\/pb.edu.pl\/sjo\/dla-studenta\/ciekawe-uzyteczne\/konkursy-jezykowe\/konkurs-piosenki-obcojezycznej-2018\/\" \/>\n<meta property=\"og:locale\" content=\"pl_PL\" \/>\n<meta property=\"og:type\" content=\"article\" \/>\n<meta property=\"og:title\" content=\"Konkurs piosenki obcoj\u0119zycznej 2018 - Studium J\u0119zyk\u00f3w Obcych\" \/>\n<meta property=\"og:description\" content=\"21 maja w klubie Gwint odby\u0142a si\u0119 4. edycja organizowanego przez Studium J\u0119zyk\u00f3w Obcych Konkursu Piosenki Obcoj\u0119zycznej. W tym roku impreza mia\u0142a\" \/>\n<meta property=\"og:url\" content=\"https:\/\/pb.edu.pl\/sjo\/dla-studenta\/ciekawe-uzyteczne\/konkursy-jezykowe\/konkurs-piosenki-obcojezycznej-2018\/\" \/>\n<meta property=\"og:site_name\" content=\"Studium J\u0119zyk\u00f3w Obcych\" \/>\n<meta property=\"article:modified_time\" content=\"2022-10-05T12:27:19+00:00\" \/>\n<meta property=\"og:image\" content=\"https:\/\/pb.edu.pl\/sjo\/wp-content\/uploads\/sites\/9\/2018\/05\/Konkurs-piosenki-2018-sponsorzy.png\" \/>\n<meta name=\"twitter:label1\" content=\"Szacowany czas czytania\" \/>\n\t<meta name=\"twitter:data1\" content=\"2 minuty\" \/>\n<script type=\"application\/ld+json\" class=\"yoast-schema-graph\">{\"@context\":\"https:\/\/schema.org\",\"@graph\":[{\"@type\":\"WebPage\",\"@id\":\"https:\/\/pb.edu.pl\/sjo\/dla-studenta\/ciekawe-uzyteczne\/konkursy-jezykowe\/konkurs-piosenki-obcojezycznej-2018\/\",\"url\":\"https:\/\/pb.edu.pl\/sjo\/dla-studenta\/ciekawe-uzyteczne\/konkursy-jezykowe\/konkurs-piosenki-obcojezycznej-2018\/\",\"name\":\"Konkurs piosenki obcoj\u0119zycznej 2018 - Studium J\u0119zyk\u00f3w Obcych\",\"isPartOf\":{\"@id\":\"https:\/\/pb.edu.pl\/sjo\/#website\"},\"primaryImageOfPage\":{\"@id\":\"https:\/\/pb.edu.pl\/sjo\/dla-studenta\/ciekawe-uzyteczne\/konkursy-jezykowe\/konkurs-piosenki-obcojezycznej-2018\/#primaryimage\"},\"image\":{\"@id\":\"https:\/\/pb.edu.pl\/sjo\/dla-studenta\/ciekawe-uzyteczne\/konkursy-jezykowe\/konkurs-piosenki-obcojezycznej-2018\/#primaryimage\"},\"thumbnailUrl\":\"https:\/\/pb.edu.pl\/sjo\/wp-content\/uploads\/sites\/9\/2018\/05\/Konkurs-piosenki-2018-sponsorzy.png\",\"datePublished\":\"2018-04-25T14:58:09+00:00\",\"dateModified\":\"2022-10-05T12:27:19+00:00\",\"description\":\"21 maja w klubie Gwint odby\u0142a si\u0119 4. edycja organizowanego przez Studium J\u0119zyk\u00f3w Obcych Konkursu Piosenki Obcoj\u0119zycznej. W tym roku impreza mia\u0142a\",\"breadcrumb\":{\"@id\":\"https:\/\/pb.edu.pl\/sjo\/dla-studenta\/ciekawe-uzyteczne\/konkursy-jezykowe\/konkurs-piosenki-obcojezycznej-2018\/#breadcrumb\"},\"inLanguage\":\"pl-PL\",\"potentialAction\":[{\"@type\":\"ReadAction\",\"target\":[\"https:\/\/pb.edu.pl\/sjo\/dla-studenta\/ciekawe-uzyteczne\/konkursy-jezykowe\/konkurs-piosenki-obcojezycznej-2018\/\"]}]},{\"@type\":\"ImageObject\",\"inLanguage\":\"pl-PL\",\"@id\":\"https:\/\/pb.edu.pl\/sjo\/dla-studenta\/ciekawe-uzyteczne\/konkursy-jezykowe\/konkurs-piosenki-obcojezycznej-2018\/#primaryimage\",\"url\":\"https:\/\/pb.edu.pl\/sjo\/wp-content\/uploads\/sites\/9\/2018\/05\/Konkurs-piosenki-2018-sponsorzy.png\",\"contentUrl\":\"https:\/\/pb.edu.pl\/sjo\/wp-content\/uploads\/sites\/9\/2018\/05\/Konkurs-piosenki-2018-sponsorzy.png\",\"width\":1631,\"height\":663,\"caption\":\"Konkurs piosenki 2018 - sponsorzy\"},{\"@type\":\"BreadcrumbList\",\"@id\":\"https:\/\/pb.edu.pl\/sjo\/dla-studenta\/ciekawe-uzyteczne\/konkursy-jezykowe\/konkurs-piosenki-obcojezycznej-2018\/#breadcrumb\",\"itemListElement\":[{\"@type\":\"ListItem\",\"position\":1,\"name\":\"Home\",\"item\":\"https:\/\/pb.edu.pl\/sjo\/\"},{\"@type\":\"ListItem\",\"position\":2,\"name\":\"Studiuj\u0119 w PB\",\"item\":\"https:\/\/pb.edu.pl\/sjo\/dla-studenta\/\"},{\"@type\":\"ListItem\",\"position\":3,\"name\":\"Ciekawe i u\u017cyteczne\",\"item\":\"https:\/\/pb.edu.pl\/sjo\/dla-studenta\/ciekawe-uzyteczne\/\"},{\"@type\":\"ListItem\",\"position\":4,\"name\":\"Konkursy j\u0119zykowe\",\"item\":\"https:\/\/pb.edu.pl\/sjo\/dla-studenta\/ciekawe-uzyteczne\/konkursy-jezykowe\/\"},{\"@type\":\"ListItem\",\"position\":5,\"name\":\"Konkurs piosenki obcoj\u0119zycznej 2018\"}]},{\"@type\":\"WebSite\",\"@id\":\"https:\/\/pb.edu.pl\/sjo\/#website\",\"url\":\"https:\/\/pb.edu.pl\/sjo\/\",\"name\":\"Studium J\u0119zyk\u00f3w Obcych\",\"description\":\"\",\"potentialAction\":[{\"@type\":\"SearchAction\",\"target\":{\"@type\":\"EntryPoint\",\"urlTemplate\":\"https:\/\/pb.edu.pl\/sjo\/?s={search_term_string}\"},\"query-input\":{\"@type\":\"PropertyValueSpecification\",\"valueRequired\":true,\"valueName\":\"search_term_string\"}}],\"inLanguage\":\"pl-PL\"}]}<\/script>\n<!-- \/ Yoast SEO plugin. -->","yoast_head_json":{"title":"Konkurs piosenki obcoj\u0119zycznej 2018 - Studium J\u0119zyk\u00f3w Obcych","description":"21 maja w klubie Gwint odby\u0142a si\u0119 4. edycja organizowanego przez Studium J\u0119zyk\u00f3w Obcych Konkursu Piosenki Obcoj\u0119zycznej. W tym roku impreza mia\u0142a","robots":{"index":"index","follow":"follow","max-snippet":"max-snippet:-1","max-image-preview":"max-image-preview:large","max-video-preview":"max-video-preview:-1"},"canonical":"https:\/\/pb.edu.pl\/sjo\/dla-studenta\/ciekawe-uzyteczne\/konkursy-jezykowe\/konkurs-piosenki-obcojezycznej-2018\/","og_locale":"pl_PL","og_type":"article","og_title":"Konkurs piosenki obcoj\u0119zycznej 2018 - Studium J\u0119zyk\u00f3w Obcych","og_description":"21 maja w klubie Gwint odby\u0142a si\u0119 4. edycja organizowanego przez Studium J\u0119zyk\u00f3w Obcych Konkursu Piosenki Obcoj\u0119zycznej. W tym roku impreza mia\u0142a","og_url":"https:\/\/pb.edu.pl\/sjo\/dla-studenta\/ciekawe-uzyteczne\/konkursy-jezykowe\/konkurs-piosenki-obcojezycznej-2018\/","og_site_name":"Studium J\u0119zyk\u00f3w Obcych","article_modified_time":"2022-10-05T12:27:19+00:00","og_image":[{"url":"https:\/\/pb.edu.pl\/sjo\/wp-content\/uploads\/sites\/9\/2018\/05\/Konkurs-piosenki-2018-sponsorzy.png","type":"","width":"","height":""}],"twitter_misc":{"Szacowany czas czytania":"2 minuty"},"schema":{"@context":"https:\/\/schema.org","@graph":[{"@type":"WebPage","@id":"https:\/\/pb.edu.pl\/sjo\/dla-studenta\/ciekawe-uzyteczne\/konkursy-jezykowe\/konkurs-piosenki-obcojezycznej-2018\/","url":"https:\/\/pb.edu.pl\/sjo\/dla-studenta\/ciekawe-uzyteczne\/konkursy-jezykowe\/konkurs-piosenki-obcojezycznej-2018\/","name":"Konkurs piosenki obcoj\u0119zycznej 2018 - Studium J\u0119zyk\u00f3w Obcych","isPartOf":{"@id":"https:\/\/pb.edu.pl\/sjo\/#website"},"primaryImageOfPage":{"@id":"https:\/\/pb.edu.pl\/sjo\/dla-studenta\/ciekawe-uzyteczne\/konkursy-jezykowe\/konkurs-piosenki-obcojezycznej-2018\/#primaryimage"},"image":{"@id":"https:\/\/pb.edu.pl\/sjo\/dla-studenta\/ciekawe-uzyteczne\/konkursy-jezykowe\/konkurs-piosenki-obcojezycznej-2018\/#primaryimage"},"thumbnailUrl":"https:\/\/pb.edu.pl\/sjo\/wp-content\/uploads\/sites\/9\/2018\/05\/Konkurs-piosenki-2018-sponsorzy.png","datePublished":"2018-04-25T14:58:09+00:00","dateModified":"2022-10-05T12:27:19+00:00","description":"21 maja w klubie Gwint odby\u0142a si\u0119 4. edycja organizowanego przez Studium J\u0119zyk\u00f3w Obcych Konkursu Piosenki Obcoj\u0119zycznej. W tym roku impreza mia\u0142a","breadcrumb":{"@id":"https:\/\/pb.edu.pl\/sjo\/dla-studenta\/ciekawe-uzyteczne\/konkursy-jezykowe\/konkurs-piosenki-obcojezycznej-2018\/#breadcrumb"},"inLanguage":"pl-PL","potentialAction":[{"@type":"ReadAction","target":["https:\/\/pb.edu.pl\/sjo\/dla-studenta\/ciekawe-uzyteczne\/konkursy-jezykowe\/konkurs-piosenki-obcojezycznej-2018\/"]}]},{"@type":"ImageObject","inLanguage":"pl-PL","@id":"https:\/\/pb.edu.pl\/sjo\/dla-studenta\/ciekawe-uzyteczne\/konkursy-jezykowe\/konkurs-piosenki-obcojezycznej-2018\/#primaryimage","url":"https:\/\/pb.edu.pl\/sjo\/wp-content\/uploads\/sites\/9\/2018\/05\/Konkurs-piosenki-2018-sponsorzy.png","contentUrl":"https:\/\/pb.edu.pl\/sjo\/wp-content\/uploads\/sites\/9\/2018\/05\/Konkurs-piosenki-2018-sponsorzy.png","width":1631,"height":663,"caption":"Konkurs piosenki 2018 - sponsorzy"},{"@type":"BreadcrumbList","@id":"https:\/\/pb.edu.pl\/sjo\/dla-studenta\/ciekawe-uzyteczne\/konkursy-jezykowe\/konkurs-piosenki-obcojezycznej-2018\/#breadcrumb","itemListElement":[{"@type":"ListItem","position":1,"name":"Home","item":"https:\/\/pb.edu.pl\/sjo\/"},{"@type":"ListItem","position":2,"name":"Studiuj\u0119 w PB","item":"https:\/\/pb.edu.pl\/sjo\/dla-studenta\/"},{"@type":"ListItem","position":3,"name":"Ciekawe i u\u017cyteczne","item":"https:\/\/pb.edu.pl\/sjo\/dla-studenta\/ciekawe-uzyteczne\/"},{"@type":"ListItem","position":4,"name":"Konkursy j\u0119zykowe","item":"https:\/\/pb.edu.pl\/sjo\/dla-studenta\/ciekawe-uzyteczne\/konkursy-jezykowe\/"},{"@type":"ListItem","position":5,"name":"Konkurs piosenki obcoj\u0119zycznej 2018"}]},{"@type":"WebSite","@id":"https:\/\/pb.edu.pl\/sjo\/#website","url":"https:\/\/pb.edu.pl\/sjo\/","name":"Studium J\u0119zyk\u00f3w Obcych","description":"","potentialAction":[{"@type":"SearchAction","target":{"@type":"EntryPoint","urlTemplate":"https:\/\/pb.edu.pl\/sjo\/?s={search_term_string}"},"query-input":{"@type":"PropertyValueSpecification","valueRequired":true,"valueName":"search_term_string"}}],"inLanguage":"pl-PL"}]}},"_links":{"self":[{"href":"https:\/\/pb.edu.pl\/sjo\/wp-json\/wp\/v2\/pages\/4415","targetHints":{"allow":["GET"]}}],"collection":[{"href":"https:\/\/pb.edu.pl\/sjo\/wp-json\/wp\/v2\/pages"}],"about":[{"href":"https:\/\/pb.edu.pl\/sjo\/wp-json\/wp\/v2\/types\/page"}],"author":[{"embeddable":true,"href":"https:\/\/pb.edu.pl\/sjo\/wp-json\/wp\/v2\/users\/6"}],"replies":[{"embeddable":true,"href":"https:\/\/pb.edu.pl\/sjo\/wp-json\/wp\/v2\/comments?post=4415"}],"version-history":[{"count":0,"href":"https:\/\/pb.edu.pl\/sjo\/wp-json\/wp\/v2\/pages\/4415\/revisions"}],"up":[{"embeddable":true,"href":"https:\/\/pb.edu.pl\/sjo\/wp-json\/wp\/v2\/pages\/103"}],"wp:attachment":[{"href":"https:\/\/pb.edu.pl\/sjo\/wp-json\/wp\/v2\/media?parent=4415"}],"curies":[{"name":"wp","href":"https:\/\/api.w.org\/{rel}","templated":true}]}}