{"id":4343,"date":"2018-04-17T11:08:23","date_gmt":"2018-04-17T09:08:23","guid":{"rendered":"https:\/\/pb.edu.pl\/sjo\/?page_id=4343"},"modified":"2018-04-17T11:11:40","modified_gmt":"2018-04-17T09:11:40","slug":"academic-survival-skills-little-engines-of-success","status":"publish","type":"page","link":"https:\/\/pb.edu.pl\/sjo\/wydarzenia-sjo\/wydarzenia-archiwum\/academic-survival-skills-little-engines-of-success\/","title":{"rendered":"Academic Survival Skills: Little Engines of Success"},"content":{"rendered":"<p>13 kwietnia 2018 w SJO PB go\u015bcili\u015bmy profesora Kena Beatty, specjalist\u0119 lingwistyki stosowanej z Kanady. Prof. Beatty jest autorem ponad 72 podr\u0119cznik\u00f3w, pracowa\u0142 na uczelniach i w szko\u0142ach na kilku kontynentach, od wielu lat szkoli nauczycieli j\u0119zyk\u00f3w obcych. Przyjecha\u0142 do nas prosto z konferencji IATEFL w Brighton.<\/p>\n<p>W Studium J\u0119zyk\u00f3w Obcych Prof. Beatty prowadzi\u0142 szkolenie na temat nauczania j\u0119zyka przydatnego w \u015bwiecie akademickim. W bardzo barwny i zabawny spos\u00f3b pokaza\u0142, \u017ce w proces nauczania trzeba z ca\u0142ych si\u0142 anga\u017cowa\u0107 student\u00f3w, da\u0142 ciekawe przyk\u0142ady sytuacji, gdzie takie zaanga\u017cowanie pomaga przyswoi\u0107 nowe tre\u015bci. Szkolenie mia\u0142o cz\u0119\u015bciowo charakter warsztatowy i by\u0142o bardzo owocne. Prof. Beatty obieca\u0142 odwiedzi\u0107 nas ponownie \u2013 liczymy, \u017ce b\u0119dziemy mogli zorganizowa\u0107 wtedy zaj\u0119cia tak\u017ce dla student\u00f3w.<\/p>\n<p>Jeste\u015bmy bardzo wdzi\u0119czni Wydawnictwu Pearson i jego Pracownikom za zorganizowanie szkolenia w SJO PB.<\/p>\n<p>&nbsp;<\/p>\n<div id='gallery-1' class='gallery galleryid-4343 gallery-columns-2 gallery-size-full'><figure class='gallery-item'>\n\t\t\t<div class='gallery-icon landscape'>\n\t\t\t\t<a href='https:\/\/pb.edu.pl\/sjo\/2018\/04\/16\/academic-survival-skills-little-engines-of-success\/ken-beatty-01\/'><img loading=\"lazy\" decoding=\"async\" width=\"1159\" height=\"768\" src=\"https:\/\/pb.edu.pl\/sjo\/wp-content\/uploads\/sites\/9\/2018\/04\/Ken-Beatty-01.jpg\" class=\"attachment-full size-full\" alt=\"Ken Beatty w SJO\" srcset=\"https:\/\/pb.edu.pl\/sjo\/wp-content\/uploads\/sites\/9\/2018\/04\/Ken-Beatty-01.jpg 1159w, https:\/\/pb.edu.pl\/sjo\/wp-content\/uploads\/sites\/9\/2018\/04\/Ken-Beatty-01-300x200.jpg 300w, https:\/\/pb.edu.pl\/sjo\/wp-content\/uploads\/sites\/9\/2018\/04\/Ken-Beatty-01-1024x679.jpg 1024w, https:\/\/pb.edu.pl\/sjo\/wp-content\/uploads\/sites\/9\/2018\/04\/Ken-Beatty-01-768x509.jpg 768w\" sizes=\"auto, (max-width: 1159px) 100vw, 1159px\" \/><\/a>\n\t\t\t<\/div><\/figure><figure class='gallery-item'>\n\t\t\t<div class='gallery-icon landscape'>\n\t\t\t\t<a href='https:\/\/pb.edu.pl\/sjo\/2018\/04\/16\/academic-survival-skills-little-engines-of-success\/ken-beatty-02\/'><img loading=\"lazy\" decoding=\"async\" width=\"1147\" height=\"768\" src=\"https:\/\/pb.edu.pl\/sjo\/wp-content\/uploads\/sites\/9\/2018\/04\/Ken-Beatty-02.jpg\" class=\"attachment-full size-full\" alt=\"pracownicy SJO na spotkaniu z Kenem Beatty\" srcset=\"https:\/\/pb.edu.pl\/sjo\/wp-content\/uploads\/sites\/9\/2018\/04\/Ken-Beatty-02.jpg 1147w, https:\/\/pb.edu.pl\/sjo\/wp-content\/uploads\/sites\/9\/2018\/04\/Ken-Beatty-02-300x201.jpg 300w, https:\/\/pb.edu.pl\/sjo\/wp-content\/uploads\/sites\/9\/2018\/04\/Ken-Beatty-02-768x514.jpg 768w, https:\/\/pb.edu.pl\/sjo\/wp-content\/uploads\/sites\/9\/2018\/04\/Ken-Beatty-02-1024x686.jpg 1024w, https:\/\/pb.edu.pl\/sjo\/wp-content\/uploads\/sites\/9\/2018\/04\/Ken-Beatty-02-480x320.jpg 480w\" sizes=\"auto, (max-width: 1147px) 100vw, 1147px\" \/><\/a>\n\t\t\t<\/div><\/figure><figure class='gallery-item'>\n\t\t\t<div class='gallery-icon landscape'>\n\t\t\t\t<a href='https:\/\/pb.edu.pl\/sjo\/2018\/04\/16\/academic-survival-skills-little-engines-of-success\/ken-beatty-3\/'><img loading=\"lazy\" decoding=\"async\" width=\"1160\" height=\"768\" src=\"https:\/\/pb.edu.pl\/sjo\/wp-content\/uploads\/sites\/9\/2018\/04\/Ken-Beatty-3.jpg\" class=\"attachment-full size-full\" alt=\"fragment prezentacji Kena Beatty\" srcset=\"https:\/\/pb.edu.pl\/sjo\/wp-content\/uploads\/sites\/9\/2018\/04\/Ken-Beatty-3.jpg 1160w, https:\/\/pb.edu.pl\/sjo\/wp-content\/uploads\/sites\/9\/2018\/04\/Ken-Beatty-3-300x199.jpg 300w, https:\/\/pb.edu.pl\/sjo\/wp-content\/uploads\/sites\/9\/2018\/04\/Ken-Beatty-3-768x508.jpg 768w, https:\/\/pb.edu.pl\/sjo\/wp-content\/uploads\/sites\/9\/2018\/04\/Ken-Beatty-3-1024x678.jpg 1024w\" sizes=\"auto, (max-width: 1160px) 100vw, 1160px\" \/><\/a>\n\t\t\t<\/div><\/figure><figure class='gallery-item'>\n\t\t\t<div class='gallery-icon landscape'>\n\t\t\t\t<a href='https:\/\/pb.edu.pl\/sjo\/2018\/04\/16\/academic-survival-skills-little-engines-of-success\/ken-beatty-03\/'><img loading=\"lazy\" decoding=\"async\" width=\"1159\" height=\"768\" src=\"https:\/\/pb.edu.pl\/sjo\/wp-content\/uploads\/sites\/9\/2018\/04\/Ken-Beatty-03.jpg\" class=\"attachment-full size-full\" alt=\"pracownicy SJO na spotkaniu z Kenem Beatty\" srcset=\"https:\/\/pb.edu.pl\/sjo\/wp-content\/uploads\/sites\/9\/2018\/04\/Ken-Beatty-03.jpg 1159w, https:\/\/pb.edu.pl\/sjo\/wp-content\/uploads\/sites\/9\/2018\/04\/Ken-Beatty-03-300x199.jpg 300w, https:\/\/pb.edu.pl\/sjo\/wp-content\/uploads\/sites\/9\/2018\/04\/Ken-Beatty-03-768x509.jpg 768w, https:\/\/pb.edu.pl\/sjo\/wp-content\/uploads\/sites\/9\/2018\/04\/Ken-Beatty-03-1024x679.jpg 1024w\" sizes=\"auto, (max-width: 1159px) 100vw, 1159px\" \/><\/a>\n\t\t\t<\/div><\/figure><figure class='gallery-item'>\n\t\t\t<div class='gallery-icon landscape'>\n\t\t\t\t<a href='https:\/\/pb.edu.pl\/sjo\/2018\/04\/16\/academic-survival-skills-little-engines-of-success\/ken-beatty-04\/'><img loading=\"lazy\" decoding=\"async\" width=\"1160\" height=\"768\" src=\"https:\/\/pb.edu.pl\/sjo\/wp-content\/uploads\/sites\/9\/2018\/04\/Ken-Beatty-04.jpg\" class=\"attachment-full size-full\" alt=\"pracownicy SJO na spotkaniu z Kenem Beatty\" srcset=\"https:\/\/pb.edu.pl\/sjo\/wp-content\/uploads\/sites\/9\/2018\/04\/Ken-Beatty-04.jpg 1160w, https:\/\/pb.edu.pl\/sjo\/wp-content\/uploads\/sites\/9\/2018\/04\/Ken-Beatty-04-300x199.jpg 300w, https:\/\/pb.edu.pl\/sjo\/wp-content\/uploads\/sites\/9\/2018\/04\/Ken-Beatty-04-768x508.jpg 768w, https:\/\/pb.edu.pl\/sjo\/wp-content\/uploads\/sites\/9\/2018\/04\/Ken-Beatty-04-1024x678.jpg 1024w\" sizes=\"auto, (max-width: 1160px) 100vw, 1160px\" \/><\/a>\n\t\t\t<\/div><\/figure><figure class='gallery-item'>\n\t\t\t<div class='gallery-icon landscape'>\n\t\t\t\t<a href='https:\/\/pb.edu.pl\/sjo\/2018\/04\/16\/academic-survival-skills-little-engines-of-success\/ken-beatty-6\/'><img loading=\"lazy\" decoding=\"async\" width=\"1159\" height=\"768\" src=\"https:\/\/pb.edu.pl\/sjo\/wp-content\/uploads\/sites\/9\/2018\/04\/Ken-Beatty-6.jpg\" class=\"attachment-full size-full\" alt=\"pracownicy SJO na spotkaniu z Kenem Beatty\" srcset=\"https:\/\/pb.edu.pl\/sjo\/wp-content\/uploads\/sites\/9\/2018\/04\/Ken-Beatty-6.jpg 1159w, https:\/\/pb.edu.pl\/sjo\/wp-content\/uploads\/sites\/9\/2018\/04\/Ken-Beatty-6-300x199.jpg 300w, https:\/\/pb.edu.pl\/sjo\/wp-content\/uploads\/sites\/9\/2018\/04\/Ken-Beatty-6-768x509.jpg 768w, https:\/\/pb.edu.pl\/sjo\/wp-content\/uploads\/sites\/9\/2018\/04\/Ken-Beatty-6-1024x679.jpg 1024w\" sizes=\"auto, (max-width: 1159px) 100vw, 1159px\" \/><\/a>\n\t\t\t<\/div><\/figure>\n\t\t<\/div>\n\n","protected":false},"excerpt":{"rendered":"<p>13 kwietnia 2018 w SJO PB go\u015bcili\u015bmy profesora Kena Beatty, specjalist\u0119 lingwistyki stosowanej z Kanady.<\/p>\n","protected":false},"author":6,"featured_media":0,"parent":137,"menu_order":0,"comment_status":"closed","ping_status":"closed","template":"","meta":{"_acf_changed":false,"ngg_post_thumbnail":0,"footnotes":""},"class_list":["post-4343","page","type-page","status-publish","hentry"],"acf":[],"yoast_head":"<!-- This site is optimized with the Yoast SEO plugin v27.0 - https:\/\/yoast.com\/product\/yoast-seo-wordpress\/ -->\n<title>Academic Survival Skills: Little Engines of Success - Studium J\u0119zyk\u00f3w Obcych<\/title>\n<meta name=\"description\" content=\"13 kwietnia 2018 w SJO PB go\u015bcili\u015bmy profesora Kena Beatty, specjalist\u0119 lingwistyki stosowanej z Kanady. Prof. Beatty jest autorem ponad 72 podr\u0119cznik\u00f3w,\" \/>\n<meta name=\"robots\" content=\"index, follow, max-snippet:-1, max-image-preview:large, max-video-preview:-1\" \/>\n<link rel=\"canonical\" href=\"https:\/\/pb.edu.pl\/sjo\/wydarzenia-sjo\/wydarzenia-archiwum\/academic-survival-skills-little-engines-of-success\/\" \/>\n<meta property=\"og:locale\" content=\"pl_PL\" \/>\n<meta property=\"og:type\" content=\"article\" \/>\n<meta property=\"og:title\" content=\"Academic Survival Skills: Little Engines of Success - Studium J\u0119zyk\u00f3w Obcych\" \/>\n<meta property=\"og:description\" content=\"13 kwietnia 2018 w SJO PB go\u015bcili\u015bmy profesora Kena Beatty, specjalist\u0119 lingwistyki stosowanej z Kanady. Prof. Beatty jest autorem ponad 72 podr\u0119cznik\u00f3w,\" \/>\n<meta property=\"og:url\" content=\"https:\/\/pb.edu.pl\/sjo\/wydarzenia-sjo\/wydarzenia-archiwum\/academic-survival-skills-little-engines-of-success\/\" \/>\n<meta property=\"og:site_name\" content=\"Studium J\u0119zyk\u00f3w Obcych\" \/>\n<meta property=\"article:modified_time\" content=\"2018-04-17T09:11:40+00:00\" \/>\n<meta property=\"og:image\" content=\"https:\/\/pb.edu.pl\/sjo\/wp-content\/uploads\/sites\/9\/2018\/04\/Ken-Beatty-01.jpg\" \/>\n<meta name=\"twitter:label1\" content=\"Szacowany czas czytania\" \/>\n\t<meta name=\"twitter:data1\" content=\"1 minuta\" \/>\n<script type=\"application\/ld+json\" class=\"yoast-schema-graph\">{\"@context\":\"https:\/\/schema.org\",\"@graph\":[{\"@type\":\"WebPage\",\"@id\":\"https:\/\/pb.edu.pl\/sjo\/wydarzenia-sjo\/wydarzenia-archiwum\/academic-survival-skills-little-engines-of-success\/\",\"url\":\"https:\/\/pb.edu.pl\/sjo\/wydarzenia-sjo\/wydarzenia-archiwum\/academic-survival-skills-little-engines-of-success\/\",\"name\":\"Academic Survival Skills: Little Engines of Success - Studium J\u0119zyk\u00f3w Obcych\",\"isPartOf\":{\"@id\":\"https:\/\/pb.edu.pl\/sjo\/#website\"},\"datePublished\":\"2018-04-17T09:08:23+00:00\",\"dateModified\":\"2018-04-17T09:11:40+00:00\",\"description\":\"13 kwietnia 2018 w SJO PB go\u015bcili\u015bmy profesora Kena Beatty, specjalist\u0119 lingwistyki stosowanej z Kanady. Prof. Beatty jest autorem ponad 72 podr\u0119cznik\u00f3w,\",\"breadcrumb\":{\"@id\":\"https:\/\/pb.edu.pl\/sjo\/wydarzenia-sjo\/wydarzenia-archiwum\/academic-survival-skills-little-engines-of-success\/#breadcrumb\"},\"inLanguage\":\"pl-PL\",\"potentialAction\":[{\"@type\":\"ReadAction\",\"target\":[\"https:\/\/pb.edu.pl\/sjo\/wydarzenia-sjo\/wydarzenia-archiwum\/academic-survival-skills-little-engines-of-success\/\"]}]},{\"@type\":\"BreadcrumbList\",\"@id\":\"https:\/\/pb.edu.pl\/sjo\/wydarzenia-sjo\/wydarzenia-archiwum\/academic-survival-skills-little-engines-of-success\/#breadcrumb\",\"itemListElement\":[{\"@type\":\"ListItem\",\"position\":1,\"name\":\"Home\",\"item\":\"https:\/\/pb.edu.pl\/sjo\/\"},{\"@type\":\"ListItem\",\"position\":2,\"name\":\"Wydarzenia SJO\",\"item\":\"https:\/\/pb.edu.pl\/sjo\/wydarzenia-sjo\/\"},{\"@type\":\"ListItem\",\"position\":3,\"name\":\"Wydarzenia\",\"item\":\"https:\/\/pb.edu.pl\/sjo\/wydarzenia-sjo\/wydarzenia-archiwum\/\"},{\"@type\":\"ListItem\",\"position\":4,\"name\":\"Academic Survival Skills: Little Engines of Success\"}]},{\"@type\":\"WebSite\",\"@id\":\"https:\/\/pb.edu.pl\/sjo\/#website\",\"url\":\"https:\/\/pb.edu.pl\/sjo\/\",\"name\":\"Studium J\u0119zyk\u00f3w Obcych\",\"description\":\"\",\"potentialAction\":[{\"@type\":\"SearchAction\",\"target\":{\"@type\":\"EntryPoint\",\"urlTemplate\":\"https:\/\/pb.edu.pl\/sjo\/?s={search_term_string}\"},\"query-input\":{\"@type\":\"PropertyValueSpecification\",\"valueRequired\":true,\"valueName\":\"search_term_string\"}}],\"inLanguage\":\"pl-PL\"}]}<\/script>\n<!-- \/ Yoast SEO plugin. -->","yoast_head_json":{"title":"Academic Survival Skills: Little Engines of Success - Studium J\u0119zyk\u00f3w Obcych","description":"13 kwietnia 2018 w SJO PB go\u015bcili\u015bmy profesora Kena Beatty, specjalist\u0119 lingwistyki stosowanej z Kanady. Prof. Beatty jest autorem ponad 72 podr\u0119cznik\u00f3w,","robots":{"index":"index","follow":"follow","max-snippet":"max-snippet:-1","max-image-preview":"max-image-preview:large","max-video-preview":"max-video-preview:-1"},"canonical":"https:\/\/pb.edu.pl\/sjo\/wydarzenia-sjo\/wydarzenia-archiwum\/academic-survival-skills-little-engines-of-success\/","og_locale":"pl_PL","og_type":"article","og_title":"Academic Survival Skills: Little Engines of Success - Studium J\u0119zyk\u00f3w Obcych","og_description":"13 kwietnia 2018 w SJO PB go\u015bcili\u015bmy profesora Kena Beatty, specjalist\u0119 lingwistyki stosowanej z Kanady. Prof. Beatty jest autorem ponad 72 podr\u0119cznik\u00f3w,","og_url":"https:\/\/pb.edu.pl\/sjo\/wydarzenia-sjo\/wydarzenia-archiwum\/academic-survival-skills-little-engines-of-success\/","og_site_name":"Studium J\u0119zyk\u00f3w Obcych","article_modified_time":"2018-04-17T09:11:40+00:00","og_image":[{"url":"https:\/\/pb.edu.pl\/sjo\/wp-content\/uploads\/sites\/9\/2018\/04\/Ken-Beatty-01.jpg","type":"","width":"","height":""}],"twitter_misc":{"Szacowany czas czytania":"1 minuta"},"schema":{"@context":"https:\/\/schema.org","@graph":[{"@type":"WebPage","@id":"https:\/\/pb.edu.pl\/sjo\/wydarzenia-sjo\/wydarzenia-archiwum\/academic-survival-skills-little-engines-of-success\/","url":"https:\/\/pb.edu.pl\/sjo\/wydarzenia-sjo\/wydarzenia-archiwum\/academic-survival-skills-little-engines-of-success\/","name":"Academic Survival Skills: Little Engines of Success - Studium J\u0119zyk\u00f3w Obcych","isPartOf":{"@id":"https:\/\/pb.edu.pl\/sjo\/#website"},"datePublished":"2018-04-17T09:08:23+00:00","dateModified":"2018-04-17T09:11:40+00:00","description":"13 kwietnia 2018 w SJO PB go\u015bcili\u015bmy profesora Kena Beatty, specjalist\u0119 lingwistyki stosowanej z Kanady. Prof. Beatty jest autorem ponad 72 podr\u0119cznik\u00f3w,","breadcrumb":{"@id":"https:\/\/pb.edu.pl\/sjo\/wydarzenia-sjo\/wydarzenia-archiwum\/academic-survival-skills-little-engines-of-success\/#breadcrumb"},"inLanguage":"pl-PL","potentialAction":[{"@type":"ReadAction","target":["https:\/\/pb.edu.pl\/sjo\/wydarzenia-sjo\/wydarzenia-archiwum\/academic-survival-skills-little-engines-of-success\/"]}]},{"@type":"BreadcrumbList","@id":"https:\/\/pb.edu.pl\/sjo\/wydarzenia-sjo\/wydarzenia-archiwum\/academic-survival-skills-little-engines-of-success\/#breadcrumb","itemListElement":[{"@type":"ListItem","position":1,"name":"Home","item":"https:\/\/pb.edu.pl\/sjo\/"},{"@type":"ListItem","position":2,"name":"Wydarzenia SJO","item":"https:\/\/pb.edu.pl\/sjo\/wydarzenia-sjo\/"},{"@type":"ListItem","position":3,"name":"Wydarzenia","item":"https:\/\/pb.edu.pl\/sjo\/wydarzenia-sjo\/wydarzenia-archiwum\/"},{"@type":"ListItem","position":4,"name":"Academic Survival Skills: Little Engines of Success"}]},{"@type":"WebSite","@id":"https:\/\/pb.edu.pl\/sjo\/#website","url":"https:\/\/pb.edu.pl\/sjo\/","name":"Studium J\u0119zyk\u00f3w Obcych","description":"","potentialAction":[{"@type":"SearchAction","target":{"@type":"EntryPoint","urlTemplate":"https:\/\/pb.edu.pl\/sjo\/?s={search_term_string}"},"query-input":{"@type":"PropertyValueSpecification","valueRequired":true,"valueName":"search_term_string"}}],"inLanguage":"pl-PL"}]}},"_links":{"self":[{"href":"https:\/\/pb.edu.pl\/sjo\/wp-json\/wp\/v2\/pages\/4343","targetHints":{"allow":["GET"]}}],"collection":[{"href":"https:\/\/pb.edu.pl\/sjo\/wp-json\/wp\/v2\/pages"}],"about":[{"href":"https:\/\/pb.edu.pl\/sjo\/wp-json\/wp\/v2\/types\/page"}],"author":[{"embeddable":true,"href":"https:\/\/pb.edu.pl\/sjo\/wp-json\/wp\/v2\/users\/6"}],"replies":[{"embeddable":true,"href":"https:\/\/pb.edu.pl\/sjo\/wp-json\/wp\/v2\/comments?post=4343"}],"version-history":[{"count":0,"href":"https:\/\/pb.edu.pl\/sjo\/wp-json\/wp\/v2\/pages\/4343\/revisions"}],"up":[{"embeddable":true,"href":"https:\/\/pb.edu.pl\/sjo\/wp-json\/wp\/v2\/pages\/137"}],"wp:attachment":[{"href":"https:\/\/pb.edu.pl\/sjo\/wp-json\/wp\/v2\/media?parent=4343"}],"curies":[{"name":"wp","href":"https:\/\/api.w.org\/{rel}","templated":true}]}}