{"id":4156,"date":"2018-03-09T13:33:10","date_gmt":"2018-03-09T12:33:10","guid":{"rendered":"https:\/\/pb.edu.pl\/sjo\/?page_id=4156"},"modified":"2018-03-09T15:50:45","modified_gmt":"2018-03-09T14:50:45","slug":"byc-studentem-choc-przez-chwile","status":"publish","type":"page","link":"https:\/\/pb.edu.pl\/sjo\/wydarzenia-sjo\/wydarzenia-archiwum\/byc-studentem-choc-przez-chwile\/","title":{"rendered":"By\u0107 studentem, cho\u0107 przez chwil\u0119"},"content":{"rendered":"<p><strong>Notatka ze strony Zespo\u0142u Szk\u00f3\u0142 Mechanicznych w Bia\u0142ymstoku:<\/strong><\/p>\n<p>7 marca 2018 r. sze\u015bciu uczni\u00f3w ZSM CKP Nr 2 uczestniczy\u0142o w regularnych zaj\u0119ciach j\u0119zyka angielskiego technicznego z grup\u0105 student\u00f3w mechatronik\u00f3w. Tymi szcz\u0119\u015bciarzami byli:<\/p>\n<p>1. Piotr Gregorczuk kl. 2tm1<\/p>\n<p>2. Sebastian Krak kl. 2ts2<\/p>\n<p>3. Ewa Minkiewicz kl. 1tm2<\/p>\n<p>4. Miko\u0142aj Sujeta kl. 1tm2<\/p>\n<p>5. Dawid Citko kl. 2tm2<\/p>\n<p>6. Julian Superson kl. 1tm2<\/p>\n<p>Temat zaj\u0119\u0107 brzmia\u0142 nast\u0119puj\u0105co: MATERIALS AND THEIR PROPERTIES.<\/p>\n<p>Przez chwil\u0119 poczuli\u015bmy si\u0119 studentami. Razem wykonywali\u015bmy zadania z podr\u0119cznika z zakresu j\u0119zyka angielskiego o profilu technicznym, uzupe\u0142niali\u015bmy \u0107wiczenia ze s\u0142uchu, omawiali\u015bmy materia\u0142y i ich w\u0142a\u015bciwo\u015bci. Uczniowie poradzili sobie znakomicie.<\/p>\n<p>Zaj\u0119cia prowadzi\u0142a pani Urszula Socho\u0144-Okruszko &#8211; wyk\u0142adowca j\u0119zyka angielskiego, kt\u00f3ra zapozna\u0142a nas z r\u00f3\u017cnorodnymi mo\u017cliwo\u015bciami prowadzenia zaj\u0119\u0107 j\u0119zyka angielskiego w ramach uczelnianego lektoratu i wykorzystaniem na zaj\u0119ciach szerokiego wachlarza mo\u017cliwo\u015bci, jakie oferuj\u0105 nowocze\u015bnie wyposa\u017cone sale dydaktyczne SJO.<\/p>\n<p>Po zaj\u0119ciach studenci opowiadali nam o specyfice studiowania mechatroniki na PB, odpowiadali na nasze pytania i udzielili nam wielu cennych rad.<\/p>\n<p>Studenci: Piotr Filipek, Daniela Koronkiewicz i Mateusz Soko\u0142owski opowiadali o zaj\u0119ciach dodatkowych proponowanych przez uczelni\u0119 oraz swoich dzia\u0142aniach w ramach k\u00f3\u0142 naukowych.<\/p>\n<p>Serdecznie dzi\u0119kujemy za zaproszenie i po\u015bwi\u0119cony nam czas pani Urszuli Socho\u0144-Okruszko oraz fantastycznej grupie student\u00f3w 3 roku mechatroniki, a szczeg\u00f3lnie Danieli Koronkiewicz, Piotrowi Filipkowi, Paw\u0142owi Oto\u017cenko, Bogus\u0142awowi Przybyszowi, Mateuszowi Soko\u0142owskiemu i Karolinie S\u0142awi\u0144skiej.<\/p>\n<p>Udzia\u0142 w zaj\u0119ciach zorganizowa\u0142a pani Ewelina Jaworowska.<\/p>\n<div id='gallery-1' class='gallery galleryid-4156 gallery-columns-2 gallery-size-full'><figure class='gallery-item'>\n\t\t\t<div class='gallery-icon landscape'>\n\t\t\t\t<a href='https:\/\/pb.edu.pl\/sjo\/wp-content\/uploads\/sites\/9\/2018\/03\/ZSM_01.jpg'><img loading=\"lazy\" decoding=\"async\" width=\"1152\" height=\"768\" src=\"https:\/\/pb.edu.pl\/sjo\/wp-content\/uploads\/sites\/9\/2018\/03\/ZSM_01.jpg\" class=\"attachment-full size-full\" alt=\"go\u015bcie z Zespo\u0142u Szk\u00f3\u0142 Mechanicznych\" srcset=\"https:\/\/pb.edu.pl\/sjo\/wp-content\/uploads\/sites\/9\/2018\/03\/ZSM_01.jpg 1152w, https:\/\/pb.edu.pl\/sjo\/wp-content\/uploads\/sites\/9\/2018\/03\/ZSM_01-300x200.jpg 300w, https:\/\/pb.edu.pl\/sjo\/wp-content\/uploads\/sites\/9\/2018\/03\/ZSM_01-1024x683.jpg 1024w, https:\/\/pb.edu.pl\/sjo\/wp-content\/uploads\/sites\/9\/2018\/03\/ZSM_01-768x512.jpg 768w, https:\/\/pb.edu.pl\/sjo\/wp-content\/uploads\/sites\/9\/2018\/03\/ZSM_01-480x320.jpg 480w\" sizes=\"auto, (max-width: 1152px) 100vw, 1152px\" \/><\/a>\n\t\t\t<\/div><\/figure><figure class='gallery-item'>\n\t\t\t<div class='gallery-icon landscape'>\n\t\t\t\t<a href='https:\/\/pb.edu.pl\/sjo\/wp-content\/uploads\/sites\/9\/2018\/03\/ZSM_02.jpg'><img loading=\"lazy\" decoding=\"async\" width=\"1152\" height=\"768\" src=\"https:\/\/pb.edu.pl\/sjo\/wp-content\/uploads\/sites\/9\/2018\/03\/ZSM_02.jpg\" class=\"attachment-full size-full\" alt=\"go\u015bcie z Zespo\u0142u Szk\u00f3\u0142 Mechanicznych\" srcset=\"https:\/\/pb.edu.pl\/sjo\/wp-content\/uploads\/sites\/9\/2018\/03\/ZSM_02.jpg 1152w, https:\/\/pb.edu.pl\/sjo\/wp-content\/uploads\/sites\/9\/2018\/03\/ZSM_02-300x200.jpg 300w, https:\/\/pb.edu.pl\/sjo\/wp-content\/uploads\/sites\/9\/2018\/03\/ZSM_02-768x512.jpg 768w, https:\/\/pb.edu.pl\/sjo\/wp-content\/uploads\/sites\/9\/2018\/03\/ZSM_02-1024x683.jpg 1024w, https:\/\/pb.edu.pl\/sjo\/wp-content\/uploads\/sites\/9\/2018\/03\/ZSM_02-480x320.jpg 480w\" sizes=\"auto, (max-width: 1152px) 100vw, 1152px\" \/><\/a>\n\t\t\t<\/div><\/figure><figure class='gallery-item'>\n\t\t\t<div class='gallery-icon landscape'>\n\t\t\t\t<a href='https:\/\/pb.edu.pl\/sjo\/wp-content\/uploads\/sites\/9\/2018\/03\/ZSM_03.jpg'><img loading=\"lazy\" decoding=\"async\" width=\"1152\" height=\"768\" src=\"https:\/\/pb.edu.pl\/sjo\/wp-content\/uploads\/sites\/9\/2018\/03\/ZSM_03.jpg\" class=\"attachment-full size-full\" alt=\"go\u015bcie z Zespo\u0142u Szk\u00f3\u0142 Mechanicznych\" srcset=\"https:\/\/pb.edu.pl\/sjo\/wp-content\/uploads\/sites\/9\/2018\/03\/ZSM_03.jpg 1152w, https:\/\/pb.edu.pl\/sjo\/wp-content\/uploads\/sites\/9\/2018\/03\/ZSM_03-300x200.jpg 300w, https:\/\/pb.edu.pl\/sjo\/wp-content\/uploads\/sites\/9\/2018\/03\/ZSM_03-768x512.jpg 768w, https:\/\/pb.edu.pl\/sjo\/wp-content\/uploads\/sites\/9\/2018\/03\/ZSM_03-1024x683.jpg 1024w, https:\/\/pb.edu.pl\/sjo\/wp-content\/uploads\/sites\/9\/2018\/03\/ZSM_03-480x320.jpg 480w\" sizes=\"auto, (max-width: 1152px) 100vw, 1152px\" \/><\/a>\n\t\t\t<\/div><\/figure><figure class='gallery-item'>\n\t\t\t<div class='gallery-icon landscape'>\n\t\t\t\t<a href='https:\/\/pb.edu.pl\/sjo\/wp-content\/uploads\/sites\/9\/2018\/03\/ZSM_04.jpg'><img loading=\"lazy\" decoding=\"async\" width=\"1152\" height=\"768\" src=\"https:\/\/pb.edu.pl\/sjo\/wp-content\/uploads\/sites\/9\/2018\/03\/ZSM_04.jpg\" class=\"attachment-full size-full\" alt=\"go\u015bcie z Zespo\u0142u Szk\u00f3\u0142 Mechanicznych\" srcset=\"https:\/\/pb.edu.pl\/sjo\/wp-content\/uploads\/sites\/9\/2018\/03\/ZSM_04.jpg 1152w, https:\/\/pb.edu.pl\/sjo\/wp-content\/uploads\/sites\/9\/2018\/03\/ZSM_04-300x200.jpg 300w, https:\/\/pb.edu.pl\/sjo\/wp-content\/uploads\/sites\/9\/2018\/03\/ZSM_04-768x512.jpg 768w, https:\/\/pb.edu.pl\/sjo\/wp-content\/uploads\/sites\/9\/2018\/03\/ZSM_04-1024x683.jpg 1024w, https:\/\/pb.edu.pl\/sjo\/wp-content\/uploads\/sites\/9\/2018\/03\/ZSM_04-480x320.jpg 480w\" sizes=\"auto, (max-width: 1152px) 100vw, 1152px\" \/><\/a>\n\t\t\t<\/div><\/figure><figure class='gallery-item'>\n\t\t\t<div class='gallery-icon landscape'>\n\t\t\t\t<a href='https:\/\/pb.edu.pl\/sjo\/wp-content\/uploads\/sites\/9\/2018\/03\/ZSM_05.jpg'><img loading=\"lazy\" decoding=\"async\" width=\"1152\" height=\"768\" src=\"https:\/\/pb.edu.pl\/sjo\/wp-content\/uploads\/sites\/9\/2018\/03\/ZSM_05.jpg\" class=\"attachment-full size-full\" alt=\"go\u015bcie z Zespo\u0142u Szk\u00f3\u0142 Mechanicznych\" srcset=\"https:\/\/pb.edu.pl\/sjo\/wp-content\/uploads\/sites\/9\/2018\/03\/ZSM_05.jpg 1152w, https:\/\/pb.edu.pl\/sjo\/wp-content\/uploads\/sites\/9\/2018\/03\/ZSM_05-300x200.jpg 300w, https:\/\/pb.edu.pl\/sjo\/wp-content\/uploads\/sites\/9\/2018\/03\/ZSM_05-768x512.jpg 768w, https:\/\/pb.edu.pl\/sjo\/wp-content\/uploads\/sites\/9\/2018\/03\/ZSM_05-1024x683.jpg 1024w, https:\/\/pb.edu.pl\/sjo\/wp-content\/uploads\/sites\/9\/2018\/03\/ZSM_05-480x320.jpg 480w\" sizes=\"auto, (max-width: 1152px) 100vw, 1152px\" \/><\/a>\n\t\t\t<\/div><\/figure><figure class='gallery-item'>\n\t\t\t<div class='gallery-icon landscape'>\n\t\t\t\t<a href='https:\/\/pb.edu.pl\/sjo\/wp-content\/uploads\/sites\/9\/2018\/03\/ZSM_06.jpg'><img loading=\"lazy\" decoding=\"async\" width=\"1152\" height=\"768\" src=\"https:\/\/pb.edu.pl\/sjo\/wp-content\/uploads\/sites\/9\/2018\/03\/ZSM_06.jpg\" class=\"attachment-full size-full\" alt=\"go\u015bcie z Zespo\u0142u Szk\u00f3\u0142 Mechanicznych\" srcset=\"https:\/\/pb.edu.pl\/sjo\/wp-content\/uploads\/sites\/9\/2018\/03\/ZSM_06.jpg 1152w, https:\/\/pb.edu.pl\/sjo\/wp-content\/uploads\/sites\/9\/2018\/03\/ZSM_06-300x200.jpg 300w, https:\/\/pb.edu.pl\/sjo\/wp-content\/uploads\/sites\/9\/2018\/03\/ZSM_06-768x512.jpg 768w, https:\/\/pb.edu.pl\/sjo\/wp-content\/uploads\/sites\/9\/2018\/03\/ZSM_06-1024x683.jpg 1024w, https:\/\/pb.edu.pl\/sjo\/wp-content\/uploads\/sites\/9\/2018\/03\/ZSM_06-480x320.jpg 480w\" sizes=\"auto, (max-width: 1152px) 100vw, 1152px\" \/><\/a>\n\t\t\t<\/div><\/figure>\n\t\t<\/div>\n\n<p>&nbsp;<\/p>\n","protected":false},"excerpt":{"rendered":"<p>Notatka ze strony Zespo\u0142u Szk\u00f3\u0142 Mechanicznych w Bia\u0142ymstoku: 7 marca 2018 r. sze\u015bciu uczni\u00f3w ZSM<\/p>\n","protected":false},"author":6,"featured_media":0,"parent":137,"menu_order":0,"comment_status":"closed","ping_status":"closed","template":"","meta":{"_acf_changed":false,"ngg_post_thumbnail":0,"footnotes":""},"class_list":["post-4156","page","type-page","status-publish","hentry"],"acf":[],"yoast_head":"<!-- This site is optimized with the Yoast SEO plugin v27.0 - https:\/\/yoast.com\/product\/yoast-seo-wordpress\/ -->\n<title>By\u0107 studentem, cho\u0107 przez chwil\u0119 - Studium J\u0119zyk\u00f3w Obcych<\/title>\n<meta name=\"description\" content=\"Notatka ze strony Zespo\u0142u Szk\u00f3\u0142 Mechanicznych w Bia\u0142ymstoku: 7 marca 2018 r. sze\u015bciu uczni\u00f3w ZSM CKP Nr 2 uczestniczy\u0142o w regularnych zaj\u0119ciach j\u0119zyka\" \/>\n<meta name=\"robots\" content=\"index, follow, max-snippet:-1, max-image-preview:large, max-video-preview:-1\" \/>\n<link rel=\"canonical\" href=\"https:\/\/pb.edu.pl\/sjo\/wydarzenia-sjo\/wydarzenia-archiwum\/byc-studentem-choc-przez-chwile\/\" \/>\n<meta property=\"og:locale\" content=\"pl_PL\" \/>\n<meta property=\"og:type\" content=\"article\" \/>\n<meta property=\"og:title\" content=\"By\u0107 studentem, cho\u0107 przez chwil\u0119 - Studium J\u0119zyk\u00f3w Obcych\" \/>\n<meta property=\"og:description\" content=\"Notatka ze strony Zespo\u0142u Szk\u00f3\u0142 Mechanicznych w Bia\u0142ymstoku: 7 marca 2018 r. sze\u015bciu uczni\u00f3w ZSM CKP Nr 2 uczestniczy\u0142o w regularnych zaj\u0119ciach j\u0119zyka\" \/>\n<meta property=\"og:url\" content=\"https:\/\/pb.edu.pl\/sjo\/wydarzenia-sjo\/wydarzenia-archiwum\/byc-studentem-choc-przez-chwile\/\" \/>\n<meta property=\"og:site_name\" content=\"Studium J\u0119zyk\u00f3w Obcych\" \/>\n<meta property=\"article:modified_time\" content=\"2018-03-09T14:50:45+00:00\" \/>\n<meta property=\"og:image\" content=\"https:\/\/pb.edu.pl\/sjo\/wp-content\/uploads\/sites\/9\/2018\/03\/ZSM_01.jpg\" \/>\n<meta name=\"twitter:label1\" content=\"Szacowany czas czytania\" \/>\n\t<meta name=\"twitter:data1\" content=\"1 minuta\" \/>\n<script type=\"application\/ld+json\" class=\"yoast-schema-graph\">{\"@context\":\"https:\/\/schema.org\",\"@graph\":[{\"@type\":\"WebPage\",\"@id\":\"https:\/\/pb.edu.pl\/sjo\/wydarzenia-sjo\/wydarzenia-archiwum\/byc-studentem-choc-przez-chwile\/\",\"url\":\"https:\/\/pb.edu.pl\/sjo\/wydarzenia-sjo\/wydarzenia-archiwum\/byc-studentem-choc-przez-chwile\/\",\"name\":\"By\u0107 studentem, cho\u0107 przez chwil\u0119 - Studium J\u0119zyk\u00f3w Obcych\",\"isPartOf\":{\"@id\":\"https:\/\/pb.edu.pl\/sjo\/#website\"},\"datePublished\":\"2018-03-09T12:33:10+00:00\",\"dateModified\":\"2018-03-09T14:50:45+00:00\",\"description\":\"Notatka ze strony Zespo\u0142u Szk\u00f3\u0142 Mechanicznych w Bia\u0142ymstoku: 7 marca 2018 r. sze\u015bciu uczni\u00f3w ZSM CKP Nr 2 uczestniczy\u0142o w regularnych zaj\u0119ciach j\u0119zyka\",\"breadcrumb\":{\"@id\":\"https:\/\/pb.edu.pl\/sjo\/wydarzenia-sjo\/wydarzenia-archiwum\/byc-studentem-choc-przez-chwile\/#breadcrumb\"},\"inLanguage\":\"pl-PL\",\"potentialAction\":[{\"@type\":\"ReadAction\",\"target\":[\"https:\/\/pb.edu.pl\/sjo\/wydarzenia-sjo\/wydarzenia-archiwum\/byc-studentem-choc-przez-chwile\/\"]}]},{\"@type\":\"BreadcrumbList\",\"@id\":\"https:\/\/pb.edu.pl\/sjo\/wydarzenia-sjo\/wydarzenia-archiwum\/byc-studentem-choc-przez-chwile\/#breadcrumb\",\"itemListElement\":[{\"@type\":\"ListItem\",\"position\":1,\"name\":\"Home\",\"item\":\"https:\/\/pb.edu.pl\/sjo\/\"},{\"@type\":\"ListItem\",\"position\":2,\"name\":\"Wydarzenia SJO\",\"item\":\"https:\/\/pb.edu.pl\/sjo\/wydarzenia-sjo\/\"},{\"@type\":\"ListItem\",\"position\":3,\"name\":\"Wydarzenia\",\"item\":\"https:\/\/pb.edu.pl\/sjo\/wydarzenia-sjo\/wydarzenia-archiwum\/\"},{\"@type\":\"ListItem\",\"position\":4,\"name\":\"By\u0107 studentem, cho\u0107 przez chwil\u0119\"}]},{\"@type\":\"WebSite\",\"@id\":\"https:\/\/pb.edu.pl\/sjo\/#website\",\"url\":\"https:\/\/pb.edu.pl\/sjo\/\",\"name\":\"Studium J\u0119zyk\u00f3w Obcych\",\"description\":\"\",\"potentialAction\":[{\"@type\":\"SearchAction\",\"target\":{\"@type\":\"EntryPoint\",\"urlTemplate\":\"https:\/\/pb.edu.pl\/sjo\/?s={search_term_string}\"},\"query-input\":{\"@type\":\"PropertyValueSpecification\",\"valueRequired\":true,\"valueName\":\"search_term_string\"}}],\"inLanguage\":\"pl-PL\"}]}<\/script>\n<!-- \/ Yoast SEO plugin. -->","yoast_head_json":{"title":"By\u0107 studentem, cho\u0107 przez chwil\u0119 - Studium J\u0119zyk\u00f3w Obcych","description":"Notatka ze strony Zespo\u0142u Szk\u00f3\u0142 Mechanicznych w Bia\u0142ymstoku: 7 marca 2018 r. sze\u015bciu uczni\u00f3w ZSM CKP Nr 2 uczestniczy\u0142o w regularnych zaj\u0119ciach j\u0119zyka","robots":{"index":"index","follow":"follow","max-snippet":"max-snippet:-1","max-image-preview":"max-image-preview:large","max-video-preview":"max-video-preview:-1"},"canonical":"https:\/\/pb.edu.pl\/sjo\/wydarzenia-sjo\/wydarzenia-archiwum\/byc-studentem-choc-przez-chwile\/","og_locale":"pl_PL","og_type":"article","og_title":"By\u0107 studentem, cho\u0107 przez chwil\u0119 - Studium J\u0119zyk\u00f3w Obcych","og_description":"Notatka ze strony Zespo\u0142u Szk\u00f3\u0142 Mechanicznych w Bia\u0142ymstoku: 7 marca 2018 r. sze\u015bciu uczni\u00f3w ZSM CKP Nr 2 uczestniczy\u0142o w regularnych zaj\u0119ciach j\u0119zyka","og_url":"https:\/\/pb.edu.pl\/sjo\/wydarzenia-sjo\/wydarzenia-archiwum\/byc-studentem-choc-przez-chwile\/","og_site_name":"Studium J\u0119zyk\u00f3w Obcych","article_modified_time":"2018-03-09T14:50:45+00:00","og_image":[{"url":"https:\/\/pb.edu.pl\/sjo\/wp-content\/uploads\/sites\/9\/2018\/03\/ZSM_01.jpg","type":"","width":"","height":""}],"twitter_misc":{"Szacowany czas czytania":"1 minuta"},"schema":{"@context":"https:\/\/schema.org","@graph":[{"@type":"WebPage","@id":"https:\/\/pb.edu.pl\/sjo\/wydarzenia-sjo\/wydarzenia-archiwum\/byc-studentem-choc-przez-chwile\/","url":"https:\/\/pb.edu.pl\/sjo\/wydarzenia-sjo\/wydarzenia-archiwum\/byc-studentem-choc-przez-chwile\/","name":"By\u0107 studentem, cho\u0107 przez chwil\u0119 - Studium J\u0119zyk\u00f3w Obcych","isPartOf":{"@id":"https:\/\/pb.edu.pl\/sjo\/#website"},"datePublished":"2018-03-09T12:33:10+00:00","dateModified":"2018-03-09T14:50:45+00:00","description":"Notatka ze strony Zespo\u0142u Szk\u00f3\u0142 Mechanicznych w Bia\u0142ymstoku: 7 marca 2018 r. sze\u015bciu uczni\u00f3w ZSM CKP Nr 2 uczestniczy\u0142o w regularnych zaj\u0119ciach j\u0119zyka","breadcrumb":{"@id":"https:\/\/pb.edu.pl\/sjo\/wydarzenia-sjo\/wydarzenia-archiwum\/byc-studentem-choc-przez-chwile\/#breadcrumb"},"inLanguage":"pl-PL","potentialAction":[{"@type":"ReadAction","target":["https:\/\/pb.edu.pl\/sjo\/wydarzenia-sjo\/wydarzenia-archiwum\/byc-studentem-choc-przez-chwile\/"]}]},{"@type":"BreadcrumbList","@id":"https:\/\/pb.edu.pl\/sjo\/wydarzenia-sjo\/wydarzenia-archiwum\/byc-studentem-choc-przez-chwile\/#breadcrumb","itemListElement":[{"@type":"ListItem","position":1,"name":"Home","item":"https:\/\/pb.edu.pl\/sjo\/"},{"@type":"ListItem","position":2,"name":"Wydarzenia SJO","item":"https:\/\/pb.edu.pl\/sjo\/wydarzenia-sjo\/"},{"@type":"ListItem","position":3,"name":"Wydarzenia","item":"https:\/\/pb.edu.pl\/sjo\/wydarzenia-sjo\/wydarzenia-archiwum\/"},{"@type":"ListItem","position":4,"name":"By\u0107 studentem, cho\u0107 przez chwil\u0119"}]},{"@type":"WebSite","@id":"https:\/\/pb.edu.pl\/sjo\/#website","url":"https:\/\/pb.edu.pl\/sjo\/","name":"Studium J\u0119zyk\u00f3w Obcych","description":"","potentialAction":[{"@type":"SearchAction","target":{"@type":"EntryPoint","urlTemplate":"https:\/\/pb.edu.pl\/sjo\/?s={search_term_string}"},"query-input":{"@type":"PropertyValueSpecification","valueRequired":true,"valueName":"search_term_string"}}],"inLanguage":"pl-PL"}]}},"_links":{"self":[{"href":"https:\/\/pb.edu.pl\/sjo\/wp-json\/wp\/v2\/pages\/4156","targetHints":{"allow":["GET"]}}],"collection":[{"href":"https:\/\/pb.edu.pl\/sjo\/wp-json\/wp\/v2\/pages"}],"about":[{"href":"https:\/\/pb.edu.pl\/sjo\/wp-json\/wp\/v2\/types\/page"}],"author":[{"embeddable":true,"href":"https:\/\/pb.edu.pl\/sjo\/wp-json\/wp\/v2\/users\/6"}],"replies":[{"embeddable":true,"href":"https:\/\/pb.edu.pl\/sjo\/wp-json\/wp\/v2\/comments?post=4156"}],"version-history":[{"count":0,"href":"https:\/\/pb.edu.pl\/sjo\/wp-json\/wp\/v2\/pages\/4156\/revisions"}],"up":[{"embeddable":true,"href":"https:\/\/pb.edu.pl\/sjo\/wp-json\/wp\/v2\/pages\/137"}],"wp:attachment":[{"href":"https:\/\/pb.edu.pl\/sjo\/wp-json\/wp\/v2\/media?parent=4156"}],"curies":[{"name":"wp","href":"https:\/\/api.w.org\/{rel}","templated":true}]}}