{"id":317,"date":"2017-11-27T23:33:37","date_gmt":"2017-11-27T22:33:37","guid":{"rendered":"https:\/\/pb.edu.pl\/sjo\/?page_id=317"},"modified":"2018-02-24T22:19:49","modified_gmt":"2018-02-24T21:19:49","slug":"egzamin-b2-z-jezyka-rosyjskiego","status":"publish","type":"page","link":"https:\/\/pb.edu.pl\/sjo\/dla-studenta\/egzaminy\/egzamin-b2-na-koniec-lektoratu\/egzamin-b2-z-jezyka-rosyjskiego\/","title":{"rendered":"Egzamin B2 z j\u0119zyka rosyjskiego"},"content":{"rendered":"<p><a class=\"doc\" href=\"https:\/\/pb.edu.pl\/sjo\/wp-content\/uploads\/sites\/9\/2017\/11\/Zakres-egzaminu-na-poziomie-B2-z-j\u0119zyka-rosyjskiego.doc\">Zakres egzaminu na poziomie B2 z j\u0119zyka rosyjskiego (49 KB)<\/a><\/p>\n","protected":false},"excerpt":{"rendered":"<p>Zakres egzaminu na poziomie B2 z j\u0119zyka rosyjskiego (49 KB)<\/p>\n","protected":false},"author":6,"featured_media":0,"parent":112,"menu_order":2,"comment_status":"closed","ping_status":"closed","template":"","meta":{"_acf_changed":false,"ngg_post_thumbnail":0,"footnotes":""},"class_list":["post-317","page","type-page","status-publish","hentry"],"acf":[],"yoast_head":"<!-- This site is optimized with the Yoast SEO plugin v27.0 - https:\/\/yoast.com\/product\/yoast-seo-wordpress\/ -->\n<title>Egzamin B2 z j\u0119zyka rosyjskiego - Studium J\u0119zyk\u00f3w Obcych<\/title>\n<meta name=\"description\" content=\"Zakres egzaminu na poziomie B2 z j\u0119zyka rosyjskiego (49 KB)\" \/>\n<meta name=\"robots\" content=\"index, follow, max-snippet:-1, max-image-preview:large, max-video-preview:-1\" \/>\n<link rel=\"canonical\" href=\"https:\/\/pb.edu.pl\/sjo\/dla-studenta\/egzaminy\/egzamin-b2-na-koniec-lektoratu\/egzamin-b2-z-jezyka-rosyjskiego\/\" \/>\n<meta property=\"og:locale\" content=\"pl_PL\" \/>\n<meta property=\"og:type\" content=\"article\" \/>\n<meta property=\"og:title\" content=\"Egzamin B2 z j\u0119zyka rosyjskiego - Studium J\u0119zyk\u00f3w Obcych\" \/>\n<meta property=\"og:description\" content=\"Zakres egzaminu na poziomie B2 z j\u0119zyka rosyjskiego (49 KB)\" \/>\n<meta property=\"og:url\" content=\"https:\/\/pb.edu.pl\/sjo\/dla-studenta\/egzaminy\/egzamin-b2-na-koniec-lektoratu\/egzamin-b2-z-jezyka-rosyjskiego\/\" \/>\n<meta property=\"og:site_name\" content=\"Studium J\u0119zyk\u00f3w Obcych\" \/>\n<meta property=\"article:modified_time\" content=\"2018-02-24T21:19:49+00:00\" \/>\n<script type=\"application\/ld+json\" class=\"yoast-schema-graph\">{\"@context\":\"https:\/\/schema.org\",\"@graph\":[{\"@type\":\"WebPage\",\"@id\":\"https:\/\/pb.edu.pl\/sjo\/dla-studenta\/egzaminy\/egzamin-b2-na-koniec-lektoratu\/egzamin-b2-z-jezyka-rosyjskiego\/\",\"url\":\"https:\/\/pb.edu.pl\/sjo\/dla-studenta\/egzaminy\/egzamin-b2-na-koniec-lektoratu\/egzamin-b2-z-jezyka-rosyjskiego\/\",\"name\":\"Egzamin B2 z j\u0119zyka rosyjskiego - Studium J\u0119zyk\u00f3w Obcych\",\"isPartOf\":{\"@id\":\"https:\/\/pb.edu.pl\/sjo\/#website\"},\"datePublished\":\"2017-11-27T22:33:37+00:00\",\"dateModified\":\"2018-02-24T21:19:49+00:00\",\"description\":\"Zakres egzaminu na poziomie B2 z j\u0119zyka rosyjskiego (49 KB)\",\"breadcrumb\":{\"@id\":\"https:\/\/pb.edu.pl\/sjo\/dla-studenta\/egzaminy\/egzamin-b2-na-koniec-lektoratu\/egzamin-b2-z-jezyka-rosyjskiego\/#breadcrumb\"},\"inLanguage\":\"pl-PL\",\"potentialAction\":[{\"@type\":\"ReadAction\",\"target\":[\"https:\/\/pb.edu.pl\/sjo\/dla-studenta\/egzaminy\/egzamin-b2-na-koniec-lektoratu\/egzamin-b2-z-jezyka-rosyjskiego\/\"]}]},{\"@type\":\"BreadcrumbList\",\"@id\":\"https:\/\/pb.edu.pl\/sjo\/dla-studenta\/egzaminy\/egzamin-b2-na-koniec-lektoratu\/egzamin-b2-z-jezyka-rosyjskiego\/#breadcrumb\",\"itemListElement\":[{\"@type\":\"ListItem\",\"position\":1,\"name\":\"Home\",\"item\":\"https:\/\/pb.edu.pl\/sjo\/\"},{\"@type\":\"ListItem\",\"position\":2,\"name\":\"Studiuj\u0119 w PB\",\"item\":\"https:\/\/pb.edu.pl\/sjo\/dla-studenta\/\"},{\"@type\":\"ListItem\",\"position\":3,\"name\":\"Egzaminy\",\"item\":\"https:\/\/pb.edu.pl\/sjo\/dla-studenta\/egzaminy\/\"},{\"@type\":\"ListItem\",\"position\":4,\"name\":\"Egzamin na koniec lektoratu\",\"item\":\"https:\/\/pb.edu.pl\/sjo\/?page_id=112\"},{\"@type\":\"ListItem\",\"position\":5,\"name\":\"Egzamin B2 z j\u0119zyka rosyjskiego\"}]},{\"@type\":\"WebSite\",\"@id\":\"https:\/\/pb.edu.pl\/sjo\/#website\",\"url\":\"https:\/\/pb.edu.pl\/sjo\/\",\"name\":\"Studium J\u0119zyk\u00f3w Obcych\",\"description\":\"\",\"potentialAction\":[{\"@type\":\"SearchAction\",\"target\":{\"@type\":\"EntryPoint\",\"urlTemplate\":\"https:\/\/pb.edu.pl\/sjo\/?s={search_term_string}\"},\"query-input\":{\"@type\":\"PropertyValueSpecification\",\"valueRequired\":true,\"valueName\":\"search_term_string\"}}],\"inLanguage\":\"pl-PL\"}]}<\/script>\n<!-- \/ Yoast SEO plugin. -->","yoast_head_json":{"title":"Egzamin B2 z j\u0119zyka rosyjskiego - Studium J\u0119zyk\u00f3w Obcych","description":"Zakres egzaminu na poziomie B2 z j\u0119zyka rosyjskiego (49 KB)","robots":{"index":"index","follow":"follow","max-snippet":"max-snippet:-1","max-image-preview":"max-image-preview:large","max-video-preview":"max-video-preview:-1"},"canonical":"https:\/\/pb.edu.pl\/sjo\/dla-studenta\/egzaminy\/egzamin-b2-na-koniec-lektoratu\/egzamin-b2-z-jezyka-rosyjskiego\/","og_locale":"pl_PL","og_type":"article","og_title":"Egzamin B2 z j\u0119zyka rosyjskiego - Studium J\u0119zyk\u00f3w Obcych","og_description":"Zakres egzaminu na poziomie B2 z j\u0119zyka rosyjskiego (49 KB)","og_url":"https:\/\/pb.edu.pl\/sjo\/dla-studenta\/egzaminy\/egzamin-b2-na-koniec-lektoratu\/egzamin-b2-z-jezyka-rosyjskiego\/","og_site_name":"Studium J\u0119zyk\u00f3w Obcych","article_modified_time":"2018-02-24T21:19:49+00:00","schema":{"@context":"https:\/\/schema.org","@graph":[{"@type":"WebPage","@id":"https:\/\/pb.edu.pl\/sjo\/dla-studenta\/egzaminy\/egzamin-b2-na-koniec-lektoratu\/egzamin-b2-z-jezyka-rosyjskiego\/","url":"https:\/\/pb.edu.pl\/sjo\/dla-studenta\/egzaminy\/egzamin-b2-na-koniec-lektoratu\/egzamin-b2-z-jezyka-rosyjskiego\/","name":"Egzamin B2 z j\u0119zyka rosyjskiego - Studium J\u0119zyk\u00f3w Obcych","isPartOf":{"@id":"https:\/\/pb.edu.pl\/sjo\/#website"},"datePublished":"2017-11-27T22:33:37+00:00","dateModified":"2018-02-24T21:19:49+00:00","description":"Zakres egzaminu na poziomie B2 z j\u0119zyka rosyjskiego (49 KB)","breadcrumb":{"@id":"https:\/\/pb.edu.pl\/sjo\/dla-studenta\/egzaminy\/egzamin-b2-na-koniec-lektoratu\/egzamin-b2-z-jezyka-rosyjskiego\/#breadcrumb"},"inLanguage":"pl-PL","potentialAction":[{"@type":"ReadAction","target":["https:\/\/pb.edu.pl\/sjo\/dla-studenta\/egzaminy\/egzamin-b2-na-koniec-lektoratu\/egzamin-b2-z-jezyka-rosyjskiego\/"]}]},{"@type":"BreadcrumbList","@id":"https:\/\/pb.edu.pl\/sjo\/dla-studenta\/egzaminy\/egzamin-b2-na-koniec-lektoratu\/egzamin-b2-z-jezyka-rosyjskiego\/#breadcrumb","itemListElement":[{"@type":"ListItem","position":1,"name":"Home","item":"https:\/\/pb.edu.pl\/sjo\/"},{"@type":"ListItem","position":2,"name":"Studiuj\u0119 w PB","item":"https:\/\/pb.edu.pl\/sjo\/dla-studenta\/"},{"@type":"ListItem","position":3,"name":"Egzaminy","item":"https:\/\/pb.edu.pl\/sjo\/dla-studenta\/egzaminy\/"},{"@type":"ListItem","position":4,"name":"Egzamin na koniec lektoratu","item":"https:\/\/pb.edu.pl\/sjo\/?page_id=112"},{"@type":"ListItem","position":5,"name":"Egzamin B2 z j\u0119zyka rosyjskiego"}]},{"@type":"WebSite","@id":"https:\/\/pb.edu.pl\/sjo\/#website","url":"https:\/\/pb.edu.pl\/sjo\/","name":"Studium J\u0119zyk\u00f3w Obcych","description":"","potentialAction":[{"@type":"SearchAction","target":{"@type":"EntryPoint","urlTemplate":"https:\/\/pb.edu.pl\/sjo\/?s={search_term_string}"},"query-input":{"@type":"PropertyValueSpecification","valueRequired":true,"valueName":"search_term_string"}}],"inLanguage":"pl-PL"}]}},"_links":{"self":[{"href":"https:\/\/pb.edu.pl\/sjo\/wp-json\/wp\/v2\/pages\/317","targetHints":{"allow":["GET"]}}],"collection":[{"href":"https:\/\/pb.edu.pl\/sjo\/wp-json\/wp\/v2\/pages"}],"about":[{"href":"https:\/\/pb.edu.pl\/sjo\/wp-json\/wp\/v2\/types\/page"}],"author":[{"embeddable":true,"href":"https:\/\/pb.edu.pl\/sjo\/wp-json\/wp\/v2\/users\/6"}],"replies":[{"embeddable":true,"href":"https:\/\/pb.edu.pl\/sjo\/wp-json\/wp\/v2\/comments?post=317"}],"version-history":[{"count":0,"href":"https:\/\/pb.edu.pl\/sjo\/wp-json\/wp\/v2\/pages\/317\/revisions"}],"up":[{"embeddable":true,"href":"https:\/\/pb.edu.pl\/sjo\/wp-json\/wp\/v2\/pages\/112"}],"wp:attachment":[{"href":"https:\/\/pb.edu.pl\/sjo\/wp-json\/wp\/v2\/media?parent=317"}],"curies":[{"name":"wp","href":"https:\/\/api.w.org\/{rel}","templated":true}]}}