{"id":313,"date":"2017-11-27T23:28:52","date_gmt":"2017-11-27T22:28:52","guid":{"rendered":"https:\/\/pb.edu.pl\/sjo\/?page_id=313"},"modified":"2023-03-09T10:55:28","modified_gmt":"2023-03-09T09:55:28","slug":"egzamin-b2-z-jezyka-angielskiego","status":"publish","type":"page","link":"https:\/\/pb.edu.pl\/sjo\/dla-studenta\/egzaminy\/egzamin-b2-na-koniec-lektoratu\/egzamin-b2-z-jezyka-angielskiego\/","title":{"rendered":"Egzamin z j\u0119zyka angielskiego"},"content":{"rendered":"<div><span style=\"font-family: verdana, geneva, sans-serif;font-size: 12pt\"><strong>Egzamin sk\u0142ada si\u0119 z nast\u0119puj\u0105cych cz\u0119\u015bci:<\/strong><\/span><\/div>\n<div>&nbsp;<\/div>\n<ul style=\"font-family: verdana, geneva, sans-serif;font-size: 12pt\">\n<li><span style=\"font-family: verdana, geneva, sans-serif\">Listening &#8211; 15 punkt\u00f3w<\/span><\/li>\n<li><span style=\"font-family: verdana, geneva, sans-serif\">Reading &#8211; 15 punkt\u00f3w<\/span><\/li>\n<li><span style=\"font-family: verdana, geneva, sans-serif\">Vocabulary &#8211; 35 punkt\u00f3w<\/span><\/li>\n<li><span style=\"font-family: verdana, geneva, sans-serif\">Grammar &#8211; 15 punkt\u00f3w<\/span><\/li>\n<\/ul>\n<p>&nbsp;<\/p>\n<p><span style=\"font-family: verdana, geneva, sans-serif\"><strong>Listening &#8211; przyk\u0142adowe rodzaje polece\u0144:<\/strong><\/span><\/p>\n<ul>\n<li><span style=\"font-family: verdana, geneva, sans-serif\">test wielokrotnego wyboru (abc, abcd)<\/span><\/li>\n<li><span style=\"font-family: verdana, geneva, sans-serif\">wstawianie w luki brakuj\u0105cych s\u0142\u00f3w<\/span><\/li>\n<li><span style=\"font-family: verdana, geneva, sans-serif\">dopasowanie m\u00f3wi\u0105cego do wypowiedzi \/ wypowiedzi do m\u00f3wi\u0105cego<\/span><\/li>\n<li><span style=\"font-family: verdana, geneva, sans-serif\">polecenia typu True\/False&nbsp;<\/span><\/li>\n<\/ul>\n<p>&nbsp;<\/p>\n<p><span style=\"font-family: verdana, geneva, sans-serif\"><strong>Reading &#8211; przyk\u0142adowe rodzaje polece\u0144:<\/strong><\/span><\/p>\n<ul>\n<li><span style=\"font-family: verdana, geneva, sans-serif\">test wielokrotnego wyboru (abc, abcd)&nbsp;<\/span><\/li>\n<li><span style=\"font-family: verdana, geneva, sans-serif\">wstawianie w luki brakuj\u0105cych fragment\u00f3w tekstu<\/span><\/li>\n<li><span style=\"font-family: verdana, geneva, sans-serif\">dopasowanie nag\u0142\u00f3wk\u00f3w\/tytu\u0142\u00f3w do fragment\u00f3w tekstu<\/span><\/li>\n<li><span style=\"font-family: verdana, geneva, sans-serif\">polecenia typu True\/False&nbsp;<\/span><\/li>\n<\/ul>\n<p>&nbsp;<br \/>\n<span style=\"font-family: verdana, geneva, sans-serif;font-size: 12pt\"><strong>Przyk\u0142adowe polecenia znajduj\u0105 si\u0119 w za\u0142\u0105cznikach poni\u017cej.<\/strong><\/span><br \/>\n&nbsp;<br \/>\n<a class=\"pdf\" style=\"font-family: verdana, geneva, sans-serif;font-size: 12pt\" href=\"https:\/\/pb.edu.pl\/sjo\/wp-content\/uploads\/sites\/9\/2018\/11\/Use-of-English-Technical-English-3-1.pdf\" target=\"_blank\" rel=\"noopener noreferrer\">Use-of-English &#8211; Technical English 3 (216 KB)<\/a><\/p>\n<p><a class=\"pdf\" style=\"font-family: verdana, geneva, sans-serif;font-size: 12pt\" href=\"https:\/\/pb.edu.pl\/sjo\/wp-content\/uploads\/sites\/9\/2018\/12\/Use-of-English-Technical-English-4.pdf\" target=\"_blank\" rel=\"noopener noreferrer\">Use of English &#8211; Technical English 4 (219 KB)<\/a><\/p>\n<p><a class=\"pdf\" title=\"otworzy si\u0119 w nowej karcie\" href=\"https:\/\/pb.edu.pl\/sjo\/wp-content\/uploads\/sites\/9\/2021\/04\/Business-Partner-B1-Use-of-English.pdf\" target=\"_blank\" rel=\"noopener\" data-id=\"9824\">Use of English &#8211; Business Partner B1+ (PDF, wersja dost\u0119pna cyfrowo, 83 KB)<\/a><\/p>\n<p><a class=\"pdf\" title=\"otworzy si\u0119 w nowej karcie\" href=\"https:\/\/pb.edu.pl\/sjo\/wp-content\/uploads\/sites\/9\/2021\/04\/Use-of-English-Business-Partner-B2-1.pdf\" target=\"_blank\" rel=\"noopener\" data-id=\"9826\">Use of English &#8211; Business Partner B2 (PDF, wersja dost\u0119pna cyfrowo, 229 KB)<\/a><\/p>\n","protected":false},"excerpt":{"rendered":"<p>Egzamin sk\u0142ada si\u0119 z nast\u0119puj\u0105cych cz\u0119\u015bci: &nbsp; Listening &#8211; 15 punkt\u00f3w Reading &#8211; 15 punkt\u00f3w<\/p>\n","protected":false},"author":6,"featured_media":0,"parent":112,"menu_order":1,"comment_status":"closed","ping_status":"closed","template":"","meta":{"_acf_changed":false,"ngg_post_thumbnail":0,"footnotes":""},"class_list":["post-313","page","type-page","status-publish","hentry"],"acf":[],"yoast_head":"<!-- This site is optimized with the Yoast SEO plugin v27.0 - https:\/\/yoast.com\/product\/yoast-seo-wordpress\/ -->\n<title>Egzamin z j\u0119zyka angielskiego - Studium J\u0119zyk\u00f3w Obcych<\/title>\n<meta name=\"description\" content=\"Egzamin sk\u0142ada si\u0119 z nast\u0119puj\u0105cych cz\u0119\u015bci: &nbsp; Listening - 15 punkt\u00f3w Reading - 15 punkt\u00f3w Vocabulary - 35 punkt\u00f3w Grammar - 15 punkt\u00f3w &nbsp;\" \/>\n<meta name=\"robots\" content=\"index, follow, max-snippet:-1, max-image-preview:large, max-video-preview:-1\" \/>\n<link rel=\"canonical\" href=\"https:\/\/pb.edu.pl\/sjo\/dla-studenta\/egzaminy\/egzamin-b2-na-koniec-lektoratu\/egzamin-b2-z-jezyka-angielskiego\/\" \/>\n<meta property=\"og:locale\" content=\"pl_PL\" \/>\n<meta property=\"og:type\" content=\"article\" \/>\n<meta property=\"og:title\" content=\"Egzamin z j\u0119zyka angielskiego - Studium J\u0119zyk\u00f3w Obcych\" \/>\n<meta property=\"og:description\" content=\"Egzamin sk\u0142ada si\u0119 z nast\u0119puj\u0105cych cz\u0119\u015bci: &nbsp; Listening - 15 punkt\u00f3w Reading - 15 punkt\u00f3w Vocabulary - 35 punkt\u00f3w Grammar - 15 punkt\u00f3w &nbsp;\" \/>\n<meta property=\"og:url\" content=\"https:\/\/pb.edu.pl\/sjo\/dla-studenta\/egzaminy\/egzamin-b2-na-koniec-lektoratu\/egzamin-b2-z-jezyka-angielskiego\/\" \/>\n<meta property=\"og:site_name\" content=\"Studium J\u0119zyk\u00f3w Obcych\" \/>\n<meta property=\"article:modified_time\" content=\"2023-03-09T09:55:28+00:00\" \/>\n<meta name=\"twitter:label1\" content=\"Szacowany czas czytania\" \/>\n\t<meta name=\"twitter:data1\" content=\"1 minuta\" \/>\n<script type=\"application\/ld+json\" class=\"yoast-schema-graph\">{\"@context\":\"https:\/\/schema.org\",\"@graph\":[{\"@type\":\"WebPage\",\"@id\":\"https:\/\/pb.edu.pl\/sjo\/dla-studenta\/egzaminy\/egzamin-b2-na-koniec-lektoratu\/egzamin-b2-z-jezyka-angielskiego\/\",\"url\":\"https:\/\/pb.edu.pl\/sjo\/dla-studenta\/egzaminy\/egzamin-b2-na-koniec-lektoratu\/egzamin-b2-z-jezyka-angielskiego\/\",\"name\":\"Egzamin z j\u0119zyka angielskiego - Studium J\u0119zyk\u00f3w Obcych\",\"isPartOf\":{\"@id\":\"https:\/\/pb.edu.pl\/sjo\/#website\"},\"datePublished\":\"2017-11-27T22:28:52+00:00\",\"dateModified\":\"2023-03-09T09:55:28+00:00\",\"description\":\"Egzamin sk\u0142ada si\u0119 z nast\u0119puj\u0105cych cz\u0119\u015bci: &nbsp; Listening - 15 punkt\u00f3w Reading - 15 punkt\u00f3w Vocabulary - 35 punkt\u00f3w Grammar - 15 punkt\u00f3w &nbsp;\",\"breadcrumb\":{\"@id\":\"https:\/\/pb.edu.pl\/sjo\/dla-studenta\/egzaminy\/egzamin-b2-na-koniec-lektoratu\/egzamin-b2-z-jezyka-angielskiego\/#breadcrumb\"},\"inLanguage\":\"pl-PL\",\"potentialAction\":[{\"@type\":\"ReadAction\",\"target\":[\"https:\/\/pb.edu.pl\/sjo\/dla-studenta\/egzaminy\/egzamin-b2-na-koniec-lektoratu\/egzamin-b2-z-jezyka-angielskiego\/\"]}]},{\"@type\":\"BreadcrumbList\",\"@id\":\"https:\/\/pb.edu.pl\/sjo\/dla-studenta\/egzaminy\/egzamin-b2-na-koniec-lektoratu\/egzamin-b2-z-jezyka-angielskiego\/#breadcrumb\",\"itemListElement\":[{\"@type\":\"ListItem\",\"position\":1,\"name\":\"Home\",\"item\":\"https:\/\/pb.edu.pl\/sjo\/\"},{\"@type\":\"ListItem\",\"position\":2,\"name\":\"Studiuj\u0119 w PB\",\"item\":\"https:\/\/pb.edu.pl\/sjo\/dla-studenta\/\"},{\"@type\":\"ListItem\",\"position\":3,\"name\":\"Egzaminy\",\"item\":\"https:\/\/pb.edu.pl\/sjo\/dla-studenta\/egzaminy\/\"},{\"@type\":\"ListItem\",\"position\":4,\"name\":\"Egzamin na koniec lektoratu\",\"item\":\"https:\/\/pb.edu.pl\/sjo\/?page_id=112\"},{\"@type\":\"ListItem\",\"position\":5,\"name\":\"Egzamin z j\u0119zyka angielskiego\"}]},{\"@type\":\"WebSite\",\"@id\":\"https:\/\/pb.edu.pl\/sjo\/#website\",\"url\":\"https:\/\/pb.edu.pl\/sjo\/\",\"name\":\"Studium J\u0119zyk\u00f3w Obcych\",\"description\":\"\",\"potentialAction\":[{\"@type\":\"SearchAction\",\"target\":{\"@type\":\"EntryPoint\",\"urlTemplate\":\"https:\/\/pb.edu.pl\/sjo\/?s={search_term_string}\"},\"query-input\":{\"@type\":\"PropertyValueSpecification\",\"valueRequired\":true,\"valueName\":\"search_term_string\"}}],\"inLanguage\":\"pl-PL\"}]}<\/script>\n<!-- \/ Yoast SEO plugin. -->","yoast_head_json":{"title":"Egzamin z j\u0119zyka angielskiego - Studium J\u0119zyk\u00f3w Obcych","description":"Egzamin sk\u0142ada si\u0119 z nast\u0119puj\u0105cych cz\u0119\u015bci: &nbsp; Listening - 15 punkt\u00f3w Reading - 15 punkt\u00f3w Vocabulary - 35 punkt\u00f3w Grammar - 15 punkt\u00f3w &nbsp;","robots":{"index":"index","follow":"follow","max-snippet":"max-snippet:-1","max-image-preview":"max-image-preview:large","max-video-preview":"max-video-preview:-1"},"canonical":"https:\/\/pb.edu.pl\/sjo\/dla-studenta\/egzaminy\/egzamin-b2-na-koniec-lektoratu\/egzamin-b2-z-jezyka-angielskiego\/","og_locale":"pl_PL","og_type":"article","og_title":"Egzamin z j\u0119zyka angielskiego - Studium J\u0119zyk\u00f3w Obcych","og_description":"Egzamin sk\u0142ada si\u0119 z nast\u0119puj\u0105cych cz\u0119\u015bci: &nbsp; Listening - 15 punkt\u00f3w Reading - 15 punkt\u00f3w Vocabulary - 35 punkt\u00f3w Grammar - 15 punkt\u00f3w &nbsp;","og_url":"https:\/\/pb.edu.pl\/sjo\/dla-studenta\/egzaminy\/egzamin-b2-na-koniec-lektoratu\/egzamin-b2-z-jezyka-angielskiego\/","og_site_name":"Studium J\u0119zyk\u00f3w Obcych","article_modified_time":"2023-03-09T09:55:28+00:00","twitter_misc":{"Szacowany czas czytania":"1 minuta"},"schema":{"@context":"https:\/\/schema.org","@graph":[{"@type":"WebPage","@id":"https:\/\/pb.edu.pl\/sjo\/dla-studenta\/egzaminy\/egzamin-b2-na-koniec-lektoratu\/egzamin-b2-z-jezyka-angielskiego\/","url":"https:\/\/pb.edu.pl\/sjo\/dla-studenta\/egzaminy\/egzamin-b2-na-koniec-lektoratu\/egzamin-b2-z-jezyka-angielskiego\/","name":"Egzamin z j\u0119zyka angielskiego - Studium J\u0119zyk\u00f3w Obcych","isPartOf":{"@id":"https:\/\/pb.edu.pl\/sjo\/#website"},"datePublished":"2017-11-27T22:28:52+00:00","dateModified":"2023-03-09T09:55:28+00:00","description":"Egzamin sk\u0142ada si\u0119 z nast\u0119puj\u0105cych cz\u0119\u015bci: &nbsp; Listening - 15 punkt\u00f3w Reading - 15 punkt\u00f3w Vocabulary - 35 punkt\u00f3w Grammar - 15 punkt\u00f3w &nbsp;","breadcrumb":{"@id":"https:\/\/pb.edu.pl\/sjo\/dla-studenta\/egzaminy\/egzamin-b2-na-koniec-lektoratu\/egzamin-b2-z-jezyka-angielskiego\/#breadcrumb"},"inLanguage":"pl-PL","potentialAction":[{"@type":"ReadAction","target":["https:\/\/pb.edu.pl\/sjo\/dla-studenta\/egzaminy\/egzamin-b2-na-koniec-lektoratu\/egzamin-b2-z-jezyka-angielskiego\/"]}]},{"@type":"BreadcrumbList","@id":"https:\/\/pb.edu.pl\/sjo\/dla-studenta\/egzaminy\/egzamin-b2-na-koniec-lektoratu\/egzamin-b2-z-jezyka-angielskiego\/#breadcrumb","itemListElement":[{"@type":"ListItem","position":1,"name":"Home","item":"https:\/\/pb.edu.pl\/sjo\/"},{"@type":"ListItem","position":2,"name":"Studiuj\u0119 w PB","item":"https:\/\/pb.edu.pl\/sjo\/dla-studenta\/"},{"@type":"ListItem","position":3,"name":"Egzaminy","item":"https:\/\/pb.edu.pl\/sjo\/dla-studenta\/egzaminy\/"},{"@type":"ListItem","position":4,"name":"Egzamin na koniec lektoratu","item":"https:\/\/pb.edu.pl\/sjo\/?page_id=112"},{"@type":"ListItem","position":5,"name":"Egzamin z j\u0119zyka angielskiego"}]},{"@type":"WebSite","@id":"https:\/\/pb.edu.pl\/sjo\/#website","url":"https:\/\/pb.edu.pl\/sjo\/","name":"Studium J\u0119zyk\u00f3w Obcych","description":"","potentialAction":[{"@type":"SearchAction","target":{"@type":"EntryPoint","urlTemplate":"https:\/\/pb.edu.pl\/sjo\/?s={search_term_string}"},"query-input":{"@type":"PropertyValueSpecification","valueRequired":true,"valueName":"search_term_string"}}],"inLanguage":"pl-PL"}]}},"_links":{"self":[{"href":"https:\/\/pb.edu.pl\/sjo\/wp-json\/wp\/v2\/pages\/313","targetHints":{"allow":["GET"]}}],"collection":[{"href":"https:\/\/pb.edu.pl\/sjo\/wp-json\/wp\/v2\/pages"}],"about":[{"href":"https:\/\/pb.edu.pl\/sjo\/wp-json\/wp\/v2\/types\/page"}],"author":[{"embeddable":true,"href":"https:\/\/pb.edu.pl\/sjo\/wp-json\/wp\/v2\/users\/6"}],"replies":[{"embeddable":true,"href":"https:\/\/pb.edu.pl\/sjo\/wp-json\/wp\/v2\/comments?post=313"}],"version-history":[{"count":0,"href":"https:\/\/pb.edu.pl\/sjo\/wp-json\/wp\/v2\/pages\/313\/revisions"}],"up":[{"embeddable":true,"href":"https:\/\/pb.edu.pl\/sjo\/wp-json\/wp\/v2\/pages\/112"}],"wp:attachment":[{"href":"https:\/\/pb.edu.pl\/sjo\/wp-json\/wp\/v2\/media?parent=313"}],"curies":[{"name":"wp","href":"https:\/\/api.w.org\/{rel}","templated":true}]}}