{"id":31118,"date":"2026-03-23T12:54:04","date_gmt":"2026-03-23T11:54:04","guid":{"rendered":"https:\/\/pb.edu.pl\/sjo\/?page_id=31118"},"modified":"2026-03-31T12:40:35","modified_gmt":"2026-03-31T10:40:35","slug":"konkurs-fotograficzno-jezykowy-a-story-in-one-moment","status":"publish","type":"page","link":"https:\/\/pb.edu.pl\/sjo\/wydarzenia-sjo\/konkurs-fotograficzno-jezykowy-a-story-in-one-moment\/","title":{"rendered":"Konkurs fotograficzno-j\u0119zykowy 'A story in one moment\u2019"},"content":{"rendered":"<h2 data-wp-editing=\"1\"><img loading=\"lazy\" decoding=\"async\" class=\"alignleft wp-image-28098\" src=\"https:\/\/pb.edu.pl\/sjo\/wp-content\/uploads\/sites\/9\/2026\/03\/konkurs-foto-2026-box-wydarzenia.png\" alt=\"\" width=\"350\" height=\"219\"><\/h2>\n<p>Studium J\u0119zyk\u00f3w Obcych Politechniki Bia\u0142ostockiej zaprasza do udzia\u0142u w <strong>5. edycji konkursu fotograficzno-j\u0119zykowego<\/strong>.<\/p>\n<p data-start=\"219\" data-end=\"355\">Jedno zdj\u0119cie, jeden moment \u2013 a za nim ca\u0142a historia. Uchwy\u0107 chwil\u0119, kt\u00f3ra m\u00f3wi wi\u0119cej ni\u017c s\u0142owa, i opowiedz j\u0105 w wybranym j\u0119zyku obcym.<\/p>\n<p><strong>Jak wzi\u0105\u0107 udzia\u0142?<\/strong><\/p>\n<ul>\n<li>Zr\u00f3b zdj\u0119cie nawi\u0105zuj\u0105ce do tegorocznego tematu.<\/li>\n<li>Dodaj tytu\u0142 i kr\u00f3tki opis (200-500 znak\u00f3w) w wybranym j\u0119zyku:\n<ul>\n<li>angielskim,<\/li>\n<li>niemieckim,<\/li>\n<li>hiszpa\u0144skim lub<\/li>\n<li>rosyjskim.<\/li>\n<\/ul>\n<\/li>\n<li>Wype\u0142nij formularz zg\u0142oszeniowy i prze\u015blij swoj\u0105 prac\u0119.<\/li>\n<\/ul>\n<p><strong>Harmonogram konkursu<\/strong><\/p>\n<ul>\n<li>Zg\u0142oszenia: do 24 kwietnia 2026<\/li>\n<li>G\u0142osowanie na Nagrod\u0119 Publiczno\u015bci: 29 kwietnia \u2013 7 maja 2026<\/li>\n<li>Og\u0142oszenie wynik\u00f3w: 11 maja 2026<\/li>\n<li>Wr\u0119czenie nagr\u00f3d: 12 maja 2026<\/li>\n<\/ul>\n<p>Prace oceni jury, bior\u0105c pod uwag\u0119 zgodno\u015b\u0107 z tematem, jako\u015b\u0107 j\u0119zykow\u0105 i warto\u015b\u0107 artystyczn\u0105. Opr\u00f3cz nagr\u00f3d g\u0142\u00f3wnych jedno zdj\u0119cie zdob\u0119dzie Nagrod\u0119 Publiczno\u015bci &#8211; o wygranej zdecyduje liczba g\u0142os\u00f3w oddanych przez platform\u0119 Microsoft Forms.<\/p>\n<p data-start=\"1046\" data-end=\"1116\">Nie czekaj \u2013 uchwy\u0107 swoj\u0105 histori\u0119 w jednym momencie i wygraj nagrody!<\/p>\n<p><a title=\"\" href=\"https:\/\/pb.edu.pl\/sjo\/wp-content\/uploads\/sites\/9\/2026\/03\/Reguklamin-Konkurs-fotograficzno-jezykowy-A-story-in-one-moment-2026-1.pdf\">Regulamin &#8211; Konkurs fotograficzno-j\u0119zykowy 'A story in one moment\u2019 2026 (PDF, 325 KB, otworzy si\u0119 w nowej karcie)<\/a>.<\/p>\n<p>&nbsp;<br \/>\n\n<div class=\"wpcf7 no-js\" id=\"wpcf7-f28144-o1\" lang=\"pl-PL\" dir=\"ltr\" data-wpcf7-id=\"28144\">\n<div class=\"screen-reader-response\"><p role=\"status\" aria-live=\"polite\" aria-atomic=\"true\"><\/p> <ul><\/ul><\/div>\n<form action=\"\/sjo\/wp-json\/wp\/v2\/pages\/31118#wpcf7-f28144-o1\" method=\"post\" class=\"wpcf7-form init\" aria-label=\"Formularz kontaktowy\" enctype=\"multipart\/form-data\" novalidate=\"novalidate\" data-status=\"init\">\n<fieldset class=\"hidden-fields-container\"><input type=\"hidden\" name=\"_wpcf7\" value=\"28144\" \/><input type=\"hidden\" name=\"_wpcf7_version\" value=\"6.1.5\" \/><input type=\"hidden\" name=\"_wpcf7_locale\" value=\"pl_PL\" \/><input type=\"hidden\" name=\"_wpcf7_unit_tag\" value=\"wpcf7-f28144-o1\" \/><input type=\"hidden\" name=\"_wpcf7_container_post\" value=\"0\" \/><input type=\"hidden\" name=\"_wpcf7_posted_data_hash\" value=\"\" \/><input type=\"hidden\" name=\"_wpcf7cf_hidden_group_fields\" value=\"[]\" \/><input type=\"hidden\" name=\"_wpcf7cf_hidden_groups\" value=\"[]\" \/><input type=\"hidden\" name=\"_wpcf7cf_visible_groups\" value=\"[]\" \/><input type=\"hidden\" name=\"_wpcf7cf_repeaters\" value=\"[]\" \/><input type=\"hidden\" name=\"_wpcf7cf_steps\" value=\"{}\" \/><input type=\"hidden\" name=\"_wpcf7cf_options\" value=\"{&quot;form_id&quot;:28144,&quot;conditions&quot;:[],&quot;settings&quot;:{&quot;animation&quot;:&quot;yes&quot;,&quot;animation_intime&quot;:200,&quot;animation_outtime&quot;:200,&quot;conditions_ui&quot;:&quot;normal&quot;,&quot;notice_dismissed&quot;:false,&quot;notice_dismissed_update-cf7-5.6.2&quot;:true,&quot;notice_dismissed_update-cf7-6.0.2&quot;:true}}\" \/>\n<\/fieldset>\n<div class=\"wpcf7-turnstile cf-turnstile\" data-sitekey=\"0x4AAAAAACDP-G-k0g-pygWP\" data-response-field-name=\"_wpcf7_turnstile_response\"><\/div>\n\n<div class=\"row\">\n\t<div class=\"col-md-6\">\n\t\t<p><label> Imi\u0119\/Name: *<\/label><br \/>\n<span class=\"wpcf7-form-control-wrap\" data-name=\"imie\"><input size=\"40\" maxlength=\"400\" class=\"wpcf7-form-control wpcf7-text wpcf7-validates-as-required\" aria-required=\"true\" aria-invalid=\"false\" value=\"\" type=\"text\" name=\"imie\" \/><\/span>\n\t\t<\/p>\n\t<\/div>\n<\/div>\n<div class=\"row\">\n\t<div class=\"col-md-6\">\n\t\t<p><label> Nazwisko\/Surname: *<\/label><br \/>\n<span class=\"wpcf7-form-control-wrap\" data-name=\"nazwisko\"><input size=\"40\" maxlength=\"400\" class=\"wpcf7-form-control wpcf7-text wpcf7-validates-as-required\" aria-required=\"true\" aria-invalid=\"false\" value=\"\" type=\"text\" name=\"nazwisko\" \/><\/span>\n\t\t<\/p>\n\t<\/div>\n<\/div>\n<div class=\"row\">\n\t<div class=\"col-md-6\">\n\t\t<p><label> Wydzia\u0142\/Faculty: *<\/label><br \/>\n<span class=\"wpcf7-form-control-wrap\" data-name=\"wydzial\"><select class=\"wpcf7-form-control wpcf7-select\" aria-invalid=\"false\" name=\"wydzial\"><option value=\"\">&#8212;Prosz\u0119 wybra\u0107 opcj\u0119&#8212;<\/option><option value=\"Wydzia\u0142 Architektury\/Faculty of Architecture\">Wydzia\u0142 Architektury\/Faculty of Architecture<\/option><option value=\"Wydzia\u0142 Budownictwa i Nauk o \u015arodowisku\/Faculty of Civil Engineering and Environmental Sciences\">Wydzia\u0142 Budownictwa i Nauk o \u015arodowisku\/Faculty of Civil Engineering and Environmental Sciences<\/option><option value=\"Wydzia\u0142 Elektryczny\/Faculty of Electrical Engineering\">Wydzia\u0142 Elektryczny\/Faculty of Electrical Engineering<\/option><option value=\"Wydzia\u0142 Informatyki\/Faculty of Computer Science\">Wydzia\u0142 Informatyki\/Faculty of Computer Science<\/option><option value=\"Wydzia\u0142 In\u017cynierii Zarz\u0105dzania\/Faculty of Engineering Management\">Wydzia\u0142 In\u017cynierii Zarz\u0105dzania\/Faculty of Engineering Management<\/option><option value=\"Wydzia\u0142 Mechaniczny\/Faculty of Mechanical Engineering\">Wydzia\u0142 Mechaniczny\/Faculty of Mechanical Engineering<\/option><\/select><\/span>\n\t\t<\/p>\n\t<\/div>\n<\/div>\n<div class=\"row\">\n\t<div class=\"col-md-12\">\n\t\t<p><label>Tytu\u0142 zdj\u0119cia (w j\u0119zyku angielskim, niemieckim, rosyjskim lub hiszpa\u0144skim)\/Title of the photograph (in English, German, Russian or Spanish): *<\/label><br \/>\n<span class=\"wpcf7-form-control-wrap\" data-name=\"tytul\"><input size=\"40\" maxlength=\"400\" class=\"wpcf7-form-control wpcf7-text wpcf7-validates-as-required\" aria-required=\"true\" aria-invalid=\"false\" value=\"\" type=\"text\" name=\"tytul\" \/><\/span>\n\t\t<\/p>\n\t<\/div>\n<\/div>\n<div class=\"row\">\n\t<div class=\"col-md-12\">\n\t\t<p><label>Opis zdj\u0119cia (w j\u0119zyku angielskim, niemieckim, rosyjskim lub hiszpa\u0144skim)<br \/>\nDescription of the photograph (in English, German, Russian or Spanish): *<\/label><br \/>\n<span class=\"wpcf7-form-control-wrap\" data-name=\"opis\"><textarea cols=\"40\" rows=\"10\" maxlength=\"500\" minlength=\"200\" class=\"wpcf7-form-control wpcf7-textarea wpcf7-validates-as-required\" aria-required=\"true\" aria-invalid=\"false\" placeholder=\"200-500\" name=\"opis\"><\/textarea><\/span>\n\t\t<\/p>\n\t<\/div>\n<\/div>\n<p><span class=\"wpcf7-character-count up\" data-target-name=\"opis\" data-starting-value=\"0\" data-current-value=\"0\" data-maximum-value=\"500\" data-minimum-value=\"200\">0<\/span>\n<\/p>\n<div class=\"row\">\n\t<div class=\"col-md-6\">\n\t\t<p><label>Zdj\u0119cie\/Photo *<\/label>\n\t\t<\/p>\n\t<\/div>\n<\/div>\n<div class=\"row\">\n\t<div class=\"col-md-6\">\n\t\t<p>Format: jpg, png<br \/>\n<span class=\"wpcf7-form-control-wrap\" data-name=\"file-397\"><input size=\"40\" class=\"wpcf7-form-control wpcf7-file wpcf7-validates-as-required\" accept=\".png,.jpg\" aria-required=\"true\" aria-invalid=\"false\" type=\"file\" name=\"file-397\" \/><\/span>\n\t\t<\/p>\n\t<\/div>\n<\/div>\n<div class=\"row\">\n\t<div class=\"col-md-12\">\n\t\t<p><label> Uczelniany adres e-mail\/University e-mail address: *<\/label><br \/>\n<span class=\"wpcf7-form-control-wrap\" data-name=\"email\"><input size=\"40\" maxlength=\"400\" class=\"wpcf7-form-control wpcf7-email wpcf7-validates-as-required wpcf7-text wpcf7-validates-as-email\" aria-required=\"true\" aria-invalid=\"false\" value=\"\" type=\"email\" name=\"email\" \/><\/span>\n\t\t<\/p>\n\t<\/div>\n<\/div>\n<p><label>Pola oznaczone gwiazdk\u0105 (*) s\u0105 obowi\u0105zkowe\/Fields with (*) are obligatory.<\/label>\n<\/p>\n<p><label>Regulamin konkursu fotograficzno-leksykalnego \u201eA story in one moment\u201d\/Regulations of the 'A story in one moment\u2019 photo contest<\/label><br \/>\n<span class=\"wpcf7-form-control-wrap\" data-name=\"acceptance-107\"><span class=\"wpcf7-form-control wpcf7-acceptance\"><span class=\"wpcf7-list-item\"><label><input type=\"checkbox\" name=\"acceptance-107\" value=\"1\" aria-invalid=\"false\" \/><span class=\"wpcf7-list-item-label\">* Zapozna\u0142em\/am si\u0119 z Regulaminem konkursu fotograficzno-leksykalnego \u201eA story in one moment\u201d\n<br>I have read and understood the Regulations of the \u201eA story in one moment\u201d photo contest<\/span><\/label><\/span><\/span><\/span>\n<\/p>\n<p style=\"text-indent: 32px\"><a title=\"otworzy si\u0119 w nowej karcie\" href=\"https:\/\/pb.edu.pl\/sjo\/wp-content\/uploads\/sites\/9\/2026\/03\/Reguklamin-Konkurs-fotograficzno-jezykowy-A-story-in-one-moment-2026-1.pdf\" target=\"_blank\">Regulamin konkursu \u201eA story in one moment\u201d<\/a>\n<\/p>\n<p style=\"text-indent: 32px\"><a title=\"It will open in a new tab\" href=\"https:\/\/pb.edu.pl\/sjo\/wp-content\/uploads\/sites\/9\/2026\/03\/Regulations-of-the-contest-A-story-in-one-moment-2026-1.pdf\" target=\"_blank\">Regulations of the \u201eA story in one moment\u201d photo contest<\/a>\n<\/p>\n<div class=\"row\">\n\t<div class=\"col-md-12 text-right\">\n\t\t<p><input class=\"wpcf7-form-control wpcf7-submit has-spinner\" type=\"submit\" value=\"Wy\u015blij zg\u0142oszenie\/Send your application\" \/>\n\t\t<\/p>\n\t<\/div>\n<\/div><div class=\"wpcf7-response-output\" aria-hidden=\"true\"><\/div>\n<\/form>\n<\/div>\n\n<p>&nbsp;<br \/>\n\t\t<div class=\"box news-box \">\n\t\t<div class=\"row\">\n\t\t\t\n\t\t\t\n\t\t\t\t\n\t\t\t\t\t\t\t\t\t\t<div class=\"col-sm-3\">\n\t\t\t\t\t\t\t\n<article class=\"format-standard\">\n    <span class=\"date text-right\"><i class=\"fal fa-calendar-alt\"><\/i> 24-03-2026<\/span>\n    <a href=\"https:\/\/pb.edu.pl\/sjo\/2026\/03\/24\/wez-udzial-w-konkursie-a-story-in-one-moment\/\">\n      <div class=\"article-image\">\n        <img loading=\"lazy\" decoding=\"async\" width=\"480\" height=\"300\" src=\"https:\/\/pb.edu.pl\/sjo\/wp-content\/uploads\/sites\/9\/2026\/03\/konkurs-foto-2026-box-wydarzenia-480x300.png\" class=\"attachment-medium-image-16x10 size-medium-image-16x10 wp-post-image\" alt=\"\" srcset=\"https:\/\/pb.edu.pl\/sjo\/wp-content\/uploads\/sites\/9\/2026\/03\/konkurs-foto-2026-box-wydarzenia-480x300.png 480w, https:\/\/pb.edu.pl\/sjo\/wp-content\/uploads\/sites\/9\/2026\/03\/konkurs-foto-2026-box-wydarzenia-300x188.png 300w, https:\/\/pb.edu.pl\/sjo\/wp-content\/uploads\/sites\/9\/2026\/03\/konkurs-foto-2026-box-wydarzenia-1024x640.png 1024w, https:\/\/pb.edu.pl\/sjo\/wp-content\/uploads\/sites\/9\/2026\/03\/konkurs-foto-2026-box-wydarzenia-768x480.png 768w, https:\/\/pb.edu.pl\/sjo\/wp-content\/uploads\/sites\/9\/2026\/03\/konkurs-foto-2026-box-wydarzenia.png 1080w\" sizes=\"auto, (max-width: 480px) 100vw, 480px\" \/>      <\/div>\n      <h3>We\u017a udzia\u0142 w konkursie \u201eA story in one moment\u201d<\/h3>\n      Jedno zdj\u0119cie, jeden moment \u2013 a za nim ca\u0142a historia. Studium    <\/a>\n<\/article>\t\t\t\t\t\t<\/div>\n\t\t\t\t\t\n\t\t\t\t\n\t\t\t\t\t<\/div>\n\t\t\t\t\t<\/div>\n\n","protected":false},"excerpt":{"rendered":"<p>Studium J\u0119zyk\u00f3w Obcych Politechniki Bia\u0142ostockiej zaprasza do udzia\u0142u w 5. edycji konkursu fotograficzno-j\u0119zykowego. Jedno zdj\u0119cie,<\/p>\n","protected":false},"author":6,"featured_media":0,"parent":10915,"menu_order":0,"comment_status":"closed","ping_status":"closed","template":"","meta":{"_acf_changed":false,"ngg_post_thumbnail":0,"footnotes":""},"class_list":["post-31118","page","type-page","status-publish","hentry"],"acf":[],"yoast_head":"<!-- This site is optimized with the Yoast SEO plugin v27.0 - https:\/\/yoast.com\/product\/yoast-seo-wordpress\/ -->\n<title>Konkurs fotograficzno-j\u0119zykowy &#039;A story in one moment\u2019 - Studium J\u0119zyk\u00f3w Obcych<\/title>\n<meta name=\"description\" content=\"Studium J\u0119zyk\u00f3w Obcych Politechniki Bia\u0142ostockiej zaprasza do udzia\u0142u w 5. edycji konkursu fotograficzno-j\u0119zykowego. Jedno zdj\u0119cie, jeden moment \u2013 a za\" \/>\n<meta name=\"robots\" content=\"index, follow, max-snippet:-1, max-image-preview:large, max-video-preview:-1\" \/>\n<link rel=\"canonical\" href=\"https:\/\/pb.edu.pl\/sjo\/wydarzenia-sjo\/konkurs-fotograficzno-jezykowy-a-story-in-one-moment\/\" \/>\n<meta property=\"og:locale\" content=\"pl_PL\" \/>\n<meta property=\"og:type\" content=\"article\" \/>\n<meta property=\"og:title\" content=\"Konkurs fotograficzno-j\u0119zykowy &#039;A story in one moment\u2019 - Studium J\u0119zyk\u00f3w Obcych\" \/>\n<meta property=\"og:description\" content=\"Studium J\u0119zyk\u00f3w Obcych Politechniki Bia\u0142ostockiej zaprasza do udzia\u0142u w 5. edycji konkursu fotograficzno-j\u0119zykowego. Jedno zdj\u0119cie, jeden moment \u2013 a za\" \/>\n<meta property=\"og:url\" content=\"https:\/\/pb.edu.pl\/sjo\/wydarzenia-sjo\/konkurs-fotograficzno-jezykowy-a-story-in-one-moment\/\" \/>\n<meta property=\"og:site_name\" content=\"Studium J\u0119zyk\u00f3w Obcych\" \/>\n<meta property=\"article:modified_time\" content=\"2026-03-31T10:40:35+00:00\" \/>\n<meta property=\"og:image\" content=\"https:\/\/pb.edu.pl\/sjo\/wp-content\/uploads\/sites\/9\/2025\/03\/konkurs-foto-2025-www.png\" \/>\n\t<meta property=\"og:image:width\" content=\"1080\" \/>\n\t<meta property=\"og:image:height\" content=\"675\" \/>\n\t<meta property=\"og:image:type\" content=\"image\/png\" \/>\n<meta name=\"twitter:label1\" content=\"Szacowany czas czytania\" \/>\n\t<meta name=\"twitter:data1\" content=\"2 minuty\" \/>\n<script type=\"application\/ld+json\" class=\"yoast-schema-graph\">{\"@context\":\"https:\/\/schema.org\",\"@graph\":[{\"@type\":\"WebPage\",\"@id\":\"https:\/\/pb.edu.pl\/sjo\/wydarzenia-sjo\/konkurs-fotograficzno-jezykowy-a-story-in-one-moment\/\",\"url\":\"https:\/\/pb.edu.pl\/sjo\/wydarzenia-sjo\/konkurs-fotograficzno-jezykowy-a-story-in-one-moment\/\",\"name\":\"Konkurs fotograficzno-j\u0119zykowy 'A story in one moment\u2019 - Studium J\u0119zyk\u00f3w Obcych\",\"isPartOf\":{\"@id\":\"https:\/\/pb.edu.pl\/sjo\/#website\"},\"primaryImageOfPage\":{\"@id\":\"https:\/\/pb.edu.pl\/sjo\/wydarzenia-sjo\/konkurs-fotograficzno-jezykowy-a-story-in-one-moment\/#primaryimage\"},\"image\":{\"@id\":\"https:\/\/pb.edu.pl\/sjo\/wydarzenia-sjo\/konkurs-fotograficzno-jezykowy-a-story-in-one-moment\/#primaryimage\"},\"thumbnailUrl\":\"https:\/\/pb.edu.pl\/sjo\/wp-content\/uploads\/sites\/9\/2026\/03\/konkurs-foto-2026-box-wydarzenia.png\",\"datePublished\":\"2026-03-23T11:54:04+00:00\",\"dateModified\":\"2026-03-31T10:40:35+00:00\",\"description\":\"Studium J\u0119zyk\u00f3w Obcych Politechniki Bia\u0142ostockiej zaprasza do udzia\u0142u w 5. edycji konkursu fotograficzno-j\u0119zykowego. Jedno zdj\u0119cie, jeden moment \u2013 a za\",\"breadcrumb\":{\"@id\":\"https:\/\/pb.edu.pl\/sjo\/wydarzenia-sjo\/konkurs-fotograficzno-jezykowy-a-story-in-one-moment\/#breadcrumb\"},\"inLanguage\":\"pl-PL\",\"potentialAction\":[{\"@type\":\"ReadAction\",\"target\":[\"https:\/\/pb.edu.pl\/sjo\/wydarzenia-sjo\/konkurs-fotograficzno-jezykowy-a-story-in-one-moment\/\"]}]},{\"@type\":\"ImageObject\",\"inLanguage\":\"pl-PL\",\"@id\":\"https:\/\/pb.edu.pl\/sjo\/wydarzenia-sjo\/konkurs-fotograficzno-jezykowy-a-story-in-one-moment\/#primaryimage\",\"url\":\"https:\/\/pb.edu.pl\/sjo\/wp-content\/uploads\/sites\/9\/2022\/10\/Kopia-15.09-e1664960046316.png\",\"contentUrl\":\"https:\/\/pb.edu.pl\/sjo\/wp-content\/uploads\/sites\/9\/2022\/10\/Kopia-15.09-e1664960046316.png\",\"width\":798,\"height\":533},{\"@type\":\"BreadcrumbList\",\"@id\":\"https:\/\/pb.edu.pl\/sjo\/wydarzenia-sjo\/konkurs-fotograficzno-jezykowy-a-story-in-one-moment\/#breadcrumb\",\"itemListElement\":[{\"@type\":\"ListItem\",\"position\":1,\"name\":\"Home\",\"item\":\"https:\/\/pb.edu.pl\/sjo\/\"},{\"@type\":\"ListItem\",\"position\":2,\"name\":\"Wydarzenia SJO\",\"item\":\"https:\/\/pb.edu.pl\/sjo\/wydarzenia-sjo\/\"},{\"@type\":\"ListItem\",\"position\":3,\"name\":\"Konkurs fotograficzno-j\u0119zykowy 'A story in one moment\u2019\"}]},{\"@type\":\"WebSite\",\"@id\":\"https:\/\/pb.edu.pl\/sjo\/#website\",\"url\":\"https:\/\/pb.edu.pl\/sjo\/\",\"name\":\"Studium J\u0119zyk\u00f3w Obcych\",\"description\":\"\",\"potentialAction\":[{\"@type\":\"SearchAction\",\"target\":{\"@type\":\"EntryPoint\",\"urlTemplate\":\"https:\/\/pb.edu.pl\/sjo\/?s={search_term_string}\"},\"query-input\":{\"@type\":\"PropertyValueSpecification\",\"valueRequired\":true,\"valueName\":\"search_term_string\"}}],\"inLanguage\":\"pl-PL\"}]}<\/script>\n<!-- \/ Yoast SEO plugin. -->","yoast_head_json":{"title":"Konkurs fotograficzno-j\u0119zykowy 'A story in one moment\u2019 - Studium J\u0119zyk\u00f3w Obcych","description":"Studium J\u0119zyk\u00f3w Obcych Politechniki Bia\u0142ostockiej zaprasza do udzia\u0142u w 5. edycji konkursu fotograficzno-j\u0119zykowego. Jedno zdj\u0119cie, jeden moment \u2013 a za","robots":{"index":"index","follow":"follow","max-snippet":"max-snippet:-1","max-image-preview":"max-image-preview:large","max-video-preview":"max-video-preview:-1"},"canonical":"https:\/\/pb.edu.pl\/sjo\/wydarzenia-sjo\/konkurs-fotograficzno-jezykowy-a-story-in-one-moment\/","og_locale":"pl_PL","og_type":"article","og_title":"Konkurs fotograficzno-j\u0119zykowy 'A story in one moment\u2019 - Studium J\u0119zyk\u00f3w Obcych","og_description":"Studium J\u0119zyk\u00f3w Obcych Politechniki Bia\u0142ostockiej zaprasza do udzia\u0142u w 5. edycji konkursu fotograficzno-j\u0119zykowego. Jedno zdj\u0119cie, jeden moment \u2013 a za","og_url":"https:\/\/pb.edu.pl\/sjo\/wydarzenia-sjo\/konkurs-fotograficzno-jezykowy-a-story-in-one-moment\/","og_site_name":"Studium J\u0119zyk\u00f3w Obcych","article_modified_time":"2026-03-31T10:40:35+00:00","og_image":[{"width":1080,"height":675,"url":"https:\/\/pb.edu.pl\/sjo\/wp-content\/uploads\/sites\/9\/2025\/03\/konkurs-foto-2025-www.png","type":"image\/png"}],"twitter_misc":{"Szacowany czas czytania":"2 minuty"},"schema":{"@context":"https:\/\/schema.org","@graph":[{"@type":"WebPage","@id":"https:\/\/pb.edu.pl\/sjo\/wydarzenia-sjo\/konkurs-fotograficzno-jezykowy-a-story-in-one-moment\/","url":"https:\/\/pb.edu.pl\/sjo\/wydarzenia-sjo\/konkurs-fotograficzno-jezykowy-a-story-in-one-moment\/","name":"Konkurs fotograficzno-j\u0119zykowy 'A story in one moment\u2019 - Studium J\u0119zyk\u00f3w Obcych","isPartOf":{"@id":"https:\/\/pb.edu.pl\/sjo\/#website"},"primaryImageOfPage":{"@id":"https:\/\/pb.edu.pl\/sjo\/wydarzenia-sjo\/konkurs-fotograficzno-jezykowy-a-story-in-one-moment\/#primaryimage"},"image":{"@id":"https:\/\/pb.edu.pl\/sjo\/wydarzenia-sjo\/konkurs-fotograficzno-jezykowy-a-story-in-one-moment\/#primaryimage"},"thumbnailUrl":"https:\/\/pb.edu.pl\/sjo\/wp-content\/uploads\/sites\/9\/2026\/03\/konkurs-foto-2026-box-wydarzenia.png","datePublished":"2026-03-23T11:54:04+00:00","dateModified":"2026-03-31T10:40:35+00:00","description":"Studium J\u0119zyk\u00f3w Obcych Politechniki Bia\u0142ostockiej zaprasza do udzia\u0142u w 5. edycji konkursu fotograficzno-j\u0119zykowego. Jedno zdj\u0119cie, jeden moment \u2013 a za","breadcrumb":{"@id":"https:\/\/pb.edu.pl\/sjo\/wydarzenia-sjo\/konkurs-fotograficzno-jezykowy-a-story-in-one-moment\/#breadcrumb"},"inLanguage":"pl-PL","potentialAction":[{"@type":"ReadAction","target":["https:\/\/pb.edu.pl\/sjo\/wydarzenia-sjo\/konkurs-fotograficzno-jezykowy-a-story-in-one-moment\/"]}]},{"@type":"ImageObject","inLanguage":"pl-PL","@id":"https:\/\/pb.edu.pl\/sjo\/wydarzenia-sjo\/konkurs-fotograficzno-jezykowy-a-story-in-one-moment\/#primaryimage","url":"https:\/\/pb.edu.pl\/sjo\/wp-content\/uploads\/sites\/9\/2022\/10\/Kopia-15.09-e1664960046316.png","contentUrl":"https:\/\/pb.edu.pl\/sjo\/wp-content\/uploads\/sites\/9\/2022\/10\/Kopia-15.09-e1664960046316.png","width":798,"height":533},{"@type":"BreadcrumbList","@id":"https:\/\/pb.edu.pl\/sjo\/wydarzenia-sjo\/konkurs-fotograficzno-jezykowy-a-story-in-one-moment\/#breadcrumb","itemListElement":[{"@type":"ListItem","position":1,"name":"Home","item":"https:\/\/pb.edu.pl\/sjo\/"},{"@type":"ListItem","position":2,"name":"Wydarzenia SJO","item":"https:\/\/pb.edu.pl\/sjo\/wydarzenia-sjo\/"},{"@type":"ListItem","position":3,"name":"Konkurs fotograficzno-j\u0119zykowy 'A story in one moment\u2019"}]},{"@type":"WebSite","@id":"https:\/\/pb.edu.pl\/sjo\/#website","url":"https:\/\/pb.edu.pl\/sjo\/","name":"Studium J\u0119zyk\u00f3w Obcych","description":"","potentialAction":[{"@type":"SearchAction","target":{"@type":"EntryPoint","urlTemplate":"https:\/\/pb.edu.pl\/sjo\/?s={search_term_string}"},"query-input":{"@type":"PropertyValueSpecification","valueRequired":true,"valueName":"search_term_string"}}],"inLanguage":"pl-PL"}]}},"_links":{"self":[{"href":"https:\/\/pb.edu.pl\/sjo\/wp-json\/wp\/v2\/pages\/31118","targetHints":{"allow":["GET"]}}],"collection":[{"href":"https:\/\/pb.edu.pl\/sjo\/wp-json\/wp\/v2\/pages"}],"about":[{"href":"https:\/\/pb.edu.pl\/sjo\/wp-json\/wp\/v2\/types\/page"}],"author":[{"embeddable":true,"href":"https:\/\/pb.edu.pl\/sjo\/wp-json\/wp\/v2\/users\/6"}],"replies":[{"embeddable":true,"href":"https:\/\/pb.edu.pl\/sjo\/wp-json\/wp\/v2\/comments?post=31118"}],"version-history":[{"count":12,"href":"https:\/\/pb.edu.pl\/sjo\/wp-json\/wp\/v2\/pages\/31118\/revisions"}],"predecessor-version":[{"id":31229,"href":"https:\/\/pb.edu.pl\/sjo\/wp-json\/wp\/v2\/pages\/31118\/revisions\/31229"}],"up":[{"embeddable":true,"href":"https:\/\/pb.edu.pl\/sjo\/wp-json\/wp\/v2\/pages\/10915"}],"wp:attachment":[{"href":"https:\/\/pb.edu.pl\/sjo\/wp-json\/wp\/v2\/media?parent=31118"}],"curies":[{"name":"wp","href":"https:\/\/api.w.org\/{rel}","templated":true}]}}