{"id":30513,"date":"2026-01-26T13:30:26","date_gmt":"2026-01-26T12:30:26","guid":{"rendered":"https:\/\/pb.edu.pl\/sjo\/?page_id=30513"},"modified":"2026-02-13T18:57:30","modified_gmt":"2026-02-13T17:57:30","slug":"60-godzinny-kurs-a2a","status":"publish","type":"page","link":"https:\/\/pb.edu.pl\/sjo\/polish-lab\/kursy-jezyka-polskiego-jako-obcego-2\/kursy-wiosenne\/60-godzinny-kurs-a2a\/","title":{"rendered":"60-godzinny kurs A2(a)"},"content":{"rendered":"<p><strong><a href=\"https:\/\/pb.edu.pl\/sjo\/wp-content\/uploads\/sites\/9\/2026\/01\/Kopia-Boks-centrum-jezyka-i-kultury-polskiej-zaprasza-Wpis-na-Facebooku-799\u00d7533-px4-1.png\"><img loading=\"lazy\" decoding=\"async\" class=\"alignleft wp-image-30504\" src=\"https:\/\/pb.edu.pl\/sjo\/wp-content\/uploads\/sites\/9\/2026\/01\/Kopia-Boks-centrum-jezyka-i-kultury-polskiej-zaprasza-Wpis-na-Facebooku-799\u00d7533-px4-1-300x200.png\" alt=\"\" width=\"500\" height=\"334\" srcset=\"https:\/\/pb.edu.pl\/sjo\/wp-content\/uploads\/sites\/9\/2026\/01\/Kopia-Boks-centrum-jezyka-i-kultury-polskiej-zaprasza-Wpis-na-Facebooku-799\u00d7533-px4-1-300x200.png 300w, https:\/\/pb.edu.pl\/sjo\/wp-content\/uploads\/sites\/9\/2026\/01\/Kopia-Boks-centrum-jezyka-i-kultury-polskiej-zaprasza-Wpis-na-Facebooku-799\u00d7533-px4-1-768x512.png 768w, https:\/\/pb.edu.pl\/sjo\/wp-content\/uploads\/sites\/9\/2026\/01\/Kopia-Boks-centrum-jezyka-i-kultury-polskiej-zaprasza-Wpis-na-Facebooku-799\u00d7533-px4-1-480x320.png 480w, https:\/\/pb.edu.pl\/sjo\/wp-content\/uploads\/sites\/9\/2026\/01\/Kopia-Boks-centrum-jezyka-i-kultury-polskiej-zaprasza-Wpis-na-Facebooku-799\u00d7533-px4-1.png 799w\" sizes=\"auto, (max-width: 500px) 100vw, 500px\" \/><\/a>60-godzinny kurs j\u0119zyka polskiego na poziomie A2(a)<\/strong><\/p>\n<div>Pe\u0142ny program kursu A2 obejmuje 120 godzin nauki i sk\u0142ada si\u0119 z dw\u00f3ch cz\u0119\u015bci: 60-godzinnego kursu A2(a) realizowanego w semestrze wiosennym oraz 60-godzinnego kursu A2(b) \u2014 w semestrze zimowym roku akademickiego 2026\/2027.<\/div>\n<div>&nbsp;<\/div>\n<div><strong>Rekrutacja rozpocznie si\u0119 w poniedzia\u0142ek, 16 lutego 2026 r.<\/strong><strong> o godzinie 8:00, poprzez internetow\u0105 rejestracj\u0119 kandydat\u00f3w <a href=\"https:\/\/irk2.uci.pb.edu.pl\/pl\/offer\/KURSY_BEZ_2025_2026\/programme\/POLISH_LAB_KURS_ST_2026_LETNI\/\">IRK<\/a>&nbsp;<\/strong><\/div>\n<div>&nbsp;<\/div>\n<p>Prosimy nie zwleka\u0107 z decyzj\u0105, poniewa\u017c rekrutacja potrwa zalednie 12 dni.<\/p>\n<p>Podczas tego kursu pog\u0142\u0119bisz swoj\u0105 umiej\u0119tno\u015b\u0107 pos\u0142ugiwania si\u0119 polsk\u0105 gramatyk\u0105 i prze\u0107wiczysz umiej\u0119tno\u015bci skutecznego, konstruktywnego i pewnego porozumiewania si\u0119 w mowie i pi\u015bmie w r\u00f3\u017cnych sytuacjach komunikacyjnych.<\/p>\n<p>Zaj\u0119cia odbywaj\u0105 si\u0119 2 razy w tygodniu, w poniedzia\u0142ki i \u015brody, w godzinach wieczornych, b\u0119d\u0105 trwa\u0142y od&nbsp; 9 marca do 24 czerwca 2026 r.&nbsp;z mo\u017cliwo\u015bci\u0105 kontynuacji w semestrze zimowym, gdy\u017c jest to kurs przewidziany na rok nauki (120 godzin lekcyjnych).<\/p>\n<p>Cena zale\u017cy od liczby os\u00f3b w grupie. <strong>Nowy cennik<\/strong> b\u0119dzie dost\u0119pny po uruchomieniu platformy rekrutacyjnej <a href=\"https:\/\/irk2.uci.pb.edu.pl\/pl\/offer\/KURSY_BEZ_2025_2026\/programme\/POLISH_LAB_KURS_ST_2026_LETNI\/\">IRK<\/a> w sekcji Op\u0142aty.<\/p>\n<p>Grupy 6-7-osobowe oraz&nbsp; 8-10-osobowe. Oferujemy atrakcyjne zni\u017cki przy p\u0142atno\u015bci jednorazowej z g\u00f3ry oraz za kontynuacj\u0119 nauki w naszym o\u015brodku.<\/p>\n<p>Lektor jest nauczycielem j\u0119zyka polskiego jako obcego z d\u0142ugoletnim sta\u017cem, ponadto posiada uprawnienia egzaminatora pa\u0144stwowych egzamin\u00f3w z j\u0119zyka polskiego.<\/p>\n<p>&nbsp;<\/p>\n<p><a class=\"pdf\" href=\"https:\/\/pb.edu.pl\/sjo\/wp-content\/uploads\/sites\/9\/2021\/09\/PROGRAM-A2-Gosi.pdf\">PROGRAM A2<\/a><\/p>\n<p>&nbsp;<\/p>\n<p><span style=\"color: #808080\"><strong>60-hour Polish language course at A2 level<\/strong><\/span><\/p>\n<p><span style=\"color: #808080\">The full A2 course programme comprises 120 hours of study and consists of two parts: a 60-hour A2(a) course in the spring semester and a 60-hour A2(b) course in the winter semester of the 2026\/2027 academic year.<\/span><\/p>\n<p><span style=\"color: #ff0000\"><strong>Enrolment will start on 16 February 2026 at 8:00, via the <a style=\"color: #ff0000\" href=\"https:\/\/irk2.uci.pb.edu.pl\/pl\/offer\/KURSY_BEZ_2025_2026\/programme\/POLISH_LAB_KURS_ST_2026_LETNI\/\">IRK<\/a> online candidate registration system.<\/strong><\/span><\/p>\n<p><span style=\"color: #ff0000\">If you are interested in learning Polish with us, do not delay your decision, as the recruitment process will last only until 27 February.<\/span><\/p>\n<p><span style=\"color: #808080\">During this course, you will deepen your knowledge of Polish grammar and practise effective, constructive and confident communication skills in speech and writing in various communicative situations.<\/span><\/p>\n<p><span style=\"color: #808080\">Classes are held twice a week, on Mondays and Wednesdays, in the evenings, and will run from 9 March to 24 June 2026, with the possibility of continuing in the winter semester, as this is a course designed for one year of study (120 teaching hours). The teacher has many years of experience and is also a certified examiner for state Polish language exams.<\/span><\/p>\n<p><span style=\"color: #808080\">The price depends on the number of people in the group. <strong>The new price list<\/strong> will be available after the launch of the IRK recruitment platform in the Fees section.<\/span><\/p>\n<p><span style=\"color: #808080\">Groups of 6-7 and 8-10 people. We offer attractive discounts for one-off payments in advance and for continuing your education at our centre.<\/span><\/p>\n<p>&nbsp;<\/p>\n<p>&nbsp;<\/p>\n","protected":false},"excerpt":{"rendered":"<p>60-godzinny kurs j\u0119zyka polskiego na poziomie A2(a) Pe\u0142ny program kursu A2 obejmuje 120 godzin nauki<\/p>\n","protected":false},"author":38,"featured_media":0,"parent":26001,"menu_order":0,"comment_status":"closed","ping_status":"closed","template":"","meta":{"_acf_changed":false,"ngg_post_thumbnail":0,"footnotes":""},"class_list":["post-30513","page","type-page","status-publish","hentry"],"acf":[],"yoast_head":"<!-- This site is optimized with the Yoast SEO plugin v27.0 - https:\/\/yoast.com\/product\/yoast-seo-wordpress\/ -->\n<title>60-godzinny kurs A2(a) - Studium J\u0119zyk\u00f3w Obcych<\/title>\n<meta name=\"description\" content=\"60-godzinny kurs j\u0119zyka polskiego na poziomie A2(a) Pe\u0142ny program kursu A2 obejmuje 120 godzin nauki i sk\u0142ada si\u0119 z dw\u00f3ch cz\u0119\u015bci: 60-godzinnego kursu\" \/>\n<meta name=\"robots\" content=\"index, follow, max-snippet:-1, max-image-preview:large, max-video-preview:-1\" \/>\n<link rel=\"canonical\" href=\"https:\/\/pb.edu.pl\/sjo\/polish-lab\/kursy-jezyka-polskiego-jako-obcego-2\/kursy-wiosenne\/60-godzinny-kurs-a2a\/\" \/>\n<meta property=\"og:locale\" content=\"pl_PL\" \/>\n<meta property=\"og:type\" content=\"article\" \/>\n<meta property=\"og:title\" content=\"60-godzinny kurs A2(a) - Studium J\u0119zyk\u00f3w Obcych\" \/>\n<meta property=\"og:description\" content=\"60-godzinny kurs j\u0119zyka polskiego na poziomie A2(a) Pe\u0142ny program kursu A2 obejmuje 120 godzin nauki i sk\u0142ada si\u0119 z dw\u00f3ch cz\u0119\u015bci: 60-godzinnego kursu\" \/>\n<meta property=\"og:url\" content=\"https:\/\/pb.edu.pl\/sjo\/polish-lab\/kursy-jezyka-polskiego-jako-obcego-2\/kursy-wiosenne\/60-godzinny-kurs-a2a\/\" \/>\n<meta property=\"og:site_name\" content=\"Studium J\u0119zyk\u00f3w Obcych\" \/>\n<meta property=\"article:modified_time\" content=\"2026-02-13T17:57:30+00:00\" \/>\n<meta name=\"twitter:label1\" content=\"Szacowany czas czytania\" \/>\n\t<meta name=\"twitter:data1\" content=\"3 minuty\" \/>\n<script type=\"application\/ld+json\" class=\"yoast-schema-graph\">{\"@context\":\"https:\/\/schema.org\",\"@graph\":[{\"@type\":\"WebPage\",\"@id\":\"https:\/\/pb.edu.pl\/sjo\/polish-lab\/kursy-jezyka-polskiego-jako-obcego-2\/kursy-wiosenne\/60-godzinny-kurs-a2a\/\",\"url\":\"https:\/\/pb.edu.pl\/sjo\/polish-lab\/kursy-jezyka-polskiego-jako-obcego-2\/kursy-wiosenne\/60-godzinny-kurs-a2a\/\",\"name\":\"60-godzinny kurs A2(a) - Studium J\u0119zyk\u00f3w Obcych\",\"isPartOf\":{\"@id\":\"https:\/\/pb.edu.pl\/sjo\/#website\"},\"datePublished\":\"2026-01-26T12:30:26+00:00\",\"dateModified\":\"2026-02-13T17:57:30+00:00\",\"description\":\"60-godzinny kurs j\u0119zyka polskiego na poziomie A2(a) Pe\u0142ny program kursu A2 obejmuje 120 godzin nauki i sk\u0142ada si\u0119 z dw\u00f3ch cz\u0119\u015bci: 60-godzinnego kursu\",\"breadcrumb\":{\"@id\":\"https:\/\/pb.edu.pl\/sjo\/polish-lab\/kursy-jezyka-polskiego-jako-obcego-2\/kursy-wiosenne\/60-godzinny-kurs-a2a\/#breadcrumb\"},\"inLanguage\":\"pl-PL\",\"potentialAction\":[{\"@type\":\"ReadAction\",\"target\":[\"https:\/\/pb.edu.pl\/sjo\/polish-lab\/kursy-jezyka-polskiego-jako-obcego-2\/kursy-wiosenne\/60-godzinny-kurs-a2a\/\"]}]},{\"@type\":\"BreadcrumbList\",\"@id\":\"https:\/\/pb.edu.pl\/sjo\/polish-lab\/kursy-jezyka-polskiego-jako-obcego-2\/kursy-wiosenne\/60-godzinny-kurs-a2a\/#breadcrumb\",\"itemListElement\":[{\"@type\":\"ListItem\",\"position\":1,\"name\":\"Home\",\"item\":\"https:\/\/pb.edu.pl\/sjo\/\"},{\"@type\":\"ListItem\",\"position\":2,\"name\":\"Centrum J\u0119zyka i Kultury Polskiej POLISH LAB\",\"item\":\"https:\/\/pb.edu.pl\/sjo\/polish-lab\/\"},{\"@type\":\"ListItem\",\"position\":3,\"name\":\"Kursy j\u0119zyka polskiego jako obcego\",\"item\":\"https:\/\/pb.edu.pl\/sjo\/polish-lab\/kursy-jezyka-polskiego-jako-obcego-2\/\"},{\"@type\":\"ListItem\",\"position\":4,\"name\":\"Kursy wiosenne\",\"item\":\"https:\/\/pb.edu.pl\/sjo\/polish-lab\/kursy-jezyka-polskiego-jako-obcego-2\/kursy-wiosenne\/\"},{\"@type\":\"ListItem\",\"position\":5,\"name\":\"60-godzinny kurs A2(a)\"}]},{\"@type\":\"WebSite\",\"@id\":\"https:\/\/pb.edu.pl\/sjo\/#website\",\"url\":\"https:\/\/pb.edu.pl\/sjo\/\",\"name\":\"Studium J\u0119zyk\u00f3w Obcych\",\"description\":\"\",\"potentialAction\":[{\"@type\":\"SearchAction\",\"target\":{\"@type\":\"EntryPoint\",\"urlTemplate\":\"https:\/\/pb.edu.pl\/sjo\/?s={search_term_string}\"},\"query-input\":{\"@type\":\"PropertyValueSpecification\",\"valueRequired\":true,\"valueName\":\"search_term_string\"}}],\"inLanguage\":\"pl-PL\"}]}<\/script>\n<!-- \/ Yoast SEO plugin. -->","yoast_head_json":{"title":"60-godzinny kurs A2(a) - Studium J\u0119zyk\u00f3w Obcych","description":"60-godzinny kurs j\u0119zyka polskiego na poziomie A2(a) Pe\u0142ny program kursu A2 obejmuje 120 godzin nauki i sk\u0142ada si\u0119 z dw\u00f3ch cz\u0119\u015bci: 60-godzinnego kursu","robots":{"index":"index","follow":"follow","max-snippet":"max-snippet:-1","max-image-preview":"max-image-preview:large","max-video-preview":"max-video-preview:-1"},"canonical":"https:\/\/pb.edu.pl\/sjo\/polish-lab\/kursy-jezyka-polskiego-jako-obcego-2\/kursy-wiosenne\/60-godzinny-kurs-a2a\/","og_locale":"pl_PL","og_type":"article","og_title":"60-godzinny kurs A2(a) - Studium J\u0119zyk\u00f3w Obcych","og_description":"60-godzinny kurs j\u0119zyka polskiego na poziomie A2(a) Pe\u0142ny program kursu A2 obejmuje 120 godzin nauki i sk\u0142ada si\u0119 z dw\u00f3ch cz\u0119\u015bci: 60-godzinnego kursu","og_url":"https:\/\/pb.edu.pl\/sjo\/polish-lab\/kursy-jezyka-polskiego-jako-obcego-2\/kursy-wiosenne\/60-godzinny-kurs-a2a\/","og_site_name":"Studium J\u0119zyk\u00f3w Obcych","article_modified_time":"2026-02-13T17:57:30+00:00","twitter_misc":{"Szacowany czas czytania":"3 minuty"},"schema":{"@context":"https:\/\/schema.org","@graph":[{"@type":"WebPage","@id":"https:\/\/pb.edu.pl\/sjo\/polish-lab\/kursy-jezyka-polskiego-jako-obcego-2\/kursy-wiosenne\/60-godzinny-kurs-a2a\/","url":"https:\/\/pb.edu.pl\/sjo\/polish-lab\/kursy-jezyka-polskiego-jako-obcego-2\/kursy-wiosenne\/60-godzinny-kurs-a2a\/","name":"60-godzinny kurs A2(a) - Studium J\u0119zyk\u00f3w Obcych","isPartOf":{"@id":"https:\/\/pb.edu.pl\/sjo\/#website"},"datePublished":"2026-01-26T12:30:26+00:00","dateModified":"2026-02-13T17:57:30+00:00","description":"60-godzinny kurs j\u0119zyka polskiego na poziomie A2(a) Pe\u0142ny program kursu A2 obejmuje 120 godzin nauki i sk\u0142ada si\u0119 z dw\u00f3ch cz\u0119\u015bci: 60-godzinnego kursu","breadcrumb":{"@id":"https:\/\/pb.edu.pl\/sjo\/polish-lab\/kursy-jezyka-polskiego-jako-obcego-2\/kursy-wiosenne\/60-godzinny-kurs-a2a\/#breadcrumb"},"inLanguage":"pl-PL","potentialAction":[{"@type":"ReadAction","target":["https:\/\/pb.edu.pl\/sjo\/polish-lab\/kursy-jezyka-polskiego-jako-obcego-2\/kursy-wiosenne\/60-godzinny-kurs-a2a\/"]}]},{"@type":"BreadcrumbList","@id":"https:\/\/pb.edu.pl\/sjo\/polish-lab\/kursy-jezyka-polskiego-jako-obcego-2\/kursy-wiosenne\/60-godzinny-kurs-a2a\/#breadcrumb","itemListElement":[{"@type":"ListItem","position":1,"name":"Home","item":"https:\/\/pb.edu.pl\/sjo\/"},{"@type":"ListItem","position":2,"name":"Centrum J\u0119zyka i Kultury Polskiej POLISH LAB","item":"https:\/\/pb.edu.pl\/sjo\/polish-lab\/"},{"@type":"ListItem","position":3,"name":"Kursy j\u0119zyka polskiego jako obcego","item":"https:\/\/pb.edu.pl\/sjo\/polish-lab\/kursy-jezyka-polskiego-jako-obcego-2\/"},{"@type":"ListItem","position":4,"name":"Kursy wiosenne","item":"https:\/\/pb.edu.pl\/sjo\/polish-lab\/kursy-jezyka-polskiego-jako-obcego-2\/kursy-wiosenne\/"},{"@type":"ListItem","position":5,"name":"60-godzinny kurs A2(a)"}]},{"@type":"WebSite","@id":"https:\/\/pb.edu.pl\/sjo\/#website","url":"https:\/\/pb.edu.pl\/sjo\/","name":"Studium J\u0119zyk\u00f3w Obcych","description":"","potentialAction":[{"@type":"SearchAction","target":{"@type":"EntryPoint","urlTemplate":"https:\/\/pb.edu.pl\/sjo\/?s={search_term_string}"},"query-input":{"@type":"PropertyValueSpecification","valueRequired":true,"valueName":"search_term_string"}}],"inLanguage":"pl-PL"}]}},"_links":{"self":[{"href":"https:\/\/pb.edu.pl\/sjo\/wp-json\/wp\/v2\/pages\/30513","targetHints":{"allow":["GET"]}}],"collection":[{"href":"https:\/\/pb.edu.pl\/sjo\/wp-json\/wp\/v2\/pages"}],"about":[{"href":"https:\/\/pb.edu.pl\/sjo\/wp-json\/wp\/v2\/types\/page"}],"author":[{"embeddable":true,"href":"https:\/\/pb.edu.pl\/sjo\/wp-json\/wp\/v2\/users\/38"}],"replies":[{"embeddable":true,"href":"https:\/\/pb.edu.pl\/sjo\/wp-json\/wp\/v2\/comments?post=30513"}],"version-history":[{"count":5,"href":"https:\/\/pb.edu.pl\/sjo\/wp-json\/wp\/v2\/pages\/30513\/revisions"}],"predecessor-version":[{"id":30662,"href":"https:\/\/pb.edu.pl\/sjo\/wp-json\/wp\/v2\/pages\/30513\/revisions\/30662"}],"up":[{"embeddable":true,"href":"https:\/\/pb.edu.pl\/sjo\/wp-json\/wp\/v2\/pages\/26001"}],"wp:attachment":[{"href":"https:\/\/pb.edu.pl\/sjo\/wp-json\/wp\/v2\/media?parent=30513"}],"curies":[{"name":"wp","href":"https:\/\/api.w.org\/{rel}","templated":true}]}}