{"id":30492,"date":"2026-01-26T12:38:14","date_gmt":"2026-01-26T11:38:14","guid":{"rendered":"https:\/\/pb.edu.pl\/sjo\/?page_id=30492"},"modified":"2026-03-06T17:10:04","modified_gmt":"2026-03-06T16:10:04","slug":"60-godzinny-kurs-c1b-online","status":"publish","type":"page","link":"https:\/\/pb.edu.pl\/sjo\/polish-lab\/kursy-jezyka-polskiego-jako-obcego-2\/kursy-wiosenne\/60-godzinny-kurs-c1b-online\/","title":{"rendered":"60-godzinny kurs C1(b) online"},"content":{"rendered":"<h3><a href=\"https:\/\/pb.edu.pl\/sjo\/wp-content\/uploads\/sites\/9\/2026\/01\/17.png\"><img loading=\"lazy\" decoding=\"async\" class=\"alignleft wp-image-30494\" src=\"https:\/\/pb.edu.pl\/sjo\/wp-content\/uploads\/sites\/9\/2026\/01\/17-300x200.png\" alt=\"\" width=\"500\" height=\"334\" srcset=\"https:\/\/pb.edu.pl\/sjo\/wp-content\/uploads\/sites\/9\/2026\/01\/17-300x200.png 300w, https:\/\/pb.edu.pl\/sjo\/wp-content\/uploads\/sites\/9\/2026\/01\/17-768x512.png 768w, https:\/\/pb.edu.pl\/sjo\/wp-content\/uploads\/sites\/9\/2026\/01\/17-480x320.png 480w, https:\/\/pb.edu.pl\/sjo\/wp-content\/uploads\/sites\/9\/2026\/01\/17.png 799w\" sizes=\"auto, (max-width: 500px) 100vw, 500px\" \/><\/a>Zapraszamy na 60-godzinny kurs j\u0119zyka polskiego jako obcego na poziomie C1(b) &#8211; kurs zdalny&nbsp;<\/h3>\n<p>Pe\u0142ny program kursu C1 obejmuje 120 godzin nauki i sk\u0142ada si\u0119 z dw\u00f3ch cz\u0119\u015bci: <a href=\"https:\/\/pb.edu.pl\/sjo\/polish-lab\/kursy-jezyka-polskiego-jako-obcego-2\/kursy-jesienne\/60-godzinny-kurs-c1-online\/\">60-godzinnego kursu C1(a) realizowanego w semestrze jesiennym<\/a> oraz 60-godzinnego kursu C1(b) \u2014 w semestrze wiosennym.<\/p>\n<p><span style=\"color: #000000\"><em><span style=\"font-family: helvetica, arial, sans-serif\">Pocz\u0105tek rekrutacji: poniedzia\u0142ek, 16 lutego 2026 r., godz. 8:00, poprzez <a style=\"color: #000000\" href=\"https:\/\/irk2.uci.pb.edu.pl\/pl\/offer\/KURSY_Z_DOSTEPEM_2025_2026\/programme\/POLISH_LAB_KURS_ONLINE_2026_LETNI\/\">elektroniczn\u0105 platform\u0119 rejestracyjn\u0105 IRK.<\/a><\/span><\/em><\/span><\/p>\n<p><span style=\"color: #000000\"><em><span style=\"font-family: helvetica, arial, sans-serif\">Koniec rekrutacji: 27 lutego 2026 r.<\/span><\/em><\/span><\/p>\n<h3>Termin:<\/h3>\n<p>poniedzia\u0142ki i \u015brody w godzinach 17:30-19:05; na platformie Teams.<\/p>\n<p>pocz\u0105tek kursu: 9 marca 2026 r., koniec: 24 czerwca 2026 r.<\/p>\n<h3>Dlaczego warto?<\/h3>\n<ul>\n<li>liczebno\u015b\u0107 grupy 6-7 os\u00f3b<\/li>\n<li>kurs zdalny w czasie rzeczywistym<\/li>\n<li>prowadz\u0105ca: do\u015bwiadczona wyk\u0142adowczyni z uprawnieniami przewodnicz\u0105cej pa\u0144stwowej komisji egzaminacyjnej<\/li>\n<\/ul>\n<ul>\n<li>wysoki poziom merytoryczny i praktyczny \u2013 odpowiedzi na wszystkie pytania na temat j\u0119zyka polskiego<\/li>\n<li>pe\u0142ny kurs jest doskona\u0142ym przygotowaniem do pa\u0144stwowego egzaminu z j\u0119zyka polskiego jako obcego na poziomie C<\/li>\n<\/ul>\n<h3>Wymagania:<\/h3>\n<p>znajomo\u015b\u0107 j\u0119zyka polskiego co najmniej na poziomie B2++ potwierdzona pa\u0144stwowym certyfikatem; w przypadku braku certyfikatu niezb\u0119dna jest kwalifikacja w formie pisemnej oraz ustnej w naszym o\u015brodku.<\/p>\n<h3>Cena:<\/h3>\n<p><strong>Nowy cennik kurs\u00f3w<\/strong> og\u0142osimy na pocz\u0105tku lutego \u2013 na platformie rekrutacyjnej IRK w sekcji Op\u0142aty poka\u017c\u0105 si\u0119 nowe ceny wszystkich naszych kurs\u00f3w i szkole\u0144 \u2013 niestety, s\u0105 nieco wy\u017csze ni\u017c w semestrze zimowym.<br \/>\nOferujemy zni\u017cki za jednorazow\u0105 p\u0142atno\u015b\u0107 przed rozpocz\u0119ciem kursu oraz kontynuacj\u0119 nauki w naszym o\u015brodku. Istnieje mo\u017cliwo\u015b\u0107 roz\u0142o\u017cenia p\u0142atno\u015bci na 3 raty.<\/p>\n<h3>Efekty kszta\u0142cenia<\/h3>\n<p>Po uko\u0144czeniu pe\u0142nego kursu na poziomie C1 (120 godzin nauki) absolwent <strong>sprawnie pos\u0142uguje si\u0119 j\u0119zykiem polskim<\/strong>, <strong>potrafi swobodnie i precyzyjnie komunikowa\u0107 si\u0119 w \u015brodowisku akademickim i zawodowym zgodnie ze standardami j\u0119zykowymi i kulturowymi<\/strong>:<\/p>\n<ol>\n<li>rozumie i interpretuje d\u0142u\u017csze wypowiedzi ustne i pisemne na tematy akademickie i specjalistyczne z r\u00f3\u017cnych dziedzin technicznych,<\/li>\n<li>rozumie z\u0142o\u017cone teksty dotycz\u0105ce tematyki akademickiej i r\u00f3\u017cnych dziedzin technicznych; pozyskuje potrzebne informacje z czytanej literatury,<\/li>\n<li>tworzy dobrze skonstruowane wypowiedzi, wykorzystuje zaawansowane \u015brodki j\u0119zykowe (gramatyczne i leksykalne); rozwija poszczeg\u00f3lne zagadnienia;<\/li>\n<li>przygotowuje sp\u00f3jne i rozbudowane teksty typowe dla \u015brodowiska akademickiego i zawodowego, tak\u017ce w oparciu o informacje z r\u00f3\u017cnych \u017ar\u00f3de\u0142 specjalistycznych.<\/li>\n<\/ol>\n<p><span style=\"font-size: 10pt\"><em>Aktualizacja 13 lutego 2026<\/em><\/span><\/p>\n<h3>&nbsp;<\/h3>\n<h3><strong><span style=\"color: #808080\">60-hour online course of Polish as a foreign language at C1(b) level<\/span><\/strong><\/h3>\n<p><span style=\"color: #808080\">The full C1 course includes 120 hours of study and consists of two parts: A 60-hour C1(a) course taken in the autumn semester and a 60-hour C1(b) course taken in the spring semester.<\/span><\/p>\n<p><span style=\"color: #808080\">Due to technical issies, the enrollment has been postponed until the second week of February 2026 through <a href=\"https:\/\/irk2.uci.pb.edu.pl\/pl\/offer\/KURSY_Z_DOSTEPEM_2025_2026\/programme\/POLISH_LAB_KURS_ONLINE_2026_LETNI\/\">electronic registration platform IRK<\/a>.<\/span><\/p>\n<h3><strong><span style=\"color: #808080\">Schedule:<\/span><\/strong><\/h3>\n<p><span style=\"color: #808080\">Mondays and Wednesdays at 17:30-19:05; on Teams online platform<\/span><\/p>\n<p><span style=\"color: #808080\">start on: 9 March 2026, end on: 24 June 2026.<\/span><\/p>\n<h3><strong><span style=\"color: #808080\">Why is it worth studying with us?<\/span><\/strong><\/h3>\n<p><span style=\"color: #808080\">\u2013 group size of 6-7 participants<\/span><br \/>\n<span style=\"color: #808080\">\u2013 real-time online training course<\/span><br \/>\n<span style=\"color: #808080\">\u2013 tutor: experienced lecturer with the qualification of head of the state examination commission<\/span><br \/>\n<span style=\"color: #808080\">\u2013 high level of content and practicality \u2013 answers to all your questions about the Polish language<\/span><br \/>\n<span style=\"color: #808080\">\u2013 the full course is an excellent preparation for the state exam in Polish as a foreign language at level C1<\/span><\/p>\n<h3><strong><span style=\"color: #808080\">Requirements:<\/span><\/strong><\/h3>\n<p><span style=\"color: #808080\">knowledge of Polish language minimum on B2+ level confirmed by a state certificate; in case of lack of such certificate, a written and oral qualification will be carried out in our Centre.<\/span><\/p>\n<h3><strong><span style=\"color: #808080\">Price:<\/span><\/strong><\/h3>\n<p><span style=\"color: #808080\"><strong>The new course price list<\/strong> will be announced at the beginning of February \u2013 the new prices for all our courses and training programmes will be displayed on the IRK recruitment platform in the Fees section \u2013 unfortunately, they are slightly higher than in the winter semester.<\/span><br \/>\n<span style=\"color: #808080\">Standard discounts apply for a one-time payment before the beginning of the course and for continued study at our center. It is also possible to spread the payment into 3 installments.<\/span><\/p>\n<h3><strong><span style=\"color: #808080\">Learning outcomes<\/span><\/strong><\/h3>\n<p><span style=\"color: #808080\">After completing the full course at C1 level (120 hours of study), the graduate is proficient in Polish and is able to communicate freely and accurately in academic and professional settings in accordance with linguistic and cultural standards:<\/span><br \/>\n<span style=\"color: #808080\">1. understands and interprets longer oral and written statements on academic and specialized topics in various technical fields,<\/span><br \/>\n<span style=\"color: #808080\">2. understands complex texts on academic topics and various technical fields; obtains the necessary information from the literature he reads,<\/span><br \/>\n<span style=\"color: #808080\">3. creates well-structured statements, uses advanced linguistic means (grammatical and lexical); elaborates on particular topics;<\/span><br \/>\n<span style=\"color: #808080\">4. prepares coherent and elaborate texts typical of academic and professional environment, also based on information from various specialized sources.<\/span><\/p>\n","protected":false},"excerpt":{"rendered":"<p>Zapraszamy na 60-godzinny kurs j\u0119zyka polskiego jako obcego na poziomie C1(b) &#8211; kurs zdalny&nbsp; Pe\u0142ny<\/p>\n","protected":false},"author":38,"featured_media":0,"parent":26001,"menu_order":0,"comment_status":"closed","ping_status":"closed","template":"","meta":{"_acf_changed":false,"ngg_post_thumbnail":0,"footnotes":""},"class_list":["post-30492","page","type-page","status-publish","hentry"],"acf":[],"yoast_head":"<!-- This site is optimized with the Yoast SEO plugin v27.0 - https:\/\/yoast.com\/product\/yoast-seo-wordpress\/ -->\n<title>60-godzinny kurs C1(b) online - Studium J\u0119zyk\u00f3w Obcych<\/title>\n<meta name=\"description\" content=\"Zapraszamy na 60-godzinny kurs j\u0119zyka polskiego jako obcego na poziomie C1(b) - kurs zdalny&nbsp; Pe\u0142ny program kursu C1 obejmuje 120 godzin nauki i\" \/>\n<meta name=\"robots\" content=\"index, follow, max-snippet:-1, max-image-preview:large, max-video-preview:-1\" \/>\n<link rel=\"canonical\" href=\"https:\/\/pb.edu.pl\/sjo\/polish-lab\/kursy-jezyka-polskiego-jako-obcego-2\/kursy-wiosenne\/60-godzinny-kurs-c1b-online\/\" \/>\n<meta property=\"og:locale\" content=\"pl_PL\" \/>\n<meta property=\"og:type\" content=\"article\" \/>\n<meta property=\"og:title\" content=\"60-godzinny kurs C1(b) online - Studium J\u0119zyk\u00f3w Obcych\" \/>\n<meta property=\"og:description\" content=\"Zapraszamy na 60-godzinny kurs j\u0119zyka polskiego jako obcego na poziomie C1(b) - kurs zdalny&nbsp; Pe\u0142ny program kursu C1 obejmuje 120 godzin nauki i\" \/>\n<meta property=\"og:url\" content=\"https:\/\/pb.edu.pl\/sjo\/polish-lab\/kursy-jezyka-polskiego-jako-obcego-2\/kursy-wiosenne\/60-godzinny-kurs-c1b-online\/\" \/>\n<meta property=\"og:site_name\" content=\"Studium J\u0119zyk\u00f3w Obcych\" \/>\n<meta property=\"article:modified_time\" content=\"2026-03-06T16:10:04+00:00\" \/>\n<meta property=\"og:image\" content=\"https:\/\/pb.edu.pl\/sjo\/wp-content\/uploads\/sites\/9\/2026\/01\/17.png\" \/>\n\t<meta property=\"og:image:width\" content=\"799\" \/>\n\t<meta property=\"og:image:height\" content=\"533\" \/>\n\t<meta property=\"og:image:type\" content=\"image\/png\" \/>\n<meta name=\"twitter:label1\" content=\"Szacowany czas czytania\" \/>\n\t<meta name=\"twitter:data1\" content=\"5 minut\" \/>\n<script type=\"application\/ld+json\" class=\"yoast-schema-graph\">{\"@context\":\"https:\/\/schema.org\",\"@graph\":[{\"@type\":\"WebPage\",\"@id\":\"https:\/\/pb.edu.pl\/sjo\/polish-lab\/kursy-jezyka-polskiego-jako-obcego-2\/kursy-wiosenne\/60-godzinny-kurs-c1b-online\/\",\"url\":\"https:\/\/pb.edu.pl\/sjo\/polish-lab\/kursy-jezyka-polskiego-jako-obcego-2\/kursy-wiosenne\/60-godzinny-kurs-c1b-online\/\",\"name\":\"60-godzinny kurs C1(b) online - Studium J\u0119zyk\u00f3w Obcych\",\"isPartOf\":{\"@id\":\"https:\/\/pb.edu.pl\/sjo\/#website\"},\"primaryImageOfPage\":{\"@id\":\"https:\/\/pb.edu.pl\/sjo\/polish-lab\/kursy-jezyka-polskiego-jako-obcego-2\/kursy-wiosenne\/60-godzinny-kurs-c1b-online\/#primaryimage\"},\"image\":{\"@id\":\"https:\/\/pb.edu.pl\/sjo\/polish-lab\/kursy-jezyka-polskiego-jako-obcego-2\/kursy-wiosenne\/60-godzinny-kurs-c1b-online\/#primaryimage\"},\"thumbnailUrl\":\"https:\/\/pb.edu.pl\/sjo\/wp-content\/uploads\/sites\/9\/2026\/01\/17-300x200.png\",\"datePublished\":\"2026-01-26T11:38:14+00:00\",\"dateModified\":\"2026-03-06T16:10:04+00:00\",\"description\":\"Zapraszamy na 60-godzinny kurs j\u0119zyka polskiego jako obcego na poziomie C1(b) - kurs zdalny&nbsp; Pe\u0142ny program kursu C1 obejmuje 120 godzin nauki i\",\"breadcrumb\":{\"@id\":\"https:\/\/pb.edu.pl\/sjo\/polish-lab\/kursy-jezyka-polskiego-jako-obcego-2\/kursy-wiosenne\/60-godzinny-kurs-c1b-online\/#breadcrumb\"},\"inLanguage\":\"pl-PL\",\"potentialAction\":[{\"@type\":\"ReadAction\",\"target\":[\"https:\/\/pb.edu.pl\/sjo\/polish-lab\/kursy-jezyka-polskiego-jako-obcego-2\/kursy-wiosenne\/60-godzinny-kurs-c1b-online\/\"]}]},{\"@type\":\"ImageObject\",\"inLanguage\":\"pl-PL\",\"@id\":\"https:\/\/pb.edu.pl\/sjo\/polish-lab\/kursy-jezyka-polskiego-jako-obcego-2\/kursy-wiosenne\/60-godzinny-kurs-c1b-online\/#primaryimage\",\"url\":\"https:\/\/pb.edu.pl\/sjo\/wp-content\/uploads\/sites\/9\/2026\/01\/17.png\",\"contentUrl\":\"https:\/\/pb.edu.pl\/sjo\/wp-content\/uploads\/sites\/9\/2026\/01\/17.png\",\"width\":799,\"height\":533},{\"@type\":\"BreadcrumbList\",\"@id\":\"https:\/\/pb.edu.pl\/sjo\/polish-lab\/kursy-jezyka-polskiego-jako-obcego-2\/kursy-wiosenne\/60-godzinny-kurs-c1b-online\/#breadcrumb\",\"itemListElement\":[{\"@type\":\"ListItem\",\"position\":1,\"name\":\"Home\",\"item\":\"https:\/\/pb.edu.pl\/sjo\/\"},{\"@type\":\"ListItem\",\"position\":2,\"name\":\"Centrum J\u0119zyka i Kultury Polskiej POLISH LAB\",\"item\":\"https:\/\/pb.edu.pl\/sjo\/polish-lab\/\"},{\"@type\":\"ListItem\",\"position\":3,\"name\":\"Kursy j\u0119zyka polskiego jako obcego\",\"item\":\"https:\/\/pb.edu.pl\/sjo\/polish-lab\/kursy-jezyka-polskiego-jako-obcego-2\/\"},{\"@type\":\"ListItem\",\"position\":4,\"name\":\"Kursy wiosenne\",\"item\":\"https:\/\/pb.edu.pl\/sjo\/polish-lab\/kursy-jezyka-polskiego-jako-obcego-2\/kursy-wiosenne\/\"},{\"@type\":\"ListItem\",\"position\":5,\"name\":\"60-godzinny kurs C1(b) online\"}]},{\"@type\":\"WebSite\",\"@id\":\"https:\/\/pb.edu.pl\/sjo\/#website\",\"url\":\"https:\/\/pb.edu.pl\/sjo\/\",\"name\":\"Studium J\u0119zyk\u00f3w Obcych\",\"description\":\"\",\"potentialAction\":[{\"@type\":\"SearchAction\",\"target\":{\"@type\":\"EntryPoint\",\"urlTemplate\":\"https:\/\/pb.edu.pl\/sjo\/?s={search_term_string}\"},\"query-input\":{\"@type\":\"PropertyValueSpecification\",\"valueRequired\":true,\"valueName\":\"search_term_string\"}}],\"inLanguage\":\"pl-PL\"}]}<\/script>\n<!-- \/ Yoast SEO plugin. -->","yoast_head_json":{"title":"60-godzinny kurs C1(b) online - Studium J\u0119zyk\u00f3w Obcych","description":"Zapraszamy na 60-godzinny kurs j\u0119zyka polskiego jako obcego na poziomie C1(b) - kurs zdalny&nbsp; Pe\u0142ny program kursu C1 obejmuje 120 godzin nauki i","robots":{"index":"index","follow":"follow","max-snippet":"max-snippet:-1","max-image-preview":"max-image-preview:large","max-video-preview":"max-video-preview:-1"},"canonical":"https:\/\/pb.edu.pl\/sjo\/polish-lab\/kursy-jezyka-polskiego-jako-obcego-2\/kursy-wiosenne\/60-godzinny-kurs-c1b-online\/","og_locale":"pl_PL","og_type":"article","og_title":"60-godzinny kurs C1(b) online - Studium J\u0119zyk\u00f3w Obcych","og_description":"Zapraszamy na 60-godzinny kurs j\u0119zyka polskiego jako obcego na poziomie C1(b) - kurs zdalny&nbsp; Pe\u0142ny program kursu C1 obejmuje 120 godzin nauki i","og_url":"https:\/\/pb.edu.pl\/sjo\/polish-lab\/kursy-jezyka-polskiego-jako-obcego-2\/kursy-wiosenne\/60-godzinny-kurs-c1b-online\/","og_site_name":"Studium J\u0119zyk\u00f3w Obcych","article_modified_time":"2026-03-06T16:10:04+00:00","og_image":[{"width":799,"height":533,"url":"https:\/\/pb.edu.pl\/sjo\/wp-content\/uploads\/sites\/9\/2026\/01\/17.png","type":"image\/png"}],"twitter_misc":{"Szacowany czas czytania":"5 minut"},"schema":{"@context":"https:\/\/schema.org","@graph":[{"@type":"WebPage","@id":"https:\/\/pb.edu.pl\/sjo\/polish-lab\/kursy-jezyka-polskiego-jako-obcego-2\/kursy-wiosenne\/60-godzinny-kurs-c1b-online\/","url":"https:\/\/pb.edu.pl\/sjo\/polish-lab\/kursy-jezyka-polskiego-jako-obcego-2\/kursy-wiosenne\/60-godzinny-kurs-c1b-online\/","name":"60-godzinny kurs C1(b) online - Studium J\u0119zyk\u00f3w Obcych","isPartOf":{"@id":"https:\/\/pb.edu.pl\/sjo\/#website"},"primaryImageOfPage":{"@id":"https:\/\/pb.edu.pl\/sjo\/polish-lab\/kursy-jezyka-polskiego-jako-obcego-2\/kursy-wiosenne\/60-godzinny-kurs-c1b-online\/#primaryimage"},"image":{"@id":"https:\/\/pb.edu.pl\/sjo\/polish-lab\/kursy-jezyka-polskiego-jako-obcego-2\/kursy-wiosenne\/60-godzinny-kurs-c1b-online\/#primaryimage"},"thumbnailUrl":"https:\/\/pb.edu.pl\/sjo\/wp-content\/uploads\/sites\/9\/2026\/01\/17-300x200.png","datePublished":"2026-01-26T11:38:14+00:00","dateModified":"2026-03-06T16:10:04+00:00","description":"Zapraszamy na 60-godzinny kurs j\u0119zyka polskiego jako obcego na poziomie C1(b) - kurs zdalny&nbsp; Pe\u0142ny program kursu C1 obejmuje 120 godzin nauki i","breadcrumb":{"@id":"https:\/\/pb.edu.pl\/sjo\/polish-lab\/kursy-jezyka-polskiego-jako-obcego-2\/kursy-wiosenne\/60-godzinny-kurs-c1b-online\/#breadcrumb"},"inLanguage":"pl-PL","potentialAction":[{"@type":"ReadAction","target":["https:\/\/pb.edu.pl\/sjo\/polish-lab\/kursy-jezyka-polskiego-jako-obcego-2\/kursy-wiosenne\/60-godzinny-kurs-c1b-online\/"]}]},{"@type":"ImageObject","inLanguage":"pl-PL","@id":"https:\/\/pb.edu.pl\/sjo\/polish-lab\/kursy-jezyka-polskiego-jako-obcego-2\/kursy-wiosenne\/60-godzinny-kurs-c1b-online\/#primaryimage","url":"https:\/\/pb.edu.pl\/sjo\/wp-content\/uploads\/sites\/9\/2026\/01\/17.png","contentUrl":"https:\/\/pb.edu.pl\/sjo\/wp-content\/uploads\/sites\/9\/2026\/01\/17.png","width":799,"height":533},{"@type":"BreadcrumbList","@id":"https:\/\/pb.edu.pl\/sjo\/polish-lab\/kursy-jezyka-polskiego-jako-obcego-2\/kursy-wiosenne\/60-godzinny-kurs-c1b-online\/#breadcrumb","itemListElement":[{"@type":"ListItem","position":1,"name":"Home","item":"https:\/\/pb.edu.pl\/sjo\/"},{"@type":"ListItem","position":2,"name":"Centrum J\u0119zyka i Kultury Polskiej POLISH LAB","item":"https:\/\/pb.edu.pl\/sjo\/polish-lab\/"},{"@type":"ListItem","position":3,"name":"Kursy j\u0119zyka polskiego jako obcego","item":"https:\/\/pb.edu.pl\/sjo\/polish-lab\/kursy-jezyka-polskiego-jako-obcego-2\/"},{"@type":"ListItem","position":4,"name":"Kursy wiosenne","item":"https:\/\/pb.edu.pl\/sjo\/polish-lab\/kursy-jezyka-polskiego-jako-obcego-2\/kursy-wiosenne\/"},{"@type":"ListItem","position":5,"name":"60-godzinny kurs C1(b) online"}]},{"@type":"WebSite","@id":"https:\/\/pb.edu.pl\/sjo\/#website","url":"https:\/\/pb.edu.pl\/sjo\/","name":"Studium J\u0119zyk\u00f3w Obcych","description":"","potentialAction":[{"@type":"SearchAction","target":{"@type":"EntryPoint","urlTemplate":"https:\/\/pb.edu.pl\/sjo\/?s={search_term_string}"},"query-input":{"@type":"PropertyValueSpecification","valueRequired":true,"valueName":"search_term_string"}}],"inLanguage":"pl-PL"}]}},"_links":{"self":[{"href":"https:\/\/pb.edu.pl\/sjo\/wp-json\/wp\/v2\/pages\/30492","targetHints":{"allow":["GET"]}}],"collection":[{"href":"https:\/\/pb.edu.pl\/sjo\/wp-json\/wp\/v2\/pages"}],"about":[{"href":"https:\/\/pb.edu.pl\/sjo\/wp-json\/wp\/v2\/types\/page"}],"author":[{"embeddable":true,"href":"https:\/\/pb.edu.pl\/sjo\/wp-json\/wp\/v2\/users\/38"}],"replies":[{"embeddable":true,"href":"https:\/\/pb.edu.pl\/sjo\/wp-json\/wp\/v2\/comments?post=30492"}],"version-history":[{"count":20,"href":"https:\/\/pb.edu.pl\/sjo\/wp-json\/wp\/v2\/pages\/30492\/revisions"}],"predecessor-version":[{"id":31041,"href":"https:\/\/pb.edu.pl\/sjo\/wp-json\/wp\/v2\/pages\/30492\/revisions\/31041"}],"up":[{"embeddable":true,"href":"https:\/\/pb.edu.pl\/sjo\/wp-json\/wp\/v2\/pages\/26001"}],"wp:attachment":[{"href":"https:\/\/pb.edu.pl\/sjo\/wp-json\/wp\/v2\/media?parent=30492"}],"curies":[{"name":"wp","href":"https:\/\/api.w.org\/{rel}","templated":true}]}}