{"id":30490,"date":"2026-01-26T12:36:28","date_gmt":"2026-01-26T11:36:28","guid":{"rendered":"https:\/\/pb.edu.pl\/sjo\/?page_id=30490"},"modified":"2026-03-06T01:47:46","modified_gmt":"2026-03-06T00:47:46","slug":"60-godzinny-kurs-a1a","status":"publish","type":"page","link":"https:\/\/pb.edu.pl\/sjo\/polish-lab\/kursy-jezyka-polskiego-jako-obcego-2\/kursy-wiosenne\/60-godzinny-kurs-a1a\/","title":{"rendered":"60-godzinny kurs A1(a)"},"content":{"rendered":"<p><strong><a href=\"https:\/\/pb.edu.pl\/sjo\/wp-content\/uploads\/sites\/9\/2026\/01\/16.png\"><img loading=\"lazy\" decoding=\"async\" class=\"alignleft wp-image-30498\" src=\"https:\/\/pb.edu.pl\/sjo\/wp-content\/uploads\/sites\/9\/2026\/01\/16-300x200.png\" alt=\"\" width=\"500\" height=\"334\" srcset=\"https:\/\/pb.edu.pl\/sjo\/wp-content\/uploads\/sites\/9\/2026\/01\/16-300x200.png 300w, https:\/\/pb.edu.pl\/sjo\/wp-content\/uploads\/sites\/9\/2026\/01\/16-768x512.png 768w, https:\/\/pb.edu.pl\/sjo\/wp-content\/uploads\/sites\/9\/2026\/01\/16-480x320.png 480w, https:\/\/pb.edu.pl\/sjo\/wp-content\/uploads\/sites\/9\/2026\/01\/16.png 799w\" sizes=\"auto, (max-width: 500px) 100vw, 500px\" \/><\/a>60-godzinny kurs j\u0119zyka polskiego dla pocz\u0105tkuj\u0105cych \u2013 poziom A1(a)<\/strong><\/p>\n<div>Pe\u0142ny program kursu A1 obejmuje 120 godzin nauki i sk\u0142ada si\u0119 z dw\u00f3ch cz\u0119\u015bci: 60-godzinnego kursu A1(a) realizowanego w semestrze wiosennym oraz 60-godzinnego kursu A1(b) \u2014 w semestrze zimowym 2026\/2027 (od pa\u017adziernika).<\/div>\n<div>&nbsp;<\/div>\n<div>J\u0119zyk instrukta\u017cu &#8211; polski, nauczyciel wspomaga si\u0119 j\u0119zykiem angielskim, w mniejszym stopniu rosyjskim. Lektor jest nauczycielem j\u0119zyka polskiego jako obcego z d\u0142ugoletnim sta\u017cem, ponadto ma uprawnienia egzaminatora pa\u0144stwowych egzamin\u00f3w z j\u0119zyka polskiego.<\/div>\n<div>&nbsp;<\/div>\n<div><em><span style=\"font-family: helvetica, arial, sans-serif\">Zapisy na wszystkie kursy rozpoczynaj\u0105 si\u0119 16 lutego 2026 r. o godzinie 8:00 przez platform\u0119 <a href=\"https:\/\/irk2.uci.pb.edu.pl\/pl\/offer\/KURSY_BEZ_2025_2026\/programme\/POLISH_LAB_KURS_ST_2026_LETNI\/\">IRK<\/a><\/span><\/em><\/div>\n<div><em><span style=\"font-family: helvetica, arial, sans-serif\">Prosimy nie zwleka\u0107 z decyzj\u0105, poniewa\u017c formularz rejestracyjny zostanie zamkni\u0119ty 27 lutego.<\/span><\/em><\/div>\n<div>&nbsp;<\/div>\n<p>Podczas kursu uczestnicy zdob\u0119d\u0105 podstawowe umiej\u0119tno\u015bci komunikowania si\u0119 w sytuacjach codziennych, np. w sklepie, w autobusie, w hotelu, w restauracji, naucz\u0105 si\u0119 pyta\u0107 o drog\u0119, sk\u0142ada\u0107 zam\u00f3wienie w restauracji, czyta\u0107 i formu\u0142owa\u0107 proste smsy, itp. Podczas nauki dowiedz\u0105 si\u0119 r\u00f3wnie\u017c o wybranych elementach polskiej kultury, obyczaj\u00f3w i aktualnych problemach spo\u0142eczno-ekonomicznych.<\/p>\n<p>Zaj\u0119cia odbywaj\u0105 si\u0119 2 razy w tygodniu w godzinach popo\u0142udniowych; trwaj\u0105 od 9 marca do 30 czerwca 2026 r. z mo\u017cliwo\u015bci\u0105 kontynuacji w semestrze zimowym, gdy\u017c jest to kurs przewidziany na rok nauki (120 godzin lekcyjnych).<\/p>\n<p>Cena zale\u017cy od liczby os\u00f3b w grupie. <strong>Nowy cennik<\/strong> b\u0119dzie dost\u0119pny po uruchomieniu platformy rekrutacyjnej <a href=\"https:\/\/irk2.uci.pb.edu.pl\/pl\/offer\/KURSY_BEZ_2025_2026\/programme\/POLISH_LAB_KURS_ST_2026_LETNI\/\">IRK<\/a>. Grupy 6-7-osobowe oraz&nbsp; 8-10-osobowe. Oferujemy atrakcyjne zni\u017cki przy p\u0142atno\u015bci jednorazowej z g\u00f3ry oraz za kontynuacj\u0119 nauki w naszym o\u015brodku.<\/p>\n<p>&nbsp;<\/p>\n<p><span style=\"color: #666699\"><strong>60-hour course of Polish for complete beginners \u2013 level A1(a)<\/strong><\/span><\/p>\n<p><span style=\"color: #666699\">The full A1 course program includes 120 hours of study and consists of two parts: A 60-hour A1(a) course taught in the spring semester and a 60-hour A1(b) course taught in the winter semester of academic year 2026\/2027 (from October).<\/span><\/p>\n<p><span style=\"color: #666699\">The language of instruction: Polish, with the teacher supplementing in English and, to a lesser extent, Russian. The teacher has many years of experience of teaching Polish as a foreign language and is also a certified examiner for state Polish language exams.<\/span><\/p>\n<p><em><span style=\"color: #666699;font-family: helvetica, arial, sans-serif\"><span style=\"color: #666699\">Enrollmet on all<\/span> courses starts on 16 February 2026 at 8:00 through electronic platform <a style=\"color: #666699\" href=\"https:\/\/irk2.uci.pb.edu.pl\/pl\/offer\/KURSY_BEZ_2025_2026\/programme\/POLISH_LAB_KURS_ST_2026_LETNI\/\">I<\/a><a style=\"color: #666699\" href=\"https:\/\/irk2.uci.pb.edu.pl\/pl\/offer\/KURSY_BEZ_2025_2026\/programme\/POLISH_LAB_KURS_ST_2026_LETNI\/\">RK<\/a><\/span><\/em><\/p>\n<p><em><span style=\"font-family: helvetica, arial, sans-serif\"><span style=\"color: #666699\">If you are interested in studying with us, do not delay your decision because erollment will be closed on 27 February.&nbsp;<\/span><\/span><\/em><\/p>\n<p><span style=\"color: #666699\">During this course you will acquire basic ability to communicate in typical everyday situations, e.g. in a shop, on the bus, at the railway station, at the dean\u2019s office, you\u2019ll practice asking the way, ordering meals, understanding weather forecast, reading and writing simple text messages, etc. You will also get acquainted with some elements of Polish culture, customs and contemporary socio-economic issues.&nbsp; &nbsp;&nbsp; &nbsp;<\/span><\/p>\n<p><span style=\"color: #666699\">Classes are held twice a week in the afternoon; they run from 9 March to 30 June 2026, with the possibility of continuation in the winter semester, as this is a course designed for one year of study (120 teaching hours).<\/span><\/p>\n<p><span style=\"color: #666699\">The price depends on the number of people in the group. The <strong>new price list<\/strong> will be available after the launch of the IRK recruitment platform. Groups of 6-7 and 8-10 people. We offer attractive discounts for one-off payments in advance and for continuing your education at our Centre.<\/span><\/p>\n<p>&nbsp;<\/p>\n<p>&nbsp;<\/p>\n<p>&nbsp;<\/p>\n<p>&nbsp;<\/p>\n","protected":false},"excerpt":{"rendered":"<p>60-godzinny kurs j\u0119zyka polskiego dla pocz\u0105tkuj\u0105cych \u2013 poziom A1(a) Pe\u0142ny program kursu A1 obejmuje 120<\/p>\n","protected":false},"author":38,"featured_media":0,"parent":26001,"menu_order":0,"comment_status":"closed","ping_status":"closed","template":"","meta":{"_acf_changed":false,"ngg_post_thumbnail":0,"footnotes":""},"class_list":["post-30490","page","type-page","status-publish","hentry"],"acf":[],"yoast_head":"<!-- This site is optimized with the Yoast SEO plugin v27.0 - https:\/\/yoast.com\/product\/yoast-seo-wordpress\/ -->\n<title>60-godzinny kurs A1(a) - Studium J\u0119zyk\u00f3w Obcych<\/title>\n<meta name=\"description\" content=\"60-godzinny kurs j\u0119zyka polskiego dla pocz\u0105tkuj\u0105cych \u2013 poziom A1(a) Pe\u0142ny program kursu A1 obejmuje 120 godzin nauki i sk\u0142ada si\u0119 z dw\u00f3ch cz\u0119\u015bci:\" \/>\n<meta name=\"robots\" content=\"index, follow, max-snippet:-1, max-image-preview:large, max-video-preview:-1\" \/>\n<link rel=\"canonical\" href=\"https:\/\/pb.edu.pl\/sjo\/polish-lab\/kursy-jezyka-polskiego-jako-obcego-2\/kursy-wiosenne\/60-godzinny-kurs-a1a\/\" \/>\n<meta property=\"og:locale\" content=\"pl_PL\" \/>\n<meta property=\"og:type\" content=\"article\" \/>\n<meta property=\"og:title\" content=\"60-godzinny kurs A1(a) - Studium J\u0119zyk\u00f3w Obcych\" \/>\n<meta property=\"og:description\" content=\"60-godzinny kurs j\u0119zyka polskiego dla pocz\u0105tkuj\u0105cych \u2013 poziom A1(a) Pe\u0142ny program kursu A1 obejmuje 120 godzin nauki i sk\u0142ada si\u0119 z dw\u00f3ch cz\u0119\u015bci:\" \/>\n<meta property=\"og:url\" content=\"https:\/\/pb.edu.pl\/sjo\/polish-lab\/kursy-jezyka-polskiego-jako-obcego-2\/kursy-wiosenne\/60-godzinny-kurs-a1a\/\" \/>\n<meta property=\"og:site_name\" content=\"Studium J\u0119zyk\u00f3w Obcych\" \/>\n<meta property=\"article:modified_time\" content=\"2026-03-06T00:47:46+00:00\" \/>\n<meta property=\"og:image\" content=\"https:\/\/pb.edu.pl\/sjo\/wp-content\/uploads\/sites\/9\/2026\/01\/16.png\" \/>\n\t<meta property=\"og:image:width\" content=\"799\" \/>\n\t<meta property=\"og:image:height\" content=\"533\" \/>\n\t<meta property=\"og:image:type\" content=\"image\/png\" \/>\n<meta name=\"twitter:label1\" content=\"Szacowany czas czytania\" \/>\n\t<meta name=\"twitter:data1\" content=\"4 minuty\" \/>\n<script type=\"application\/ld+json\" class=\"yoast-schema-graph\">{\"@context\":\"https:\/\/schema.org\",\"@graph\":[{\"@type\":\"WebPage\",\"@id\":\"https:\/\/pb.edu.pl\/sjo\/polish-lab\/kursy-jezyka-polskiego-jako-obcego-2\/kursy-wiosenne\/60-godzinny-kurs-a1a\/\",\"url\":\"https:\/\/pb.edu.pl\/sjo\/polish-lab\/kursy-jezyka-polskiego-jako-obcego-2\/kursy-wiosenne\/60-godzinny-kurs-a1a\/\",\"name\":\"60-godzinny kurs A1(a) - Studium J\u0119zyk\u00f3w Obcych\",\"isPartOf\":{\"@id\":\"https:\/\/pb.edu.pl\/sjo\/#website\"},\"primaryImageOfPage\":{\"@id\":\"https:\/\/pb.edu.pl\/sjo\/polish-lab\/kursy-jezyka-polskiego-jako-obcego-2\/kursy-wiosenne\/60-godzinny-kurs-a1a\/#primaryimage\"},\"image\":{\"@id\":\"https:\/\/pb.edu.pl\/sjo\/polish-lab\/kursy-jezyka-polskiego-jako-obcego-2\/kursy-wiosenne\/60-godzinny-kurs-a1a\/#primaryimage\"},\"thumbnailUrl\":\"https:\/\/pb.edu.pl\/sjo\/wp-content\/uploads\/sites\/9\/2026\/01\/16-300x200.png\",\"datePublished\":\"2026-01-26T11:36:28+00:00\",\"dateModified\":\"2026-03-06T00:47:46+00:00\",\"description\":\"60-godzinny kurs j\u0119zyka polskiego dla pocz\u0105tkuj\u0105cych \u2013 poziom A1(a) Pe\u0142ny program kursu A1 obejmuje 120 godzin nauki i sk\u0142ada si\u0119 z dw\u00f3ch cz\u0119\u015bci:\",\"breadcrumb\":{\"@id\":\"https:\/\/pb.edu.pl\/sjo\/polish-lab\/kursy-jezyka-polskiego-jako-obcego-2\/kursy-wiosenne\/60-godzinny-kurs-a1a\/#breadcrumb\"},\"inLanguage\":\"pl-PL\",\"potentialAction\":[{\"@type\":\"ReadAction\",\"target\":[\"https:\/\/pb.edu.pl\/sjo\/polish-lab\/kursy-jezyka-polskiego-jako-obcego-2\/kursy-wiosenne\/60-godzinny-kurs-a1a\/\"]}]},{\"@type\":\"ImageObject\",\"inLanguage\":\"pl-PL\",\"@id\":\"https:\/\/pb.edu.pl\/sjo\/polish-lab\/kursy-jezyka-polskiego-jako-obcego-2\/kursy-wiosenne\/60-godzinny-kurs-a1a\/#primaryimage\",\"url\":\"https:\/\/pb.edu.pl\/sjo\/wp-content\/uploads\/sites\/9\/2026\/01\/16.png\",\"contentUrl\":\"https:\/\/pb.edu.pl\/sjo\/wp-content\/uploads\/sites\/9\/2026\/01\/16.png\",\"width\":799,\"height\":533},{\"@type\":\"BreadcrumbList\",\"@id\":\"https:\/\/pb.edu.pl\/sjo\/polish-lab\/kursy-jezyka-polskiego-jako-obcego-2\/kursy-wiosenne\/60-godzinny-kurs-a1a\/#breadcrumb\",\"itemListElement\":[{\"@type\":\"ListItem\",\"position\":1,\"name\":\"Home\",\"item\":\"https:\/\/pb.edu.pl\/sjo\/\"},{\"@type\":\"ListItem\",\"position\":2,\"name\":\"Centrum J\u0119zyka i Kultury Polskiej POLISH LAB\",\"item\":\"https:\/\/pb.edu.pl\/sjo\/polish-lab\/\"},{\"@type\":\"ListItem\",\"position\":3,\"name\":\"Kursy j\u0119zyka polskiego jako obcego\",\"item\":\"https:\/\/pb.edu.pl\/sjo\/polish-lab\/kursy-jezyka-polskiego-jako-obcego-2\/\"},{\"@type\":\"ListItem\",\"position\":4,\"name\":\"Kursy wiosenne\",\"item\":\"https:\/\/pb.edu.pl\/sjo\/polish-lab\/kursy-jezyka-polskiego-jako-obcego-2\/kursy-wiosenne\/\"},{\"@type\":\"ListItem\",\"position\":5,\"name\":\"60-godzinny kurs A1(a)\"}]},{\"@type\":\"WebSite\",\"@id\":\"https:\/\/pb.edu.pl\/sjo\/#website\",\"url\":\"https:\/\/pb.edu.pl\/sjo\/\",\"name\":\"Studium J\u0119zyk\u00f3w Obcych\",\"description\":\"\",\"potentialAction\":[{\"@type\":\"SearchAction\",\"target\":{\"@type\":\"EntryPoint\",\"urlTemplate\":\"https:\/\/pb.edu.pl\/sjo\/?s={search_term_string}\"},\"query-input\":{\"@type\":\"PropertyValueSpecification\",\"valueRequired\":true,\"valueName\":\"search_term_string\"}}],\"inLanguage\":\"pl-PL\"}]}<\/script>\n<!-- \/ Yoast SEO plugin. -->","yoast_head_json":{"title":"60-godzinny kurs A1(a) - Studium J\u0119zyk\u00f3w Obcych","description":"60-godzinny kurs j\u0119zyka polskiego dla pocz\u0105tkuj\u0105cych \u2013 poziom A1(a) Pe\u0142ny program kursu A1 obejmuje 120 godzin nauki i sk\u0142ada si\u0119 z dw\u00f3ch cz\u0119\u015bci:","robots":{"index":"index","follow":"follow","max-snippet":"max-snippet:-1","max-image-preview":"max-image-preview:large","max-video-preview":"max-video-preview:-1"},"canonical":"https:\/\/pb.edu.pl\/sjo\/polish-lab\/kursy-jezyka-polskiego-jako-obcego-2\/kursy-wiosenne\/60-godzinny-kurs-a1a\/","og_locale":"pl_PL","og_type":"article","og_title":"60-godzinny kurs A1(a) - Studium J\u0119zyk\u00f3w Obcych","og_description":"60-godzinny kurs j\u0119zyka polskiego dla pocz\u0105tkuj\u0105cych \u2013 poziom A1(a) Pe\u0142ny program kursu A1 obejmuje 120 godzin nauki i sk\u0142ada si\u0119 z dw\u00f3ch cz\u0119\u015bci:","og_url":"https:\/\/pb.edu.pl\/sjo\/polish-lab\/kursy-jezyka-polskiego-jako-obcego-2\/kursy-wiosenne\/60-godzinny-kurs-a1a\/","og_site_name":"Studium J\u0119zyk\u00f3w Obcych","article_modified_time":"2026-03-06T00:47:46+00:00","og_image":[{"width":799,"height":533,"url":"https:\/\/pb.edu.pl\/sjo\/wp-content\/uploads\/sites\/9\/2026\/01\/16.png","type":"image\/png"}],"twitter_misc":{"Szacowany czas czytania":"4 minuty"},"schema":{"@context":"https:\/\/schema.org","@graph":[{"@type":"WebPage","@id":"https:\/\/pb.edu.pl\/sjo\/polish-lab\/kursy-jezyka-polskiego-jako-obcego-2\/kursy-wiosenne\/60-godzinny-kurs-a1a\/","url":"https:\/\/pb.edu.pl\/sjo\/polish-lab\/kursy-jezyka-polskiego-jako-obcego-2\/kursy-wiosenne\/60-godzinny-kurs-a1a\/","name":"60-godzinny kurs A1(a) - Studium J\u0119zyk\u00f3w Obcych","isPartOf":{"@id":"https:\/\/pb.edu.pl\/sjo\/#website"},"primaryImageOfPage":{"@id":"https:\/\/pb.edu.pl\/sjo\/polish-lab\/kursy-jezyka-polskiego-jako-obcego-2\/kursy-wiosenne\/60-godzinny-kurs-a1a\/#primaryimage"},"image":{"@id":"https:\/\/pb.edu.pl\/sjo\/polish-lab\/kursy-jezyka-polskiego-jako-obcego-2\/kursy-wiosenne\/60-godzinny-kurs-a1a\/#primaryimage"},"thumbnailUrl":"https:\/\/pb.edu.pl\/sjo\/wp-content\/uploads\/sites\/9\/2026\/01\/16-300x200.png","datePublished":"2026-01-26T11:36:28+00:00","dateModified":"2026-03-06T00:47:46+00:00","description":"60-godzinny kurs j\u0119zyka polskiego dla pocz\u0105tkuj\u0105cych \u2013 poziom A1(a) Pe\u0142ny program kursu A1 obejmuje 120 godzin nauki i sk\u0142ada si\u0119 z dw\u00f3ch cz\u0119\u015bci:","breadcrumb":{"@id":"https:\/\/pb.edu.pl\/sjo\/polish-lab\/kursy-jezyka-polskiego-jako-obcego-2\/kursy-wiosenne\/60-godzinny-kurs-a1a\/#breadcrumb"},"inLanguage":"pl-PL","potentialAction":[{"@type":"ReadAction","target":["https:\/\/pb.edu.pl\/sjo\/polish-lab\/kursy-jezyka-polskiego-jako-obcego-2\/kursy-wiosenne\/60-godzinny-kurs-a1a\/"]}]},{"@type":"ImageObject","inLanguage":"pl-PL","@id":"https:\/\/pb.edu.pl\/sjo\/polish-lab\/kursy-jezyka-polskiego-jako-obcego-2\/kursy-wiosenne\/60-godzinny-kurs-a1a\/#primaryimage","url":"https:\/\/pb.edu.pl\/sjo\/wp-content\/uploads\/sites\/9\/2026\/01\/16.png","contentUrl":"https:\/\/pb.edu.pl\/sjo\/wp-content\/uploads\/sites\/9\/2026\/01\/16.png","width":799,"height":533},{"@type":"BreadcrumbList","@id":"https:\/\/pb.edu.pl\/sjo\/polish-lab\/kursy-jezyka-polskiego-jako-obcego-2\/kursy-wiosenne\/60-godzinny-kurs-a1a\/#breadcrumb","itemListElement":[{"@type":"ListItem","position":1,"name":"Home","item":"https:\/\/pb.edu.pl\/sjo\/"},{"@type":"ListItem","position":2,"name":"Centrum J\u0119zyka i Kultury Polskiej POLISH LAB","item":"https:\/\/pb.edu.pl\/sjo\/polish-lab\/"},{"@type":"ListItem","position":3,"name":"Kursy j\u0119zyka polskiego jako obcego","item":"https:\/\/pb.edu.pl\/sjo\/polish-lab\/kursy-jezyka-polskiego-jako-obcego-2\/"},{"@type":"ListItem","position":4,"name":"Kursy wiosenne","item":"https:\/\/pb.edu.pl\/sjo\/polish-lab\/kursy-jezyka-polskiego-jako-obcego-2\/kursy-wiosenne\/"},{"@type":"ListItem","position":5,"name":"60-godzinny kurs A1(a)"}]},{"@type":"WebSite","@id":"https:\/\/pb.edu.pl\/sjo\/#website","url":"https:\/\/pb.edu.pl\/sjo\/","name":"Studium J\u0119zyk\u00f3w Obcych","description":"","potentialAction":[{"@type":"SearchAction","target":{"@type":"EntryPoint","urlTemplate":"https:\/\/pb.edu.pl\/sjo\/?s={search_term_string}"},"query-input":{"@type":"PropertyValueSpecification","valueRequired":true,"valueName":"search_term_string"}}],"inLanguage":"pl-PL"}]}},"_links":{"self":[{"href":"https:\/\/pb.edu.pl\/sjo\/wp-json\/wp\/v2\/pages\/30490","targetHints":{"allow":["GET"]}}],"collection":[{"href":"https:\/\/pb.edu.pl\/sjo\/wp-json\/wp\/v2\/pages"}],"about":[{"href":"https:\/\/pb.edu.pl\/sjo\/wp-json\/wp\/v2\/types\/page"}],"author":[{"embeddable":true,"href":"https:\/\/pb.edu.pl\/sjo\/wp-json\/wp\/v2\/users\/38"}],"replies":[{"embeddable":true,"href":"https:\/\/pb.edu.pl\/sjo\/wp-json\/wp\/v2\/comments?post=30490"}],"version-history":[{"count":23,"href":"https:\/\/pb.edu.pl\/sjo\/wp-json\/wp\/v2\/pages\/30490\/revisions"}],"predecessor-version":[{"id":31037,"href":"https:\/\/pb.edu.pl\/sjo\/wp-json\/wp\/v2\/pages\/30490\/revisions\/31037"}],"up":[{"embeddable":true,"href":"https:\/\/pb.edu.pl\/sjo\/wp-json\/wp\/v2\/pages\/26001"}],"wp:attachment":[{"href":"https:\/\/pb.edu.pl\/sjo\/wp-json\/wp\/v2\/media?parent=30490"}],"curies":[{"name":"wp","href":"https:\/\/api.w.org\/{rel}","templated":true}]}}