{"id":29273,"date":"2025-07-22T11:22:23","date_gmt":"2025-07-22T09:22:23","guid":{"rendered":"https:\/\/pb.edu.pl\/sjo\/?page_id=29273"},"modified":"2025-08-26T18:22:50","modified_gmt":"2025-08-26T16:22:50","slug":"60-godzinny-kurs-c1-online","status":"publish","type":"page","link":"https:\/\/pb.edu.pl\/sjo\/polish-lab\/kursy-jezyka-polskiego-jako-obcego-2\/kursy-jesienne\/60-godzinny-kurs-c1-online\/","title":{"rendered":"60-godzinny kurs C1 online"},"content":{"rendered":"<div><span style=\"font-family: verdana, geneva, sans-serif;font-size: 12pt\"><strong>60-godzinny kurs j\u0119zyka polskiego jako obcego na poziomie C1(a) <\/strong><\/span><\/div>\n<div><span style=\"font-family: verdana, geneva, sans-serif;font-size: 12pt\">Pe\u0142ny program kursu C1 obejmuje 120 godzin nauki i sk\u0142ada si\u0119 z dw\u00f3ch cz\u0119\u015bci: 60-godzinnego kursu C1(a) realizowanego w semestrze jesiennym oraz 60-godzinnego kursu C1(b) \u2014 w semestrze wiosennym.<\/span><\/div>\n<div>&nbsp;<\/div>\n<div><strong><span style=\"font-family: verdana, geneva, sans-serif;font-size: 12pt\">Rekrutacja rozpocznie si\u0119 27 sierpnia poprzez elektroniczn\u0105 platform\u0119 rejestracyjn\u0105 <a href=\"https:\/\/irk2.uci.pb.edu.pl\/pl\/offer\/KURSY_Z_DOSTEPEM_2025_2026\/programme\/POLISH_LAB_KURS_ONLINE_2025_2026_ZIMOWY\/\"><span style=\"color: #0000ff\">IRK<\/span><\/a>&nbsp;<\/span><\/strong><\/div>\n<div><span style=\"font-family: verdana, geneva, sans-serif;font-size: 12pt\"><strong>&nbsp;<\/strong><\/span><\/div>\n<div><span style=\"font-family: verdana, geneva, sans-serif;font-size: 12pt\"><strong>Dlaczego warto?<\/strong><\/span><\/div>\n<div><span style=\"font-family: verdana, geneva, sans-serif;font-size: 12pt\"><strong>&nbsp; &#8211; <\/strong>liczebno\u015b\u0107 grupy 6-7 os\u00f3b.<\/span><\/div>\n<div><span style=\"font-family: verdana, geneva, sans-serif;font-size: 12pt\">&nbsp; &#8211; kurs zdalny w czasie rzeczywistym<\/span><\/div>\n<div><span style=\"font-family: verdana, geneva, sans-serif;font-size: 12pt\">&nbsp; &#8211; prowadz\u0105ca: do\u015bwiadczona wyk\u0142adowczyni z uprawnieniami przewodnicz\u0105cej pa\u0144stwowej komisji egzaminacyjnej&nbsp;<\/span><\/div>\n<div><span style=\"font-family: verdana, geneva, sans-serif;font-size: 12pt\">&nbsp; &#8211; wysoki poziom merytoryczny i praktyczny \u2014 odpowiedzi na wszystkie pytania na temat j\u0119zyka polskiego <\/span><\/div>\n<div><span style=\"font-family: verdana, geneva, sans-serif;font-size: 12pt\">&nbsp; &#8211; pe\u0142ny kurs jest doskona\u0142ym przygotowaniem do pa\u0144stwowego egzaminu z j\u0119zyka polskiego jako obcego na poziomie C1<\/span><\/div>\n<div>&nbsp;<\/div>\n<div><strong><span style=\"font-family: verdana, geneva, sans-serif;font-size: 12pt\">Wymagania:<\/span><\/strong><\/div>\n<div><span style=\"font-family: verdana, geneva, sans-serif;font-size: 12pt\">znajomo\u015b\u0107 j\u0119zyka polskiego na poziomie B2 potwierdzona pa\u0144stwowym certyfikatem; w przypadku braku certyfikatu niezb\u0119dna jest kwalifikacja w formie pisemnej oraz ustnej<\/span><\/div>\n<div><span style=\"font-family: verdana, geneva, sans-serif;font-size: 12pt\">&nbsp;<\/span><\/div>\n<div><span style=\"font-size: 12pt\"><strong><span style=\"font-family: verdana, geneva, sans-serif\">C<\/span><\/strong><strong><span style=\"font-family: verdana, geneva, sans-serif\">ena 2190 z\u0142.<\/span> <\/strong><\/span><\/div>\n<div><span style=\"font-family: verdana, geneva, sans-serif;font-size: 12pt\">Obowi\u0105zuj\u0105 zni\u017cki za jednorazow\u0105 p\u0142atno\u015b\u0107 przed rozpocz\u0119ciem kursu oraz kontynuacj\u0119 nauki w naszym o\u015brodku. Istnieje mo\u017cliwo\u015b\u0107 roz\u0142o\u017cenia p\u0142atno\u015bci na 3 raty.<\/span><\/div>\n<div>&nbsp;<\/div>\n<div><span style=\"font-family: verdana, geneva, sans-serif;font-size: 12pt\"><strong>Efekty kszta\u0142cenia<\/strong><\/span><\/div>\n<div><span style=\"font-family: verdana, geneva, sans-serif;font-size: 12pt\">Po uko\u0144czeniu pe\u0142nego kursu na poziomie C1 (120 godzin nauki) absolwent <span id=\"isPasted\">sprawnie pos\u0142uguje si\u0119 j\u0119zykiem polskim<\/span>, <span id=\"isPasted\" data-huuid=\"5540491658029146050\">potrafi swobodnie i precyzyjnie komunikowa\u0107 si\u0119&nbsp; w \u015brodowisku akademickim i zawodowym zgodnie ze standardami j\u0119zykowymi i kulturowymi:<\/span><\/span><\/div>\n<div><span style=\"font-family: verdana, geneva, sans-serif;font-size: 12pt\">1. rozumie i interpretuje d\u0142u\u017csze wypowiedzi ustne i pisemne na tematy akademickie i specjalistyczne z r\u00f3\u017cnych dziedzin technicznych,<\/span><\/div>\n<div><span style=\"font-family: verdana, geneva, sans-serif;font-size: 12pt\">2. rozumie z\u0142o\u017cone teksty dotycz\u0105ce tematyki akademickiej i r\u00f3\u017cnych dziedzin technicznych; pozyskuje potrzebne informacje z czytanej literatury,<\/span><\/div>\n<div><span style=\"font-family: verdana, geneva, sans-serif;font-size: 12pt\">3. tworzy dobrze skonstruowane wypowiedzi, wykorzystuje zaawansowane \u015brodki j\u0119zykowe (gramatyczne i leksykalne); rozwija poszczeg\u00f3lne zagadnienia;<\/span><\/div>\n<div><span style=\"font-family: verdana, geneva, sans-serif;font-size: 12pt\">4. przygotowuje sp\u00f3jne i rozbudowane teksty typowe dla \u015brodowiska akademickiego i zawodowego, tak\u017ce w oparciu o informacje z r\u00f3\u017cnych \u017ar\u00f3de\u0142 specjalistycznych.<\/span><\/div>\n<div>&nbsp;<\/div>\n<div class=\"WaaZC\">\n<div class=\"RJPOee EIJn2\">\n<div>&nbsp;<\/div>\n<div><span style=\"font-family: verdana, geneva, sans-serif;font-size: 12pt;color: #808080\"><strong>60-hour course of Polish as a foreign language at C1(a) level&nbsp;<\/strong><\/span><\/div>\n<div><span style=\"font-family: verdana, geneva, sans-serif;font-size: 12pt;color: #808080\">The full C1 course includes 120 hours of study and consists of two parts: A 60-hour C1(a) course taken in the autumn semester and a 60-hour C1(b) course taken in the spring semester. <\/span><\/div>\n<div>&nbsp;<\/div>\n<div><span style=\"font-family: verdana, geneva, sans-serif;font-size: 12pt;color: #808080\"><strong>Enrollment will start on 27 August through electronic registration platform <a href=\"https:\/\/irk2.uci.pb.edu.pl\/en-gb\/offer\/KURSY_Z_DOSTEPEM_2025_2026\/programme\/POLISH_LAB_KURS_ONLINE_2025_2026_ZIMOWY\/\">IRK<\/a><\/strong><\/span><\/div>\n<\/div>\n<\/div>\n<div>&nbsp;<\/div>\n<div><span style=\"font-family: verdana, geneva, sans-serif;font-size: 12pt;color: #808080\"><strong>Why is it worth studying with us?<\/strong><\/span><\/div>\n<div class=\"WaaZC\">\n<div class=\"RJPOee EIJn2\">\n<div><span style=\"font-family: verdana, geneva, sans-serif;font-size: 12pt;color: #808080\">&nbsp; &#8211; group size of 6-7 people<\/span><\/div>\n<div><span style=\"font-family: verdana, geneva, sans-serif;font-size: 12pt;color: #808080\">&nbsp; &#8211; real-time online training course<\/span><\/div>\n<div><span style=\"font-family: verdana, geneva, sans-serif;font-size: 12pt;color: #808080\">&nbsp; &#8211; tutor: experienced lecturer with the qualification of head of the state examination commission<\/span><\/div>\n<div><span style=\"font-family: verdana, geneva, sans-serif;font-size: 12pt;color: #808080\">&nbsp; &#8211; high level of content and practicality &#8211; answers to all your questions about the Polish language <\/span><\/div>\n<div><span style=\"font-family: verdana, geneva, sans-serif;font-size: 12pt;color: #808080\">&nbsp; &#8211; the full course is an excellent preparation for the state exam in Polish as a foreign language at level C1<\/span><\/div>\n<div>&nbsp;<\/div>\n<div><span style=\"font-family: verdana, geneva, sans-serif;font-size: 12pt;color: #808080\"><strong>Requirements:<\/strong><\/span><\/div>\n<div><span style=\"font-family: verdana, geneva, sans-serif;font-size: 12pt;color: #808080\">knowledge of Polish language on B2 level confirmed by a state certificate; in case of lack of a given certificate, a written and oral qualification is necessary<\/span><\/div>\n<div>&nbsp;<\/div>\n<div><span style=\"font-family: verdana, geneva, sans-serif;font-size: 12pt;color: #808080\"><strong>Price: 2190 PLN<\/strong> <\/span><\/div>\n<div><span style=\"font-family: verdana, geneva, sans-serif;font-size: 12pt;color: #808080\">Standard discounts apply for a one-time payment before the beginning of the course and for continued study at our center. It is also possible to spread the payment into 3 installments.<\/span><\/div>\n<div>&nbsp;<\/div>\n<div><span style=\"font-family: verdana, geneva, sans-serif;font-size: 12pt;color: #808080\"><strong>Learning outcomes<\/strong><\/span><\/div>\n<div><span style=\"font-family: verdana, geneva, sans-serif;font-size: 12pt;color: #808080\">After completing the full course at C1 level (120 hours of study), the graduate is proficient in Polish and is able to communicate freely and accurately in academic and professional settings in accordance with linguistic and cultural standards:<\/span><\/div>\n<div><span style=\"font-family: verdana, geneva, sans-serif;font-size: 12pt;color: #808080\">1. understands and interprets longer oral and written statements on academic and specialized topics in various technical fields,<\/span><\/div>\n<div><span style=\"font-family: verdana, geneva, sans-serif;font-size: 12pt;color: #808080\">2. understands complex texts on academic topics and various technical fields; obtains the necessary information from the literature he reads,<\/span><\/div>\n<div><span style=\"font-family: verdana, geneva, sans-serif;font-size: 12pt;color: #808080\">3. creates well-structured statements, uses advanced linguistic means (grammatical and lexical); elaborates on particular topics;<\/span><\/div>\n<div><span style=\"font-family: verdana, geneva, sans-serif;font-size: 12pt;color: #808080\">4. prepares coherent and elaborate texts typical of academic and professional environment, also based on information from various specialized sources.<\/span><\/div>\n<div>&nbsp;<\/div>\n<div>&nbsp;<\/div>\n<div>&nbsp;<\/div>\n<div>&nbsp;<\/div>\n<div>&nbsp;<\/div>\n<div>&nbsp;<\/div>\n<div>&nbsp;<\/div>\n<div>&nbsp;<\/div>\n<div>&nbsp;<\/div>\n<div>&nbsp;<\/div>\n<div>&nbsp;<\/div>\n<div>&nbsp;<\/div>\n<div>&nbsp;<\/div>\n<div>&nbsp;<\/div>\n<div>&nbsp;<\/div>\n<div>&nbsp;<\/div>\n<div>&nbsp;<\/div>\n<div>&nbsp;<\/div>\n<div>&nbsp;<\/div>\n<div>&nbsp;<\/div>\n<div>&nbsp;<\/div>\n<div>&nbsp;<\/div>\n<div>&nbsp;<\/div>\n<\/div>\n<\/div>\n","protected":false},"excerpt":{"rendered":"<p>60-godzinny kurs j\u0119zyka polskiego jako obcego na poziomie C1(a) Pe\u0142ny program kursu C1 obejmuje 120<\/p>\n","protected":false},"author":38,"featured_media":0,"parent":25999,"menu_order":0,"comment_status":"closed","ping_status":"closed","template":"","meta":{"_acf_changed":false,"ngg_post_thumbnail":0,"footnotes":""},"class_list":["post-29273","page","type-page","status-publish","hentry"],"acf":[],"yoast_head":"<!-- This site is optimized with the Yoast SEO plugin v27.0 - https:\/\/yoast.com\/product\/yoast-seo-wordpress\/ -->\n<title>60-godzinny kurs C1 online - Studium J\u0119zyk\u00f3w Obcych<\/title>\n<meta name=\"description\" content=\"60-godzinny kurs j\u0119zyka polskiego jako obcego na poziomie C1(a) Pe\u0142ny program kursu C1 obejmuje 120 godzin nauki i sk\u0142ada si\u0119 z dw\u00f3ch cz\u0119\u015bci:\" \/>\n<meta name=\"robots\" content=\"index, follow, max-snippet:-1, max-image-preview:large, max-video-preview:-1\" \/>\n<link rel=\"canonical\" href=\"https:\/\/pb.edu.pl\/sjo\/polish-lab\/kursy-jezyka-polskiego-jako-obcego-2\/kursy-jesienne\/60-godzinny-kurs-c1-online\/\" \/>\n<meta property=\"og:locale\" content=\"pl_PL\" \/>\n<meta property=\"og:type\" content=\"article\" \/>\n<meta property=\"og:title\" content=\"60-godzinny kurs C1 online - Studium J\u0119zyk\u00f3w Obcych\" \/>\n<meta property=\"og:description\" content=\"60-godzinny kurs j\u0119zyka polskiego jako obcego na poziomie C1(a) Pe\u0142ny program kursu C1 obejmuje 120 godzin nauki i sk\u0142ada si\u0119 z dw\u00f3ch cz\u0119\u015bci:\" \/>\n<meta property=\"og:url\" content=\"https:\/\/pb.edu.pl\/sjo\/polish-lab\/kursy-jezyka-polskiego-jako-obcego-2\/kursy-jesienne\/60-godzinny-kurs-c1-online\/\" \/>\n<meta property=\"og:site_name\" content=\"Studium J\u0119zyk\u00f3w Obcych\" \/>\n<meta property=\"article:modified_time\" content=\"2025-08-26T16:22:50+00:00\" \/>\n<meta name=\"twitter:label1\" content=\"Szacowany czas czytania\" \/>\n\t<meta name=\"twitter:data1\" content=\"4 minuty\" \/>\n<script type=\"application\/ld+json\" class=\"yoast-schema-graph\">{\"@context\":\"https:\/\/schema.org\",\"@graph\":[{\"@type\":\"WebPage\",\"@id\":\"https:\/\/pb.edu.pl\/sjo\/polish-lab\/kursy-jezyka-polskiego-jako-obcego-2\/kursy-jesienne\/60-godzinny-kurs-c1-online\/\",\"url\":\"https:\/\/pb.edu.pl\/sjo\/polish-lab\/kursy-jezyka-polskiego-jako-obcego-2\/kursy-jesienne\/60-godzinny-kurs-c1-online\/\",\"name\":\"60-godzinny kurs C1 online - Studium J\u0119zyk\u00f3w Obcych\",\"isPartOf\":{\"@id\":\"https:\/\/pb.edu.pl\/sjo\/#website\"},\"datePublished\":\"2025-07-22T09:22:23+00:00\",\"dateModified\":\"2025-08-26T16:22:50+00:00\",\"description\":\"60-godzinny kurs j\u0119zyka polskiego jako obcego na poziomie C1(a) Pe\u0142ny program kursu C1 obejmuje 120 godzin nauki i sk\u0142ada si\u0119 z dw\u00f3ch cz\u0119\u015bci:\",\"breadcrumb\":{\"@id\":\"https:\/\/pb.edu.pl\/sjo\/polish-lab\/kursy-jezyka-polskiego-jako-obcego-2\/kursy-jesienne\/60-godzinny-kurs-c1-online\/#breadcrumb\"},\"inLanguage\":\"pl-PL\",\"potentialAction\":[{\"@type\":\"ReadAction\",\"target\":[\"https:\/\/pb.edu.pl\/sjo\/polish-lab\/kursy-jezyka-polskiego-jako-obcego-2\/kursy-jesienne\/60-godzinny-kurs-c1-online\/\"]}]},{\"@type\":\"BreadcrumbList\",\"@id\":\"https:\/\/pb.edu.pl\/sjo\/polish-lab\/kursy-jezyka-polskiego-jako-obcego-2\/kursy-jesienne\/60-godzinny-kurs-c1-online\/#breadcrumb\",\"itemListElement\":[{\"@type\":\"ListItem\",\"position\":1,\"name\":\"Home\",\"item\":\"https:\/\/pb.edu.pl\/sjo\/\"},{\"@type\":\"ListItem\",\"position\":2,\"name\":\"Centrum J\u0119zyka i Kultury Polskiej POLISH LAB\",\"item\":\"https:\/\/pb.edu.pl\/sjo\/polish-lab\/\"},{\"@type\":\"ListItem\",\"position\":3,\"name\":\"Kursy j\u0119zyka polskiego jako obcego\",\"item\":\"https:\/\/pb.edu.pl\/sjo\/polish-lab\/kursy-jezyka-polskiego-jako-obcego-2\/\"},{\"@type\":\"ListItem\",\"position\":4,\"name\":\"Kursy jesienne\",\"item\":\"https:\/\/pb.edu.pl\/sjo\/polish-lab\/kursy-jezyka-polskiego-jako-obcego-2\/kursy-jesienne\/\"},{\"@type\":\"ListItem\",\"position\":5,\"name\":\"60-godzinny kurs C1 online\"}]},{\"@type\":\"WebSite\",\"@id\":\"https:\/\/pb.edu.pl\/sjo\/#website\",\"url\":\"https:\/\/pb.edu.pl\/sjo\/\",\"name\":\"Studium J\u0119zyk\u00f3w Obcych\",\"description\":\"\",\"potentialAction\":[{\"@type\":\"SearchAction\",\"target\":{\"@type\":\"EntryPoint\",\"urlTemplate\":\"https:\/\/pb.edu.pl\/sjo\/?s={search_term_string}\"},\"query-input\":{\"@type\":\"PropertyValueSpecification\",\"valueRequired\":true,\"valueName\":\"search_term_string\"}}],\"inLanguage\":\"pl-PL\"}]}<\/script>\n<!-- \/ Yoast SEO plugin. -->","yoast_head_json":{"title":"60-godzinny kurs C1 online - Studium J\u0119zyk\u00f3w Obcych","description":"60-godzinny kurs j\u0119zyka polskiego jako obcego na poziomie C1(a) Pe\u0142ny program kursu C1 obejmuje 120 godzin nauki i sk\u0142ada si\u0119 z dw\u00f3ch cz\u0119\u015bci:","robots":{"index":"index","follow":"follow","max-snippet":"max-snippet:-1","max-image-preview":"max-image-preview:large","max-video-preview":"max-video-preview:-1"},"canonical":"https:\/\/pb.edu.pl\/sjo\/polish-lab\/kursy-jezyka-polskiego-jako-obcego-2\/kursy-jesienne\/60-godzinny-kurs-c1-online\/","og_locale":"pl_PL","og_type":"article","og_title":"60-godzinny kurs C1 online - Studium J\u0119zyk\u00f3w Obcych","og_description":"60-godzinny kurs j\u0119zyka polskiego jako obcego na poziomie C1(a) Pe\u0142ny program kursu C1 obejmuje 120 godzin nauki i sk\u0142ada si\u0119 z dw\u00f3ch cz\u0119\u015bci:","og_url":"https:\/\/pb.edu.pl\/sjo\/polish-lab\/kursy-jezyka-polskiego-jako-obcego-2\/kursy-jesienne\/60-godzinny-kurs-c1-online\/","og_site_name":"Studium J\u0119zyk\u00f3w Obcych","article_modified_time":"2025-08-26T16:22:50+00:00","twitter_misc":{"Szacowany czas czytania":"4 minuty"},"schema":{"@context":"https:\/\/schema.org","@graph":[{"@type":"WebPage","@id":"https:\/\/pb.edu.pl\/sjo\/polish-lab\/kursy-jezyka-polskiego-jako-obcego-2\/kursy-jesienne\/60-godzinny-kurs-c1-online\/","url":"https:\/\/pb.edu.pl\/sjo\/polish-lab\/kursy-jezyka-polskiego-jako-obcego-2\/kursy-jesienne\/60-godzinny-kurs-c1-online\/","name":"60-godzinny kurs C1 online - Studium J\u0119zyk\u00f3w Obcych","isPartOf":{"@id":"https:\/\/pb.edu.pl\/sjo\/#website"},"datePublished":"2025-07-22T09:22:23+00:00","dateModified":"2025-08-26T16:22:50+00:00","description":"60-godzinny kurs j\u0119zyka polskiego jako obcego na poziomie C1(a) Pe\u0142ny program kursu C1 obejmuje 120 godzin nauki i sk\u0142ada si\u0119 z dw\u00f3ch cz\u0119\u015bci:","breadcrumb":{"@id":"https:\/\/pb.edu.pl\/sjo\/polish-lab\/kursy-jezyka-polskiego-jako-obcego-2\/kursy-jesienne\/60-godzinny-kurs-c1-online\/#breadcrumb"},"inLanguage":"pl-PL","potentialAction":[{"@type":"ReadAction","target":["https:\/\/pb.edu.pl\/sjo\/polish-lab\/kursy-jezyka-polskiego-jako-obcego-2\/kursy-jesienne\/60-godzinny-kurs-c1-online\/"]}]},{"@type":"BreadcrumbList","@id":"https:\/\/pb.edu.pl\/sjo\/polish-lab\/kursy-jezyka-polskiego-jako-obcego-2\/kursy-jesienne\/60-godzinny-kurs-c1-online\/#breadcrumb","itemListElement":[{"@type":"ListItem","position":1,"name":"Home","item":"https:\/\/pb.edu.pl\/sjo\/"},{"@type":"ListItem","position":2,"name":"Centrum J\u0119zyka i Kultury Polskiej POLISH LAB","item":"https:\/\/pb.edu.pl\/sjo\/polish-lab\/"},{"@type":"ListItem","position":3,"name":"Kursy j\u0119zyka polskiego jako obcego","item":"https:\/\/pb.edu.pl\/sjo\/polish-lab\/kursy-jezyka-polskiego-jako-obcego-2\/"},{"@type":"ListItem","position":4,"name":"Kursy jesienne","item":"https:\/\/pb.edu.pl\/sjo\/polish-lab\/kursy-jezyka-polskiego-jako-obcego-2\/kursy-jesienne\/"},{"@type":"ListItem","position":5,"name":"60-godzinny kurs C1 online"}]},{"@type":"WebSite","@id":"https:\/\/pb.edu.pl\/sjo\/#website","url":"https:\/\/pb.edu.pl\/sjo\/","name":"Studium J\u0119zyk\u00f3w Obcych","description":"","potentialAction":[{"@type":"SearchAction","target":{"@type":"EntryPoint","urlTemplate":"https:\/\/pb.edu.pl\/sjo\/?s={search_term_string}"},"query-input":{"@type":"PropertyValueSpecification","valueRequired":true,"valueName":"search_term_string"}}],"inLanguage":"pl-PL"}]}},"_links":{"self":[{"href":"https:\/\/pb.edu.pl\/sjo\/wp-json\/wp\/v2\/pages\/29273","targetHints":{"allow":["GET"]}}],"collection":[{"href":"https:\/\/pb.edu.pl\/sjo\/wp-json\/wp\/v2\/pages"}],"about":[{"href":"https:\/\/pb.edu.pl\/sjo\/wp-json\/wp\/v2\/types\/page"}],"author":[{"embeddable":true,"href":"https:\/\/pb.edu.pl\/sjo\/wp-json\/wp\/v2\/users\/38"}],"replies":[{"embeddable":true,"href":"https:\/\/pb.edu.pl\/sjo\/wp-json\/wp\/v2\/comments?post=29273"}],"version-history":[{"count":0,"href":"https:\/\/pb.edu.pl\/sjo\/wp-json\/wp\/v2\/pages\/29273\/revisions"}],"up":[{"embeddable":true,"href":"https:\/\/pb.edu.pl\/sjo\/wp-json\/wp\/v2\/pages\/25999"}],"wp:attachment":[{"href":"https:\/\/pb.edu.pl\/sjo\/wp-json\/wp\/v2\/media?parent=29273"}],"curies":[{"name":"wp","href":"https:\/\/api.w.org\/{rel}","templated":true}]}}