{"id":29010,"date":"2025-06-09T08:13:30","date_gmt":"2025-06-09T06:13:30","guid":{"rendered":"https:\/\/pb.edu.pl\/sjo\/?page_id=29010"},"modified":"2025-06-09T08:19:13","modified_gmt":"2025-06-09T06:19:13","slug":"certyfikat-polski-w-centrum-jezyka-i-kultury-polskiej-polish-lab","status":"publish","type":"page","link":"https:\/\/pb.edu.pl\/sjo\/polish-lab\/egzaminy-w-centrum-jezyka-i-kultury-polskiej-polish-lab\/certyfikat-polski-w-centrum-jezyka-i-kultury-polskiej-polish-lab\/","title":{"rendered":"Certyfikat polski w centrum j\u0119zyka i kultury polskiej POLISH LAB"},"content":{"rendered":"<h2>Uprzejmie informujemy, \u017ce informacje dotycz\u0105ce pa\u0144stwowego egzaminu z j\u0119zyka polskiego jako obcego znajduj\u0105 si\u0119 na stronie:<\/h2>\n<p> <a href=\"https:\/\/pb.edu.pl\/sjo\/polish-lab\/egzaminy\/certyfikat-polski\/obecna-sesja\/\">https:\/\/pb.edu.pl\/sjo\/polish-lab\/egzaminy\/certyfikat-polski\/obecna-sesja\/<\/a><\/p>\n","protected":false},"excerpt":{"rendered":"<p>Uprzejmie informujemy, \u017ce informacje dotycz\u0105ce pa\u0144stwowego egzaminu z j\u0119zyka polskiego jako obcego znajduj\u0105 si\u0119 na<\/p>\n","protected":false},"author":6,"featured_media":0,"parent":29008,"menu_order":0,"comment_status":"closed","ping_status":"closed","template":"","meta":{"_acf_changed":false,"ngg_post_thumbnail":0,"footnotes":""},"class_list":["post-29010","page","type-page","status-publish","hentry"],"acf":[],"yoast_head":"<!-- This site is optimized with the Yoast SEO plugin v27.0 - https:\/\/yoast.com\/product\/yoast-seo-wordpress\/ -->\n<title>Certyfikat polski w centrum j\u0119zyka i kultury polskiej POLISH LAB - Studium J\u0119zyk\u00f3w Obcych<\/title>\n<meta name=\"description\" content=\"Uprzejmie informujemy, \u017ce informacje dotycz\u0105ce pa\u0144stwowego egzaminu z j\u0119zyka polskiego jako obcego znajduj\u0105 si\u0119 na stronie:\" \/>\n<meta name=\"robots\" content=\"index, follow, max-snippet:-1, max-image-preview:large, max-video-preview:-1\" \/>\n<link rel=\"canonical\" href=\"https:\/\/pb.edu.pl\/sjo\/polish-lab\/egzaminy-w-centrum-jezyka-i-kultury-polskiej-polish-lab\/certyfikat-polski-w-centrum-jezyka-i-kultury-polskiej-polish-lab\/\" \/>\n<meta property=\"og:locale\" content=\"pl_PL\" \/>\n<meta property=\"og:type\" content=\"article\" \/>\n<meta property=\"og:title\" content=\"Certyfikat polski w centrum j\u0119zyka i kultury polskiej POLISH LAB - Studium J\u0119zyk\u00f3w Obcych\" \/>\n<meta property=\"og:description\" content=\"Uprzejmie informujemy, \u017ce informacje dotycz\u0105ce pa\u0144stwowego egzaminu z j\u0119zyka polskiego jako obcego znajduj\u0105 si\u0119 na stronie:\" \/>\n<meta property=\"og:url\" content=\"https:\/\/pb.edu.pl\/sjo\/polish-lab\/egzaminy-w-centrum-jezyka-i-kultury-polskiej-polish-lab\/certyfikat-polski-w-centrum-jezyka-i-kultury-polskiej-polish-lab\/\" \/>\n<meta property=\"og:site_name\" content=\"Studium J\u0119zyk\u00f3w Obcych\" \/>\n<meta property=\"article:modified_time\" content=\"2025-06-09T06:19:13+00:00\" \/>\n<script type=\"application\/ld+json\" class=\"yoast-schema-graph\">{\"@context\":\"https:\/\/schema.org\",\"@graph\":[{\"@type\":\"WebPage\",\"@id\":\"https:\/\/pb.edu.pl\/sjo\/polish-lab\/egzaminy-w-centrum-jezyka-i-kultury-polskiej-polish-lab\/certyfikat-polski-w-centrum-jezyka-i-kultury-polskiej-polish-lab\/\",\"url\":\"https:\/\/pb.edu.pl\/sjo\/polish-lab\/egzaminy-w-centrum-jezyka-i-kultury-polskiej-polish-lab\/certyfikat-polski-w-centrum-jezyka-i-kultury-polskiej-polish-lab\/\",\"name\":\"Certyfikat polski w centrum j\u0119zyka i kultury polskiej POLISH LAB - Studium J\u0119zyk\u00f3w Obcych\",\"isPartOf\":{\"@id\":\"https:\/\/pb.edu.pl\/sjo\/#website\"},\"datePublished\":\"2025-06-09T06:13:30+00:00\",\"dateModified\":\"2025-06-09T06:19:13+00:00\",\"description\":\"Uprzejmie informujemy, \u017ce informacje dotycz\u0105ce pa\u0144stwowego egzaminu z j\u0119zyka polskiego jako obcego znajduj\u0105 si\u0119 na stronie:\",\"breadcrumb\":{\"@id\":\"https:\/\/pb.edu.pl\/sjo\/polish-lab\/egzaminy-w-centrum-jezyka-i-kultury-polskiej-polish-lab\/certyfikat-polski-w-centrum-jezyka-i-kultury-polskiej-polish-lab\/#breadcrumb\"},\"inLanguage\":\"pl-PL\",\"potentialAction\":[{\"@type\":\"ReadAction\",\"target\":[\"https:\/\/pb.edu.pl\/sjo\/polish-lab\/egzaminy-w-centrum-jezyka-i-kultury-polskiej-polish-lab\/certyfikat-polski-w-centrum-jezyka-i-kultury-polskiej-polish-lab\/\"]}]},{\"@type\":\"BreadcrumbList\",\"@id\":\"https:\/\/pb.edu.pl\/sjo\/polish-lab\/egzaminy-w-centrum-jezyka-i-kultury-polskiej-polish-lab\/certyfikat-polski-w-centrum-jezyka-i-kultury-polskiej-polish-lab\/#breadcrumb\",\"itemListElement\":[{\"@type\":\"ListItem\",\"position\":1,\"name\":\"Home\",\"item\":\"https:\/\/pb.edu.pl\/sjo\/\"},{\"@type\":\"ListItem\",\"position\":2,\"name\":\"Centrum J\u0119zyka i Kultury Polskiej POLISH LAB\",\"item\":\"https:\/\/pb.edu.pl\/sjo\/polish-lab\/\"},{\"@type\":\"ListItem\",\"position\":3,\"name\":\"Egzaminy w centrum j\u0119zyka i kultury polskiej POLISH LAB\",\"item\":\"https:\/\/pb.edu.pl\/sjo\/polish-lab\/egzaminy-w-centrum-jezyka-i-kultury-polskiej-polish-lab\/\"},{\"@type\":\"ListItem\",\"position\":4,\"name\":\"Certyfikat polski w centrum j\u0119zyka i kultury polskiej POLISH LAB\"}]},{\"@type\":\"WebSite\",\"@id\":\"https:\/\/pb.edu.pl\/sjo\/#website\",\"url\":\"https:\/\/pb.edu.pl\/sjo\/\",\"name\":\"Studium J\u0119zyk\u00f3w Obcych\",\"description\":\"\",\"potentialAction\":[{\"@type\":\"SearchAction\",\"target\":{\"@type\":\"EntryPoint\",\"urlTemplate\":\"https:\/\/pb.edu.pl\/sjo\/?s={search_term_string}\"},\"query-input\":{\"@type\":\"PropertyValueSpecification\",\"valueRequired\":true,\"valueName\":\"search_term_string\"}}],\"inLanguage\":\"pl-PL\"}]}<\/script>\n<!-- \/ Yoast SEO plugin. -->","yoast_head_json":{"title":"Certyfikat polski w centrum j\u0119zyka i kultury polskiej POLISH LAB - Studium J\u0119zyk\u00f3w Obcych","description":"Uprzejmie informujemy, \u017ce informacje dotycz\u0105ce pa\u0144stwowego egzaminu z j\u0119zyka polskiego jako obcego znajduj\u0105 si\u0119 na stronie:","robots":{"index":"index","follow":"follow","max-snippet":"max-snippet:-1","max-image-preview":"max-image-preview:large","max-video-preview":"max-video-preview:-1"},"canonical":"https:\/\/pb.edu.pl\/sjo\/polish-lab\/egzaminy-w-centrum-jezyka-i-kultury-polskiej-polish-lab\/certyfikat-polski-w-centrum-jezyka-i-kultury-polskiej-polish-lab\/","og_locale":"pl_PL","og_type":"article","og_title":"Certyfikat polski w centrum j\u0119zyka i kultury polskiej POLISH LAB - Studium J\u0119zyk\u00f3w Obcych","og_description":"Uprzejmie informujemy, \u017ce informacje dotycz\u0105ce pa\u0144stwowego egzaminu z j\u0119zyka polskiego jako obcego znajduj\u0105 si\u0119 na stronie:","og_url":"https:\/\/pb.edu.pl\/sjo\/polish-lab\/egzaminy-w-centrum-jezyka-i-kultury-polskiej-polish-lab\/certyfikat-polski-w-centrum-jezyka-i-kultury-polskiej-polish-lab\/","og_site_name":"Studium J\u0119zyk\u00f3w Obcych","article_modified_time":"2025-06-09T06:19:13+00:00","schema":{"@context":"https:\/\/schema.org","@graph":[{"@type":"WebPage","@id":"https:\/\/pb.edu.pl\/sjo\/polish-lab\/egzaminy-w-centrum-jezyka-i-kultury-polskiej-polish-lab\/certyfikat-polski-w-centrum-jezyka-i-kultury-polskiej-polish-lab\/","url":"https:\/\/pb.edu.pl\/sjo\/polish-lab\/egzaminy-w-centrum-jezyka-i-kultury-polskiej-polish-lab\/certyfikat-polski-w-centrum-jezyka-i-kultury-polskiej-polish-lab\/","name":"Certyfikat polski w centrum j\u0119zyka i kultury polskiej POLISH LAB - Studium J\u0119zyk\u00f3w Obcych","isPartOf":{"@id":"https:\/\/pb.edu.pl\/sjo\/#website"},"datePublished":"2025-06-09T06:13:30+00:00","dateModified":"2025-06-09T06:19:13+00:00","description":"Uprzejmie informujemy, \u017ce informacje dotycz\u0105ce pa\u0144stwowego egzaminu z j\u0119zyka polskiego jako obcego znajduj\u0105 si\u0119 na stronie:","breadcrumb":{"@id":"https:\/\/pb.edu.pl\/sjo\/polish-lab\/egzaminy-w-centrum-jezyka-i-kultury-polskiej-polish-lab\/certyfikat-polski-w-centrum-jezyka-i-kultury-polskiej-polish-lab\/#breadcrumb"},"inLanguage":"pl-PL","potentialAction":[{"@type":"ReadAction","target":["https:\/\/pb.edu.pl\/sjo\/polish-lab\/egzaminy-w-centrum-jezyka-i-kultury-polskiej-polish-lab\/certyfikat-polski-w-centrum-jezyka-i-kultury-polskiej-polish-lab\/"]}]},{"@type":"BreadcrumbList","@id":"https:\/\/pb.edu.pl\/sjo\/polish-lab\/egzaminy-w-centrum-jezyka-i-kultury-polskiej-polish-lab\/certyfikat-polski-w-centrum-jezyka-i-kultury-polskiej-polish-lab\/#breadcrumb","itemListElement":[{"@type":"ListItem","position":1,"name":"Home","item":"https:\/\/pb.edu.pl\/sjo\/"},{"@type":"ListItem","position":2,"name":"Centrum J\u0119zyka i Kultury Polskiej POLISH LAB","item":"https:\/\/pb.edu.pl\/sjo\/polish-lab\/"},{"@type":"ListItem","position":3,"name":"Egzaminy w centrum j\u0119zyka i kultury polskiej POLISH LAB","item":"https:\/\/pb.edu.pl\/sjo\/polish-lab\/egzaminy-w-centrum-jezyka-i-kultury-polskiej-polish-lab\/"},{"@type":"ListItem","position":4,"name":"Certyfikat polski w centrum j\u0119zyka i kultury polskiej POLISH LAB"}]},{"@type":"WebSite","@id":"https:\/\/pb.edu.pl\/sjo\/#website","url":"https:\/\/pb.edu.pl\/sjo\/","name":"Studium J\u0119zyk\u00f3w Obcych","description":"","potentialAction":[{"@type":"SearchAction","target":{"@type":"EntryPoint","urlTemplate":"https:\/\/pb.edu.pl\/sjo\/?s={search_term_string}"},"query-input":{"@type":"PropertyValueSpecification","valueRequired":true,"valueName":"search_term_string"}}],"inLanguage":"pl-PL"}]}},"_links":{"self":[{"href":"https:\/\/pb.edu.pl\/sjo\/wp-json\/wp\/v2\/pages\/29010","targetHints":{"allow":["GET"]}}],"collection":[{"href":"https:\/\/pb.edu.pl\/sjo\/wp-json\/wp\/v2\/pages"}],"about":[{"href":"https:\/\/pb.edu.pl\/sjo\/wp-json\/wp\/v2\/types\/page"}],"author":[{"embeddable":true,"href":"https:\/\/pb.edu.pl\/sjo\/wp-json\/wp\/v2\/users\/6"}],"replies":[{"embeddable":true,"href":"https:\/\/pb.edu.pl\/sjo\/wp-json\/wp\/v2\/comments?post=29010"}],"version-history":[{"count":0,"href":"https:\/\/pb.edu.pl\/sjo\/wp-json\/wp\/v2\/pages\/29010\/revisions"}],"up":[{"embeddable":true,"href":"https:\/\/pb.edu.pl\/sjo\/wp-json\/wp\/v2\/pages\/29008"}],"wp:attachment":[{"href":"https:\/\/pb.edu.pl\/sjo\/wp-json\/wp\/v2\/media?parent=29010"}],"curies":[{"name":"wp","href":"https:\/\/api.w.org\/{rel}","templated":true}]}}