{"id":28817,"date":"2025-05-30T15:14:11","date_gmt":"2025-05-30T13:14:11","guid":{"rendered":"https:\/\/pb.edu.pl\/sjo\/?page_id=28817"},"modified":"2026-02-11T02:43:38","modified_gmt":"2026-02-11T01:43:38","slug":"wazne-informacje","status":"publish","type":"page","link":"https:\/\/pb.edu.pl\/sjo\/polish-lab\/egzaminy\/telc\/wazne-informacje\/","title":{"rendered":"Wa\u017cne informacje"},"content":{"rendered":"<p><span style=\"font-size: 18pt\">Rejestracja na egzamin TELC w Centrum POLISH LAB<\/span><\/p>\n<p>Rejestracja odbywa si\u0119 poprzez <strong>formularz zg\u0142oszeniowy<\/strong> zamieszczany ka\u017cdorazowo w zak\u0142adce <a href=\"https:\/\/pb.edu.pl\/sjo\/polish-lab\/egzaminy\/telc\/kolejna-sesja\/\"><span style=\"color: #0000ff\">Kolejna sesja<\/span><\/a> z aktualn\u0105 dat\u0105 nast\u0119pnego egzaminu. Po wys\u0142aniu uzupe\u0142nionego formularza dostan\u0105 Pa\u0144stwo automatyczne potwierdzenie poprawnie z\u0142o\u017conego formularza zg\u0142oszeniowego oraz numer konta Politechniki Bia\u0142ostockiej, na kt\u00f3ry nale\u017cy wp\u0142aci\u0107 pe\u0142n\u0105 kwot\u0119 za przyst\u0105pienie do egzaminu.<\/p>\n<p>Egzaminy z ustaleniami dotycz\u0105cymi specjalnego dost\u0119pu musz\u0105 by\u0107<strong> zarejestrowane w telc gGmbH<\/strong> 30 dni kalendarzowych przed planowanym terminem egzaminu. To oznacza, \u017ce dokumentacja medyczna wraz z orzeczeniem o stopniu niepe\u0142nosprawno\u015bci musi by\u0107 dostarczona do naszego o\u015brodka <strong>nie p\u00f3\u017aniej ni\u017c 60 dni przed terminem egzaminu<\/strong>.&nbsp;<\/p>\n<p>W przypadku<strong> os\u00f3b niedowidz\u0105cych<\/strong> okres ten jest przed\u0142u\u017cony do <strong>120 dni kalendarzowych<\/strong>, je\u015bli wymagane s\u0105 specjalnie przystosowane materia\u0142y egzaminacyjne. Zdaj\u0105cy musz\u0105 by\u0107 zarejestrowani online w tzw. Spo\u0142eczno\u015bci telc (telc Community) jako oddzielna rejestracja po przyznaniu specjalnego dost\u0119pu przez telc gGmbH.<\/p>\n<p>Pe\u0142na informacja w dokumencie<a href=\"https:\/\/pb.edu.pl\/sjo\/wp-content\/uploads\/sites\/9\/2026\/01\/Warunki-specjalne-wytyczne-dotyczace-przeprowadzania-egzaminow-TELC-z-ulatwieniem-dostepu-dla-osob-z-niepelnosprawnosciami.pdf\"> <span style=\"color: #0000ff\">Warunki specjalne<\/span><\/a><\/p>\n<p>&nbsp;<\/p>\n<p><span style=\"font-size: 18pt\">Przebieg egzaminu<\/span><\/p>\n<ol>\n<li><strong>Egzamin pisemny<\/strong> trwa \u0142\u0105cznie 115 minut i&nbsp;sk\u0142ada si\u0119 z&nbsp;czterech modu\u0142\u00f3w:<\/li>\n<\/ol>\n<ul style=\"list-style-type: disc\">\n<li>Rozumienie ze&nbsp;s\u0142uchu \u2013 25 minut<\/li>\n<li>Rozumienie tekstu pisanego \u2013 40 minut<\/li>\n<li>Elementy j\u0119zyka \u2013 20 minut<\/li>\n<li>Pisanie \u2013 30 minut<\/li>\n<\/ul>\n<p>Pomi\u0119dzy poszczeg\u00f3lnymi modu\u0142ami egzaminu pisemnego nie&nbsp;ma&nbsp;przerw.<\/p>\n<ol start=\"2\">\n<li><strong>Egzamin ustny<\/strong> trwa oko\u0142o 16 minut i przebiega z udzia\u0142em dw\u00f3ch os\u00f3b zdaj\u0105cych. Elementy egzaminu ustnego to:<\/li>\n<\/ol>\n<ul>\n<li>Rozmowa na temat do\u015bwiadcze\u0144 i wyra\u017canie opinii: nale\u017cy udzieli\u0107 spontanicznej wypowiedzi na tematy zwi\u0105zane z \u017cyciem codziennym przedstawionym na fotografii.<\/li>\n<li>Prezentacja: nale\u017cy przedstawi\u0107 kr\u00f3tk\u0105 prezentacj\u0119 na jeden z dw\u00f3ch temat\u00f3w do wyboru. W tej cz\u0119\u015bci egzaminu ustnego mo\u017cna skorzysta\u0107 z pyta\u0144 i obrazk\u00f3w zamieszczonych na arkuszu danego zadania.<\/li>\n<li>Dyskusj\u0119: ostatnia cz\u0119\u015b\u0107 egzaminu ustnego to&nbsp;wyra\u017cenie opinii na&nbsp;dany temat i&nbsp;przedyskutowanie jej z&nbsp;drugim zdaj\u0105cym.<\/li>\n<\/ul>\n<p>Nale\u017cy zdoby\u0107 co najmniej 50% punkt\u00f3w z ca\u0142ego egzaminu, aby otrzyma\u0107 certyfikat potwierdzaj\u0105cy znajomo\u015b\u0107 j\u0119zyka polskiego.<\/p>\n<p>W zale\u017cno\u015bci od ilo\u015bci punkt\u00f3w uzyskanych z poszczeg\u00f3lnych cz\u0119\u015bci egzaminu zdaj\u0105cy mo\u017ce uzyska\u0107 certyfikat po\u015bwiadczaj\u0105cy znajomo\u015b\u0107 j\u0119zyka polskiego na poziomie B1 lub B2. Szczeg\u00f3\u0142owe informacje znajduj\u0105 si\u0119 na stronie 39. dokumentu&nbsp; <a href=\"https:\/\/pb.edu.pl\/sjo\/wp-content\/uploads\/sites\/9\/2024\/12\/telc-B1-B2-probny.pdf\">telc B1-B2 pr\u00f3bny<\/a><\/p>\n<p>&nbsp;<\/p>\n<p><span style=\"font-size: 18pt\">Egzaminy telc z j\u0119zyk\u00f3w obcych posiadaj\u0105 r\u00f3\u017cnorakie akredytacje na terenie Polski:<\/span><\/p>\n<ol>\n<li><span style=\"color: #000000\"><strong>Certyfikat<\/strong> <strong>telc z j\u0119zyka polskiego na poziomie minimum B1<\/strong> jest jednym z dokument\u00f3w wymaganych do ubiegania si\u0119 o<strong>&nbsp;pobyt rezydenta d\u0142ugoterminowego w Unii Europejskiej, <\/strong>zgodnie z decyzj\u0105 Ministra Spraw Wewn\u0119trznych i Administracji od 31 maja 2023 r.<\/span><\/li>\n<li><strong>Certyfikat telc<\/strong> <strong>jest jednym z trzech certyfikat\u00f3w po\u015bwiadczaj\u0105cych znajomo\u015b\u0107 j\u0119zyka polskiego<\/strong> na poziomie minimum B2 <strong>uznawanych przez uczelnie polskie<\/strong> na podstawie Rozporz\u0105dzenia Ministra Nauki i Szkolnictwa Wy\u017cszego z dn. 30.07.2025 r. w sprawie rodzaj\u00f3w dokument\u00f3w po\u015bwiadczaj\u0105cych znajomo\u015b\u0107 j\u0119zyka, w kt\u00f3rym odbywa si\u0119 kszta\u0142cenie na studiach<\/li>\n<li><strong>Certyfikaty telc stanowi\u0105 potwierdzenie kwalifikacji do nauczania j\u0119zyk\u00f3w obcych. <\/strong>Dotyczy to certyfikat\u00f3w telc z pi\u0119ciu j\u0119zyk\u00f3w dla podstawowej znajomo\u015bci j\u0119zyka obcego: <strong>telc English B2, C1 i C2, telc Deutsch B2, C1 i C2, telc Italiano B2, telc Francais B2 oraz telc Espanol B2 <\/strong>&#8211; na podstawie Rozporz\u0105dzenia Ministra Edukacji Narodowej w&nbsp; sprawie szczeg\u00f3\u0142owych kwalifikacji wymaganych od nauczycieli z&nbsp; dn.01.08.2017r.&nbsp;<\/li>\n<li><strong>Egzaminy telc s\u0105 uznawalne przy prowadzeniu czynno\u015bci w przewodach doktorskich<\/strong>, w post\u0119powaniu habilitacyjnym oraz nadaniu tytu\u0142u profesora. (Rozporz\u0105dzenie Ministra Nauki i Szkolnictwa Wy\u017cszego z dn. 22.09.2011r. Dz.U. nr 204 poz. 1200)<\/li>\n<li>Na wielu uczelniach w Polsce <strong>certyfikaty telc<\/strong> zwalniaj\u0105 z lektoratu oraz &nbsp;stanowi\u0105 podstaw\u0119 przyznawania punkt\u00f3w w ramach mi\u0119dzynarodowych program\u00f3w studenckich, takich jak Erasmus+.<\/li>\n<li><strong>Certyfikaty telc honorowane s\u0105 w trakcie post\u0119powania kwalifikacyjnego w s\u0142u\u017cbie cywilnej<\/strong> (Ustawa o s\u0142u\u017cbie cywilnej z dnia 21 listopada 2008 r. Dziennik Ustaw nr 227<strong>).<\/strong> Certyfikaty j\u0119zykowe <strong>telc<\/strong> na poziomie B2 s\u0105 <strong>oficjalnie uznawane przez administracj\u0119<\/strong><strong> Rzeczpospolitej Polskiej <\/strong>jako potwierdzenie znajomo\u015bci j\u0119zyka obcego.<\/li>\n<\/ol>\n<p>&nbsp;<\/p>\n<p><span style=\"font-size: 18pt\">Dokumenty<\/span><\/p>\n<p><a class=\"pdf\" href=\"https:\/\/pb.edu.pl\/sjo\/wp-content\/uploads\/sites\/9\/2026\/01\/Regulamin-egzaminu-TELC-przeprowadzanego-przez-Centrum-Jezyka-i-Kultury-Polskiej-POLISH-LAB-na-Politechnice-Bialostockiej.pdf\" target=\"_blank\" rel=\"noopener\" data-id=\"30328\">Regulamin egzaminu TELC przeprowadzanego przez Centrum J\u0119zyka i Kultury Polskiej POLISH LAB na Politechnice Bia\u0142ostockiej (PDF, 120 KB, otworzy si\u0119 w nowej karcie)<\/a><\/p>\n<p><a class=\"pdf\" href=\"https:\/\/pb.edu.pl\/sjo\/wp-content\/uploads\/sites\/9\/2024\/12\/Regulamin-egzaminow-telc-25-stycznia-2024.pdf\" target=\"_blank\" rel=\"noopener\" data-id=\"27749\">Regulamin egzamin\u00f3w telc 25 stycznia 2024 (PDF, 189 KB, otworzy si\u0119 w nowej karcie)<\/a><\/p>\n<p><a class=\"pdf\" href=\"https:\/\/pb.edu.pl\/sjo\/wp-content\/uploads\/sites\/9\/2026\/01\/Warunki-specjalne-wytyczne-dotyczace-przeprowadzania-egzaminow-TELC-z-ulatwieniem-dostepu-dla-osob-z-niepelnosprawnosciami.pdf\" target=\"_blank\" rel=\"noopener\" data-id=\"30418\">Warunki specjalne &#8211; wytyczne dotycz\u0105ce przeprowadzania egzamin\u00f3w TELC z u\u0142atwieniem dost\u0119pu dla os\u00f3b z niepe\u0142nosprawno\u015bciami (PDF, 757 KB, otworzy si\u0119 w nowej karcie)<\/a><\/p>\n<p><a class=\"pdf\" href=\"https:\/\/pb.edu.pl\/sjo\/wp-content\/uploads\/sites\/9\/2024\/12\/telc-B1-B2-probny.pdf\" target=\"_blank\" rel=\"noopener\" data-id=\"27753\">telc B1-B2-pr\u00f3bny (PDF, 2 MB, otworzy si\u0119 w nowej karcie)<\/a><\/p>\n<p><a href=\"https:\/\/shop.telc.net\/media\/catalog\/product\/file\/\/t\/e\/telc-polski-b1-b2-szkola.mp3\"> &gt; &nbsp;nagrania do cz\u0119\u015bci Rozumienie ze s\u0142uchu<\/a><\/p>\n<p>&nbsp;<\/p>\n<p><span style=\"font-size: 10pt\"><em>aktualizacja 11.02.2026 r.<\/em><\/span><\/p>\n","protected":false},"excerpt":{"rendered":"<p>Rejestracja na egzamin TELC w Centrum POLISH LAB Rejestracja odbywa si\u0119 poprzez formularz zg\u0142oszeniowy zamieszczany<\/p>\n","protected":false},"author":6,"featured_media":0,"parent":27465,"menu_order":0,"comment_status":"closed","ping_status":"closed","template":"","meta":{"_acf_changed":false,"ngg_post_thumbnail":0,"footnotes":""},"class_list":["post-28817","page","type-page","status-publish","hentry"],"acf":[],"yoast_head":"<!-- This site is optimized with the Yoast SEO plugin v27.0 - https:\/\/yoast.com\/product\/yoast-seo-wordpress\/ -->\n<title>Wa\u017cne informacje - Studium J\u0119zyk\u00f3w Obcych<\/title>\n<meta name=\"description\" content=\"Rejestracja na egzamin TELC w Centrum POLISH LAB Rejestracja odbywa si\u0119 poprzez formularz zg\u0142oszeniowy zamieszczany ka\u017cdorazowo w zak\u0142adce Kolejna sesja z\" \/>\n<meta name=\"robots\" content=\"index, follow, max-snippet:-1, max-image-preview:large, max-video-preview:-1\" \/>\n<link rel=\"canonical\" href=\"https:\/\/pb.edu.pl\/sjo\/polish-lab\/egzaminy\/telc\/wazne-informacje\/\" \/>\n<meta property=\"og:locale\" content=\"pl_PL\" \/>\n<meta property=\"og:type\" content=\"article\" \/>\n<meta property=\"og:title\" content=\"Wa\u017cne informacje - Studium J\u0119zyk\u00f3w Obcych\" \/>\n<meta property=\"og:description\" content=\"Rejestracja na egzamin TELC w Centrum POLISH LAB Rejestracja odbywa si\u0119 poprzez formularz zg\u0142oszeniowy zamieszczany ka\u017cdorazowo w zak\u0142adce Kolejna sesja z\" \/>\n<meta property=\"og:url\" content=\"https:\/\/pb.edu.pl\/sjo\/polish-lab\/egzaminy\/telc\/wazne-informacje\/\" \/>\n<meta property=\"og:site_name\" content=\"Studium J\u0119zyk\u00f3w Obcych\" \/>\n<meta property=\"article:modified_time\" content=\"2026-02-11T01:43:38+00:00\" \/>\n<meta name=\"twitter:label1\" content=\"Szacowany czas czytania\" \/>\n\t<meta name=\"twitter:data1\" content=\"4 minuty\" \/>\n<script type=\"application\/ld+json\" class=\"yoast-schema-graph\">{\"@context\":\"https:\/\/schema.org\",\"@graph\":[{\"@type\":\"WebPage\",\"@id\":\"https:\/\/pb.edu.pl\/sjo\/polish-lab\/egzaminy\/telc\/wazne-informacje\/\",\"url\":\"https:\/\/pb.edu.pl\/sjo\/polish-lab\/egzaminy\/telc\/wazne-informacje\/\",\"name\":\"Wa\u017cne informacje - Studium J\u0119zyk\u00f3w Obcych\",\"isPartOf\":{\"@id\":\"https:\/\/pb.edu.pl\/sjo\/#website\"},\"datePublished\":\"2025-05-30T13:14:11+00:00\",\"dateModified\":\"2026-02-11T01:43:38+00:00\",\"description\":\"Rejestracja na egzamin TELC w Centrum POLISH LAB Rejestracja odbywa si\u0119 poprzez formularz zg\u0142oszeniowy zamieszczany ka\u017cdorazowo w zak\u0142adce Kolejna sesja z\",\"breadcrumb\":{\"@id\":\"https:\/\/pb.edu.pl\/sjo\/polish-lab\/egzaminy\/telc\/wazne-informacje\/#breadcrumb\"},\"inLanguage\":\"pl-PL\",\"potentialAction\":[{\"@type\":\"ReadAction\",\"target\":[\"https:\/\/pb.edu.pl\/sjo\/polish-lab\/egzaminy\/telc\/wazne-informacje\/\"]}]},{\"@type\":\"BreadcrumbList\",\"@id\":\"https:\/\/pb.edu.pl\/sjo\/polish-lab\/egzaminy\/telc\/wazne-informacje\/#breadcrumb\",\"itemListElement\":[{\"@type\":\"ListItem\",\"position\":1,\"name\":\"Home\",\"item\":\"https:\/\/pb.edu.pl\/sjo\/\"},{\"@type\":\"ListItem\",\"position\":2,\"name\":\"Centrum J\u0119zyka i Kultury Polskiej POLISH LAB\",\"item\":\"https:\/\/pb.edu.pl\/sjo\/polish-lab\/\"},{\"@type\":\"ListItem\",\"position\":3,\"name\":\"Egzaminy\",\"item\":\"https:\/\/pb.edu.pl\/sjo\/polish-lab\/egzaminy\/\"},{\"@type\":\"ListItem\",\"position\":4,\"name\":\"TELC z j\u0119zyka polskiego\",\"item\":\"https:\/\/pb.edu.pl\/sjo\/polish-lab\/egzaminy\/telc\/\"},{\"@type\":\"ListItem\",\"position\":5,\"name\":\"Wa\u017cne informacje\"}]},{\"@type\":\"WebSite\",\"@id\":\"https:\/\/pb.edu.pl\/sjo\/#website\",\"url\":\"https:\/\/pb.edu.pl\/sjo\/\",\"name\":\"Studium J\u0119zyk\u00f3w Obcych\",\"description\":\"\",\"potentialAction\":[{\"@type\":\"SearchAction\",\"target\":{\"@type\":\"EntryPoint\",\"urlTemplate\":\"https:\/\/pb.edu.pl\/sjo\/?s={search_term_string}\"},\"query-input\":{\"@type\":\"PropertyValueSpecification\",\"valueRequired\":true,\"valueName\":\"search_term_string\"}}],\"inLanguage\":\"pl-PL\"}]}<\/script>\n<!-- \/ Yoast SEO plugin. -->","yoast_head_json":{"title":"Wa\u017cne informacje - Studium J\u0119zyk\u00f3w Obcych","description":"Rejestracja na egzamin TELC w Centrum POLISH LAB Rejestracja odbywa si\u0119 poprzez formularz zg\u0142oszeniowy zamieszczany ka\u017cdorazowo w zak\u0142adce Kolejna sesja z","robots":{"index":"index","follow":"follow","max-snippet":"max-snippet:-1","max-image-preview":"max-image-preview:large","max-video-preview":"max-video-preview:-1"},"canonical":"https:\/\/pb.edu.pl\/sjo\/polish-lab\/egzaminy\/telc\/wazne-informacje\/","og_locale":"pl_PL","og_type":"article","og_title":"Wa\u017cne informacje - Studium J\u0119zyk\u00f3w Obcych","og_description":"Rejestracja na egzamin TELC w Centrum POLISH LAB Rejestracja odbywa si\u0119 poprzez formularz zg\u0142oszeniowy zamieszczany ka\u017cdorazowo w zak\u0142adce Kolejna sesja z","og_url":"https:\/\/pb.edu.pl\/sjo\/polish-lab\/egzaminy\/telc\/wazne-informacje\/","og_site_name":"Studium J\u0119zyk\u00f3w Obcych","article_modified_time":"2026-02-11T01:43:38+00:00","twitter_misc":{"Szacowany czas czytania":"4 minuty"},"schema":{"@context":"https:\/\/schema.org","@graph":[{"@type":"WebPage","@id":"https:\/\/pb.edu.pl\/sjo\/polish-lab\/egzaminy\/telc\/wazne-informacje\/","url":"https:\/\/pb.edu.pl\/sjo\/polish-lab\/egzaminy\/telc\/wazne-informacje\/","name":"Wa\u017cne informacje - Studium J\u0119zyk\u00f3w Obcych","isPartOf":{"@id":"https:\/\/pb.edu.pl\/sjo\/#website"},"datePublished":"2025-05-30T13:14:11+00:00","dateModified":"2026-02-11T01:43:38+00:00","description":"Rejestracja na egzamin TELC w Centrum POLISH LAB Rejestracja odbywa si\u0119 poprzez formularz zg\u0142oszeniowy zamieszczany ka\u017cdorazowo w zak\u0142adce Kolejna sesja z","breadcrumb":{"@id":"https:\/\/pb.edu.pl\/sjo\/polish-lab\/egzaminy\/telc\/wazne-informacje\/#breadcrumb"},"inLanguage":"pl-PL","potentialAction":[{"@type":"ReadAction","target":["https:\/\/pb.edu.pl\/sjo\/polish-lab\/egzaminy\/telc\/wazne-informacje\/"]}]},{"@type":"BreadcrumbList","@id":"https:\/\/pb.edu.pl\/sjo\/polish-lab\/egzaminy\/telc\/wazne-informacje\/#breadcrumb","itemListElement":[{"@type":"ListItem","position":1,"name":"Home","item":"https:\/\/pb.edu.pl\/sjo\/"},{"@type":"ListItem","position":2,"name":"Centrum J\u0119zyka i Kultury Polskiej POLISH LAB","item":"https:\/\/pb.edu.pl\/sjo\/polish-lab\/"},{"@type":"ListItem","position":3,"name":"Egzaminy","item":"https:\/\/pb.edu.pl\/sjo\/polish-lab\/egzaminy\/"},{"@type":"ListItem","position":4,"name":"TELC z j\u0119zyka polskiego","item":"https:\/\/pb.edu.pl\/sjo\/polish-lab\/egzaminy\/telc\/"},{"@type":"ListItem","position":5,"name":"Wa\u017cne informacje"}]},{"@type":"WebSite","@id":"https:\/\/pb.edu.pl\/sjo\/#website","url":"https:\/\/pb.edu.pl\/sjo\/","name":"Studium J\u0119zyk\u00f3w Obcych","description":"","potentialAction":[{"@type":"SearchAction","target":{"@type":"EntryPoint","urlTemplate":"https:\/\/pb.edu.pl\/sjo\/?s={search_term_string}"},"query-input":{"@type":"PropertyValueSpecification","valueRequired":true,"valueName":"search_term_string"}}],"inLanguage":"pl-PL"}]}},"_links":{"self":[{"href":"https:\/\/pb.edu.pl\/sjo\/wp-json\/wp\/v2\/pages\/28817","targetHints":{"allow":["GET"]}}],"collection":[{"href":"https:\/\/pb.edu.pl\/sjo\/wp-json\/wp\/v2\/pages"}],"about":[{"href":"https:\/\/pb.edu.pl\/sjo\/wp-json\/wp\/v2\/types\/page"}],"author":[{"embeddable":true,"href":"https:\/\/pb.edu.pl\/sjo\/wp-json\/wp\/v2\/users\/6"}],"replies":[{"embeddable":true,"href":"https:\/\/pb.edu.pl\/sjo\/wp-json\/wp\/v2\/comments?post=28817"}],"version-history":[{"count":2,"href":"https:\/\/pb.edu.pl\/sjo\/wp-json\/wp\/v2\/pages\/28817\/revisions"}],"predecessor-version":[{"id":30644,"href":"https:\/\/pb.edu.pl\/sjo\/wp-json\/wp\/v2\/pages\/28817\/revisions\/30644"}],"up":[{"embeddable":true,"href":"https:\/\/pb.edu.pl\/sjo\/wp-json\/wp\/v2\/pages\/27465"}],"wp:attachment":[{"href":"https:\/\/pb.edu.pl\/sjo\/wp-json\/wp\/v2\/media?parent=28817"}],"curies":[{"name":"wp","href":"https:\/\/api.w.org\/{rel}","templated":true}]}}