{"id":28812,"date":"2025-05-30T15:12:09","date_gmt":"2025-05-30T13:12:09","guid":{"rendered":"https:\/\/pb.edu.pl\/sjo\/?page_id=28812"},"modified":"2026-04-23T09:15:34","modified_gmt":"2026-04-23T07:15:34","slug":"kolejna-sesja","status":"publish","type":"page","link":"https:\/\/pb.edu.pl\/sjo\/polish-lab\/egzaminy\/telc\/kolejna-sesja\/","title":{"rendered":"Kolejna sesja"},"content":{"rendered":"<h2 data-start=\"69\" data-end=\"114\"><strong>Egzamin telc j\u0119zyk polski B1-B2&nbsp; <\/strong><\/h2>\n<h6 data-start=\"116\" data-end=\"284\"><strong>Termin egzaminu pisemnego: 30 maja 2026 r<\/strong>.&nbsp;<\/h6>\n<h6 data-start=\"116\" data-end=\"284\"><strong>Termin egzaminu ustnego: 30-31 maja 2026 r<\/strong>. (sobota i niedziela)<\/h6>\n<p><strong>Liczba miejsc zosta\u0142a zwi\u0119kszona do 50.<\/strong><\/p>\n<p data-start=\"116\" data-end=\"284\"><strong>Cena: 920 z\u0142. <\/strong>Cena obejmuje egzamin wraz z certyfikatem oraz kursem przygotowawczym w tygodniu przed egzaminem.<\/p>\n<p data-start=\"116\" data-end=\"284\">&nbsp;<\/p>\n<p data-start=\"116\" data-end=\"284\"><span style=\"color: #ff0000\"><strong>Rejestracja <span style=\"color: #000000\">od 04.03 do <\/span><\/strong><strong>05<\/strong><strong><span style=\"color: #000000\">.05.2026 r. <\/span><\/strong><\/span><span style=\"color: #000000\">l<\/span>ub do wyczerpania miejsc. Rejestracja wy\u0142\u0105cznie przez <strong><span style=\"color: #0000ff\"><a href=\"https:\/\/pb.edu.pl\/sjo\/polish-lab\/egzaminy\/telc\/rejestracja-telc\/\"><span style=\"font-size: 14pt\">Formularz rejestracyjny.<\/span><\/a><\/span><\/strong><\/p>\n<p data-start=\"116\" data-end=\"284\">Przed wys\u0142aniem formularza rejestracyjnego nale\u017cy zapozna\u0107 si\u0119 z:<\/p>\n<ol>\n<li data-start=\"116\" data-end=\"284\"><a class=\"pdf\" href=\"https:\/\/pb.edu.pl\/sjo\/wp-content\/uploads\/sites\/9\/2024\/12\/Regulamin-egzaminow-telc-25-stycznia-2024.pdf\" target=\"_blank\" rel=\"noopener\" data-id=\"27749\">Regulamin egzamin\u00f3w telc 25 stycznia 2024 (PDF, 189 KB, otworzy si\u0119 w nowej karcie)<\/a><\/li>\n<li data-start=\"116\" data-end=\"284\"><a class=\"pdf\" href=\"https:\/\/pb.edu.pl\/sjo\/wp-content\/uploads\/sites\/9\/2026\/01\/Regulamin-egzaminu-TELC-przeprowadzanego-przez-Centrum-Jezyka-i-Kultury-Polskiej-POLISH-LAB-na-Politechnice-Bialostockiej.pdf\" target=\"_blank\" rel=\"noopener\" data-id=\"30328\">Regulamin egzaminu TELC przeprowadzanego przez Centrum J\u0119zyka i Kultury Polskiej POLISH LAB na Politechnice Bia\u0142ostockiej (PDF, 120 KB, otworzy si\u0119 w nowej karcie)<\/a>&nbsp; &nbsp; &nbsp;<\/li>\n<li data-start=\"116\" data-end=\"284\">w przypadku os\u00f3b z niepe\u0142nosprawno\u015bciami: doc<a class=\"pdf\" href=\"https:\/\/pb.edu.pl\/sjo\/wp-content\/uploads\/sites\/9\/2026\/01\/Warunki-specjalne-wytyczne-dotyczace-przeprowadzania-egzaminow-TELC-z-ulatwieniem-dostepu-dla-osob-z-niepelnosprawnosciami.pdf\" target=\"_blank\" rel=\"noopener\" data-id=\"30418\">Warunki specjalne &#8211; wytyczne dotycz\u0105ce przeprowadzania egzamin\u00f3w TELC z u\u0142atwieniem dost\u0119pu dla os\u00f3b z niepe\u0142nosprawno\u015bciami (PDF, 757 KB, otworzy si\u0119 w nowej karcie)<\/a><\/li>\n<\/ol>\n<p data-start=\"116\" data-end=\"284\">Wysy\u0142aj\u0105c zg\u0142oszenie do udzia\u0142u w egzaminie telc B1-B2 <strong>potwierdzaj\u0105 Pa\u0144stwo zapoznanie si\u0119 z wymienionymi wy\u017cej dokumentami<\/strong>. Po przes\u0142aniu formularza rejestracyjnego nale\u017cy<strong> dokona\u0107 p\u0142atno\u015bci w ci\u0105gu 48 godzin<\/strong> i przes\u0142a\u0107 potwierdzenie przelewu na adres: <a href=\"mailto:iplc@pb.edu.pl\">iplc@pb.edu.pl<\/a><\/p>\n<p data-start=\"116\" data-end=\"284\">Nale\u017cy r\u00f3wnie\u017c zapozna\u0107 si\u0119 z informacj\u0105 i dokumentami na stronie&nbsp; <span style=\"color: #0000ff\"><a style=\"color: #0000ff\" href=\"https:\/\/pb.edu.pl\/sjo\/polish-lab\/egzaminy\/telc\/wazne-informacje\/\">WA\u017bNE<\/a><\/span>.<\/p>\n<p data-start=\"116\" data-end=\"284\"><strong>Co pi\u0105tek kontaktujemy si\u0119 mailowo<\/strong> z osobami nowo zarejestrowanymi na egzamin: przesy\u0142amy wst\u0119pn\u0105 informacj\u0119, potwierdzenie otrzymania wp\u0142aty oraz termin kolejnego kontaktu.<\/p>\n<p data-start=\"116\" data-end=\"284\">Szczeg\u00f3\u0142owe informacje na temat kursu przygotowawczego oraz przebiegu egzaminu zostan\u0105 przekazane zarejestrowanym osobom na miesi\u0105c przed egzaminem.<\/p>\n<p>&nbsp;<\/p>\n<p>Kolejne planowane terminy egzaminu to&nbsp;<\/p>\n<p><strong>&#8211; 4 lipca (rejestracja zostanie otwarta 6 maja)<\/strong><\/p>\n<p><strong>&#8211; 5 wrze\u015bnia<\/strong> (rejestracja zostanie otwarta pod koniec czerwca)&nbsp;<\/p>\n<p><strong>&#8211; 7 listopada <\/strong>(rejestracja zostanie otwarta pod koniec sierpnia).<\/p>\n<p>Zapraszamy do kontaktu mailowego na <a href=\"mailto:iplc@pb.edu.pl\">iplc@pb.edu.pl<\/a>.<\/p>\n<p>&nbsp;<\/p>\n<p><em><span style=\"font-size: 10pt\">Aktualizacja 23 kwietnia 2026 r.<\/span><\/em><\/p>\n<p data-start=\"560\" data-end=\"695\">&nbsp;<\/p>\n","protected":false},"excerpt":{"rendered":"<p>Egzamin telc j\u0119zyk polski B1-B2&nbsp; Termin egzaminu pisemnego: 30 maja 2026 r.&nbsp; Termin egzaminu ustnego:<\/p>\n","protected":false},"author":6,"featured_media":0,"parent":27465,"menu_order":0,"comment_status":"closed","ping_status":"closed","template":"","meta":{"_acf_changed":false,"ngg_post_thumbnail":0,"footnotes":""},"class_list":["post-28812","page","type-page","status-publish","hentry"],"acf":[],"yoast_head":"<!-- This site is optimized with the Yoast SEO plugin v27.0 - https:\/\/yoast.com\/product\/yoast-seo-wordpress\/ -->\n<title>Kolejna sesja - Studium J\u0119zyk\u00f3w Obcych<\/title>\n<meta name=\"description\" content=\"Egzamin telc j\u0119zyk polski B1-B2&nbsp; Termin egzaminu pisemnego: 30 maja 2026 r.&nbsp; Termin egzaminu ustnego: 30-31 maja 2026 r. (sobota i niedziela)\" \/>\n<meta name=\"robots\" content=\"index, follow, max-snippet:-1, max-image-preview:large, max-video-preview:-1\" \/>\n<link rel=\"canonical\" href=\"https:\/\/pb.edu.pl\/sjo\/polish-lab\/egzaminy\/telc\/kolejna-sesja\/\" \/>\n<meta property=\"og:locale\" content=\"pl_PL\" \/>\n<meta property=\"og:type\" content=\"article\" \/>\n<meta property=\"og:title\" content=\"Kolejna sesja - Studium J\u0119zyk\u00f3w Obcych\" \/>\n<meta property=\"og:description\" content=\"Egzamin telc j\u0119zyk polski B1-B2&nbsp; Termin egzaminu pisemnego: 30 maja 2026 r.&nbsp; Termin egzaminu ustnego: 30-31 maja 2026 r. (sobota i niedziela)\" \/>\n<meta property=\"og:url\" content=\"https:\/\/pb.edu.pl\/sjo\/polish-lab\/egzaminy\/telc\/kolejna-sesja\/\" \/>\n<meta property=\"og:site_name\" content=\"Studium J\u0119zyk\u00f3w Obcych\" \/>\n<meta property=\"article:modified_time\" content=\"2026-04-23T07:15:34+00:00\" \/>\n<meta name=\"twitter:label1\" content=\"Szacowany czas czytania\" \/>\n\t<meta name=\"twitter:data1\" content=\"2 minuty\" \/>\n<script type=\"application\/ld+json\" class=\"yoast-schema-graph\">{\"@context\":\"https:\/\/schema.org\",\"@graph\":[{\"@type\":\"WebPage\",\"@id\":\"https:\/\/pb.edu.pl\/sjo\/polish-lab\/egzaminy\/telc\/kolejna-sesja\/\",\"url\":\"https:\/\/pb.edu.pl\/sjo\/polish-lab\/egzaminy\/telc\/kolejna-sesja\/\",\"name\":\"Kolejna sesja - Studium J\u0119zyk\u00f3w Obcych\",\"isPartOf\":{\"@id\":\"https:\/\/pb.edu.pl\/sjo\/#website\"},\"datePublished\":\"2025-05-30T13:12:09+00:00\",\"dateModified\":\"2026-04-23T07:15:34+00:00\",\"description\":\"Egzamin telc j\u0119zyk polski B1-B2&nbsp; Termin egzaminu pisemnego: 30 maja 2026 r.&nbsp; Termin egzaminu ustnego: 30-31 maja 2026 r. (sobota i niedziela)\",\"breadcrumb\":{\"@id\":\"https:\/\/pb.edu.pl\/sjo\/polish-lab\/egzaminy\/telc\/kolejna-sesja\/#breadcrumb\"},\"inLanguage\":\"pl-PL\",\"potentialAction\":[{\"@type\":\"ReadAction\",\"target\":[\"https:\/\/pb.edu.pl\/sjo\/polish-lab\/egzaminy\/telc\/kolejna-sesja\/\"]}]},{\"@type\":\"BreadcrumbList\",\"@id\":\"https:\/\/pb.edu.pl\/sjo\/polish-lab\/egzaminy\/telc\/kolejna-sesja\/#breadcrumb\",\"itemListElement\":[{\"@type\":\"ListItem\",\"position\":1,\"name\":\"Home\",\"item\":\"https:\/\/pb.edu.pl\/sjo\/\"},{\"@type\":\"ListItem\",\"position\":2,\"name\":\"Centrum J\u0119zyka i Kultury Polskiej POLISH LAB\",\"item\":\"https:\/\/pb.edu.pl\/sjo\/polish-lab\/\"},{\"@type\":\"ListItem\",\"position\":3,\"name\":\"Egzaminy\",\"item\":\"https:\/\/pb.edu.pl\/sjo\/polish-lab\/egzaminy\/\"},{\"@type\":\"ListItem\",\"position\":4,\"name\":\"TELC z j\u0119zyka polskiego\",\"item\":\"https:\/\/pb.edu.pl\/sjo\/polish-lab\/egzaminy\/telc\/\"},{\"@type\":\"ListItem\",\"position\":5,\"name\":\"Kolejna sesja\"}]},{\"@type\":\"WebSite\",\"@id\":\"https:\/\/pb.edu.pl\/sjo\/#website\",\"url\":\"https:\/\/pb.edu.pl\/sjo\/\",\"name\":\"Studium J\u0119zyk\u00f3w Obcych\",\"description\":\"\",\"potentialAction\":[{\"@type\":\"SearchAction\",\"target\":{\"@type\":\"EntryPoint\",\"urlTemplate\":\"https:\/\/pb.edu.pl\/sjo\/?s={search_term_string}\"},\"query-input\":{\"@type\":\"PropertyValueSpecification\",\"valueRequired\":true,\"valueName\":\"search_term_string\"}}],\"inLanguage\":\"pl-PL\"}]}<\/script>\n<!-- \/ Yoast SEO plugin. -->","yoast_head_json":{"title":"Kolejna sesja - Studium J\u0119zyk\u00f3w Obcych","description":"Egzamin telc j\u0119zyk polski B1-B2&nbsp; Termin egzaminu pisemnego: 30 maja 2026 r.&nbsp; Termin egzaminu ustnego: 30-31 maja 2026 r. (sobota i niedziela)","robots":{"index":"index","follow":"follow","max-snippet":"max-snippet:-1","max-image-preview":"max-image-preview:large","max-video-preview":"max-video-preview:-1"},"canonical":"https:\/\/pb.edu.pl\/sjo\/polish-lab\/egzaminy\/telc\/kolejna-sesja\/","og_locale":"pl_PL","og_type":"article","og_title":"Kolejna sesja - Studium J\u0119zyk\u00f3w Obcych","og_description":"Egzamin telc j\u0119zyk polski B1-B2&nbsp; Termin egzaminu pisemnego: 30 maja 2026 r.&nbsp; Termin egzaminu ustnego: 30-31 maja 2026 r. (sobota i niedziela)","og_url":"https:\/\/pb.edu.pl\/sjo\/polish-lab\/egzaminy\/telc\/kolejna-sesja\/","og_site_name":"Studium J\u0119zyk\u00f3w Obcych","article_modified_time":"2026-04-23T07:15:34+00:00","twitter_misc":{"Szacowany czas czytania":"2 minuty"},"schema":{"@context":"https:\/\/schema.org","@graph":[{"@type":"WebPage","@id":"https:\/\/pb.edu.pl\/sjo\/polish-lab\/egzaminy\/telc\/kolejna-sesja\/","url":"https:\/\/pb.edu.pl\/sjo\/polish-lab\/egzaminy\/telc\/kolejna-sesja\/","name":"Kolejna sesja - Studium J\u0119zyk\u00f3w Obcych","isPartOf":{"@id":"https:\/\/pb.edu.pl\/sjo\/#website"},"datePublished":"2025-05-30T13:12:09+00:00","dateModified":"2026-04-23T07:15:34+00:00","description":"Egzamin telc j\u0119zyk polski B1-B2&nbsp; Termin egzaminu pisemnego: 30 maja 2026 r.&nbsp; Termin egzaminu ustnego: 30-31 maja 2026 r. (sobota i niedziela)","breadcrumb":{"@id":"https:\/\/pb.edu.pl\/sjo\/polish-lab\/egzaminy\/telc\/kolejna-sesja\/#breadcrumb"},"inLanguage":"pl-PL","potentialAction":[{"@type":"ReadAction","target":["https:\/\/pb.edu.pl\/sjo\/polish-lab\/egzaminy\/telc\/kolejna-sesja\/"]}]},{"@type":"BreadcrumbList","@id":"https:\/\/pb.edu.pl\/sjo\/polish-lab\/egzaminy\/telc\/kolejna-sesja\/#breadcrumb","itemListElement":[{"@type":"ListItem","position":1,"name":"Home","item":"https:\/\/pb.edu.pl\/sjo\/"},{"@type":"ListItem","position":2,"name":"Centrum J\u0119zyka i Kultury Polskiej POLISH LAB","item":"https:\/\/pb.edu.pl\/sjo\/polish-lab\/"},{"@type":"ListItem","position":3,"name":"Egzaminy","item":"https:\/\/pb.edu.pl\/sjo\/polish-lab\/egzaminy\/"},{"@type":"ListItem","position":4,"name":"TELC z j\u0119zyka polskiego","item":"https:\/\/pb.edu.pl\/sjo\/polish-lab\/egzaminy\/telc\/"},{"@type":"ListItem","position":5,"name":"Kolejna sesja"}]},{"@type":"WebSite","@id":"https:\/\/pb.edu.pl\/sjo\/#website","url":"https:\/\/pb.edu.pl\/sjo\/","name":"Studium J\u0119zyk\u00f3w Obcych","description":"","potentialAction":[{"@type":"SearchAction","target":{"@type":"EntryPoint","urlTemplate":"https:\/\/pb.edu.pl\/sjo\/?s={search_term_string}"},"query-input":{"@type":"PropertyValueSpecification","valueRequired":true,"valueName":"search_term_string"}}],"inLanguage":"pl-PL"}]}},"_links":{"self":[{"href":"https:\/\/pb.edu.pl\/sjo\/wp-json\/wp\/v2\/pages\/28812","targetHints":{"allow":["GET"]}}],"collection":[{"href":"https:\/\/pb.edu.pl\/sjo\/wp-json\/wp\/v2\/pages"}],"about":[{"href":"https:\/\/pb.edu.pl\/sjo\/wp-json\/wp\/v2\/types\/page"}],"author":[{"embeddable":true,"href":"https:\/\/pb.edu.pl\/sjo\/wp-json\/wp\/v2\/users\/6"}],"replies":[{"embeddable":true,"href":"https:\/\/pb.edu.pl\/sjo\/wp-json\/wp\/v2\/comments?post=28812"}],"version-history":[{"count":24,"href":"https:\/\/pb.edu.pl\/sjo\/wp-json\/wp\/v2\/pages\/28812\/revisions"}],"predecessor-version":[{"id":31324,"href":"https:\/\/pb.edu.pl\/sjo\/wp-json\/wp\/v2\/pages\/28812\/revisions\/31324"}],"up":[{"embeddable":true,"href":"https:\/\/pb.edu.pl\/sjo\/wp-json\/wp\/v2\/pages\/27465"}],"wp:attachment":[{"href":"https:\/\/pb.edu.pl\/sjo\/wp-json\/wp\/v2\/media?parent=28812"}],"curies":[{"name":"wp","href":"https:\/\/api.w.org\/{rel}","templated":true}]}}