{"id":28810,"date":"2025-05-30T15:11:25","date_gmt":"2025-05-30T13:11:25","guid":{"rendered":"https:\/\/pb.edu.pl\/sjo\/?page_id=28810"},"modified":"2026-03-07T20:30:54","modified_gmt":"2026-03-07T19:30:54","slug":"obecna-sesja","status":"publish","type":"page","link":"https:\/\/pb.edu.pl\/sjo\/polish-lab\/egzaminy\/telc\/obecna-sesja\/","title":{"rendered":"Obecna sesja"},"content":{"rendered":"<h2 data-start=\"69\" data-end=\"114\">Egzamin telc B1-B2<\/h2>\n<h2 data-start=\"69\" data-end=\"114\"><strong>termin: 28 marca 2026 r. godz 9:00<\/strong><\/h2>\n<p><strong>Liczba miejsc: 26<\/strong><\/p>\n<p data-start=\"116\" data-end=\"284\"><strong>Cena: 920 z\u0142. <\/strong>Cena obejmuje egzamin wraz z certyfikatem oraz kursem przygotowawczym w tygodniu przed egzaminem.<\/p>\n<p data-start=\"116\" data-end=\"284\"><strong>Rejestracja zamkni\u0119ta&nbsp;<\/strong><\/p>\n<p data-pasted=\"true\">&nbsp;<\/p>\n<p><strong>Miejsce egzaminu pisemnego:&nbsp;<\/strong>Politechnika &nbsp;Bia\u0142ostocka, Centrum Nowoczesnego Kszta\u0142cenia, Bia\u0142ystok, ul. Zwierzyniecka 16, &nbsp;<strong>Aula 033<\/strong> &nbsp;<\/p>\n<p><strong>Miejsce egzaminu ustnego:<\/strong>&nbsp;<strong>sale 2\/20 (sala przygotowa\u0144) i 2\/2&nbsp; (sala egzaminacyjna) &#8211;<\/strong>sale s\u0105 obok siebie. Poczekalnia sala 2\/18, na drugim pi\u0119trze Centrum Nowoczesnego Kszta\u0142cenia.&nbsp;<\/p>\n<p>Egzamin b\u0119dzie si\u0119 sk\u0142ada\u0142 z nast\u0119puj\u0105cych etap\u00f3w:<\/p>\n<div>\n<ul>\n<li>procedury przedegzaminacyjne: wype\u0142nianie dokument\u00f3w &#8211; 20-30 minut,&nbsp;<\/li>\n<li><strong>cz\u0119\u015b\u0107 pisemna egzaminu &#8211; 2 godziny,&nbsp;<\/strong><\/li>\n<li>przerwa \u2013 do 60 minut&nbsp;<\/li>\n<li><strong>cz\u0119\u015b\u0107 ustna egzaminu \u2013 wed\u0142ug harmonogramu<\/strong>, kt\u00f3ry podamy w dniu egzaminu&nbsp;<\/li>\n<\/ul>\n<\/div>\n<p>Zgodnie z Regulaminem egzamin\u00f3w TELC zdaj\u0105cy maj\u0105 obowi\u0105zek czeka\u0107 na swoj\u0105 kolej w Poczekalni \u2014 zapewniamy herbat\u0119, kaw\u0119, wod\u0119 i smaczne ciastka.&nbsp;<\/p>\n<p>&nbsp;<\/p>\n<p>&nbsp;<\/p>\n","protected":false},"excerpt":{"rendered":"<p>Egzamin telc B1-B2 termin: 28 marca 2026 r. godz 9:00 Liczba miejsc: 26 Cena: 920<\/p>\n","protected":false},"author":6,"featured_media":0,"parent":27465,"menu_order":0,"comment_status":"closed","ping_status":"closed","template":"","meta":{"_acf_changed":false,"ngg_post_thumbnail":0,"footnotes":""},"class_list":["post-28810","page","type-page","status-publish","hentry"],"acf":[],"yoast_head":"<!-- This site is optimized with the Yoast SEO plugin v27.0 - https:\/\/yoast.com\/product\/yoast-seo-wordpress\/ -->\n<title>Obecna sesja - Studium J\u0119zyk\u00f3w Obcych<\/title>\n<meta name=\"description\" content=\"Egzamin telc B1-B2 termin: 28 marca 2026 r. godz 9:00 Liczba miejsc: 26 Cena: 920 z\u0142. Cena obejmuje egzamin wraz z certyfikatem oraz kursem\" \/>\n<meta name=\"robots\" content=\"index, follow, max-snippet:-1, max-image-preview:large, max-video-preview:-1\" \/>\n<link rel=\"canonical\" href=\"https:\/\/pb.edu.pl\/sjo\/polish-lab\/egzaminy\/telc\/obecna-sesja\/\" \/>\n<meta property=\"og:locale\" content=\"pl_PL\" \/>\n<meta property=\"og:type\" content=\"article\" \/>\n<meta property=\"og:title\" content=\"Obecna sesja - Studium J\u0119zyk\u00f3w Obcych\" \/>\n<meta property=\"og:description\" content=\"Egzamin telc B1-B2 termin: 28 marca 2026 r. godz 9:00 Liczba miejsc: 26 Cena: 920 z\u0142. Cena obejmuje egzamin wraz z certyfikatem oraz kursem\" \/>\n<meta property=\"og:url\" content=\"https:\/\/pb.edu.pl\/sjo\/polish-lab\/egzaminy\/telc\/obecna-sesja\/\" \/>\n<meta property=\"og:site_name\" content=\"Studium J\u0119zyk\u00f3w Obcych\" \/>\n<meta property=\"article:modified_time\" content=\"2026-03-07T19:30:54+00:00\" \/>\n<meta name=\"twitter:label1\" content=\"Szacowany czas czytania\" \/>\n\t<meta name=\"twitter:data1\" content=\"1 minuta\" \/>\n<script type=\"application\/ld+json\" class=\"yoast-schema-graph\">{\"@context\":\"https:\/\/schema.org\",\"@graph\":[{\"@type\":\"WebPage\",\"@id\":\"https:\/\/pb.edu.pl\/sjo\/polish-lab\/egzaminy\/telc\/obecna-sesja\/\",\"url\":\"https:\/\/pb.edu.pl\/sjo\/polish-lab\/egzaminy\/telc\/obecna-sesja\/\",\"name\":\"Obecna sesja - Studium J\u0119zyk\u00f3w Obcych\",\"isPartOf\":{\"@id\":\"https:\/\/pb.edu.pl\/sjo\/#website\"},\"datePublished\":\"2025-05-30T13:11:25+00:00\",\"dateModified\":\"2026-03-07T19:30:54+00:00\",\"description\":\"Egzamin telc B1-B2 termin: 28 marca 2026 r. godz 9:00 Liczba miejsc: 26 Cena: 920 z\u0142. Cena obejmuje egzamin wraz z certyfikatem oraz kursem\",\"breadcrumb\":{\"@id\":\"https:\/\/pb.edu.pl\/sjo\/polish-lab\/egzaminy\/telc\/obecna-sesja\/#breadcrumb\"},\"inLanguage\":\"pl-PL\",\"potentialAction\":[{\"@type\":\"ReadAction\",\"target\":[\"https:\/\/pb.edu.pl\/sjo\/polish-lab\/egzaminy\/telc\/obecna-sesja\/\"]}]},{\"@type\":\"BreadcrumbList\",\"@id\":\"https:\/\/pb.edu.pl\/sjo\/polish-lab\/egzaminy\/telc\/obecna-sesja\/#breadcrumb\",\"itemListElement\":[{\"@type\":\"ListItem\",\"position\":1,\"name\":\"Home\",\"item\":\"https:\/\/pb.edu.pl\/sjo\/\"},{\"@type\":\"ListItem\",\"position\":2,\"name\":\"Centrum J\u0119zyka i Kultury Polskiej POLISH LAB\",\"item\":\"https:\/\/pb.edu.pl\/sjo\/polish-lab\/\"},{\"@type\":\"ListItem\",\"position\":3,\"name\":\"Egzaminy\",\"item\":\"https:\/\/pb.edu.pl\/sjo\/polish-lab\/egzaminy\/\"},{\"@type\":\"ListItem\",\"position\":4,\"name\":\"TELC z j\u0119zyka polskiego\",\"item\":\"https:\/\/pb.edu.pl\/sjo\/polish-lab\/egzaminy\/telc\/\"},{\"@type\":\"ListItem\",\"position\":5,\"name\":\"Obecna sesja\"}]},{\"@type\":\"WebSite\",\"@id\":\"https:\/\/pb.edu.pl\/sjo\/#website\",\"url\":\"https:\/\/pb.edu.pl\/sjo\/\",\"name\":\"Studium J\u0119zyk\u00f3w Obcych\",\"description\":\"\",\"potentialAction\":[{\"@type\":\"SearchAction\",\"target\":{\"@type\":\"EntryPoint\",\"urlTemplate\":\"https:\/\/pb.edu.pl\/sjo\/?s={search_term_string}\"},\"query-input\":{\"@type\":\"PropertyValueSpecification\",\"valueRequired\":true,\"valueName\":\"search_term_string\"}}],\"inLanguage\":\"pl-PL\"}]}<\/script>\n<!-- \/ Yoast SEO plugin. -->","yoast_head_json":{"title":"Obecna sesja - Studium J\u0119zyk\u00f3w Obcych","description":"Egzamin telc B1-B2 termin: 28 marca 2026 r. godz 9:00 Liczba miejsc: 26 Cena: 920 z\u0142. Cena obejmuje egzamin wraz z certyfikatem oraz kursem","robots":{"index":"index","follow":"follow","max-snippet":"max-snippet:-1","max-image-preview":"max-image-preview:large","max-video-preview":"max-video-preview:-1"},"canonical":"https:\/\/pb.edu.pl\/sjo\/polish-lab\/egzaminy\/telc\/obecna-sesja\/","og_locale":"pl_PL","og_type":"article","og_title":"Obecna sesja - Studium J\u0119zyk\u00f3w Obcych","og_description":"Egzamin telc B1-B2 termin: 28 marca 2026 r. godz 9:00 Liczba miejsc: 26 Cena: 920 z\u0142. Cena obejmuje egzamin wraz z certyfikatem oraz kursem","og_url":"https:\/\/pb.edu.pl\/sjo\/polish-lab\/egzaminy\/telc\/obecna-sesja\/","og_site_name":"Studium J\u0119zyk\u00f3w Obcych","article_modified_time":"2026-03-07T19:30:54+00:00","twitter_misc":{"Szacowany czas czytania":"1 minuta"},"schema":{"@context":"https:\/\/schema.org","@graph":[{"@type":"WebPage","@id":"https:\/\/pb.edu.pl\/sjo\/polish-lab\/egzaminy\/telc\/obecna-sesja\/","url":"https:\/\/pb.edu.pl\/sjo\/polish-lab\/egzaminy\/telc\/obecna-sesja\/","name":"Obecna sesja - Studium J\u0119zyk\u00f3w Obcych","isPartOf":{"@id":"https:\/\/pb.edu.pl\/sjo\/#website"},"datePublished":"2025-05-30T13:11:25+00:00","dateModified":"2026-03-07T19:30:54+00:00","description":"Egzamin telc B1-B2 termin: 28 marca 2026 r. godz 9:00 Liczba miejsc: 26 Cena: 920 z\u0142. Cena obejmuje egzamin wraz z certyfikatem oraz kursem","breadcrumb":{"@id":"https:\/\/pb.edu.pl\/sjo\/polish-lab\/egzaminy\/telc\/obecna-sesja\/#breadcrumb"},"inLanguage":"pl-PL","potentialAction":[{"@type":"ReadAction","target":["https:\/\/pb.edu.pl\/sjo\/polish-lab\/egzaminy\/telc\/obecna-sesja\/"]}]},{"@type":"BreadcrumbList","@id":"https:\/\/pb.edu.pl\/sjo\/polish-lab\/egzaminy\/telc\/obecna-sesja\/#breadcrumb","itemListElement":[{"@type":"ListItem","position":1,"name":"Home","item":"https:\/\/pb.edu.pl\/sjo\/"},{"@type":"ListItem","position":2,"name":"Centrum J\u0119zyka i Kultury Polskiej POLISH LAB","item":"https:\/\/pb.edu.pl\/sjo\/polish-lab\/"},{"@type":"ListItem","position":3,"name":"Egzaminy","item":"https:\/\/pb.edu.pl\/sjo\/polish-lab\/egzaminy\/"},{"@type":"ListItem","position":4,"name":"TELC z j\u0119zyka polskiego","item":"https:\/\/pb.edu.pl\/sjo\/polish-lab\/egzaminy\/telc\/"},{"@type":"ListItem","position":5,"name":"Obecna sesja"}]},{"@type":"WebSite","@id":"https:\/\/pb.edu.pl\/sjo\/#website","url":"https:\/\/pb.edu.pl\/sjo\/","name":"Studium J\u0119zyk\u00f3w Obcych","description":"","potentialAction":[{"@type":"SearchAction","target":{"@type":"EntryPoint","urlTemplate":"https:\/\/pb.edu.pl\/sjo\/?s={search_term_string}"},"query-input":{"@type":"PropertyValueSpecification","valueRequired":true,"valueName":"search_term_string"}}],"inLanguage":"pl-PL"}]}},"_links":{"self":[{"href":"https:\/\/pb.edu.pl\/sjo\/wp-json\/wp\/v2\/pages\/28810","targetHints":{"allow":["GET"]}}],"collection":[{"href":"https:\/\/pb.edu.pl\/sjo\/wp-json\/wp\/v2\/pages"}],"about":[{"href":"https:\/\/pb.edu.pl\/sjo\/wp-json\/wp\/v2\/types\/page"}],"author":[{"embeddable":true,"href":"https:\/\/pb.edu.pl\/sjo\/wp-json\/wp\/v2\/users\/6"}],"replies":[{"embeddable":true,"href":"https:\/\/pb.edu.pl\/sjo\/wp-json\/wp\/v2\/comments?post=28810"}],"version-history":[{"count":4,"href":"https:\/\/pb.edu.pl\/sjo\/wp-json\/wp\/v2\/pages\/28810\/revisions"}],"predecessor-version":[{"id":31060,"href":"https:\/\/pb.edu.pl\/sjo\/wp-json\/wp\/v2\/pages\/28810\/revisions\/31060"}],"up":[{"embeddable":true,"href":"https:\/\/pb.edu.pl\/sjo\/wp-json\/wp\/v2\/pages\/27465"}],"wp:attachment":[{"href":"https:\/\/pb.edu.pl\/sjo\/wp-json\/wp\/v2\/media?parent=28810"}],"curies":[{"name":"wp","href":"https:\/\/api.w.org\/{rel}","templated":true}]}}