{"id":28783,"date":"2025-05-30T11:29:00","date_gmt":"2025-05-30T09:29:00","guid":{"rendered":"https:\/\/pb.edu.pl\/sjo\/?page_id=28783"},"modified":"2026-02-22T18:48:21","modified_gmt":"2026-02-22T17:48:21","slug":"wazne-informacje","status":"publish","type":"page","link":"https:\/\/pb.edu.pl\/sjo\/polish-lab\/egzaminy\/certyfikat-polski\/wazne-informacje\/","title":{"rendered":"Wa\u017cne informacje"},"content":{"rendered":"<h2>Harmonogram sesji egzaminacyjnych w roku 2026<\/h2>\n<div>\n<p><span style=\"font-family: verdana, geneva, sans-serif;font-size: 12pt\"><strong>Pa\u0144stwowa Komisja ds. Po\u015bwiadczania Znajomo\u015bci J\u0119zyka Polskiego jako Obcego (PKdsPZJPjO)<\/strong> ustala harmonogram sesji egzaminacyjnych, nadzoruje tworzenie arkuszy egzaminacyjnych, badanie prawid\u0142owo\u015bci oceny egzamin\u00f3w oraz wydruk i wydawanie certyfikat\u00f3w.<\/span><\/p>\n<p><span style=\"font-family: verdana, geneva, sans-serif;font-size: 12pt\"><strong>Harmonogram og\u0142oszony przez PKdsPZJPjO&nbsp;<\/strong> (egzaminy z j\u0119zyka polskiego jako obcego odb\u0119d\u0105 si\u0119 na okre\u015blonych poziomach bieg\u0142o\u015bci j\u0119zykowej) do ko\u0144ca roku 2026:&nbsp;<\/span><\/p>\n<\/div>\n<div class=\"et_pb_column et_pb_column_4_4 et_pb_column_0_tb_body et_pb_css_mix_blend_mode_passthrough et-last-child\">\n<div class=\"et_pb_module et_pb_post_content et_pb_post_content_0_tb_body\">\n<ul class=\"wp-block-list\">\n<li><span style=\"font-size: 12pt;font-family: verdana, geneva, sans-serif\"><strong>14-15 lutego 2026 r.<\/strong> (sobota \u2013 niedziela) poziom B1 i B2 \u2013 w grupie dostosowanej do potrzeb os\u00f3b doros\u0142ych oraz B1 i B2 \u2013 w grupie dostosowanej do potrzeb dzieci i m\u0142odzie\u017cy &#8211; <span style=\"color: #ff0000\"><strong>Centrum POLISH LAB nie przeprowadzi egzaminu w tym terminie<\/strong><\/span><\/span><\/li>\n<li><span style=\"font-size: 12pt;font-family: verdana, geneva, sans-serif\"><strong>25-26 kwietnia 2026 r.<\/strong> (sobota \u2013 niedziela) poziom B1 i C1 \u2013 w grupie dostosowanej do potrzeb os\u00f3b doros\u0142ych <span style=\"color: #ff0000\">&#8211;<strong>Centrum POLISH LAB nie przeprowadzi egzaminu w tym terminie<\/strong><\/span><\/span><\/li>\n<li><span style=\"font-size: 12pt;font-family: verdana, geneva, sans-serif\"><strong>27-28 czerwca 2026 r.<\/strong>&nbsp;(sobota \u2013 niedziela) poziom B1 i B2 \u2013 w grupie dostosowanej do potrzeb os\u00f3b doros\u0142ych;<\/span><\/li>\n<li><span style=\"font-size: 12pt;font-family: verdana, geneva, sans-serif\"><strong>17-18 pa\u017adziernika 2026 r.<\/strong> (sobota \u2013 niedziela) poziom B1, C1 i C2 \u2013 w grupie dostosowanej do potrzeb os\u00f3b doros\u0142ych; <\/span><\/li>\n<li><span style=\"font-size: 12pt;font-family: verdana, geneva, sans-serif\"><strong>5-6 grudnia 2026 r.<\/strong> (sobota-niedziela) poziom B1 \u2013 w grupie dostosowanej do potrzeb os\u00f3b doros\u0142ych oraz B2 \u2013 w grupie dostosowanej do potrzeb dzieci i m\u0142odzie\u017cy..<\/span><\/li>\n<\/ul>\n<\/div>\n<\/div>\n<div>\n<p><span style=\"font-family: verdana, geneva, sans-serif;font-size: 12pt\">UWAGA: o\u015brodki egzaminacyjne, tzw. podmioty uprawnione, nie maj\u0105 obowi\u0105zku przeprowadzania egzamin\u00f3w we wszystkich sesjach ani na wszystkich wskazanych poziomach:O\u015brodki egzaminacyjne nie maj\u0105 obowi\u0105zku przeprowadzania egzamin\u00f3w w ka\u017cdym z og\u0142oszonych termin\u00f3w.<\/span><\/p>\n<\/div>\n<div class=\"et_pb_column et_pb_column_4_4 et_pb_column_0_tb_body et_pb_css_mix_blend_mode_passthrough et-last-child\">\n<div class=\"et_pb_module et_pb_post_content et_pb_post_content_0_tb_body\">\n<p>&nbsp;<\/p>\n<\/div>\n<\/div>\n<div><em><strong><span style=\"font-family: verdana, geneva, sans-serif;font-size: 12pt\">Numer rachunku bankowego:<\/span><\/strong><\/em><\/div>\n<div>&nbsp;<\/div>\n<div><span style=\"font-family: verdana, geneva, sans-serif;font-size: 12pt\">BANK PEKAO S.A ODDZIA\u0141 W BIA\u0141YMSTOKU<\/span><br \/>\n<span style=\"font-family: verdana, geneva, sans-serif;font-size: 12pt\">ul. Rynek Ko\u015bciuszki 7, 15-950 Bia\u0142ystok<\/span><span style=\"font-family: verdana, geneva, sans-serif;font-size: 12pt\">\u2013 p\u0142atno\u015b\u0107 w z\u0142ot\u00f3wkach z konta zwyk\u0142ego: 30 1240 1154 1111 0000 2148 7604,<\/span><br \/>\n<em><span style=\"font-family: verdana, geneva, sans-serif;font-size: 12pt\">\u2013 p\u0142atno\u015b\u0107 z konta walutowego: SWIFT\/BIC CODE: PKOPPLPW, IBAN: PL 30 1240 1154 1111 0000 2148 7604.<\/span><\/em><\/div>\n<div>&nbsp;<\/div>\n<div><em><span style=\"font-family: verdana, geneva, sans-serif;font-size: 12pt\">Odbiorca wp\u0142aty: POLITECHNIKA BIA\u0141OSTOCKA, ul. Wiejska 45A, 15-351 Bia\u0142ystok<\/span><\/em><\/div>\n<div>&nbsp;<\/div>\n<div><span style=\"font-family: verdana, geneva, sans-serif;font-size: 12pt\">W tytule p\u0142atno\u015bci nale\u017cy koniecznie wpisa\u0107: POLISH LAB i numer edycji, kt\u00f3rej p\u0142atno\u015b\u0107 dotyczy.<\/span><\/div>\n<div>\n<p><span style=\"font-family: verdana, geneva, sans-serif;font-size: 12pt\">Centrum POLISH LAB nie wysy\u0142a potwierdze\u0144 dokonanych wp\u0142at.<\/span><\/p>\n<p>&nbsp;<\/p>\n<h2>Dokumenty i informacje o egzaminie<\/h2>\n<p><span style=\"font-family: verdana, geneva, sans-serif;font-size: 12pt\"><a class=\"pdf\" href=\"https:\/\/pb.edu.pl\/sjo\/wp-content\/uploads\/sites\/9\/2024\/11\/Centrum-POLISH-LAB-Regulamin-egzaminow-certyfikatowych-z-jezyka-polskiego-jako-obcego.pdf\" target=\"_blank\" rel=\"noopener\" data-id=\"27552\"><span style=\"color: #0000ff\">Regulamin egzamin\u00f3w certyfikatowych z j\u0119zyka polskiego jako obcego (PDF, 70 KB, otworzy si\u0119 w nowej karcie)<\/span><\/a><\/span><\/p>\n<p><span style=\"font-family: verdana, geneva, sans-serif;font-size: 12pt;color: #0000ff\"><a style=\"color: #0000ff\" href=\"https:\/\/pb.edu.pl\/sjo\/wp-content\/uploads\/sites\/9\/2019\/11\/Mapa-kampusu-Politechniki-Bia\u0142ostockiej.docx\">Mapa kampusu Politechniki Bia\u0142ostockiej<\/a> (740 KB)<\/span><\/p>\n<p><span style=\"font-family: verdana, geneva, sans-serif;font-size: 12pt;color: #0000ff\"><a style=\"color: #0000ff\" href=\"https:\/\/pb.edu.pl\/sjo\/wp-content\/uploads\/sites\/9\/2021\/06\/OPIS-KOMPETENCJI-W-JEZYKU-POLSKIM-JAKO-OBCYM-NA-POZIOMIE-B1.docx\">OPIS KOMPETENCJI W J\u0118ZYKU POLSKIM JAKO OBCYM NA POZIOMIE B1<\/a><br \/>\n<\/span><\/p>\n<p><span style=\"font-family: verdana, geneva, sans-serif;font-size: 12pt;color: #0000ff\"><a style=\"color: #0000ff\" href=\"https:\/\/pb.edu.pl\/sjo\/wp-content\/uploads\/sites\/9\/2021\/06\/OPIS-KOMPETENCJI-W-JEZYKU-POLSKIM-JAKO-OBCYM-NA-POZIOMIE-B2.docx\">OPIS KOMPETENCJI W J\u0118ZYKU POLSKIM JAKO OBCYM NA POZIOMIE B2<\/a><br \/>\n<\/span><\/p>\n<p><a href=\"https:\/\/pb.edu.pl\/sjo\/wp-content\/uploads\/sites\/9\/2024\/11\/opis-kompetencji-jezykowych-poziom-C1.pdf\"><span style=\"color: #0000ff\"><span style=\"font-size: 12pt;font-family: verdana, geneva, sans-serif\">OPIS KOMPETENCJI W J\u0118ZYKU POLSKIM JAKO OBCYM NA POZIOMIE C1 <\/span><\/span><\/a><\/p>\n<p><span style=\"font-family: verdana, geneva, sans-serif;font-size: 12pt;color: #0000ff\"><a style=\"color: #0000ff\" href=\"https:\/\/certyfikatpolski.pl\/o-egzaminie\/kandydaci-o-specjalnych-potrzebach\/\">Procedury dla kandydat\u00f3w o specjalnych potrzebach<\/a><\/span><\/p>\n<p><a class=\"pdf\" href=\"https:\/\/pb.edu.pl\/sjo\/wp-content\/uploads\/sites\/9\/2026\/02\/DZU_2026_26_81.pdf\" target=\"_blank\" rel=\"noopener\" data-id=\"30758\">DZU_2026_26_81 (PDF, 288 KB, otworzy si\u0119 w nowej karcie)<\/a><\/p>\n<p><span style=\"font-family: verdana, geneva, sans-serif;font-size: 12pt;color: #0000ff\"><a style=\"color: #0000ff\" href=\"http:\/\/isap.sejm.gov.pl\/isap.nsf\/DocDetails.xsp?id=WDU20160000405\">Rozporz\u0105dzenie Ministra Nauki i Szkolnictwa Wy\u017cszego z dnia 26 lutego 2016 r. w sprawie egzamin\u00f3w z j\u0119zyka polskiego jako obcego<\/a><\/span><\/p>\n<p><span style=\"font-family: verdana, geneva, sans-serif;font-size: 12pt\">Szczeg\u00f3\u0142owe informacje na temat egzamin\u00f3w certyfikatowych mo\u017cna znale\u017a\u0107 na stronie <\/span><a href=\"https:\/\/certyfikatpolski.pl\/\"><span style=\"font-family: verdana, geneva, sans-serif;font-size: 12pt\"><span style=\"color: #0000ff\">certyfikatpolski.pl<\/span><\/span><\/a><\/p>\n<\/div>\n","protected":false},"excerpt":{"rendered":"<p>Harmonogram sesji egzaminacyjnych w roku 2026 Pa\u0144stwowa Komisja ds. Po\u015bwiadczania Znajomo\u015bci J\u0119zyka Polskiego jako Obcego<\/p>\n","protected":false},"author":6,"featured_media":0,"parent":27431,"menu_order":0,"comment_status":"closed","ping_status":"closed","template":"","meta":{"_acf_changed":false,"ngg_post_thumbnail":0,"footnotes":""},"class_list":["post-28783","page","type-page","status-publish","hentry"],"acf":[],"yoast_head":"<!-- This site is optimized with the Yoast SEO plugin v27.0 - https:\/\/yoast.com\/product\/yoast-seo-wordpress\/ -->\n<title>Wa\u017cne informacje - Studium J\u0119zyk\u00f3w Obcych<\/title>\n<meta name=\"description\" content=\"Harmonogram sesji egzaminacyjnych w roku 2026 Pa\u0144stwowa Komisja ds. Po\u015bwiadczania Znajomo\u015bci J\u0119zyka Polskiego jako Obcego (PKdsPZJPjO) ustala harmonogram\" \/>\n<meta name=\"robots\" content=\"index, follow, max-snippet:-1, max-image-preview:large, max-video-preview:-1\" \/>\n<link rel=\"canonical\" href=\"https:\/\/pb.edu.pl\/sjo\/polish-lab\/egzaminy\/certyfikat-polski\/wazne-informacje\/\" \/>\n<meta property=\"og:locale\" content=\"pl_PL\" \/>\n<meta property=\"og:type\" content=\"article\" \/>\n<meta property=\"og:title\" content=\"Wa\u017cne informacje - Studium J\u0119zyk\u00f3w Obcych\" \/>\n<meta property=\"og:description\" content=\"Harmonogram sesji egzaminacyjnych w roku 2026 Pa\u0144stwowa Komisja ds. Po\u015bwiadczania Znajomo\u015bci J\u0119zyka Polskiego jako Obcego (PKdsPZJPjO) ustala harmonogram\" \/>\n<meta property=\"og:url\" content=\"https:\/\/pb.edu.pl\/sjo\/polish-lab\/egzaminy\/certyfikat-polski\/wazne-informacje\/\" \/>\n<meta property=\"og:site_name\" content=\"Studium J\u0119zyk\u00f3w Obcych\" \/>\n<meta property=\"article:modified_time\" content=\"2026-02-22T17:48:21+00:00\" \/>\n<meta name=\"twitter:label1\" content=\"Szacowany czas czytania\" \/>\n\t<meta name=\"twitter:data1\" content=\"3 minuty\" \/>\n<script type=\"application\/ld+json\" class=\"yoast-schema-graph\">{\"@context\":\"https:\/\/schema.org\",\"@graph\":[{\"@type\":\"WebPage\",\"@id\":\"https:\/\/pb.edu.pl\/sjo\/polish-lab\/egzaminy\/certyfikat-polski\/wazne-informacje\/\",\"url\":\"https:\/\/pb.edu.pl\/sjo\/polish-lab\/egzaminy\/certyfikat-polski\/wazne-informacje\/\",\"name\":\"Wa\u017cne informacje - Studium J\u0119zyk\u00f3w Obcych\",\"isPartOf\":{\"@id\":\"https:\/\/pb.edu.pl\/sjo\/#website\"},\"datePublished\":\"2025-05-30T09:29:00+00:00\",\"dateModified\":\"2026-02-22T17:48:21+00:00\",\"description\":\"Harmonogram sesji egzaminacyjnych w roku 2026 Pa\u0144stwowa Komisja ds. Po\u015bwiadczania Znajomo\u015bci J\u0119zyka Polskiego jako Obcego (PKdsPZJPjO) ustala harmonogram\",\"breadcrumb\":{\"@id\":\"https:\/\/pb.edu.pl\/sjo\/polish-lab\/egzaminy\/certyfikat-polski\/wazne-informacje\/#breadcrumb\"},\"inLanguage\":\"pl-PL\",\"potentialAction\":[{\"@type\":\"ReadAction\",\"target\":[\"https:\/\/pb.edu.pl\/sjo\/polish-lab\/egzaminy\/certyfikat-polski\/wazne-informacje\/\"]}]},{\"@type\":\"BreadcrumbList\",\"@id\":\"https:\/\/pb.edu.pl\/sjo\/polish-lab\/egzaminy\/certyfikat-polski\/wazne-informacje\/#breadcrumb\",\"itemListElement\":[{\"@type\":\"ListItem\",\"position\":1,\"name\":\"Home\",\"item\":\"https:\/\/pb.edu.pl\/sjo\/\"},{\"@type\":\"ListItem\",\"position\":2,\"name\":\"Centrum J\u0119zyka i Kultury Polskiej POLISH LAB\",\"item\":\"https:\/\/pb.edu.pl\/sjo\/polish-lab\/\"},{\"@type\":\"ListItem\",\"position\":3,\"name\":\"Egzaminy\",\"item\":\"https:\/\/pb.edu.pl\/sjo\/polish-lab\/egzaminy\/\"},{\"@type\":\"ListItem\",\"position\":4,\"name\":\"Certyfikat Polski\",\"item\":\"https:\/\/pb.edu.pl\/sjo\/polish-lab\/egzaminy\/certyfikat-polski\/\"},{\"@type\":\"ListItem\",\"position\":5,\"name\":\"Wa\u017cne informacje\"}]},{\"@type\":\"WebSite\",\"@id\":\"https:\/\/pb.edu.pl\/sjo\/#website\",\"url\":\"https:\/\/pb.edu.pl\/sjo\/\",\"name\":\"Studium J\u0119zyk\u00f3w Obcych\",\"description\":\"\",\"potentialAction\":[{\"@type\":\"SearchAction\",\"target\":{\"@type\":\"EntryPoint\",\"urlTemplate\":\"https:\/\/pb.edu.pl\/sjo\/?s={search_term_string}\"},\"query-input\":{\"@type\":\"PropertyValueSpecification\",\"valueRequired\":true,\"valueName\":\"search_term_string\"}}],\"inLanguage\":\"pl-PL\"}]}<\/script>\n<!-- \/ Yoast SEO plugin. -->","yoast_head_json":{"title":"Wa\u017cne informacje - Studium J\u0119zyk\u00f3w Obcych","description":"Harmonogram sesji egzaminacyjnych w roku 2026 Pa\u0144stwowa Komisja ds. Po\u015bwiadczania Znajomo\u015bci J\u0119zyka Polskiego jako Obcego (PKdsPZJPjO) ustala harmonogram","robots":{"index":"index","follow":"follow","max-snippet":"max-snippet:-1","max-image-preview":"max-image-preview:large","max-video-preview":"max-video-preview:-1"},"canonical":"https:\/\/pb.edu.pl\/sjo\/polish-lab\/egzaminy\/certyfikat-polski\/wazne-informacje\/","og_locale":"pl_PL","og_type":"article","og_title":"Wa\u017cne informacje - Studium J\u0119zyk\u00f3w Obcych","og_description":"Harmonogram sesji egzaminacyjnych w roku 2026 Pa\u0144stwowa Komisja ds. Po\u015bwiadczania Znajomo\u015bci J\u0119zyka Polskiego jako Obcego (PKdsPZJPjO) ustala harmonogram","og_url":"https:\/\/pb.edu.pl\/sjo\/polish-lab\/egzaminy\/certyfikat-polski\/wazne-informacje\/","og_site_name":"Studium J\u0119zyk\u00f3w Obcych","article_modified_time":"2026-02-22T17:48:21+00:00","twitter_misc":{"Szacowany czas czytania":"3 minuty"},"schema":{"@context":"https:\/\/schema.org","@graph":[{"@type":"WebPage","@id":"https:\/\/pb.edu.pl\/sjo\/polish-lab\/egzaminy\/certyfikat-polski\/wazne-informacje\/","url":"https:\/\/pb.edu.pl\/sjo\/polish-lab\/egzaminy\/certyfikat-polski\/wazne-informacje\/","name":"Wa\u017cne informacje - Studium J\u0119zyk\u00f3w Obcych","isPartOf":{"@id":"https:\/\/pb.edu.pl\/sjo\/#website"},"datePublished":"2025-05-30T09:29:00+00:00","dateModified":"2026-02-22T17:48:21+00:00","description":"Harmonogram sesji egzaminacyjnych w roku 2026 Pa\u0144stwowa Komisja ds. Po\u015bwiadczania Znajomo\u015bci J\u0119zyka Polskiego jako Obcego (PKdsPZJPjO) ustala harmonogram","breadcrumb":{"@id":"https:\/\/pb.edu.pl\/sjo\/polish-lab\/egzaminy\/certyfikat-polski\/wazne-informacje\/#breadcrumb"},"inLanguage":"pl-PL","potentialAction":[{"@type":"ReadAction","target":["https:\/\/pb.edu.pl\/sjo\/polish-lab\/egzaminy\/certyfikat-polski\/wazne-informacje\/"]}]},{"@type":"BreadcrumbList","@id":"https:\/\/pb.edu.pl\/sjo\/polish-lab\/egzaminy\/certyfikat-polski\/wazne-informacje\/#breadcrumb","itemListElement":[{"@type":"ListItem","position":1,"name":"Home","item":"https:\/\/pb.edu.pl\/sjo\/"},{"@type":"ListItem","position":2,"name":"Centrum J\u0119zyka i Kultury Polskiej POLISH LAB","item":"https:\/\/pb.edu.pl\/sjo\/polish-lab\/"},{"@type":"ListItem","position":3,"name":"Egzaminy","item":"https:\/\/pb.edu.pl\/sjo\/polish-lab\/egzaminy\/"},{"@type":"ListItem","position":4,"name":"Certyfikat Polski","item":"https:\/\/pb.edu.pl\/sjo\/polish-lab\/egzaminy\/certyfikat-polski\/"},{"@type":"ListItem","position":5,"name":"Wa\u017cne informacje"}]},{"@type":"WebSite","@id":"https:\/\/pb.edu.pl\/sjo\/#website","url":"https:\/\/pb.edu.pl\/sjo\/","name":"Studium J\u0119zyk\u00f3w Obcych","description":"","potentialAction":[{"@type":"SearchAction","target":{"@type":"EntryPoint","urlTemplate":"https:\/\/pb.edu.pl\/sjo\/?s={search_term_string}"},"query-input":{"@type":"PropertyValueSpecification","valueRequired":true,"valueName":"search_term_string"}}],"inLanguage":"pl-PL"}]}},"_links":{"self":[{"href":"https:\/\/pb.edu.pl\/sjo\/wp-json\/wp\/v2\/pages\/28783","targetHints":{"allow":["GET"]}}],"collection":[{"href":"https:\/\/pb.edu.pl\/sjo\/wp-json\/wp\/v2\/pages"}],"about":[{"href":"https:\/\/pb.edu.pl\/sjo\/wp-json\/wp\/v2\/types\/page"}],"author":[{"embeddable":true,"href":"https:\/\/pb.edu.pl\/sjo\/wp-json\/wp\/v2\/users\/6"}],"replies":[{"embeddable":true,"href":"https:\/\/pb.edu.pl\/sjo\/wp-json\/wp\/v2\/comments?post=28783"}],"version-history":[{"count":3,"href":"https:\/\/pb.edu.pl\/sjo\/wp-json\/wp\/v2\/pages\/28783\/revisions"}],"predecessor-version":[{"id":30765,"href":"https:\/\/pb.edu.pl\/sjo\/wp-json\/wp\/v2\/pages\/28783\/revisions\/30765"}],"up":[{"embeddable":true,"href":"https:\/\/pb.edu.pl\/sjo\/wp-json\/wp\/v2\/pages\/27431"}],"wp:attachment":[{"href":"https:\/\/pb.edu.pl\/sjo\/wp-json\/wp\/v2\/media?parent=28783"}],"curies":[{"name":"wp","href":"https:\/\/api.w.org\/{rel}","templated":true}]}}