{"id":28781,"date":"2025-05-30T11:27:18","date_gmt":"2025-05-30T09:27:18","guid":{"rendered":"https:\/\/pb.edu.pl\/sjo\/?page_id=28781"},"modified":"2025-12-31T13:10:08","modified_gmt":"2025-12-31T12:10:08","slug":"odbior-certyfikatow","status":"publish","type":"page","link":"https:\/\/pb.edu.pl\/sjo\/polish-lab\/egzaminy\/certyfikat-polski\/odbior-certyfikatow\/","title":{"rendered":"Odbi\u00f3r certyfikat\u00f3w"},"content":{"rendered":"<p><span style=\"font-size: 12pt;font-family: verdana, geneva, sans-serif;color: #000000\">Certyfikaty z poprzednich sesji egzaminacyjnych mo\u017cna odbiera\u0107 w godzinach pracy biura Centrum POLISH LAB lub po wcze\u015bniejszym um\u00f3wieniu telefonicznym<\/span><\/p>\n<div>\n<p><span style=\"font-family: verdana, geneva, sans-serif;font-size: 12pt\">Numery telefon\u00f3w: <strong>85 746 9143<\/strong> oraz <strong>786 989 286.<\/strong><\/span><\/p>\n<p>&nbsp;<\/p>\n<p><strong>C<span style=\"font-family: verdana, geneva, sans-serif;font-size: 12pt\">ertyfikaty s\u0105 do odbioru <span style=\"color: #ff0000\">(do wtorku, 3 lutego 2026 r.):<\/span><\/span><\/strong><\/p>\n<p><span style=\"font-family: verdana, geneva, sans-serif;font-size: 12pt;color: #ff0000\">&#8211; w poniedzia\u0142ek, 5 stycznia, w godz. 11:00-16:00<\/span><\/p>\n<p>&#8211;<span style=\"font-family: verdana, geneva, sans-serif;font-size: 12pt\"> we wtorki i czwartki w godz. 14:00-16:00<\/span><\/p>\n<p><span style=\"font-family: verdana, geneva, sans-serif;font-size: 12pt\">&#8211; w \u015brody, w godzinach 14:00 -17:00<\/span><\/p>\n<p>&nbsp;<\/p>\n<p><span style=\"font-family: verdana, geneva, sans-serif;font-size: 12pt\"><strong>&#8211;&nbsp;<\/strong>w innych terminach<strong>&nbsp;<\/strong>po wcze\u015bniejszym um\u00f3wieniu telefonicznym <a href=\"https:\/\/pb.edu.pl\/sjo\/polish-lab\/kontakt\/\"><span style=\"color: #0000ff\">Kontakt<\/span><\/a><\/span><\/p>\n<p>&nbsp;<\/p>\n<p><span style=\"font-family: verdana, geneva, sans-serif;font-size: 12pt\">Miejsce odbioru: Bia\u0142ystok ul. Zwierzyniecka 16, p. 2\/06 &#8211; drugie pi\u0119tro \u2014 w tym samym miejscu, gdzie odbywa\u0142y si\u0119 egzaminy ustne.&nbsp;<\/span><\/p>\n<\/div>\n<p>&nbsp;<\/p>\n<p><em><span style=\"font-size: 10pt\">Aktualizacja: 30 grudnia 2025 r.<\/span><\/em><\/p>\n","protected":false},"excerpt":{"rendered":"<p>Certyfikaty z poprzednich sesji egzaminacyjnych mo\u017cna odbiera\u0107 w godzinach pracy biura Centrum POLISH LAB lub<\/p>\n","protected":false},"author":6,"featured_media":0,"parent":27431,"menu_order":0,"comment_status":"closed","ping_status":"closed","template":"","meta":{"_acf_changed":false,"ngg_post_thumbnail":0,"footnotes":""},"class_list":["post-28781","page","type-page","status-publish","hentry"],"acf":[],"yoast_head":"<!-- This site is optimized with the Yoast SEO plugin v27.0 - https:\/\/yoast.com\/product\/yoast-seo-wordpress\/ -->\n<title>Odbi\u00f3r certyfikat\u00f3w - Studium J\u0119zyk\u00f3w Obcych<\/title>\n<meta name=\"description\" content=\"Certyfikaty z poprzednich sesji egzaminacyjnych mo\u017cna odbiera\u0107 w godzinach pracy biura Centrum POLISH LAB lub po wcze\u015bniejszym um\u00f3wieniu telefonicznym\" \/>\n<meta name=\"robots\" content=\"index, follow, max-snippet:-1, max-image-preview:large, max-video-preview:-1\" \/>\n<link rel=\"canonical\" href=\"https:\/\/pb.edu.pl\/sjo\/polish-lab\/egzaminy\/certyfikat-polski\/odbior-certyfikatow\/\" \/>\n<meta property=\"og:locale\" content=\"pl_PL\" \/>\n<meta property=\"og:type\" content=\"article\" \/>\n<meta property=\"og:title\" content=\"Odbi\u00f3r certyfikat\u00f3w - Studium J\u0119zyk\u00f3w Obcych\" \/>\n<meta property=\"og:description\" content=\"Certyfikaty z poprzednich sesji egzaminacyjnych mo\u017cna odbiera\u0107 w godzinach pracy biura Centrum POLISH LAB lub po wcze\u015bniejszym um\u00f3wieniu telefonicznym\" \/>\n<meta property=\"og:url\" content=\"https:\/\/pb.edu.pl\/sjo\/polish-lab\/egzaminy\/certyfikat-polski\/odbior-certyfikatow\/\" \/>\n<meta property=\"og:site_name\" content=\"Studium J\u0119zyk\u00f3w Obcych\" \/>\n<meta property=\"article:modified_time\" content=\"2025-12-31T12:10:08+00:00\" \/>\n<meta name=\"twitter:label1\" content=\"Szacowany czas czytania\" \/>\n\t<meta name=\"twitter:data1\" content=\"1 minuta\" \/>\n<script type=\"application\/ld+json\" class=\"yoast-schema-graph\">{\"@context\":\"https:\/\/schema.org\",\"@graph\":[{\"@type\":\"WebPage\",\"@id\":\"https:\/\/pb.edu.pl\/sjo\/polish-lab\/egzaminy\/certyfikat-polski\/odbior-certyfikatow\/\",\"url\":\"https:\/\/pb.edu.pl\/sjo\/polish-lab\/egzaminy\/certyfikat-polski\/odbior-certyfikatow\/\",\"name\":\"Odbi\u00f3r certyfikat\u00f3w - Studium J\u0119zyk\u00f3w Obcych\",\"isPartOf\":{\"@id\":\"https:\/\/pb.edu.pl\/sjo\/#website\"},\"datePublished\":\"2025-05-30T09:27:18+00:00\",\"dateModified\":\"2025-12-31T12:10:08+00:00\",\"description\":\"Certyfikaty z poprzednich sesji egzaminacyjnych mo\u017cna odbiera\u0107 w godzinach pracy biura Centrum POLISH LAB lub po wcze\u015bniejszym um\u00f3wieniu telefonicznym\",\"breadcrumb\":{\"@id\":\"https:\/\/pb.edu.pl\/sjo\/polish-lab\/egzaminy\/certyfikat-polski\/odbior-certyfikatow\/#breadcrumb\"},\"inLanguage\":\"pl-PL\",\"potentialAction\":[{\"@type\":\"ReadAction\",\"target\":[\"https:\/\/pb.edu.pl\/sjo\/polish-lab\/egzaminy\/certyfikat-polski\/odbior-certyfikatow\/\"]}]},{\"@type\":\"BreadcrumbList\",\"@id\":\"https:\/\/pb.edu.pl\/sjo\/polish-lab\/egzaminy\/certyfikat-polski\/odbior-certyfikatow\/#breadcrumb\",\"itemListElement\":[{\"@type\":\"ListItem\",\"position\":1,\"name\":\"Home\",\"item\":\"https:\/\/pb.edu.pl\/sjo\/\"},{\"@type\":\"ListItem\",\"position\":2,\"name\":\"Centrum J\u0119zyka i Kultury Polskiej POLISH LAB\",\"item\":\"https:\/\/pb.edu.pl\/sjo\/polish-lab\/\"},{\"@type\":\"ListItem\",\"position\":3,\"name\":\"Egzaminy\",\"item\":\"https:\/\/pb.edu.pl\/sjo\/polish-lab\/egzaminy\/\"},{\"@type\":\"ListItem\",\"position\":4,\"name\":\"Certyfikat Polski\",\"item\":\"https:\/\/pb.edu.pl\/sjo\/polish-lab\/egzaminy\/certyfikat-polski\/\"},{\"@type\":\"ListItem\",\"position\":5,\"name\":\"Odbi\u00f3r certyfikat\u00f3w\"}]},{\"@type\":\"WebSite\",\"@id\":\"https:\/\/pb.edu.pl\/sjo\/#website\",\"url\":\"https:\/\/pb.edu.pl\/sjo\/\",\"name\":\"Studium J\u0119zyk\u00f3w Obcych\",\"description\":\"\",\"potentialAction\":[{\"@type\":\"SearchAction\",\"target\":{\"@type\":\"EntryPoint\",\"urlTemplate\":\"https:\/\/pb.edu.pl\/sjo\/?s={search_term_string}\"},\"query-input\":{\"@type\":\"PropertyValueSpecification\",\"valueRequired\":true,\"valueName\":\"search_term_string\"}}],\"inLanguage\":\"pl-PL\"}]}<\/script>\n<!-- \/ Yoast SEO plugin. -->","yoast_head_json":{"title":"Odbi\u00f3r certyfikat\u00f3w - Studium J\u0119zyk\u00f3w Obcych","description":"Certyfikaty z poprzednich sesji egzaminacyjnych mo\u017cna odbiera\u0107 w godzinach pracy biura Centrum POLISH LAB lub po wcze\u015bniejszym um\u00f3wieniu telefonicznym","robots":{"index":"index","follow":"follow","max-snippet":"max-snippet:-1","max-image-preview":"max-image-preview:large","max-video-preview":"max-video-preview:-1"},"canonical":"https:\/\/pb.edu.pl\/sjo\/polish-lab\/egzaminy\/certyfikat-polski\/odbior-certyfikatow\/","og_locale":"pl_PL","og_type":"article","og_title":"Odbi\u00f3r certyfikat\u00f3w - Studium J\u0119zyk\u00f3w Obcych","og_description":"Certyfikaty z poprzednich sesji egzaminacyjnych mo\u017cna odbiera\u0107 w godzinach pracy biura Centrum POLISH LAB lub po wcze\u015bniejszym um\u00f3wieniu telefonicznym","og_url":"https:\/\/pb.edu.pl\/sjo\/polish-lab\/egzaminy\/certyfikat-polski\/odbior-certyfikatow\/","og_site_name":"Studium J\u0119zyk\u00f3w Obcych","article_modified_time":"2025-12-31T12:10:08+00:00","twitter_misc":{"Szacowany czas czytania":"1 minuta"},"schema":{"@context":"https:\/\/schema.org","@graph":[{"@type":"WebPage","@id":"https:\/\/pb.edu.pl\/sjo\/polish-lab\/egzaminy\/certyfikat-polski\/odbior-certyfikatow\/","url":"https:\/\/pb.edu.pl\/sjo\/polish-lab\/egzaminy\/certyfikat-polski\/odbior-certyfikatow\/","name":"Odbi\u00f3r certyfikat\u00f3w - Studium J\u0119zyk\u00f3w Obcych","isPartOf":{"@id":"https:\/\/pb.edu.pl\/sjo\/#website"},"datePublished":"2025-05-30T09:27:18+00:00","dateModified":"2025-12-31T12:10:08+00:00","description":"Certyfikaty z poprzednich sesji egzaminacyjnych mo\u017cna odbiera\u0107 w godzinach pracy biura Centrum POLISH LAB lub po wcze\u015bniejszym um\u00f3wieniu telefonicznym","breadcrumb":{"@id":"https:\/\/pb.edu.pl\/sjo\/polish-lab\/egzaminy\/certyfikat-polski\/odbior-certyfikatow\/#breadcrumb"},"inLanguage":"pl-PL","potentialAction":[{"@type":"ReadAction","target":["https:\/\/pb.edu.pl\/sjo\/polish-lab\/egzaminy\/certyfikat-polski\/odbior-certyfikatow\/"]}]},{"@type":"BreadcrumbList","@id":"https:\/\/pb.edu.pl\/sjo\/polish-lab\/egzaminy\/certyfikat-polski\/odbior-certyfikatow\/#breadcrumb","itemListElement":[{"@type":"ListItem","position":1,"name":"Home","item":"https:\/\/pb.edu.pl\/sjo\/"},{"@type":"ListItem","position":2,"name":"Centrum J\u0119zyka i Kultury Polskiej POLISH LAB","item":"https:\/\/pb.edu.pl\/sjo\/polish-lab\/"},{"@type":"ListItem","position":3,"name":"Egzaminy","item":"https:\/\/pb.edu.pl\/sjo\/polish-lab\/egzaminy\/"},{"@type":"ListItem","position":4,"name":"Certyfikat Polski","item":"https:\/\/pb.edu.pl\/sjo\/polish-lab\/egzaminy\/certyfikat-polski\/"},{"@type":"ListItem","position":5,"name":"Odbi\u00f3r certyfikat\u00f3w"}]},{"@type":"WebSite","@id":"https:\/\/pb.edu.pl\/sjo\/#website","url":"https:\/\/pb.edu.pl\/sjo\/","name":"Studium J\u0119zyk\u00f3w Obcych","description":"","potentialAction":[{"@type":"SearchAction","target":{"@type":"EntryPoint","urlTemplate":"https:\/\/pb.edu.pl\/sjo\/?s={search_term_string}"},"query-input":{"@type":"PropertyValueSpecification","valueRequired":true,"valueName":"search_term_string"}}],"inLanguage":"pl-PL"}]}},"_links":{"self":[{"href":"https:\/\/pb.edu.pl\/sjo\/wp-json\/wp\/v2\/pages\/28781","targetHints":{"allow":["GET"]}}],"collection":[{"href":"https:\/\/pb.edu.pl\/sjo\/wp-json\/wp\/v2\/pages"}],"about":[{"href":"https:\/\/pb.edu.pl\/sjo\/wp-json\/wp\/v2\/types\/page"}],"author":[{"embeddable":true,"href":"https:\/\/pb.edu.pl\/sjo\/wp-json\/wp\/v2\/users\/6"}],"replies":[{"embeddable":true,"href":"https:\/\/pb.edu.pl\/sjo\/wp-json\/wp\/v2\/comments?post=28781"}],"version-history":[{"count":0,"href":"https:\/\/pb.edu.pl\/sjo\/wp-json\/wp\/v2\/pages\/28781\/revisions"}],"up":[{"embeddable":true,"href":"https:\/\/pb.edu.pl\/sjo\/wp-json\/wp\/v2\/pages\/27431"}],"wp:attachment":[{"href":"https:\/\/pb.edu.pl\/sjo\/wp-json\/wp\/v2\/media?parent=28781"}],"curies":[{"name":"wp","href":"https:\/\/api.w.org\/{rel}","templated":true}]}}