{"id":28774,"date":"2025-05-30T10:48:53","date_gmt":"2025-05-30T08:48:53","guid":{"rendered":"https:\/\/pb.edu.pl\/sjo\/?page_id=28774"},"modified":"2026-02-27T20:34:18","modified_gmt":"2026-02-27T19:34:18","slug":"obecna-sesja","status":"publish","type":"page","link":"https:\/\/pb.edu.pl\/sjo\/polish-lab\/egzaminy\/certyfikat-polski\/obecna-sesja\/","title":{"rendered":"Obecna sesja"},"content":{"rendered":"<div class=\"row content\">\n<div class=\"col-xs-12\">\n<p><img loading=\"lazy\" decoding=\"async\" class=\"wp-image-27446 alignleft\" src=\"https:\/\/pb.edu.pl\/sjo\/wp-content\/uploads\/sites\/9\/2024\/11\/certyfikat-300x200.png\" alt=\"\" width=\"123\" height=\"82\" srcset=\"https:\/\/pb.edu.pl\/sjo\/wp-content\/uploads\/sites\/9\/2024\/11\/certyfikat-300x200.png 300w, https:\/\/pb.edu.pl\/sjo\/wp-content\/uploads\/sites\/9\/2024\/11\/certyfikat-768x512.png 768w, https:\/\/pb.edu.pl\/sjo\/wp-content\/uploads\/sites\/9\/2024\/11\/certyfikat-480x320.png 480w, https:\/\/pb.edu.pl\/sjo\/wp-content\/uploads\/sites\/9\/2024\/11\/certyfikat.png 799w\" sizes=\"auto, (max-width: 123px) 100vw, 123px\" \/>Centrum J\u0119zyka i Kultury Polskiej POLISH LAB zprzeprowadzi\u0142o <strong>pa\u0144stwowy egzamin z j\u0119zyka polskiego <\/strong><strong>jako obcego w dniach 15-16 listopada 2025 r. wraz z kursem przygotowawczym<\/strong> w tygodniu przed egzaminem.&nbsp; &nbsp; &nbsp; &nbsp; &nbsp; &nbsp; &nbsp; &nbsp; &nbsp; &nbsp; &nbsp; &nbsp;<\/p>\n<p>Poziomy egzaminu: <strong>B1 i C1<\/strong> w grupach dostosowanych do potrzeb os\u00f3b doros\u0142ych.<\/p>\n<\/div>\n<\/div>\n<p>Informacj\u0119 o wynikach wys\u0142ali\u015bmy Pa\u0144stwu mailowo w dniu 24 lutego.<\/p>\n<p>Serdecznie gratulujeny wszystkim, kt\u00f3rzy zdali egzamin!<\/p>\n<p>Certyfikaty b\u0119d\u0105 do odbioru w naszym o\u015brodku, prawdopodobnie na pocz\u0105tku kwietnia. Poinformujemy Pa\u0144stwa mailowo, gdy je otrzymamy.<\/p>\n<p>&nbsp;<\/p>\n<div class=\"row content\">\n<div class=\"col-xs-12\">\n<div class=\"row content\">\n<div class=\"col-xs-12\">&nbsp;<\/div>\n<\/div>\n<\/div>\n<\/div>\n<div class=\"row content\">\n<div class=\"col-xs-12\">\n<p><span style=\"font-size: 10pt\"><em>Aktualizacja 27 lutego 2026 r.<\/em><\/span><\/p>\n<p><img loading=\"lazy\" decoding=\"async\" class=\"alignnone size-medium wp-image-18669\" src=\"https:\/\/pb.edu.pl\/sjo\/wp-content\/uploads\/sites\/9\/2023\/02\/IMG_20220625_115811-300x169.jpg\" alt=\"\" width=\"300\" height=\"169\" srcset=\"https:\/\/pb.edu.pl\/sjo\/wp-content\/uploads\/sites\/9\/2023\/02\/IMG_20220625_115811-300x169.jpg 300w, https:\/\/pb.edu.pl\/sjo\/wp-content\/uploads\/sites\/9\/2023\/02\/IMG_20220625_115811-1024x576.jpg 1024w, https:\/\/pb.edu.pl\/sjo\/wp-content\/uploads\/sites\/9\/2023\/02\/IMG_20220625_115811-768x432.jpg 768w, https:\/\/pb.edu.pl\/sjo\/wp-content\/uploads\/sites\/9\/2023\/02\/IMG_20220625_115811-1536x864.jpg 1536w, https:\/\/pb.edu.pl\/sjo\/wp-content\/uploads\/sites\/9\/2023\/02\/IMG_20220625_115811-2048x1152.jpg 2048w\" sizes=\"auto, (max-width: 300px) 100vw, 300px\" \/> <img loading=\"lazy\" decoding=\"async\" class=\"alignnone size-medium wp-image-18667\" src=\"https:\/\/pb.edu.pl\/sjo\/wp-content\/uploads\/sites\/9\/2023\/02\/IMG_20220625_115741-300x169.jpg\" alt=\"\" width=\"300\" height=\"169\" srcset=\"https:\/\/pb.edu.pl\/sjo\/wp-content\/uploads\/sites\/9\/2023\/02\/IMG_20220625_115741-300x169.jpg 300w, https:\/\/pb.edu.pl\/sjo\/wp-content\/uploads\/sites\/9\/2023\/02\/IMG_20220625_115741-1024x576.jpg 1024w, https:\/\/pb.edu.pl\/sjo\/wp-content\/uploads\/sites\/9\/2023\/02\/IMG_20220625_115741-768x432.jpg 768w, https:\/\/pb.edu.pl\/sjo\/wp-content\/uploads\/sites\/9\/2023\/02\/IMG_20220625_115741-1536x864.jpg 1536w, https:\/\/pb.edu.pl\/sjo\/wp-content\/uploads\/sites\/9\/2023\/02\/IMG_20220625_115741-2048x1152.jpg 2048w\" sizes=\"auto, (max-width: 300px) 100vw, 300px\" \/> <img loading=\"lazy\" decoding=\"async\" class=\"alignnone size-medium wp-image-18665\" src=\"https:\/\/pb.edu.pl\/sjo\/wp-content\/uploads\/sites\/9\/2023\/02\/IMG_20220625_115718-300x169.jpg\" alt=\"\" width=\"300\" height=\"169\" srcset=\"https:\/\/pb.edu.pl\/sjo\/wp-content\/uploads\/sites\/9\/2023\/02\/IMG_20220625_115718-300x169.jpg 300w, https:\/\/pb.edu.pl\/sjo\/wp-content\/uploads\/sites\/9\/2023\/02\/IMG_20220625_115718-1024x576.jpg 1024w, https:\/\/pb.edu.pl\/sjo\/wp-content\/uploads\/sites\/9\/2023\/02\/IMG_20220625_115718-768x432.jpg 768w, https:\/\/pb.edu.pl\/sjo\/wp-content\/uploads\/sites\/9\/2023\/02\/IMG_20220625_115718-1536x864.jpg 1536w, https:\/\/pb.edu.pl\/sjo\/wp-content\/uploads\/sites\/9\/2023\/02\/IMG_20220625_115718-2048x1152.jpg 2048w\" sizes=\"auto, (max-width: 300px) 100vw, 300px\" \/> <img loading=\"lazy\" decoding=\"async\" class=\"alignnone size-medium wp-image-18663\" src=\"https:\/\/pb.edu.pl\/sjo\/wp-content\/uploads\/sites\/9\/2023\/02\/IMG_20230205_104656-300x169.jpg\" alt=\"\" width=\"300\" height=\"169\" srcset=\"https:\/\/pb.edu.pl\/sjo\/wp-content\/uploads\/sites\/9\/2023\/02\/IMG_20230205_104656-300x169.jpg 300w, https:\/\/pb.edu.pl\/sjo\/wp-content\/uploads\/sites\/9\/2023\/02\/IMG_20230205_104656-1024x576.jpg 1024w, https:\/\/pb.edu.pl\/sjo\/wp-content\/uploads\/sites\/9\/2023\/02\/IMG_20230205_104656-768x432.jpg 768w, https:\/\/pb.edu.pl\/sjo\/wp-content\/uploads\/sites\/9\/2023\/02\/IMG_20230205_104656-1536x864.jpg 1536w, https:\/\/pb.edu.pl\/sjo\/wp-content\/uploads\/sites\/9\/2023\/02\/IMG_20230205_104656-2048x1152.jpg 2048w\" sizes=\"auto, (max-width: 300px) 100vw, 300px\" \/> <img loading=\"lazy\" decoding=\"async\" class=\"alignnone size-medium wp-image-18661\" src=\"https:\/\/pb.edu.pl\/sjo\/wp-content\/uploads\/sites\/9\/2023\/02\/IMG_20230205_104146-300x169.jpg\" alt=\"\" width=\"300\" height=\"169\" srcset=\"https:\/\/pb.edu.pl\/sjo\/wp-content\/uploads\/sites\/9\/2023\/02\/IMG_20230205_104146-300x169.jpg 300w, https:\/\/pb.edu.pl\/sjo\/wp-content\/uploads\/sites\/9\/2023\/02\/IMG_20230205_104146-1024x576.jpg 1024w, https:\/\/pb.edu.pl\/sjo\/wp-content\/uploads\/sites\/9\/2023\/02\/IMG_20230205_104146-768x432.jpg 768w, https:\/\/pb.edu.pl\/sjo\/wp-content\/uploads\/sites\/9\/2023\/02\/IMG_20230205_104146-1536x864.jpg 1536w, https:\/\/pb.edu.pl\/sjo\/wp-content\/uploads\/sites\/9\/2023\/02\/IMG_20230205_104146-2048x1152.jpg 2048w\" sizes=\"auto, (max-width: 300px) 100vw, 300px\" \/> <img loading=\"lazy\" decoding=\"async\" class=\"alignnone wp-image-29368 size-medium\" src=\"https:\/\/pb.edu.pl\/sjo\/wp-content\/uploads\/sites\/9\/2025\/08\/rozne-instagram-PolishLab-1080-x-675-px-e1759667379588-300x171.png\" alt=\"\" width=\"300\" height=\"171\" srcset=\"https:\/\/pb.edu.pl\/sjo\/wp-content\/uploads\/sites\/9\/2025\/08\/rozne-instagram-PolishLab-1080-x-675-px-e1759667379588-300x171.png 300w, https:\/\/pb.edu.pl\/sjo\/wp-content\/uploads\/sites\/9\/2025\/08\/rozne-instagram-PolishLab-1080-x-675-px-e1759667379588-1024x583.png 1024w, https:\/\/pb.edu.pl\/sjo\/wp-content\/uploads\/sites\/9\/2025\/08\/rozne-instagram-PolishLab-1080-x-675-px-e1759667379588-768x438.png 768w, https:\/\/pb.edu.pl\/sjo\/wp-content\/uploads\/sites\/9\/2025\/08\/rozne-instagram-PolishLab-1080-x-675-px-e1759667379588.png 1053w\" sizes=\"auto, (max-width: 300px) 100vw, 300px\" \/><\/p>\n<\/div>\n<\/div>\n","protected":false},"excerpt":{"rendered":"<p>Centrum J\u0119zyka i Kultury Polskiej POLISH LAB zprzeprowadzi\u0142o pa\u0144stwowy egzamin z j\u0119zyka polskiego jako obcego<\/p>\n","protected":false},"author":6,"featured_media":0,"parent":27431,"menu_order":0,"comment_status":"closed","ping_status":"closed","template":"","meta":{"_acf_changed":false,"ngg_post_thumbnail":0,"footnotes":""},"class_list":["post-28774","page","type-page","status-publish","hentry"],"acf":[],"yoast_head":"<!-- This site is optimized with the Yoast SEO plugin v27.0 - https:\/\/yoast.com\/product\/yoast-seo-wordpress\/ -->\n<title>Obecna sesja - Studium J\u0119zyk\u00f3w Obcych<\/title>\n<meta name=\"description\" content=\"Centrum J\u0119zyka i Kultury Polskiej POLISH LAB zprzeprowadzi\u0142o pa\u0144stwowy egzamin z j\u0119zyka polskiego jako obcego w dniach 15-16 listopada 2025 r. wraz z\" \/>\n<meta name=\"robots\" content=\"index, follow, max-snippet:-1, max-image-preview:large, max-video-preview:-1\" \/>\n<link rel=\"canonical\" href=\"https:\/\/pb.edu.pl\/sjo\/polish-lab\/egzaminy\/certyfikat-polski\/obecna-sesja\/\" \/>\n<meta property=\"og:locale\" content=\"pl_PL\" \/>\n<meta property=\"og:type\" content=\"article\" \/>\n<meta property=\"og:title\" content=\"Obecna sesja - Studium J\u0119zyk\u00f3w Obcych\" \/>\n<meta property=\"og:description\" content=\"Centrum J\u0119zyka i Kultury Polskiej POLISH LAB zprzeprowadzi\u0142o pa\u0144stwowy egzamin z j\u0119zyka polskiego jako obcego w dniach 15-16 listopada 2025 r. wraz z\" \/>\n<meta property=\"og:url\" content=\"https:\/\/pb.edu.pl\/sjo\/polish-lab\/egzaminy\/certyfikat-polski\/obecna-sesja\/\" \/>\n<meta property=\"og:site_name\" content=\"Studium J\u0119zyk\u00f3w Obcych\" \/>\n<meta property=\"article:modified_time\" content=\"2026-02-27T19:34:18+00:00\" \/>\n<meta property=\"og:image\" content=\"https:\/\/pb.edu.pl\/sjo\/wp-content\/uploads\/sites\/9\/2024\/11\/certyfikat.png\" \/>\n\t<meta property=\"og:image:width\" content=\"799\" \/>\n\t<meta property=\"og:image:height\" content=\"533\" \/>\n\t<meta property=\"og:image:type\" content=\"image\/png\" \/>\n<meta name=\"twitter:label1\" content=\"Szacowany czas czytania\" \/>\n\t<meta name=\"twitter:data1\" content=\"2 minuty\" \/>\n<script type=\"application\/ld+json\" class=\"yoast-schema-graph\">{\"@context\":\"https:\/\/schema.org\",\"@graph\":[{\"@type\":\"WebPage\",\"@id\":\"https:\/\/pb.edu.pl\/sjo\/polish-lab\/egzaminy\/certyfikat-polski\/obecna-sesja\/\",\"url\":\"https:\/\/pb.edu.pl\/sjo\/polish-lab\/egzaminy\/certyfikat-polski\/obecna-sesja\/\",\"name\":\"Obecna sesja - Studium J\u0119zyk\u00f3w Obcych\",\"isPartOf\":{\"@id\":\"https:\/\/pb.edu.pl\/sjo\/#website\"},\"primaryImageOfPage\":{\"@id\":\"https:\/\/pb.edu.pl\/sjo\/polish-lab\/egzaminy\/certyfikat-polski\/obecna-sesja\/#primaryimage\"},\"image\":{\"@id\":\"https:\/\/pb.edu.pl\/sjo\/polish-lab\/egzaminy\/certyfikat-polski\/obecna-sesja\/#primaryimage\"},\"thumbnailUrl\":\"https:\/\/pb.edu.pl\/sjo\/wp-content\/uploads\/sites\/9\/2024\/11\/certyfikat-300x200.png\",\"datePublished\":\"2025-05-30T08:48:53+00:00\",\"dateModified\":\"2026-02-27T19:34:18+00:00\",\"description\":\"Centrum J\u0119zyka i Kultury Polskiej POLISH LAB zprzeprowadzi\u0142o pa\u0144stwowy egzamin z j\u0119zyka polskiego jako obcego w dniach 15-16 listopada 2025 r. wraz z\",\"breadcrumb\":{\"@id\":\"https:\/\/pb.edu.pl\/sjo\/polish-lab\/egzaminy\/certyfikat-polski\/obecna-sesja\/#breadcrumb\"},\"inLanguage\":\"pl-PL\",\"potentialAction\":[{\"@type\":\"ReadAction\",\"target\":[\"https:\/\/pb.edu.pl\/sjo\/polish-lab\/egzaminy\/certyfikat-polski\/obecna-sesja\/\"]}]},{\"@type\":\"ImageObject\",\"inLanguage\":\"pl-PL\",\"@id\":\"https:\/\/pb.edu.pl\/sjo\/polish-lab\/egzaminy\/certyfikat-polski\/obecna-sesja\/#primaryimage\",\"url\":\"https:\/\/pb.edu.pl\/sjo\/wp-content\/uploads\/sites\/9\/2024\/11\/certyfikat.png\",\"contentUrl\":\"https:\/\/pb.edu.pl\/sjo\/wp-content\/uploads\/sites\/9\/2024\/11\/certyfikat.png\",\"width\":799,\"height\":533},{\"@type\":\"BreadcrumbList\",\"@id\":\"https:\/\/pb.edu.pl\/sjo\/polish-lab\/egzaminy\/certyfikat-polski\/obecna-sesja\/#breadcrumb\",\"itemListElement\":[{\"@type\":\"ListItem\",\"position\":1,\"name\":\"Home\",\"item\":\"https:\/\/pb.edu.pl\/sjo\/\"},{\"@type\":\"ListItem\",\"position\":2,\"name\":\"Centrum J\u0119zyka i Kultury Polskiej POLISH LAB\",\"item\":\"https:\/\/pb.edu.pl\/sjo\/polish-lab\/\"},{\"@type\":\"ListItem\",\"position\":3,\"name\":\"Egzaminy\",\"item\":\"https:\/\/pb.edu.pl\/sjo\/polish-lab\/egzaminy\/\"},{\"@type\":\"ListItem\",\"position\":4,\"name\":\"Certyfikat Polski\",\"item\":\"https:\/\/pb.edu.pl\/sjo\/polish-lab\/egzaminy\/certyfikat-polski\/\"},{\"@type\":\"ListItem\",\"position\":5,\"name\":\"Obecna sesja\"}]},{\"@type\":\"WebSite\",\"@id\":\"https:\/\/pb.edu.pl\/sjo\/#website\",\"url\":\"https:\/\/pb.edu.pl\/sjo\/\",\"name\":\"Studium J\u0119zyk\u00f3w Obcych\",\"description\":\"\",\"potentialAction\":[{\"@type\":\"SearchAction\",\"target\":{\"@type\":\"EntryPoint\",\"urlTemplate\":\"https:\/\/pb.edu.pl\/sjo\/?s={search_term_string}\"},\"query-input\":{\"@type\":\"PropertyValueSpecification\",\"valueRequired\":true,\"valueName\":\"search_term_string\"}}],\"inLanguage\":\"pl-PL\"}]}<\/script>\n<!-- \/ Yoast SEO plugin. -->","yoast_head_json":{"title":"Obecna sesja - Studium J\u0119zyk\u00f3w Obcych","description":"Centrum J\u0119zyka i Kultury Polskiej POLISH LAB zprzeprowadzi\u0142o pa\u0144stwowy egzamin z j\u0119zyka polskiego jako obcego w dniach 15-16 listopada 2025 r. wraz z","robots":{"index":"index","follow":"follow","max-snippet":"max-snippet:-1","max-image-preview":"max-image-preview:large","max-video-preview":"max-video-preview:-1"},"canonical":"https:\/\/pb.edu.pl\/sjo\/polish-lab\/egzaminy\/certyfikat-polski\/obecna-sesja\/","og_locale":"pl_PL","og_type":"article","og_title":"Obecna sesja - Studium J\u0119zyk\u00f3w Obcych","og_description":"Centrum J\u0119zyka i Kultury Polskiej POLISH LAB zprzeprowadzi\u0142o pa\u0144stwowy egzamin z j\u0119zyka polskiego jako obcego w dniach 15-16 listopada 2025 r. wraz z","og_url":"https:\/\/pb.edu.pl\/sjo\/polish-lab\/egzaminy\/certyfikat-polski\/obecna-sesja\/","og_site_name":"Studium J\u0119zyk\u00f3w Obcych","article_modified_time":"2026-02-27T19:34:18+00:00","og_image":[{"width":799,"height":533,"url":"https:\/\/pb.edu.pl\/sjo\/wp-content\/uploads\/sites\/9\/2024\/11\/certyfikat.png","type":"image\/png"}],"twitter_misc":{"Szacowany czas czytania":"2 minuty"},"schema":{"@context":"https:\/\/schema.org","@graph":[{"@type":"WebPage","@id":"https:\/\/pb.edu.pl\/sjo\/polish-lab\/egzaminy\/certyfikat-polski\/obecna-sesja\/","url":"https:\/\/pb.edu.pl\/sjo\/polish-lab\/egzaminy\/certyfikat-polski\/obecna-sesja\/","name":"Obecna sesja - Studium J\u0119zyk\u00f3w Obcych","isPartOf":{"@id":"https:\/\/pb.edu.pl\/sjo\/#website"},"primaryImageOfPage":{"@id":"https:\/\/pb.edu.pl\/sjo\/polish-lab\/egzaminy\/certyfikat-polski\/obecna-sesja\/#primaryimage"},"image":{"@id":"https:\/\/pb.edu.pl\/sjo\/polish-lab\/egzaminy\/certyfikat-polski\/obecna-sesja\/#primaryimage"},"thumbnailUrl":"https:\/\/pb.edu.pl\/sjo\/wp-content\/uploads\/sites\/9\/2024\/11\/certyfikat-300x200.png","datePublished":"2025-05-30T08:48:53+00:00","dateModified":"2026-02-27T19:34:18+00:00","description":"Centrum J\u0119zyka i Kultury Polskiej POLISH LAB zprzeprowadzi\u0142o pa\u0144stwowy egzamin z j\u0119zyka polskiego jako obcego w dniach 15-16 listopada 2025 r. wraz z","breadcrumb":{"@id":"https:\/\/pb.edu.pl\/sjo\/polish-lab\/egzaminy\/certyfikat-polski\/obecna-sesja\/#breadcrumb"},"inLanguage":"pl-PL","potentialAction":[{"@type":"ReadAction","target":["https:\/\/pb.edu.pl\/sjo\/polish-lab\/egzaminy\/certyfikat-polski\/obecna-sesja\/"]}]},{"@type":"ImageObject","inLanguage":"pl-PL","@id":"https:\/\/pb.edu.pl\/sjo\/polish-lab\/egzaminy\/certyfikat-polski\/obecna-sesja\/#primaryimage","url":"https:\/\/pb.edu.pl\/sjo\/wp-content\/uploads\/sites\/9\/2024\/11\/certyfikat.png","contentUrl":"https:\/\/pb.edu.pl\/sjo\/wp-content\/uploads\/sites\/9\/2024\/11\/certyfikat.png","width":799,"height":533},{"@type":"BreadcrumbList","@id":"https:\/\/pb.edu.pl\/sjo\/polish-lab\/egzaminy\/certyfikat-polski\/obecna-sesja\/#breadcrumb","itemListElement":[{"@type":"ListItem","position":1,"name":"Home","item":"https:\/\/pb.edu.pl\/sjo\/"},{"@type":"ListItem","position":2,"name":"Centrum J\u0119zyka i Kultury Polskiej POLISH LAB","item":"https:\/\/pb.edu.pl\/sjo\/polish-lab\/"},{"@type":"ListItem","position":3,"name":"Egzaminy","item":"https:\/\/pb.edu.pl\/sjo\/polish-lab\/egzaminy\/"},{"@type":"ListItem","position":4,"name":"Certyfikat Polski","item":"https:\/\/pb.edu.pl\/sjo\/polish-lab\/egzaminy\/certyfikat-polski\/"},{"@type":"ListItem","position":5,"name":"Obecna sesja"}]},{"@type":"WebSite","@id":"https:\/\/pb.edu.pl\/sjo\/#website","url":"https:\/\/pb.edu.pl\/sjo\/","name":"Studium J\u0119zyk\u00f3w Obcych","description":"","potentialAction":[{"@type":"SearchAction","target":{"@type":"EntryPoint","urlTemplate":"https:\/\/pb.edu.pl\/sjo\/?s={search_term_string}"},"query-input":{"@type":"PropertyValueSpecification","valueRequired":true,"valueName":"search_term_string"}}],"inLanguage":"pl-PL"}]}},"_links":{"self":[{"href":"https:\/\/pb.edu.pl\/sjo\/wp-json\/wp\/v2\/pages\/28774","targetHints":{"allow":["GET"]}}],"collection":[{"href":"https:\/\/pb.edu.pl\/sjo\/wp-json\/wp\/v2\/pages"}],"about":[{"href":"https:\/\/pb.edu.pl\/sjo\/wp-json\/wp\/v2\/types\/page"}],"author":[{"embeddable":true,"href":"https:\/\/pb.edu.pl\/sjo\/wp-json\/wp\/v2\/users\/6"}],"replies":[{"embeddable":true,"href":"https:\/\/pb.edu.pl\/sjo\/wp-json\/wp\/v2\/comments?post=28774"}],"version-history":[{"count":3,"href":"https:\/\/pb.edu.pl\/sjo\/wp-json\/wp\/v2\/pages\/28774\/revisions"}],"predecessor-version":[{"id":30990,"href":"https:\/\/pb.edu.pl\/sjo\/wp-json\/wp\/v2\/pages\/28774\/revisions\/30990"}],"up":[{"embeddable":true,"href":"https:\/\/pb.edu.pl\/sjo\/wp-json\/wp\/v2\/pages\/27431"}],"wp:attachment":[{"href":"https:\/\/pb.edu.pl\/sjo\/wp-json\/wp\/v2\/media?parent=28774"}],"curies":[{"name":"wp","href":"https:\/\/api.w.org\/{rel}","templated":true}]}}