{"id":28554,"date":"2025-05-20T10:23:55","date_gmt":"2025-05-20T08:23:55","guid":{"rendered":"https:\/\/pb.edu.pl\/sjo\/?page_id=28554"},"modified":"2026-03-30T09:18:08","modified_gmt":"2026-03-30T07:18:08","slug":"kurs-na-egzaminatora","status":"publish","type":"page","link":"https:\/\/pb.edu.pl\/sjo\/polish-lab\/kursy-jezyka-polskiego-jako-obcego-2\/kurs-na-egzaminatora\/","title":{"rendered":"Szkolenie na egzaminatora"},"content":{"rendered":"<h2><a href=\"https:\/\/pb.edu.pl\/sjo\/wp-content\/uploads\/sites\/9\/2025\/07\/PL-szkolenie-na-egzaminatora.png\"><img loading=\"lazy\" decoding=\"async\" class=\"size-medium wp-image-29265 alignleft\" src=\"https:\/\/pb.edu.pl\/sjo\/wp-content\/uploads\/sites\/9\/2025\/07\/PL-szkolenie-na-egzaminatora-300x200.png\" alt=\"\" width=\"300\" height=\"200\" srcset=\"https:\/\/pb.edu.pl\/sjo\/wp-content\/uploads\/sites\/9\/2025\/07\/PL-szkolenie-na-egzaminatora-300x200.png 300w, https:\/\/pb.edu.pl\/sjo\/wp-content\/uploads\/sites\/9\/2025\/07\/PL-szkolenie-na-egzaminatora-768x512.png 768w, https:\/\/pb.edu.pl\/sjo\/wp-content\/uploads\/sites\/9\/2025\/07\/PL-szkolenie-na-egzaminatora-480x320.png 480w, https:\/\/pb.edu.pl\/sjo\/wp-content\/uploads\/sites\/9\/2025\/07\/PL-szkolenie-na-egzaminatora.png 799w\" sizes=\"auto, (max-width: 300px) 100vw, 300px\" \/><\/a>Poznaj tajniki bycia egzaminatorem z j\u0119zyka polskiego jako obcego!<\/h2>\n<p>Zapraszamy na <strong>specjalistyczne szkolenie przygotowuj\u0105ce do roli egzaminatora podczas pa\u0144stwowych egzamin\u00f3w z j\u0119zyka polskiego jako obcego<\/strong>. Szkolenie obejmuje praktyczne \u0107wiczenia, analiz\u0119 arkuszy egzaminacyjnych pod k\u0105tem sprawdzania i oceniania poszczeg\u00f3lnych modu\u0142\u00f3w, symulacje oceniania modu\u0142\u00f3w 'm\u00f3wienie&#8217; i 'pisanie&#8217; oraz om\u00f3wienie dokument\u00f3w b\u0119d\u0105cych podstaw\u0105 pracy egzaminatora.&nbsp;<\/p>\n<p>Nie jest to kurs kwalifikacyjny. Kwalifikacje do bycia egzaminatorem okre\u015bla Ustawa o j\u0119zyku polskim z dnia 7 pa\u017adziernika 1999 r., Rozdzia\u0142 2a, Art. 11e<br \/>\n<a class=\"pdf\" href=\"https:\/\/pb.edu.pl\/sjo\/wp-content\/uploads\/sites\/9\/2026\/02\/DZU_2026_26_81.pdf\" target=\"_blank\" rel=\"noopener\" data-id=\"30758\">DZU_2026_26_81 (PDF, 288 KB, otworzy si\u0119 w nowej karcie)<\/a> . Uczestnicy tego szkolenia zdob\u0119d\u0105 kompetencje niezb\u0119dne do profesjonalnego przeprowadzania egzamin\u00f3w certyfikatowych na poziomie B1 i otrzymaj\u0105 za\u015bwiadczenie o uko\u0144czeniu szkolenia. &nbsp;<\/p>\n<h3>Kiedy?<\/h3>\n<p>Termin: dwa zjazdy po minimun 6 godzin akademickich w formie zdalnej, w soboty:<\/p>\n<p><strong>&#8211; 18 kwietnia 2026 r. w godzinach 13:00 &#8211; 17:30<\/strong><\/p>\n<p><strong>&#8211; 25 kwietnia 2026 r. w godzinach 9:00 &#8211; 13:30<\/strong><\/p>\n<p>Uczestnictwo w obu dniach jest obowi\u0105zkowe.<\/p>\n<p>Konieczne jest r\u00f3wnie\u017c przygotowanie si\u0119 przed rozpocz\u0119ciem szkolenia wed\u0142ug zalece\u0144 lektorki prowadz\u0105cej szkolenie, w tym szczeg\u00f3\u0142owe zapoznanie si\u0119 z materia\u0142ami przez ni\u0105 wys\u0142anymi.<\/p>\n<h3>Rejestracja<\/h3>\n<p><strong><a href=\"https:\/\/irk2.uci.pb.edu.pl\/pl\/offer\/KURSY_Z_DOSTEPEM_2025_2026\/programme\/POLISH_LAB_KURS_ONLINE_2026_EGZ\/\">Rejestracja trwa<\/a> \u2014 szczeg\u00f3\u0142y na dole strony. <\/strong><\/p>\n<p><strong>Maksymalna liczba miejsc: 7<\/strong><\/p>\n<h3>Dla kogo?<\/h3>\n<p>Zapraszamy przede wszystkim polonist\u00f3w oraz absolwent\u00f3w filologii nowo\u017cytnych z do\u015bwiadczeniem w nauczaniu j\u0119zyka polskiego jako obcego.&nbsp;<\/p>\n<h3>Dlaczego warto?<\/h3>\n<ul>\n<li>kurs stacjonarny b\u0105d\u017a prowadzony zdalnie na \u017cywo \u2013 bez wychodzenia z domu, ale z bezpo\u015brednim kontaktem z prowadz\u0105cym<\/li>\n<li><strong>ma\u0142a grupa (6-7 uczestnik\u00f3w) i indywidualne podej\u015bcie<\/strong> \u2013 mo\u017cliwo\u015b\u0107 zadawania pyta\u0144, aktywnego uczestnictwa i konsultacji<\/li>\n<li><strong>do\u015bwiadczona kadra<\/strong> \u2013 szkolenie prowadzi praktyk z wieloletnim do\u015bwiadczeniem w pracy egzaminatora i nauczyciela jpjo<\/li>\n<li><strong>wysoki poziom merytoryczny i praktyczny<\/strong> \u2013 konkretne przyk\u0142ady, analiza arkuszy, symulacje oceniania<\/li>\n<\/ul>\n<h3>Jakie s\u0105 koszty i korzy\u015bci?<\/h3>\n<p class=\"isSelectedEnd\">Zale\u017cy nam, aby uczestnik p\u0142aci\u0142 za efekt, a nie tylko za liczb\u0119 godzin zaj\u0119\u0107.<\/p>\n<p class=\"isSelectedEnd\">Dbamy o to, \u017ceby cena by\u0142a adekwatna do jako\u015bci szkolenia oraz realnych efekt\u00f3w osi\u0105ganych przez uczestnik\u00f3w. Poniewa\u017c nasze szkolenia to nie tylko zaj\u0119cia, ale kompleksowy proces nauki obejmuj\u0105cy opiek\u0119 metodyczn\u0105, materia\u0142y oraz wsparcie prowadz\u0105cego.<\/p>\n<p>Zapraszamy do <a href=\"https:\/\/pb.edu.pl\/sjo\/polish-lab\/kontakt\/\">kontaktu<\/a> \u2014 przedstawimy szczeg\u00f3\u0142y i mo\u017cliwe opcje.<\/p>\n<h3>Jak si\u0119 zapisa\u0107?<\/h3>\n<p>Prosimy o przes\u0142anie zg\u0142oszenia mailowo podaj\u0105c swoje imi\u0119 i nazwisko,&nbsp;numer telefonu, informacj\u0119 o rodzaju uko\u0144czonych studi\u00f3w magisterskich i ewentualnie o uko\u0144czeniu studi\u00f3w podyplomowych w zakresie glottodydaktyki na adres: <a href=\"#\" rel=\"nofollow\"  onclick=\"this.href='mailto:' + 'iplc' + '@' + 'pb.edu.pl'\">iplc [at] pb.edu.pl<\/a>.&nbsp;<\/p>\n<p>Na kolejnym etapie konieczna b\u0119dzie rejestracja przez <a href=\"https:\/\/irk2.uci.pb.edu.pl\/pl\/offer\/KURSY_Z_DOSTEPEM_2025_2026\/programme\/POLISH_LAB_KURS_ONLINE_2026_EGZ\/\"><span style=\"color: #0000ff\">Internetowy Rejestr Kandydat\u00f3w (IRK)<\/span><\/a>. <span style=\"color: #ff0000\">Rejestracja otwarta. Zapraszamy!<\/span><\/p>\n<p>Po klikni\u0119ciu na zielony przycisk 'Zapisz si\u0119&#8217;, nale\u017cy za\u0142o\u017cy\u0107 konto i wybra\u0107 w\u0142a\u015bciwe szkolenie w formie zdalnej.<\/p>\n<p>Informacja telefoniczna <a href=\"https:\/\/pb.edu.pl\/sjo\/polish-lab\/kontakt\/\">Kontakt<\/a><\/p>\n<p>Poznajcie opinie by\u0142ych uczestnik\u00f3w szkolenia:<\/p>\n<div class=\"embed-responsive embed-responsive-16by9\">\n<blockquote class=\"wp-embedded-content\" data-secret=\"QIWwYrkRpo\"><p><a href=\"https:\/\/pb.edu.pl\/sjo\/2025\/10\/31\/szkolenie-na-egzaminatora-egzaminow-panstwowych\/\">Szkolenie na egzaminatora egzamin\u00f3w pa\u0144stwowych<\/a><\/p><\/blockquote>\n<p><iframe loading=\"lazy\" class=\"wp-embedded-content\" sandbox=\"allow-scripts\" security=\"restricted\" style=\"position: absolute; visibility: hidden;\" title=\"&#8222;Szkolenie na egzaminatora egzamin\u00f3w pa\u0144stwowych&#8221; &#8212; Studium J\u0119zyk\u00f3w Obcych\" src=\"https:\/\/pb.edu.pl\/sjo\/2025\/10\/31\/szkolenie-na-egzaminatora-egzaminow-panstwowych\/embed\/#?secret=Mcv2vBwbkP#?secret=QIWwYrkRpo\" data-secret=\"QIWwYrkRpo\" width=\"500\" height=\"282\" frameborder=\"0\" marginwidth=\"0\" marginheight=\"0\" scrolling=\"no\"><\/iframe><\/div>\n<p><em><span style=\"font-size: 10pt\"><span style=\"font-family: georgia, palatino, serif\">&nbsp;<\/span><span style=\"font-family: trebuchet ms, geneva, sans-serif\">Aktualizacja 24 marca 2026 r.<\/span><\/span><\/em><\/p>\n","protected":false},"excerpt":{"rendered":"<p>Poznaj tajniki bycia egzaminatorem z j\u0119zyka polskiego jako obcego! Zapraszamy na specjalistyczne szkolenie przygotowuj\u0105ce do<\/p>\n","protected":false},"author":6,"featured_media":0,"parent":25995,"menu_order":0,"comment_status":"closed","ping_status":"closed","template":"","meta":{"_acf_changed":false,"ngg_post_thumbnail":0,"footnotes":""},"class_list":["post-28554","page","type-page","status-publish","hentry"],"acf":[],"yoast_head":"<!-- This site is optimized with the Yoast SEO plugin v27.0 - https:\/\/yoast.com\/product\/yoast-seo-wordpress\/ -->\n<title>Szkolenie na egzaminatora - Studium J\u0119zyk\u00f3w Obcych<\/title>\n<meta name=\"description\" content=\"Poznaj tajniki bycia egzaminatorem z j\u0119zyka polskiego jako obcego! Zapraszamy na specjalistyczne szkolenie przygotowuj\u0105ce do roli egzaminatora podczas\" \/>\n<meta name=\"robots\" content=\"index, follow, max-snippet:-1, max-image-preview:large, max-video-preview:-1\" \/>\n<link rel=\"canonical\" href=\"https:\/\/pb.edu.pl\/sjo\/polish-lab\/kursy-jezyka-polskiego-jako-obcego-2\/kurs-na-egzaminatora\/\" \/>\n<meta property=\"og:locale\" content=\"pl_PL\" \/>\n<meta property=\"og:type\" content=\"article\" \/>\n<meta property=\"og:title\" content=\"Szkolenie na egzaminatora - Studium J\u0119zyk\u00f3w Obcych\" \/>\n<meta property=\"og:description\" content=\"Poznaj tajniki bycia egzaminatorem z j\u0119zyka polskiego jako obcego! Zapraszamy na specjalistyczne szkolenie przygotowuj\u0105ce do roli egzaminatora podczas\" \/>\n<meta property=\"og:url\" content=\"https:\/\/pb.edu.pl\/sjo\/polish-lab\/kursy-jezyka-polskiego-jako-obcego-2\/kurs-na-egzaminatora\/\" \/>\n<meta property=\"og:site_name\" content=\"Studium J\u0119zyk\u00f3w Obcych\" \/>\n<meta property=\"article:modified_time\" content=\"2026-03-30T07:18:08+00:00\" \/>\n<meta property=\"og:image\" content=\"https:\/\/pb.edu.pl\/sjo\/wp-content\/uploads\/sites\/9\/2025\/07\/PL-szkolenie-na-egzaminatora.png\" \/>\n\t<meta property=\"og:image:width\" content=\"799\" \/>\n\t<meta property=\"og:image:height\" content=\"533\" \/>\n\t<meta property=\"og:image:type\" content=\"image\/png\" \/>\n<meta name=\"twitter:label1\" content=\"Szacowany czas czytania\" \/>\n\t<meta name=\"twitter:data1\" content=\"3 minuty\" \/>\n<script type=\"application\/ld+json\" class=\"yoast-schema-graph\">{\"@context\":\"https:\/\/schema.org\",\"@graph\":[{\"@type\":\"WebPage\",\"@id\":\"https:\/\/pb.edu.pl\/sjo\/polish-lab\/kursy-jezyka-polskiego-jako-obcego-2\/kurs-na-egzaminatora\/\",\"url\":\"https:\/\/pb.edu.pl\/sjo\/polish-lab\/kursy-jezyka-polskiego-jako-obcego-2\/kurs-na-egzaminatora\/\",\"name\":\"Szkolenie na egzaminatora - Studium J\u0119zyk\u00f3w Obcych\",\"isPartOf\":{\"@id\":\"https:\/\/pb.edu.pl\/sjo\/#website\"},\"primaryImageOfPage\":{\"@id\":\"https:\/\/pb.edu.pl\/sjo\/polish-lab\/kursy-jezyka-polskiego-jako-obcego-2\/kurs-na-egzaminatora\/#primaryimage\"},\"image\":{\"@id\":\"https:\/\/pb.edu.pl\/sjo\/polish-lab\/kursy-jezyka-polskiego-jako-obcego-2\/kurs-na-egzaminatora\/#primaryimage\"},\"thumbnailUrl\":\"https:\/\/pb.edu.pl\/sjo\/wp-content\/uploads\/sites\/9\/2025\/07\/PL-szkolenie-na-egzaminatora-300x200.png\",\"datePublished\":\"2025-05-20T08:23:55+00:00\",\"dateModified\":\"2026-03-30T07:18:08+00:00\",\"description\":\"Poznaj tajniki bycia egzaminatorem z j\u0119zyka polskiego jako obcego! Zapraszamy na specjalistyczne szkolenie przygotowuj\u0105ce do roli egzaminatora podczas\",\"breadcrumb\":{\"@id\":\"https:\/\/pb.edu.pl\/sjo\/polish-lab\/kursy-jezyka-polskiego-jako-obcego-2\/kurs-na-egzaminatora\/#breadcrumb\"},\"inLanguage\":\"pl-PL\",\"potentialAction\":[{\"@type\":\"ReadAction\",\"target\":[\"https:\/\/pb.edu.pl\/sjo\/polish-lab\/kursy-jezyka-polskiego-jako-obcego-2\/kurs-na-egzaminatora\/\"]}]},{\"@type\":\"ImageObject\",\"inLanguage\":\"pl-PL\",\"@id\":\"https:\/\/pb.edu.pl\/sjo\/polish-lab\/kursy-jezyka-polskiego-jako-obcego-2\/kurs-na-egzaminatora\/#primaryimage\",\"url\":\"https:\/\/pb.edu.pl\/sjo\/wp-content\/uploads\/sites\/9\/2025\/07\/PL-szkolenie-na-egzaminatora.png\",\"contentUrl\":\"https:\/\/pb.edu.pl\/sjo\/wp-content\/uploads\/sites\/9\/2025\/07\/PL-szkolenie-na-egzaminatora.png\",\"width\":799,\"height\":533},{\"@type\":\"BreadcrumbList\",\"@id\":\"https:\/\/pb.edu.pl\/sjo\/polish-lab\/kursy-jezyka-polskiego-jako-obcego-2\/kurs-na-egzaminatora\/#breadcrumb\",\"itemListElement\":[{\"@type\":\"ListItem\",\"position\":1,\"name\":\"Home\",\"item\":\"https:\/\/pb.edu.pl\/sjo\/\"},{\"@type\":\"ListItem\",\"position\":2,\"name\":\"Centrum J\u0119zyka i Kultury Polskiej POLISH LAB\",\"item\":\"https:\/\/pb.edu.pl\/sjo\/polish-lab\/\"},{\"@type\":\"ListItem\",\"position\":3,\"name\":\"Kursy j\u0119zyka polskiego jako obcego\",\"item\":\"https:\/\/pb.edu.pl\/sjo\/polish-lab\/kursy-jezyka-polskiego-jako-obcego-2\/\"},{\"@type\":\"ListItem\",\"position\":4,\"name\":\"Szkolenie na egzaminatora\"}]},{\"@type\":\"WebSite\",\"@id\":\"https:\/\/pb.edu.pl\/sjo\/#website\",\"url\":\"https:\/\/pb.edu.pl\/sjo\/\",\"name\":\"Studium J\u0119zyk\u00f3w Obcych\",\"description\":\"\",\"potentialAction\":[{\"@type\":\"SearchAction\",\"target\":{\"@type\":\"EntryPoint\",\"urlTemplate\":\"https:\/\/pb.edu.pl\/sjo\/?s={search_term_string}\"},\"query-input\":{\"@type\":\"PropertyValueSpecification\",\"valueRequired\":true,\"valueName\":\"search_term_string\"}}],\"inLanguage\":\"pl-PL\"}]}<\/script>\n<!-- \/ Yoast SEO plugin. -->","yoast_head_json":{"title":"Szkolenie na egzaminatora - Studium J\u0119zyk\u00f3w Obcych","description":"Poznaj tajniki bycia egzaminatorem z j\u0119zyka polskiego jako obcego! Zapraszamy na specjalistyczne szkolenie przygotowuj\u0105ce do roli egzaminatora podczas","robots":{"index":"index","follow":"follow","max-snippet":"max-snippet:-1","max-image-preview":"max-image-preview:large","max-video-preview":"max-video-preview:-1"},"canonical":"https:\/\/pb.edu.pl\/sjo\/polish-lab\/kursy-jezyka-polskiego-jako-obcego-2\/kurs-na-egzaminatora\/","og_locale":"pl_PL","og_type":"article","og_title":"Szkolenie na egzaminatora - Studium J\u0119zyk\u00f3w Obcych","og_description":"Poznaj tajniki bycia egzaminatorem z j\u0119zyka polskiego jako obcego! Zapraszamy na specjalistyczne szkolenie przygotowuj\u0105ce do roli egzaminatora podczas","og_url":"https:\/\/pb.edu.pl\/sjo\/polish-lab\/kursy-jezyka-polskiego-jako-obcego-2\/kurs-na-egzaminatora\/","og_site_name":"Studium J\u0119zyk\u00f3w Obcych","article_modified_time":"2026-03-30T07:18:08+00:00","og_image":[{"width":799,"height":533,"url":"https:\/\/pb.edu.pl\/sjo\/wp-content\/uploads\/sites\/9\/2025\/07\/PL-szkolenie-na-egzaminatora.png","type":"image\/png"}],"twitter_misc":{"Szacowany czas czytania":"3 minuty"},"schema":{"@context":"https:\/\/schema.org","@graph":[{"@type":"WebPage","@id":"https:\/\/pb.edu.pl\/sjo\/polish-lab\/kursy-jezyka-polskiego-jako-obcego-2\/kurs-na-egzaminatora\/","url":"https:\/\/pb.edu.pl\/sjo\/polish-lab\/kursy-jezyka-polskiego-jako-obcego-2\/kurs-na-egzaminatora\/","name":"Szkolenie na egzaminatora - Studium J\u0119zyk\u00f3w Obcych","isPartOf":{"@id":"https:\/\/pb.edu.pl\/sjo\/#website"},"primaryImageOfPage":{"@id":"https:\/\/pb.edu.pl\/sjo\/polish-lab\/kursy-jezyka-polskiego-jako-obcego-2\/kurs-na-egzaminatora\/#primaryimage"},"image":{"@id":"https:\/\/pb.edu.pl\/sjo\/polish-lab\/kursy-jezyka-polskiego-jako-obcego-2\/kurs-na-egzaminatora\/#primaryimage"},"thumbnailUrl":"https:\/\/pb.edu.pl\/sjo\/wp-content\/uploads\/sites\/9\/2025\/07\/PL-szkolenie-na-egzaminatora-300x200.png","datePublished":"2025-05-20T08:23:55+00:00","dateModified":"2026-03-30T07:18:08+00:00","description":"Poznaj tajniki bycia egzaminatorem z j\u0119zyka polskiego jako obcego! Zapraszamy na specjalistyczne szkolenie przygotowuj\u0105ce do roli egzaminatora podczas","breadcrumb":{"@id":"https:\/\/pb.edu.pl\/sjo\/polish-lab\/kursy-jezyka-polskiego-jako-obcego-2\/kurs-na-egzaminatora\/#breadcrumb"},"inLanguage":"pl-PL","potentialAction":[{"@type":"ReadAction","target":["https:\/\/pb.edu.pl\/sjo\/polish-lab\/kursy-jezyka-polskiego-jako-obcego-2\/kurs-na-egzaminatora\/"]}]},{"@type":"ImageObject","inLanguage":"pl-PL","@id":"https:\/\/pb.edu.pl\/sjo\/polish-lab\/kursy-jezyka-polskiego-jako-obcego-2\/kurs-na-egzaminatora\/#primaryimage","url":"https:\/\/pb.edu.pl\/sjo\/wp-content\/uploads\/sites\/9\/2025\/07\/PL-szkolenie-na-egzaminatora.png","contentUrl":"https:\/\/pb.edu.pl\/sjo\/wp-content\/uploads\/sites\/9\/2025\/07\/PL-szkolenie-na-egzaminatora.png","width":799,"height":533},{"@type":"BreadcrumbList","@id":"https:\/\/pb.edu.pl\/sjo\/polish-lab\/kursy-jezyka-polskiego-jako-obcego-2\/kurs-na-egzaminatora\/#breadcrumb","itemListElement":[{"@type":"ListItem","position":1,"name":"Home","item":"https:\/\/pb.edu.pl\/sjo\/"},{"@type":"ListItem","position":2,"name":"Centrum J\u0119zyka i Kultury Polskiej POLISH LAB","item":"https:\/\/pb.edu.pl\/sjo\/polish-lab\/"},{"@type":"ListItem","position":3,"name":"Kursy j\u0119zyka polskiego jako obcego","item":"https:\/\/pb.edu.pl\/sjo\/polish-lab\/kursy-jezyka-polskiego-jako-obcego-2\/"},{"@type":"ListItem","position":4,"name":"Szkolenie na egzaminatora"}]},{"@type":"WebSite","@id":"https:\/\/pb.edu.pl\/sjo\/#website","url":"https:\/\/pb.edu.pl\/sjo\/","name":"Studium J\u0119zyk\u00f3w Obcych","description":"","potentialAction":[{"@type":"SearchAction","target":{"@type":"EntryPoint","urlTemplate":"https:\/\/pb.edu.pl\/sjo\/?s={search_term_string}"},"query-input":{"@type":"PropertyValueSpecification","valueRequired":true,"valueName":"search_term_string"}}],"inLanguage":"pl-PL"}]}},"_links":{"self":[{"href":"https:\/\/pb.edu.pl\/sjo\/wp-json\/wp\/v2\/pages\/28554","targetHints":{"allow":["GET"]}}],"collection":[{"href":"https:\/\/pb.edu.pl\/sjo\/wp-json\/wp\/v2\/pages"}],"about":[{"href":"https:\/\/pb.edu.pl\/sjo\/wp-json\/wp\/v2\/types\/page"}],"author":[{"embeddable":true,"href":"https:\/\/pb.edu.pl\/sjo\/wp-json\/wp\/v2\/users\/6"}],"replies":[{"embeddable":true,"href":"https:\/\/pb.edu.pl\/sjo\/wp-json\/wp\/v2\/comments?post=28554"}],"version-history":[{"count":15,"href":"https:\/\/pb.edu.pl\/sjo\/wp-json\/wp\/v2\/pages\/28554\/revisions"}],"predecessor-version":[{"id":31206,"href":"https:\/\/pb.edu.pl\/sjo\/wp-json\/wp\/v2\/pages\/28554\/revisions\/31206"}],"up":[{"embeddable":true,"href":"https:\/\/pb.edu.pl\/sjo\/wp-json\/wp\/v2\/pages\/25995"}],"wp:attachment":[{"href":"https:\/\/pb.edu.pl\/sjo\/wp-json\/wp\/v2\/media?parent=28554"}],"curies":[{"name":"wp","href":"https:\/\/api.w.org\/{rel}","templated":true}]}}