{"id":28391,"date":"2025-05-06T14:42:47","date_gmt":"2025-05-06T12:42:47","guid":{"rendered":"https:\/\/pb.edu.pl\/sjo\/?page_id=28391"},"modified":"2025-05-12T12:46:24","modified_gmt":"2025-05-12T10:46:24","slug":"lbpro","status":"publish","type":"page","link":"https:\/\/pb.edu.pl\/sjo\/wydarzenia-sjo\/mock-job-interview-2025\/pracodawcy\/lbpro\/","title":{"rendered":"LBPro"},"content":{"rendered":"<h2><a href=\"https:\/\/pb.edu.pl\/sjo\/wp-content\/uploads\/sites\/9\/2025\/05\/lbpro.png\"><img loading=\"lazy\" decoding=\"async\" class=\"size-medium wp-image-28400 alignleft\" src=\"https:\/\/pb.edu.pl\/sjo\/wp-content\/uploads\/sites\/9\/2025\/05\/lbpro-300x200.png\" alt=\"\" width=\"300\" height=\"200\" srcset=\"https:\/\/pb.edu.pl\/sjo\/wp-content\/uploads\/sites\/9\/2025\/05\/lbpro-300x200.png 300w, https:\/\/pb.edu.pl\/sjo\/wp-content\/uploads\/sites\/9\/2025\/05\/lbpro-768x512.png 768w, https:\/\/pb.edu.pl\/sjo\/wp-content\/uploads\/sites\/9\/2025\/05\/lbpro-480x320.png 480w, https:\/\/pb.edu.pl\/sjo\/wp-content\/uploads\/sites\/9\/2025\/05\/lbpro.png 799w\" sizes=\"auto, (max-width: 300px) 100vw, 300px\" \/><\/a>Bia\u0142ostocki software house<\/h2>\n<p>LBPro to polska firma technologiczna specjalizuj\u0105ca si\u0119 <strong>w tworzeniu dedykowanego oprogramowania oraz kompleksowej obs\u0142udze projekt\u00f3w IT<\/strong> \u2013 od analizy i projektowania, przez rozw\u00f3j i wdro\u017cenie, a\u017c po utrzymanie i support.&nbsp;<\/p>\n<p>Biura firmy mieszcz\u0105 si\u0119 w Bia\u0142ymstoku i \u0141odzi, ale obszar dzia\u0142ania LBPro wykracza daleko poza granice Polski. Ponad 100-osobowy zesp\u00f3\u0142 realizuje projekty dla klient\u00f3w z ca\u0142ej Europy oraz Stan\u00f3w Zjednoczonych. Dzi\u0119ki sprawdzonemu zapleczu technologicznemu i organizacyjnemu, firma z powodzeniem obs\u0142uguje zar\u00f3wno mniejsze inicjatywy, jak i rozbudowane systemy wymagaj\u0105ce integracji z infrastruktur\u0105 klienta.<\/p>\n<h2>Zakres us\u0142ug<\/h2>\n<ul>\n<li><strong>Tworzenie oprogramowania<\/strong> od podstaw lub z wykorzystaniem gotowych komponent\u00f3w.<\/li>\n<li><strong>Skalowanie i optymalizacja system\u00f3w<\/strong>, kt\u00f3re rosn\u0105 razem z biznesem.<\/li>\n<li><strong>Hosting i utrzymanie \u015brodowisk produkcyjnych<\/strong>, z my\u015bl\u0105 o ich niezawodno\u015bci i dost\u0119pno\u015bci.<\/li>\n<li><strong>Support techniczny i bezpiecze\u0144stwo<\/strong>, zapewniane 24\/7 przez ca\u0142y rok.<\/li>\n<\/ul>\n<p>LBPro oferuje tak\u017ce <strong>projektowanie graficzne, doradztwo biznesowe, wsparcie sprzeda\u017cowe oraz opiek\u0119 posprzeda\u017cow\u0105<\/strong>. Wszystko po to, by klienci mogli skupi\u0107 si\u0119 na swoim biznesie, maj\u0105c pewno\u015b\u0107, \u017ce zaplecze technologiczne nie zawiedzie.<\/p>\n<p>W portfolio firmy znajduj\u0105 si\u0119 rozwi\u0105zania m.in. dla bran\u017c: parkingowej, HoReCa, produkcyjnej, self storage i innych. Zrealizowane systemy obejmuj\u0105 m.in. zarz\u0105dzanie parkingami, obs\u0142ug\u0119 magazyn\u00f3w, programy lojalno\u015bciowe, systemy do zbierania darowizn, a tak\u017ce rozwi\u0105zania dla urz\u0105dze\u0144 samoobs\u0142ugowych.<\/p>\n<p>Wi\u0119cej informacji: <a href=\"https:\/\/lbpro.net\">https:\/\/lbpro.net<\/a><\/p>\n<p>&nbsp;<\/p>\n","protected":false},"excerpt":{"rendered":"<p>Bia\u0142ostocki software house LBPro to polska firma technologiczna specjalizuj\u0105ca si\u0119 w tworzeniu dedykowanego oprogramowania oraz<\/p>\n","protected":false},"author":6,"featured_media":0,"parent":28360,"menu_order":0,"comment_status":"closed","ping_status":"closed","template":"","meta":{"_acf_changed":false,"ngg_post_thumbnail":0,"footnotes":""},"class_list":["post-28391","page","type-page","status-publish","hentry"],"acf":[],"yoast_head":"<!-- This site is optimized with the Yoast SEO plugin v27.0 - https:\/\/yoast.com\/product\/yoast-seo-wordpress\/ -->\n<title>LBPro - Studium J\u0119zyk\u00f3w Obcych<\/title>\n<meta name=\"description\" content=\"Bia\u0142ostocki software house LBPro to polska firma technologiczna specjalizuj\u0105ca si\u0119 w tworzeniu dedykowanego oprogramowania oraz kompleksowej obs\u0142udze\" \/>\n<meta name=\"robots\" content=\"index, follow, max-snippet:-1, max-image-preview:large, max-video-preview:-1\" \/>\n<link rel=\"canonical\" href=\"https:\/\/pb.edu.pl\/sjo\/wydarzenia-sjo\/mock-job-interview-2025\/pracodawcy\/lbpro\/\" \/>\n<meta property=\"og:locale\" content=\"pl_PL\" \/>\n<meta property=\"og:type\" content=\"article\" \/>\n<meta property=\"og:title\" content=\"LBPro - Studium J\u0119zyk\u00f3w Obcych\" \/>\n<meta property=\"og:description\" content=\"Bia\u0142ostocki software house LBPro to polska firma technologiczna specjalizuj\u0105ca si\u0119 w tworzeniu dedykowanego oprogramowania oraz kompleksowej obs\u0142udze\" \/>\n<meta property=\"og:url\" content=\"https:\/\/pb.edu.pl\/sjo\/wydarzenia-sjo\/mock-job-interview-2025\/pracodawcy\/lbpro\/\" \/>\n<meta property=\"og:site_name\" content=\"Studium J\u0119zyk\u00f3w Obcych\" \/>\n<meta property=\"article:modified_time\" content=\"2025-05-12T10:46:24+00:00\" \/>\n<meta property=\"og:image\" content=\"https:\/\/pb.edu.pl\/sjo\/wp-content\/uploads\/sites\/9\/2025\/05\/lbpro.png\" \/>\n\t<meta property=\"og:image:width\" content=\"799\" \/>\n\t<meta property=\"og:image:height\" content=\"533\" \/>\n\t<meta property=\"og:image:type\" content=\"image\/png\" \/>\n<meta name=\"twitter:label1\" content=\"Szacowany czas czytania\" \/>\n\t<meta name=\"twitter:data1\" content=\"2 minuty\" \/>\n<script type=\"application\/ld+json\" class=\"yoast-schema-graph\">{\"@context\":\"https:\/\/schema.org\",\"@graph\":[{\"@type\":\"WebPage\",\"@id\":\"https:\/\/pb.edu.pl\/sjo\/wydarzenia-sjo\/mock-job-interview-2025\/pracodawcy\/lbpro\/\",\"url\":\"https:\/\/pb.edu.pl\/sjo\/wydarzenia-sjo\/mock-job-interview-2025\/pracodawcy\/lbpro\/\",\"name\":\"LBPro - Studium J\u0119zyk\u00f3w Obcych\",\"isPartOf\":{\"@id\":\"https:\/\/pb.edu.pl\/sjo\/#website\"},\"primaryImageOfPage\":{\"@id\":\"https:\/\/pb.edu.pl\/sjo\/wydarzenia-sjo\/mock-job-interview-2025\/pracodawcy\/lbpro\/#primaryimage\"},\"image\":{\"@id\":\"https:\/\/pb.edu.pl\/sjo\/wydarzenia-sjo\/mock-job-interview-2025\/pracodawcy\/lbpro\/#primaryimage\"},\"thumbnailUrl\":\"https:\/\/pb.edu.pl\/sjo\/wp-content\/uploads\/sites\/9\/2025\/05\/lbpro-300x200.png\",\"datePublished\":\"2025-05-06T12:42:47+00:00\",\"dateModified\":\"2025-05-12T10:46:24+00:00\",\"description\":\"Bia\u0142ostocki software house LBPro to polska firma technologiczna specjalizuj\u0105ca si\u0119 w tworzeniu dedykowanego oprogramowania oraz kompleksowej obs\u0142udze\",\"breadcrumb\":{\"@id\":\"https:\/\/pb.edu.pl\/sjo\/wydarzenia-sjo\/mock-job-interview-2025\/pracodawcy\/lbpro\/#breadcrumb\"},\"inLanguage\":\"pl-PL\",\"potentialAction\":[{\"@type\":\"ReadAction\",\"target\":[\"https:\/\/pb.edu.pl\/sjo\/wydarzenia-sjo\/mock-job-interview-2025\/pracodawcy\/lbpro\/\"]}]},{\"@type\":\"ImageObject\",\"inLanguage\":\"pl-PL\",\"@id\":\"https:\/\/pb.edu.pl\/sjo\/wydarzenia-sjo\/mock-job-interview-2025\/pracodawcy\/lbpro\/#primaryimage\",\"url\":\"https:\/\/pb.edu.pl\/sjo\/wp-content\/uploads\/sites\/9\/2025\/05\/lbpro.png\",\"contentUrl\":\"https:\/\/pb.edu.pl\/sjo\/wp-content\/uploads\/sites\/9\/2025\/05\/lbpro.png\",\"width\":799,\"height\":533},{\"@type\":\"BreadcrumbList\",\"@id\":\"https:\/\/pb.edu.pl\/sjo\/wydarzenia-sjo\/mock-job-interview-2025\/pracodawcy\/lbpro\/#breadcrumb\",\"itemListElement\":[{\"@type\":\"ListItem\",\"position\":1,\"name\":\"Home\",\"item\":\"https:\/\/pb.edu.pl\/sjo\/\"},{\"@type\":\"ListItem\",\"position\":2,\"name\":\"Wydarzenia SJO\",\"item\":\"https:\/\/pb.edu.pl\/sjo\/wydarzenia-sjo\/\"},{\"@type\":\"ListItem\",\"position\":3,\"name\":\"Mock Job Interview 2025\",\"item\":\"https:\/\/pb.edu.pl\/sjo\/wydarzenia-sjo\/mock-job-interview-2025\/\"},{\"@type\":\"ListItem\",\"position\":4,\"name\":\"Pracodawcy\",\"item\":\"https:\/\/pb.edu.pl\/sjo\/wydarzenia-sjo\/mock-job-interview-2025\/pracodawcy\/\"},{\"@type\":\"ListItem\",\"position\":5,\"name\":\"LBPro\"}]},{\"@type\":\"WebSite\",\"@id\":\"https:\/\/pb.edu.pl\/sjo\/#website\",\"url\":\"https:\/\/pb.edu.pl\/sjo\/\",\"name\":\"Studium J\u0119zyk\u00f3w Obcych\",\"description\":\"\",\"potentialAction\":[{\"@type\":\"SearchAction\",\"target\":{\"@type\":\"EntryPoint\",\"urlTemplate\":\"https:\/\/pb.edu.pl\/sjo\/?s={search_term_string}\"},\"query-input\":{\"@type\":\"PropertyValueSpecification\",\"valueRequired\":true,\"valueName\":\"search_term_string\"}}],\"inLanguage\":\"pl-PL\"}]}<\/script>\n<!-- \/ Yoast SEO plugin. -->","yoast_head_json":{"title":"LBPro - Studium J\u0119zyk\u00f3w Obcych","description":"Bia\u0142ostocki software house LBPro to polska firma technologiczna specjalizuj\u0105ca si\u0119 w tworzeniu dedykowanego oprogramowania oraz kompleksowej obs\u0142udze","robots":{"index":"index","follow":"follow","max-snippet":"max-snippet:-1","max-image-preview":"max-image-preview:large","max-video-preview":"max-video-preview:-1"},"canonical":"https:\/\/pb.edu.pl\/sjo\/wydarzenia-sjo\/mock-job-interview-2025\/pracodawcy\/lbpro\/","og_locale":"pl_PL","og_type":"article","og_title":"LBPro - Studium J\u0119zyk\u00f3w Obcych","og_description":"Bia\u0142ostocki software house LBPro to polska firma technologiczna specjalizuj\u0105ca si\u0119 w tworzeniu dedykowanego oprogramowania oraz kompleksowej obs\u0142udze","og_url":"https:\/\/pb.edu.pl\/sjo\/wydarzenia-sjo\/mock-job-interview-2025\/pracodawcy\/lbpro\/","og_site_name":"Studium J\u0119zyk\u00f3w Obcych","article_modified_time":"2025-05-12T10:46:24+00:00","og_image":[{"width":799,"height":533,"url":"https:\/\/pb.edu.pl\/sjo\/wp-content\/uploads\/sites\/9\/2025\/05\/lbpro.png","type":"image\/png"}],"twitter_misc":{"Szacowany czas czytania":"2 minuty"},"schema":{"@context":"https:\/\/schema.org","@graph":[{"@type":"WebPage","@id":"https:\/\/pb.edu.pl\/sjo\/wydarzenia-sjo\/mock-job-interview-2025\/pracodawcy\/lbpro\/","url":"https:\/\/pb.edu.pl\/sjo\/wydarzenia-sjo\/mock-job-interview-2025\/pracodawcy\/lbpro\/","name":"LBPro - Studium J\u0119zyk\u00f3w Obcych","isPartOf":{"@id":"https:\/\/pb.edu.pl\/sjo\/#website"},"primaryImageOfPage":{"@id":"https:\/\/pb.edu.pl\/sjo\/wydarzenia-sjo\/mock-job-interview-2025\/pracodawcy\/lbpro\/#primaryimage"},"image":{"@id":"https:\/\/pb.edu.pl\/sjo\/wydarzenia-sjo\/mock-job-interview-2025\/pracodawcy\/lbpro\/#primaryimage"},"thumbnailUrl":"https:\/\/pb.edu.pl\/sjo\/wp-content\/uploads\/sites\/9\/2025\/05\/lbpro-300x200.png","datePublished":"2025-05-06T12:42:47+00:00","dateModified":"2025-05-12T10:46:24+00:00","description":"Bia\u0142ostocki software house LBPro to polska firma technologiczna specjalizuj\u0105ca si\u0119 w tworzeniu dedykowanego oprogramowania oraz kompleksowej obs\u0142udze","breadcrumb":{"@id":"https:\/\/pb.edu.pl\/sjo\/wydarzenia-sjo\/mock-job-interview-2025\/pracodawcy\/lbpro\/#breadcrumb"},"inLanguage":"pl-PL","potentialAction":[{"@type":"ReadAction","target":["https:\/\/pb.edu.pl\/sjo\/wydarzenia-sjo\/mock-job-interview-2025\/pracodawcy\/lbpro\/"]}]},{"@type":"ImageObject","inLanguage":"pl-PL","@id":"https:\/\/pb.edu.pl\/sjo\/wydarzenia-sjo\/mock-job-interview-2025\/pracodawcy\/lbpro\/#primaryimage","url":"https:\/\/pb.edu.pl\/sjo\/wp-content\/uploads\/sites\/9\/2025\/05\/lbpro.png","contentUrl":"https:\/\/pb.edu.pl\/sjo\/wp-content\/uploads\/sites\/9\/2025\/05\/lbpro.png","width":799,"height":533},{"@type":"BreadcrumbList","@id":"https:\/\/pb.edu.pl\/sjo\/wydarzenia-sjo\/mock-job-interview-2025\/pracodawcy\/lbpro\/#breadcrumb","itemListElement":[{"@type":"ListItem","position":1,"name":"Home","item":"https:\/\/pb.edu.pl\/sjo\/"},{"@type":"ListItem","position":2,"name":"Wydarzenia SJO","item":"https:\/\/pb.edu.pl\/sjo\/wydarzenia-sjo\/"},{"@type":"ListItem","position":3,"name":"Mock Job Interview 2025","item":"https:\/\/pb.edu.pl\/sjo\/wydarzenia-sjo\/mock-job-interview-2025\/"},{"@type":"ListItem","position":4,"name":"Pracodawcy","item":"https:\/\/pb.edu.pl\/sjo\/wydarzenia-sjo\/mock-job-interview-2025\/pracodawcy\/"},{"@type":"ListItem","position":5,"name":"LBPro"}]},{"@type":"WebSite","@id":"https:\/\/pb.edu.pl\/sjo\/#website","url":"https:\/\/pb.edu.pl\/sjo\/","name":"Studium J\u0119zyk\u00f3w Obcych","description":"","potentialAction":[{"@type":"SearchAction","target":{"@type":"EntryPoint","urlTemplate":"https:\/\/pb.edu.pl\/sjo\/?s={search_term_string}"},"query-input":{"@type":"PropertyValueSpecification","valueRequired":true,"valueName":"search_term_string"}}],"inLanguage":"pl-PL"}]}},"_links":{"self":[{"href":"https:\/\/pb.edu.pl\/sjo\/wp-json\/wp\/v2\/pages\/28391","targetHints":{"allow":["GET"]}}],"collection":[{"href":"https:\/\/pb.edu.pl\/sjo\/wp-json\/wp\/v2\/pages"}],"about":[{"href":"https:\/\/pb.edu.pl\/sjo\/wp-json\/wp\/v2\/types\/page"}],"author":[{"embeddable":true,"href":"https:\/\/pb.edu.pl\/sjo\/wp-json\/wp\/v2\/users\/6"}],"replies":[{"embeddable":true,"href":"https:\/\/pb.edu.pl\/sjo\/wp-json\/wp\/v2\/comments?post=28391"}],"version-history":[{"count":0,"href":"https:\/\/pb.edu.pl\/sjo\/wp-json\/wp\/v2\/pages\/28391\/revisions"}],"up":[{"embeddable":true,"href":"https:\/\/pb.edu.pl\/sjo\/wp-json\/wp\/v2\/pages\/28360"}],"wp:attachment":[{"href":"https:\/\/pb.edu.pl\/sjo\/wp-json\/wp\/v2\/media?parent=28391"}],"curies":[{"name":"wp","href":"https:\/\/api.w.org\/{rel}","templated":true}]}}