{"id":28389,"date":"2025-05-06T14:41:59","date_gmt":"2025-05-06T12:41:59","guid":{"rendered":"https:\/\/pb.edu.pl\/sjo\/?page_id=28389"},"modified":"2025-05-12T12:43:07","modified_gmt":"2025-05-12T10:43:07","slug":"czochanscy","status":"publish","type":"page","link":"https:\/\/pb.edu.pl\/sjo\/wydarzenia-sjo\/mock-job-interview-2025\/pracodawcy\/czochanscy\/","title":{"rendered":"Czocha\u0144scy"},"content":{"rendered":"<p><a href=\"https:\/\/pb.edu.pl\/sjo\/wp-content\/uploads\/sites\/9\/2025\/05\/czochanscy-2.png\"><img loading=\"lazy\" decoding=\"async\" class=\"size-medium wp-image-28482 alignleft\" src=\"https:\/\/pb.edu.pl\/sjo\/wp-content\/uploads\/sites\/9\/2025\/05\/czochanscy-2-300x200.png\" alt=\"\" width=\"300\" height=\"200\" srcset=\"https:\/\/pb.edu.pl\/sjo\/wp-content\/uploads\/sites\/9\/2025\/05\/czochanscy-2-300x200.png 300w, https:\/\/pb.edu.pl\/sjo\/wp-content\/uploads\/sites\/9\/2025\/05\/czochanscy-2-768x512.png 768w, https:\/\/pb.edu.pl\/sjo\/wp-content\/uploads\/sites\/9\/2025\/05\/czochanscy-2-480x320.png 480w, https:\/\/pb.edu.pl\/sjo\/wp-content\/uploads\/sites\/9\/2025\/05\/czochanscy-2.png 799w\" sizes=\"auto, (max-width: 300px) 100vw, 300px\" \/><\/a><\/p>\n<h2>Czocha\u0144scy Pracownia Architektury<\/h2>\n<p>to rodzinna firma dzia\u0142aj\u0105ca na rynku podlaskim od 15 lat. <strong>Specjalizuje si\u0119 w projektach budownictwa mieszkalnego. Wsp\u00f3\u0142pracuje zar\u00f3wno z klientami indywidualnymi jak i firmami deweloperskimi, ale tak\u017ce z projektantami bran\u017cowymi oferuj\u0105c pe\u0142en zakres us\u0142ug projektowych.<\/strong> Korzysta z licencjonowanego oprogramowania dla architekt\u00f3w Archicad, pakietu do oblicze\u0144 konstrukcji budowlanych SPECBUD oraz program\u00f3w graficznych z grupy Adobe. Projekty obiekt\u00f3w kubaturowych wykonywane s\u0105 w technologii 3D, aby w jak najbardziej czytelny spos\u00f3b zobrazowa\u0107 cz\u0119sto odleg\u0142\u0105 realizacj\u0119. Pracownia cechuje si\u0119 indywidualnym podej\u015bciem do ka\u017cdego projektu przy zastosowaniu nowych technologii.<\/p>\n<div style=\"clear: both\">&nbsp;<\/div>\n<h2>Og\u0142oszenie o sta\u017cu<\/h2>\n<p><strong>Serdecznie zapraszamy student\u00f3w studi\u00f3w II stopnia oraz student\u00f3w ostatniego roku studi\u00f3w I stopnia na kierunku Architektura na p\u0142atny sta\u017c, kt\u00f3ry odb\u0119dzie si\u0119 we wrze\u015bniu 2025 r. w wymiarze 100 godzin.<\/strong><\/p>\n<p><span style=\"font-size: 1.5rem\">POSZUKUJEMY OS\u00d3B:<\/span><\/p>\n<ul>\n<li>pos\u0142uguj\u0105cych si\u0119 oprogramowaniem Archicad na poziomie co najmniej \u015bredniozaawansowanym,<\/li>\n<li>interesuj\u0105cych si\u0119 \u015bwiatem architektury,<\/li>\n<li>planuj\u0105cych swoj\u0105 karier\u0119 w zawodzie architekta,<\/li>\n<li>kreatywnych,<\/li>\n<li>dok\u0142adnych i skrupulatnych.<\/li>\n<\/ul>\n<p>OFERUJEMY:<\/p>\n<ul>\n<li>prac\u0119 pod opiek\u0105 do\u015bwiadczonych specjalist\u00f3w z bran\u017cy architektury, konstrukcji, kierowania robotami budowlanymi i budownictwa,<\/li>\n<li>mo\u017cliwo\u015b\u0107 zapoznania si\u0119 z realiami pracy architekta \u2013 w pracowni projektowej, w urz\u0119dzie oraz na budowie.<\/li>\n<\/ul>\n<p>ZAINTERESOWANI PROSZENI S\u0104 O:<\/p>\n<ul>\n<li>nades\u0142anie swojego portfolio na adres: <i class=\"fal fa-envelope\"><\/i> <a href=\"#\" rel=\"nofollow\"  onclick=\"this.href='mailto:' + ' biuro' + '@' + 'czochanscy.pl '\"> biuro [at] czochanscy.pl <\/a>w terminie do 1|06|2025 w tytule wpisuj\u0105c: STA\u017b 2025<\/li>\n<li>lub przyniesienie swojego portfolio na rozmow\u0119 kwalifikacyjn\u0105 podczas Mock Job Interview 4|06|2025,<\/li>\n<li>wzi\u0119cie udzia\u0142u w rozmowie kwalifikacyjnej podczas Mock Job Interview 4|06|2025.<\/li>\n<\/ul>\n","protected":false},"excerpt":{"rendered":"<p>Czocha\u0144scy Pracownia Architektury to rodzinna firma dzia\u0142aj\u0105ca na rynku podlaskim od 15 lat. Specjalizuje si\u0119<\/p>\n","protected":false},"author":6,"featured_media":0,"parent":28360,"menu_order":0,"comment_status":"closed","ping_status":"closed","template":"","meta":{"_acf_changed":false,"ngg_post_thumbnail":0,"footnotes":""},"class_list":["post-28389","page","type-page","status-publish","hentry"],"acf":[],"yoast_head":"<!-- This site is optimized with the Yoast SEO plugin v27.0 - https:\/\/yoast.com\/product\/yoast-seo-wordpress\/ -->\n<title>Czocha\u0144scy - Studium J\u0119zyk\u00f3w Obcych<\/title>\n<meta name=\"description\" content=\"Czocha\u0144scy Pracownia Architektury to rodzinna firma dzia\u0142aj\u0105ca na rynku podlaskim od 15 lat. Specjalizuje si\u0119 w projektach budownictwa mieszkalnego.\" \/>\n<meta name=\"robots\" content=\"index, follow, max-snippet:-1, max-image-preview:large, max-video-preview:-1\" \/>\n<link rel=\"canonical\" href=\"https:\/\/pb.edu.pl\/sjo\/wydarzenia-sjo\/mock-job-interview-2025\/pracodawcy\/czochanscy\/\" \/>\n<meta property=\"og:locale\" content=\"pl_PL\" \/>\n<meta property=\"og:type\" content=\"article\" \/>\n<meta property=\"og:title\" content=\"Czocha\u0144scy - Studium J\u0119zyk\u00f3w Obcych\" \/>\n<meta property=\"og:description\" content=\"Czocha\u0144scy Pracownia Architektury to rodzinna firma dzia\u0142aj\u0105ca na rynku podlaskim od 15 lat. Specjalizuje si\u0119 w projektach budownictwa mieszkalnego.\" \/>\n<meta property=\"og:url\" content=\"https:\/\/pb.edu.pl\/sjo\/wydarzenia-sjo\/mock-job-interview-2025\/pracodawcy\/czochanscy\/\" \/>\n<meta property=\"og:site_name\" content=\"Studium J\u0119zyk\u00f3w Obcych\" \/>\n<meta property=\"article:modified_time\" content=\"2025-05-12T10:43:07+00:00\" \/>\n<meta property=\"og:image\" content=\"https:\/\/pb.edu.pl\/sjo\/wp-content\/uploads\/sites\/9\/2025\/05\/czochanscy-2.png\" \/>\n\t<meta property=\"og:image:width\" content=\"799\" \/>\n\t<meta property=\"og:image:height\" content=\"533\" \/>\n\t<meta property=\"og:image:type\" content=\"image\/png\" \/>\n<meta name=\"twitter:label1\" content=\"Szacowany czas czytania\" \/>\n\t<meta name=\"twitter:data1\" content=\"2 minuty\" \/>\n<script type=\"application\/ld+json\" class=\"yoast-schema-graph\">{\"@context\":\"https:\/\/schema.org\",\"@graph\":[{\"@type\":\"WebPage\",\"@id\":\"https:\/\/pb.edu.pl\/sjo\/wydarzenia-sjo\/mock-job-interview-2025\/pracodawcy\/czochanscy\/\",\"url\":\"https:\/\/pb.edu.pl\/sjo\/wydarzenia-sjo\/mock-job-interview-2025\/pracodawcy\/czochanscy\/\",\"name\":\"Czocha\u0144scy - Studium J\u0119zyk\u00f3w Obcych\",\"isPartOf\":{\"@id\":\"https:\/\/pb.edu.pl\/sjo\/#website\"},\"primaryImageOfPage\":{\"@id\":\"https:\/\/pb.edu.pl\/sjo\/wydarzenia-sjo\/mock-job-interview-2025\/pracodawcy\/czochanscy\/#primaryimage\"},\"image\":{\"@id\":\"https:\/\/pb.edu.pl\/sjo\/wydarzenia-sjo\/mock-job-interview-2025\/pracodawcy\/czochanscy\/#primaryimage\"},\"thumbnailUrl\":\"https:\/\/pb.edu.pl\/sjo\/wp-content\/uploads\/sites\/9\/2025\/05\/czochanscy-2-300x200.png\",\"datePublished\":\"2025-05-06T12:41:59+00:00\",\"dateModified\":\"2025-05-12T10:43:07+00:00\",\"description\":\"Czocha\u0144scy Pracownia Architektury to rodzinna firma dzia\u0142aj\u0105ca na rynku podlaskim od 15 lat. Specjalizuje si\u0119 w projektach budownictwa mieszkalnego.\",\"breadcrumb\":{\"@id\":\"https:\/\/pb.edu.pl\/sjo\/wydarzenia-sjo\/mock-job-interview-2025\/pracodawcy\/czochanscy\/#breadcrumb\"},\"inLanguage\":\"pl-PL\",\"potentialAction\":[{\"@type\":\"ReadAction\",\"target\":[\"https:\/\/pb.edu.pl\/sjo\/wydarzenia-sjo\/mock-job-interview-2025\/pracodawcy\/czochanscy\/\"]}]},{\"@type\":\"ImageObject\",\"inLanguage\":\"pl-PL\",\"@id\":\"https:\/\/pb.edu.pl\/sjo\/wydarzenia-sjo\/mock-job-interview-2025\/pracodawcy\/czochanscy\/#primaryimage\",\"url\":\"https:\/\/pb.edu.pl\/sjo\/wp-content\/uploads\/sites\/9\/2025\/05\/czochanscy-2.png\",\"contentUrl\":\"https:\/\/pb.edu.pl\/sjo\/wp-content\/uploads\/sites\/9\/2025\/05\/czochanscy-2.png\",\"width\":799,\"height\":533},{\"@type\":\"BreadcrumbList\",\"@id\":\"https:\/\/pb.edu.pl\/sjo\/wydarzenia-sjo\/mock-job-interview-2025\/pracodawcy\/czochanscy\/#breadcrumb\",\"itemListElement\":[{\"@type\":\"ListItem\",\"position\":1,\"name\":\"Home\",\"item\":\"https:\/\/pb.edu.pl\/sjo\/\"},{\"@type\":\"ListItem\",\"position\":2,\"name\":\"Wydarzenia SJO\",\"item\":\"https:\/\/pb.edu.pl\/sjo\/wydarzenia-sjo\/\"},{\"@type\":\"ListItem\",\"position\":3,\"name\":\"Mock Job Interview 2025\",\"item\":\"https:\/\/pb.edu.pl\/sjo\/wydarzenia-sjo\/mock-job-interview-2025\/\"},{\"@type\":\"ListItem\",\"position\":4,\"name\":\"Pracodawcy\",\"item\":\"https:\/\/pb.edu.pl\/sjo\/wydarzenia-sjo\/mock-job-interview-2025\/pracodawcy\/\"},{\"@type\":\"ListItem\",\"position\":5,\"name\":\"Czocha\u0144scy\"}]},{\"@type\":\"WebSite\",\"@id\":\"https:\/\/pb.edu.pl\/sjo\/#website\",\"url\":\"https:\/\/pb.edu.pl\/sjo\/\",\"name\":\"Studium J\u0119zyk\u00f3w Obcych\",\"description\":\"\",\"potentialAction\":[{\"@type\":\"SearchAction\",\"target\":{\"@type\":\"EntryPoint\",\"urlTemplate\":\"https:\/\/pb.edu.pl\/sjo\/?s={search_term_string}\"},\"query-input\":{\"@type\":\"PropertyValueSpecification\",\"valueRequired\":true,\"valueName\":\"search_term_string\"}}],\"inLanguage\":\"pl-PL\"}]}<\/script>\n<!-- \/ Yoast SEO plugin. -->","yoast_head_json":{"title":"Czocha\u0144scy - Studium J\u0119zyk\u00f3w Obcych","description":"Czocha\u0144scy Pracownia Architektury to rodzinna firma dzia\u0142aj\u0105ca na rynku podlaskim od 15 lat. Specjalizuje si\u0119 w projektach budownictwa mieszkalnego.","robots":{"index":"index","follow":"follow","max-snippet":"max-snippet:-1","max-image-preview":"max-image-preview:large","max-video-preview":"max-video-preview:-1"},"canonical":"https:\/\/pb.edu.pl\/sjo\/wydarzenia-sjo\/mock-job-interview-2025\/pracodawcy\/czochanscy\/","og_locale":"pl_PL","og_type":"article","og_title":"Czocha\u0144scy - Studium J\u0119zyk\u00f3w Obcych","og_description":"Czocha\u0144scy Pracownia Architektury to rodzinna firma dzia\u0142aj\u0105ca na rynku podlaskim od 15 lat. Specjalizuje si\u0119 w projektach budownictwa mieszkalnego.","og_url":"https:\/\/pb.edu.pl\/sjo\/wydarzenia-sjo\/mock-job-interview-2025\/pracodawcy\/czochanscy\/","og_site_name":"Studium J\u0119zyk\u00f3w Obcych","article_modified_time":"2025-05-12T10:43:07+00:00","og_image":[{"width":799,"height":533,"url":"https:\/\/pb.edu.pl\/sjo\/wp-content\/uploads\/sites\/9\/2025\/05\/czochanscy-2.png","type":"image\/png"}],"twitter_misc":{"Szacowany czas czytania":"2 minuty"},"schema":{"@context":"https:\/\/schema.org","@graph":[{"@type":"WebPage","@id":"https:\/\/pb.edu.pl\/sjo\/wydarzenia-sjo\/mock-job-interview-2025\/pracodawcy\/czochanscy\/","url":"https:\/\/pb.edu.pl\/sjo\/wydarzenia-sjo\/mock-job-interview-2025\/pracodawcy\/czochanscy\/","name":"Czocha\u0144scy - Studium J\u0119zyk\u00f3w Obcych","isPartOf":{"@id":"https:\/\/pb.edu.pl\/sjo\/#website"},"primaryImageOfPage":{"@id":"https:\/\/pb.edu.pl\/sjo\/wydarzenia-sjo\/mock-job-interview-2025\/pracodawcy\/czochanscy\/#primaryimage"},"image":{"@id":"https:\/\/pb.edu.pl\/sjo\/wydarzenia-sjo\/mock-job-interview-2025\/pracodawcy\/czochanscy\/#primaryimage"},"thumbnailUrl":"https:\/\/pb.edu.pl\/sjo\/wp-content\/uploads\/sites\/9\/2025\/05\/czochanscy-2-300x200.png","datePublished":"2025-05-06T12:41:59+00:00","dateModified":"2025-05-12T10:43:07+00:00","description":"Czocha\u0144scy Pracownia Architektury to rodzinna firma dzia\u0142aj\u0105ca na rynku podlaskim od 15 lat. Specjalizuje si\u0119 w projektach budownictwa mieszkalnego.","breadcrumb":{"@id":"https:\/\/pb.edu.pl\/sjo\/wydarzenia-sjo\/mock-job-interview-2025\/pracodawcy\/czochanscy\/#breadcrumb"},"inLanguage":"pl-PL","potentialAction":[{"@type":"ReadAction","target":["https:\/\/pb.edu.pl\/sjo\/wydarzenia-sjo\/mock-job-interview-2025\/pracodawcy\/czochanscy\/"]}]},{"@type":"ImageObject","inLanguage":"pl-PL","@id":"https:\/\/pb.edu.pl\/sjo\/wydarzenia-sjo\/mock-job-interview-2025\/pracodawcy\/czochanscy\/#primaryimage","url":"https:\/\/pb.edu.pl\/sjo\/wp-content\/uploads\/sites\/9\/2025\/05\/czochanscy-2.png","contentUrl":"https:\/\/pb.edu.pl\/sjo\/wp-content\/uploads\/sites\/9\/2025\/05\/czochanscy-2.png","width":799,"height":533},{"@type":"BreadcrumbList","@id":"https:\/\/pb.edu.pl\/sjo\/wydarzenia-sjo\/mock-job-interview-2025\/pracodawcy\/czochanscy\/#breadcrumb","itemListElement":[{"@type":"ListItem","position":1,"name":"Home","item":"https:\/\/pb.edu.pl\/sjo\/"},{"@type":"ListItem","position":2,"name":"Wydarzenia SJO","item":"https:\/\/pb.edu.pl\/sjo\/wydarzenia-sjo\/"},{"@type":"ListItem","position":3,"name":"Mock Job Interview 2025","item":"https:\/\/pb.edu.pl\/sjo\/wydarzenia-sjo\/mock-job-interview-2025\/"},{"@type":"ListItem","position":4,"name":"Pracodawcy","item":"https:\/\/pb.edu.pl\/sjo\/wydarzenia-sjo\/mock-job-interview-2025\/pracodawcy\/"},{"@type":"ListItem","position":5,"name":"Czocha\u0144scy"}]},{"@type":"WebSite","@id":"https:\/\/pb.edu.pl\/sjo\/#website","url":"https:\/\/pb.edu.pl\/sjo\/","name":"Studium J\u0119zyk\u00f3w Obcych","description":"","potentialAction":[{"@type":"SearchAction","target":{"@type":"EntryPoint","urlTemplate":"https:\/\/pb.edu.pl\/sjo\/?s={search_term_string}"},"query-input":{"@type":"PropertyValueSpecification","valueRequired":true,"valueName":"search_term_string"}}],"inLanguage":"pl-PL"}]}},"_links":{"self":[{"href":"https:\/\/pb.edu.pl\/sjo\/wp-json\/wp\/v2\/pages\/28389","targetHints":{"allow":["GET"]}}],"collection":[{"href":"https:\/\/pb.edu.pl\/sjo\/wp-json\/wp\/v2\/pages"}],"about":[{"href":"https:\/\/pb.edu.pl\/sjo\/wp-json\/wp\/v2\/types\/page"}],"author":[{"embeddable":true,"href":"https:\/\/pb.edu.pl\/sjo\/wp-json\/wp\/v2\/users\/6"}],"replies":[{"embeddable":true,"href":"https:\/\/pb.edu.pl\/sjo\/wp-json\/wp\/v2\/comments?post=28389"}],"version-history":[{"count":0,"href":"https:\/\/pb.edu.pl\/sjo\/wp-json\/wp\/v2\/pages\/28389\/revisions"}],"up":[{"embeddable":true,"href":"https:\/\/pb.edu.pl\/sjo\/wp-json\/wp\/v2\/pages\/28360"}],"wp:attachment":[{"href":"https:\/\/pb.edu.pl\/sjo\/wp-json\/wp\/v2\/media?parent=28389"}],"curies":[{"name":"wp","href":"https:\/\/api.w.org\/{rel}","templated":true}]}}