{"id":28387,"date":"2025-05-06T14:40:29","date_gmt":"2025-05-06T12:40:29","guid":{"rendered":"https:\/\/pb.edu.pl\/sjo\/?page_id=28387"},"modified":"2025-05-07T14:19:55","modified_gmt":"2025-05-07T12:19:55","slug":"kan","status":"publish","type":"page","link":"https:\/\/pb.edu.pl\/sjo\/wydarzenia-sjo\/mock-job-interview-2025\/pracodawcy\/kan\/","title":{"rendered":"Kan"},"content":{"rendered":"<p class=\"\" data-start=\"0\" data-end=\"190\"><span class=\"relative -mx-px my-[-0.2rem] rounded px-px py-[0.2rem] transition-colors duration-100 ease-in-out\"><a href=\"https:\/\/pb.edu.pl\/sjo\/wp-content\/uploads\/sites\/9\/2025\/05\/kan.png\"><img loading=\"lazy\" decoding=\"async\" class=\"size-medium wp-image-28398 alignleft\" src=\"https:\/\/pb.edu.pl\/sjo\/wp-content\/uploads\/sites\/9\/2025\/05\/kan-300x200.png\" alt=\"\" width=\"300\" height=\"200\" srcset=\"https:\/\/pb.edu.pl\/sjo\/wp-content\/uploads\/sites\/9\/2025\/05\/kan-300x200.png 300w, https:\/\/pb.edu.pl\/sjo\/wp-content\/uploads\/sites\/9\/2025\/05\/kan-768x512.png 768w, https:\/\/pb.edu.pl\/sjo\/wp-content\/uploads\/sites\/9\/2025\/05\/kan-480x320.png 480w, https:\/\/pb.edu.pl\/sjo\/wp-content\/uploads\/sites\/9\/2025\/05\/kan.png 799w\" sizes=\"auto, (max-width: 300px) 100vw, 300px\" \/><\/a><\/span><\/p>\n<h2>KAN-therm<\/h2>\n<p>to renomowany europejski <strong>producent nowoczesnych system\u00f3w instalacyjnych, specjalizuj\u0105cy si\u0119 w rozwi\u0105zaniach dla instalacji wodnych, grzewczych i ch\u0142odniczych<\/strong>. <span class=\"relative -mx-px my-[-0.2rem] rounded px-px py-[0.2rem] transition-colors duration-100 ease-in-out\">Za\u0142o\u017cona w 1990 roku firma ma siedzib\u0119 g\u0142\u00f3wn\u0105 w Bia\u0142ymstoku i zatrudnia ponad 1200 pracownik\u00f3w.<\/span> <span class=\"relative -mx-px my-[-0.2rem] rounded px-px py-[0.2rem] transition-colors duration-100 ease-in-out\">Produkty KAN-therm s\u0105 eksportowane do 68 kraj\u00f3w na ca\u0142ym \u015bwiecie, obejmuj\u0105c Europ\u0119, Azj\u0119, Afryk\u0119 i Ameryk\u0119.<\/span><\/p>\n<p class=\"\" data-start=\"192\" data-end=\"350\"><span class=\"relative -mx-px my-[-0.2rem] rounded px-px py-[0.2rem] transition-colors duration-100 ease-in-out\">Oferta firmy obejmuje kompleksowe systemy instalacyjne, takie jak KAN-therm ultraLINE, ultraPRESS, PP Green, Steel, Inox, Copper oraz specjalistyczne rozwi\u0105zania dla instalacji przeciwpo\u017carowych i automatyki.<\/span> <span class=\"relative -mx-px my-[-0.2rem] rounded px-px py-[0.2rem] transition-colors duration-100 ease-in-out\">Produkty KAN-therm charakteryzuj\u0105 si\u0119 wysok\u0105 jako\u015bci\u0105, innowacyjno\u015bci\u0105 i \u0142atwo\u015bci\u0105 monta\u017cu, co czyni je cenionymi przez profesjonalist\u00f3w w bran\u017cy instalacyjnej.<\/span><\/p>\n<p class=\"\" data-start=\"352\" data-end=\"470\"><span class=\"relative -mx-px my-[-0.2rem] rounded px-px py-[0.2rem] transition-colors duration-100 ease-in-out\">KAN-therm aktywnie uczestniczy w projektach zr\u00f3wnowa\u017conego budownictwa i realizuje inwestycje na ca\u0142ym \u015bwiecie, dostarczaj\u0105c niezawodne rozwi\u0105zania dla r\u00f3\u017cnorodnych obiekt\u00f3w, od stadion\u00f3w po budynki mieszkalne.<\/span><\/p>\n<p class=\"\" data-start=\"472\" data-end=\"587\">Wi\u0119cej informacji mo\u017cna znale\u017a\u0107 na oficjalnej stronie firmy: <a class=\"\" href=\"https:\/\/pl.kan-therm.com\/\" target=\"_new\" rel=\"noopener\" data-start=\"533\" data-end=\"587\">https:\/\/pl.kan-therm.com\/<\/a><\/p>\n","protected":false},"excerpt":{"rendered":"<p>KAN-therm to renomowany europejski producent nowoczesnych system\u00f3w instalacyjnych, specjalizuj\u0105cy si\u0119 w rozwi\u0105zaniach dla instalacji wodnych,<\/p>\n","protected":false},"author":6,"featured_media":0,"parent":28360,"menu_order":0,"comment_status":"closed","ping_status":"closed","template":"","meta":{"_acf_changed":false,"ngg_post_thumbnail":0,"footnotes":""},"class_list":["post-28387","page","type-page","status-publish","hentry"],"acf":[],"yoast_head":"<!-- This site is optimized with the Yoast SEO plugin v27.0 - https:\/\/yoast.com\/product\/yoast-seo-wordpress\/ -->\n<title>Kan - Studium J\u0119zyk\u00f3w Obcych<\/title>\n<meta name=\"description\" content=\"KAN-therm to renomowany europejski producent nowoczesnych system\u00f3w instalacyjnych, specjalizuj\u0105cy si\u0119 w rozwi\u0105zaniach dla instalacji wodnych, grzewczych i\" \/>\n<meta name=\"robots\" content=\"index, follow, max-snippet:-1, max-image-preview:large, max-video-preview:-1\" \/>\n<link rel=\"canonical\" href=\"https:\/\/pb.edu.pl\/sjo\/wydarzenia-sjo\/mock-job-interview-2025\/pracodawcy\/kan\/\" \/>\n<meta property=\"og:locale\" content=\"pl_PL\" \/>\n<meta property=\"og:type\" content=\"article\" \/>\n<meta property=\"og:title\" content=\"Kan - Studium J\u0119zyk\u00f3w Obcych\" \/>\n<meta property=\"og:description\" content=\"KAN-therm to renomowany europejski producent nowoczesnych system\u00f3w instalacyjnych, specjalizuj\u0105cy si\u0119 w rozwi\u0105zaniach dla instalacji wodnych, grzewczych i\" \/>\n<meta property=\"og:url\" content=\"https:\/\/pb.edu.pl\/sjo\/wydarzenia-sjo\/mock-job-interview-2025\/pracodawcy\/kan\/\" \/>\n<meta property=\"og:site_name\" content=\"Studium J\u0119zyk\u00f3w Obcych\" \/>\n<meta property=\"article:modified_time\" content=\"2025-05-07T12:19:55+00:00\" \/>\n<meta property=\"og:image\" content=\"https:\/\/pb.edu.pl\/sjo\/wp-content\/uploads\/sites\/9\/2025\/05\/kan.png\" \/>\n\t<meta property=\"og:image:width\" content=\"799\" \/>\n\t<meta property=\"og:image:height\" content=\"533\" \/>\n\t<meta property=\"og:image:type\" content=\"image\/png\" \/>\n<meta name=\"twitter:label1\" content=\"Szacowany czas czytania\" \/>\n\t<meta name=\"twitter:data1\" content=\"1 minuta\" \/>\n<script type=\"application\/ld+json\" class=\"yoast-schema-graph\">{\"@context\":\"https:\/\/schema.org\",\"@graph\":[{\"@type\":\"WebPage\",\"@id\":\"https:\/\/pb.edu.pl\/sjo\/wydarzenia-sjo\/mock-job-interview-2025\/pracodawcy\/kan\/\",\"url\":\"https:\/\/pb.edu.pl\/sjo\/wydarzenia-sjo\/mock-job-interview-2025\/pracodawcy\/kan\/\",\"name\":\"Kan - Studium J\u0119zyk\u00f3w Obcych\",\"isPartOf\":{\"@id\":\"https:\/\/pb.edu.pl\/sjo\/#website\"},\"primaryImageOfPage\":{\"@id\":\"https:\/\/pb.edu.pl\/sjo\/wydarzenia-sjo\/mock-job-interview-2025\/pracodawcy\/kan\/#primaryimage\"},\"image\":{\"@id\":\"https:\/\/pb.edu.pl\/sjo\/wydarzenia-sjo\/mock-job-interview-2025\/pracodawcy\/kan\/#primaryimage\"},\"thumbnailUrl\":\"https:\/\/pb.edu.pl\/sjo\/wp-content\/uploads\/sites\/9\/2025\/05\/kan-300x200.png\",\"datePublished\":\"2025-05-06T12:40:29+00:00\",\"dateModified\":\"2025-05-07T12:19:55+00:00\",\"description\":\"KAN-therm to renomowany europejski producent nowoczesnych system\u00f3w instalacyjnych, specjalizuj\u0105cy si\u0119 w rozwi\u0105zaniach dla instalacji wodnych, grzewczych i\",\"breadcrumb\":{\"@id\":\"https:\/\/pb.edu.pl\/sjo\/wydarzenia-sjo\/mock-job-interview-2025\/pracodawcy\/kan\/#breadcrumb\"},\"inLanguage\":\"pl-PL\",\"potentialAction\":[{\"@type\":\"ReadAction\",\"target\":[\"https:\/\/pb.edu.pl\/sjo\/wydarzenia-sjo\/mock-job-interview-2025\/pracodawcy\/kan\/\"]}]},{\"@type\":\"ImageObject\",\"inLanguage\":\"pl-PL\",\"@id\":\"https:\/\/pb.edu.pl\/sjo\/wydarzenia-sjo\/mock-job-interview-2025\/pracodawcy\/kan\/#primaryimage\",\"url\":\"https:\/\/pb.edu.pl\/sjo\/wp-content\/uploads\/sites\/9\/2025\/05\/kan.png\",\"contentUrl\":\"https:\/\/pb.edu.pl\/sjo\/wp-content\/uploads\/sites\/9\/2025\/05\/kan.png\",\"width\":799,\"height\":533},{\"@type\":\"BreadcrumbList\",\"@id\":\"https:\/\/pb.edu.pl\/sjo\/wydarzenia-sjo\/mock-job-interview-2025\/pracodawcy\/kan\/#breadcrumb\",\"itemListElement\":[{\"@type\":\"ListItem\",\"position\":1,\"name\":\"Home\",\"item\":\"https:\/\/pb.edu.pl\/sjo\/\"},{\"@type\":\"ListItem\",\"position\":2,\"name\":\"Wydarzenia SJO\",\"item\":\"https:\/\/pb.edu.pl\/sjo\/wydarzenia-sjo\/\"},{\"@type\":\"ListItem\",\"position\":3,\"name\":\"Mock Job Interview 2025\",\"item\":\"https:\/\/pb.edu.pl\/sjo\/wydarzenia-sjo\/mock-job-interview-2025\/\"},{\"@type\":\"ListItem\",\"position\":4,\"name\":\"Pracodawcy\",\"item\":\"https:\/\/pb.edu.pl\/sjo\/wydarzenia-sjo\/mock-job-interview-2025\/pracodawcy\/\"},{\"@type\":\"ListItem\",\"position\":5,\"name\":\"Kan\"}]},{\"@type\":\"WebSite\",\"@id\":\"https:\/\/pb.edu.pl\/sjo\/#website\",\"url\":\"https:\/\/pb.edu.pl\/sjo\/\",\"name\":\"Studium J\u0119zyk\u00f3w Obcych\",\"description\":\"\",\"potentialAction\":[{\"@type\":\"SearchAction\",\"target\":{\"@type\":\"EntryPoint\",\"urlTemplate\":\"https:\/\/pb.edu.pl\/sjo\/?s={search_term_string}\"},\"query-input\":{\"@type\":\"PropertyValueSpecification\",\"valueRequired\":true,\"valueName\":\"search_term_string\"}}],\"inLanguage\":\"pl-PL\"}]}<\/script>\n<!-- \/ Yoast SEO plugin. -->","yoast_head_json":{"title":"Kan - Studium J\u0119zyk\u00f3w Obcych","description":"KAN-therm to renomowany europejski producent nowoczesnych system\u00f3w instalacyjnych, specjalizuj\u0105cy si\u0119 w rozwi\u0105zaniach dla instalacji wodnych, grzewczych i","robots":{"index":"index","follow":"follow","max-snippet":"max-snippet:-1","max-image-preview":"max-image-preview:large","max-video-preview":"max-video-preview:-1"},"canonical":"https:\/\/pb.edu.pl\/sjo\/wydarzenia-sjo\/mock-job-interview-2025\/pracodawcy\/kan\/","og_locale":"pl_PL","og_type":"article","og_title":"Kan - Studium J\u0119zyk\u00f3w Obcych","og_description":"KAN-therm to renomowany europejski producent nowoczesnych system\u00f3w instalacyjnych, specjalizuj\u0105cy si\u0119 w rozwi\u0105zaniach dla instalacji wodnych, grzewczych i","og_url":"https:\/\/pb.edu.pl\/sjo\/wydarzenia-sjo\/mock-job-interview-2025\/pracodawcy\/kan\/","og_site_name":"Studium J\u0119zyk\u00f3w Obcych","article_modified_time":"2025-05-07T12:19:55+00:00","og_image":[{"width":799,"height":533,"url":"https:\/\/pb.edu.pl\/sjo\/wp-content\/uploads\/sites\/9\/2025\/05\/kan.png","type":"image\/png"}],"twitter_misc":{"Szacowany czas czytania":"1 minuta"},"schema":{"@context":"https:\/\/schema.org","@graph":[{"@type":"WebPage","@id":"https:\/\/pb.edu.pl\/sjo\/wydarzenia-sjo\/mock-job-interview-2025\/pracodawcy\/kan\/","url":"https:\/\/pb.edu.pl\/sjo\/wydarzenia-sjo\/mock-job-interview-2025\/pracodawcy\/kan\/","name":"Kan - Studium J\u0119zyk\u00f3w Obcych","isPartOf":{"@id":"https:\/\/pb.edu.pl\/sjo\/#website"},"primaryImageOfPage":{"@id":"https:\/\/pb.edu.pl\/sjo\/wydarzenia-sjo\/mock-job-interview-2025\/pracodawcy\/kan\/#primaryimage"},"image":{"@id":"https:\/\/pb.edu.pl\/sjo\/wydarzenia-sjo\/mock-job-interview-2025\/pracodawcy\/kan\/#primaryimage"},"thumbnailUrl":"https:\/\/pb.edu.pl\/sjo\/wp-content\/uploads\/sites\/9\/2025\/05\/kan-300x200.png","datePublished":"2025-05-06T12:40:29+00:00","dateModified":"2025-05-07T12:19:55+00:00","description":"KAN-therm to renomowany europejski producent nowoczesnych system\u00f3w instalacyjnych, specjalizuj\u0105cy si\u0119 w rozwi\u0105zaniach dla instalacji wodnych, grzewczych i","breadcrumb":{"@id":"https:\/\/pb.edu.pl\/sjo\/wydarzenia-sjo\/mock-job-interview-2025\/pracodawcy\/kan\/#breadcrumb"},"inLanguage":"pl-PL","potentialAction":[{"@type":"ReadAction","target":["https:\/\/pb.edu.pl\/sjo\/wydarzenia-sjo\/mock-job-interview-2025\/pracodawcy\/kan\/"]}]},{"@type":"ImageObject","inLanguage":"pl-PL","@id":"https:\/\/pb.edu.pl\/sjo\/wydarzenia-sjo\/mock-job-interview-2025\/pracodawcy\/kan\/#primaryimage","url":"https:\/\/pb.edu.pl\/sjo\/wp-content\/uploads\/sites\/9\/2025\/05\/kan.png","contentUrl":"https:\/\/pb.edu.pl\/sjo\/wp-content\/uploads\/sites\/9\/2025\/05\/kan.png","width":799,"height":533},{"@type":"BreadcrumbList","@id":"https:\/\/pb.edu.pl\/sjo\/wydarzenia-sjo\/mock-job-interview-2025\/pracodawcy\/kan\/#breadcrumb","itemListElement":[{"@type":"ListItem","position":1,"name":"Home","item":"https:\/\/pb.edu.pl\/sjo\/"},{"@type":"ListItem","position":2,"name":"Wydarzenia SJO","item":"https:\/\/pb.edu.pl\/sjo\/wydarzenia-sjo\/"},{"@type":"ListItem","position":3,"name":"Mock Job Interview 2025","item":"https:\/\/pb.edu.pl\/sjo\/wydarzenia-sjo\/mock-job-interview-2025\/"},{"@type":"ListItem","position":4,"name":"Pracodawcy","item":"https:\/\/pb.edu.pl\/sjo\/wydarzenia-sjo\/mock-job-interview-2025\/pracodawcy\/"},{"@type":"ListItem","position":5,"name":"Kan"}]},{"@type":"WebSite","@id":"https:\/\/pb.edu.pl\/sjo\/#website","url":"https:\/\/pb.edu.pl\/sjo\/","name":"Studium J\u0119zyk\u00f3w Obcych","description":"","potentialAction":[{"@type":"SearchAction","target":{"@type":"EntryPoint","urlTemplate":"https:\/\/pb.edu.pl\/sjo\/?s={search_term_string}"},"query-input":{"@type":"PropertyValueSpecification","valueRequired":true,"valueName":"search_term_string"}}],"inLanguage":"pl-PL"}]}},"_links":{"self":[{"href":"https:\/\/pb.edu.pl\/sjo\/wp-json\/wp\/v2\/pages\/28387","targetHints":{"allow":["GET"]}}],"collection":[{"href":"https:\/\/pb.edu.pl\/sjo\/wp-json\/wp\/v2\/pages"}],"about":[{"href":"https:\/\/pb.edu.pl\/sjo\/wp-json\/wp\/v2\/types\/page"}],"author":[{"embeddable":true,"href":"https:\/\/pb.edu.pl\/sjo\/wp-json\/wp\/v2\/users\/6"}],"replies":[{"embeddable":true,"href":"https:\/\/pb.edu.pl\/sjo\/wp-json\/wp\/v2\/comments?post=28387"}],"version-history":[{"count":0,"href":"https:\/\/pb.edu.pl\/sjo\/wp-json\/wp\/v2\/pages\/28387\/revisions"}],"up":[{"embeddable":true,"href":"https:\/\/pb.edu.pl\/sjo\/wp-json\/wp\/v2\/pages\/28360"}],"wp:attachment":[{"href":"https:\/\/pb.edu.pl\/sjo\/wp-json\/wp\/v2\/media?parent=28387"}],"curies":[{"name":"wp","href":"https:\/\/api.w.org\/{rel}","templated":true}]}}