{"id":28362,"date":"2025-04-25T12:58:31","date_gmt":"2025-04-25T10:58:31","guid":{"rendered":"https:\/\/pb.edu.pl\/sjo\/?page_id=28362"},"modified":"2025-05-22T14:46:20","modified_gmt":"2025-05-22T12:46:20","slug":"eksperci","status":"publish","type":"page","link":"https:\/\/pb.edu.pl\/sjo\/wydarzenia-sjo\/mock-job-interview-2025\/eksperci\/","title":{"rendered":"Eksperci"},"content":{"rendered":"<p><a id=\"violetta\"><\/a><br \/>\n<a id=\"malgorzata\"><\/a><\/p>\n<div class=\"row\">\n<div class=\"col-sm-4\"><img loading=\"lazy\" decoding=\"async\" class=\"alignnone wp-image-28536 size-full\" src=\"https:\/\/pb.edu.pl\/sjo\/wp-content\/uploads\/sites\/9\/2025\/05\/Violetta-Grabinska-Mock-2025.png\" alt=\"\" width=\"400\" height=\"320\" srcset=\"https:\/\/pb.edu.pl\/sjo\/wp-content\/uploads\/sites\/9\/2025\/05\/Violetta-Grabinska-Mock-2025.png 400w, https:\/\/pb.edu.pl\/sjo\/wp-content\/uploads\/sites\/9\/2025\/05\/Violetta-Grabinska-Mock-2025-300x240.png 300w\" sizes=\"auto, (max-width: 400px) 100vw, 400px\" \/><\/div>\n<div class=\"col-sm-8\"><strong>mgr Violetta Grabi\u0144ska<\/strong><br \/>\nWyk\u0142adowca j\u0119zyka angielskiego i hiszpa\u0144skiego w Studium J\u0119zyk\u00f3w Obcych Politechniki Bia\u0142ostockiej. Prowadzi zaj\u0119cia w ramach lektoratu z obydwu j\u0119zyk\u00f3w, ale uko\u0144czy\u0142a r\u00f3wnie\u017c studia podyplomowe z zakresu zarz\u0105dzania nieruchomo\u015bciami oraz MBA \u2013 Innowacje i Analiza Danych. Jest pasjonatk\u0105 podr\u00f3\u017cy i fank\u0105 Erasmusa \u2013 w ramach programu Erasmus+ pracowa\u0142a ze studentami w Hiszpanii, Czechach, Finlandii i Ameryce Po\u0142udniowej (Boliwia). Uwielbia dobr\u0105 lektur\u0119, koty, g\u00f3rskie w\u0119dr\u00f3wki, fitness i jazd\u0119 rowerem. Bardzo sobie ceni uwa\u017cno\u015b\u0107, zdystansowane podej\u015bcie do \u015bwiata i ludzi oraz umiej\u0119tno\u015b\u0107 podj\u0119cia rozmowy i zag\u0142\u0119bienia si\u0119 w omawiany temat. Poczucie humoru i zdolno\u015b\u0107 ws\u0142uchania si\u0119 w drugiego cz\u0142owieka to jej dodatkowe atuty.<\/div>\n<\/div>\n<div class=\"row\">\n<div class=\"col-sm-4\"><img loading=\"lazy\" decoding=\"async\" class=\"alignnone wp-image-28532 size-full\" src=\"https:\/\/pb.edu.pl\/sjo\/wp-content\/uploads\/sites\/9\/2025\/05\/Malgosia-Komarewska-Mock-2025.png\" alt=\"\" width=\"400\" height=\"320\" srcset=\"https:\/\/pb.edu.pl\/sjo\/wp-content\/uploads\/sites\/9\/2025\/05\/Malgosia-Komarewska-Mock-2025.png 400w, https:\/\/pb.edu.pl\/sjo\/wp-content\/uploads\/sites\/9\/2025\/05\/Malgosia-Komarewska-Mock-2025-300x240.png 300w\" sizes=\"auto, (max-width: 400px) 100vw, 400px\" \/><\/div>\n<div class=\"col-sm-8\"><strong>mgr Ma\u0142gorzata Komarewska<\/strong><a id=\"urszula\"><\/a><br \/>\nWyk\u0142adowca j\u0119zyka angielskiego i polskiego jako obcego w SJO PB. Jest r\u00f3wnie\u017c koordynatorem egzamin\u00f3w komercyjnych oferowanych przez Studium i ch\u0119tnie doradzi na jaki egzamin si\u0119 zdecydowa\u0107. Jest przekonana, \u017ce certyfikat j\u0119zykowy mo\u017ce by\u0107 cennym dodatkiem do CV w oczach wielu potencjalnych pracodawc\u00f3w.<\/div>\n<\/div>\n<div class=\"row\">\n<div class=\"col-sm-4\"><img loading=\"lazy\" decoding=\"async\" class=\"alignnone wp-image-28534 size-full\" src=\"https:\/\/pb.edu.pl\/sjo\/wp-content\/uploads\/sites\/9\/2025\/05\/Urszula-Sochon-Okruszko-Mock-2025.png\" alt=\"\" width=\"400\" height=\"320\" srcset=\"https:\/\/pb.edu.pl\/sjo\/wp-content\/uploads\/sites\/9\/2025\/05\/Urszula-Sochon-Okruszko-Mock-2025.png 400w, https:\/\/pb.edu.pl\/sjo\/wp-content\/uploads\/sites\/9\/2025\/05\/Urszula-Sochon-Okruszko-Mock-2025-300x240.png 300w\" sizes=\"auto, (max-width: 400px) 100vw, 400px\" \/><\/div>\n<div class=\"col-sm-8\"><strong>mgr Urszula Socho\u0144-Okruszko<\/strong><a id=\"aniela\"><\/a><br \/>\nWyk\u0142adowca j\u0119zyka angielskiego w SJO PB, tutor akademicki. Prowadzi lektoraty, warsztaty bran\u017cowe, kursy i cykle tutorskie. Na swoich zaj\u0119ciach cz\u0119sto nawi\u0105zuje do oczekiwa\u0144 rynku pracy, st\u0105d jej zainteresowanie wiod\u0105cymi kompetencjami XXI wieku (<em>skills of the future<\/em>). Lubi, kiedy studenci pracuj\u0105 zespo\u0142owo, bo <em>ability to work in a team<\/em> to pewniak na li\u015bcie wymaga\u0144 pracodawc\u00f3w. \u015aledzi krajowe i zagraniczne oferty pracy, dokszta\u0142ca si\u0119 w dziedzinie <em>employability skills<\/em>, korzysta z do\u015bwiadcze\u0144 m\u0142odych os\u00f3b wkraczaj\u0105cych na rynek pracy i przemyca rekrutacyjne ciekawostki na zaj\u0119cia.<\/div>\n<\/div>\n<div class=\"row\">\n<div class=\"col-sm-4\"><img loading=\"lazy\" decoding=\"async\" class=\"alignnone wp-image-28528 size-full\" src=\"https:\/\/pb.edu.pl\/sjo\/wp-content\/uploads\/sites\/9\/2025\/05\/Aniela-Staszewska-Mock-2025.png\" alt=\"\" width=\"400\" height=\"320\" srcset=\"https:\/\/pb.edu.pl\/sjo\/wp-content\/uploads\/sites\/9\/2025\/05\/Aniela-Staszewska-Mock-2025.png 400w, https:\/\/pb.edu.pl\/sjo\/wp-content\/uploads\/sites\/9\/2025\/05\/Aniela-Staszewska-Mock-2025-300x240.png 300w\" sizes=\"auto, (max-width: 400px) 100vw, 400px\" \/><\/div>\n<div class=\"col-sm-8\"><strong>mgr Aniela Staszewska<\/strong><a id=\"dorota\"><\/a><br \/>\nNauczyciel j\u0119zyka angielskiego w SJO PB i native speaker ze Stan\u00f3w Zjednoczonych. Z wielu rozm\u00f3w o prac\u0119, w kt\u00f3rych wzi\u0119\u0142a udzia\u0142, ciekawe by\u0142o zaproszenie do firmy FinTech. W ci\u0105gu godziny musia\u0142a przeprowadzi\u0107 badania i przygotowa\u0107 prezentacj\u0119 na temat, o kt\u00f3rym wiedzia\u0142a bardzo ma\u0142o. Jej pracodawca chcia\u0142 sprawdzi\u0107 jak szybko mo\u017ce si\u0119 nauczy\u0107 czego\u015b nowego. Prezentacja zako\u0144czy\u0142a si\u0119 sukcesem i kilkuletni\u0105 wsp\u00f3\u0142prac\u0105. Jedn\u0105 z umiej\u0119tno\u015bci, kt\u00f3re musimy \u0107wiczy\u0107, jest umiej\u0119tno\u015b\u0107 uczenia si\u0119, oduczania i ponownego uczenia si\u0119, aby odkrywa\u0107 siebie na nowo we wsp\u00f3\u0142czesnym \u015bwiecie.<\/div>\n<\/div>\n<div class=\"row\">\n<div class=\"col-sm-4\"><img loading=\"lazy\" decoding=\"async\" class=\"alignnone wp-image-28530 size-full\" src=\"https:\/\/pb.edu.pl\/sjo\/wp-content\/uploads\/sites\/9\/2025\/05\/Dorota-Szuper-Jakubiuk-Mock-2025.png\" alt=\"\" width=\"400\" height=\"320\" srcset=\"https:\/\/pb.edu.pl\/sjo\/wp-content\/uploads\/sites\/9\/2025\/05\/Dorota-Szuper-Jakubiuk-Mock-2025.png 400w, https:\/\/pb.edu.pl\/sjo\/wp-content\/uploads\/sites\/9\/2025\/05\/Dorota-Szuper-Jakubiuk-Mock-2025-300x240.png 300w\" sizes=\"auto, (max-width: 400px) 100vw, 400px\" \/><\/div>\n<div class=\"col-sm-8\"><strong>mgr Dorota Szuper-Jakubiuk<\/strong><a id=\"joanna\"><\/a><br \/>\nWyk\u0142adowca j\u0119zyka rosyjskiego w SJO PB oraz j\u0119zyka polskiego jako obcego w Centrum J\u0119zyka i Kultury Polskiej POLISH LAB. Zna biegle rosyjski i ukrai\u0144ski. &nbsp;Od 5 lat wraz z innymi egzaminatorami przeprowadza egzaminy pa\u0144stwowe z j\u0119zyka polskiego jako obcego na Politechnice Bia\u0142ostockiej. Rekrutuje kandydat\u00f3w na studia w zakresie j\u0119zyka. Jej nowa pasja to nauczanie j\u0119zyka polskiego obcokrajowc\u00f3w. Jest pomys\u0142odawczyni\u0105 utworzenia na naszej uczelni komercyjnych kurs\u00f3w j\u0119zyka polskiego. Do swoich zaj\u0119\u0107 podchodzi z pasj\u0105 i zaanga\u017cowaniem. Zanim zacz\u0119\u0142a pracowa\u0107 na uczelni technicznej, przez 6 lat zajmowa\u0142a si\u0119 zawodowo transakcjami w handlu zagranicznym w du\u017cej firmie. Przeprowadzi\u0142a setki negocjacji i wiele rozm\u00f3w kwalifikacyjnych dla pracownik\u00f3w. Przekonuje do tego, \u017ce zawsze warto zna\u0107 j\u0119zyki. Niejednokrotnie sprawdzi\u0142a na sobie, \u017ce aby si\u0119 nie stresowa\u0107, nale\u017cy dobrze si\u0119 przygotowa\u0107 do konkretnego zadania, dlatego rozmowa kwalifikacyjna z przysz\u0142ym pracodawc\u0105 nie musi by\u0107 wyzwaniem.<\/div>\n<\/div>\n<div class=\"row\">\n<div class=\"col-sm-4\"><img loading=\"lazy\" decoding=\"async\" class=\"alignnone wp-image-28543 size-full\" src=\"https:\/\/pb.edu.pl\/sjo\/wp-content\/uploads\/sites\/9\/2025\/05\/Joanna-Nazarko-Mock-2025.png\" alt=\"\" width=\"400\" height=\"320\" srcset=\"https:\/\/pb.edu.pl\/sjo\/wp-content\/uploads\/sites\/9\/2025\/05\/Joanna-Nazarko-Mock-2025.png 400w, https:\/\/pb.edu.pl\/sjo\/wp-content\/uploads\/sites\/9\/2025\/05\/Joanna-Nazarko-Mock-2025-300x240.png 300w\" sizes=\"auto, (max-width: 400px) 100vw, 400px\" \/><\/div>\n<div class=\"col-sm-8\">\n<p><strong>mgr Joanna Nazarko<\/strong><a id=\"sylwia\"><\/a><\/p>\n<div>Lektor j\u0119zyka angielskiego z ponad 20-letnim do\u015bwiadczeniem, absolwentka mened\u017cerskich studi\u00f3w podyplomowych. Uwa\u017ca, \u017ce podstaw\u0105 do poznawania \u015bwiata i podnoszenia swoich kompetencji jest znajomo\u015b\u0107 j\u0119zyka obcego. &nbsp;Na swoich zaj\u0119ciach stawia na budowanie relacji, wykorzystywanie j\u0119zyka angielskiego jako narz\u0119dzia do zapoznawania si\u0119 z r\u00f3\u017cnym tematami oraz wychodzenia poza granice traktowania nauki &#8222;jak w szkole&#8221;. &nbsp;Pasjonatka rozwoju osobistego, interdyscyplinarno\u015bci oraz podr\u00f3\u017cy z Erasmusem.&nbsp;<\/div>\n<\/div>\n<\/div>\n<div class=\"row\">\n<div class=\"col-sm-4\"><img loading=\"lazy\" decoding=\"async\" class=\"alignnone wp-image-28583 size-full\" src=\"https:\/\/pb.edu.pl\/sjo\/wp-content\/uploads\/sites\/9\/2025\/05\/Sylwia-Dobkowska-Mock-2025.png\" alt=\"\" width=\"400\" height=\"320\" srcset=\"https:\/\/pb.edu.pl\/sjo\/wp-content\/uploads\/sites\/9\/2025\/05\/Sylwia-Dobkowska-Mock-2025.png 400w, https:\/\/pb.edu.pl\/sjo\/wp-content\/uploads\/sites\/9\/2025\/05\/Sylwia-Dobkowska-Mock-2025-300x240.png 300w\" sizes=\"auto, (max-width: 400px) 100vw, 400px\" \/><\/div>\n<div class=\"col-sm-8\"><strong>mgr Sylwia Dobkowska<\/strong><a id=\"beata\"><\/a><br \/>\nWyk\u0142adowca j\u0119zyka angielskiego zwi\u0105zana ze Studium J\u0119zyk\u00f3w Obcych od 2007 roku, a od 2019 roku nauczycielka j\u0119zyka angielskiego w Akademickim Liceum Og\u00f3lnokszta\u0142c\u0105cym Politechniki Bia\u0142ostockiej. Jest czynnym egzaminatorem i lektorem j\u0119zyka polskiego jako obcego. W pracy ze studentami stawia na dobre relacje, komunikacj\u0119 oraz tworzenie takich warunk\u00f3w wsp\u00f3\u0142pracy, by nauka j\u0119zyka stawa\u0142a si\u0119 przyjemno\u015bci\u0105, a nie kolejnym obowi\u0105zkiem. Zaj\u0119cia z m\u0142odzie\u017c\u0105 pozwalaj\u0105 jej natomiast jeszcze lepiej pozna\u0107 i zrozumie\u0107 potrzeby nowych pokole\u0144 m\u0142odych ludzi przygotowuj\u0105cych si\u0119 do wkroczenia na rynek pracy i rozwoju kariery zawodowej.<\/div>\n<\/div>\n<div class=\"row\">\n<div class=\"col-sm-4\"><img loading=\"lazy\" decoding=\"async\" class=\"alignnone wp-image-28581 size-full\" src=\"https:\/\/pb.edu.pl\/sjo\/wp-content\/uploads\/sites\/9\/2025\/05\/Beata-Smolarczyk-Mock-2025.png\" alt=\"\" width=\"400\" height=\"320\" srcset=\"https:\/\/pb.edu.pl\/sjo\/wp-content\/uploads\/sites\/9\/2025\/05\/Beata-Smolarczyk-Mock-2025.png 400w, https:\/\/pb.edu.pl\/sjo\/wp-content\/uploads\/sites\/9\/2025\/05\/Beata-Smolarczyk-Mock-2025-300x240.png 300w\" sizes=\"auto, (max-width: 400px) 100vw, 400px\" \/>&nbsp;<\/div>\n<div class=\"col-sm-8\"><strong>mgr Beata Smolarczyk<\/strong><a id=\"ewa\"><\/a><br \/>\nWyk\u0142adowca j\u0119zyka angielskiego w SJO PB z ponad 30-letnim sta\u017cem. Koordynator egzaminu na Uczelniany Certyfikat J\u0119zykowy. Interesuje si\u0119 psychologi\u0105 i prac\u0105 z cia\u0142em. Wierzy, \u017ce podczas rozmowy o prac\u0119 istotne s\u0105 zar\u00f3wno kompetencje merytoryczne, jak i spos\u00f3b, w jaki prezentujemy siebie i swoje umiej\u0119tno\u015bci.<\/div>\n<\/div>\n<div class=\"row\">\n<div class=\"col-sm-4\"><img loading=\"lazy\" decoding=\"async\" class=\"alignnone wp-image-28566 size-full\" src=\"https:\/\/pb.edu.pl\/sjo\/wp-content\/uploads\/sites\/9\/2025\/05\/Ewa-Kowalczuk-Czapko-Mock-2025.png\" alt=\"\" width=\"400\" height=\"320\" srcset=\"https:\/\/pb.edu.pl\/sjo\/wp-content\/uploads\/sites\/9\/2025\/05\/Ewa-Kowalczuk-Czapko-Mock-2025.png 400w, https:\/\/pb.edu.pl\/sjo\/wp-content\/uploads\/sites\/9\/2025\/05\/Ewa-Kowalczuk-Czapko-Mock-2025-300x240.png 300w\" sizes=\"auto, (max-width: 400px) 100vw, 400px\" \/><\/div>\n<div class=\"col-sm-8\"><strong>mgr Ewa Kowalczuk-Czapko<\/strong><a id=\"katarzyna\"><\/a><br \/>\nDoradca Zawodowy na Politechnice Bia\u0142ostockiej. W pracy zawodowej aktywnie s\u0142ucha i ch\u0119tnie wskazuje najw\u0142a\u015bciwsz\u0105, cho\u0107 nie zawsze najkr\u00f3tsz\u0105 drog\u0119 do wymarzonej kariery. Potrafi doszlifowa\u0107 ka\u017cde CV i doda\u0107 mu kolorytu, by \u017caden rekruter nie pozosta\u0142 na nie oboj\u0119tny. Prywatnie mi\u0142o\u015bniczka literatury i gorzkiej czekolady.<\/div>\n<\/div>\n<div class=\"row\">\n<div class=\"col-sm-4\"><img loading=\"lazy\" decoding=\"async\" class=\"alignnone wp-image-28614 size-full\" src=\"https:\/\/pb.edu.pl\/sjo\/wp-content\/uploads\/sites\/9\/2025\/05\/Katarzyna-Kochaniak-Mock-2025-2.png\" alt=\"\" width=\"400\" height=\"320\" srcset=\"https:\/\/pb.edu.pl\/sjo\/wp-content\/uploads\/sites\/9\/2025\/05\/Katarzyna-Kochaniak-Mock-2025-2.png 400w, https:\/\/pb.edu.pl\/sjo\/wp-content\/uploads\/sites\/9\/2025\/05\/Katarzyna-Kochaniak-Mock-2025-2-300x240.png 300w\" sizes=\"auto, (max-width: 400px) 100vw, 400px\" \/><\/div>\n<div class=\"col-sm-8\"><strong>mgr Katarzyna Kochaniak<\/strong><br \/>\nAnglistka i italianistka, t\u0142umaczka j\u0119zyka angielskiego, specjalistka ds. marketingu internetowego oraz logistyki. Absolwentka Uniwersytetu Warszawskiego, Uniwersytetu w Bia\u0142ymstoku, Szko\u0142y G\u0142\u00f3wnej Handlowej i Politechniki Bia\u0142ostockiej. Na co dzie\u0144 zwi\u0105zana z Centrum Innowacji Erasmus+ InnHUB Bia\u0142ystok \u2013 regionalnym oddzia\u0142em Narodowej Agencji Programu Erasmus+ i Europejskiego Korpusu Solidarno\u015bci \u2013 gdzie promuje europejskie programy edukacyjne, wspiera mi\u0119dzynarodow\u0105 wsp\u00f3\u0142prac\u0119 instytucji i organizuje wydarzenia edukacyjne. Na spotkaniach z m\u0142odymi lud\u017ami podpowiada jak rozpocz\u0105\u0107 mi\u0119dzynarodow\u0105 przygod\u0119 zawodow\u0105!<\/div>\n<\/div>\n","protected":false},"excerpt":{"rendered":"<p>mgr Violetta Grabi\u0144ska Wyk\u0142adowca j\u0119zyka angielskiego i hiszpa\u0144skiego w Studium J\u0119zyk\u00f3w Obcych Politechniki Bia\u0142ostockiej. Prowadzi<\/p>\n","protected":false},"author":6,"featured_media":0,"parent":28332,"menu_order":0,"comment_status":"closed","ping_status":"closed","template":"","meta":{"_acf_changed":false,"ngg_post_thumbnail":0,"footnotes":""},"class_list":["post-28362","page","type-page","status-publish","hentry"],"acf":[],"yoast_head":"<!-- This site is optimized with the Yoast SEO plugin v27.0 - https:\/\/yoast.com\/product\/yoast-seo-wordpress\/ -->\n<title>Eksperci - Studium J\u0119zyk\u00f3w Obcych<\/title>\n<meta name=\"description\" content=\"mgr Violetta Grabi\u0144ska Wyk\u0142adowca j\u0119zyka angielskiego i hiszpa\u0144skiego w Studium J\u0119zyk\u00f3w Obcych Politechniki Bia\u0142ostockiej. Prowadzi zaj\u0119cia w ramach\" \/>\n<meta name=\"robots\" content=\"index, follow, max-snippet:-1, max-image-preview:large, max-video-preview:-1\" \/>\n<link rel=\"canonical\" href=\"https:\/\/pb.edu.pl\/sjo\/wydarzenia-sjo\/mock-job-interview-2025\/eksperci\/\" \/>\n<meta property=\"og:locale\" content=\"pl_PL\" \/>\n<meta property=\"og:type\" content=\"article\" \/>\n<meta property=\"og:title\" content=\"Eksperci - Studium J\u0119zyk\u00f3w Obcych\" \/>\n<meta property=\"og:description\" content=\"mgr Violetta Grabi\u0144ska Wyk\u0142adowca j\u0119zyka angielskiego i hiszpa\u0144skiego w Studium J\u0119zyk\u00f3w Obcych Politechniki Bia\u0142ostockiej. Prowadzi zaj\u0119cia w ramach\" \/>\n<meta property=\"og:url\" content=\"https:\/\/pb.edu.pl\/sjo\/wydarzenia-sjo\/mock-job-interview-2025\/eksperci\/\" \/>\n<meta property=\"og:site_name\" content=\"Studium J\u0119zyk\u00f3w Obcych\" \/>\n<meta property=\"article:modified_time\" content=\"2025-05-22T12:46:20+00:00\" \/>\n<meta property=\"og:image\" content=\"https:\/\/pb.edu.pl\/sjo\/wp-content\/uploads\/sites\/9\/2025\/05\/Violetta-Grabinska-Mock-2025.png\" \/>\n\t<meta property=\"og:image:width\" content=\"400\" \/>\n\t<meta property=\"og:image:height\" content=\"320\" \/>\n\t<meta property=\"og:image:type\" content=\"image\/png\" \/>\n<meta name=\"twitter:label1\" content=\"Szacowany czas czytania\" \/>\n\t<meta name=\"twitter:data1\" content=\"7 minut\" \/>\n<script type=\"application\/ld+json\" class=\"yoast-schema-graph\">{\"@context\":\"https:\/\/schema.org\",\"@graph\":[{\"@type\":\"WebPage\",\"@id\":\"https:\/\/pb.edu.pl\/sjo\/wydarzenia-sjo\/mock-job-interview-2025\/eksperci\/\",\"url\":\"https:\/\/pb.edu.pl\/sjo\/wydarzenia-sjo\/mock-job-interview-2025\/eksperci\/\",\"name\":\"Eksperci - Studium J\u0119zyk\u00f3w Obcych\",\"isPartOf\":{\"@id\":\"https:\/\/pb.edu.pl\/sjo\/#website\"},\"primaryImageOfPage\":{\"@id\":\"https:\/\/pb.edu.pl\/sjo\/wydarzenia-sjo\/mock-job-interview-2025\/eksperci\/#primaryimage\"},\"image\":{\"@id\":\"https:\/\/pb.edu.pl\/sjo\/wydarzenia-sjo\/mock-job-interview-2025\/eksperci\/#primaryimage\"},\"thumbnailUrl\":\"https:\/\/pb.edu.pl\/sjo\/wp-content\/uploads\/sites\/9\/2025\/05\/Violetta-Grabinska-Mock-2025.png\",\"datePublished\":\"2025-04-25T10:58:31+00:00\",\"dateModified\":\"2025-05-22T12:46:20+00:00\",\"description\":\"mgr Violetta Grabi\u0144ska Wyk\u0142adowca j\u0119zyka angielskiego i hiszpa\u0144skiego w Studium J\u0119zyk\u00f3w Obcych Politechniki Bia\u0142ostockiej. Prowadzi zaj\u0119cia w ramach\",\"breadcrumb\":{\"@id\":\"https:\/\/pb.edu.pl\/sjo\/wydarzenia-sjo\/mock-job-interview-2025\/eksperci\/#breadcrumb\"},\"inLanguage\":\"pl-PL\",\"potentialAction\":[{\"@type\":\"ReadAction\",\"target\":[\"https:\/\/pb.edu.pl\/sjo\/wydarzenia-sjo\/mock-job-interview-2025\/eksperci\/\"]}]},{\"@type\":\"ImageObject\",\"inLanguage\":\"pl-PL\",\"@id\":\"https:\/\/pb.edu.pl\/sjo\/wydarzenia-sjo\/mock-job-interview-2025\/eksperci\/#primaryimage\",\"url\":\"https:\/\/pb.edu.pl\/sjo\/wp-content\/uploads\/sites\/9\/2025\/05\/Violetta-Grabinska-Mock-2025.png\",\"contentUrl\":\"https:\/\/pb.edu.pl\/sjo\/wp-content\/uploads\/sites\/9\/2025\/05\/Violetta-Grabinska-Mock-2025.png\",\"width\":400,\"height\":320},{\"@type\":\"BreadcrumbList\",\"@id\":\"https:\/\/pb.edu.pl\/sjo\/wydarzenia-sjo\/mock-job-interview-2025\/eksperci\/#breadcrumb\",\"itemListElement\":[{\"@type\":\"ListItem\",\"position\":1,\"name\":\"Home\",\"item\":\"https:\/\/pb.edu.pl\/sjo\/\"},{\"@type\":\"ListItem\",\"position\":2,\"name\":\"Wydarzenia SJO\",\"item\":\"https:\/\/pb.edu.pl\/sjo\/wydarzenia-sjo\/\"},{\"@type\":\"ListItem\",\"position\":3,\"name\":\"Mock Job Interview 2025\",\"item\":\"https:\/\/pb.edu.pl\/sjo\/wydarzenia-sjo\/mock-job-interview-2025\/\"},{\"@type\":\"ListItem\",\"position\":4,\"name\":\"Eksperci\"}]},{\"@type\":\"WebSite\",\"@id\":\"https:\/\/pb.edu.pl\/sjo\/#website\",\"url\":\"https:\/\/pb.edu.pl\/sjo\/\",\"name\":\"Studium J\u0119zyk\u00f3w Obcych\",\"description\":\"\",\"potentialAction\":[{\"@type\":\"SearchAction\",\"target\":{\"@type\":\"EntryPoint\",\"urlTemplate\":\"https:\/\/pb.edu.pl\/sjo\/?s={search_term_string}\"},\"query-input\":{\"@type\":\"PropertyValueSpecification\",\"valueRequired\":true,\"valueName\":\"search_term_string\"}}],\"inLanguage\":\"pl-PL\"}]}<\/script>\n<!-- \/ Yoast SEO plugin. -->","yoast_head_json":{"title":"Eksperci - Studium J\u0119zyk\u00f3w Obcych","description":"mgr Violetta Grabi\u0144ska Wyk\u0142adowca j\u0119zyka angielskiego i hiszpa\u0144skiego w Studium J\u0119zyk\u00f3w Obcych Politechniki Bia\u0142ostockiej. Prowadzi zaj\u0119cia w ramach","robots":{"index":"index","follow":"follow","max-snippet":"max-snippet:-1","max-image-preview":"max-image-preview:large","max-video-preview":"max-video-preview:-1"},"canonical":"https:\/\/pb.edu.pl\/sjo\/wydarzenia-sjo\/mock-job-interview-2025\/eksperci\/","og_locale":"pl_PL","og_type":"article","og_title":"Eksperci - Studium J\u0119zyk\u00f3w Obcych","og_description":"mgr Violetta Grabi\u0144ska Wyk\u0142adowca j\u0119zyka angielskiego i hiszpa\u0144skiego w Studium J\u0119zyk\u00f3w Obcych Politechniki Bia\u0142ostockiej. Prowadzi zaj\u0119cia w ramach","og_url":"https:\/\/pb.edu.pl\/sjo\/wydarzenia-sjo\/mock-job-interview-2025\/eksperci\/","og_site_name":"Studium J\u0119zyk\u00f3w Obcych","article_modified_time":"2025-05-22T12:46:20+00:00","og_image":[{"width":400,"height":320,"url":"https:\/\/pb.edu.pl\/sjo\/wp-content\/uploads\/sites\/9\/2025\/05\/Violetta-Grabinska-Mock-2025.png","type":"image\/png"}],"twitter_misc":{"Szacowany czas czytania":"7 minut"},"schema":{"@context":"https:\/\/schema.org","@graph":[{"@type":"WebPage","@id":"https:\/\/pb.edu.pl\/sjo\/wydarzenia-sjo\/mock-job-interview-2025\/eksperci\/","url":"https:\/\/pb.edu.pl\/sjo\/wydarzenia-sjo\/mock-job-interview-2025\/eksperci\/","name":"Eksperci - Studium J\u0119zyk\u00f3w Obcych","isPartOf":{"@id":"https:\/\/pb.edu.pl\/sjo\/#website"},"primaryImageOfPage":{"@id":"https:\/\/pb.edu.pl\/sjo\/wydarzenia-sjo\/mock-job-interview-2025\/eksperci\/#primaryimage"},"image":{"@id":"https:\/\/pb.edu.pl\/sjo\/wydarzenia-sjo\/mock-job-interview-2025\/eksperci\/#primaryimage"},"thumbnailUrl":"https:\/\/pb.edu.pl\/sjo\/wp-content\/uploads\/sites\/9\/2025\/05\/Violetta-Grabinska-Mock-2025.png","datePublished":"2025-04-25T10:58:31+00:00","dateModified":"2025-05-22T12:46:20+00:00","description":"mgr Violetta Grabi\u0144ska Wyk\u0142adowca j\u0119zyka angielskiego i hiszpa\u0144skiego w Studium J\u0119zyk\u00f3w Obcych Politechniki Bia\u0142ostockiej. Prowadzi zaj\u0119cia w ramach","breadcrumb":{"@id":"https:\/\/pb.edu.pl\/sjo\/wydarzenia-sjo\/mock-job-interview-2025\/eksperci\/#breadcrumb"},"inLanguage":"pl-PL","potentialAction":[{"@type":"ReadAction","target":["https:\/\/pb.edu.pl\/sjo\/wydarzenia-sjo\/mock-job-interview-2025\/eksperci\/"]}]},{"@type":"ImageObject","inLanguage":"pl-PL","@id":"https:\/\/pb.edu.pl\/sjo\/wydarzenia-sjo\/mock-job-interview-2025\/eksperci\/#primaryimage","url":"https:\/\/pb.edu.pl\/sjo\/wp-content\/uploads\/sites\/9\/2025\/05\/Violetta-Grabinska-Mock-2025.png","contentUrl":"https:\/\/pb.edu.pl\/sjo\/wp-content\/uploads\/sites\/9\/2025\/05\/Violetta-Grabinska-Mock-2025.png","width":400,"height":320},{"@type":"BreadcrumbList","@id":"https:\/\/pb.edu.pl\/sjo\/wydarzenia-sjo\/mock-job-interview-2025\/eksperci\/#breadcrumb","itemListElement":[{"@type":"ListItem","position":1,"name":"Home","item":"https:\/\/pb.edu.pl\/sjo\/"},{"@type":"ListItem","position":2,"name":"Wydarzenia SJO","item":"https:\/\/pb.edu.pl\/sjo\/wydarzenia-sjo\/"},{"@type":"ListItem","position":3,"name":"Mock Job Interview 2025","item":"https:\/\/pb.edu.pl\/sjo\/wydarzenia-sjo\/mock-job-interview-2025\/"},{"@type":"ListItem","position":4,"name":"Eksperci"}]},{"@type":"WebSite","@id":"https:\/\/pb.edu.pl\/sjo\/#website","url":"https:\/\/pb.edu.pl\/sjo\/","name":"Studium J\u0119zyk\u00f3w Obcych","description":"","potentialAction":[{"@type":"SearchAction","target":{"@type":"EntryPoint","urlTemplate":"https:\/\/pb.edu.pl\/sjo\/?s={search_term_string}"},"query-input":{"@type":"PropertyValueSpecification","valueRequired":true,"valueName":"search_term_string"}}],"inLanguage":"pl-PL"}]}},"_links":{"self":[{"href":"https:\/\/pb.edu.pl\/sjo\/wp-json\/wp\/v2\/pages\/28362","targetHints":{"allow":["GET"]}}],"collection":[{"href":"https:\/\/pb.edu.pl\/sjo\/wp-json\/wp\/v2\/pages"}],"about":[{"href":"https:\/\/pb.edu.pl\/sjo\/wp-json\/wp\/v2\/types\/page"}],"author":[{"embeddable":true,"href":"https:\/\/pb.edu.pl\/sjo\/wp-json\/wp\/v2\/users\/6"}],"replies":[{"embeddable":true,"href":"https:\/\/pb.edu.pl\/sjo\/wp-json\/wp\/v2\/comments?post=28362"}],"version-history":[{"count":0,"href":"https:\/\/pb.edu.pl\/sjo\/wp-json\/wp\/v2\/pages\/28362\/revisions"}],"up":[{"embeddable":true,"href":"https:\/\/pb.edu.pl\/sjo\/wp-json\/wp\/v2\/pages\/28332"}],"wp:attachment":[{"href":"https:\/\/pb.edu.pl\/sjo\/wp-json\/wp\/v2\/media?parent=28362"}],"curies":[{"name":"wp","href":"https:\/\/api.w.org\/{rel}","templated":true}]}}