{"id":28356,"date":"2025-04-25T12:56:06","date_gmt":"2025-04-25T10:56:06","guid":{"rendered":"https:\/\/pb.edu.pl\/sjo\/?page_id=28356"},"modified":"2025-05-23T13:42:52","modified_gmt":"2025-05-23T11:42:52","slug":"program","status":"publish","type":"page","link":"https:\/\/pb.edu.pl\/sjo\/wydarzenia-sjo\/mock-job-interview-2025\/program\/","title":{"rendered":"Program"},"content":{"rendered":"<div class=\"table-responsive h4\">\n<table class=\"table table-no-bordered\" style=\"width: 100%;height: 402px\">\n<thead>\n<tr style=\"border: 0\">\n<th style=\"text-align: center;vertical-align: middle;width: 17%;height: 39px\">&nbsp;<\/th>\n<td style=\"background-color: #7ed957;text-align: center;vertical-align: middle;height: 39px;width: 28.9937%\"><strong>SPOTKANIA Z EKSPERTEM &#8211; blok 1<\/strong><\/td>\n<td style=\"height: 39px;background-color: #b3b3b3;text-align: center;vertical-align: middle;width: 28.9308%\"><strong>SPOTKANIA Z EKSPERTEM \u2013 blok 2<\/strong><\/td>\n<td style=\"background-color: #7ed957;text-align: center;vertical-align: middle;height: 39px;width: 25.0314%\"><strong>WARSZTATY Z EKSPERTEM<br \/>\n<\/strong><\/td>\n<\/tr>\n<\/thead>\n<tbody>\n<tr style=\"height: 5px\">\n<td style=\"width: 99.9559%;height: 5px;text-align: center;vertical-align: middle\" colspan=\"4\">&nbsp;<span style=\"font-size: 1pt\">1<\/span><\/td>\n<\/tr>\n<tr style=\"height: 37px\">\n<td style=\"width: 17%;height: 37px;background-color: #b3b3b3;text-align: center;vertical-align: middle\">9:00 &#8211; 09:30<\/td>\n<td style=\"width: 28.9937%;height: 37px;background-color: #7ed957;text-align: center;vertical-align: middle\"><a title=\"\" href=\"#t21\">21st-century jobs \u2013 The future of work and its impact on the environment<\/a><\/td>\n<td style=\"width: 28.9308%;height: 37px;background-color: #b3b3b3;text-align: center;vertical-align: middle\"><a title=\"\" href=\"#recruiter\">Recruiter Radar: The Hidden Messages in Your \u2018Hobbies\u2019 Section<\/a><\/td>\n<td style=\"height: 179px;width: 25.0314%;background-color: #7ed957;text-align: center;vertical-align: middle\" rowspan=\"7\">&nbsp;<\/p>\n<p>Mock job interview with the native<\/p>\n<p>&nbsp;<\/p>\n<p><a href=\"#konsultacje\">CV Clinic with a Career Advisor<\/a><\/p>\n<p>&nbsp;<\/p>\n<p>Career Corner \u2013 Come Talk to Us<\/p>\n<p>&nbsp;<\/td>\n<\/tr>\n<tr style=\"height: 5px\">\n<td style=\"height: 11px;width: 17%;text-align: center;vertical-align: middle\">&nbsp;<\/td>\n<td style=\"width: 28.9937%;text-align: center;vertical-align: middle;height: 11px\">&nbsp;<\/td>\n<td style=\"width: 28.9308%;text-align: center;vertical-align: middle;height: 11px\">&nbsp;<\/td>\n<\/tr>\n<tr style=\"height: 37px\">\n<td style=\"width: 17%;height: 37px;background-color: #b3b3b3;text-align: center;vertical-align: middle\">9:30 &#8211; 10:00<\/td>\n<td style=\"width: 28.9937%;height: 37px;background-color: #7ed957;text-align: center;vertical-align: middle\"><a title=\"\" href=\"#the\">The power of interviews<\/a><\/td>\n<td style=\"width: 28.9308%;height: 37px;background-color: #b3b3b3;text-align: center;vertical-align: middle\"><a title=\"\" href=\"#calm\">Calm down- it&#8217;s just an interview<\/a><\/td>\n<\/tr>\n<tr style=\"height: 5px\">\n<td style=\"height: 10px;width: 17%;text-align: center;vertical-align: middle\">&nbsp;<\/td>\n<td style=\"width: 28.9937%;text-align: center;vertical-align: middle;height: 10px\">&nbsp;<\/td>\n<td style=\"width: 28.9308%;text-align: center;vertical-align: middle;height: 10px\">&nbsp;<\/td>\n<\/tr>\n<tr style=\"height: 37px\">\n<td style=\"width: 17%;height: 37px;background-color: #b3b3b3;text-align: center;vertical-align: middle\">10:00 &#8211; 10:30<\/td>\n<td style=\"width: 28.9937%;height: 37px;background-color: #7ed957;text-align: center;vertical-align: middle\"><a title=\"\" href=\"#entrevista\">Entrevista de trabajo \u2013 rozmowa kwalifikacyjna po hiszpa\u0144sku<\/a><\/td>\n<td style=\"height: 37px;background-color: #b3b3b3;text-align: center;vertical-align: middle;width: 28.9308%\"><a title=\"\" href=\"#kickstart\">Kickstart Your Career \u2013 Working in Europe<\/a><\/td>\n<\/tr>\n<tr style=\"height: 5px\">\n<td style=\"height: 10px;width: 74.9245%;text-align: center;vertical-align: middle\" colspan=\"3\">&nbsp;<\/td>\n<\/tr>\n<tr style=\"height: 37px\">\n<td style=\"width: 17%;height: 37px;background-color: #b3b3b3;text-align: center;vertical-align: middle\">10:30 &#8211; 11:00<\/td>\n<td style=\"width: 28.9937%;height: 37px;background-color: #7ed957;text-align: center;vertical-align: middle\"><a title=\"\" href=\"#killer\">Killer questions &#8211; the story behind them<\/a><\/td>\n<td style=\"background-color: #b3b3b3;text-align: center;vertical-align: middle;width: 28.9308%;height: 37px\"><a title=\"\" href=\"#training\">Training is not the same as any training<\/a><\/td>\n<\/tr>\n<tr style=\"height: 5px\">\n<td style=\"height: 13px;width: 17%;text-align: center;vertical-align: middle\">&nbsp;<\/td>\n<td style=\"width: 28.9937%;text-align: center;vertical-align: middle;height: 13px\">&nbsp;<\/td>\n<td style=\"width: 28.9308%;text-align: center;vertical-align: middle;height: 13px\">&nbsp;<\/td>\n<td style=\"text-align: center;vertical-align: middle;width: 25.0314%;height: 13px;background-color: #ffffff\">&nbsp;<\/td>\n<\/tr>\n<tr style=\"height: 37px\">\n<td style=\"width: 17%;height: 37px;background-color: #b3b3b3;text-align: center;vertical-align: middle\">11:00 &#8211; 11:30<\/td>\n<td style=\"width: 28.9937%;height: 37px;background-color: #7ed957;text-align: center;vertical-align: middle\"><a href=\"#panel\">Panel Student\u00f3w<\/a><\/td>\n<td style=\"width: 28.9308%;height: 37px;background-color: #b3b3b3;text-align: center;vertical-align: middle\">&nbsp;<\/td>\n<td style=\"background-color: #7ed957;text-align: center;vertical-align: middle;width: 25.0314%;height: 119px\" rowspan=\"3\"><a href=\"#rozmowa\">Rozmowa kwalifikacyjna po rosyjsku<br \/>\ni ukrai\u0144sku<\/a><\/td>\n<\/tr>\n<tr style=\"height: 41px\">\n<td style=\"width: 17%;text-align: center;vertical-align: middle;height: 41px\">&nbsp;<\/td>\n<td style=\"text-align: center;vertical-align: middle;height: 41px;width: 28.9937%\">&nbsp;<\/td>\n<td style=\"text-align: center;vertical-align: middle;width: 28.9308%;height: 41px\">&nbsp;<\/td>\n<\/tr>\n<tr style=\"height: 41px\">\n<td style=\"width: 17%;height: 41px;background-color: #b3b3b3;text-align: center;vertical-align: middle\">11:30 &#8211; 12:00<\/td>\n<td style=\"width: 28.9937%;height: 41px;background-color: #7ed957;vertical-align: middle;text-align: right\">Pizza-powered<\/td>\n<td style=\"width: 28.9308%;height: 41px;background-color: #b3b3b3;text-align: left;vertical-align: middle\">networking<\/td>\n<\/tr>\n<tr style=\"height: 5px\">\n<td style=\"height: 10px;width: 17%;text-align: center;vertical-align: middle\">&nbsp;<\/td>\n<td style=\"width: 28.9937%;text-align: center;vertical-align: middle;height: 10px\">&nbsp;<\/td>\n<td style=\"width: 28.9308%;text-align: center;vertical-align: middle;height: 10px\">&nbsp;<\/td>\n<td style=\"width: 25.0314%;text-align: center;vertical-align: middle;height: 10px\">&nbsp;<\/td>\n<\/tr>\n<tr style=\"height: 37px\">\n<td style=\"width: 17%;height: 37px;background-color: #b3b3b3;text-align: center;vertical-align: middle\">11:00 &#8211; 13:00<\/td>\n<td style=\"width: 82.9559%;height: 37px;background-color: #7ed957;text-align: center;vertical-align: middle\" colspan=\"3\">Profesjonalna sesja zdj\u0119ciowa (do CV, LinkedIn)<\/td>\n<\/tr>\n<tr style=\"height: 5px\">\n<td style=\"height: 10px;width: 17%;text-align: center;vertical-align: middle\">&nbsp;<\/td>\n<td style=\"width: 28.9937%;text-align: center;vertical-align: middle;height: 10px\">&nbsp;<\/td>\n<td style=\"width: 28.9308%;text-align: center;vertical-align: middle;height: 10px\">&nbsp;<\/td>\n<td style=\"width: 25.0314%;text-align: center;vertical-align: middle;height: 10px\">&nbsp;<\/td>\n<\/tr>\n<tr style=\"height: 37px\">\n<td style=\"width: 17%;height: 37px;background-color: #b3b3b3;text-align: center;vertical-align: middle\">12:00 &#8211; 14:00<\/td>\n<td style=\"width: 82.9559%;height: 37px;background-color: #7ed957;text-align: center;vertical-align: middle\" colspan=\"3\">Rozmowy kwalifikacyjne z rekruterami z zaproszonych firm:<\/p>\n<p><a title=\"\" href=\"https:\/\/pb.edu.pl\/sjo\/wydarzenia-sjo\/mock-job-interview-2025\/pracodawcy\/czochanscy\/\">Czocha\u0144scy<\/a><br \/>\n<a title=\"\" href=\"https:\/\/pb.edu.pl\/sjo\/wydarzenia-sjo\/mock-job-interview-2025\/pracodawcy\/lbpro\/\">LBPro<\/a><br \/>\n<a title=\"\" href=\"https:\/\/pb.edu.pl\/sjo\/wydarzenia-sjo\/mock-job-interview-2025\/pracodawcy\/kan\/\">Kan<\/a><\/td>\n<\/tr>\n<\/tbody>\n<\/table>\n<\/div>\n<p>&nbsp;<br \/>\n<a id=\"killer\"><\/a><\/p>\n<h2>Zdob\u0105d\u017a pewno\u015b\u0107 siebie przed rozmow\u0105 o prac\u0119 \u2013 krok po kroku, razem z nami.<\/h2>\n<p>W tej sekcji znajdziesz szczeg\u00f3\u0142owy program wydarzenia.<\/p>\n<p>Planujemy <strong>seri\u0119 kr\u00f3tkich, praktycznych warsztat\u00f3w po\u015bwi\u0119conych tematyce pracy<\/strong>: od szukania zatrudnienia, przez przygotowanie CV, a\u017c po rozmow\u0119 kwalifikacyjn\u0105. Wszystkie zaj\u0119cia b\u0119d\u0105 prowadzone <strong>w j\u0119zyku angielskim<\/strong>, ale nie musisz m\u00f3wi\u0107 jak native speaker, \u017ceby wzi\u0105\u0107 udzia\u0142 \u2014 dostosujemy poziom j\u0119zykowy do uczestnik\u00f3w.<\/p>\n<p><strong>Gwarantujemy du\u017c\u0105 dawk\u0119 konkretnej wiedzy w przyjaznej, interaktywnej formie.<\/strong><br \/>\n<a id=\"t21\"><\/a><\/p>\n<h3>Killer questions &#8211; the story behind them<\/h3>\n<p>A job interview is often a rather stressful experience, and your answers to the recruiter&#8217;s questions can be crucial when it comes to getting hired. Not all questions are as straightforward as they may seem. What kinds of questions can you expect, and how can you avoid being thrown off balance?<\/p>\n<p>The workshop will be led by mgr <a href=\"https:\/\/pb.edu.pl\/sjo\/wydarzenia-sjo\/mock-job-interview-2025\/eksperci\/#malgorzata\">Ma\u0142gorzata Komarewska<\/a><br \/>\n<a id=\"entrevista\"><\/a><\/p>\n<h3>21st-century jobs &#8211; The future of work and its impact on the environment<\/h3>\n<p>What will your dream job look like in 10 years\u2014and how will it shape the planet? In this interactive workshop, you\u2019ll dive into the future of work, explore how emerging careers are changing the environment, and develop the skills to thrive in a world full of innovation and uncertainty. You\u2019ll work in teams, use your creativity and critical thinking, and practice essential language tools like modal verbs. By the end, you&#8217;ll collaborate on a short analytical piece that shows off your 21st-century thinking. Sign up to sharpen your skills, shape ideas, and discover how the jobs of tomorrow can build a more sustainable future today.<\/p>\n<p>The workshop will be led by mgr <a href=\"https:\/\/pb.edu.pl\/sjo\/wydarzenia-sjo\/mock-job-interview-2025\/eksperci\/#aniela\">Aniela Staszewska<\/a><br \/>\n<a id=\"kickstart\"><\/a><\/p>\n<h3>Entrevista de trabajo \u2013 rozmowa kwalifikacyjna po hiszpa\u0144sku<\/h3>\n<p>Je\u015bli chcesz dowiedzie\u0107 si\u0119, jak wygl\u0105da rozmowa kwalifikacyjna po hiszpa\u0144sku \u2013 ten warsztat jest dla Ciebie! Poznasz r\u00f3\u017cne rodzaje rozm\u00f3w, najcz\u0119\u015bciej zadawane pytania oraz 10 praktycznych wskaz\u00f3wek, kt\u00f3re zwi\u0119ksz\u0105 Twoje szanse na sukces. Przyjd\u017a, pos\u0142uchaj, po\u0107wicz i prze\u0142am barier\u0119 j\u0119zykow\u0105 w przyjaznej atmosferze!<\/p>\n<p>Warsztat poprowadzi mgr <a href=\"https:\/\/pb.edu.pl\/sjo\/wydarzenia-sjo\/mock-job-interview-2025\/eksperci\/\">Violetta Grabi\u0144ska<\/a><br \/>\n<a id=\"recruiter\"><\/a><\/p>\n<h3>Kickstart Your Career \u2013 Working in Europe<\/h3>\n<p>Are you curious about working abroad in Europe? Join our interactive workshop to discover exciting opportunities-from permanent jobs and seasonal work to au pair roles and work exchange programs. Learn where to find reliable information and how to prepare a standout CV using the Europass format to showcase your skills confidently.<br \/>\nDon\u2019t miss this chance to unlock your potential and explore the European job market! Sign up now and take the first step toward your international career adventure.<\/p>\n<p>The workshop will be led by mgr <a href=\"https:\/\/pb.edu.pl\/sjo\/wydarzenia-sjo\/mock-job-interview-2025\/eksperci\/#katarzyna\">Katarzyna Kochaniak<\/a><br \/>\n<a id=\"calm\"><\/a><\/p>\n<h3>Recruiter Radar: The Hidden Messages in Your \u2018Hobbies\u2019 Section<\/h3>\n<p>This workshop is about the secret life of your passions, their interpretive power and about recruiters who read between the lines. We will put some hobbies under the microscope to see what they reveal to employers. The main takeaway: raised awareness of how to sell your interests smartly and turn them into hiring hooks.<\/p>\n<p>The workshop will be led by mgr <a href=\"https:\/\/pb.edu.pl\/sjo\/wydarzenia-sjo\/mock-job-interview-2025\/eksperci\/#urszula\">Urszula Socho\u0144 \u2013 Okruszko<\/a><\/p>\n<h3>Calm down- it&#8217;s just an interview<\/h3>\n<p>What you&#8217;ll learn:<\/p>\n<ul>\n<li>Simple breathing and grounding techniques<\/li>\n<li>How to answer tough questions under pressure<\/li>\n<li>Mindset shifts which will calm your nervous system<\/li>\n<li>Quick body language hacks.<\/li>\n<\/ul>\n<p><a id=\"the\"><\/a><br \/>\nThis short workshop will give you some strategies to manage stress. You will walk away with tools that can be used immediately. Come and check.<\/p>\n<p>The workshop will be led by mgr <a href=\"https:\/\/pb.edu.pl\/sjo\/wydarzenia-sjo\/mock-job-interview-2025\/eksperci\/#beata\">Beata Smolarczyk<\/a><br \/>\n<a id=\"training\"><\/a><\/p>\n<h3>The power of interviews<\/h3>\n<p>The workshop will cover the following topics:<\/p>\n<ul>\n<li>what to do and not to do before and during an interview<\/li>\n<li>how body language affects first impressions<\/li>\n<li>how to turn weak, hesitant phrases into powerful ones<\/li>\n<\/ul>\n<p>The workshop will be led by mgr <a href=\"https:\/\/pb.edu.pl\/sjo\/wydarzenia-sjo\/mock-job-interview-2025\/eksperci\/#sylwia\">Sylwia Dobkowska<\/a><br \/>\n<a id=\"panel\"><\/a><\/p>\n<h3>Training is not the same as any training<\/h3>\n<p>Getting more qualifications is essential during your professional path. It\u2019s not about getting a great number of certificates but choosing wisely the training institutions. I\u2019ll show you training platforms worth your time (and often money).<\/p>\n<p>The workshop will be led by mgr <a href=\"https:\/\/pb.edu.pl\/sjo\/wydarzenia-sjo\/mock-job-interview-2025\/eksperci\/#joanna\">Joanna Nazarko<\/a><br \/>\n<a id=\"rozmowa\"><\/a><\/p>\n<h3>Panel student\u00f3w \u2013 wymiana do\u015bwiadcze\u0144<\/h3>\n<p>Studenci dla student\u00f3w \u2013 odwied\u017a panel student\u00f3w i przekonaj si\u0119 jak naprawd\u0119 wygl\u0105da rozmowa o prac\u0119, jakie pytania najcz\u0119\u015bciej padaj\u0105 i co mo\u017ce Was zaskoczy\u0107. Porozmawiamy o rozmowach kwalifikacyjnych na r\u00f3\u017cne stanowiska, tak\u017ce na takie, w kt\u00f3rych do\u015bwiadczenie nie jest wymagane. B\u0119dziecie mieli okazj\u0119 zadawa\u0107 pytania i opowiada\u0107 o swoich do\u015bwiadczeniach. To b\u0119dzie warto\u015bciowe spotkanie!<br \/>\n<a id=\"konsultacje\"><\/a><\/p>\n<h3>Rozmowa kwalifikacyjna po rosyjsku i ukrai\u0144sku<\/h3>\n<p>Jak przekona\u0107 przysz\u0142ego pracodawc\u0119, \u017ce to w\u0142a\u015bnie Ty jeste\u015b najlepszym kandydatem na to stanowisko? Jak siebie przedstawi\u0107 najkorzystniej? Co m\u00f3wi\u0107, a czego lepiej unika\u0107? Czy mowa cia\u0142a ma znaczenie? Odpowiedzi na te i inne pytania otrzymasz podczas spotkania ze mn\u0105. Rozmowa kwalifikacyjna nie musi by\u0107 trudna, nale\u017cy si\u0119 tylko dobrze do niej przygotowa\u0107!<br \/>\n\u041a\u0430\u043a \u0443\u0431\u0435\u0434\u0438\u0442\u044c \u043f\u043e\u0442\u0435\u043d\u0446\u0438\u0430\u043b\u044c\u043d\u043e\u0433\u043e \u0440\u0430\u0431\u043e\u0442\u043e\u0434\u0430\u0442\u0435\u043b\u044f, \u0447\u0442\u043e \u0438\u043c\u0435\u043d\u043d\u043e \u0432\u044b \u044f\u0432\u043b\u044f\u0435\u0442\u0435\u0441\u044c \u043b\u0443\u0447\u0448\u0438\u043c \u043a\u0430\u043d\u0434\u0438\u0434\u0430\u0442\u043e\u043c \u043d\u0430 \u044d\u0442\u0443 \u0434\u043e\u043b\u0436\u043d\u043e\u0441\u0442\u044c? \u041a\u0430\u043a \u043f\u0440\u0435\u0434\u0441\u0442\u0430\u0432\u0438\u0442\u044c \u0441\u0435\u0431\u044f \u0432 \u043d\u0430\u0438\u0431\u043e\u043b\u0435\u0435 \u0432\u044b\u0433\u043e\u0434\u043d\u043e\u043c \u0441\u0432\u0435\u0442\u0435? \u0427\u0442\u043e \u0433\u043e\u0432\u043e\u0440\u0438\u0442\u044c \u0438 \u0447\u0435\u0433\u043e \u0438\u0437\u0431\u0435\u0433\u0430\u0442\u044c? \u0418\u043c\u0435\u0435\u0442 \u043b\u0438 \u0437\u043d\u0430\u0447\u0435\u043d\u0438\u0435 \u044f\u0437\u044b\u043a \u0442\u0435\u043b\u0430? \u041e\u0442\u0432\u0435\u0442\u044b \u043d\u0430 \u044d\u0442\u0438 \u0438 \u0434\u0440\u0443\u0433\u0438\u0435 \u0432\u043e\u043f\u0440\u043e\u0441\u044b \u0432\u044b \u043f\u043e\u043b\u0443\u0447\u0438\u0442\u0435 \u0432\u043e \u0432\u0440\u0435\u043c\u044f \u0432\u0441\u0442\u0440\u0435\u0447\u0438 \u0441\u043e \u043c\u043d\u043e\u0439. \u0421\u043e\u0431\u0435\u0441\u0435\u0434\u043e\u0432\u0430\u043d\u0438\u0435 \u043d\u0435 \u043e\u0431\u044f\u0437\u0430\u0442\u0435\u043b\u044c\u043d\u043e \u0434\u043e\u043b\u0436\u043d\u043e \u0431\u044b\u0442\u044c \u0441\u043b\u043e\u0436\u043d\u044b\u043c, \u043d\u0443\u0436\u043d\u043e \u043f\u0440\u043e\u0441\u0442\u043e \u0445\u043e\u0440\u043e\u0448\u043e \u043f\u043e\u0434\u0433\u043e\u0442\u043e\u0432\u0438\u0442\u044c\u0441\u044f!<\/p>\n<p>Prowadzi mgr <a href=\"https:\/\/pb.edu.pl\/sjo\/wydarzenia-sjo\/mock-job-interview-2025\/eksperci\/#dorota\">Dorota Szuper-Jakubiuk<\/a><\/p>\n<h3>Konsultacje z doradc\u0105 zawodowym czyli&nbsp;CV Clinic with a Career Advisor<\/h3>\n<p>Nasza ekspertka z Biura Karier PB podpowie Ci co zmieni\u0107, aby Twoje dokumenty by\u0142y przygotowane profesjonalnie i skutecznie, oraz odpowie na pytania dotycz\u0105ce rynku pracy i procesu rekrutacji.<\/p>\n<p>Prowadzi mgr <a href=\"https:\/\/pb.edu.pl\/sjo\/wydarzenia-sjo\/mock-job-interview-2025\/eksperci\/#ewa\">Ewa Kowalczuk-Czapko<\/a><\/p>\n","protected":false},"excerpt":{"rendered":"<p>&nbsp; SPOTKANIA Z EKSPERTEM &#8211; blok 1 SPOTKANIA Z EKSPERTEM \u2013 blok 2 WARSZTATY Z<\/p>\n","protected":false},"author":6,"featured_media":0,"parent":28332,"menu_order":0,"comment_status":"closed","ping_status":"closed","template":"","meta":{"_acf_changed":false,"ngg_post_thumbnail":0,"footnotes":""},"class_list":["post-28356","page","type-page","status-publish","hentry"],"acf":[],"yoast_head":"<!-- This site is optimized with the Yoast SEO plugin v27.0 - https:\/\/yoast.com\/product\/yoast-seo-wordpress\/ -->\n<title>Program - Studium J\u0119zyk\u00f3w Obcych<\/title>\n<meta name=\"description\" content=\"&nbsp; SPOTKANIA Z EKSPERTEM - blok 1 SPOTKANIA Z EKSPERTEM \u2013 blok 2 WARSZTATY Z EKSPERTEM &nbsp;1 9:00 - 09:30 21st-century jobs \u2013 The future of work and\" \/>\n<meta name=\"robots\" content=\"index, follow, max-snippet:-1, max-image-preview:large, max-video-preview:-1\" \/>\n<link rel=\"canonical\" href=\"https:\/\/pb.edu.pl\/sjo\/wydarzenia-sjo\/mock-job-interview-2025\/program\/\" \/>\n<meta property=\"og:locale\" content=\"pl_PL\" \/>\n<meta property=\"og:type\" content=\"article\" \/>\n<meta property=\"og:title\" content=\"Program - Studium J\u0119zyk\u00f3w Obcych\" \/>\n<meta property=\"og:description\" content=\"&nbsp; SPOTKANIA Z EKSPERTEM - blok 1 SPOTKANIA Z EKSPERTEM \u2013 blok 2 WARSZTATY Z EKSPERTEM &nbsp;1 9:00 - 09:30 21st-century jobs \u2013 The future of work and\" \/>\n<meta property=\"og:url\" content=\"https:\/\/pb.edu.pl\/sjo\/wydarzenia-sjo\/mock-job-interview-2025\/program\/\" \/>\n<meta property=\"og:site_name\" content=\"Studium J\u0119zyk\u00f3w Obcych\" \/>\n<meta property=\"article:modified_time\" content=\"2025-05-23T11:42:52+00:00\" \/>\n<meta name=\"twitter:label1\" content=\"Szacowany czas czytania\" \/>\n\t<meta name=\"twitter:data1\" content=\"7 minut\" \/>\n<script type=\"application\/ld+json\" class=\"yoast-schema-graph\">{\"@context\":\"https:\/\/schema.org\",\"@graph\":[{\"@type\":\"WebPage\",\"@id\":\"https:\/\/pb.edu.pl\/sjo\/wydarzenia-sjo\/mock-job-interview-2025\/program\/\",\"url\":\"https:\/\/pb.edu.pl\/sjo\/wydarzenia-sjo\/mock-job-interview-2025\/program\/\",\"name\":\"Program - Studium J\u0119zyk\u00f3w Obcych\",\"isPartOf\":{\"@id\":\"https:\/\/pb.edu.pl\/sjo\/#website\"},\"datePublished\":\"2025-04-25T10:56:06+00:00\",\"dateModified\":\"2025-05-23T11:42:52+00:00\",\"description\":\"&nbsp; SPOTKANIA Z EKSPERTEM - blok 1 SPOTKANIA Z EKSPERTEM \u2013 blok 2 WARSZTATY Z EKSPERTEM &nbsp;1 9:00 - 09:30 21st-century jobs \u2013 The future of work and\",\"breadcrumb\":{\"@id\":\"https:\/\/pb.edu.pl\/sjo\/wydarzenia-sjo\/mock-job-interview-2025\/program\/#breadcrumb\"},\"inLanguage\":\"pl-PL\",\"potentialAction\":[{\"@type\":\"ReadAction\",\"target\":[\"https:\/\/pb.edu.pl\/sjo\/wydarzenia-sjo\/mock-job-interview-2025\/program\/\"]}]},{\"@type\":\"BreadcrumbList\",\"@id\":\"https:\/\/pb.edu.pl\/sjo\/wydarzenia-sjo\/mock-job-interview-2025\/program\/#breadcrumb\",\"itemListElement\":[{\"@type\":\"ListItem\",\"position\":1,\"name\":\"Home\",\"item\":\"https:\/\/pb.edu.pl\/sjo\/\"},{\"@type\":\"ListItem\",\"position\":2,\"name\":\"Wydarzenia SJO\",\"item\":\"https:\/\/pb.edu.pl\/sjo\/wydarzenia-sjo\/\"},{\"@type\":\"ListItem\",\"position\":3,\"name\":\"Mock Job Interview 2025\",\"item\":\"https:\/\/pb.edu.pl\/sjo\/wydarzenia-sjo\/mock-job-interview-2025\/\"},{\"@type\":\"ListItem\",\"position\":4,\"name\":\"Program\"}]},{\"@type\":\"WebSite\",\"@id\":\"https:\/\/pb.edu.pl\/sjo\/#website\",\"url\":\"https:\/\/pb.edu.pl\/sjo\/\",\"name\":\"Studium J\u0119zyk\u00f3w Obcych\",\"description\":\"\",\"potentialAction\":[{\"@type\":\"SearchAction\",\"target\":{\"@type\":\"EntryPoint\",\"urlTemplate\":\"https:\/\/pb.edu.pl\/sjo\/?s={search_term_string}\"},\"query-input\":{\"@type\":\"PropertyValueSpecification\",\"valueRequired\":true,\"valueName\":\"search_term_string\"}}],\"inLanguage\":\"pl-PL\"}]}<\/script>\n<!-- \/ Yoast SEO plugin. -->","yoast_head_json":{"title":"Program - Studium J\u0119zyk\u00f3w Obcych","description":"&nbsp; SPOTKANIA Z EKSPERTEM - blok 1 SPOTKANIA Z EKSPERTEM \u2013 blok 2 WARSZTATY Z EKSPERTEM &nbsp;1 9:00 - 09:30 21st-century jobs \u2013 The future of work and","robots":{"index":"index","follow":"follow","max-snippet":"max-snippet:-1","max-image-preview":"max-image-preview:large","max-video-preview":"max-video-preview:-1"},"canonical":"https:\/\/pb.edu.pl\/sjo\/wydarzenia-sjo\/mock-job-interview-2025\/program\/","og_locale":"pl_PL","og_type":"article","og_title":"Program - Studium J\u0119zyk\u00f3w Obcych","og_description":"&nbsp; SPOTKANIA Z EKSPERTEM - blok 1 SPOTKANIA Z EKSPERTEM \u2013 blok 2 WARSZTATY Z EKSPERTEM &nbsp;1 9:00 - 09:30 21st-century jobs \u2013 The future of work and","og_url":"https:\/\/pb.edu.pl\/sjo\/wydarzenia-sjo\/mock-job-interview-2025\/program\/","og_site_name":"Studium J\u0119zyk\u00f3w Obcych","article_modified_time":"2025-05-23T11:42:52+00:00","twitter_misc":{"Szacowany czas czytania":"7 minut"},"schema":{"@context":"https:\/\/schema.org","@graph":[{"@type":"WebPage","@id":"https:\/\/pb.edu.pl\/sjo\/wydarzenia-sjo\/mock-job-interview-2025\/program\/","url":"https:\/\/pb.edu.pl\/sjo\/wydarzenia-sjo\/mock-job-interview-2025\/program\/","name":"Program - Studium J\u0119zyk\u00f3w Obcych","isPartOf":{"@id":"https:\/\/pb.edu.pl\/sjo\/#website"},"datePublished":"2025-04-25T10:56:06+00:00","dateModified":"2025-05-23T11:42:52+00:00","description":"&nbsp; SPOTKANIA Z EKSPERTEM - blok 1 SPOTKANIA Z EKSPERTEM \u2013 blok 2 WARSZTATY Z EKSPERTEM &nbsp;1 9:00 - 09:30 21st-century jobs \u2013 The future of work and","breadcrumb":{"@id":"https:\/\/pb.edu.pl\/sjo\/wydarzenia-sjo\/mock-job-interview-2025\/program\/#breadcrumb"},"inLanguage":"pl-PL","potentialAction":[{"@type":"ReadAction","target":["https:\/\/pb.edu.pl\/sjo\/wydarzenia-sjo\/mock-job-interview-2025\/program\/"]}]},{"@type":"BreadcrumbList","@id":"https:\/\/pb.edu.pl\/sjo\/wydarzenia-sjo\/mock-job-interview-2025\/program\/#breadcrumb","itemListElement":[{"@type":"ListItem","position":1,"name":"Home","item":"https:\/\/pb.edu.pl\/sjo\/"},{"@type":"ListItem","position":2,"name":"Wydarzenia SJO","item":"https:\/\/pb.edu.pl\/sjo\/wydarzenia-sjo\/"},{"@type":"ListItem","position":3,"name":"Mock Job Interview 2025","item":"https:\/\/pb.edu.pl\/sjo\/wydarzenia-sjo\/mock-job-interview-2025\/"},{"@type":"ListItem","position":4,"name":"Program"}]},{"@type":"WebSite","@id":"https:\/\/pb.edu.pl\/sjo\/#website","url":"https:\/\/pb.edu.pl\/sjo\/","name":"Studium J\u0119zyk\u00f3w Obcych","description":"","potentialAction":[{"@type":"SearchAction","target":{"@type":"EntryPoint","urlTemplate":"https:\/\/pb.edu.pl\/sjo\/?s={search_term_string}"},"query-input":{"@type":"PropertyValueSpecification","valueRequired":true,"valueName":"search_term_string"}}],"inLanguage":"pl-PL"}]}},"_links":{"self":[{"href":"https:\/\/pb.edu.pl\/sjo\/wp-json\/wp\/v2\/pages\/28356","targetHints":{"allow":["GET"]}}],"collection":[{"href":"https:\/\/pb.edu.pl\/sjo\/wp-json\/wp\/v2\/pages"}],"about":[{"href":"https:\/\/pb.edu.pl\/sjo\/wp-json\/wp\/v2\/types\/page"}],"author":[{"embeddable":true,"href":"https:\/\/pb.edu.pl\/sjo\/wp-json\/wp\/v2\/users\/6"}],"replies":[{"embeddable":true,"href":"https:\/\/pb.edu.pl\/sjo\/wp-json\/wp\/v2\/comments?post=28356"}],"version-history":[{"count":0,"href":"https:\/\/pb.edu.pl\/sjo\/wp-json\/wp\/v2\/pages\/28356\/revisions"}],"up":[{"embeddable":true,"href":"https:\/\/pb.edu.pl\/sjo\/wp-json\/wp\/v2\/pages\/28332"}],"wp:attachment":[{"href":"https:\/\/pb.edu.pl\/sjo\/wp-json\/wp\/v2\/media?parent=28356"}],"curies":[{"name":"wp","href":"https:\/\/api.w.org\/{rel}","templated":true}]}}