{"id":28352,"date":"2025-04-25T12:55:04","date_gmt":"2025-04-25T10:55:04","guid":{"rendered":"https:\/\/pb.edu.pl\/sjo\/?page_id=28352"},"modified":"2025-05-21T10:56:50","modified_gmt":"2025-05-21T08:56:50","slug":"wydarzenie","status":"publish","type":"page","link":"https:\/\/pb.edu.pl\/sjo\/wydarzenia-sjo\/mock-job-interview-2025\/wydarzenie\/","title":{"rendered":"Wydarzenie"},"content":{"rendered":"<h1>Mock Job Interview 2025 \u2013 przygotuj si\u0119 do rozmowy o prac\u0119 w j\u0119zyku angielskim<\/h1>\n<div class=\"row\">\n<div class=\"col-sm-4\">\n<div class=\"embed-responsive embed-responsive-16by9\"><iframe loading=\"lazy\" title=\"Ju\u017c wiedz\u0105, jak przygotowa\u0107 si\u0119 do rozmowy kwalifikacyjnej\" width=\"500\" height=\"281\" src=\"https:\/\/www.youtube.com\/embed\/fF9cLvdqt0g?feature=oembed\" frameborder=\"0\" allow=\"accelerometer; autoplay; clipboard-write; encrypted-media; gyroscope; picture-in-picture; web-share\" referrerpolicy=\"strict-origin-when-cross-origin\" allowfullscreen><\/iframe><\/div>\n<\/div>\n<p>Czy zastanawia\u0142e\u015b\/a\u015b si\u0119 nad&nbsp;<strong>prac\u0105 w mi\u0119dzynarodowym \u015brodowisku<\/strong>?<br \/>\nCzy wiesz, \u017ce w wielu firmach&nbsp;<strong>podczas rozmowy kwalifikacyjnej sprawdzany jest j\u0119zyk angielski<\/strong>&nbsp;(nawet je\u017celi p\u00f3\u017aniej nie jest wykorzystywany)?<br \/>\n&nbsp;<br \/>\nNiewa\u017cne czy planujesz mieszka\u0107 pod Bia\u0142ymstokiem, we Wroc\u0142awiu, w Wenecji czy na Hawajach, w obecnych czasach pracowa\u0107 mo\u017cesz z ka\u017cdego miejsca na ziemi. Stoj\u0105 przed Tob\u0105 otworem nie tylko firmy zagraniczne, ale te\u017c polskie, w kt\u00f3rych niejednokrotnie pracuj\u0105 osoby z ca\u0142ego \u015bwiata.<br \/>\nWiedza oraz kompetencje, kt\u00f3re zdobywasz na studiach na Politechnice Bia\u0142ostockiej to \u015bwietna przepustka do sta\u017cy i pracy w wielu ciekawych firmach.<br \/>\n&nbsp;<br \/>\nRozmowy ze studentami wskazuj\u0105, \u017ce cz\u0119sto boimy si\u0119 tego pierwszego kroku, czyli rozmowy o prac\u0119.<br \/>\nChcemy Ci pokaza\u0107, \u017ce to \u0142atwiejsze ni\u017c Ci si\u0119 wydaje!<\/p>\n<h2>Studium J\u0119zyk\u00f3w Obcych oraz Biuro Karier zapraszaj\u0105 na Mock Job Interview \u2013 wydarzenie, podczas kt\u00f3rego przygotujesz si\u0119 do rozmowy kwalifikacyjnej, a nast\u0119pnie we\u017amiesz udzia\u0142 w takiej rozmowie w j\u0119zyku angielskim z rekruterem z przedsi\u0119biorstwa.&nbsp;<\/h2>\n<h2>Mock Job Interview to:<\/h2>\n<ul>\n<li>warsztaty i prezentacje dotycz\u0105ce przygotowania si\u0119 do rozmowy o prac\u0119<\/li>\n<li>indywidualne konsultacje z doradc\u0105 zawodowym odno\u015bnie tworzenia warto\u015bciowego CV<\/li>\n<li>symulacje rozm\u00f3w o prac\u0119 w j\u0119zyku angielskim z native speaker\u2019em z SJO<\/li>\n<li>symulacje rozm\u00f3w o prac\u0119 w j\u0119zyku rosyjskim z wyk\u0142adowcami z SJO<\/li>\n<li>symulacje rozm\u00f3w o prac\u0119 w j\u0119zyku angielskim z rekruterami z firm wsp\u00f3\u0142pracuj\u0105cych z PB<\/li>\n<\/ul>\n<h2>Kiedy?<\/h2>\n<p>4 czerwca 2025 r. (\u015broda) w godzinach 9.00 \u2013 14.00.<\/p>\n<p><strong>9.00 \u2013 12.00 blok j\u0119zykowo-merytoryczny<\/strong> przygotowuj\u0105cy student\u00f3w do rozm\u00f3w \u2013 seria prezentacji i kr\u00f3tkich warsztat\u00f3w dot. zagadnie\u0144 zwi\u0105zanych z udzia\u0142em w rozmowach kwalifikacyjnych, poprawno\u015bci\u0105 j\u0119zykow\u0105, itd., przeprowadzona przez ekspert\u00f3w ze Studium J\u0119zyk\u00f3w Obcych<br \/>\n<strong>12.00 \u2013 14.00 blok praktyczny<\/strong>&nbsp;\u2013 symulacje rozm\u00f3w o prac\u0119 w j.angielskim z przedstawicielami zaproszonych firm.<br \/>\n&nbsp;<\/p>\n<h2>Gdzie?<\/h2>\n<p>Centrum Nowoczesnego Kszta\u0142cenia, ul. Zwierzyniecka 16, Bia\u0142ystok<br \/>\notwarta przestrze\u0144 oraz sale na II pi\u0119trze<br \/>\n&nbsp;<\/p>\n<h2>Kto?<\/h2>\n<p>Wydarzenie skierowane jest do wszystkich&nbsp;<strong>student\u00f3w<\/strong>,&nbsp;<strong>doktorant\u00f3w<\/strong>&nbsp;i&nbsp;<strong>absolwent\u00f3w<\/strong>&nbsp;Politechniki Bia\u0142ostockiej i innych uczelni.<\/p>\n<p>&nbsp;<\/p>\n<p>Ju\u017c wkr\u00f3tce: szczeg\u00f3\u0142owy program, prezentacje ekspert\u00f3w, link do rejestracji oraz lista firm, kt\u00f3re spotkacie podczas wydarzenia!<br \/>\n&nbsp;<\/p>\n<h2>&nbsp;<\/h2>\n","protected":false},"excerpt":{"rendered":"<p>Mock Job Interview 2025 \u2013 przygotuj si\u0119 do rozmowy o prac\u0119 w j\u0119zyku angielskim Czy<\/p>\n","protected":false},"author":6,"featured_media":0,"parent":28332,"menu_order":0,"comment_status":"closed","ping_status":"closed","template":"","meta":{"_acf_changed":false,"ngg_post_thumbnail":0,"footnotes":""},"class_list":["post-28352","page","type-page","status-publish","hentry"],"acf":[],"yoast_head":"<!-- This site is optimized with the Yoast SEO plugin v27.0 - https:\/\/yoast.com\/product\/yoast-seo-wordpress\/ -->\n<title>Wydarzenie - Studium J\u0119zyk\u00f3w Obcych<\/title>\n<meta name=\"description\" content=\"Mock Job Interview 2025 \u2013 przygotuj si\u0119 do rozmowy o prac\u0119 w j\u0119zyku angielskim Czy zastanawia\u0142e\u015b\/a\u015b si\u0119 nad&nbsp;prac\u0105 w mi\u0119dzynarodowym \u015brodowisku? Czy\" \/>\n<meta name=\"robots\" content=\"index, follow, max-snippet:-1, max-image-preview:large, max-video-preview:-1\" \/>\n<link rel=\"canonical\" href=\"https:\/\/pb.edu.pl\/sjo\/wydarzenia-sjo\/mock-job-interview-2025\/wydarzenie\/\" \/>\n<meta property=\"og:locale\" content=\"pl_PL\" \/>\n<meta property=\"og:type\" content=\"article\" \/>\n<meta property=\"og:title\" content=\"Wydarzenie - Studium J\u0119zyk\u00f3w Obcych\" \/>\n<meta property=\"og:description\" content=\"Mock Job Interview 2025 \u2013 przygotuj si\u0119 do rozmowy o prac\u0119 w j\u0119zyku angielskim Czy zastanawia\u0142e\u015b\/a\u015b si\u0119 nad&nbsp;prac\u0105 w mi\u0119dzynarodowym \u015brodowisku? Czy\" \/>\n<meta property=\"og:url\" content=\"https:\/\/pb.edu.pl\/sjo\/wydarzenia-sjo\/mock-job-interview-2025\/wydarzenie\/\" \/>\n<meta property=\"og:site_name\" content=\"Studium J\u0119zyk\u00f3w Obcych\" \/>\n<meta property=\"article:modified_time\" content=\"2025-05-21T08:56:50+00:00\" \/>\n<meta name=\"twitter:label1\" content=\"Szacowany czas czytania\" \/>\n\t<meta name=\"twitter:data1\" content=\"2 minuty\" \/>\n<script type=\"application\/ld+json\" class=\"yoast-schema-graph\">{\"@context\":\"https:\/\/schema.org\",\"@graph\":[{\"@type\":\"WebPage\",\"@id\":\"https:\/\/pb.edu.pl\/sjo\/wydarzenia-sjo\/mock-job-interview-2025\/wydarzenie\/\",\"url\":\"https:\/\/pb.edu.pl\/sjo\/wydarzenia-sjo\/mock-job-interview-2025\/wydarzenie\/\",\"name\":\"Wydarzenie - Studium J\u0119zyk\u00f3w Obcych\",\"isPartOf\":{\"@id\":\"https:\/\/pb.edu.pl\/sjo\/#website\"},\"datePublished\":\"2025-04-25T10:55:04+00:00\",\"dateModified\":\"2025-05-21T08:56:50+00:00\",\"description\":\"Mock Job Interview 2025 \u2013 przygotuj si\u0119 do rozmowy o prac\u0119 w j\u0119zyku angielskim Czy zastanawia\u0142e\u015b\/a\u015b si\u0119 nad&nbsp;prac\u0105 w mi\u0119dzynarodowym \u015brodowisku? Czy\",\"breadcrumb\":{\"@id\":\"https:\/\/pb.edu.pl\/sjo\/wydarzenia-sjo\/mock-job-interview-2025\/wydarzenie\/#breadcrumb\"},\"inLanguage\":\"pl-PL\",\"potentialAction\":[{\"@type\":\"ReadAction\",\"target\":[\"https:\/\/pb.edu.pl\/sjo\/wydarzenia-sjo\/mock-job-interview-2025\/wydarzenie\/\"]}]},{\"@type\":\"BreadcrumbList\",\"@id\":\"https:\/\/pb.edu.pl\/sjo\/wydarzenia-sjo\/mock-job-interview-2025\/wydarzenie\/#breadcrumb\",\"itemListElement\":[{\"@type\":\"ListItem\",\"position\":1,\"name\":\"Home\",\"item\":\"https:\/\/pb.edu.pl\/sjo\/\"},{\"@type\":\"ListItem\",\"position\":2,\"name\":\"Wydarzenia SJO\",\"item\":\"https:\/\/pb.edu.pl\/sjo\/wydarzenia-sjo\/\"},{\"@type\":\"ListItem\",\"position\":3,\"name\":\"Mock Job Interview 2025\",\"item\":\"https:\/\/pb.edu.pl\/sjo\/wydarzenia-sjo\/mock-job-interview-2025\/\"},{\"@type\":\"ListItem\",\"position\":4,\"name\":\"Wydarzenie\"}]},{\"@type\":\"WebSite\",\"@id\":\"https:\/\/pb.edu.pl\/sjo\/#website\",\"url\":\"https:\/\/pb.edu.pl\/sjo\/\",\"name\":\"Studium J\u0119zyk\u00f3w Obcych\",\"description\":\"\",\"potentialAction\":[{\"@type\":\"SearchAction\",\"target\":{\"@type\":\"EntryPoint\",\"urlTemplate\":\"https:\/\/pb.edu.pl\/sjo\/?s={search_term_string}\"},\"query-input\":{\"@type\":\"PropertyValueSpecification\",\"valueRequired\":true,\"valueName\":\"search_term_string\"}}],\"inLanguage\":\"pl-PL\"}]}<\/script>\n<!-- \/ Yoast SEO plugin. -->","yoast_head_json":{"title":"Wydarzenie - Studium J\u0119zyk\u00f3w Obcych","description":"Mock Job Interview 2025 \u2013 przygotuj si\u0119 do rozmowy o prac\u0119 w j\u0119zyku angielskim Czy zastanawia\u0142e\u015b\/a\u015b si\u0119 nad&nbsp;prac\u0105 w mi\u0119dzynarodowym \u015brodowisku? Czy","robots":{"index":"index","follow":"follow","max-snippet":"max-snippet:-1","max-image-preview":"max-image-preview:large","max-video-preview":"max-video-preview:-1"},"canonical":"https:\/\/pb.edu.pl\/sjo\/wydarzenia-sjo\/mock-job-interview-2025\/wydarzenie\/","og_locale":"pl_PL","og_type":"article","og_title":"Wydarzenie - Studium J\u0119zyk\u00f3w Obcych","og_description":"Mock Job Interview 2025 \u2013 przygotuj si\u0119 do rozmowy o prac\u0119 w j\u0119zyku angielskim Czy zastanawia\u0142e\u015b\/a\u015b si\u0119 nad&nbsp;prac\u0105 w mi\u0119dzynarodowym \u015brodowisku? Czy","og_url":"https:\/\/pb.edu.pl\/sjo\/wydarzenia-sjo\/mock-job-interview-2025\/wydarzenie\/","og_site_name":"Studium J\u0119zyk\u00f3w Obcych","article_modified_time":"2025-05-21T08:56:50+00:00","twitter_misc":{"Szacowany czas czytania":"2 minuty"},"schema":{"@context":"https:\/\/schema.org","@graph":[{"@type":"WebPage","@id":"https:\/\/pb.edu.pl\/sjo\/wydarzenia-sjo\/mock-job-interview-2025\/wydarzenie\/","url":"https:\/\/pb.edu.pl\/sjo\/wydarzenia-sjo\/mock-job-interview-2025\/wydarzenie\/","name":"Wydarzenie - Studium J\u0119zyk\u00f3w Obcych","isPartOf":{"@id":"https:\/\/pb.edu.pl\/sjo\/#website"},"datePublished":"2025-04-25T10:55:04+00:00","dateModified":"2025-05-21T08:56:50+00:00","description":"Mock Job Interview 2025 \u2013 przygotuj si\u0119 do rozmowy o prac\u0119 w j\u0119zyku angielskim Czy zastanawia\u0142e\u015b\/a\u015b si\u0119 nad&nbsp;prac\u0105 w mi\u0119dzynarodowym \u015brodowisku? Czy","breadcrumb":{"@id":"https:\/\/pb.edu.pl\/sjo\/wydarzenia-sjo\/mock-job-interview-2025\/wydarzenie\/#breadcrumb"},"inLanguage":"pl-PL","potentialAction":[{"@type":"ReadAction","target":["https:\/\/pb.edu.pl\/sjo\/wydarzenia-sjo\/mock-job-interview-2025\/wydarzenie\/"]}]},{"@type":"BreadcrumbList","@id":"https:\/\/pb.edu.pl\/sjo\/wydarzenia-sjo\/mock-job-interview-2025\/wydarzenie\/#breadcrumb","itemListElement":[{"@type":"ListItem","position":1,"name":"Home","item":"https:\/\/pb.edu.pl\/sjo\/"},{"@type":"ListItem","position":2,"name":"Wydarzenia SJO","item":"https:\/\/pb.edu.pl\/sjo\/wydarzenia-sjo\/"},{"@type":"ListItem","position":3,"name":"Mock Job Interview 2025","item":"https:\/\/pb.edu.pl\/sjo\/wydarzenia-sjo\/mock-job-interview-2025\/"},{"@type":"ListItem","position":4,"name":"Wydarzenie"}]},{"@type":"WebSite","@id":"https:\/\/pb.edu.pl\/sjo\/#website","url":"https:\/\/pb.edu.pl\/sjo\/","name":"Studium J\u0119zyk\u00f3w Obcych","description":"","potentialAction":[{"@type":"SearchAction","target":{"@type":"EntryPoint","urlTemplate":"https:\/\/pb.edu.pl\/sjo\/?s={search_term_string}"},"query-input":{"@type":"PropertyValueSpecification","valueRequired":true,"valueName":"search_term_string"}}],"inLanguage":"pl-PL"}]}},"_links":{"self":[{"href":"https:\/\/pb.edu.pl\/sjo\/wp-json\/wp\/v2\/pages\/28352","targetHints":{"allow":["GET"]}}],"collection":[{"href":"https:\/\/pb.edu.pl\/sjo\/wp-json\/wp\/v2\/pages"}],"about":[{"href":"https:\/\/pb.edu.pl\/sjo\/wp-json\/wp\/v2\/types\/page"}],"author":[{"embeddable":true,"href":"https:\/\/pb.edu.pl\/sjo\/wp-json\/wp\/v2\/users\/6"}],"replies":[{"embeddable":true,"href":"https:\/\/pb.edu.pl\/sjo\/wp-json\/wp\/v2\/comments?post=28352"}],"version-history":[{"count":0,"href":"https:\/\/pb.edu.pl\/sjo\/wp-json\/wp\/v2\/pages\/28352\/revisions"}],"up":[{"embeddable":true,"href":"https:\/\/pb.edu.pl\/sjo\/wp-json\/wp\/v2\/pages\/28332"}],"wp:attachment":[{"href":"https:\/\/pb.edu.pl\/sjo\/wp-json\/wp\/v2\/media?parent=28352"}],"curies":[{"name":"wp","href":"https:\/\/api.w.org\/{rel}","templated":true}]}}