{"id":282,"date":"2017-11-27T22:16:43","date_gmt":"2017-11-27T21:16:43","guid":{"rendered":"https:\/\/pb.edu.pl\/sjo\/?page_id=282"},"modified":"2026-02-12T12:39:12","modified_gmt":"2026-02-12T11:39:12","slug":"ucj-o-profilu-biznesowym","status":"publish","type":"page","link":"https:\/\/pb.edu.pl\/sjo\/dla-studenta\/egzaminy\/ucj-o-profilu-biznesowym\/","title":{"rendered":"UCJ o profilu biznesowym"},"content":{"rendered":"<h2><img loading=\"lazy\" decoding=\"async\" class=\"alignleft wp-image-19674\" src=\"https:\/\/pb.edu.pl\/sjo\/wp-content\/uploads\/sites\/9\/2023\/03\/7-1-300x200.png\" alt=\"\" width=\"350\" height=\"233\" srcset=\"https:\/\/pb.edu.pl\/sjo\/wp-content\/uploads\/sites\/9\/2023\/03\/7-1-300x200.png 300w, https:\/\/pb.edu.pl\/sjo\/wp-content\/uploads\/sites\/9\/2023\/03\/7-1-768x512.png 768w, https:\/\/pb.edu.pl\/sjo\/wp-content\/uploads\/sites\/9\/2023\/03\/7-1-480x320.png 480w, https:\/\/pb.edu.pl\/sjo\/wp-content\/uploads\/sites\/9\/2023\/03\/7-1.png 799w\" sizes=\"auto, (max-width: 350px) 100vw, 350px\" \/>Egzamin na Uczelniany Certyfikat J\u0119zykowy o profilu biznesowym jest egzaminem potwierdzaj\u0105cym znajomo\u015b\u0107 j\u0119zyka obcego na poziomie B2<\/h2>\n<div style=\"clear: both\">&nbsp;<\/div>\n<p>Egzamin sk\u0142ada si\u0119 z cz\u0119\u015bci pisemnej i ustnej. W sk\u0142ad cz\u0119\u015bci pisemnej wchodz\u0105:<\/p>\n<ul>\n<li>s\u0142uchanie ze zrozumieniem<\/li>\n<li>czytanie ze zrozumieniem<\/li>\n<li>struktury j\u0119zykowe.<\/li>\n<\/ul>\n<p>Na egzaminie zdaj\u0105cy mo\u017ce zdoby\u0107 100 punkt\u00f3w, z czego 75 za cz\u0119\u015b\u0107 pisemn\u0105, po 25 za ka\u017cdy z wymienionych modu\u0142\u00f3w oraz 25 punkt\u00f3w za cz\u0119\u015b\u0107 ustn\u0105.<\/p>\n<p>Skala ocen:<\/p>\n<ul>\n<li>100 pkt &#8211; 86 pkt &#8211; bardzo dobry \/5\/<\/li>\n<li>85 pkt &#8211; 71 pkt &#8211; dobry \/4\/<\/li>\n<li>70 pkt &#8211; 55 pkt &#8211; dostateczny \/3\/<\/li>\n<\/ul>\n<p>Op\u0142ata za egzamin wynosi 99 z\u0142.<br \/>\nNa egzamin zapisywa\u0107 si\u0119 mo\u017cna drog\u0105 mailow\u0105 &#8211; adres mailowy znajduje si\u0119 poni\u017cej.<\/p>\n<p>Op\u0142aty egzamin nale\u017cy wp\u0142aca\u0107 na konto Politechniki Bia\u0142ostockiej:<\/p>\n<p><strong>BANK PEKAO SA 30 1240 1154 1111 0000 2148 7604<br \/>\n<\/strong>w tytule przelewu nale\u017cy wpisa\u0107 <strong>POLILINGUA &#8211; KURS I EGZAMIN UCJ<\/strong><br \/>\n&nbsp;<br \/>\nKoordynator UCJ o profilu biznesowym &#8211; j\u0119zyk angielski: mgr Maciej \u015aleszy\u0144ski<br \/>\n<i class=\"fal fa-envelope\"> <\/i> <a href=\"#\" rel=\"nofollow\"  onclick=\"this.href='mailto:' + 'm.sleszynski' + '@' + 'pb.edu.pl'\">m.sleszynski [at] pb.edu.pl<\/a>\n<div>&nbsp;<\/div>\n<p>Cz\u0119\u015b\u0107 pisemna obejmuje:<\/p>\n<p>1. Rozumienie ze s\u0142uchu. S\u0105 to dwa lub trzy nagrania o tematyce biznesowej. Polecenia mog\u0105 obejmowa\u0107 wyb\u00f3r w\u0142a\u015bciwej odpowiedzi z kilku podanych, zdecydowanie, czy podane zdanie jest prawdziwe czy nie, uzupe\u0142nianie zda\u0144 lub dobieranie w\u0142a\u015bciwych stwierdze\u0144 do wypowiadaj\u0105cej je osoby.<\/p>\n<p>2. Rozumienie tekstu. Zwykle dwa osobne zadania o tematyce biznesowej. Polecenia mog\u0105 obejmowa\u0107 wyb\u00f3r w\u0142a\u015bciwej odpowiedzi z kilku podanych, zdecydowanie, czy podane zdanie jest prawdziwe czy nie, uzupe\u0142nianie tekstu podanymi zdaniami, dobieranie w\u0142a\u015bciwych nag\u0142\u00f3wk\u00f3w do tekst\u00f3w lub te\u017c dopasowywanie tekst\u00f3w do stwierdze\u0144, kt\u00f3re s\u0105 w nich zawarte.<\/p>\n<p>3. S\u0142ownictwo. Przyk\u0142ad w za\u0142\u0105czniku: <a class=\"pdf\" title=\"\" href=\"https:\/\/pb.edu.pl\/sjo\/wp-content\/uploads\/sites\/9\/2017\/11\/UCJ-o-profilu-biznesowym-s\u0142ownictwo.pdf\" target=\"_blank\" rel=\"noopener\">S\u0142ownictwo<\/a><\/p>\n<p>Egzaminie ustny rozpoczyna si\u0119 rozmow\u0105 na temat studi\u00f3w\/pracy, specjalizacji, itp. Nast\u0119pnie zdaj\u0105cy losuje dwa pytania i wypowiada si\u0119 na jedno z nich.<\/p>\n<p><em>Przyk\u0142adowe pytania:<\/em><br \/>\n1 Discuss the advantages and disadvantages of being self-employed.<br \/>\nThink about:<\/p>\n<ul>\n<li>responsibilities<\/li>\n<li>independence<\/li>\n<li>financial aspects<\/li>\n<li>work-life balance<\/li>\n<\/ul>\n<p>2 Why is the awareness of cultural differences important when doing business in another country?<br \/>\nThink about:<\/p>\n<ul>\n<li>business culture<\/li>\n<li>local culture and traditions<\/li>\n<li>language<\/li>\n<li>West vs. East<\/li>\n<li>examples of problems you may face when doing business abroad<\/li>\n<\/ul>\n<p>Dodatkowo zdaj\u0105cy mo\u017ce zosta\u0107 spytany o swoje studia\/prac\u0119, specjalizacj\u0119, itp.<\/p>\n<p>Na egzaminie oceniane b\u0119d\u0105: tre\u015b\u0107 wypowiedzi, bogactwo s\u0142ownictwa, poprawno\u015b\u0107 gramatyczna, wymowa i p\u0142ynno\u015b\u0107.<\/p>\n<p><a title=\"\" href=\"https:\/\/pb.edu.pl\/sjo\/wp-content\/uploads\/sites\/9\/2023\/11\/UCJ-biznesowy-1.pdf\">UCJ o profilu biznesowym &#8211; wz\u00f3r certyfikatu<\/a><\/p>\n","protected":false},"excerpt":{"rendered":"<p>Egzamin na Uczelniany Certyfikat J\u0119zykowy o profilu biznesowym jest egzaminem potwierdzaj\u0105cym znajomo\u015b\u0107 j\u0119zyka obcego na<\/p>\n","protected":false},"author":6,"featured_media":0,"parent":18,"menu_order":0,"comment_status":"closed","ping_status":"closed","template":"","meta":{"_acf_changed":false,"ngg_post_thumbnail":0,"footnotes":""},"class_list":["post-282","page","type-page","status-publish","hentry"],"acf":[],"yoast_head":"<!-- This site is optimized with the Yoast SEO plugin v27.0 - https:\/\/yoast.com\/product\/yoast-seo-wordpress\/ -->\n<title>UCJ o profilu biznesowym - Studium J\u0119zyk\u00f3w Obcych<\/title>\n<meta name=\"description\" content=\"Egzamin na Uczelniany Certyfikat J\u0119zykowy o profilu biznesowym jest egzaminem potwierdzaj\u0105cym znajomo\u015b\u0107 j\u0119zyka obcego na poziomie B2 &nbsp; Egzamin sk\u0142ada\" \/>\n<meta name=\"robots\" content=\"index, follow, max-snippet:-1, max-image-preview:large, max-video-preview:-1\" \/>\n<link rel=\"canonical\" href=\"https:\/\/pb.edu.pl\/sjo\/dla-studenta\/egzaminy\/ucj-o-profilu-biznesowym\/\" \/>\n<meta property=\"og:locale\" content=\"pl_PL\" \/>\n<meta property=\"og:type\" content=\"article\" \/>\n<meta property=\"og:title\" content=\"UCJ o profilu biznesowym - Studium J\u0119zyk\u00f3w Obcych\" \/>\n<meta property=\"og:description\" content=\"Egzamin na Uczelniany Certyfikat J\u0119zykowy o profilu biznesowym jest egzaminem potwierdzaj\u0105cym znajomo\u015b\u0107 j\u0119zyka obcego na poziomie B2 &nbsp; Egzamin sk\u0142ada\" \/>\n<meta property=\"og:url\" content=\"https:\/\/pb.edu.pl\/sjo\/dla-studenta\/egzaminy\/ucj-o-profilu-biznesowym\/\" \/>\n<meta property=\"og:site_name\" content=\"Studium J\u0119zyk\u00f3w Obcych\" \/>\n<meta property=\"article:modified_time\" content=\"2026-02-12T11:39:12+00:00\" \/>\n<meta property=\"og:image\" content=\"https:\/\/pb.edu.pl\/sjo\/wp-content\/uploads\/sites\/9\/2023\/03\/7-1.png\" \/>\n\t<meta property=\"og:image:width\" content=\"799\" \/>\n\t<meta property=\"og:image:height\" content=\"533\" \/>\n\t<meta property=\"og:image:type\" content=\"image\/png\" \/>\n<meta name=\"twitter:label1\" content=\"Szacowany czas czytania\" \/>\n\t<meta name=\"twitter:data1\" content=\"3 minuty\" \/>\n<script type=\"application\/ld+json\" class=\"yoast-schema-graph\">{\"@context\":\"https:\/\/schema.org\",\"@graph\":[{\"@type\":\"WebPage\",\"@id\":\"https:\/\/pb.edu.pl\/sjo\/dla-studenta\/egzaminy\/ucj-o-profilu-biznesowym\/\",\"url\":\"https:\/\/pb.edu.pl\/sjo\/dla-studenta\/egzaminy\/ucj-o-profilu-biznesowym\/\",\"name\":\"UCJ o profilu biznesowym - Studium J\u0119zyk\u00f3w Obcych\",\"isPartOf\":{\"@id\":\"https:\/\/pb.edu.pl\/sjo\/#website\"},\"primaryImageOfPage\":{\"@id\":\"https:\/\/pb.edu.pl\/sjo\/dla-studenta\/egzaminy\/ucj-o-profilu-biznesowym\/#primaryimage\"},\"image\":{\"@id\":\"https:\/\/pb.edu.pl\/sjo\/dla-studenta\/egzaminy\/ucj-o-profilu-biznesowym\/#primaryimage\"},\"thumbnailUrl\":\"https:\/\/pb.edu.pl\/sjo\/wp-content\/uploads\/sites\/9\/2023\/03\/7-1-300x200.png\",\"datePublished\":\"2017-11-27T21:16:43+00:00\",\"dateModified\":\"2026-02-12T11:39:12+00:00\",\"description\":\"Egzamin na Uczelniany Certyfikat J\u0119zykowy o profilu biznesowym jest egzaminem potwierdzaj\u0105cym znajomo\u015b\u0107 j\u0119zyka obcego na poziomie B2 &nbsp; Egzamin sk\u0142ada\",\"breadcrumb\":{\"@id\":\"https:\/\/pb.edu.pl\/sjo\/dla-studenta\/egzaminy\/ucj-o-profilu-biznesowym\/#breadcrumb\"},\"inLanguage\":\"pl-PL\",\"potentialAction\":[{\"@type\":\"ReadAction\",\"target\":[\"https:\/\/pb.edu.pl\/sjo\/dla-studenta\/egzaminy\/ucj-o-profilu-biznesowym\/\"]}]},{\"@type\":\"ImageObject\",\"inLanguage\":\"pl-PL\",\"@id\":\"https:\/\/pb.edu.pl\/sjo\/dla-studenta\/egzaminy\/ucj-o-profilu-biznesowym\/#primaryimage\",\"url\":\"https:\/\/pb.edu.pl\/sjo\/wp-content\/uploads\/sites\/9\/2023\/03\/7-1.png\",\"contentUrl\":\"https:\/\/pb.edu.pl\/sjo\/wp-content\/uploads\/sites\/9\/2023\/03\/7-1.png\",\"width\":799,\"height\":533},{\"@type\":\"BreadcrumbList\",\"@id\":\"https:\/\/pb.edu.pl\/sjo\/dla-studenta\/egzaminy\/ucj-o-profilu-biznesowym\/#breadcrumb\",\"itemListElement\":[{\"@type\":\"ListItem\",\"position\":1,\"name\":\"Home\",\"item\":\"https:\/\/pb.edu.pl\/sjo\/\"},{\"@type\":\"ListItem\",\"position\":2,\"name\":\"Studiuj\u0119 w PB\",\"item\":\"https:\/\/pb.edu.pl\/sjo\/dla-studenta\/\"},{\"@type\":\"ListItem\",\"position\":3,\"name\":\"Egzaminy\",\"item\":\"https:\/\/pb.edu.pl\/sjo\/dla-studenta\/egzaminy\/\"},{\"@type\":\"ListItem\",\"position\":4,\"name\":\"UCJ o profilu biznesowym\"}]},{\"@type\":\"WebSite\",\"@id\":\"https:\/\/pb.edu.pl\/sjo\/#website\",\"url\":\"https:\/\/pb.edu.pl\/sjo\/\",\"name\":\"Studium J\u0119zyk\u00f3w Obcych\",\"description\":\"\",\"potentialAction\":[{\"@type\":\"SearchAction\",\"target\":{\"@type\":\"EntryPoint\",\"urlTemplate\":\"https:\/\/pb.edu.pl\/sjo\/?s={search_term_string}\"},\"query-input\":{\"@type\":\"PropertyValueSpecification\",\"valueRequired\":true,\"valueName\":\"search_term_string\"}}],\"inLanguage\":\"pl-PL\"}]}<\/script>\n<!-- \/ Yoast SEO plugin. -->","yoast_head_json":{"title":"UCJ o profilu biznesowym - Studium J\u0119zyk\u00f3w Obcych","description":"Egzamin na Uczelniany Certyfikat J\u0119zykowy o profilu biznesowym jest egzaminem potwierdzaj\u0105cym znajomo\u015b\u0107 j\u0119zyka obcego na poziomie B2 &nbsp; Egzamin sk\u0142ada","robots":{"index":"index","follow":"follow","max-snippet":"max-snippet:-1","max-image-preview":"max-image-preview:large","max-video-preview":"max-video-preview:-1"},"canonical":"https:\/\/pb.edu.pl\/sjo\/dla-studenta\/egzaminy\/ucj-o-profilu-biznesowym\/","og_locale":"pl_PL","og_type":"article","og_title":"UCJ o profilu biznesowym - Studium J\u0119zyk\u00f3w Obcych","og_description":"Egzamin na Uczelniany Certyfikat J\u0119zykowy o profilu biznesowym jest egzaminem potwierdzaj\u0105cym znajomo\u015b\u0107 j\u0119zyka obcego na poziomie B2 &nbsp; Egzamin sk\u0142ada","og_url":"https:\/\/pb.edu.pl\/sjo\/dla-studenta\/egzaminy\/ucj-o-profilu-biznesowym\/","og_site_name":"Studium J\u0119zyk\u00f3w Obcych","article_modified_time":"2026-02-12T11:39:12+00:00","og_image":[{"width":799,"height":533,"url":"https:\/\/pb.edu.pl\/sjo\/wp-content\/uploads\/sites\/9\/2023\/03\/7-1.png","type":"image\/png"}],"twitter_misc":{"Szacowany czas czytania":"3 minuty"},"schema":{"@context":"https:\/\/schema.org","@graph":[{"@type":"WebPage","@id":"https:\/\/pb.edu.pl\/sjo\/dla-studenta\/egzaminy\/ucj-o-profilu-biznesowym\/","url":"https:\/\/pb.edu.pl\/sjo\/dla-studenta\/egzaminy\/ucj-o-profilu-biznesowym\/","name":"UCJ o profilu biznesowym - Studium J\u0119zyk\u00f3w Obcych","isPartOf":{"@id":"https:\/\/pb.edu.pl\/sjo\/#website"},"primaryImageOfPage":{"@id":"https:\/\/pb.edu.pl\/sjo\/dla-studenta\/egzaminy\/ucj-o-profilu-biznesowym\/#primaryimage"},"image":{"@id":"https:\/\/pb.edu.pl\/sjo\/dla-studenta\/egzaminy\/ucj-o-profilu-biznesowym\/#primaryimage"},"thumbnailUrl":"https:\/\/pb.edu.pl\/sjo\/wp-content\/uploads\/sites\/9\/2023\/03\/7-1-300x200.png","datePublished":"2017-11-27T21:16:43+00:00","dateModified":"2026-02-12T11:39:12+00:00","description":"Egzamin na Uczelniany Certyfikat J\u0119zykowy o profilu biznesowym jest egzaminem potwierdzaj\u0105cym znajomo\u015b\u0107 j\u0119zyka obcego na poziomie B2 &nbsp; Egzamin sk\u0142ada","breadcrumb":{"@id":"https:\/\/pb.edu.pl\/sjo\/dla-studenta\/egzaminy\/ucj-o-profilu-biznesowym\/#breadcrumb"},"inLanguage":"pl-PL","potentialAction":[{"@type":"ReadAction","target":["https:\/\/pb.edu.pl\/sjo\/dla-studenta\/egzaminy\/ucj-o-profilu-biznesowym\/"]}]},{"@type":"ImageObject","inLanguage":"pl-PL","@id":"https:\/\/pb.edu.pl\/sjo\/dla-studenta\/egzaminy\/ucj-o-profilu-biznesowym\/#primaryimage","url":"https:\/\/pb.edu.pl\/sjo\/wp-content\/uploads\/sites\/9\/2023\/03\/7-1.png","contentUrl":"https:\/\/pb.edu.pl\/sjo\/wp-content\/uploads\/sites\/9\/2023\/03\/7-1.png","width":799,"height":533},{"@type":"BreadcrumbList","@id":"https:\/\/pb.edu.pl\/sjo\/dla-studenta\/egzaminy\/ucj-o-profilu-biznesowym\/#breadcrumb","itemListElement":[{"@type":"ListItem","position":1,"name":"Home","item":"https:\/\/pb.edu.pl\/sjo\/"},{"@type":"ListItem","position":2,"name":"Studiuj\u0119 w PB","item":"https:\/\/pb.edu.pl\/sjo\/dla-studenta\/"},{"@type":"ListItem","position":3,"name":"Egzaminy","item":"https:\/\/pb.edu.pl\/sjo\/dla-studenta\/egzaminy\/"},{"@type":"ListItem","position":4,"name":"UCJ o profilu biznesowym"}]},{"@type":"WebSite","@id":"https:\/\/pb.edu.pl\/sjo\/#website","url":"https:\/\/pb.edu.pl\/sjo\/","name":"Studium J\u0119zyk\u00f3w Obcych","description":"","potentialAction":[{"@type":"SearchAction","target":{"@type":"EntryPoint","urlTemplate":"https:\/\/pb.edu.pl\/sjo\/?s={search_term_string}"},"query-input":{"@type":"PropertyValueSpecification","valueRequired":true,"valueName":"search_term_string"}}],"inLanguage":"pl-PL"}]}},"_links":{"self":[{"href":"https:\/\/pb.edu.pl\/sjo\/wp-json\/wp\/v2\/pages\/282","targetHints":{"allow":["GET"]}}],"collection":[{"href":"https:\/\/pb.edu.pl\/sjo\/wp-json\/wp\/v2\/pages"}],"about":[{"href":"https:\/\/pb.edu.pl\/sjo\/wp-json\/wp\/v2\/types\/page"}],"author":[{"embeddable":true,"href":"https:\/\/pb.edu.pl\/sjo\/wp-json\/wp\/v2\/users\/6"}],"replies":[{"embeddable":true,"href":"https:\/\/pb.edu.pl\/sjo\/wp-json\/wp\/v2\/comments?post=282"}],"version-history":[{"count":1,"href":"https:\/\/pb.edu.pl\/sjo\/wp-json\/wp\/v2\/pages\/282\/revisions"}],"predecessor-version":[{"id":30649,"href":"https:\/\/pb.edu.pl\/sjo\/wp-json\/wp\/v2\/pages\/282\/revisions\/30649"}],"up":[{"embeddable":true,"href":"https:\/\/pb.edu.pl\/sjo\/wp-json\/wp\/v2\/pages\/18"}],"wp:attachment":[{"href":"https:\/\/pb.edu.pl\/sjo\/wp-json\/wp\/v2\/media?parent=282"}],"curies":[{"name":"wp","href":"https:\/\/api.w.org\/{rel}","templated":true}]}}