{"id":28110,"date":"2025-03-13T12:53:12","date_gmt":"2025-03-13T11:53:12","guid":{"rendered":"https:\/\/pb.edu.pl\/sjo\/?page_id=28110"},"modified":"2026-03-24T13:34:43","modified_gmt":"2026-03-24T12:34:43","slug":"konkurs-fotograficzno-jezykowy-theres-more-to-me-than-being-a-student","status":"publish","type":"page","link":"https:\/\/pb.edu.pl\/sjo\/wydarzenia-sjo\/konkurs-fotograficzno-jezykowy-theres-more-to-me-than-being-a-student\/","title":{"rendered":"Konkurs fotograficzno-j\u0119zykowy 'There\u2019s more to me than being a student\u2019"},"content":{"rendered":"<h2 data-wp-editing=\"1\"><img loading=\"lazy\" decoding=\"async\" class=\"alignleft wp-image-28098\" src=\"https:\/\/pb.edu.pl\/sjo\/wp-content\/uploads\/sites\/9\/2025\/03\/konkurs-foto-2025-www-300x188.png\" alt=\"\" width=\"350\" height=\"219\" srcset=\"https:\/\/pb.edu.pl\/sjo\/wp-content\/uploads\/sites\/9\/2025\/03\/konkurs-foto-2025-www-300x188.png 300w, https:\/\/pb.edu.pl\/sjo\/wp-content\/uploads\/sites\/9\/2025\/03\/konkurs-foto-2025-www-1024x640.png 1024w, https:\/\/pb.edu.pl\/sjo\/wp-content\/uploads\/sites\/9\/2025\/03\/konkurs-foto-2025-www-768x480.png 768w, https:\/\/pb.edu.pl\/sjo\/wp-content\/uploads\/sites\/9\/2025\/03\/konkurs-foto-2025-www-480x300.png 480w, https:\/\/pb.edu.pl\/sjo\/wp-content\/uploads\/sites\/9\/2025\/03\/konkurs-foto-2025-www.png 1080w\" sizes=\"auto, (max-width: 350px) 100vw, 350px\" \/><\/h2>\n<p>Studium J\u0119zyk\u00f3w Obcych Politechniki Bia\u0142ostockiej zaprasza do udzia\u0142u w <strong>4. edycji konkursu fotograficzno-j\u0119zykowego<\/strong>.<\/p>\n<p>Czy jeste\u015b tylko studentem? A mo\u017ce artyst\u0105, sportowcem, podr\u00f3\u017cnikiem, pasjonatem? Poka\u017c \u015bwiatu, kim jeste\u015b poza uczelni\u0105. Wystarczy jedno zdj\u0119cie i kilka s\u0142\u00f3w w wybranym j\u0119zyku obcym, by opowiedzie\u0107 swoj\u0105 histori\u0119.<\/p>\n<p><strong>Jak wzi\u0105\u0107 udzia\u0142?<\/strong><\/p>\n<ul>\n<li>Zr\u00f3b zdj\u0119cie nawi\u0105zuj\u0105ce do tegorocznego tematu.<\/li>\n<li>Dodaj tytu\u0142 i kr\u00f3tki opis (200-500 znak\u00f3w) w wybranym j\u0119zyku:\n<ul>\n<li>angielskim,<\/li>\n<li>niemieckim,<\/li>\n<li>hiszpa\u0144skim lub<\/li>\n<li>rosyjskim.<\/li>\n<\/ul>\n<\/li>\n<li>Wype\u0142nij formularz zg\u0142oszeniowy i prze\u015blij swoj\u0105 prac\u0119.<\/li>\n<\/ul>\n<p><strong>Harmonogram konkursu<\/strong><\/p>\n<ul>\n<li>Zg\u0142oszenia: <strong>24 marca \u2013 27 kwietnia 2025<\/strong><\/li>\n<li>G\u0142osowanie na Nagrod\u0119 Publiczno\u015bci: 29 kwietnia \u2013 7 maja 2025<\/li>\n<li>Og\u0142oszenie wynik\u00f3w: 12 maja 2025<\/li>\n<li>Wr\u0119czenie nagr\u00f3d: 14 maja 2025<\/li>\n<\/ul>\n<p>Prace oceni jury, bior\u0105c pod uwag\u0119 zgodno\u015b\u0107 z tematem, jako\u015b\u0107 j\u0119zykow\u0105 i warto\u015b\u0107 artystyczn\u0105. Opr\u00f3cz nagr\u00f3d g\u0142\u00f3wnych jedno zdj\u0119cie zdob\u0119dzie Nagrod\u0119 Publiczno\u015bci \u2013 o wygranej zdecyduje liczba polubie\u0144 na Facebooku.<\/p>\n<p>Nie czekaj \u2013 podziel si\u0119 swoj\u0105 histori\u0105 i wygraj nagrody.<\/p>\n<p data-start=\"1201\" data-end=\"1260\"><a class=\"pdf\" title=\"\" href=\"https:\/\/pb.edu.pl\/sjo\/wp-content\/uploads\/sites\/9\/2025\/03\/REGULAMIN-KONKURSU-2025-3.pdf\">Regulamin konkursu \u201eThere\u2019s more to me than being a student\u201d<\/a><u>.<\/u><\/p>\n<h2>Zako\u0144czyli\u015bmy przyjmowanie zg\u0142osze\u0144, za wszystkie dzi\u0119kujemy!<\/h2>\n<p>&nbsp;<br \/>\n\t\t<div class=\"box news-box \">\n\t\t<div class=\"row\">\n\t\t\t\n\t\t\t\t\t<\/div>\n\t\t\t\t\t<\/div>\n\n","protected":false},"excerpt":{"rendered":"<p>Studium J\u0119zyk\u00f3w Obcych Politechniki Bia\u0142ostockiej zaprasza do udzia\u0142u w 4. edycji konkursu fotograficzno-j\u0119zykowego. Czy jeste\u015b<\/p>\n","protected":false},"author":6,"featured_media":0,"parent":10915,"menu_order":0,"comment_status":"closed","ping_status":"closed","template":"","meta":{"_acf_changed":false,"ngg_post_thumbnail":0,"footnotes":""},"class_list":["post-28110","page","type-page","status-publish","hentry"],"acf":[],"yoast_head":"<!-- This site is optimized with the Yoast SEO plugin v27.0 - https:\/\/yoast.com\/product\/yoast-seo-wordpress\/ -->\n<title>Konkurs fotograficzno-j\u0119zykowy &#039;There\u2019s more to me than being a student\u2019 - Studium J\u0119zyk\u00f3w Obcych<\/title>\n<meta name=\"description\" content=\"Studium J\u0119zyk\u00f3w Obcych Politechniki Bia\u0142ostockiej zaprasza do udzia\u0142u w 4. edycji konkursu fotograficzno-j\u0119zykowego. Czy jeste\u015b tylko studentem? A mo\u017ce\" \/>\n<meta name=\"robots\" content=\"index, follow, max-snippet:-1, max-image-preview:large, max-video-preview:-1\" \/>\n<link rel=\"canonical\" href=\"https:\/\/pb.edu.pl\/sjo\/wydarzenia-sjo\/konkurs-fotograficzno-jezykowy-theres-more-to-me-than-being-a-student\/\" \/>\n<meta property=\"og:locale\" content=\"pl_PL\" \/>\n<meta property=\"og:type\" content=\"article\" \/>\n<meta property=\"og:title\" content=\"Konkurs fotograficzno-j\u0119zykowy &#039;There\u2019s more to me than being a student\u2019 - Studium J\u0119zyk\u00f3w Obcych\" \/>\n<meta property=\"og:description\" content=\"Studium J\u0119zyk\u00f3w Obcych Politechniki Bia\u0142ostockiej zaprasza do udzia\u0142u w 4. edycji konkursu fotograficzno-j\u0119zykowego. Czy jeste\u015b tylko studentem? A mo\u017ce\" \/>\n<meta property=\"og:url\" content=\"https:\/\/pb.edu.pl\/sjo\/wydarzenia-sjo\/konkurs-fotograficzno-jezykowy-theres-more-to-me-than-being-a-student\/\" \/>\n<meta property=\"og:site_name\" content=\"Studium J\u0119zyk\u00f3w Obcych\" \/>\n<meta property=\"article:modified_time\" content=\"2026-03-24T12:34:43+00:00\" \/>\n<meta property=\"og:image\" content=\"https:\/\/pb.edu.pl\/sjo\/wp-content\/uploads\/sites\/9\/2025\/03\/konkurs-foto-2025-www.png\" \/>\n\t<meta property=\"og:image:width\" content=\"1080\" \/>\n\t<meta property=\"og:image:height\" content=\"675\" \/>\n\t<meta property=\"og:image:type\" content=\"image\/png\" \/>\n<meta name=\"twitter:label1\" content=\"Szacowany czas czytania\" \/>\n\t<meta name=\"twitter:data1\" content=\"2 minuty\" \/>\n<script type=\"application\/ld+json\" class=\"yoast-schema-graph\">{\"@context\":\"https:\/\/schema.org\",\"@graph\":[{\"@type\":\"WebPage\",\"@id\":\"https:\/\/pb.edu.pl\/sjo\/wydarzenia-sjo\/konkurs-fotograficzno-jezykowy-theres-more-to-me-than-being-a-student\/\",\"url\":\"https:\/\/pb.edu.pl\/sjo\/wydarzenia-sjo\/konkurs-fotograficzno-jezykowy-theres-more-to-me-than-being-a-student\/\",\"name\":\"Konkurs fotograficzno-j\u0119zykowy 'There\u2019s more to me than being a student\u2019 - Studium J\u0119zyk\u00f3w Obcych\",\"isPartOf\":{\"@id\":\"https:\/\/pb.edu.pl\/sjo\/#website\"},\"primaryImageOfPage\":{\"@id\":\"https:\/\/pb.edu.pl\/sjo\/wydarzenia-sjo\/konkurs-fotograficzno-jezykowy-theres-more-to-me-than-being-a-student\/#primaryimage\"},\"image\":{\"@id\":\"https:\/\/pb.edu.pl\/sjo\/wydarzenia-sjo\/konkurs-fotograficzno-jezykowy-theres-more-to-me-than-being-a-student\/#primaryimage\"},\"thumbnailUrl\":\"https:\/\/pb.edu.pl\/sjo\/wp-content\/uploads\/sites\/9\/2025\/03\/konkurs-foto-2025-www-300x188.png\",\"datePublished\":\"2025-03-13T11:53:12+00:00\",\"dateModified\":\"2026-03-24T12:34:43+00:00\",\"description\":\"Studium J\u0119zyk\u00f3w Obcych Politechniki Bia\u0142ostockiej zaprasza do udzia\u0142u w 4. edycji konkursu fotograficzno-j\u0119zykowego. Czy jeste\u015b tylko studentem? A mo\u017ce\",\"breadcrumb\":{\"@id\":\"https:\/\/pb.edu.pl\/sjo\/wydarzenia-sjo\/konkurs-fotograficzno-jezykowy-theres-more-to-me-than-being-a-student\/#breadcrumb\"},\"inLanguage\":\"pl-PL\",\"potentialAction\":[{\"@type\":\"ReadAction\",\"target\":[\"https:\/\/pb.edu.pl\/sjo\/wydarzenia-sjo\/konkurs-fotograficzno-jezykowy-theres-more-to-me-than-being-a-student\/\"]}]},{\"@type\":\"ImageObject\",\"inLanguage\":\"pl-PL\",\"@id\":\"https:\/\/pb.edu.pl\/sjo\/wydarzenia-sjo\/konkurs-fotograficzno-jezykowy-theres-more-to-me-than-being-a-student\/#primaryimage\",\"url\":\"https:\/\/pb.edu.pl\/sjo\/wp-content\/uploads\/sites\/9\/2025\/03\/konkurs-foto-2025-www.png\",\"contentUrl\":\"https:\/\/pb.edu.pl\/sjo\/wp-content\/uploads\/sites\/9\/2025\/03\/konkurs-foto-2025-www.png\",\"width\":1080,\"height\":675},{\"@type\":\"BreadcrumbList\",\"@id\":\"https:\/\/pb.edu.pl\/sjo\/wydarzenia-sjo\/konkurs-fotograficzno-jezykowy-theres-more-to-me-than-being-a-student\/#breadcrumb\",\"itemListElement\":[{\"@type\":\"ListItem\",\"position\":1,\"name\":\"Home\",\"item\":\"https:\/\/pb.edu.pl\/sjo\/\"},{\"@type\":\"ListItem\",\"position\":2,\"name\":\"Wydarzenia SJO\",\"item\":\"https:\/\/pb.edu.pl\/sjo\/wydarzenia-sjo\/\"},{\"@type\":\"ListItem\",\"position\":3,\"name\":\"Konkurs fotograficzno-j\u0119zykowy 'There\u2019s more to me than being a student\u2019\"}]},{\"@type\":\"WebSite\",\"@id\":\"https:\/\/pb.edu.pl\/sjo\/#website\",\"url\":\"https:\/\/pb.edu.pl\/sjo\/\",\"name\":\"Studium J\u0119zyk\u00f3w Obcych\",\"description\":\"\",\"potentialAction\":[{\"@type\":\"SearchAction\",\"target\":{\"@type\":\"EntryPoint\",\"urlTemplate\":\"https:\/\/pb.edu.pl\/sjo\/?s={search_term_string}\"},\"query-input\":{\"@type\":\"PropertyValueSpecification\",\"valueRequired\":true,\"valueName\":\"search_term_string\"}}],\"inLanguage\":\"pl-PL\"}]}<\/script>\n<!-- \/ Yoast SEO plugin. -->","yoast_head_json":{"title":"Konkurs fotograficzno-j\u0119zykowy 'There\u2019s more to me than being a student\u2019 - Studium J\u0119zyk\u00f3w Obcych","description":"Studium J\u0119zyk\u00f3w Obcych Politechniki Bia\u0142ostockiej zaprasza do udzia\u0142u w 4. edycji konkursu fotograficzno-j\u0119zykowego. Czy jeste\u015b tylko studentem? A mo\u017ce","robots":{"index":"index","follow":"follow","max-snippet":"max-snippet:-1","max-image-preview":"max-image-preview:large","max-video-preview":"max-video-preview:-1"},"canonical":"https:\/\/pb.edu.pl\/sjo\/wydarzenia-sjo\/konkurs-fotograficzno-jezykowy-theres-more-to-me-than-being-a-student\/","og_locale":"pl_PL","og_type":"article","og_title":"Konkurs fotograficzno-j\u0119zykowy 'There\u2019s more to me than being a student\u2019 - Studium J\u0119zyk\u00f3w Obcych","og_description":"Studium J\u0119zyk\u00f3w Obcych Politechniki Bia\u0142ostockiej zaprasza do udzia\u0142u w 4. edycji konkursu fotograficzno-j\u0119zykowego. Czy jeste\u015b tylko studentem? A mo\u017ce","og_url":"https:\/\/pb.edu.pl\/sjo\/wydarzenia-sjo\/konkurs-fotograficzno-jezykowy-theres-more-to-me-than-being-a-student\/","og_site_name":"Studium J\u0119zyk\u00f3w Obcych","article_modified_time":"2026-03-24T12:34:43+00:00","og_image":[{"width":1080,"height":675,"url":"https:\/\/pb.edu.pl\/sjo\/wp-content\/uploads\/sites\/9\/2025\/03\/konkurs-foto-2025-www.png","type":"image\/png"}],"twitter_misc":{"Szacowany czas czytania":"2 minuty"},"schema":{"@context":"https:\/\/schema.org","@graph":[{"@type":"WebPage","@id":"https:\/\/pb.edu.pl\/sjo\/wydarzenia-sjo\/konkurs-fotograficzno-jezykowy-theres-more-to-me-than-being-a-student\/","url":"https:\/\/pb.edu.pl\/sjo\/wydarzenia-sjo\/konkurs-fotograficzno-jezykowy-theres-more-to-me-than-being-a-student\/","name":"Konkurs fotograficzno-j\u0119zykowy 'There\u2019s more to me than being a student\u2019 - Studium J\u0119zyk\u00f3w Obcych","isPartOf":{"@id":"https:\/\/pb.edu.pl\/sjo\/#website"},"primaryImageOfPage":{"@id":"https:\/\/pb.edu.pl\/sjo\/wydarzenia-sjo\/konkurs-fotograficzno-jezykowy-theres-more-to-me-than-being-a-student\/#primaryimage"},"image":{"@id":"https:\/\/pb.edu.pl\/sjo\/wydarzenia-sjo\/konkurs-fotograficzno-jezykowy-theres-more-to-me-than-being-a-student\/#primaryimage"},"thumbnailUrl":"https:\/\/pb.edu.pl\/sjo\/wp-content\/uploads\/sites\/9\/2025\/03\/konkurs-foto-2025-www-300x188.png","datePublished":"2025-03-13T11:53:12+00:00","dateModified":"2026-03-24T12:34:43+00:00","description":"Studium J\u0119zyk\u00f3w Obcych Politechniki Bia\u0142ostockiej zaprasza do udzia\u0142u w 4. edycji konkursu fotograficzno-j\u0119zykowego. Czy jeste\u015b tylko studentem? A mo\u017ce","breadcrumb":{"@id":"https:\/\/pb.edu.pl\/sjo\/wydarzenia-sjo\/konkurs-fotograficzno-jezykowy-theres-more-to-me-than-being-a-student\/#breadcrumb"},"inLanguage":"pl-PL","potentialAction":[{"@type":"ReadAction","target":["https:\/\/pb.edu.pl\/sjo\/wydarzenia-sjo\/konkurs-fotograficzno-jezykowy-theres-more-to-me-than-being-a-student\/"]}]},{"@type":"ImageObject","inLanguage":"pl-PL","@id":"https:\/\/pb.edu.pl\/sjo\/wydarzenia-sjo\/konkurs-fotograficzno-jezykowy-theres-more-to-me-than-being-a-student\/#primaryimage","url":"https:\/\/pb.edu.pl\/sjo\/wp-content\/uploads\/sites\/9\/2025\/03\/konkurs-foto-2025-www.png","contentUrl":"https:\/\/pb.edu.pl\/sjo\/wp-content\/uploads\/sites\/9\/2025\/03\/konkurs-foto-2025-www.png","width":1080,"height":675},{"@type":"BreadcrumbList","@id":"https:\/\/pb.edu.pl\/sjo\/wydarzenia-sjo\/konkurs-fotograficzno-jezykowy-theres-more-to-me-than-being-a-student\/#breadcrumb","itemListElement":[{"@type":"ListItem","position":1,"name":"Home","item":"https:\/\/pb.edu.pl\/sjo\/"},{"@type":"ListItem","position":2,"name":"Wydarzenia SJO","item":"https:\/\/pb.edu.pl\/sjo\/wydarzenia-sjo\/"},{"@type":"ListItem","position":3,"name":"Konkurs fotograficzno-j\u0119zykowy 'There\u2019s more to me than being a student\u2019"}]},{"@type":"WebSite","@id":"https:\/\/pb.edu.pl\/sjo\/#website","url":"https:\/\/pb.edu.pl\/sjo\/","name":"Studium J\u0119zyk\u00f3w Obcych","description":"","potentialAction":[{"@type":"SearchAction","target":{"@type":"EntryPoint","urlTemplate":"https:\/\/pb.edu.pl\/sjo\/?s={search_term_string}"},"query-input":{"@type":"PropertyValueSpecification","valueRequired":true,"valueName":"search_term_string"}}],"inLanguage":"pl-PL"}]}},"_links":{"self":[{"href":"https:\/\/pb.edu.pl\/sjo\/wp-json\/wp\/v2\/pages\/28110","targetHints":{"allow":["GET"]}}],"collection":[{"href":"https:\/\/pb.edu.pl\/sjo\/wp-json\/wp\/v2\/pages"}],"about":[{"href":"https:\/\/pb.edu.pl\/sjo\/wp-json\/wp\/v2\/types\/page"}],"author":[{"embeddable":true,"href":"https:\/\/pb.edu.pl\/sjo\/wp-json\/wp\/v2\/users\/6"}],"replies":[{"embeddable":true,"href":"https:\/\/pb.edu.pl\/sjo\/wp-json\/wp\/v2\/comments?post=28110"}],"version-history":[{"count":1,"href":"https:\/\/pb.edu.pl\/sjo\/wp-json\/wp\/v2\/pages\/28110\/revisions"}],"predecessor-version":[{"id":31182,"href":"https:\/\/pb.edu.pl\/sjo\/wp-json\/wp\/v2\/pages\/28110\/revisions\/31182"}],"up":[{"embeddable":true,"href":"https:\/\/pb.edu.pl\/sjo\/wp-json\/wp\/v2\/pages\/10915"}],"wp:attachment":[{"href":"https:\/\/pb.edu.pl\/sjo\/wp-json\/wp\/v2\/media?parent=28110"}],"curies":[{"name":"wp","href":"https:\/\/api.w.org\/{rel}","templated":true}]}}