{"id":27784,"date":"2025-01-02T14:36:19","date_gmt":"2025-01-02T13:36:19","guid":{"rendered":"https:\/\/pb.edu.pl\/sjo\/?page_id=27784"},"modified":"2026-03-04T08:00:10","modified_gmt":"2026-03-04T07:00:10","slug":"rejestracja-telc","status":"publish","type":"page","link":"https:\/\/pb.edu.pl\/sjo\/polish-lab\/egzaminy\/telc\/rejestracja-telc\/","title":{"rendered":"Rejestracja na egzamin TELC"},"content":{"rendered":"\n<div class=\"wpcf7 no-js\" id=\"wpcf7-f27768-o1\" lang=\"pl-PL\" dir=\"ltr\" data-wpcf7-id=\"27768\">\n<div class=\"screen-reader-response\"><p role=\"status\" aria-live=\"polite\" aria-atomic=\"true\"><\/p> <ul><\/ul><\/div>\n<form action=\"\/sjo\/wp-json\/wp\/v2\/pages\/27784#wpcf7-f27768-o1\" method=\"post\" class=\"wpcf7-form init\" aria-label=\"Formularz kontaktowy\" novalidate=\"novalidate\" data-status=\"init\">\n<fieldset class=\"hidden-fields-container\"><input type=\"hidden\" name=\"_wpcf7\" value=\"27768\" \/><input type=\"hidden\" name=\"_wpcf7_version\" value=\"6.1.5\" \/><input type=\"hidden\" name=\"_wpcf7_locale\" value=\"pl_PL\" \/><input type=\"hidden\" name=\"_wpcf7_unit_tag\" value=\"wpcf7-f27768-o1\" \/><input type=\"hidden\" name=\"_wpcf7_container_post\" value=\"0\" \/><input type=\"hidden\" name=\"_wpcf7_posted_data_hash\" value=\"\" \/><input type=\"hidden\" name=\"_wpcf7cf_hidden_group_fields\" value=\"[]\" \/><input type=\"hidden\" name=\"_wpcf7cf_hidden_groups\" value=\"[]\" \/><input type=\"hidden\" name=\"_wpcf7cf_visible_groups\" value=\"[]\" \/><input type=\"hidden\" name=\"_wpcf7cf_repeaters\" value=\"[]\" \/><input type=\"hidden\" name=\"_wpcf7cf_steps\" value=\"{}\" \/><input type=\"hidden\" name=\"_wpcf7cf_options\" value=\"{&quot;form_id&quot;:27768,&quot;conditions&quot;:[{&quot;then_field&quot;:&quot;-1&quot;,&quot;and_rules&quot;:[{&quot;if_field&quot;:&quot;-1&quot;,&quot;operator&quot;:&quot;equals&quot;,&quot;if_value&quot;:&quot;inny dokument ze zdj\\u0119ciem&quot;}]}],&quot;settings&quot;:{&quot;animation&quot;:&quot;yes&quot;,&quot;animation_intime&quot;:200,&quot;animation_outtime&quot;:200,&quot;conditions_ui&quot;:&quot;normal&quot;,&quot;notice_dismissed&quot;:false,&quot;notice_dismissed_update-cf7-5.6.2&quot;:true,&quot;notice_dismissed_update-cf7-6.0.2&quot;:true}}\" \/>\n<\/fieldset>\n<div class=\"wpcf7-turnstile cf-turnstile\" data-sitekey=\"0x4AAAAAACDP-G-k0g-pygWP\" data-response-field-name=\"_wpcf7_turnstile_response\"><\/div>\n\n<div class=\"row\">\n\t<div class=\"col-md-12 mx-auto\">\n\t\t<div class=\"h1\">\n\t\t\t<p>FORMULARZ ZG\u0141OSZENIOWY NA EGZAMIN telc Z J\u0118ZYKA POLSKIEGO JAKO OBCEGO, POZIOM: B1-B2\n\t\t\t<\/p>\n\t\t<\/div>\n\t\t<div class=\"h2\">\n\t\t\t<p>termin: 30 maja 2026 r.\n\t\t\t<\/p>\n\t\t<\/div>\n\t\t<p>&nbsp;\n\t\t<\/p>\n\t\t<div class=\"h3\">\n\t\t\t<p>DANE OSOBOWE:\n\t\t\t<\/p>\n\t\t<\/div>\n\t\t<div class=\"row\">\n\t\t\t<div class=\"col-md-6\">\n\t\t\t\t<p><label> Imi\u0119\/imiona: *<\/label><br \/>\n<span class=\"wpcf7-form-control-wrap\" data-name=\"imie\"><input size=\"40\" maxlength=\"400\" class=\"wpcf7-form-control wpcf7-text wpcf7-validates-as-required\" aria-required=\"true\" aria-invalid=\"false\" value=\"\" type=\"text\" name=\"imie\" \/><\/span>\n\t\t\t\t<\/p>\n\t\t\t<\/div>\n\t\t<\/div>\n\t\t<div class=\"row\">\n\t\t\t<div class=\"col-md-6\">\n\t\t\t\t<p><label> Nazwisko: *<\/label><br \/>\n<span class=\"wpcf7-form-control-wrap\" data-name=\"nazwisko\"><input size=\"40\" maxlength=\"400\" class=\"wpcf7-form-control wpcf7-text wpcf7-validates-as-required\" aria-required=\"true\" aria-invalid=\"false\" value=\"\" type=\"text\" name=\"nazwisko\" \/><\/span>\n\t\t\t\t<\/p>\n\t\t\t<\/div>\n\t\t<\/div>\n\t\t<div class=\"row\">\n\t\t\t<div class=\"col-md-3\">\n\t\t\t\t<p><label> Data urodzenia: *<\/label><br \/>\n<span class=\"wpcf7-form-control-wrap\" data-name=\"data-urodzenia\"><input class=\"wpcf7-form-control wpcf7-date wpcf7-validates-as-required wpcf7-validates-as-date\" aria-required=\"true\" aria-invalid=\"false\" value=\"\" type=\"date\" name=\"data-urodzenia\" \/><\/span>\n\t\t\t\t<\/p>\n\t\t\t<\/div>\n\t\t<\/div>\n\t\t<div class=\"row\">\n\t\t\t<div class=\"col-md-6\">\n\t\t\t\t<p><label> Miejsce urodzenia (miasto i kraj): *<\/label><br \/>\n<span class=\"wpcf7-form-control-wrap\" data-name=\"miejsce-urodzenia\"><input size=\"40\" maxlength=\"400\" class=\"wpcf7-form-control wpcf7-text\" aria-invalid=\"false\" value=\"\" type=\"text\" name=\"miejsce-urodzenia\" \/><\/span>\n\t\t\t\t<\/p>\n\t\t\t<\/div>\n\t\t<\/div>\n\t\t<div class=\"row\">\n\t\t\t<div class=\"col-md-6\">\n\t\t\t\t<p><label> J\u0119zyk ojczysty: *<\/label><br \/>\n<span class=\"wpcf7-form-control-wrap\" data-name=\"jezyk-ojczysty\"><input size=\"40\" maxlength=\"400\" class=\"wpcf7-form-control wpcf7-text wpcf7-validates-as-required\" aria-required=\"true\" aria-invalid=\"false\" value=\"\" type=\"text\" name=\"jezyk-ojczysty\" \/><\/span>\n\t\t\t\t<\/p>\n\t\t\t<\/div>\n\t\t<\/div>\n\t\t<div class=\"row\">\n\t\t\t<div class=\"col-md-6\">\n\t\t\t\t<p><label> Kraj pochodzenia: *<\/label><br \/>\n<span class=\"wpcf7-form-control-wrap\" data-name=\"kraj-pochodzenia\"><input size=\"40\" maxlength=\"400\" class=\"wpcf7-form-control wpcf7-text wpcf7-validates-as-required\" aria-required=\"true\" aria-invalid=\"false\" value=\"\" type=\"text\" name=\"kraj-pochodzenia\" \/><\/span>\n\t\t\t\t<\/p>\n\t\t\t<\/div>\n\t\t<\/div>\n\t\t<div class=\"row\">\n\t\t\t<div class=\"col-md-3\">\n\t\t\t\t<p><label> P\u0142e\u0107: *<\/label><br \/>\n<span class=\"wpcf7-form-control-wrap\" data-name=\"plec\"><span class=\"wpcf7-form-control wpcf7-radio\"><span class=\"wpcf7-list-item first\"><label><input type=\"radio\" name=\"plec\" value=\"kobieta\" \/><span class=\"wpcf7-list-item-label\">kobieta<\/span><\/label><\/span><span class=\"wpcf7-list-item last\"><label><input type=\"radio\" name=\"plec\" value=\"m\u0119\u017cczyzna\" \/><span class=\"wpcf7-list-item-label\">m\u0119\u017cczyzna<\/span><\/label><\/span><\/span><\/span>\n\t\t\t\t<\/p>\n\t\t\t<\/div>\n\t\t<\/div>\n\t\t<div class=\"col-md-12\">\n\t\t\t<p>&nbsp;\n\t\t\t<\/p>\n\t\t<\/div>\n\t\t<div class=\"h3\">\n\t\t\t<p>Adres do korespondencji:\n\t\t\t<\/p>\n\t\t<\/div>\n\t\t<div class=\"row\">\n\t\t\t<div class=\"col-md-4\">\n\t\t\t\t<p><label> ulica: *<\/label><br \/>\n<span class=\"wpcf7-form-control-wrap\" data-name=\"ulica\"><input size=\"40\" maxlength=\"400\" class=\"wpcf7-form-control wpcf7-text wpcf7-validates-as-required\" aria-required=\"true\" aria-invalid=\"false\" value=\"\" type=\"text\" name=\"ulica\" \/><\/span>\n\t\t\t\t<\/p>\n\t\t\t<\/div>\n\t\t\t<div class=\"col-md-3\">\n\t\t\t\t<p><label> nr domu\/mieszkania: *<\/label><br \/>\n<span class=\"wpcf7-form-control-wrap\" data-name=\"nr\"><input size=\"40\" maxlength=\"400\" class=\"wpcf7-form-control wpcf7-text wpcf7-validates-as-required\" aria-required=\"true\" aria-invalid=\"false\" value=\"\" type=\"text\" name=\"nr\" \/><\/span>\n\t\t\t\t<\/p>\n\t\t\t<\/div>\n\t\t<\/div>\n\t\t<div class=\"row\">\n\t\t\t<div class=\"col-md-2\">\n\t\t\t\t<p><label> kod pocztowy: *<\/label><br \/>\n<span class=\"wpcf7-form-control-wrap\" data-name=\"kod-pocztowy\"><input size=\"40\" maxlength=\"400\" class=\"wpcf7-form-control wpcf7-text wpcf7-validates-as-required\" aria-required=\"true\" aria-invalid=\"false\" value=\"\" type=\"text\" name=\"kod-pocztowy\" \/><\/span>\n\t\t\t\t<\/p>\n\t\t\t<\/div>\n\t\t\t<div class=\"col-md-4\">\n\t\t\t\t<p><label> miejscowo\u015b\u0107: *<\/label><br \/>\n<span class=\"wpcf7-form-control-wrap\" data-name=\"miejscowosc\"><input size=\"40\" maxlength=\"400\" class=\"wpcf7-form-control wpcf7-text wpcf7-validates-as-required\" aria-required=\"true\" aria-invalid=\"false\" value=\"\" type=\"text\" name=\"miejscowosc\" \/><\/span>\n\t\t\t\t<\/p>\n\t\t\t<\/div>\n\t\t\t<div class=\"col-md-4\">\n\t\t\t\t<p><label> kraj: *<\/label><br \/>\n<span class=\"wpcf7-form-control-wrap\" data-name=\"kraj\"><input size=\"40\" maxlength=\"400\" class=\"wpcf7-form-control wpcf7-text wpcf7-validates-as-required\" aria-required=\"true\" aria-invalid=\"false\" value=\"\" type=\"text\" name=\"kraj\" \/><\/span>\n\t\t\t\t<\/p>\n\t\t\t<\/div>\n\t\t<\/div>\n\t\t<div class=\"row\">\n\t\t\t<div class=\"col-md-4\">\n\t\t\t\t<p><label> Adres e-mail: *<\/label><br \/>\n<span class=\"wpcf7-form-control-wrap\" data-name=\"email\"><input size=\"40\" maxlength=\"400\" class=\"wpcf7-form-control wpcf7-email wpcf7-validates-as-required wpcf7-text wpcf7-validates-as-email\" aria-required=\"true\" aria-invalid=\"false\" value=\"\" type=\"email\" name=\"email\" \/><\/span>\n\t\t\t\t<\/p>\n\t\t\t<\/div>\n\t\t\t<div class=\"col-md-4\">\n\t\t\t\t<p><label> Numer telefonu: *<\/label><br \/>\n<span class=\"wpcf7-form-control-wrap\" data-name=\"telefon\"><input size=\"40\" maxlength=\"400\" class=\"wpcf7-form-control wpcf7-text wpcf7-validates-as-required\" aria-required=\"true\" aria-invalid=\"false\" value=\"\" type=\"text\" name=\"telefon\" \/><\/span>\n\t\t\t\t<\/p>\n\t\t\t<\/div>\n\t\t<\/div>\n\t\t<div class=\"h4\">\n\t\t\t<p>&nbsp;\n\t\t\t<\/p>\n\t\t<\/div>\n\t\t<div class=\"row\">\n\t\t\t<div class=\"col-md-12\">\n\t\t\t<hr \/>\n\t\t\t<\/div>\n\t\t<\/div>\n\t\t<div class=\"row\">\n\t\t\t<div class=\"col-md-12\">\n\t\t\t\t<p><span class=\"wpcf7-form-control-wrap\" data-name=\"acceptance-104\"><span class=\"wpcf7-form-control wpcf7-acceptance\"><span class=\"wpcf7-list-item\"><label><input type=\"checkbox\" name=\"acceptance-104\" value=\"1\" aria-invalid=\"false\" \/><span class=\"wpcf7-list-item-label\">O\u015bwiadczam, \u017ce zapozna\u0142em\/\u0142am si\u0119 z regulaminem egzaminu telc przeprowadzanego przez Centrum J\u0119zyka i Kultury Polskiej POLISH LAB na Politechnice Bia\u0142ostockiej<\/span><\/label><\/span><\/span><\/span>\n\t\t\t\t<\/p>\n\t\t\t\t<p style=\"text-indent: 32px\"><a title=\"otworzy si\u0119 w nowej karcie\" href=\"https:\/\/pb.edu.pl\/sjo\/wp-content\/uploads\/sites\/9\/2025\/07\/Regulamin-egzaminu-TELC-przeprowadzanego-przez-Centrum-Jezyka-i-Kultury-Polskiej-POLISH-LAB-na-Politechnice-Bialostockiej-2025-1.pdf\" target=\"_blank\">Regulamin egzaminu telc J\u0119zyk Polski B1-B2 przeprowadzanego przez Centrum J\u0119zyka i Kultury Polskiej POLISH LAB na Politechnice Bia\u0142ostockiej<\/a>\n\t\t\t\t<\/p>\n\t\t\t\t<p>&nbsp;<br \/>\n<span class=\"wpcf7-form-control-wrap\" data-name=\"acceptance-104\"><span class=\"wpcf7-form-control wpcf7-acceptance\"><span class=\"wpcf7-list-item\"><label><input type=\"checkbox\" name=\"acceptance-104\" value=\"1\" aria-invalid=\"false\" \/><span class=\"wpcf7-list-item-label\">O\u015bwiadczam, \u017ce zapozna\u0142em\/\u0142am si\u0119 z regulaminem egzamin\u00f3w telc<\/span><\/label><\/span><\/span><\/span>\n\t\t\t\t<\/p>\n\t\t\t\t<p style=\"text-indent: 32px\"><a title=\"otworzy si\u0119 w nowej karcie\" href=\"https:\/\/pb.edu.pl\/sjo\/wp-content\/uploads\/sites\/9\/2024\/12\/Regulamin-egzaminow-telc-25-stycznia-2024.pdf\" target=\"_blank\">Regulamin Egzamin\u00f3w telc<\/a>\n\t\t\t\t<\/p>\n\t\t\t\t<p>&nbsp;<br \/>\n<span class=\"wpcf7-form-control-wrap\" data-name=\"acceptance-105\"><span class=\"wpcf7-form-control wpcf7-acceptance\"><span class=\"wpcf7-list-item\"><label><input type=\"checkbox\" name=\"acceptance-105\" value=\"1\" aria-invalid=\"false\" \/><span class=\"wpcf7-list-item-label\">Przyjmuj\u0119 do wiadomo\u015bci i\u017c w zwi\u0105zku ze stacjonarn\u0105 organizacj\u0105 egzamin\u00f3w m\u00f3j wizerunek mo\u017ce zosta\u0107 utrwalony jako element obrazu dokumentuj\u0105cego przebieg egzaminu oraz mo\u017ce zosta\u0107 ujawniony i rozpowszechniony na stronie internetowej Organizatora. Uczestnictwo w egzaminie Organizator traktuje jako wyra\u017ane dzia\u0142anie potwierdzaj\u0105ce przyzwolenie na przetwarzanie wizerunku jako danej osobowej w celach dokumentacyjno-promocyjnych.<\/span><\/label><\/span><\/span><\/span><br \/>\n<b>Osoby, kt\u00f3re nie wyra\u017caj\u0105 zgody na utrwalenie ich wizerunku proszone s\u0105 o zg\u0142oszenie tego faktu bezpo\u015brednio fotografowi lub Organizatorowi.<\/b><br \/>\n&nbsp;\n\t\t\t\t<\/p>\n\t\t\t\t<p><span class=\"wpcf7-form-control-wrap\" data-name=\"zgoda_email\"><span class=\"wpcf7-form-control wpcf7-radio\"><span class=\"wpcf7-list-item first\"><label><input type=\"radio\" name=\"zgoda_email\" value=\"Wyra\u017cam zgod\u0119\" \/><span class=\"wpcf7-list-item-label\">Wyra\u017cam zgod\u0119<\/span><\/label><\/span><span class=\"wpcf7-list-item last\"><label><input type=\"radio\" name=\"zgoda_email\" value=\"Nie wyra\u017cam zgody\" \/><span class=\"wpcf7-list-item-label\">Nie wyra\u017cam zgody<\/span><\/label><\/span><\/span><\/span>\n\t\t\t\t<\/p>\n\t\t\t\t<p style=\"text-indent: 32px\">na przetwarzanie mego adresu e-mail w celu informowania mnie o wydarzeniach kulturalnych i szkoleniowych organizowanych przez Politechnik\u0119 Bia\u0142ostock\u0105.*\n\t\t\t\t<\/p>\n\t\t\t\t<p>&nbsp;<br \/>\n<span class=\"wpcf7-form-control-wrap\" data-name=\"acceptance-106\"><span class=\"wpcf7-form-control wpcf7-acceptance\"><span class=\"wpcf7-list-item\"><label><input type=\"checkbox\" name=\"acceptance-106\" value=\"1\" aria-invalid=\"false\" \/><span class=\"wpcf7-list-item-label\">Jednocze\u015bnie o\u015bwiadczam, \u017ce zapozna\u0142em\/\u0142am si\u0119 z obowi\u0105zkiem informacyjnym w zakresie przetwarzania moich danych osobowych.<\/span><\/label><\/span><\/span><\/span>\n\t\t\t\t<\/p>\n\t\t\t\t<p style=\"text-indent: 32px\"><a title=\"otworzy si\u0119 w nowej karcie\" href=\"https:\/\/pb.edu.pl\/sjo\/informacja-o-przetwarzaniu-danych-osobowych-na-potrzeby-organizacji-egzaminow\/\">Informacja o przetwarzaniu danych osobowych na potrzeby organizacji egzamin\u00f3w<\/a>\n\t\t\t\t<\/p>\n\t\t\t<\/div>\n\t\t<\/div>\n\t\t<div class=\"row\">\n\t\t\t<div class=\"col-md-12 text-right\">\n\t\t\t\t<p><input class=\"wpcf7-form-control wpcf7-submit has-spinner\" type=\"submit\" value=\"Wy\u015blij zg\u0142oszenie\" \/>\n\t\t\t\t<\/p>\n\t\t\t<\/div>\n\t\t<\/div>\n\t<\/div>\n<\/div><div class=\"wpcf7-response-output\" aria-hidden=\"true\"><\/div>\n<\/form>\n<\/div>\n\n","protected":false},"excerpt":{"rendered":"","protected":false},"author":6,"featured_media":0,"parent":27465,"menu_order":0,"comment_status":"closed","ping_status":"closed","template":"templates\/dzial.php","meta":{"_acf_changed":false,"ngg_post_thumbnail":0,"footnotes":""},"class_list":["post-27784","page","type-page","status-publish","hentry"],"acf":[],"yoast_head":"<!-- This site is optimized with the Yoast SEO plugin v27.0 - https:\/\/yoast.com\/product\/yoast-seo-wordpress\/ -->\n<title>Rejestracja na egzamin TELC - Studium J\u0119zyk\u00f3w Obcych<\/title>\n<meta name=\"robots\" content=\"index, follow, max-snippet:-1, max-image-preview:large, max-video-preview:-1\" \/>\n<link rel=\"canonical\" href=\"https:\/\/pb.edu.pl\/sjo\/polish-lab\/egzaminy\/telc\/rejestracja-telc\/\" \/>\n<meta property=\"og:locale\" content=\"pl_PL\" \/>\n<meta property=\"og:type\" content=\"article\" \/>\n<meta property=\"og:title\" content=\"Rejestracja na egzamin TELC - Studium J\u0119zyk\u00f3w Obcych\" \/>\n<meta property=\"og:url\" content=\"https:\/\/pb.edu.pl\/sjo\/polish-lab\/egzaminy\/telc\/rejestracja-telc\/\" \/>\n<meta property=\"og:site_name\" content=\"Studium J\u0119zyk\u00f3w Obcych\" \/>\n<meta property=\"article:modified_time\" content=\"2026-03-04T07:00:10+00:00\" \/>\n<meta name=\"twitter:label1\" content=\"Szacowany czas czytania\" \/>\n\t<meta name=\"twitter:data1\" content=\"1 minuta\" \/>\n<script type=\"application\/ld+json\" class=\"yoast-schema-graph\">{\"@context\":\"https:\/\/schema.org\",\"@graph\":[{\"@type\":\"WebPage\",\"@id\":\"https:\/\/pb.edu.pl\/sjo\/polish-lab\/egzaminy\/telc\/rejestracja-telc\/\",\"url\":\"https:\/\/pb.edu.pl\/sjo\/polish-lab\/egzaminy\/telc\/rejestracja-telc\/\",\"name\":\"Rejestracja na egzamin TELC - Studium J\u0119zyk\u00f3w Obcych\",\"isPartOf\":{\"@id\":\"https:\/\/pb.edu.pl\/sjo\/#website\"},\"datePublished\":\"2025-01-02T13:36:19+00:00\",\"dateModified\":\"2026-03-04T07:00:10+00:00\",\"breadcrumb\":{\"@id\":\"https:\/\/pb.edu.pl\/sjo\/polish-lab\/egzaminy\/telc\/rejestracja-telc\/#breadcrumb\"},\"inLanguage\":\"pl-PL\",\"potentialAction\":[{\"@type\":\"ReadAction\",\"target\":[\"https:\/\/pb.edu.pl\/sjo\/polish-lab\/egzaminy\/telc\/rejestracja-telc\/\"]}]},{\"@type\":\"BreadcrumbList\",\"@id\":\"https:\/\/pb.edu.pl\/sjo\/polish-lab\/egzaminy\/telc\/rejestracja-telc\/#breadcrumb\",\"itemListElement\":[{\"@type\":\"ListItem\",\"position\":1,\"name\":\"Home\",\"item\":\"https:\/\/pb.edu.pl\/sjo\/\"},{\"@type\":\"ListItem\",\"position\":2,\"name\":\"Centrum J\u0119zyka i Kultury Polskiej POLISH LAB\",\"item\":\"https:\/\/pb.edu.pl\/sjo\/polish-lab\/\"},{\"@type\":\"ListItem\",\"position\":3,\"name\":\"Egzaminy\",\"item\":\"https:\/\/pb.edu.pl\/sjo\/polish-lab\/egzaminy\/\"},{\"@type\":\"ListItem\",\"position\":4,\"name\":\"TELC z j\u0119zyka polskiego\",\"item\":\"https:\/\/pb.edu.pl\/sjo\/polish-lab\/egzaminy\/telc\/\"},{\"@type\":\"ListItem\",\"position\":5,\"name\":\"Rejestracja na egzamin TELC\"}]},{\"@type\":\"WebSite\",\"@id\":\"https:\/\/pb.edu.pl\/sjo\/#website\",\"url\":\"https:\/\/pb.edu.pl\/sjo\/\",\"name\":\"Studium J\u0119zyk\u00f3w Obcych\",\"description\":\"\",\"potentialAction\":[{\"@type\":\"SearchAction\",\"target\":{\"@type\":\"EntryPoint\",\"urlTemplate\":\"https:\/\/pb.edu.pl\/sjo\/?s={search_term_string}\"},\"query-input\":{\"@type\":\"PropertyValueSpecification\",\"valueRequired\":true,\"valueName\":\"search_term_string\"}}],\"inLanguage\":\"pl-PL\"}]}<\/script>\n<!-- \/ Yoast SEO plugin. -->","yoast_head_json":{"title":"Rejestracja na egzamin TELC - Studium J\u0119zyk\u00f3w Obcych","robots":{"index":"index","follow":"follow","max-snippet":"max-snippet:-1","max-image-preview":"max-image-preview:large","max-video-preview":"max-video-preview:-1"},"canonical":"https:\/\/pb.edu.pl\/sjo\/polish-lab\/egzaminy\/telc\/rejestracja-telc\/","og_locale":"pl_PL","og_type":"article","og_title":"Rejestracja na egzamin TELC - Studium J\u0119zyk\u00f3w Obcych","og_url":"https:\/\/pb.edu.pl\/sjo\/polish-lab\/egzaminy\/telc\/rejestracja-telc\/","og_site_name":"Studium J\u0119zyk\u00f3w Obcych","article_modified_time":"2026-03-04T07:00:10+00:00","twitter_misc":{"Szacowany czas czytania":"1 minuta"},"schema":{"@context":"https:\/\/schema.org","@graph":[{"@type":"WebPage","@id":"https:\/\/pb.edu.pl\/sjo\/polish-lab\/egzaminy\/telc\/rejestracja-telc\/","url":"https:\/\/pb.edu.pl\/sjo\/polish-lab\/egzaminy\/telc\/rejestracja-telc\/","name":"Rejestracja na egzamin TELC - Studium J\u0119zyk\u00f3w Obcych","isPartOf":{"@id":"https:\/\/pb.edu.pl\/sjo\/#website"},"datePublished":"2025-01-02T13:36:19+00:00","dateModified":"2026-03-04T07:00:10+00:00","breadcrumb":{"@id":"https:\/\/pb.edu.pl\/sjo\/polish-lab\/egzaminy\/telc\/rejestracja-telc\/#breadcrumb"},"inLanguage":"pl-PL","potentialAction":[{"@type":"ReadAction","target":["https:\/\/pb.edu.pl\/sjo\/polish-lab\/egzaminy\/telc\/rejestracja-telc\/"]}]},{"@type":"BreadcrumbList","@id":"https:\/\/pb.edu.pl\/sjo\/polish-lab\/egzaminy\/telc\/rejestracja-telc\/#breadcrumb","itemListElement":[{"@type":"ListItem","position":1,"name":"Home","item":"https:\/\/pb.edu.pl\/sjo\/"},{"@type":"ListItem","position":2,"name":"Centrum J\u0119zyka i Kultury Polskiej POLISH LAB","item":"https:\/\/pb.edu.pl\/sjo\/polish-lab\/"},{"@type":"ListItem","position":3,"name":"Egzaminy","item":"https:\/\/pb.edu.pl\/sjo\/polish-lab\/egzaminy\/"},{"@type":"ListItem","position":4,"name":"TELC z j\u0119zyka polskiego","item":"https:\/\/pb.edu.pl\/sjo\/polish-lab\/egzaminy\/telc\/"},{"@type":"ListItem","position":5,"name":"Rejestracja na egzamin TELC"}]},{"@type":"WebSite","@id":"https:\/\/pb.edu.pl\/sjo\/#website","url":"https:\/\/pb.edu.pl\/sjo\/","name":"Studium J\u0119zyk\u00f3w Obcych","description":"","potentialAction":[{"@type":"SearchAction","target":{"@type":"EntryPoint","urlTemplate":"https:\/\/pb.edu.pl\/sjo\/?s={search_term_string}"},"query-input":{"@type":"PropertyValueSpecification","valueRequired":true,"valueName":"search_term_string"}}],"inLanguage":"pl-PL"}]}},"_links":{"self":[{"href":"https:\/\/pb.edu.pl\/sjo\/wp-json\/wp\/v2\/pages\/27784","targetHints":{"allow":["GET"]}}],"collection":[{"href":"https:\/\/pb.edu.pl\/sjo\/wp-json\/wp\/v2\/pages"}],"about":[{"href":"https:\/\/pb.edu.pl\/sjo\/wp-json\/wp\/v2\/types\/page"}],"author":[{"embeddable":true,"href":"https:\/\/pb.edu.pl\/sjo\/wp-json\/wp\/v2\/users\/6"}],"replies":[{"embeddable":true,"href":"https:\/\/pb.edu.pl\/sjo\/wp-json\/wp\/v2\/comments?post=27784"}],"version-history":[{"count":7,"href":"https:\/\/pb.edu.pl\/sjo\/wp-json\/wp\/v2\/pages\/27784\/revisions"}],"predecessor-version":[{"id":31012,"href":"https:\/\/pb.edu.pl\/sjo\/wp-json\/wp\/v2\/pages\/27784\/revisions\/31012"}],"up":[{"embeddable":true,"href":"https:\/\/pb.edu.pl\/sjo\/wp-json\/wp\/v2\/pages\/27465"}],"wp:attachment":[{"href":"https:\/\/pb.edu.pl\/sjo\/wp-json\/wp\/v2\/media?parent=27784"}],"curies":[{"name":"wp","href":"https:\/\/api.w.org\/{rel}","templated":true}]}}