{"id":27472,"date":"2024-11-13T10:21:44","date_gmt":"2024-11-13T09:21:44","guid":{"rendered":"https:\/\/pb.edu.pl\/sjo\/?page_id=27472"},"modified":"2025-09-14T14:57:05","modified_gmt":"2025-09-14T12:57:05","slug":"egzamin-wewnetrzny-pb","status":"publish","type":"page","link":"https:\/\/pb.edu.pl\/sjo\/polish-lab\/egzaminy\/egzamin-wewnetrzny-pb\/","title":{"rendered":"Egzamin wewn\u0119trzny PB"},"content":{"rendered":"<p><span style=\"font-family: verdana, geneva, sans-serif;font-size: 12pt\">Egzamin dla obcokrajowc\u00f3w &#8211; kandydat\u00f3w na studia w j\u0119zyku polskim odbywa si\u0119 na zlecenie i w terminach ustalonych z Centrum Spraw Studenckich, Dydaktyki i Rekrutacji PB.<\/span><\/p>\n<p>Zapraszamy do zapoznania si\u0119 z Regulaminem oraz <strong>przyk\u0142adowymi testami egzaminacyjnymi<\/strong> opracowanymi w dw\u00f3ch formach:<\/p>\n<ul>\n<li><strong>stacjonarnej<\/strong> (arkusz egzaminacyjny, nagrania do cz\u0119\u015bci ze s\u0142uchu oraz szczeg\u00f3\u0142owy klucz z obja\u015bnieniami)<\/li>\n<li><strong>zdalnej<\/strong> (arkusz egzaminacyjny, arkusz oceny ze szczeg\u00f3\u0142owymi kryteriami oceny)<\/li>\n<\/ul>\n<h3><span style=\"font-size: 14pt\"><strong>Regulamin i kryteria oceniania egzaminu potwierdzaj\u0105cego przygotowanie oraz stopie\u0144 znajomo\u015bci j\u0119zyka polskiego przez cudzoziemc\u00f3w ubiegaj\u0105cych si\u0119 o przyj\u0119cie na studia w j\u0119zyku polskim na Politechnice Bia\u0142ostockiej<\/strong><\/span><\/h3>\n<ol>\n<li>Egzamin potwierdzaj\u0105cy przygotowanie oraz stopie\u0144 znajomo\u015bci j\u0119zyka polskiego na poziomie B2, zwany dalej egzaminem, przeprowadzany jest przez komisj\u0119 egzaminacyjn\u0105 \u2013 pracownik\u00f3w Centrum J\u0119zyka<br \/>\ni Kultury Polskiej POLISH LAB powo\u0142an\u0105 przez Kierownika Studium J\u0119zyk\u00f3w Obcych Politechniki Bia\u0142ostockiej.<\/li>\n<li>Egzamin ma na celu sprawdzenie, czy kandydat pos\u0142uguje si\u0119 j\u0119zykiem polskim co najmniej na poziomie B2, co jest jednym z warunk\u00f3w podj\u0119cia studi\u00f3w w j\u0119zyku polskim w Politechnice Bia\u0142ostockiej.<\/li>\n<li>Egzamin odbywa si\u0119 stacjonarnie w Centrum J\u0119zyka i Kultury Polskiej POLISH LAB na terenie Uczelni.<br \/>\nW sytuacjach szczeg\u00f3lnych istnieje mo\u017cliwo\u015b\u0107 przeprowadzenia egzaminu w formie zdalnej.<\/li>\n<li>Szczeg\u00f3lna sytuacja oznacza brak fizycznej mo\u017cliwo\u015bci przyjazdu kandydata na miejsce egzaminu.<br \/>\nW takim przypadku kandydat w wyznaczonym terminie wysy\u0142a zg\u0142oszenie na egzamin drog\u0105 mailow\u0105 na adres: <a href=\"mailto:iplc@pb.edu.pl\">iplc@pb.edu.pl<\/a>.<\/li>\n<li>Przed przyst\u0105pieniem do egzaminu kandydat sk\u0142ada o\u015bwiadczenie o zapoznaniu si\u0119 z niniejszym regulaminem, kt\u00f3rego wz\u00f3r stanowi za\u0142\u0105cznik nr 1.<\/li>\n<\/ol>\n<ol>\n<li style=\"list-style-type: none\">\n<ol style=\"list-style-type: lower-alpha\">\n<li>w przypadku egzaminu w formie stacjonarnej kandydat sk\u0142ada o\u015bwiadczenie w miejscu przeprowadzania egzaminu,<\/li>\n<li>w przypadku egzaminu w formie zdalnej kandydat \u2013 przed rozpocz\u0119ciem egzaminu &#8211; wysy\u0142a skan podpisanego o\u015bwiadczenia drog\u0105 mailow\u0105 na adres: <a href=\"mailto:iplc@pb.edu.pl\">iplc@pb.edu.pl<\/a>.<\/li>\n<\/ol>\n<\/li>\n<\/ol>\n<ol start=\"6\">\n<li>Egzamin w formie stacjonarnej sk\u0142ada si\u0119 z dw\u00f3ch cz\u0119\u015bci:<\/li>\n<\/ol>\n<ol>\n<li style=\"list-style-type: none\">\n<ol style=\"list-style-type: lower-alpha\">\n<li>pisemnej, maj\u0105cej na celu sprawdzenie stopnia rozumienia ze s\u0142uchu, rozumienia tekst\u00f3w pisanych oraz poprawno\u015bci gramatycznej w j\u0119zyku polskim \u2013 czas trwania do 80 minut,<\/li>\n<li>ustnej, maj\u0105cej na celu sprawdzenie umiej\u0119tno\u015bci sprawnego komunikowania si\u0119 oraz formu\u0142owania wypowiedzi ustnych w j\u0119zyku polskim &#8211; czas trwania do 15 minut.<\/li>\n<\/ol>\n<\/li>\n<\/ol>\n<ol start=\"7\">\n<li>Podczas trwania egzaminu w formie stacjonarnej kandydat:<\/li>\n<\/ol>\n<ol>\n<li style=\"list-style-type: none\">\n<ol style=\"list-style-type: lower-alpha\">\n<li>mo\u017ce korzysta\u0107 wy\u0142\u0105cznie z materia\u0142\u00f3w dostarczonych przez komisj\u0119 egzaminacyjn\u0105,<\/li>\n<li>nie mo\u017ce posiada\u0107 w\u0142\u0105czonych urz\u0105dze\u0144 elektronicznych, w tym telefonu kom\u00f3rkowego lub innych no\u015bnik\u00f3w np. smartwatch\u2019a.<\/li>\n<\/ol>\n<\/li>\n<\/ol>\n<ol start=\"8\">\n<li>Egzamin w formie zdalnej sk\u0142ada si\u0119 z cz\u0119\u015bci ustnej, maj\u0105cej na celu sprawdzenie umiej\u0119tno\u015bci sprawnego komunikowania si\u0119 oraz formu\u0142owania wypowiedzi ustnych w j\u0119zyku polskim &#8211; czas trwania do 20 minut.<\/li>\n<li>W przypadku egzaminu w formie zdalnej kandydat:<\/li>\n<\/ol>\n<ol>\n<li style=\"list-style-type: none\">\n<ol style=\"list-style-type: lower-alpha\">\n<li>loguje si\u0119 na platform\u0119 Uczelni o okre\u015blonej porze,&nbsp;<\/li>\n<li>zobowi\u0105zany jest do okazania dokumentu to\u017csamo\u015bci przed kamer\u0105,<\/li>\n<li>ma w\u0142\u0105czon\u0105 kamer\u0119 z widokiem na twarz, r\u0119ce i stanowisko pracy,<\/li>\n<li>mo\u017ce zosta\u0107 poproszony przez komisj\u0119 o obr\u00f3cenie kamery lub udost\u0119pnienie ekranu,<\/li>\n<li>mo\u017ce korzysta\u0107 wy\u0142\u0105cznie z materia\u0142\u00f3w dostarczonych przez komisj\u0119 egzaminacyjn\u0105,<\/li>\n<li>nie mo\u017ce posiada\u0107 w\u0142\u0105czonych innych urz\u0105dze\u0144 elektronicznych, z wyj\u0105tkiem urz\u0105dzenia, za pomoc\u0105 kt\u00f3rego \u0142\u0105czy si\u0119 z komisj\u0105.<\/li>\n<\/ol>\n<\/li>\n<\/ol>\n<p style=\"padding-left: 40px\">10. Warunkiem zdania egzaminu jest uzyskanie przez kandydata pozytywnego wyniku z egzaminu.<\/p>\n<p style=\"padding-left: 40px\">11. Za wynik pozytywny uwa\u017ca si\u0119 uzyskanie przez kandydata co najmniej 50% punkt\u00f3w z egzaminu.<\/p>\n<p style=\"padding-left: 40px\">12. Zasady punktacji:<\/p>\n<ol>\n<li style=\"list-style-type: none\">\n<ol style=\"list-style-type: lower-alpha\">\n<li>z egzaminu w formie stacjonarnej<\/li>\n<\/ol>\n<\/li>\n<\/ol>\n<ol>\n<li style=\"list-style-type: none\">\n<ol>\n<li style=\"list-style-type: none\">\n<ol style=\"list-style-type: lower-roman\">\n<li>&nbsp;&#8211; w cz\u0119\u015bci pisemnej mo\u017cna uzyska\u0107 maksymalnie 60 punkt\u00f3w,<\/li>\n<li>&nbsp;&#8211; w cz\u0119\u015bci ustnej mo\u017cna uzyska\u0107 maksymalnie 20 punkt\u00f3w,<\/li>\n<\/ol>\n<\/li>\n<\/ol>\n<\/li>\n<\/ol>\n<ol>\n<li style=\"list-style-type: none\">\n<ol style=\"list-style-type: lower-alpha\">\n<li>z egzaminu w formie zdalnej<\/li>\n<\/ol>\n<\/li>\n<\/ol>\n<ol>\n<li style=\"list-style-type: none\">\n<ol>\n<li style=\"list-style-type: none\">\n<ol style=\"list-style-type: lower-roman\">\n<li>&nbsp;&#8211; mo\u017cna uzyska\u0107 maksymalnie 40 punkt\u00f3w.<\/li>\n<\/ol>\n<\/li>\n<\/ol>\n<\/li>\n<\/ol>\n<ul>\n<li>13. Po zako\u0144czonym egzaminie sporz\u0105dzany jest protok\u00f3\u0142 z jego przebiegu, zawieraj\u0105cy informacj\u0119 o pozytywnym lub negatywnym wyniku uzyskanym przez kandydata (za\u0142\u0105cznik 2). Protok\u00f3\u0142 jest podpisany przez cz\u0142onk\u00f3w komisji egzaminacyjnej oraz przez Kierownika Studium J\u0119zyk\u00f3w Obcych Politechniki Bia\u0142ostockiej, a nast\u0119pnie jest przekazany do koordynatora zespo\u0142u do spraw wsparcia Centralnej Komisji Rekrutacyjnej Politechniki Bia\u0142ostockiej.<\/li>\n<\/ul>\n<p><span style=\"font-family: helvetica, arial, sans-serif;font-size: 10pt\"><em>Aktualizacja 11.07.2025 r.<\/em><\/span><\/p>\n<p>&nbsp;<\/p>\n<p><strong><span style=\"font-size: 14pt\">PRZYK\u0141ADOWE EGZAMINY Z J\u0118ZYKA POLSKIEGO JAKO OBCEGO DLA KANDYDAT\u00d3W NA STUDIA W J\u0118ZYKU POLSKIM<\/span><\/strong><\/p>\n<p><span style=\"font-size: 12pt\"><strong>EGZAMIN W TRYBIE STACJONARNYM<\/strong><\/span><\/p>\n<p><a class=\"pdf\" href=\"https:\/\/pb.edu.pl\/sjo\/wp-content\/uploads\/sites\/9\/2025\/09\/EGZAMIN-Z-JEZYKA-POLSKIEGO-DLA-KANDYDATOW-NA-STUDIA.pdf\" target=\"_blank\" rel=\"noopener\" data-id=\"29600\">EGZAMIN Z J\u0118ZYKA POLSKIEGO DLA KANDYDAT\u00d3W NA STUDIA (PDF, 439 KB, otworzy si\u0119 w nowej karcie)<\/a><\/p>\n<p><a class=\"mp3\" title=\"pobierz plik\" href=\"https:\/\/pb.edu.pl\/sjo\/wp-content\/uploads\/sites\/9\/2025\/09\/nagranie-1.-Dr-hab.-inz.-Dorota-Anna-Krawczyk-prof.-PB.-Ambasadorka-Europejskiego-Paktu-Klimatycznego-1.mp3\" data-id=\"29616\">nagranie do zadania 1. Dr hab. in\u017c. Dorota Anna Krawczyk, prof. PB. Ambasadorka Europejskiego Paktu Klimatycznego (MP3, 3 MB)<\/a><\/p>\n<p><a class=\"mp3\" title=\"pobierz plik\" href=\"https:\/\/pb.edu.pl\/sjo\/wp-content\/uploads\/sites\/9\/2025\/09\/nagranie-2.-Studia-magisterskie-w-Politechnice-Bialostockiej.-Inzynieria-medyczna.-Nowy-praktyczny-kierunek.mp3\" data-id=\"29612\">nagranie do zadania 2. Studia magisterskie w Politechnice Bia\u0142ostockiej. In\u017cynieria medyczna. Nowy praktyczny kierunek (MP3, 5 MB)<\/a><\/p>\n<p><a class=\"pdf\" href=\"https:\/\/pb.edu.pl\/sjo\/wp-content\/uploads\/sites\/9\/2025\/09\/EGZAMIN-Z-JEZYKA-POLSKIEGO-DLA-KANDYDATOW-NA-STUDIA-KLUCZ.pdf\" target=\"_blank\" rel=\"noopener\" data-id=\"29598\">EGZAMIN Z J\u0118ZYKA POLSKIEGO DLA KANDYDAT\u00d3W NA STUDIA &#8211; KLUCZ (PDF, 100 KB, otworzy si\u0119 w nowej karcie)<\/a><\/p>\n<p><strong><span style=\"font-size: 12pt\">EGZAMIN W TRYBIE ZDALNYM<\/span><\/strong><\/p>\n<p><a class=\"pdf\" href=\"https:\/\/pb.edu.pl\/sjo\/wp-content\/uploads\/sites\/9\/2025\/09\/ARKUSZ-EGZAMINACYJNY.pdf\" target=\"_blank\" rel=\"noopener\" data-id=\"29602\">ARKUSZ EGZAMINACYJNY (PDF, 250 KB, otworzy si\u0119 w nowej karcie)<\/a><\/p>\n<p><a class=\"pdf\" href=\"https:\/\/pb.edu.pl\/sjo\/wp-content\/uploads\/sites\/9\/2025\/09\/EGZAMIN-W-FORMIE-ZDALNEJ-B2-POLISH-LAB-ARKUSZ-EGZAMINACYJNY.pdf\" target=\"_blank\" rel=\"noopener\" data-id=\"29604\">EGZAMIN W FORMIE ZDALNEJ B2 POLISH LAB &#8211; ARKUSZ EGZAMINACYJNY I KRYTERIA OCENY (PDF, 196 KB, otworzy si\u0119 w nowej karcie)<\/a><\/p>\n<p><span style=\"font-size: 12pt\"><strong>REGULAMIN I KRYTERIA OCENY<\/strong><\/span><\/p>\n<p><a class=\"pdf\" href=\"https:\/\/pb.edu.pl\/sjo\/wp-content\/uploads\/sites\/9\/2025\/07\/Centrum-POLISH-LAB-Regulamin-i-kryteria-oceniania-egzaminu-z-j.polskiego-na-studia-w-PB-2025_lipiec-2025_aktualizacja-11.07.2025.pdf\" target=\"_blank\" rel=\"noopener\" data-id=\"29222\">Centrum POLISH LAB &#8211; Regulamin i kryteria oceniania egzaminu z j.polskiego na studia w PB 2025_lipiec 2025_aktualizacja 11.07.2025 (PDF, 223 KB, otworzy si\u0119 w nowej karcie)<\/a><\/p>\n","protected":false},"excerpt":{"rendered":"<p>Egzamin dla obcokrajowc\u00f3w &#8211; kandydat\u00f3w na studia w j\u0119zyku polskim odbywa si\u0119 na zlecenie i<\/p>\n","protected":false},"author":38,"featured_media":0,"parent":8270,"menu_order":0,"comment_status":"closed","ping_status":"closed","template":"","meta":{"_acf_changed":false,"ngg_post_thumbnail":0,"footnotes":""},"class_list":["post-27472","page","type-page","status-publish","hentry"],"acf":[],"yoast_head":"<!-- This site is optimized with the Yoast SEO plugin v27.0 - https:\/\/yoast.com\/product\/yoast-seo-wordpress\/ -->\n<title>Egzamin wewn\u0119trzny PB - Studium J\u0119zyk\u00f3w Obcych<\/title>\n<meta name=\"description\" content=\"Egzamin dla obcokrajowc\u00f3w - kandydat\u00f3w na studia w j\u0119zyku polskim odbywa si\u0119 na zlecenie i w terminach ustalonych z Centrum Spraw Studenckich, Dydaktyki i\" \/>\n<meta name=\"robots\" content=\"index, follow, max-snippet:-1, max-image-preview:large, max-video-preview:-1\" \/>\n<link rel=\"canonical\" href=\"https:\/\/pb.edu.pl\/sjo\/polish-lab\/egzaminy\/egzamin-wewnetrzny-pb\/\" \/>\n<meta property=\"og:locale\" content=\"pl_PL\" \/>\n<meta property=\"og:type\" content=\"article\" \/>\n<meta property=\"og:title\" content=\"Egzamin wewn\u0119trzny PB - Studium J\u0119zyk\u00f3w Obcych\" \/>\n<meta property=\"og:description\" content=\"Egzamin dla obcokrajowc\u00f3w - kandydat\u00f3w na studia w j\u0119zyku polskim odbywa si\u0119 na zlecenie i w terminach ustalonych z Centrum Spraw Studenckich, Dydaktyki i\" \/>\n<meta property=\"og:url\" content=\"https:\/\/pb.edu.pl\/sjo\/polish-lab\/egzaminy\/egzamin-wewnetrzny-pb\/\" \/>\n<meta property=\"og:site_name\" content=\"Studium J\u0119zyk\u00f3w Obcych\" \/>\n<meta property=\"article:modified_time\" content=\"2025-09-14T12:57:05+00:00\" \/>\n<meta name=\"twitter:label1\" content=\"Szacowany czas czytania\" \/>\n\t<meta name=\"twitter:data1\" content=\"5 minut\" \/>\n<script type=\"application\/ld+json\" class=\"yoast-schema-graph\">{\"@context\":\"https:\/\/schema.org\",\"@graph\":[{\"@type\":\"WebPage\",\"@id\":\"https:\/\/pb.edu.pl\/sjo\/polish-lab\/egzaminy\/egzamin-wewnetrzny-pb\/\",\"url\":\"https:\/\/pb.edu.pl\/sjo\/polish-lab\/egzaminy\/egzamin-wewnetrzny-pb\/\",\"name\":\"Egzamin wewn\u0119trzny PB - Studium J\u0119zyk\u00f3w Obcych\",\"isPartOf\":{\"@id\":\"https:\/\/pb.edu.pl\/sjo\/#website\"},\"datePublished\":\"2024-11-13T09:21:44+00:00\",\"dateModified\":\"2025-09-14T12:57:05+00:00\",\"description\":\"Egzamin dla obcokrajowc\u00f3w - kandydat\u00f3w na studia w j\u0119zyku polskim odbywa si\u0119 na zlecenie i w terminach ustalonych z Centrum Spraw Studenckich, Dydaktyki i\",\"breadcrumb\":{\"@id\":\"https:\/\/pb.edu.pl\/sjo\/polish-lab\/egzaminy\/egzamin-wewnetrzny-pb\/#breadcrumb\"},\"inLanguage\":\"pl-PL\",\"potentialAction\":[{\"@type\":\"ReadAction\",\"target\":[\"https:\/\/pb.edu.pl\/sjo\/polish-lab\/egzaminy\/egzamin-wewnetrzny-pb\/\"]}]},{\"@type\":\"BreadcrumbList\",\"@id\":\"https:\/\/pb.edu.pl\/sjo\/polish-lab\/egzaminy\/egzamin-wewnetrzny-pb\/#breadcrumb\",\"itemListElement\":[{\"@type\":\"ListItem\",\"position\":1,\"name\":\"Home\",\"item\":\"https:\/\/pb.edu.pl\/sjo\/\"},{\"@type\":\"ListItem\",\"position\":2,\"name\":\"Centrum J\u0119zyka i Kultury Polskiej POLISH LAB\",\"item\":\"https:\/\/pb.edu.pl\/sjo\/polish-lab\/\"},{\"@type\":\"ListItem\",\"position\":3,\"name\":\"Egzaminy\",\"item\":\"https:\/\/pb.edu.pl\/sjo\/polish-lab\/egzaminy\/\"},{\"@type\":\"ListItem\",\"position\":4,\"name\":\"Egzamin wewn\u0119trzny PB\"}]},{\"@type\":\"WebSite\",\"@id\":\"https:\/\/pb.edu.pl\/sjo\/#website\",\"url\":\"https:\/\/pb.edu.pl\/sjo\/\",\"name\":\"Studium J\u0119zyk\u00f3w Obcych\",\"description\":\"\",\"potentialAction\":[{\"@type\":\"SearchAction\",\"target\":{\"@type\":\"EntryPoint\",\"urlTemplate\":\"https:\/\/pb.edu.pl\/sjo\/?s={search_term_string}\"},\"query-input\":{\"@type\":\"PropertyValueSpecification\",\"valueRequired\":true,\"valueName\":\"search_term_string\"}}],\"inLanguage\":\"pl-PL\"}]}<\/script>\n<!-- \/ Yoast SEO plugin. -->","yoast_head_json":{"title":"Egzamin wewn\u0119trzny PB - Studium J\u0119zyk\u00f3w Obcych","description":"Egzamin dla obcokrajowc\u00f3w - kandydat\u00f3w na studia w j\u0119zyku polskim odbywa si\u0119 na zlecenie i w terminach ustalonych z Centrum Spraw Studenckich, Dydaktyki i","robots":{"index":"index","follow":"follow","max-snippet":"max-snippet:-1","max-image-preview":"max-image-preview:large","max-video-preview":"max-video-preview:-1"},"canonical":"https:\/\/pb.edu.pl\/sjo\/polish-lab\/egzaminy\/egzamin-wewnetrzny-pb\/","og_locale":"pl_PL","og_type":"article","og_title":"Egzamin wewn\u0119trzny PB - Studium J\u0119zyk\u00f3w Obcych","og_description":"Egzamin dla obcokrajowc\u00f3w - kandydat\u00f3w na studia w j\u0119zyku polskim odbywa si\u0119 na zlecenie i w terminach ustalonych z Centrum Spraw Studenckich, Dydaktyki i","og_url":"https:\/\/pb.edu.pl\/sjo\/polish-lab\/egzaminy\/egzamin-wewnetrzny-pb\/","og_site_name":"Studium J\u0119zyk\u00f3w Obcych","article_modified_time":"2025-09-14T12:57:05+00:00","twitter_misc":{"Szacowany czas czytania":"5 minut"},"schema":{"@context":"https:\/\/schema.org","@graph":[{"@type":"WebPage","@id":"https:\/\/pb.edu.pl\/sjo\/polish-lab\/egzaminy\/egzamin-wewnetrzny-pb\/","url":"https:\/\/pb.edu.pl\/sjo\/polish-lab\/egzaminy\/egzamin-wewnetrzny-pb\/","name":"Egzamin wewn\u0119trzny PB - Studium J\u0119zyk\u00f3w Obcych","isPartOf":{"@id":"https:\/\/pb.edu.pl\/sjo\/#website"},"datePublished":"2024-11-13T09:21:44+00:00","dateModified":"2025-09-14T12:57:05+00:00","description":"Egzamin dla obcokrajowc\u00f3w - kandydat\u00f3w na studia w j\u0119zyku polskim odbywa si\u0119 na zlecenie i w terminach ustalonych z Centrum Spraw Studenckich, Dydaktyki i","breadcrumb":{"@id":"https:\/\/pb.edu.pl\/sjo\/polish-lab\/egzaminy\/egzamin-wewnetrzny-pb\/#breadcrumb"},"inLanguage":"pl-PL","potentialAction":[{"@type":"ReadAction","target":["https:\/\/pb.edu.pl\/sjo\/polish-lab\/egzaminy\/egzamin-wewnetrzny-pb\/"]}]},{"@type":"BreadcrumbList","@id":"https:\/\/pb.edu.pl\/sjo\/polish-lab\/egzaminy\/egzamin-wewnetrzny-pb\/#breadcrumb","itemListElement":[{"@type":"ListItem","position":1,"name":"Home","item":"https:\/\/pb.edu.pl\/sjo\/"},{"@type":"ListItem","position":2,"name":"Centrum J\u0119zyka i Kultury Polskiej POLISH LAB","item":"https:\/\/pb.edu.pl\/sjo\/polish-lab\/"},{"@type":"ListItem","position":3,"name":"Egzaminy","item":"https:\/\/pb.edu.pl\/sjo\/polish-lab\/egzaminy\/"},{"@type":"ListItem","position":4,"name":"Egzamin wewn\u0119trzny PB"}]},{"@type":"WebSite","@id":"https:\/\/pb.edu.pl\/sjo\/#website","url":"https:\/\/pb.edu.pl\/sjo\/","name":"Studium J\u0119zyk\u00f3w Obcych","description":"","potentialAction":[{"@type":"SearchAction","target":{"@type":"EntryPoint","urlTemplate":"https:\/\/pb.edu.pl\/sjo\/?s={search_term_string}"},"query-input":{"@type":"PropertyValueSpecification","valueRequired":true,"valueName":"search_term_string"}}],"inLanguage":"pl-PL"}]}},"_links":{"self":[{"href":"https:\/\/pb.edu.pl\/sjo\/wp-json\/wp\/v2\/pages\/27472","targetHints":{"allow":["GET"]}}],"collection":[{"href":"https:\/\/pb.edu.pl\/sjo\/wp-json\/wp\/v2\/pages"}],"about":[{"href":"https:\/\/pb.edu.pl\/sjo\/wp-json\/wp\/v2\/types\/page"}],"author":[{"embeddable":true,"href":"https:\/\/pb.edu.pl\/sjo\/wp-json\/wp\/v2\/users\/38"}],"replies":[{"embeddable":true,"href":"https:\/\/pb.edu.pl\/sjo\/wp-json\/wp\/v2\/comments?post=27472"}],"version-history":[{"count":0,"href":"https:\/\/pb.edu.pl\/sjo\/wp-json\/wp\/v2\/pages\/27472\/revisions"}],"up":[{"embeddable":true,"href":"https:\/\/pb.edu.pl\/sjo\/wp-json\/wp\/v2\/pages\/8270"}],"wp:attachment":[{"href":"https:\/\/pb.edu.pl\/sjo\/wp-json\/wp\/v2\/media?parent=27472"}],"curies":[{"name":"wp","href":"https:\/\/api.w.org\/{rel}","templated":true}]}}