{"id":27465,"date":"2024-11-13T10:12:51","date_gmt":"2024-11-13T09:12:51","guid":{"rendered":"https:\/\/pb.edu.pl\/sjo\/?page_id=27465"},"modified":"2026-03-30T00:00:36","modified_gmt":"2026-03-29T22:00:36","slug":"telc","status":"publish","type":"page","link":"https:\/\/pb.edu.pl\/sjo\/polish-lab\/egzaminy\/telc\/","title":{"rendered":"TELC z j\u0119zyka polskiego"},"content":{"rendered":"<p><span style=\"font-size: 18pt\">Egzamin telc B1-B2 z j\u0119zyka polskiego jako obcego&nbsp; &nbsp; &nbsp; &nbsp; &nbsp; &nbsp;<img loading=\"lazy\" decoding=\"async\" class=\"wp-image-27882 alignright\" src=\"https:\/\/pb.edu.pl\/sjo\/wp-content\/uploads\/sites\/9\/2025\/02\/logo-csm_header-telc_69061d7e7f-e1739187036514-300x195.jpg\" alt=\"\" width=\"167\" height=\"109\" srcset=\"https:\/\/pb.edu.pl\/sjo\/wp-content\/uploads\/sites\/9\/2025\/02\/logo-csm_header-telc_69061d7e7f-e1739187036514-300x195.jpg 300w, https:\/\/pb.edu.pl\/sjo\/wp-content\/uploads\/sites\/9\/2025\/02\/logo-csm_header-telc_69061d7e7f-e1739187036514.jpg 755w\" sizes=\"auto, (max-width: 167px) 100vw, 167px\" \/><\/span><\/p>\n<p>to doskona\u0142a opcja dla os\u00f3b, kt\u00f3re chc\u0105 szybko uzyska\u0107 oficjalny dokument po\u015bwiadczaj\u0105cy znajomo\u015b\u0107 j\u0119zyka. Wyniki znane s\u0105 ju\u017c po oko\u0142o&nbsp; 5-8 tygodniach od daty egzaminu.<\/p>\n<p>Zgodnie z decyzj\u0105 Ministra Spraw Wewn\u0119trznych i Administracji od 31 maja 2023 <strong>certyfikat telc z j\u0119zyka polskiego na poziomie minimum B1<\/strong> jest jednym z dokument\u00f3w po\u015bwiadczaj\u0105cych znajomo\u015b\u0107 j\u0119zyka polskiego <strong>wymaganych do udzielenia zezwolenia na pobyt rezydenta d\u0142ugoterminowego w Unii Europejskiej<\/strong>.<\/p>\n<p>&nbsp;<\/p>\n<p><strong>The European Language Certificate-telc<\/strong> z j\u0119zyka polskiego przeprowadzany jest w systemie <strong>egzaminu dualnego \u2013 poziom B1-B2<\/strong>, co oznacza, \u017ce w zale\u017cno\u015bci od uzyskanego wyniku zdaj\u0105cy otrzymuje certyfikat telc po\u015bwiadczaj\u0105cy znajomo\u015b\u0107 j\u0119zyka polskiego na poziomie B1 lub B2.<\/p>\n<p>Egzamin sprawdza przede wszystkim praktyczn\u0105 znajomo\u015b\u0107 j\u0119zyka. Skupia si\u0119 na komunikacji w \u017cyciu codziennym, np. podczas rozmowy w sklepie, za\u0142atwiania spraw urz\u0119dowych, reagowania na komunikaty na lotnisku, na dworcu, podczas dokonywania rezerwacji hotelowych, jak r\u00f3wnie\u017c pisania poda\u0144 do instytucji lub e-maila do osoby prywatnej.<\/p>\n<p>Nast\u0119pna sesja egzaminu TELC odb\u0119dzie si\u0119 <strong>30 maja 2026 r<\/strong>. Rejestracja od 04.03 do 06.05.2026 r. Informacje na temat rekrutacji dost\u0119pne w zak\u0142adce: <span style=\"color: #0000ff\">KOLEJNA SESJA.<\/span><\/p>\n<p>Kolejne terminy egzaminu TELC w naszym o\u015brodku: <strong>5 wrze\u015bnia<\/strong> i <strong>7 listopada 2026<\/strong> r. Rozwa\u017camy mo\u017cliwo\u015b\u0107 zorganizowania egzaminu w terminie <strong>4 lipca<\/strong> &#8211; o ile bed\u0105 ch\u0119tni (prosimy o kontakt mailowy w tej sprawie)<\/p>\n<p><span style=\"font-size: 8pt;font-family: tahoma, arial, helvetica, sans-serif\"><em>\/Aktualizacja 28 marca 2026 r.\/<\/em><\/span><\/p>\n<div class=\"col-md-3\">\n\t<div class=\"boxlink animated zoomIn \">\n\t\t<a href=\"https:\/\/pb.edu.pl\/sjo\/polish-lab\/egzaminy\/telc\/obecna-sesja\/\" class=\"no-icon\">\n\t\t\t<div class=\"boxlink-title\"><span>Obecna sesja<\/span><\/div>\n\t\t\t<div class=\"boxlink-content\">\n\t\t\t\t\n<img loading=\"lazy\" decoding=\"async\" width=\"799\" height=\"533\" class=\"aligncenter wp-image-30054 size-medium\" src=\"https:\/\/pb.edu.pl\/sjo\/wp-content\/uploads\/sites\/9\/2026\/03\/kolejna-sesja.png\" alt=\"\">\t\t\t<\/div>\n\t\t<\/a>\n\t<\/div>\n\n<\/div>\n<div class=\"col-md-3\">\n\t<div class=\"boxlink animated zoomIn \">\n\t\t<a href=\"https:\/\/pb.edu.pl\/sjo\/polish-lab\/egzaminy\/telc\/kolejna-sesja\/\" class=\"no-icon\">\n\t\t\t<div class=\"boxlink-title\"><span>Kolejna sesja<\/span><\/div>\n\t\t\t<div class=\"boxlink-content\">\n\t\t\t\t<img loading=\"lazy\" decoding=\"async\" width=\"799\" height=\"533\" class=\"aligncenter wp-image-30593 size-medium\" src=\"https:\/\/pb.edu.pl\/sjo\/wp-content\/uploads\/sites\/9\/2026\/03\/obecna-sesja.png\" alt=\"\">\t\t\t<\/div>\n\t\t<\/a>\n\t<\/div>\n\n<\/div>\n<div class=\"col-md-3\">\n\t<div class=\"boxlink animated zoomIn \">\n\t\t<a href=\"https:\/\/pb.edu.pl\/sjo\/polish-lab\/egzaminy\/telc\/odbior-certyfikatow\/\" class=\"no-icon\">\n\t\t\t<div class=\"boxlink-title\"><span>Odbi\u00f3r certyfikat\u00f3w<\/span><\/div>\n\t\t\t<div class=\"boxlink-content\">\n\t\t\t\t\n<img decoding=\"async\" class=\"aligncenter wp-image-17186 size-medium\" src=\"https:\/\/pb.edu.pl\/sjo\/wp-content\/uploads\/sites\/9\/2025\/06\/certyfikaty.png\" alt=\"\">\t\t\t<\/div>\n\t\t<\/a>\n\t<\/div>\n\n<\/div>\n<div class=\"col-md-3\">\n\t<div class=\"boxlink animated zoomIn \">\n\t\t<a href=\"https:\/\/pb.edu.pl\/sjo\/polish-lab\/egzaminy\/telc\/wazne-informacje\/\" class=\"no-icon\">\n\t\t\t<div class=\"boxlink-title\"><span>Wa\u017cne informacje<\/span><\/div>\n\t\t\t<div class=\"boxlink-content\">\n\t\t\t\t<img decoding=\"async\" class=\"aligncenter wp-image-17186 size-medium\" src=\"https:\/\/pb.edu.pl\/sjo\/wp-content\/uploads\/sites\/9\/2025\/06\/wazne.png\" alt=\"\">\t\t\t<\/div>\n\t\t<\/a>\n\t<\/div>\n\n<\/div>\n<p>Uwaga!<\/p>\n<p>Zarejestrowani <strong>kandydaci maj\u0105 obowi\u0105zek zapozna\u0107 si\u0119 z dokumentami egzaminacyjnymi, kt\u00f3re s\u0105 dost\u0119pne w sekcji WA\u017bNE<\/strong>.<\/p>\n<p>Kandydaci ponosz\u0105 pe\u0142n\u0105 odpowiedzialno\u015b\u0107 za prawdziwo\u015b\u0107 i poprawno\u015b\u0107 danych podanych w formularzu. Dane te s\u0105 podstaw\u0105 do wystawienia certyfikatu telc po zdanym egzaminie.<\/p>\n<p>&nbsp;<\/p>\n","protected":false},"excerpt":{"rendered":"<p>Egzamin telc B1-B2 z j\u0119zyka polskiego jako obcego&nbsp; &nbsp; &nbsp; &nbsp; &nbsp; &nbsp; to doskona\u0142a<\/p>\n","protected":false},"author":38,"featured_media":0,"parent":8270,"menu_order":0,"comment_status":"closed","ping_status":"closed","template":"","meta":{"_acf_changed":false,"ngg_post_thumbnail":0,"footnotes":""},"class_list":["post-27465","page","type-page","status-publish","hentry"],"acf":[],"yoast_head":"<!-- This site is optimized with the Yoast SEO plugin v27.0 - https:\/\/yoast.com\/product\/yoast-seo-wordpress\/ -->\n<title>TELC z j\u0119zyka polskiego - Studium J\u0119zyk\u00f3w Obcych<\/title>\n<meta name=\"description\" content=\"Egzamin telc B1-B2 z j\u0119zyka polskiego jako obcego&nbsp; &nbsp; &nbsp; &nbsp; &nbsp; &nbsp; to doskona\u0142a opcja dla os\u00f3b, kt\u00f3re chc\u0105 szybko uzyska\u0107\" \/>\n<meta name=\"robots\" content=\"index, follow, max-snippet:-1, max-image-preview:large, max-video-preview:-1\" \/>\n<link rel=\"canonical\" href=\"https:\/\/pb.edu.pl\/sjo\/polish-lab\/egzaminy\/telc\/\" \/>\n<meta property=\"og:locale\" content=\"pl_PL\" \/>\n<meta property=\"og:type\" content=\"article\" \/>\n<meta property=\"og:title\" content=\"TELC z j\u0119zyka polskiego - Studium J\u0119zyk\u00f3w Obcych\" \/>\n<meta property=\"og:description\" content=\"Egzamin telc B1-B2 z j\u0119zyka polskiego jako obcego&nbsp; &nbsp; &nbsp; &nbsp; &nbsp; &nbsp; to doskona\u0142a opcja dla os\u00f3b, kt\u00f3re chc\u0105 szybko uzyska\u0107\" \/>\n<meta property=\"og:url\" content=\"https:\/\/pb.edu.pl\/sjo\/polish-lab\/egzaminy\/telc\/\" \/>\n<meta property=\"og:site_name\" content=\"Studium J\u0119zyk\u00f3w Obcych\" \/>\n<meta property=\"article:modified_time\" content=\"2026-03-29T22:00:36+00:00\" \/>\n<meta property=\"og:image\" content=\"https:\/\/pb.edu.pl\/sjo\/wp-content\/uploads\/sites\/9\/2025\/02\/logo-csm_header-telc_69061d7e7f-e1739187036514.jpg\" \/>\n\t<meta property=\"og:image:width\" content=\"755\" \/>\n\t<meta property=\"og:image:height\" content=\"490\" \/>\n\t<meta property=\"og:image:type\" content=\"image\/jpeg\" \/>\n<meta name=\"twitter:label1\" content=\"Szacowany czas czytania\" \/>\n\t<meta name=\"twitter:data1\" content=\"3 minuty\" \/>\n<script type=\"application\/ld+json\" class=\"yoast-schema-graph\">{\"@context\":\"https:\/\/schema.org\",\"@graph\":[{\"@type\":\"WebPage\",\"@id\":\"https:\/\/pb.edu.pl\/sjo\/polish-lab\/egzaminy\/telc\/\",\"url\":\"https:\/\/pb.edu.pl\/sjo\/polish-lab\/egzaminy\/telc\/\",\"name\":\"TELC z j\u0119zyka polskiego - Studium J\u0119zyk\u00f3w Obcych\",\"isPartOf\":{\"@id\":\"https:\/\/pb.edu.pl\/sjo\/#website\"},\"primaryImageOfPage\":{\"@id\":\"https:\/\/pb.edu.pl\/sjo\/polish-lab\/egzaminy\/telc\/#primaryimage\"},\"image\":{\"@id\":\"https:\/\/pb.edu.pl\/sjo\/polish-lab\/egzaminy\/telc\/#primaryimage\"},\"thumbnailUrl\":\"https:\/\/pb.edu.pl\/sjo\/wp-content\/uploads\/sites\/9\/2025\/02\/logo-csm_header-telc_69061d7e7f-e1739187036514-300x195.jpg\",\"datePublished\":\"2024-11-13T09:12:51+00:00\",\"dateModified\":\"2026-03-29T22:00:36+00:00\",\"description\":\"Egzamin telc B1-B2 z j\u0119zyka polskiego jako obcego&nbsp; &nbsp; &nbsp; &nbsp; &nbsp; &nbsp; to doskona\u0142a opcja dla os\u00f3b, kt\u00f3re chc\u0105 szybko uzyska\u0107\",\"breadcrumb\":{\"@id\":\"https:\/\/pb.edu.pl\/sjo\/polish-lab\/egzaminy\/telc\/#breadcrumb\"},\"inLanguage\":\"pl-PL\",\"potentialAction\":[{\"@type\":\"ReadAction\",\"target\":[\"https:\/\/pb.edu.pl\/sjo\/polish-lab\/egzaminy\/telc\/\"]}]},{\"@type\":\"ImageObject\",\"inLanguage\":\"pl-PL\",\"@id\":\"https:\/\/pb.edu.pl\/sjo\/polish-lab\/egzaminy\/telc\/#primaryimage\",\"url\":\"https:\/\/pb.edu.pl\/sjo\/wp-content\/uploads\/sites\/9\/2025\/02\/logo-csm_header-telc_69061d7e7f-e1739187036514.jpg\",\"contentUrl\":\"https:\/\/pb.edu.pl\/sjo\/wp-content\/uploads\/sites\/9\/2025\/02\/logo-csm_header-telc_69061d7e7f-e1739187036514.jpg\",\"width\":755,\"height\":490},{\"@type\":\"BreadcrumbList\",\"@id\":\"https:\/\/pb.edu.pl\/sjo\/polish-lab\/egzaminy\/telc\/#breadcrumb\",\"itemListElement\":[{\"@type\":\"ListItem\",\"position\":1,\"name\":\"Home\",\"item\":\"https:\/\/pb.edu.pl\/sjo\/\"},{\"@type\":\"ListItem\",\"position\":2,\"name\":\"Centrum J\u0119zyka i Kultury Polskiej POLISH LAB\",\"item\":\"https:\/\/pb.edu.pl\/sjo\/polish-lab\/\"},{\"@type\":\"ListItem\",\"position\":3,\"name\":\"Egzaminy\",\"item\":\"https:\/\/pb.edu.pl\/sjo\/polish-lab\/egzaminy\/\"},{\"@type\":\"ListItem\",\"position\":4,\"name\":\"TELC z j\u0119zyka polskiego\"}]},{\"@type\":\"WebSite\",\"@id\":\"https:\/\/pb.edu.pl\/sjo\/#website\",\"url\":\"https:\/\/pb.edu.pl\/sjo\/\",\"name\":\"Studium J\u0119zyk\u00f3w Obcych\",\"description\":\"\",\"potentialAction\":[{\"@type\":\"SearchAction\",\"target\":{\"@type\":\"EntryPoint\",\"urlTemplate\":\"https:\/\/pb.edu.pl\/sjo\/?s={search_term_string}\"},\"query-input\":{\"@type\":\"PropertyValueSpecification\",\"valueRequired\":true,\"valueName\":\"search_term_string\"}}],\"inLanguage\":\"pl-PL\"}]}<\/script>\n<!-- \/ Yoast SEO plugin. -->","yoast_head_json":{"title":"TELC z j\u0119zyka polskiego - Studium J\u0119zyk\u00f3w Obcych","description":"Egzamin telc B1-B2 z j\u0119zyka polskiego jako obcego&nbsp; &nbsp; &nbsp; &nbsp; &nbsp; &nbsp; to doskona\u0142a opcja dla os\u00f3b, kt\u00f3re chc\u0105 szybko uzyska\u0107","robots":{"index":"index","follow":"follow","max-snippet":"max-snippet:-1","max-image-preview":"max-image-preview:large","max-video-preview":"max-video-preview:-1"},"canonical":"https:\/\/pb.edu.pl\/sjo\/polish-lab\/egzaminy\/telc\/","og_locale":"pl_PL","og_type":"article","og_title":"TELC z j\u0119zyka polskiego - Studium J\u0119zyk\u00f3w Obcych","og_description":"Egzamin telc B1-B2 z j\u0119zyka polskiego jako obcego&nbsp; &nbsp; &nbsp; &nbsp; &nbsp; &nbsp; to doskona\u0142a opcja dla os\u00f3b, kt\u00f3re chc\u0105 szybko uzyska\u0107","og_url":"https:\/\/pb.edu.pl\/sjo\/polish-lab\/egzaminy\/telc\/","og_site_name":"Studium J\u0119zyk\u00f3w Obcych","article_modified_time":"2026-03-29T22:00:36+00:00","og_image":[{"width":755,"height":490,"url":"https:\/\/pb.edu.pl\/sjo\/wp-content\/uploads\/sites\/9\/2025\/02\/logo-csm_header-telc_69061d7e7f-e1739187036514.jpg","type":"image\/jpeg"}],"twitter_misc":{"Szacowany czas czytania":"3 minuty"},"schema":{"@context":"https:\/\/schema.org","@graph":[{"@type":"WebPage","@id":"https:\/\/pb.edu.pl\/sjo\/polish-lab\/egzaminy\/telc\/","url":"https:\/\/pb.edu.pl\/sjo\/polish-lab\/egzaminy\/telc\/","name":"TELC z j\u0119zyka polskiego - Studium J\u0119zyk\u00f3w Obcych","isPartOf":{"@id":"https:\/\/pb.edu.pl\/sjo\/#website"},"primaryImageOfPage":{"@id":"https:\/\/pb.edu.pl\/sjo\/polish-lab\/egzaminy\/telc\/#primaryimage"},"image":{"@id":"https:\/\/pb.edu.pl\/sjo\/polish-lab\/egzaminy\/telc\/#primaryimage"},"thumbnailUrl":"https:\/\/pb.edu.pl\/sjo\/wp-content\/uploads\/sites\/9\/2025\/02\/logo-csm_header-telc_69061d7e7f-e1739187036514-300x195.jpg","datePublished":"2024-11-13T09:12:51+00:00","dateModified":"2026-03-29T22:00:36+00:00","description":"Egzamin telc B1-B2 z j\u0119zyka polskiego jako obcego&nbsp; &nbsp; &nbsp; &nbsp; &nbsp; &nbsp; to doskona\u0142a opcja dla os\u00f3b, kt\u00f3re chc\u0105 szybko uzyska\u0107","breadcrumb":{"@id":"https:\/\/pb.edu.pl\/sjo\/polish-lab\/egzaminy\/telc\/#breadcrumb"},"inLanguage":"pl-PL","potentialAction":[{"@type":"ReadAction","target":["https:\/\/pb.edu.pl\/sjo\/polish-lab\/egzaminy\/telc\/"]}]},{"@type":"ImageObject","inLanguage":"pl-PL","@id":"https:\/\/pb.edu.pl\/sjo\/polish-lab\/egzaminy\/telc\/#primaryimage","url":"https:\/\/pb.edu.pl\/sjo\/wp-content\/uploads\/sites\/9\/2025\/02\/logo-csm_header-telc_69061d7e7f-e1739187036514.jpg","contentUrl":"https:\/\/pb.edu.pl\/sjo\/wp-content\/uploads\/sites\/9\/2025\/02\/logo-csm_header-telc_69061d7e7f-e1739187036514.jpg","width":755,"height":490},{"@type":"BreadcrumbList","@id":"https:\/\/pb.edu.pl\/sjo\/polish-lab\/egzaminy\/telc\/#breadcrumb","itemListElement":[{"@type":"ListItem","position":1,"name":"Home","item":"https:\/\/pb.edu.pl\/sjo\/"},{"@type":"ListItem","position":2,"name":"Centrum J\u0119zyka i Kultury Polskiej POLISH LAB","item":"https:\/\/pb.edu.pl\/sjo\/polish-lab\/"},{"@type":"ListItem","position":3,"name":"Egzaminy","item":"https:\/\/pb.edu.pl\/sjo\/polish-lab\/egzaminy\/"},{"@type":"ListItem","position":4,"name":"TELC z j\u0119zyka polskiego"}]},{"@type":"WebSite","@id":"https:\/\/pb.edu.pl\/sjo\/#website","url":"https:\/\/pb.edu.pl\/sjo\/","name":"Studium J\u0119zyk\u00f3w Obcych","description":"","potentialAction":[{"@type":"SearchAction","target":{"@type":"EntryPoint","urlTemplate":"https:\/\/pb.edu.pl\/sjo\/?s={search_term_string}"},"query-input":{"@type":"PropertyValueSpecification","valueRequired":true,"valueName":"search_term_string"}}],"inLanguage":"pl-PL"}]}},"_links":{"self":[{"href":"https:\/\/pb.edu.pl\/sjo\/wp-json\/wp\/v2\/pages\/27465","targetHints":{"allow":["GET"]}}],"collection":[{"href":"https:\/\/pb.edu.pl\/sjo\/wp-json\/wp\/v2\/pages"}],"about":[{"href":"https:\/\/pb.edu.pl\/sjo\/wp-json\/wp\/v2\/types\/page"}],"author":[{"embeddable":true,"href":"https:\/\/pb.edu.pl\/sjo\/wp-json\/wp\/v2\/users\/38"}],"replies":[{"embeddable":true,"href":"https:\/\/pb.edu.pl\/sjo\/wp-json\/wp\/v2\/comments?post=27465"}],"version-history":[{"count":22,"href":"https:\/\/pb.edu.pl\/sjo\/wp-json\/wp\/v2\/pages\/27465\/revisions"}],"predecessor-version":[{"id":31202,"href":"https:\/\/pb.edu.pl\/sjo\/wp-json\/wp\/v2\/pages\/27465\/revisions\/31202"}],"up":[{"embeddable":true,"href":"https:\/\/pb.edu.pl\/sjo\/wp-json\/wp\/v2\/pages\/8270"}],"wp:attachment":[{"href":"https:\/\/pb.edu.pl\/sjo\/wp-json\/wp\/v2\/media?parent=27465"}],"curies":[{"name":"wp","href":"https:\/\/api.w.org\/{rel}","templated":true}]}}