{"id":27431,"date":"2024-11-12T15:58:23","date_gmt":"2024-11-12T14:58:23","guid":{"rendered":"https:\/\/pb.edu.pl\/sjo\/?page_id=27431"},"modified":"2026-02-26T14:31:25","modified_gmt":"2026-02-26T13:31:25","slug":"certyfikat-polski","status":"publish","type":"page","link":"https:\/\/pb.edu.pl\/sjo\/polish-lab\/egzaminy\/certyfikat-polski\/","title":{"rendered":"Certyfikat Polski"},"content":{"rendered":"<p><span style=\"color: #000000;font-family: verdana, geneva, sans-serif;font-size: 12pt\">Centrum J\u0119zyka i Kultury Polskiej POLISH LAB <\/span><span style=\"font-family: verdana, geneva, sans-serif;font-size: 12pt;color: #808080\"><span style=\"color: #000000\">posiada uprawnienia do przeprowadzania pa\u0144stwowych certyfikatowych egzamin\u00f3w z j\u0119zyka polskiego jako obcego na poziomach B1, B2 i C1, nadane decyzj\u0105 Ministra Edukacji i Nauki. Po zdaniu egzaminu kandydaci otrzymuj\u0105 Certyfikat Polski.<\/span><br \/>\n<\/span><\/p>\n<p><span style=\"font-family: verdana, geneva, sans-serif;font-size: 12pt;color: #000000\">Certyfikat z j\u0119zyka polskiego jako obcego jest jedynym pa\u0144stwowym dokumentem po\u015bwiadczaj\u0105cym znajomo\u015b\u0107 j\u0119zyka polskiego. <\/span><\/p>\n<p><strong><span style=\"font-family: verdana, geneva, sans-serif;font-size: 12pt;color: #000000\">Certyfikat na poziomie B1 uprawnia do ubiegania si\u0119 m.in. o obywatelstwo polskie.<\/span><\/strong><\/p>\n<p>&nbsp;<\/p>\n<p><span style=\"font-family: verdana, geneva, sans-serif;font-size: 12pt\"><strong>Informujemy, \u017ce nasz o\u015brodek nie przeprowadzi egzaminu w kwietniu 2026 r.<\/strong>&nbsp;Wszystkie informacje na temat kolejnej sesji egzaminacyjnej znajduj\u0105 si\u0119 w <span style=\"color: #0000ff\"><a style=\"color: #0000ff\" href=\"https:\/\/pb.edu.pl\/sjo\/polish-lab\/egzaminy\/certyfikat-polski\/kolejna-sesja\/\">Kolejna sesja<\/a><\/span> &#8211; poni\u017cej.<\/span><\/p>\n<p>&nbsp;<\/p>\n<p>&nbsp;<br \/>\n<div class=\"col-md-3\">\n\t<div class=\"boxlink animated zoomIn \">\n\t\t<a href=\"https:\/\/pb.edu.pl\/sjo\/polish-lab\/egzaminy\/certyfikat-polski\/obecna-sesja\/\" class=\"no-icon\">\n\t\t\t<div class=\"boxlink-title\"><span>Obecna sesja<\/span><\/div>\n\t\t\t<div class=\"boxlink-content\">\n\t\t\t\t<img decoding=\"async\" class=\"aligncenter wp-image-17186 size-medium\" src=\"https:\/\/pb.edu.pl\/sjo\/wp-content\/uploads\/sites\/9\/2025\/11\/7.png\" alt=\"\">\t\t\t<\/div>\n\t\t<\/a>\n\t<\/div>\n\n<\/div>\n<div class=\"col-md-3\">\n\t<div class=\"boxlink animated zoomIn \">\n\t\t<a href=\"https:\/\/pb.edu.pl\/sjo\/polish-lab\/egzaminy\/certyfikat-polski\/kolejna-sesja\/\" class=\"no-icon\">\n\t\t\t<div class=\"boxlink-title\"><span>Kolejna sesja<\/span><\/div>\n\t\t\t<div class=\"boxlink-content\">\n\t\t\t\t<img decoding=\"async\" class=\"aligncenter wp-image-17186 size-medium\" src=\"https:\/\/pb.edu.pl\/sjo\/wp-content\/uploads\/sites\/9\/2026\/02\/Tekst-akapitu.png\" alt=\"\">\t\t\t<\/div>\n\t\t<\/a>\n\t<\/div>\n\n<\/div>\n<div class=\"col-md-3\">\n\t<div class=\"boxlink animated zoomIn \">\n\t\t<a href=\"https:\/\/pb.edu.pl\/sjo\/polish-lab\/egzaminy\/certyfikat-polski\/odbior-certyfikatow\/\" class=\"no-icon\">\n\t\t\t<div class=\"boxlink-title\"><span>Odbi\u00f3r certyfikat\u00f3w<\/span><\/div>\n\t\t\t<div class=\"boxlink-content\">\n\t\t\t\t<img decoding=\"async\" class=\"aligncenter wp-image-17186 size-medium\" src=\"https:\/\/pb.edu.pl\/sjo\/wp-content\/uploads\/sites\/9\/2025\/05\/11.png\" alt=\"\">\t\t\t<\/div>\n\t\t<\/a>\n\t<\/div>\n\n<\/div>\n<div class=\"col-md-3\">\n\t<div class=\"boxlink animated zoomIn \">\n\t\t<a href=\"https:\/\/pb.edu.pl\/sjo\/polish-lab\/egzaminy\/certyfikat-polski\/wazne-informacje\/\" class=\"no-icon\">\n\t\t\t<div class=\"boxlink-title\"><span>Wa\u017cne informacje<\/span><\/div>\n\t\t\t<div class=\"boxlink-content\">\n\t\t\t\t<img decoding=\"async\" class=\"aligncenter wp-image-17186 size-medium\" src=\"https:\/\/pb.edu.pl\/sjo\/wp-content\/uploads\/sites\/9\/2025\/05\/8.png\" alt=\"\">\t\t\t<\/div>\n\t\t<\/a>\n\t<\/div>\n\n<\/div>\n<p>&nbsp;<\/p>\n<p><strong>Egzaminy przeprowadzane s\u0105 na terenie Politechniki Bia\u0142ostockiej<\/strong>, w nowoczesnych, przestronnych salach zapewniaj\u0105cych komfortowe warunki zdawania. Ka\u017cda sala spe\u0142nia najwy\u017csze standardy w zakresie bezpiecze\u0144stwa, wygody oraz ergonomii, gwarantuj\u0105c uczestnikom pe\u0142ne skupienie i spok\u00f3j.<\/p>\n<p>&nbsp;<\/p>\n<div>\n<div id='gallery-1' class='gallery galleryid-27431 gallery-columns-4 gallery-size-medium'><figure class='gallery-item'>\n\t\t\t<div class='gallery-icon landscape'>\n\t\t\t\t<a href='https:\/\/pb.edu.pl\/sjo\/polish-lab\/egzaminy\/img_20230205_104656\/'><img loading=\"lazy\" decoding=\"async\" width=\"300\" height=\"169\" src=\"https:\/\/pb.edu.pl\/sjo\/wp-content\/uploads\/sites\/9\/2023\/02\/IMG_20230205_104656-300x169.jpg\" class=\"attachment-medium size-medium\" alt=\"\" srcset=\"https:\/\/pb.edu.pl\/sjo\/wp-content\/uploads\/sites\/9\/2023\/02\/IMG_20230205_104656-300x169.jpg 300w, https:\/\/pb.edu.pl\/sjo\/wp-content\/uploads\/sites\/9\/2023\/02\/IMG_20230205_104656-1024x576.jpg 1024w, https:\/\/pb.edu.pl\/sjo\/wp-content\/uploads\/sites\/9\/2023\/02\/IMG_20230205_104656-768x432.jpg 768w, https:\/\/pb.edu.pl\/sjo\/wp-content\/uploads\/sites\/9\/2023\/02\/IMG_20230205_104656-1536x864.jpg 1536w, https:\/\/pb.edu.pl\/sjo\/wp-content\/uploads\/sites\/9\/2023\/02\/IMG_20230205_104656-2048x1152.jpg 2048w\" sizes=\"auto, (max-width: 300px) 100vw, 300px\" \/><\/a>\n\t\t\t<\/div><\/figure><figure class='gallery-item'>\n\t\t\t<div class='gallery-icon landscape'>\n\t\t\t\t<a href='https:\/\/pb.edu.pl\/sjo\/polish-lab\/egzaminy\/img_20220625_115811-2\/'><img loading=\"lazy\" decoding=\"async\" width=\"300\" height=\"169\" src=\"https:\/\/pb.edu.pl\/sjo\/wp-content\/uploads\/sites\/9\/2023\/02\/IMG_20220625_115811-300x169.jpg\" class=\"attachment-medium size-medium\" alt=\"\" srcset=\"https:\/\/pb.edu.pl\/sjo\/wp-content\/uploads\/sites\/9\/2023\/02\/IMG_20220625_115811-300x169.jpg 300w, https:\/\/pb.edu.pl\/sjo\/wp-content\/uploads\/sites\/9\/2023\/02\/IMG_20220625_115811-1024x576.jpg 1024w, https:\/\/pb.edu.pl\/sjo\/wp-content\/uploads\/sites\/9\/2023\/02\/IMG_20220625_115811-768x432.jpg 768w, https:\/\/pb.edu.pl\/sjo\/wp-content\/uploads\/sites\/9\/2023\/02\/IMG_20220625_115811-1536x864.jpg 1536w, https:\/\/pb.edu.pl\/sjo\/wp-content\/uploads\/sites\/9\/2023\/02\/IMG_20220625_115811-2048x1152.jpg 2048w\" sizes=\"auto, (max-width: 300px) 100vw, 300px\" \/><\/a>\n\t\t\t<\/div><\/figure><figure class='gallery-item'>\n\t\t\t<div class='gallery-icon landscape'>\n\t\t\t\t<a href='https:\/\/pb.edu.pl\/sjo\/polish-lab\/egzaminy\/img_20220625_120403-4\/'><img loading=\"lazy\" decoding=\"async\" width=\"300\" height=\"169\" src=\"https:\/\/pb.edu.pl\/sjo\/wp-content\/uploads\/sites\/9\/2023\/02\/IMG_20220625_120403-300x169.jpg\" class=\"attachment-medium size-medium\" alt=\"\" srcset=\"https:\/\/pb.edu.pl\/sjo\/wp-content\/uploads\/sites\/9\/2023\/02\/IMG_20220625_120403-300x169.jpg 300w, https:\/\/pb.edu.pl\/sjo\/wp-content\/uploads\/sites\/9\/2023\/02\/IMG_20220625_120403-1024x576.jpg 1024w, https:\/\/pb.edu.pl\/sjo\/wp-content\/uploads\/sites\/9\/2023\/02\/IMG_20220625_120403-768x432.jpg 768w, https:\/\/pb.edu.pl\/sjo\/wp-content\/uploads\/sites\/9\/2023\/02\/IMG_20220625_120403-1536x864.jpg 1536w, https:\/\/pb.edu.pl\/sjo\/wp-content\/uploads\/sites\/9\/2023\/02\/IMG_20220625_120403-2048x1152.jpg 2048w\" sizes=\"auto, (max-width: 300px) 100vw, 300px\" \/><\/a>\n\t\t\t<\/div><\/figure><figure class='gallery-item'>\n\t\t\t<div class='gallery-icon landscape'>\n\t\t\t\t<a href='https:\/\/pb.edu.pl\/sjo\/2025\/08\/04\/czerwcowa-sesja-egzaminacyjna\/rozne-instagram-polishlab-1080-x-675-px-2\/'><img loading=\"lazy\" decoding=\"async\" width=\"300\" height=\"171\" src=\"https:\/\/pb.edu.pl\/sjo\/wp-content\/uploads\/sites\/9\/2025\/08\/rozne-instagram-PolishLab-1080-x-675-px-e1759667379588-300x171.png\" class=\"attachment-medium size-medium\" alt=\"\" srcset=\"https:\/\/pb.edu.pl\/sjo\/wp-content\/uploads\/sites\/9\/2025\/08\/rozne-instagram-PolishLab-1080-x-675-px-e1759667379588-300x171.png 300w, https:\/\/pb.edu.pl\/sjo\/wp-content\/uploads\/sites\/9\/2025\/08\/rozne-instagram-PolishLab-1080-x-675-px-e1759667379588-1024x583.png 1024w, https:\/\/pb.edu.pl\/sjo\/wp-content\/uploads\/sites\/9\/2025\/08\/rozne-instagram-PolishLab-1080-x-675-px-e1759667379588-768x438.png 768w, https:\/\/pb.edu.pl\/sjo\/wp-content\/uploads\/sites\/9\/2025\/08\/rozne-instagram-PolishLab-1080-x-675-px-e1759667379588.png 1053w\" sizes=\"auto, (max-width: 300px) 100vw, 300px\" \/><\/a>\n\t\t\t<\/div><\/figure>\n\t\t<\/div>\n\n<p>&nbsp;<\/p>\n<\/div>\n<p>&nbsp;<\/p>\n<p>Centrum J\u0119zyka i Kultury Polskiej POLISH LAB<br \/>\nStudium J\u0119zyk\u00f3w Obcych Politechniki Bia\u0142ostockiej<br \/>\nul. Zwierzyniecka 16, P2\/06<br \/>\n15-333 Bia\u0142ystok, Polska<br \/>\n<i class=\"fa fa-envelope-o\" aria-hidden=\"true\"><\/i> <a href=\"mailto:iplc@pb.edu.pl\">iplc@pb.edu.pl<\/a><\/p>\n<div>\n<p>&nbsp;<\/p>\n<\/div>\n","protected":false},"excerpt":{"rendered":"<p>Centrum J\u0119zyka i Kultury Polskiej POLISH LAB posiada uprawnienia do przeprowadzania pa\u0144stwowych certyfikatowych egzamin\u00f3w z<\/p>\n","protected":false},"author":38,"featured_media":0,"parent":8270,"menu_order":0,"comment_status":"closed","ping_status":"closed","template":"","meta":{"_acf_changed":false,"ngg_post_thumbnail":0,"footnotes":""},"class_list":["post-27431","page","type-page","status-publish","hentry"],"acf":[],"yoast_head":"<!-- This site is optimized with the Yoast SEO plugin v27.0 - https:\/\/yoast.com\/product\/yoast-seo-wordpress\/ -->\n<title>Certyfikat Polski - Studium J\u0119zyk\u00f3w Obcych<\/title>\n<meta name=\"description\" content=\"Centrum J\u0119zyka i Kultury Polskiej POLISH LAB posiada uprawnienia do przeprowadzania pa\u0144stwowych certyfikatowych egzamin\u00f3w z j\u0119zyka polskiego jako obcego\" \/>\n<meta name=\"robots\" content=\"index, follow, max-snippet:-1, max-image-preview:large, max-video-preview:-1\" \/>\n<link rel=\"canonical\" href=\"https:\/\/pb.edu.pl\/sjo\/polish-lab\/egzaminy\/certyfikat-polski\/\" \/>\n<meta property=\"og:locale\" content=\"pl_PL\" \/>\n<meta property=\"og:type\" content=\"article\" \/>\n<meta property=\"og:title\" content=\"Certyfikat Polski - Studium J\u0119zyk\u00f3w Obcych\" \/>\n<meta property=\"og:description\" content=\"Centrum J\u0119zyka i Kultury Polskiej POLISH LAB posiada uprawnienia do przeprowadzania pa\u0144stwowych certyfikatowych egzamin\u00f3w z j\u0119zyka polskiego jako obcego\" \/>\n<meta property=\"og:url\" content=\"https:\/\/pb.edu.pl\/sjo\/polish-lab\/egzaminy\/certyfikat-polski\/\" \/>\n<meta property=\"og:site_name\" content=\"Studium J\u0119zyk\u00f3w Obcych\" \/>\n<meta property=\"article:modified_time\" content=\"2026-02-26T13:31:25+00:00\" \/>\n<meta property=\"og:image\" content=\"https:\/\/pb.edu.pl\/sjo\/wp-content\/uploads\/sites\/9\/2023\/02\/IMG_20230205_104656-300x169.jpg\" \/>\n<meta name=\"twitter:label1\" content=\"Szacowany czas czytania\" \/>\n\t<meta name=\"twitter:data1\" content=\"2 minuty\" \/>\n<script type=\"application\/ld+json\" class=\"yoast-schema-graph\">{\"@context\":\"https:\/\/schema.org\",\"@graph\":[{\"@type\":\"WebPage\",\"@id\":\"https:\/\/pb.edu.pl\/sjo\/polish-lab\/egzaminy\/certyfikat-polski\/\",\"url\":\"https:\/\/pb.edu.pl\/sjo\/polish-lab\/egzaminy\/certyfikat-polski\/\",\"name\":\"Certyfikat Polski - Studium J\u0119zyk\u00f3w Obcych\",\"isPartOf\":{\"@id\":\"https:\/\/pb.edu.pl\/sjo\/#website\"},\"primaryImageOfPage\":{\"@id\":\"https:\/\/pb.edu.pl\/sjo\/polish-lab\/egzaminy\/certyfikat-polski\/#primaryimage\"},\"image\":{\"@id\":\"https:\/\/pb.edu.pl\/sjo\/polish-lab\/egzaminy\/certyfikat-polski\/#primaryimage\"},\"thumbnailUrl\":\"https:\/\/pb.edu.pl\/sjo\/wp-content\/uploads\/sites\/9\/2025\/11\/7.png\",\"datePublished\":\"2024-11-12T14:58:23+00:00\",\"dateModified\":\"2026-02-26T13:31:25+00:00\",\"description\":\"Centrum J\u0119zyka i Kultury Polskiej POLISH LAB posiada uprawnienia do przeprowadzania pa\u0144stwowych certyfikatowych egzamin\u00f3w z j\u0119zyka polskiego jako obcego\",\"breadcrumb\":{\"@id\":\"https:\/\/pb.edu.pl\/sjo\/polish-lab\/egzaminy\/certyfikat-polski\/#breadcrumb\"},\"inLanguage\":\"pl-PL\",\"potentialAction\":[{\"@type\":\"ReadAction\",\"target\":[\"https:\/\/pb.edu.pl\/sjo\/polish-lab\/egzaminy\/certyfikat-polski\/\"]}]},{\"@type\":\"ImageObject\",\"inLanguage\":\"pl-PL\",\"@id\":\"https:\/\/pb.edu.pl\/sjo\/polish-lab\/egzaminy\/certyfikat-polski\/#primaryimage\",\"url\":\"https:\/\/pb.edu.pl\/sjo\/wp-content\/uploads\/sites\/9\/2022\/10\/aaa4-1.png\",\"contentUrl\":\"https:\/\/pb.edu.pl\/sjo\/wp-content\/uploads\/sites\/9\/2022\/10\/aaa4-1.png\",\"width\":1233,\"height\":865},{\"@type\":\"BreadcrumbList\",\"@id\":\"https:\/\/pb.edu.pl\/sjo\/polish-lab\/egzaminy\/certyfikat-polski\/#breadcrumb\",\"itemListElement\":[{\"@type\":\"ListItem\",\"position\":1,\"name\":\"Home\",\"item\":\"https:\/\/pb.edu.pl\/sjo\/\"},{\"@type\":\"ListItem\",\"position\":2,\"name\":\"Centrum J\u0119zyka i Kultury Polskiej POLISH LAB\",\"item\":\"https:\/\/pb.edu.pl\/sjo\/polish-lab\/\"},{\"@type\":\"ListItem\",\"position\":3,\"name\":\"Egzaminy\",\"item\":\"https:\/\/pb.edu.pl\/sjo\/polish-lab\/egzaminy\/\"},{\"@type\":\"ListItem\",\"position\":4,\"name\":\"Certyfikat Polski\"}]},{\"@type\":\"WebSite\",\"@id\":\"https:\/\/pb.edu.pl\/sjo\/#website\",\"url\":\"https:\/\/pb.edu.pl\/sjo\/\",\"name\":\"Studium J\u0119zyk\u00f3w Obcych\",\"description\":\"\",\"potentialAction\":[{\"@type\":\"SearchAction\",\"target\":{\"@type\":\"EntryPoint\",\"urlTemplate\":\"https:\/\/pb.edu.pl\/sjo\/?s={search_term_string}\"},\"query-input\":{\"@type\":\"PropertyValueSpecification\",\"valueRequired\":true,\"valueName\":\"search_term_string\"}}],\"inLanguage\":\"pl-PL\"}]}<\/script>\n<!-- \/ Yoast SEO plugin. -->","yoast_head_json":{"title":"Certyfikat Polski - Studium J\u0119zyk\u00f3w Obcych","description":"Centrum J\u0119zyka i Kultury Polskiej POLISH LAB posiada uprawnienia do przeprowadzania pa\u0144stwowych certyfikatowych egzamin\u00f3w z j\u0119zyka polskiego jako obcego","robots":{"index":"index","follow":"follow","max-snippet":"max-snippet:-1","max-image-preview":"max-image-preview:large","max-video-preview":"max-video-preview:-1"},"canonical":"https:\/\/pb.edu.pl\/sjo\/polish-lab\/egzaminy\/certyfikat-polski\/","og_locale":"pl_PL","og_type":"article","og_title":"Certyfikat Polski - Studium J\u0119zyk\u00f3w Obcych","og_description":"Centrum J\u0119zyka i Kultury Polskiej POLISH LAB posiada uprawnienia do przeprowadzania pa\u0144stwowych certyfikatowych egzamin\u00f3w z j\u0119zyka polskiego jako obcego","og_url":"https:\/\/pb.edu.pl\/sjo\/polish-lab\/egzaminy\/certyfikat-polski\/","og_site_name":"Studium J\u0119zyk\u00f3w Obcych","article_modified_time":"2026-02-26T13:31:25+00:00","og_image":[{"url":"https:\/\/pb.edu.pl\/sjo\/wp-content\/uploads\/sites\/9\/2023\/02\/IMG_20230205_104656-300x169.jpg","type":"","width":"","height":""}],"twitter_misc":{"Szacowany czas czytania":"2 minuty"},"schema":{"@context":"https:\/\/schema.org","@graph":[{"@type":"WebPage","@id":"https:\/\/pb.edu.pl\/sjo\/polish-lab\/egzaminy\/certyfikat-polski\/","url":"https:\/\/pb.edu.pl\/sjo\/polish-lab\/egzaminy\/certyfikat-polski\/","name":"Certyfikat Polski - Studium J\u0119zyk\u00f3w Obcych","isPartOf":{"@id":"https:\/\/pb.edu.pl\/sjo\/#website"},"primaryImageOfPage":{"@id":"https:\/\/pb.edu.pl\/sjo\/polish-lab\/egzaminy\/certyfikat-polski\/#primaryimage"},"image":{"@id":"https:\/\/pb.edu.pl\/sjo\/polish-lab\/egzaminy\/certyfikat-polski\/#primaryimage"},"thumbnailUrl":"https:\/\/pb.edu.pl\/sjo\/wp-content\/uploads\/sites\/9\/2025\/11\/7.png","datePublished":"2024-11-12T14:58:23+00:00","dateModified":"2026-02-26T13:31:25+00:00","description":"Centrum J\u0119zyka i Kultury Polskiej POLISH LAB posiada uprawnienia do przeprowadzania pa\u0144stwowych certyfikatowych egzamin\u00f3w z j\u0119zyka polskiego jako obcego","breadcrumb":{"@id":"https:\/\/pb.edu.pl\/sjo\/polish-lab\/egzaminy\/certyfikat-polski\/#breadcrumb"},"inLanguage":"pl-PL","potentialAction":[{"@type":"ReadAction","target":["https:\/\/pb.edu.pl\/sjo\/polish-lab\/egzaminy\/certyfikat-polski\/"]}]},{"@type":"ImageObject","inLanguage":"pl-PL","@id":"https:\/\/pb.edu.pl\/sjo\/polish-lab\/egzaminy\/certyfikat-polski\/#primaryimage","url":"https:\/\/pb.edu.pl\/sjo\/wp-content\/uploads\/sites\/9\/2022\/10\/aaa4-1.png","contentUrl":"https:\/\/pb.edu.pl\/sjo\/wp-content\/uploads\/sites\/9\/2022\/10\/aaa4-1.png","width":1233,"height":865},{"@type":"BreadcrumbList","@id":"https:\/\/pb.edu.pl\/sjo\/polish-lab\/egzaminy\/certyfikat-polski\/#breadcrumb","itemListElement":[{"@type":"ListItem","position":1,"name":"Home","item":"https:\/\/pb.edu.pl\/sjo\/"},{"@type":"ListItem","position":2,"name":"Centrum J\u0119zyka i Kultury Polskiej POLISH LAB","item":"https:\/\/pb.edu.pl\/sjo\/polish-lab\/"},{"@type":"ListItem","position":3,"name":"Egzaminy","item":"https:\/\/pb.edu.pl\/sjo\/polish-lab\/egzaminy\/"},{"@type":"ListItem","position":4,"name":"Certyfikat Polski"}]},{"@type":"WebSite","@id":"https:\/\/pb.edu.pl\/sjo\/#website","url":"https:\/\/pb.edu.pl\/sjo\/","name":"Studium J\u0119zyk\u00f3w Obcych","description":"","potentialAction":[{"@type":"SearchAction","target":{"@type":"EntryPoint","urlTemplate":"https:\/\/pb.edu.pl\/sjo\/?s={search_term_string}"},"query-input":{"@type":"PropertyValueSpecification","valueRequired":true,"valueName":"search_term_string"}}],"inLanguage":"pl-PL"}]}},"_links":{"self":[{"href":"https:\/\/pb.edu.pl\/sjo\/wp-json\/wp\/v2\/pages\/27431","targetHints":{"allow":["GET"]}}],"collection":[{"href":"https:\/\/pb.edu.pl\/sjo\/wp-json\/wp\/v2\/pages"}],"about":[{"href":"https:\/\/pb.edu.pl\/sjo\/wp-json\/wp\/v2\/types\/page"}],"author":[{"embeddable":true,"href":"https:\/\/pb.edu.pl\/sjo\/wp-json\/wp\/v2\/users\/38"}],"replies":[{"embeddable":true,"href":"https:\/\/pb.edu.pl\/sjo\/wp-json\/wp\/v2\/comments?post=27431"}],"version-history":[{"count":3,"href":"https:\/\/pb.edu.pl\/sjo\/wp-json\/wp\/v2\/pages\/27431\/revisions"}],"predecessor-version":[{"id":30770,"href":"https:\/\/pb.edu.pl\/sjo\/wp-json\/wp\/v2\/pages\/27431\/revisions\/30770"}],"up":[{"embeddable":true,"href":"https:\/\/pb.edu.pl\/sjo\/wp-json\/wp\/v2\/pages\/8270"}],"wp:attachment":[{"href":"https:\/\/pb.edu.pl\/sjo\/wp-json\/wp\/v2\/media?parent=27431"}],"curies":[{"name":"wp","href":"https:\/\/api.w.org\/{rel}","templated":true}]}}