{"id":26501,"date":"2024-08-08T11:34:50","date_gmt":"2024-08-08T09:34:50","guid":{"rendered":"https:\/\/pb.edu.pl\/sjo\/?page_id=26501"},"modified":"2025-08-26T21:22:08","modified_gmt":"2025-08-26T19:22:08","slug":"30-godzinny-kurs-przetrwania","status":"publish","type":"page","link":"https:\/\/pb.edu.pl\/sjo\/polish-lab\/kursy-jezyka-polskiego-jako-obcego-2\/kursy-jesienne\/30-godzinny-kurs-przetrwania\/","title":{"rendered":"30-godzinny kurs &#8222;Przetrwania&#8221;"},"content":{"rendered":"<div class=\"h3\"><strong><img loading=\"lazy\" decoding=\"async\" class=\"alignleft wp-image-12435\" src=\"https:\/\/pb.edu.pl\/sjo\/wp-content\/uploads\/sites\/9\/2022\/02\/5.png\" alt=\"PRZETR\" width=\"500\" height=\"334\" srcset=\"https:\/\/pb.edu.pl\/sjo\/wp-content\/uploads\/sites\/9\/2022\/02\/5.png 799w, https:\/\/pb.edu.pl\/sjo\/wp-content\/uploads\/sites\/9\/2022\/02\/5-300x200.png 300w, https:\/\/pb.edu.pl\/sjo\/wp-content\/uploads\/sites\/9\/2022\/02\/5-768x512.png 768w, https:\/\/pb.edu.pl\/sjo\/wp-content\/uploads\/sites\/9\/2022\/02\/5-480x320.png 480w\" sizes=\"auto, (max-width: 500px) 100vw, 500px\" \/><span style=\"font-size: 12pt\">30-godzinny Kurs \u2018Przetrwania\u2019 <\/span><\/strong><span style=\"font-size: 12pt\">to idealny pomys\u0142 dla tych, kt\u00f3rzy:<strong><br \/>\n<\/strong><\/span><\/div>\n<div>\n<ul>\n<li><span style=\"font-size: 12pt\">nie uczyli si\u0119 polskiego, ale zawsze chcieli,<\/span><\/li>\n<li><span style=\"font-size: 12pt\">chc\u0105 mieszka\u0107 w Polsce albo j\u0105 pozwiedza\u0107 i chc\u0105 zab\u0142ysn\u0105\u0107 j\u0119zykowo,<\/span><\/li>\n<li><span style=\"font-size: 12pt\">chc\u0105 si\u0119 porozumiewa\u0107 w codziennych sytuacjach: w kawiarni, taks\u00f3wce, sklepie czy poci\u0105gu; na zaj\u0119ciach przedstawiamy te\u017c ciekawostki i rady dotycz\u0105ce reali\u00f3w polskich zwi\u0105zanych z kuchni\u0105, komunikacj\u0105 itp.,<\/span><\/li>\n<li><span style=\"font-size: 12pt\">maj\u0105 ju\u017c wst\u0119pne wiadomo\u015bci o j\u0119zyku polskim i chcieliby je usystematyzowa\u0107 oraz zaktywizowa\u0107. <\/span><\/li>\n<\/ul>\n<p><span style=\"font-size: 12pt\">Zaj\u0119cia odbywaj\u0105 si\u0119 2 razy w tygodniu po 2 godziny lekcyjne. <\/span><\/p>\n<\/div>\n<p><span style=\"font-size: 12pt\">Kurs obejmuje podstawy j\u0119zyka polskiego z elementami kulturowymi i jest przeprowadzany od po\u0142owy pa\u017adziernika do grudnia (jesienna edycja) oraz od pocz\u0105tku marca do ko\u0144ca kwietnia (wiosenna edycja). Cena zale\u017cy od liczby uczestnik\u00f3w i zaczyna si\u0119 od 779 z\u0142 (po zastosowaniu zni\u017cki za p\u0142atno\u015b\u0107 przed rozpocz\u0119ciem kursu).<br \/>\n<\/span><\/p>\n<p><span style=\"font-size: 12pt\">Takie kursy oferujemy te\u017c bezp\u0142atnie zagranicznym studentom Politechniki Bia\u0142ostockiej, m.in. w ramach Programu Erasmus+.<\/span><\/p>\n<p><span style=\"font-size: 12pt\">Zapraszamy do kontaktu: <a href=\"mailto:iplc@pb.edu.pl\"><span style=\"color: #0000ff\">iplc@pb.edu.pl<\/span><\/a><\/span><\/p>\n<p>&nbsp;<\/p>\n<p><span style=\"font-size: 12pt;color: #666699\"><strong>30-hour \u2018Survival\u2019 Polish Course<\/strong> is perfect for you if you:<\/span><\/p>\n<ul>\n<li><span style=\"font-size: 12pt;color: #666699\">have not studied Polish, but always wanted to,<\/span><\/li>\n<li><span style=\"font-size: 12pt;color: #666699\">want to live in or visit Poland and want to use Polish,<\/span><\/li>\n<li><span style=\"color: #666699;font-size: 12pt\">want to use the language in&nbsp; everyday situations: in a cafe, a taxi, a shop or a train; during the classes we will present interesting facts and tips concerning Polish realities connected with cuisine, communication etc,<\/span><\/li>\n<li><span style=\"font-size: 12pt;color: #666699\">already have some preliminary knowledge of the Polish language and would like to systematize and activate it.<\/span><\/li>\n<\/ul>\n<p><span style=\"font-size: 12pt;color: #666699\">Lessons last 2 hours twice a week.<\/span><\/p>\n<p><span style=\"font-size: 12pt;color: #666699\">The course covers the basics of the Polish language with cultural elements and is conducted from mid-October to December (autumn edition) and from the beginning of March to the end of April (spring edition). The price depends on the number of participants and starts from PLN 779 (with a discount for payment upfront).<\/span><\/p>\n<p><span style=\"color: #666699;font-size: 12pt\">Such courses are also offered free of charge to foreign students of Bia\u0142ystok University of Technology, eg. within Erasmus+ Programme.<\/span><\/p>\n<p><span style=\"font-size: 12pt;color: #666699\">If you are interested, email us at <a href=\"mailto:iplc@pb.edu.pl\"><span style=\"color: #0000ff\">iplc@pb.edu.pl<\/span><\/a><\/span><\/p>\n<div id='gallery-1' class='gallery galleryid-26501 gallery-columns-4 gallery-size-large'><figure class='gallery-item'>\n\t\t\t<div class='gallery-icon landscape'>\n\t\t\t\t<a href='https:\/\/pb.edu.pl\/sjo\/polish-lab\/kursy-jezyka-polskiego-jako-obcego-2\/kursy-jesienne\/60h-a2\/img_20230427_190724\/'><img loading=\"lazy\" decoding=\"async\" width=\"1024\" height=\"576\" src=\"https:\/\/pb.edu.pl\/sjo\/wp-content\/uploads\/sites\/9\/2023\/08\/IMG_20230427_190724-1024x576.jpg\" class=\"attachment-large size-large\" alt=\"\" srcset=\"https:\/\/pb.edu.pl\/sjo\/wp-content\/uploads\/sites\/9\/2023\/08\/IMG_20230427_190724-1024x576.jpg 1024w, https:\/\/pb.edu.pl\/sjo\/wp-content\/uploads\/sites\/9\/2023\/08\/IMG_20230427_190724-300x169.jpg 300w, https:\/\/pb.edu.pl\/sjo\/wp-content\/uploads\/sites\/9\/2023\/08\/IMG_20230427_190724-768x432.jpg 768w, https:\/\/pb.edu.pl\/sjo\/wp-content\/uploads\/sites\/9\/2023\/08\/IMG_20230427_190724-1536x864.jpg 1536w, https:\/\/pb.edu.pl\/sjo\/wp-content\/uploads\/sites\/9\/2023\/08\/IMG_20230427_190724-2048x1152.jpg 2048w\" sizes=\"auto, (max-width: 1024px) 100vw, 1024px\" \/><\/a>\n\t\t\t<\/div><\/figure><figure class='gallery-item'>\n\t\t\t<div class='gallery-icon landscape'>\n\t\t\t\t<a href='https:\/\/pb.edu.pl\/sjo\/polish-lab\/kursy-jezyka-polskiego-jako-obcego-2\/kursy-jesienne\/60h-a2\/img_20230427_190655\/'><img loading=\"lazy\" decoding=\"async\" width=\"1024\" height=\"576\" src=\"https:\/\/pb.edu.pl\/sjo\/wp-content\/uploads\/sites\/9\/2023\/08\/IMG_20230427_190655-1024x576.jpg\" class=\"attachment-large size-large\" alt=\"\" srcset=\"https:\/\/pb.edu.pl\/sjo\/wp-content\/uploads\/sites\/9\/2023\/08\/IMG_20230427_190655-1024x576.jpg 1024w, https:\/\/pb.edu.pl\/sjo\/wp-content\/uploads\/sites\/9\/2023\/08\/IMG_20230427_190655-300x169.jpg 300w, https:\/\/pb.edu.pl\/sjo\/wp-content\/uploads\/sites\/9\/2023\/08\/IMG_20230427_190655-768x432.jpg 768w, https:\/\/pb.edu.pl\/sjo\/wp-content\/uploads\/sites\/9\/2023\/08\/IMG_20230427_190655-1536x864.jpg 1536w, https:\/\/pb.edu.pl\/sjo\/wp-content\/uploads\/sites\/9\/2023\/08\/IMG_20230427_190655-2048x1152.jpg 2048w\" sizes=\"auto, (max-width: 1024px) 100vw, 1024px\" \/><\/a>\n\t\t\t<\/div><\/figure><figure class='gallery-item'>\n\t\t\t<div class='gallery-icon landscape'>\n\t\t\t\t<a href='https:\/\/pb.edu.pl\/sjo\/polish-lab\/kursy-jezyka-polskiego-jako-obcego-2\/kursy-jesienne\/60h-a2\/img_20230428_134310-1\/'><img loading=\"lazy\" decoding=\"async\" width=\"1024\" height=\"602\" src=\"https:\/\/pb.edu.pl\/sjo\/wp-content\/uploads\/sites\/9\/2023\/08\/IMG_20230428_134310-1-1024x602.jpg\" class=\"attachment-large size-large\" alt=\"\" srcset=\"https:\/\/pb.edu.pl\/sjo\/wp-content\/uploads\/sites\/9\/2023\/08\/IMG_20230428_134310-1-1024x602.jpg 1024w, https:\/\/pb.edu.pl\/sjo\/wp-content\/uploads\/sites\/9\/2023\/08\/IMG_20230428_134310-1-300x176.jpg 300w, https:\/\/pb.edu.pl\/sjo\/wp-content\/uploads\/sites\/9\/2023\/08\/IMG_20230428_134310-1-768x452.jpg 768w, https:\/\/pb.edu.pl\/sjo\/wp-content\/uploads\/sites\/9\/2023\/08\/IMG_20230428_134310-1-1536x903.jpg 1536w, https:\/\/pb.edu.pl\/sjo\/wp-content\/uploads\/sites\/9\/2023\/08\/IMG_20230428_134310-1-2048x1204.jpg 2048w\" sizes=\"auto, (max-width: 1024px) 100vw, 1024px\" \/><\/a>\n\t\t\t<\/div><\/figure><figure class='gallery-item'>\n\t\t\t<div class='gallery-icon landscape'>\n\t\t\t\t<a href='https:\/\/pb.edu.pl\/sjo\/polish-lab\/kursy-jezyka-polskiego-jako-obcego-2\/kursy-jesienne\/60h-a2\/img_20230428_134238\/'><img loading=\"lazy\" decoding=\"async\" width=\"1024\" height=\"576\" src=\"https:\/\/pb.edu.pl\/sjo\/wp-content\/uploads\/sites\/9\/2023\/08\/IMG_20230428_134238-1024x576.jpg\" class=\"attachment-large size-large\" alt=\"\" srcset=\"https:\/\/pb.edu.pl\/sjo\/wp-content\/uploads\/sites\/9\/2023\/08\/IMG_20230428_134238-1024x576.jpg 1024w, https:\/\/pb.edu.pl\/sjo\/wp-content\/uploads\/sites\/9\/2023\/08\/IMG_20230428_134238-300x169.jpg 300w, https:\/\/pb.edu.pl\/sjo\/wp-content\/uploads\/sites\/9\/2023\/08\/IMG_20230428_134238-768x432.jpg 768w, https:\/\/pb.edu.pl\/sjo\/wp-content\/uploads\/sites\/9\/2023\/08\/IMG_20230428_134238-1536x864.jpg 1536w, https:\/\/pb.edu.pl\/sjo\/wp-content\/uploads\/sites\/9\/2023\/08\/IMG_20230428_134238-2048x1152.jpg 2048w\" sizes=\"auto, (max-width: 1024px) 100vw, 1024px\" \/><\/a>\n\t\t\t<\/div><\/figure><figure class='gallery-item'>\n\t\t\t<div class='gallery-icon landscape'>\n\t\t\t\t<a href='https:\/\/pb.edu.pl\/sjo\/polish-lab\/kursy-jezyka-polskiego-jako-obcego-2\/kursy-jesienne\/60h-a2\/img_20230428_134130\/'><img loading=\"lazy\" decoding=\"async\" width=\"1024\" height=\"576\" src=\"https:\/\/pb.edu.pl\/sjo\/wp-content\/uploads\/sites\/9\/2023\/08\/IMG_20230428_134130-1024x576.jpg\" class=\"attachment-large size-large\" alt=\"grupa student\u00f3w ucz\u0105ca si\u0119 w sali lekcyjnej\" srcset=\"https:\/\/pb.edu.pl\/sjo\/wp-content\/uploads\/sites\/9\/2023\/08\/IMG_20230428_134130-1024x576.jpg 1024w, https:\/\/pb.edu.pl\/sjo\/wp-content\/uploads\/sites\/9\/2023\/08\/IMG_20230428_134130-300x169.jpg 300w, https:\/\/pb.edu.pl\/sjo\/wp-content\/uploads\/sites\/9\/2023\/08\/IMG_20230428_134130-768x432.jpg 768w, https:\/\/pb.edu.pl\/sjo\/wp-content\/uploads\/sites\/9\/2023\/08\/IMG_20230428_134130-1536x864.jpg 1536w, https:\/\/pb.edu.pl\/sjo\/wp-content\/uploads\/sites\/9\/2023\/08\/IMG_20230428_134130-2048x1152.jpg 2048w\" sizes=\"auto, (max-width: 1024px) 100vw, 1024px\" \/><\/a>\n\t\t\t<\/div><\/figure><figure class='gallery-item'>\n\t\t\t<div class='gallery-icon landscape'>\n\t\t\t\t<a href='https:\/\/pb.edu.pl\/sjo\/polish-lab\/kursy-jezyka-polskiego-jako-obcego-2\/kursy-jesienne\/60h-a2\/img_20230428_134223\/'><img loading=\"lazy\" decoding=\"async\" width=\"1024\" height=\"576\" src=\"https:\/\/pb.edu.pl\/sjo\/wp-content\/uploads\/sites\/9\/2023\/08\/IMG_20230428_134223-1024x576.jpg\" class=\"attachment-large size-large\" alt=\"\" srcset=\"https:\/\/pb.edu.pl\/sjo\/wp-content\/uploads\/sites\/9\/2023\/08\/IMG_20230428_134223-1024x576.jpg 1024w, https:\/\/pb.edu.pl\/sjo\/wp-content\/uploads\/sites\/9\/2023\/08\/IMG_20230428_134223-300x169.jpg 300w, https:\/\/pb.edu.pl\/sjo\/wp-content\/uploads\/sites\/9\/2023\/08\/IMG_20230428_134223-768x432.jpg 768w, https:\/\/pb.edu.pl\/sjo\/wp-content\/uploads\/sites\/9\/2023\/08\/IMG_20230428_134223-1536x864.jpg 1536w, https:\/\/pb.edu.pl\/sjo\/wp-content\/uploads\/sites\/9\/2023\/08\/IMG_20230428_134223-2048x1152.jpg 2048w\" sizes=\"auto, (max-width: 1024px) 100vw, 1024px\" \/><\/a>\n\t\t\t<\/div><\/figure><figure class='gallery-item'>\n\t\t\t<div class='gallery-icon landscape'>\n\t\t\t\t<a href='https:\/\/pb.edu.pl\/sjo\/polish-lab\/kursy-jezyka-polskiego-jako-obcego-2\/kursy-jesienne\/60h-a2\/img_20230428_134142\/'><img loading=\"lazy\" decoding=\"async\" width=\"1024\" height=\"576\" src=\"https:\/\/pb.edu.pl\/sjo\/wp-content\/uploads\/sites\/9\/2023\/08\/IMG_20230428_134142-1024x576.jpg\" class=\"attachment-large size-large\" alt=\"\" srcset=\"https:\/\/pb.edu.pl\/sjo\/wp-content\/uploads\/sites\/9\/2023\/08\/IMG_20230428_134142-1024x576.jpg 1024w, https:\/\/pb.edu.pl\/sjo\/wp-content\/uploads\/sites\/9\/2023\/08\/IMG_20230428_134142-300x169.jpg 300w, https:\/\/pb.edu.pl\/sjo\/wp-content\/uploads\/sites\/9\/2023\/08\/IMG_20230428_134142-768x432.jpg 768w, https:\/\/pb.edu.pl\/sjo\/wp-content\/uploads\/sites\/9\/2023\/08\/IMG_20230428_134142-1536x864.jpg 1536w, https:\/\/pb.edu.pl\/sjo\/wp-content\/uploads\/sites\/9\/2023\/08\/IMG_20230428_134142-2048x1152.jpg 2048w\" sizes=\"auto, (max-width: 1024px) 100vw, 1024px\" \/><\/a>\n\t\t\t<\/div><\/figure><figure class='gallery-item'>\n\t\t\t<div class='gallery-icon landscape'>\n\t\t\t\t<a href='https:\/\/pb.edu.pl\/sjo\/polish-lab\/kursy-jezyka-polskiego-jako-obcego-2\/kursy-jesienne\/60h-a2\/img_20230428_134136\/'><img loading=\"lazy\" decoding=\"async\" width=\"1024\" height=\"576\" src=\"https:\/\/pb.edu.pl\/sjo\/wp-content\/uploads\/sites\/9\/2023\/08\/IMG_20230428_134136-1024x576.jpg\" class=\"attachment-large size-large\" alt=\"\" srcset=\"https:\/\/pb.edu.pl\/sjo\/wp-content\/uploads\/sites\/9\/2023\/08\/IMG_20230428_134136-1024x576.jpg 1024w, https:\/\/pb.edu.pl\/sjo\/wp-content\/uploads\/sites\/9\/2023\/08\/IMG_20230428_134136-300x169.jpg 300w, https:\/\/pb.edu.pl\/sjo\/wp-content\/uploads\/sites\/9\/2023\/08\/IMG_20230428_134136-768x432.jpg 768w, https:\/\/pb.edu.pl\/sjo\/wp-content\/uploads\/sites\/9\/2023\/08\/IMG_20230428_134136-1536x864.jpg 1536w, https:\/\/pb.edu.pl\/sjo\/wp-content\/uploads\/sites\/9\/2023\/08\/IMG_20230428_134136-2048x1152.jpg 2048w\" sizes=\"auto, (max-width: 1024px) 100vw, 1024px\" \/><\/a>\n\t\t\t<\/div><\/figure>\n\t\t<\/div>\n\n","protected":false},"excerpt":{"rendered":"<p>30-godzinny Kurs \u2018Przetrwania\u2019 to idealny pomys\u0142 dla tych, kt\u00f3rzy: nie uczyli si\u0119 polskiego, ale zawsze<\/p>\n","protected":false},"author":6,"featured_media":0,"parent":25999,"menu_order":0,"comment_status":"closed","ping_status":"closed","template":"","meta":{"_acf_changed":false,"ngg_post_thumbnail":0,"footnotes":""},"class_list":["post-26501","page","type-page","status-publish","hentry"],"acf":[],"yoast_head":"<!-- This site is optimized with the Yoast SEO plugin v27.0 - https:\/\/yoast.com\/product\/yoast-seo-wordpress\/ -->\n<title>30-godzinny kurs &quot;Przetrwania&quot; - Studium J\u0119zyk\u00f3w Obcych<\/title>\n<meta name=\"description\" content=\"30-godzinny Kurs \u2018Przetrwania\u2019 to idealny pomys\u0142 dla tych, kt\u00f3rzy: nie uczyli si\u0119 polskiego, ale zawsze chcieli, chc\u0105 mieszka\u0107 w Polsce albo j\u0105 pozwiedza\u0107\" \/>\n<meta name=\"robots\" content=\"index, follow, max-snippet:-1, max-image-preview:large, max-video-preview:-1\" \/>\n<link rel=\"canonical\" href=\"https:\/\/pb.edu.pl\/sjo\/polish-lab\/kursy-jezyka-polskiego-jako-obcego-2\/kursy-jesienne\/30-godzinny-kurs-przetrwania\/\" \/>\n<meta property=\"og:locale\" content=\"pl_PL\" \/>\n<meta property=\"og:type\" content=\"article\" \/>\n<meta property=\"og:title\" content=\"30-godzinny kurs &quot;Przetrwania&quot; - Studium J\u0119zyk\u00f3w Obcych\" \/>\n<meta property=\"og:description\" content=\"30-godzinny Kurs \u2018Przetrwania\u2019 to idealny pomys\u0142 dla tych, kt\u00f3rzy: nie uczyli si\u0119 polskiego, ale zawsze chcieli, chc\u0105 mieszka\u0107 w Polsce albo j\u0105 pozwiedza\u0107\" \/>\n<meta property=\"og:url\" content=\"https:\/\/pb.edu.pl\/sjo\/polish-lab\/kursy-jezyka-polskiego-jako-obcego-2\/kursy-jesienne\/30-godzinny-kurs-przetrwania\/\" \/>\n<meta property=\"og:site_name\" content=\"Studium J\u0119zyk\u00f3w Obcych\" \/>\n<meta property=\"article:modified_time\" content=\"2025-08-26T19:22:08+00:00\" \/>\n<meta property=\"og:image\" content=\"https:\/\/pb.edu.pl\/sjo\/wp-content\/uploads\/sites\/9\/2023\/08\/IMG_20230427_190724-1024x576.jpg\" \/>\n<meta name=\"twitter:label1\" content=\"Szacowany czas czytania\" \/>\n\t<meta name=\"twitter:data1\" content=\"3 minuty\" \/>\n<script type=\"application\/ld+json\" class=\"yoast-schema-graph\">{\"@context\":\"https:\/\/schema.org\",\"@graph\":[{\"@type\":\"WebPage\",\"@id\":\"https:\/\/pb.edu.pl\/sjo\/polish-lab\/kursy-jezyka-polskiego-jako-obcego-2\/kursy-jesienne\/30-godzinny-kurs-przetrwania\/\",\"url\":\"https:\/\/pb.edu.pl\/sjo\/polish-lab\/kursy-jezyka-polskiego-jako-obcego-2\/kursy-jesienne\/30-godzinny-kurs-przetrwania\/\",\"name\":\"30-godzinny kurs \\\"Przetrwania\\\" - Studium J\u0119zyk\u00f3w Obcych\",\"isPartOf\":{\"@id\":\"https:\/\/pb.edu.pl\/sjo\/#website\"},\"primaryImageOfPage\":{\"@id\":\"https:\/\/pb.edu.pl\/sjo\/polish-lab\/kursy-jezyka-polskiego-jako-obcego-2\/kursy-jesienne\/30-godzinny-kurs-przetrwania\/#primaryimage\"},\"image\":{\"@id\":\"https:\/\/pb.edu.pl\/sjo\/polish-lab\/kursy-jezyka-polskiego-jako-obcego-2\/kursy-jesienne\/30-godzinny-kurs-przetrwania\/#primaryimage\"},\"thumbnailUrl\":\"https:\/\/pb.edu.pl\/sjo\/wp-content\/uploads\/sites\/9\/2022\/02\/5.png\",\"datePublished\":\"2024-08-08T09:34:50+00:00\",\"dateModified\":\"2025-08-26T19:22:08+00:00\",\"description\":\"30-godzinny Kurs \u2018Przetrwania\u2019 to idealny pomys\u0142 dla tych, kt\u00f3rzy: nie uczyli si\u0119 polskiego, ale zawsze chcieli, chc\u0105 mieszka\u0107 w Polsce albo j\u0105 pozwiedza\u0107\",\"breadcrumb\":{\"@id\":\"https:\/\/pb.edu.pl\/sjo\/polish-lab\/kursy-jezyka-polskiego-jako-obcego-2\/kursy-jesienne\/30-godzinny-kurs-przetrwania\/#breadcrumb\"},\"inLanguage\":\"pl-PL\",\"potentialAction\":[{\"@type\":\"ReadAction\",\"target\":[\"https:\/\/pb.edu.pl\/sjo\/polish-lab\/kursy-jezyka-polskiego-jako-obcego-2\/kursy-jesienne\/30-godzinny-kurs-przetrwania\/\"]}]},{\"@type\":\"ImageObject\",\"inLanguage\":\"pl-PL\",\"@id\":\"https:\/\/pb.edu.pl\/sjo\/polish-lab\/kursy-jezyka-polskiego-jako-obcego-2\/kursy-jesienne\/30-godzinny-kurs-przetrwania\/#primaryimage\",\"url\":\"https:\/\/pb.edu.pl\/sjo\/wp-content\/uploads\/sites\/9\/2022\/02\/5.png\",\"contentUrl\":\"https:\/\/pb.edu.pl\/sjo\/wp-content\/uploads\/sites\/9\/2022\/02\/5.png\",\"width\":799,\"height\":533,\"caption\":\"PRZETR\"},{\"@type\":\"BreadcrumbList\",\"@id\":\"https:\/\/pb.edu.pl\/sjo\/polish-lab\/kursy-jezyka-polskiego-jako-obcego-2\/kursy-jesienne\/30-godzinny-kurs-przetrwania\/#breadcrumb\",\"itemListElement\":[{\"@type\":\"ListItem\",\"position\":1,\"name\":\"Home\",\"item\":\"https:\/\/pb.edu.pl\/sjo\/\"},{\"@type\":\"ListItem\",\"position\":2,\"name\":\"Centrum J\u0119zyka i Kultury Polskiej POLISH LAB\",\"item\":\"https:\/\/pb.edu.pl\/sjo\/polish-lab\/\"},{\"@type\":\"ListItem\",\"position\":3,\"name\":\"Kursy j\u0119zyka polskiego jako obcego\",\"item\":\"https:\/\/pb.edu.pl\/sjo\/polish-lab\/kursy-jezyka-polskiego-jako-obcego-2\/\"},{\"@type\":\"ListItem\",\"position\":4,\"name\":\"Kursy jesienne\",\"item\":\"https:\/\/pb.edu.pl\/sjo\/polish-lab\/kursy-jezyka-polskiego-jako-obcego-2\/kursy-jesienne\/\"},{\"@type\":\"ListItem\",\"position\":5,\"name\":\"30-godzinny kurs &#8222;Przetrwania&#8221;\"}]},{\"@type\":\"WebSite\",\"@id\":\"https:\/\/pb.edu.pl\/sjo\/#website\",\"url\":\"https:\/\/pb.edu.pl\/sjo\/\",\"name\":\"Studium J\u0119zyk\u00f3w Obcych\",\"description\":\"\",\"potentialAction\":[{\"@type\":\"SearchAction\",\"target\":{\"@type\":\"EntryPoint\",\"urlTemplate\":\"https:\/\/pb.edu.pl\/sjo\/?s={search_term_string}\"},\"query-input\":{\"@type\":\"PropertyValueSpecification\",\"valueRequired\":true,\"valueName\":\"search_term_string\"}}],\"inLanguage\":\"pl-PL\"}]}<\/script>\n<!-- \/ Yoast SEO plugin. -->","yoast_head_json":{"title":"30-godzinny kurs \"Przetrwania\" - Studium J\u0119zyk\u00f3w Obcych","description":"30-godzinny Kurs \u2018Przetrwania\u2019 to idealny pomys\u0142 dla tych, kt\u00f3rzy: nie uczyli si\u0119 polskiego, ale zawsze chcieli, chc\u0105 mieszka\u0107 w Polsce albo j\u0105 pozwiedza\u0107","robots":{"index":"index","follow":"follow","max-snippet":"max-snippet:-1","max-image-preview":"max-image-preview:large","max-video-preview":"max-video-preview:-1"},"canonical":"https:\/\/pb.edu.pl\/sjo\/polish-lab\/kursy-jezyka-polskiego-jako-obcego-2\/kursy-jesienne\/30-godzinny-kurs-przetrwania\/","og_locale":"pl_PL","og_type":"article","og_title":"30-godzinny kurs \"Przetrwania\" - Studium J\u0119zyk\u00f3w Obcych","og_description":"30-godzinny Kurs \u2018Przetrwania\u2019 to idealny pomys\u0142 dla tych, kt\u00f3rzy: nie uczyli si\u0119 polskiego, ale zawsze chcieli, chc\u0105 mieszka\u0107 w Polsce albo j\u0105 pozwiedza\u0107","og_url":"https:\/\/pb.edu.pl\/sjo\/polish-lab\/kursy-jezyka-polskiego-jako-obcego-2\/kursy-jesienne\/30-godzinny-kurs-przetrwania\/","og_site_name":"Studium J\u0119zyk\u00f3w Obcych","article_modified_time":"2025-08-26T19:22:08+00:00","og_image":[{"url":"https:\/\/pb.edu.pl\/sjo\/wp-content\/uploads\/sites\/9\/2023\/08\/IMG_20230427_190724-1024x576.jpg","type":"","width":"","height":""}],"twitter_misc":{"Szacowany czas czytania":"3 minuty"},"schema":{"@context":"https:\/\/schema.org","@graph":[{"@type":"WebPage","@id":"https:\/\/pb.edu.pl\/sjo\/polish-lab\/kursy-jezyka-polskiego-jako-obcego-2\/kursy-jesienne\/30-godzinny-kurs-przetrwania\/","url":"https:\/\/pb.edu.pl\/sjo\/polish-lab\/kursy-jezyka-polskiego-jako-obcego-2\/kursy-jesienne\/30-godzinny-kurs-przetrwania\/","name":"30-godzinny kurs \"Przetrwania\" - Studium J\u0119zyk\u00f3w Obcych","isPartOf":{"@id":"https:\/\/pb.edu.pl\/sjo\/#website"},"primaryImageOfPage":{"@id":"https:\/\/pb.edu.pl\/sjo\/polish-lab\/kursy-jezyka-polskiego-jako-obcego-2\/kursy-jesienne\/30-godzinny-kurs-przetrwania\/#primaryimage"},"image":{"@id":"https:\/\/pb.edu.pl\/sjo\/polish-lab\/kursy-jezyka-polskiego-jako-obcego-2\/kursy-jesienne\/30-godzinny-kurs-przetrwania\/#primaryimage"},"thumbnailUrl":"https:\/\/pb.edu.pl\/sjo\/wp-content\/uploads\/sites\/9\/2022\/02\/5.png","datePublished":"2024-08-08T09:34:50+00:00","dateModified":"2025-08-26T19:22:08+00:00","description":"30-godzinny Kurs \u2018Przetrwania\u2019 to idealny pomys\u0142 dla tych, kt\u00f3rzy: nie uczyli si\u0119 polskiego, ale zawsze chcieli, chc\u0105 mieszka\u0107 w Polsce albo j\u0105 pozwiedza\u0107","breadcrumb":{"@id":"https:\/\/pb.edu.pl\/sjo\/polish-lab\/kursy-jezyka-polskiego-jako-obcego-2\/kursy-jesienne\/30-godzinny-kurs-przetrwania\/#breadcrumb"},"inLanguage":"pl-PL","potentialAction":[{"@type":"ReadAction","target":["https:\/\/pb.edu.pl\/sjo\/polish-lab\/kursy-jezyka-polskiego-jako-obcego-2\/kursy-jesienne\/30-godzinny-kurs-przetrwania\/"]}]},{"@type":"ImageObject","inLanguage":"pl-PL","@id":"https:\/\/pb.edu.pl\/sjo\/polish-lab\/kursy-jezyka-polskiego-jako-obcego-2\/kursy-jesienne\/30-godzinny-kurs-przetrwania\/#primaryimage","url":"https:\/\/pb.edu.pl\/sjo\/wp-content\/uploads\/sites\/9\/2022\/02\/5.png","contentUrl":"https:\/\/pb.edu.pl\/sjo\/wp-content\/uploads\/sites\/9\/2022\/02\/5.png","width":799,"height":533,"caption":"PRZETR"},{"@type":"BreadcrumbList","@id":"https:\/\/pb.edu.pl\/sjo\/polish-lab\/kursy-jezyka-polskiego-jako-obcego-2\/kursy-jesienne\/30-godzinny-kurs-przetrwania\/#breadcrumb","itemListElement":[{"@type":"ListItem","position":1,"name":"Home","item":"https:\/\/pb.edu.pl\/sjo\/"},{"@type":"ListItem","position":2,"name":"Centrum J\u0119zyka i Kultury Polskiej POLISH LAB","item":"https:\/\/pb.edu.pl\/sjo\/polish-lab\/"},{"@type":"ListItem","position":3,"name":"Kursy j\u0119zyka polskiego jako obcego","item":"https:\/\/pb.edu.pl\/sjo\/polish-lab\/kursy-jezyka-polskiego-jako-obcego-2\/"},{"@type":"ListItem","position":4,"name":"Kursy jesienne","item":"https:\/\/pb.edu.pl\/sjo\/polish-lab\/kursy-jezyka-polskiego-jako-obcego-2\/kursy-jesienne\/"},{"@type":"ListItem","position":5,"name":"30-godzinny kurs &#8222;Przetrwania&#8221;"}]},{"@type":"WebSite","@id":"https:\/\/pb.edu.pl\/sjo\/#website","url":"https:\/\/pb.edu.pl\/sjo\/","name":"Studium J\u0119zyk\u00f3w Obcych","description":"","potentialAction":[{"@type":"SearchAction","target":{"@type":"EntryPoint","urlTemplate":"https:\/\/pb.edu.pl\/sjo\/?s={search_term_string}"},"query-input":{"@type":"PropertyValueSpecification","valueRequired":true,"valueName":"search_term_string"}}],"inLanguage":"pl-PL"}]}},"_links":{"self":[{"href":"https:\/\/pb.edu.pl\/sjo\/wp-json\/wp\/v2\/pages\/26501","targetHints":{"allow":["GET"]}}],"collection":[{"href":"https:\/\/pb.edu.pl\/sjo\/wp-json\/wp\/v2\/pages"}],"about":[{"href":"https:\/\/pb.edu.pl\/sjo\/wp-json\/wp\/v2\/types\/page"}],"author":[{"embeddable":true,"href":"https:\/\/pb.edu.pl\/sjo\/wp-json\/wp\/v2\/users\/6"}],"replies":[{"embeddable":true,"href":"https:\/\/pb.edu.pl\/sjo\/wp-json\/wp\/v2\/comments?post=26501"}],"version-history":[{"count":0,"href":"https:\/\/pb.edu.pl\/sjo\/wp-json\/wp\/v2\/pages\/26501\/revisions"}],"up":[{"embeddable":true,"href":"https:\/\/pb.edu.pl\/sjo\/wp-json\/wp\/v2\/pages\/25999"}],"wp:attachment":[{"href":"https:\/\/pb.edu.pl\/sjo\/wp-json\/wp\/v2\/media?parent=26501"}],"curies":[{"name":"wp","href":"https:\/\/api.w.org\/{rel}","templated":true}]}}