{"id":25999,"date":"2024-05-28T14:48:33","date_gmt":"2024-05-28T12:48:33","guid":{"rendered":"https:\/\/pb.edu.pl\/sjo\/?page_id=25999"},"modified":"2025-08-26T21:02:22","modified_gmt":"2025-08-26T19:02:22","slug":"kursy-jesienne","status":"publish","type":"page","link":"https:\/\/pb.edu.pl\/sjo\/polish-lab\/kursy-jezyka-polskiego-jako-obcego-2\/kursy-jesienne\/","title":{"rendered":"Kursy jesienne"},"content":{"rendered":"<p><strong>27 sierpnia 2025<\/strong> r. rozpoczynamy rekrutacj\u0119 na kursy stacjonarne &#8211;&nbsp;poprzez <span style=\"color: #0000ff\"><a style=\"color: #0000ff\" href=\"https:\/\/irk2.uci.pb.edu.pl\/pl\/offer\/KURSY_BEZ_2025_2026\/programme\/POLISH_LAB_KURS_ST_2025_2026_ZIMOWY\/\">internetow\u0105 rejestracj\u0119 kandydat\u00f3w (IRK)<\/a><\/span><\/p>\n<p>oraz na kurs C1 i szkolenie na egzaminator\u00f3w &#8211; oba w formie zdalnej &#8211; poprzez <span style=\"color: #3366ff\"><a style=\"color: #3366ff\" href=\"https:\/\/irk2.uci.pb.edu.pl\/pl\/offer\/KURSY_Z_DOSTEPEM_2025_2026\/programme\/POLISH_LAB_KURS_ONLINE_2025_2026_ZIMOWY\/\">internetow\u0105 rejestracj\u0119 kandydat\u00f3w online <\/a><\/span><a href=\"https:\/\/irk2.uci.pb.edu.pl\/pl\/offer\/KURSY_Z_DOSTEPEM_2025_2026\/programme\/POLISH_LAB_KURS_ONLINE_2025_2026_ZIMOWY\/\"><span style=\"color: #3366ff\">(IRK)<\/span><\/a><\/p>\n<p>&nbsp;<\/p>\n<div class=\"row\">\n<div class=\"col-md-3\">\n<a class=\"image\" href=\"https:\/\/pb.edu.pl\/sjo\/polish-lab\/kursy-jezyka-polskiego-jako-obcego-2\/kursy-jesienne\/60h-a1\/\"><img decoding=\"async\" src=\"https:\/\/pb.edu.pl\/sjo\/wp-content\/uploads\/sites\/9\/2022\/02\/2.png\" alt=\"60-godzinny kurs A1\"><\/a>&nbsp;<br \/>\n<\/div>\n<div class=\"col-md-3\">\n<a class=\"image\" href=\"https:\/\/pb.edu.pl\/sjo\/polish-lab\/kursy-jezyka-polskiego-jako-obcego-2\/kursy-jesienne\/60h-a2\/\"><img decoding=\"async\" src=\"https:\/\/pb.edu.pl\/sjo\/wp-content\/uploads\/sites\/9\/2022\/02\/4.png\" alt=\"60-godzinny kurs A2\"><\/a>&nbsp;<br \/>\n<\/div>\n<div class=\"col-md-3\">\n<a class=\"image\" href=\"https:\/\/pb.edu.pl\/sjo\/polish-lab\/kursy-jezyka-polskiego-jako-obcego-2\/kursy-jesienne\/30h-b1-certyfikat\/\"><img decoding=\"async\" src=\"https:\/\/pb.edu.pl\/sjo\/wp-content\/uploads\/sites\/9\/2022\/02\/3.png\" alt=\"30-godzinny kurs B1 przygotowuj\u0105cy do egzaminu certyfikatowego\"><\/a>&nbsp;<br \/>\n<\/div>\n<div class=\"col-md-3\">\n<a class=\"image\" href=\"https:\/\/pb.edu.pl\/sjo\/polish-lab\/kursy-jezyka-polskiego-jako-obcego-2\/kursy-jesienne\/60h-b1\/\"><img decoding=\"async\" src=\"https:\/\/pb.edu.pl\/sjo\/wp-content\/uploads\/sites\/9\/2024\/08\/Kopia-Boks-centrum-jezyka-i-kultury-polskiej-zaprasza-Wpis-na-Facebooku-799\u00d7533-px2.png\" alt=\"60-godzinny kurs B1\"><\/a>&nbsp;<br \/>\n<\/div>\n<\/div>\n<div class=\"row\">\n<div class=\"col-md-3\">\n<a class=\"image\" href=\"https:\/\/pb.edu.pl\/sjo\/polish-lab\/kursy-jezyka-polskiego-jako-obcego-2\/kursy-jesienne\/60-godzinny-kurs-b2\/\"><img decoding=\"async\" src=\"https:\/\/pb.edu.pl\/sjo\/wp-content\/uploads\/sites\/9\/2023\/07\/Kopia-Boks-centrum-jezyka-i-kultury-polskiej-zaprasza-Wpis-na-Facebooku-799\u00d7533-px.png\" alt=\"kursy dla pocz\u0105tkuj\u0105cych\"><\/a>&nbsp;<br \/>\n<\/div>\n<div class=\"col-md-3\">\n<a class=\"image\" href=\"https:\/\/pb.edu.pl\/sjo\/polish-lab\/kursy-jezyka-polskiego-jako-obcego-2\/kursy-jesienne\/kurs-medycznego-jezyka-polskiego\/\"><img decoding=\"async\" src=\"https:\/\/pb.edu.pl\/sjo\/wp-content\/uploads\/sites\/9\/2022\/07\/9.png\" alt=\"kurs medycznego j\u0119zyka polskiego\"><\/a>&nbsp;<br \/>\n<\/div>\n<div class=\"col-md-3\">\n<a class=\"image\" href=\"https:\/\/pb.edu.pl\/sjo\/polish-lab\/kursy-jezyka-polskiego-jako-obcego-2\/kursy-jesienne\/intensywny-150h-b2\/\"><img decoding=\"async\" src=\"https:\/\/pb.edu.pl\/sjo\/wp-content\/uploads\/sites\/9\/2023\/09\/27.png\" alt=\"Intensywny 150-godzinny kurs B2\"><\/a>&nbsp;<br \/>\n<\/div>\n<div class=\"col-md-3\">\n<a class=\"image\" href=\"https:\/\/pb.edu.pl\/sjo\/polish-lab\/kursy-jezyka-polskiego-jako-obcego-2\/kursy-jesienne\/30-godzinny-kurs-przetrwania\/\"><img decoding=\"async\" src=\"https:\/\/pb.edu.pl\/sjo\/wp-content\/uploads\/sites\/9\/2022\/02\/5.png\" alt=\"30-godzinny kurs Przetrwania\"><\/a>&nbsp;<br \/>\n<\/div>\n<\/div>\n<div class=\"row\">\n<div class=\"col-md-3\">\n<a class=\"image\" href=\"https:\/\/pb.edu.pl\/sjo\/polish-lab\/kursy-jezyka-polskiego-jako-obcego-2\/kursy-jesienne\/kultura-polska-wprowadzenie\/\"><img decoding=\"async\" src=\"https:\/\/pb.edu.pl\/sjo\/wp-content\/uploads\/sites\/9\/2022\/02\/1-1.png\" alt=\"Kultura polska. Wprowadzenie\"><\/a>&nbsp;<br \/>\n<\/div>\n<div class=\"col-md-3\">\n<a class=\"image\" href=\"https:\/\/pb.edu.pl\/sjo\/polish-lab\/kursy-jezyka-polskiego-jako-obcego-2\/kursy-jesienne\/60-godzinny-kurs-c1-online\/\"><img decoding=\"async\" src=\"https:\/\/pb.edu.pl\/sjo\/wp-content\/uploads\/sites\/9\/2025\/07\/PL-kurs-C1-online.png\"><\/a>&nbsp;<br \/>\n<\/div>\n<\/div>\n","protected":false},"excerpt":{"rendered":"<p>27 sierpnia 2025 r. rozpoczynamy rekrutacj\u0119 na kursy stacjonarne &#8211;&nbsp;poprzez internetow\u0105 rejestracj\u0119 kandydat\u00f3w (IRK) oraz<\/p>\n","protected":false},"author":6,"featured_media":0,"parent":25995,"menu_order":0,"comment_status":"closed","ping_status":"closed","template":"","meta":{"_acf_changed":false,"ngg_post_thumbnail":0,"footnotes":""},"class_list":["post-25999","page","type-page","status-publish","hentry"],"acf":[],"yoast_head":"<!-- This site is optimized with the Yoast SEO plugin v27.0 - https:\/\/yoast.com\/product\/yoast-seo-wordpress\/ -->\n<title>Kursy jesienne - Studium J\u0119zyk\u00f3w Obcych<\/title>\n<meta name=\"description\" content=\"27 sierpnia 2025 r. rozpoczynamy rekrutacj\u0119 na kursy stacjonarne -&nbsp;poprzez internetow\u0105 rejestracj\u0119 kandydat\u00f3w (IRK) oraz na kurs C1 i szkolenie na\" \/>\n<meta name=\"robots\" content=\"index, follow, max-snippet:-1, max-image-preview:large, max-video-preview:-1\" \/>\n<link rel=\"canonical\" href=\"https:\/\/pb.edu.pl\/sjo\/polish-lab\/kursy-jezyka-polskiego-jako-obcego-2\/kursy-jesienne\/\" \/>\n<meta property=\"og:locale\" content=\"pl_PL\" \/>\n<meta property=\"og:type\" content=\"article\" \/>\n<meta property=\"og:title\" content=\"Kursy jesienne - Studium J\u0119zyk\u00f3w Obcych\" \/>\n<meta property=\"og:description\" content=\"27 sierpnia 2025 r. rozpoczynamy rekrutacj\u0119 na kursy stacjonarne -&nbsp;poprzez internetow\u0105 rejestracj\u0119 kandydat\u00f3w (IRK) oraz na kurs C1 i szkolenie na\" \/>\n<meta property=\"og:url\" content=\"https:\/\/pb.edu.pl\/sjo\/polish-lab\/kursy-jezyka-polskiego-jako-obcego-2\/kursy-jesienne\/\" \/>\n<meta property=\"og:site_name\" content=\"Studium J\u0119zyk\u00f3w Obcych\" \/>\n<meta property=\"article:modified_time\" content=\"2025-08-26T19:02:22+00:00\" \/>\n<meta property=\"og:image\" content=\"https:\/\/pb.edu.pl\/sjo\/wp-content\/uploads\/sites\/9\/2022\/02\/2.png\" \/>\n<meta name=\"twitter:label1\" content=\"Szacowany czas czytania\" \/>\n\t<meta name=\"twitter:data1\" content=\"3 minuty\" \/>\n<script type=\"application\/ld+json\" class=\"yoast-schema-graph\">{\"@context\":\"https:\/\/schema.org\",\"@graph\":[{\"@type\":\"WebPage\",\"@id\":\"https:\/\/pb.edu.pl\/sjo\/polish-lab\/kursy-jezyka-polskiego-jako-obcego-2\/kursy-jesienne\/\",\"url\":\"https:\/\/pb.edu.pl\/sjo\/polish-lab\/kursy-jezyka-polskiego-jako-obcego-2\/kursy-jesienne\/\",\"name\":\"Kursy jesienne - Studium J\u0119zyk\u00f3w Obcych\",\"isPartOf\":{\"@id\":\"https:\/\/pb.edu.pl\/sjo\/#website\"},\"primaryImageOfPage\":{\"@id\":\"https:\/\/pb.edu.pl\/sjo\/polish-lab\/kursy-jezyka-polskiego-jako-obcego-2\/kursy-jesienne\/#primaryimage\"},\"image\":{\"@id\":\"https:\/\/pb.edu.pl\/sjo\/polish-lab\/kursy-jezyka-polskiego-jako-obcego-2\/kursy-jesienne\/#primaryimage\"},\"thumbnailUrl\":\"https:\/\/pb.edu.pl\/sjo\/wp-content\/uploads\/sites\/9\/2022\/02\/2.png\",\"datePublished\":\"2024-05-28T12:48:33+00:00\",\"dateModified\":\"2025-08-26T19:02:22+00:00\",\"description\":\"27 sierpnia 2025 r. rozpoczynamy rekrutacj\u0119 na kursy stacjonarne -&nbsp;poprzez internetow\u0105 rejestracj\u0119 kandydat\u00f3w (IRK) oraz na kurs C1 i szkolenie na\",\"breadcrumb\":{\"@id\":\"https:\/\/pb.edu.pl\/sjo\/polish-lab\/kursy-jezyka-polskiego-jako-obcego-2\/kursy-jesienne\/#breadcrumb\"},\"inLanguage\":\"pl-PL\",\"potentialAction\":[{\"@type\":\"ReadAction\",\"target\":[\"https:\/\/pb.edu.pl\/sjo\/polish-lab\/kursy-jezyka-polskiego-jako-obcego-2\/kursy-jesienne\/\"]}]},{\"@type\":\"ImageObject\",\"inLanguage\":\"pl-PL\",\"@id\":\"https:\/\/pb.edu.pl\/sjo\/polish-lab\/kursy-jezyka-polskiego-jako-obcego-2\/kursy-jesienne\/#primaryimage\",\"url\":\"https:\/\/pb.edu.pl\/sjo\/wp-content\/uploads\/sites\/9\/2022\/02\/2.png\",\"contentUrl\":\"https:\/\/pb.edu.pl\/sjo\/wp-content\/uploads\/sites\/9\/2022\/02\/2.png\",\"width\":799,\"height\":533,\"caption\":\"60A1\"},{\"@type\":\"BreadcrumbList\",\"@id\":\"https:\/\/pb.edu.pl\/sjo\/polish-lab\/kursy-jezyka-polskiego-jako-obcego-2\/kursy-jesienne\/#breadcrumb\",\"itemListElement\":[{\"@type\":\"ListItem\",\"position\":1,\"name\":\"Home\",\"item\":\"https:\/\/pb.edu.pl\/sjo\/\"},{\"@type\":\"ListItem\",\"position\":2,\"name\":\"Centrum J\u0119zyka i Kultury Polskiej POLISH LAB\",\"item\":\"https:\/\/pb.edu.pl\/sjo\/polish-lab\/\"},{\"@type\":\"ListItem\",\"position\":3,\"name\":\"Kursy j\u0119zyka polskiego jako obcego\",\"item\":\"https:\/\/pb.edu.pl\/sjo\/polish-lab\/kursy-jezyka-polskiego-jako-obcego-2\/\"},{\"@type\":\"ListItem\",\"position\":4,\"name\":\"Kursy jesienne\"}]},{\"@type\":\"WebSite\",\"@id\":\"https:\/\/pb.edu.pl\/sjo\/#website\",\"url\":\"https:\/\/pb.edu.pl\/sjo\/\",\"name\":\"Studium J\u0119zyk\u00f3w Obcych\",\"description\":\"\",\"potentialAction\":[{\"@type\":\"SearchAction\",\"target\":{\"@type\":\"EntryPoint\",\"urlTemplate\":\"https:\/\/pb.edu.pl\/sjo\/?s={search_term_string}\"},\"query-input\":{\"@type\":\"PropertyValueSpecification\",\"valueRequired\":true,\"valueName\":\"search_term_string\"}}],\"inLanguage\":\"pl-PL\"}]}<\/script>\n<!-- \/ Yoast SEO plugin. -->","yoast_head_json":{"title":"Kursy jesienne - Studium J\u0119zyk\u00f3w Obcych","description":"27 sierpnia 2025 r. rozpoczynamy rekrutacj\u0119 na kursy stacjonarne -&nbsp;poprzez internetow\u0105 rejestracj\u0119 kandydat\u00f3w (IRK) oraz na kurs C1 i szkolenie na","robots":{"index":"index","follow":"follow","max-snippet":"max-snippet:-1","max-image-preview":"max-image-preview:large","max-video-preview":"max-video-preview:-1"},"canonical":"https:\/\/pb.edu.pl\/sjo\/polish-lab\/kursy-jezyka-polskiego-jako-obcego-2\/kursy-jesienne\/","og_locale":"pl_PL","og_type":"article","og_title":"Kursy jesienne - Studium J\u0119zyk\u00f3w Obcych","og_description":"27 sierpnia 2025 r. rozpoczynamy rekrutacj\u0119 na kursy stacjonarne -&nbsp;poprzez internetow\u0105 rejestracj\u0119 kandydat\u00f3w (IRK) oraz na kurs C1 i szkolenie na","og_url":"https:\/\/pb.edu.pl\/sjo\/polish-lab\/kursy-jezyka-polskiego-jako-obcego-2\/kursy-jesienne\/","og_site_name":"Studium J\u0119zyk\u00f3w Obcych","article_modified_time":"2025-08-26T19:02:22+00:00","og_image":[{"url":"https:\/\/pb.edu.pl\/sjo\/wp-content\/uploads\/sites\/9\/2022\/02\/2.png","type":"","width":"","height":""}],"twitter_misc":{"Szacowany czas czytania":"3 minuty"},"schema":{"@context":"https:\/\/schema.org","@graph":[{"@type":"WebPage","@id":"https:\/\/pb.edu.pl\/sjo\/polish-lab\/kursy-jezyka-polskiego-jako-obcego-2\/kursy-jesienne\/","url":"https:\/\/pb.edu.pl\/sjo\/polish-lab\/kursy-jezyka-polskiego-jako-obcego-2\/kursy-jesienne\/","name":"Kursy jesienne - Studium J\u0119zyk\u00f3w Obcych","isPartOf":{"@id":"https:\/\/pb.edu.pl\/sjo\/#website"},"primaryImageOfPage":{"@id":"https:\/\/pb.edu.pl\/sjo\/polish-lab\/kursy-jezyka-polskiego-jako-obcego-2\/kursy-jesienne\/#primaryimage"},"image":{"@id":"https:\/\/pb.edu.pl\/sjo\/polish-lab\/kursy-jezyka-polskiego-jako-obcego-2\/kursy-jesienne\/#primaryimage"},"thumbnailUrl":"https:\/\/pb.edu.pl\/sjo\/wp-content\/uploads\/sites\/9\/2022\/02\/2.png","datePublished":"2024-05-28T12:48:33+00:00","dateModified":"2025-08-26T19:02:22+00:00","description":"27 sierpnia 2025 r. rozpoczynamy rekrutacj\u0119 na kursy stacjonarne -&nbsp;poprzez internetow\u0105 rejestracj\u0119 kandydat\u00f3w (IRK) oraz na kurs C1 i szkolenie na","breadcrumb":{"@id":"https:\/\/pb.edu.pl\/sjo\/polish-lab\/kursy-jezyka-polskiego-jako-obcego-2\/kursy-jesienne\/#breadcrumb"},"inLanguage":"pl-PL","potentialAction":[{"@type":"ReadAction","target":["https:\/\/pb.edu.pl\/sjo\/polish-lab\/kursy-jezyka-polskiego-jako-obcego-2\/kursy-jesienne\/"]}]},{"@type":"ImageObject","inLanguage":"pl-PL","@id":"https:\/\/pb.edu.pl\/sjo\/polish-lab\/kursy-jezyka-polskiego-jako-obcego-2\/kursy-jesienne\/#primaryimage","url":"https:\/\/pb.edu.pl\/sjo\/wp-content\/uploads\/sites\/9\/2022\/02\/2.png","contentUrl":"https:\/\/pb.edu.pl\/sjo\/wp-content\/uploads\/sites\/9\/2022\/02\/2.png","width":799,"height":533,"caption":"60A1"},{"@type":"BreadcrumbList","@id":"https:\/\/pb.edu.pl\/sjo\/polish-lab\/kursy-jezyka-polskiego-jako-obcego-2\/kursy-jesienne\/#breadcrumb","itemListElement":[{"@type":"ListItem","position":1,"name":"Home","item":"https:\/\/pb.edu.pl\/sjo\/"},{"@type":"ListItem","position":2,"name":"Centrum J\u0119zyka i Kultury Polskiej POLISH LAB","item":"https:\/\/pb.edu.pl\/sjo\/polish-lab\/"},{"@type":"ListItem","position":3,"name":"Kursy j\u0119zyka polskiego jako obcego","item":"https:\/\/pb.edu.pl\/sjo\/polish-lab\/kursy-jezyka-polskiego-jako-obcego-2\/"},{"@type":"ListItem","position":4,"name":"Kursy jesienne"}]},{"@type":"WebSite","@id":"https:\/\/pb.edu.pl\/sjo\/#website","url":"https:\/\/pb.edu.pl\/sjo\/","name":"Studium J\u0119zyk\u00f3w Obcych","description":"","potentialAction":[{"@type":"SearchAction","target":{"@type":"EntryPoint","urlTemplate":"https:\/\/pb.edu.pl\/sjo\/?s={search_term_string}"},"query-input":{"@type":"PropertyValueSpecification","valueRequired":true,"valueName":"search_term_string"}}],"inLanguage":"pl-PL"}]}},"_links":{"self":[{"href":"https:\/\/pb.edu.pl\/sjo\/wp-json\/wp\/v2\/pages\/25999","targetHints":{"allow":["GET"]}}],"collection":[{"href":"https:\/\/pb.edu.pl\/sjo\/wp-json\/wp\/v2\/pages"}],"about":[{"href":"https:\/\/pb.edu.pl\/sjo\/wp-json\/wp\/v2\/types\/page"}],"author":[{"embeddable":true,"href":"https:\/\/pb.edu.pl\/sjo\/wp-json\/wp\/v2\/users\/6"}],"replies":[{"embeddable":true,"href":"https:\/\/pb.edu.pl\/sjo\/wp-json\/wp\/v2\/comments?post=25999"}],"version-history":[{"count":0,"href":"https:\/\/pb.edu.pl\/sjo\/wp-json\/wp\/v2\/pages\/25999\/revisions"}],"up":[{"embeddable":true,"href":"https:\/\/pb.edu.pl\/sjo\/wp-json\/wp\/v2\/pages\/25995"}],"wp:attachment":[{"href":"https:\/\/pb.edu.pl\/sjo\/wp-json\/wp\/v2\/media?parent=25999"}],"curies":[{"name":"wp","href":"https:\/\/api.w.org\/{rel}","templated":true}]}}