{"id":25981,"date":"2024-05-28T14:28:50","date_gmt":"2024-05-28T12:28:50","guid":{"rendered":"https:\/\/pb.edu.pl\/sjo\/?page_id=25981"},"modified":"2026-01-30T00:07:43","modified_gmt":"2026-01-29T23:07:43","slug":"o-nas-2","status":"publish","type":"page","link":"https:\/\/pb.edu.pl\/sjo\/polish-lab\/o-nas-2\/","title":{"rendered":"O nas"},"content":{"rendered":"<p><span style=\"font-family: verdana, geneva, sans-serif;font-size: 12pt\"><strong>Centrum J\u0119zyka i Kultury Polskiej POLISH LAB<\/strong> powsta\u0142o z my\u015bl\u0105 o obcokrajowcach, kt\u00f3rzy mieszkaj\u0105 w\u015br\u00f3d nas oraz o Polakach osiedlonych za granic\u0105. Naszym celem jest, \u017ceby ka\u017cdy czu\u0142 si\u0119 dobrze w naszym pi\u0119knym kraju, \u017ceby umia\u0142 si\u0119 z nami porozumie\u0107 i \u017ceby rozumia\u0142 nasze dzia\u0142ania, reakcje i zachowania.<\/span><\/p>\n<p><span style=\"font-family: verdana, geneva, sans-serif;font-size: 12pt\">W gronie Polak\u00f3w na sta\u0142e mieszkaj\u0105cych za granic\u0105 chcemy podtrzymywa\u0107 kontakt z j\u0119zykiem ojczystym oraz aktualizowa\u0107 wiedz\u0119 o kraju. Dla wielu przedstawicieli Polonii jest to kraj przodk\u00f3w, dlatego tym bardziej staramy si\u0119, aby zaj\u0119cia j\u0119zykowe i kulturowe by\u0142y warto\u015bciowym bod\u017acem do kultywowania tradycji i mowy polskiej.<\/span><\/p>\n<p>&nbsp;<\/p>\n<p style=\"text-align: left\"><span style=\"font-size: 18pt\">Misja<\/span><\/p>\n<p><span style=\"font-family: verdana, geneva, sans-serif;font-size: 12pt\"><strong>Nasz\u0105 misj\u0105<\/strong> jest integrowanie ludzi r\u00f3\u017cnych narodowo\u015bci ze spo\u0142eczno\u015bci\u0105 polsk\u0105 poprzez nauczanie mowy polskiej oraz propagowanie wiedzy na temat polskiej kultury, \u017cycia codziennego, sztuki, tradycji, geografii oraz historii.<\/span><\/p>\n<p><span style=\"font-family: verdana, geneva, sans-serif;font-size: 12pt\">Misj\u0119 i cele realizujemy na r\u00f3\u017cnych p\u0142aszczyznach poprzez zaj\u0119cia j\u0119zykowe, kursy j\u0119zyka og\u00f3lnego i specjalistycznego, warsztaty kulturowe, wystawy, konkursy, wyk\u0142ady i inne imprezy kulturalne.<\/span><\/p>\n<p><span style=\"font-family: verdana, geneva, sans-serif;font-size: 12pt\">Na mocy posiadanych uprawnie\u0144 <\/span><span style=\"font-family: verdana, geneva, sans-serif;font-size: 12pt\">od roku 2019 przeprowadzamy pa\u0144stwowe certyfikatowe egzaminy z j\u0119zyka polskiego jako obcego. Jeste\u015bmy r\u00f3wnie\u017c licencjonowanym o\u015brodkiem<\/span><span style=\"font-family: verdana, geneva, sans-serif;font-size: 12pt\"> egzaminacyjnym <\/span><span style=\"font-family: verdana, geneva, sans-serif;font-size: 12pt\">TELC.<\/span><\/p>\n<p><span style=\"font-family: verdana, geneva, sans-serif;font-size: 12pt\">Przeprowadzamy te\u017c kwalifikacj\u0119<\/span><span style=\"font-family: verdana, geneva, sans-serif;font-size: 12pt\"> j\u0119zykow\u0105 <\/span><span style=\"font-family: verdana, geneva, sans-serif;font-size: 12pt\">zagranicznych kandydat\u00f3w na studia w j\u0119zyku polskim na Politechnice Bia\u0142ostockiej. <\/span><\/p>\n<p>&nbsp;<\/p>\n<p style=\"text-align: left\"><span style=\"font-size: 18pt\">Nasz zesp\u00f3\u0142<\/span><\/p>\n<div>\n<table style=\"border-collapse: collapse;width: 100.745%;height: 114px\">\n<tbody>\n<tr style=\"height: 22px\">\n<td style=\"width: 19.8949%;height: 22px\"><a href=\"https:\/\/pb.edu.pl\/sjo\/wp-content\/uploads\/sites\/9\/2024\/08\/AJD-2.png\"><img loading=\"lazy\" decoding=\"async\" class=\"alignnone wp-image-26622\" src=\"https:\/\/pb.edu.pl\/sjo\/wp-content\/uploads\/sites\/9\/2024\/08\/AJD-2-300x300.png\" alt=\"\" width=\"200\" height=\"200\" srcset=\"https:\/\/pb.edu.pl\/sjo\/wp-content\/uploads\/sites\/9\/2024\/08\/AJD-2-300x300.png 300w, https:\/\/pb.edu.pl\/sjo\/wp-content\/uploads\/sites\/9\/2024\/08\/AJD-2.png 500w\" sizes=\"auto, (max-width: 200px) 100vw, 200px\" \/><\/a><\/td>\n<td style=\"width: 80.1051%;height: 22px\"><strong>mgr Alina J. Jab\u0142o\u0144ska Domurat<\/strong> \u2013 <span data-teams=\"true\"><span class=\"ui-provider a b c d e f g h i j k l m n o p q r s t u v w x y z ab ac ae af ag ah ai aj ak\" dir=\"ltr\">za\u0142o\u017cycielka i koordynator Centrum POLISH LAB, wyk\u0142adowca i egzaminator z j\u0119zyka polskiego jako obcego oraz angielskiego, certyfikowany coach ICC i tutor. Entuzjastka wdra\u017cania zmian oraz doskonalenia technik skutecznej komunikacji, zar\u00f3wno w j\u0119zyku ojczystym jak i obcym, uwa\u017cna obserwatorka przemian ekonomicznych, a tak\u017ce pasjonatka dobrej muzyki, zw\u0142aszcza na \u017cywo, sztuk wizualnych, malarstwa oraz podr\u00f3\u017cy \u2013 zar\u00f3wno do tych bliskich, jak i do odleg\u0142ych zak\u0105tk\u00f3w \u015bwiata.<br \/>\n<\/span><\/span><\/td>\n<\/tr>\n<tr style=\"height: 22px\">\n<td style=\"width: 19.8949%;height: 22px\"><img loading=\"lazy\" decoding=\"async\" class=\"alignnone wp-image-17425\" src=\"https:\/\/pb.edu.pl\/sjo\/wp-content\/uploads\/sites\/9\/2022\/11\/MK-300x300.png\" alt=\"\" width=\"200\" height=\"200\" srcset=\"https:\/\/pb.edu.pl\/sjo\/wp-content\/uploads\/sites\/9\/2022\/11\/MK-300x300.png 300w, https:\/\/pb.edu.pl\/sjo\/wp-content\/uploads\/sites\/9\/2022\/11\/MK.png 500w\" sizes=\"auto, (max-width: 200px) 100vw, 200px\" \/><\/td>\n<td style=\"width: 80.1051%;height: 22px\"><strong>mgr Ma\u0142gorzata Komarewska<\/strong> \u2013 konsultant ds. administracyjnych w Centrum POLISH LAB, wyk\u0142adowca j\u0119zyka polskiego jako obcego i angielskiego. Czynna egzaminatorka pa\u0144stwowych egzamin\u00f3w z j\u0119zyka polskiego jako obcego&nbsp;i tutorka I stopnia. Cechuje j\u0105 komunikatywno\u015b\u0107, doskona\u0142a organizacja pracy i u\u015bmiech. Dba w szczeg\u00f3lno\u015bci o dobrostan swoich uczni\u00f3w oraz o przyjazn\u0105 atmosfer\u0119 podczas zaj\u0119\u0107.<\/td>\n<\/tr>\n<tr style=\"height: 22px\">\n<td style=\"width: 19.8949%;height: 22px\"><a href=\"https:\/\/pb.edu.pl\/sjo\/wp-content\/uploads\/sites\/9\/2024\/12\/DSJ.png\"><img loading=\"lazy\" decoding=\"async\" class=\"alignnone wp-image-27722\" src=\"https:\/\/pb.edu.pl\/sjo\/wp-content\/uploads\/sites\/9\/2024\/12\/DSJ-300x300.png\" alt=\"\" width=\"200\" height=\"200\" srcset=\"https:\/\/pb.edu.pl\/sjo\/wp-content\/uploads\/sites\/9\/2024\/12\/DSJ-300x300.png 300w, https:\/\/pb.edu.pl\/sjo\/wp-content\/uploads\/sites\/9\/2024\/12\/DSJ.png 500w\" sizes=\"auto, (max-width: 200px) 100vw, 200px\" \/><\/a><\/td>\n<td style=\"width: 80.1051%;height: 22px\"><strong>mgr Dorota Szuper-Jakubiuk<\/strong> \u2013 konsultant ds. metodycznych, wyk\u0142adowca j\u0119zyka polskiego jako obcego, rosyjskiego i ukrai\u0144skiego. Nauczanie j\u0119zyka polskiego obcokrajowc\u00f3w to jej pasja. Do swoich zaj\u0119\u0107 podchodzi z zaanga\u017cowaniem, a do student\u00f3w i kursant\u00f3w z szacunkiem i trosk\u0105. Swoje zaj\u0119cia buduje w oparciu o pozytywn\u0105 pedagogik\u0119. Interesuje si\u0119 psychologi\u0105, teologi\u0105, histori\u0105, polityk\u0105, literatur\u0105 polsk\u0105 i \u015bwiatow\u0105 oraz muzyk\u0105. Od lat mi\u0142o\u015bniczka nart. W ludziach ceni wysok\u0105 kultur\u0119 osobist\u0105, pozytywne nastawienie, ch\u0119\u0107 rozwoju i poczucie humoru.&nbsp;<\/td>\n<\/tr>\n<tr style=\"height: 22px\">\n<td style=\"width: 19.8949%;height: 22px\"><img loading=\"lazy\" decoding=\"async\" class=\"alignnone wp-image-26079\" src=\"https:\/\/pb.edu.pl\/sjo\/wp-content\/uploads\/sites\/9\/2024\/06\/JPkolko-300x300.png\" alt=\"\" width=\"200\" height=\"200\" srcset=\"https:\/\/pb.edu.pl\/sjo\/wp-content\/uploads\/sites\/9\/2024\/06\/JPkolko-300x300.png 300w, https:\/\/pb.edu.pl\/sjo\/wp-content\/uploads\/sites\/9\/2024\/06\/JPkolko.png 500w\" sizes=\"auto, (max-width: 200px) 100vw, 200px\" \/><\/td>\n<td style=\"width: 80.1051%;height: 22px\"><strong>mgr Justyna Paszko<\/strong> &#8211; kierownik kurs\u00f3w, wyk\u0142adowca j\u0119zyka polskiego jako obcego i rosyjskiego. Nauczanie obcokrajowc\u00f3w daje jej ogromn\u0105 satysfakcj\u0119 i energi\u0119 do dzia\u0142ania. Cieszy si\u0119, gdy widzi post\u0119py kursant\u00f3w w znajomo\u015bci j\u0119zyka polskiego. Stara si\u0119, aby ka\u017cde zaj\u0119cia by\u0142y interaktywne, anga\u017cuj\u0105ce i dostosowane do indywidualnych potrzeb. Jej praca to nie tylko zaw\u00f3d, ale i pasja, z mi\u0142o\u015bci\u0105 do przekazywania wiedzy. Prywatnie jest szcz\u0119\u015bliw\u0105 \u017con\u0105 i mam\u0105 dw\u00f3jki \u0142obuziak\u00f3w. Uwielbia p\u0142ywa\u0107, piec ciasta i aktywnie sp\u0119dza\u0107 wolny czas.&nbsp;<\/td>\n<\/tr>\n<tr style=\"height: 22px\">\n<td style=\"width: 19.8949%;height: 16px\"><img loading=\"lazy\" decoding=\"async\" class=\"alignnone wp-image-25701\" src=\"https:\/\/pb.edu.pl\/sjo\/wp-content\/uploads\/sites\/9\/2024\/04\/Sylwia-D-300x300.png\" alt=\"\" width=\"200\" height=\"200\" srcset=\"https:\/\/pb.edu.pl\/sjo\/wp-content\/uploads\/sites\/9\/2024\/04\/Sylwia-D-300x300.png 300w, https:\/\/pb.edu.pl\/sjo\/wp-content\/uploads\/sites\/9\/2024\/04\/Sylwia-D.png 500w\" sizes=\"auto, (max-width: 200px) 100vw, 200px\" \/><\/td>\n<td style=\"width: 80.1051%;height: 16px\"><strong>mgr Sylwia Dobkowska<\/strong> &#8211; wyk\u0142adowca j\u0119zyka polskiego jako obcego oraz j\u0119zyka angielskiego. Czynna egzaminatorka pa\u0144stwowych egzamin\u00f3w z j\u0119zyka polskiego jako obcego oraz egzaminatorka TELC z j\u0119zyka polskiego, tutorka I stopnia; w swojej pracy uwielbia kontakt z lud\u017ami i nawi\u0105zywanie relacji.<\/p>\n<p>&nbsp;<\/td>\n<\/tr>\n<tr style=\"height: 22px\">\n<td style=\"width: 19.8949%;height: 10px\"><a href=\"https:\/\/pb.edu.pl\/sjo\/wp-content\/uploads\/sites\/9\/2024\/12\/AP.png\"><img loading=\"lazy\" decoding=\"async\" class=\"alignnone wp-image-27725\" src=\"https:\/\/pb.edu.pl\/sjo\/wp-content\/uploads\/sites\/9\/2024\/12\/AP-300x300.png\" alt=\"\" width=\"200\" height=\"200\" srcset=\"https:\/\/pb.edu.pl\/sjo\/wp-content\/uploads\/sites\/9\/2024\/12\/AP-300x300.png 300w, https:\/\/pb.edu.pl\/sjo\/wp-content\/uploads\/sites\/9\/2024\/12\/AP.png 500w\" sizes=\"auto, (max-width: 200px) 100vw, 200px\" \/><\/a><\/p>\n<p>&nbsp;<\/td>\n<td style=\"width: 80.1051%;height: 10px\"><strong>mgr Agnieszka Polecka <\/strong>\u2013wyk\u0142adowca j\u0119zyka polskiego i rosyjskiego, egzaminatorka pa\u0144stwowych egzamin\u00f3w z j\u0119zyka polskiego oraz TELC. W swojej pracy koncentruje si\u0119 na indywidualnym podej\u015bciu do uczni\u00f3w. \u0141\u0105czy nauczanie j\u0119zyka polskiego z elementami kultury, dzi\u0119ki czemu wzbogaca proces edukacyjny i wspomaga student\u00f3w w pe\u0142nym opanowaniu j\u0119zyka.<strong><br \/>\n<\/strong>&nbsp;&nbsp;<\/td>\n<\/tr>\n<\/tbody>\n<\/table>\n<\/div>\n<p><span style=\"font-size: 18pt\">Wsp\u00f3pracujemy<\/span><\/p>\n<p><span style=\"font-family: verdana, geneva, sans-serif;font-size: 12pt\">ze \u015bwietnymi lektorami j\u0119zyka polskiego jako obcego oraz do\u015bwiadczonymi egzaminatorami podczas sesji pa\u0144stwowych egzamin\u00f3w certyfikatowych i egzamin\u00f3w telc. <\/span><\/p>\n<p><span style=\"font-family: verdana, geneva, sans-serif;font-size: 12pt\">Zapraszamy do wsp\u00f3\u0142pracy osoby z pasj\u0105 i do\u015bwiadczeniem.<\/span><\/p>\n<p>&nbsp;<\/p>\n<div id='gallery-1' class='gallery galleryid-25981 gallery-columns-4 gallery-size-medium'><figure class='gallery-item'>\n\t\t\t<div class='gallery-icon landscape'>\n\t\t\t\t<a href='https:\/\/pb.edu.pl\/sjo\/wp-content\/uploads\/sites\/9\/2025\/08\/IMG_20250622_152042-scaled.jpg'><img loading=\"lazy\" decoding=\"async\" width=\"300\" height=\"169\" src=\"https:\/\/pb.edu.pl\/sjo\/wp-content\/uploads\/sites\/9\/2025\/08\/IMG_20250622_152042-300x169.jpg\" class=\"attachment-medium size-medium\" alt=\"\" srcset=\"https:\/\/pb.edu.pl\/sjo\/wp-content\/uploads\/sites\/9\/2025\/08\/IMG_20250622_152042-300x169.jpg 300w, https:\/\/pb.edu.pl\/sjo\/wp-content\/uploads\/sites\/9\/2025\/08\/IMG_20250622_152042-1024x576.jpg 1024w, https:\/\/pb.edu.pl\/sjo\/wp-content\/uploads\/sites\/9\/2025\/08\/IMG_20250622_152042-768x432.jpg 768w, https:\/\/pb.edu.pl\/sjo\/wp-content\/uploads\/sites\/9\/2025\/08\/IMG_20250622_152042-1536x864.jpg 1536w, https:\/\/pb.edu.pl\/sjo\/wp-content\/uploads\/sites\/9\/2025\/08\/IMG_20250622_152042-2048x1152.jpg 2048w\" sizes=\"auto, (max-width: 300px) 100vw, 300px\" \/><\/a>\n\t\t\t<\/div><\/figure><figure class='gallery-item'>\n\t\t\t<div class='gallery-icon landscape'>\n\t\t\t\t<a href='https:\/\/pb.edu.pl\/sjo\/wp-content\/uploads\/sites\/9\/2025\/08\/IMG_20250621_131206-scaled-e1754597732924.jpg'><img loading=\"lazy\" decoding=\"async\" width=\"300\" height=\"171\" src=\"https:\/\/pb.edu.pl\/sjo\/wp-content\/uploads\/sites\/9\/2025\/08\/IMG_20250621_131206-scaled-e1754597732924-300x171.jpg\" class=\"attachment-medium size-medium\" alt=\"\" srcset=\"https:\/\/pb.edu.pl\/sjo\/wp-content\/uploads\/sites\/9\/2025\/08\/IMG_20250621_131206-scaled-e1754597732924-300x171.jpg 300w, https:\/\/pb.edu.pl\/sjo\/wp-content\/uploads\/sites\/9\/2025\/08\/IMG_20250621_131206-scaled-e1754597732924-1024x584.jpg 1024w, https:\/\/pb.edu.pl\/sjo\/wp-content\/uploads\/sites\/9\/2025\/08\/IMG_20250621_131206-scaled-e1754597732924-768x438.jpg 768w, https:\/\/pb.edu.pl\/sjo\/wp-content\/uploads\/sites\/9\/2025\/08\/IMG_20250621_131206-scaled-e1754597732924-1536x876.jpg 1536w, https:\/\/pb.edu.pl\/sjo\/wp-content\/uploads\/sites\/9\/2025\/08\/IMG_20250621_131206-scaled-e1754597732924.jpg 2020w\" sizes=\"auto, (max-width: 300px) 100vw, 300px\" \/><\/a>\n\t\t\t<\/div><\/figure><figure class='gallery-item'>\n\t\t\t<div class='gallery-icon landscape'>\n\t\t\t\t<a href='https:\/\/pb.edu.pl\/sjo\/wp-content\/uploads\/sites\/9\/2023\/06\/IMG_20230625_142220-1-scaled.jpg'><img loading=\"lazy\" decoding=\"async\" width=\"300\" height=\"169\" src=\"https:\/\/pb.edu.pl\/sjo\/wp-content\/uploads\/sites\/9\/2023\/06\/IMG_20230625_142220-1-300x169.jpg\" class=\"attachment-medium size-medium\" alt=\"\" srcset=\"https:\/\/pb.edu.pl\/sjo\/wp-content\/uploads\/sites\/9\/2023\/06\/IMG_20230625_142220-1-300x169.jpg 300w, https:\/\/pb.edu.pl\/sjo\/wp-content\/uploads\/sites\/9\/2023\/06\/IMG_20230625_142220-1-1024x576.jpg 1024w, https:\/\/pb.edu.pl\/sjo\/wp-content\/uploads\/sites\/9\/2023\/06\/IMG_20230625_142220-1-768x432.jpg 768w, https:\/\/pb.edu.pl\/sjo\/wp-content\/uploads\/sites\/9\/2023\/06\/IMG_20230625_142220-1-1536x864.jpg 1536w, https:\/\/pb.edu.pl\/sjo\/wp-content\/uploads\/sites\/9\/2023\/06\/IMG_20230625_142220-1-2048x1152.jpg 2048w\" sizes=\"auto, (max-width: 300px) 100vw, 300px\" \/><\/a>\n\t\t\t<\/div><\/figure><figure class='gallery-item'>\n\t\t\t<div class='gallery-icon landscape'>\n\t\t\t\t<a href='https:\/\/pb.edu.pl\/sjo\/wp-content\/uploads\/sites\/9\/2022\/06\/IMG_20220626_150751-scaled.jpg'><img loading=\"lazy\" decoding=\"async\" width=\"300\" height=\"169\" src=\"https:\/\/pb.edu.pl\/sjo\/wp-content\/uploads\/sites\/9\/2022\/06\/IMG_20220626_150751-300x169.jpg\" class=\"attachment-medium size-medium\" alt=\"\" srcset=\"https:\/\/pb.edu.pl\/sjo\/wp-content\/uploads\/sites\/9\/2022\/06\/IMG_20220626_150751-300x169.jpg 300w, https:\/\/pb.edu.pl\/sjo\/wp-content\/uploads\/sites\/9\/2022\/06\/IMG_20220626_150751-1024x576.jpg 1024w, https:\/\/pb.edu.pl\/sjo\/wp-content\/uploads\/sites\/9\/2022\/06\/IMG_20220626_150751-768x432.jpg 768w, https:\/\/pb.edu.pl\/sjo\/wp-content\/uploads\/sites\/9\/2022\/06\/IMG_20220626_150751-1536x864.jpg 1536w, https:\/\/pb.edu.pl\/sjo\/wp-content\/uploads\/sites\/9\/2022\/06\/IMG_20220626_150751-2048x1152.jpg 2048w\" sizes=\"auto, (max-width: 300px) 100vw, 300px\" \/><\/a>\n\t\t\t<\/div><\/figure>\n\t\t<\/div>\n\n<p>&nbsp;<\/p>\n<p><span style=\"font-family: verdana, geneva, sans-serif;font-size: 12pt\">W prezentowanym ni\u017cej materiale filmowym zarejestrowany zosta\u0142 kr\u00f3tki fragment lekcji j\u0119zyka polskiego. A przy okazji mo\u017cna obejrze\u0107 prac\u0119 Studium J\u0119zyk\u00f3w Obcych widzian\u0105 oczami zagranicznych student\u00f3w:<\/span><\/p>\n<p><a title=\"\" href=\"https:\/\/osrodki.pionier.tv\/wideo\/biaman\/erasmus-tour-cjo\/\"><span style=\"color: #0000ff\">https:\/\/osrodki.pionier.tv\/wideo\/biaman\/erasmus-tour-cjo\/<\/span><\/a><\/p>\n<div class=\"embed-responsive embed-responsive-16by9\">\n<blockquote class=\"wp-embedded-content\" data-secret=\"Ch5lvP7HX8\"><p><a href=\"https:\/\/osrodki.pionier.tv\/wideo\/biaman\/erasmus-tour-cjo\/\">Erasmus Tour Foreign Language Centre<\/a><\/p><\/blockquote>\n<p><iframe loading=\"lazy\" class=\"wp-embedded-content\" sandbox=\"allow-scripts\" security=\"restricted\" style=\"position: absolute; visibility: hidden;\" title=\"&#8222;Erasmus Tour Foreign Language Centre&#8221; &#8212; PIONIER TV O\u015aRODKI\" src=\"https:\/\/osrodki.pionier.tv\/wideo\/biaman\/erasmus-tour-cjo\/embed\/#?secret=5mK1CIDXZ6#?secret=Ch5lvP7HX8\" data-secret=\"Ch5lvP7HX8\" width=\"500\" height=\"282\" frameborder=\"0\" marginwidth=\"0\" marginheight=\"0\" scrolling=\"no\"><\/iframe><\/div>\n<p><a title=\"Otworzy si\u0119 w nowej karcie\" href=\"https:\/\/www.facebook.com\/polishlabBUT\" target=\"_blank\" rel=\"noopener\"><img loading=\"lazy\" decoding=\"async\" class=\"alignleft wp-image-8501\" src=\"https:\/\/pb.edu.pl\/sjo\/wp-content\/uploads\/sites\/9\/2020\/09\/facebook-logo.png\" alt=\"przejd\u017a do facebook Polishlab\" width=\"56\" height=\"56\" srcset=\"https:\/\/pb.edu.pl\/sjo\/wp-content\/uploads\/sites\/9\/2020\/09\/facebook-logo.png 309w, https:\/\/pb.edu.pl\/sjo\/wp-content\/uploads\/sites\/9\/2020\/09\/facebook-logo-300x300.png 300w\" sizes=\"auto, (max-width: 56px) 100vw, 56px\" \/><\/a><\/p>\n","protected":false},"excerpt":{"rendered":"<p>Centrum J\u0119zyka i Kultury Polskiej POLISH LAB powsta\u0142o z my\u015bl\u0105 o obcokrajowcach, kt\u00f3rzy mieszkaj\u0105 w\u015br\u00f3d<\/p>\n","protected":false},"author":6,"featured_media":0,"parent":8106,"menu_order":0,"comment_status":"closed","ping_status":"closed","template":"","meta":{"_acf_changed":false,"ngg_post_thumbnail":0,"footnotes":""},"class_list":["post-25981","page","type-page","status-publish","hentry"],"acf":[],"yoast_head":"<!-- This site is optimized with the Yoast SEO plugin v27.0 - https:\/\/yoast.com\/product\/yoast-seo-wordpress\/ -->\n<title>O nas - Studium J\u0119zyk\u00f3w Obcych<\/title>\n<meta name=\"description\" content=\"Centrum J\u0119zyka i Kultury Polskiej POLISH LAB powsta\u0142o z my\u015bl\u0105 o obcokrajowcach, kt\u00f3rzy mieszkaj\u0105 w\u015br\u00f3d nas oraz o Polakach osiedlonych za granic\u0105. Naszym\" \/>\n<meta name=\"robots\" content=\"index, follow, max-snippet:-1, max-image-preview:large, max-video-preview:-1\" \/>\n<link rel=\"canonical\" href=\"https:\/\/pb.edu.pl\/sjo\/polish-lab\/o-nas-2\/\" \/>\n<meta property=\"og:locale\" content=\"pl_PL\" \/>\n<meta property=\"og:type\" content=\"article\" \/>\n<meta property=\"og:title\" content=\"O nas - Studium J\u0119zyk\u00f3w Obcych\" \/>\n<meta property=\"og:description\" content=\"Centrum J\u0119zyka i Kultury Polskiej POLISH LAB powsta\u0142o z my\u015bl\u0105 o obcokrajowcach, kt\u00f3rzy mieszkaj\u0105 w\u015br\u00f3d nas oraz o Polakach osiedlonych za granic\u0105. Naszym\" \/>\n<meta property=\"og:url\" content=\"https:\/\/pb.edu.pl\/sjo\/polish-lab\/o-nas-2\/\" \/>\n<meta property=\"og:site_name\" content=\"Studium J\u0119zyk\u00f3w Obcych\" \/>\n<meta property=\"article:modified_time\" content=\"2026-01-29T23:07:43+00:00\" \/>\n<meta property=\"og:image\" content=\"https:\/\/pb.edu.pl\/sjo\/wp-content\/uploads\/sites\/9\/2025\/08\/IMG_20250622_152042-300x169.jpg\" \/>\n<meta name=\"twitter:label1\" content=\"Szacowany czas czytania\" \/>\n\t<meta name=\"twitter:data1\" content=\"5 minut\" \/>\n<script type=\"application\/ld+json\" class=\"yoast-schema-graph\">{\"@context\":\"https:\/\/schema.org\",\"@graph\":[{\"@type\":\"WebPage\",\"@id\":\"https:\/\/pb.edu.pl\/sjo\/polish-lab\/o-nas-2\/\",\"url\":\"https:\/\/pb.edu.pl\/sjo\/polish-lab\/o-nas-2\/\",\"name\":\"O nas - Studium J\u0119zyk\u00f3w Obcych\",\"isPartOf\":{\"@id\":\"https:\/\/pb.edu.pl\/sjo\/#website\"},\"primaryImageOfPage\":{\"@id\":\"https:\/\/pb.edu.pl\/sjo\/polish-lab\/o-nas-2\/#primaryimage\"},\"image\":{\"@id\":\"https:\/\/pb.edu.pl\/sjo\/polish-lab\/o-nas-2\/#primaryimage\"},\"thumbnailUrl\":\"https:\/\/pb.edu.pl\/sjo\/wp-content\/uploads\/sites\/9\/2024\/08\/AJD-2-300x300.png\",\"datePublished\":\"2024-05-28T12:28:50+00:00\",\"dateModified\":\"2026-01-29T23:07:43+00:00\",\"description\":\"Centrum J\u0119zyka i Kultury Polskiej POLISH LAB powsta\u0142o z my\u015bl\u0105 o obcokrajowcach, kt\u00f3rzy mieszkaj\u0105 w\u015br\u00f3d nas oraz o Polakach osiedlonych za granic\u0105. Naszym\",\"breadcrumb\":{\"@id\":\"https:\/\/pb.edu.pl\/sjo\/polish-lab\/o-nas-2\/#breadcrumb\"},\"inLanguage\":\"pl-PL\",\"potentialAction\":[{\"@type\":\"ReadAction\",\"target\":[\"https:\/\/pb.edu.pl\/sjo\/polish-lab\/o-nas-2\/\"]}]},{\"@type\":\"ImageObject\",\"inLanguage\":\"pl-PL\",\"@id\":\"https:\/\/pb.edu.pl\/sjo\/polish-lab\/o-nas-2\/#primaryimage\",\"url\":\"https:\/\/pb.edu.pl\/sjo\/wp-content\/uploads\/sites\/9\/2024\/08\/AJD-2.png\",\"contentUrl\":\"https:\/\/pb.edu.pl\/sjo\/wp-content\/uploads\/sites\/9\/2024\/08\/AJD-2.png\",\"width\":500,\"height\":500},{\"@type\":\"BreadcrumbList\",\"@id\":\"https:\/\/pb.edu.pl\/sjo\/polish-lab\/o-nas-2\/#breadcrumb\",\"itemListElement\":[{\"@type\":\"ListItem\",\"position\":1,\"name\":\"Home\",\"item\":\"https:\/\/pb.edu.pl\/sjo\/\"},{\"@type\":\"ListItem\",\"position\":2,\"name\":\"Centrum J\u0119zyka i Kultury Polskiej POLISH LAB\",\"item\":\"https:\/\/pb.edu.pl\/sjo\/polish-lab\/\"},{\"@type\":\"ListItem\",\"position\":3,\"name\":\"O nas\"}]},{\"@type\":\"WebSite\",\"@id\":\"https:\/\/pb.edu.pl\/sjo\/#website\",\"url\":\"https:\/\/pb.edu.pl\/sjo\/\",\"name\":\"Studium J\u0119zyk\u00f3w Obcych\",\"description\":\"\",\"potentialAction\":[{\"@type\":\"SearchAction\",\"target\":{\"@type\":\"EntryPoint\",\"urlTemplate\":\"https:\/\/pb.edu.pl\/sjo\/?s={search_term_string}\"},\"query-input\":{\"@type\":\"PropertyValueSpecification\",\"valueRequired\":true,\"valueName\":\"search_term_string\"}}],\"inLanguage\":\"pl-PL\"}]}<\/script>\n<!-- \/ Yoast SEO plugin. -->","yoast_head_json":{"title":"O nas - Studium J\u0119zyk\u00f3w Obcych","description":"Centrum J\u0119zyka i Kultury Polskiej POLISH LAB powsta\u0142o z my\u015bl\u0105 o obcokrajowcach, kt\u00f3rzy mieszkaj\u0105 w\u015br\u00f3d nas oraz o Polakach osiedlonych za granic\u0105. Naszym","robots":{"index":"index","follow":"follow","max-snippet":"max-snippet:-1","max-image-preview":"max-image-preview:large","max-video-preview":"max-video-preview:-1"},"canonical":"https:\/\/pb.edu.pl\/sjo\/polish-lab\/o-nas-2\/","og_locale":"pl_PL","og_type":"article","og_title":"O nas - Studium J\u0119zyk\u00f3w Obcych","og_description":"Centrum J\u0119zyka i Kultury Polskiej POLISH LAB powsta\u0142o z my\u015bl\u0105 o obcokrajowcach, kt\u00f3rzy mieszkaj\u0105 w\u015br\u00f3d nas oraz o Polakach osiedlonych za granic\u0105. Naszym","og_url":"https:\/\/pb.edu.pl\/sjo\/polish-lab\/o-nas-2\/","og_site_name":"Studium J\u0119zyk\u00f3w Obcych","article_modified_time":"2026-01-29T23:07:43+00:00","og_image":[{"url":"https:\/\/pb.edu.pl\/sjo\/wp-content\/uploads\/sites\/9\/2025\/08\/IMG_20250622_152042-300x169.jpg","type":"","width":"","height":""}],"twitter_misc":{"Szacowany czas czytania":"5 minut"},"schema":{"@context":"https:\/\/schema.org","@graph":[{"@type":"WebPage","@id":"https:\/\/pb.edu.pl\/sjo\/polish-lab\/o-nas-2\/","url":"https:\/\/pb.edu.pl\/sjo\/polish-lab\/o-nas-2\/","name":"O nas - Studium J\u0119zyk\u00f3w Obcych","isPartOf":{"@id":"https:\/\/pb.edu.pl\/sjo\/#website"},"primaryImageOfPage":{"@id":"https:\/\/pb.edu.pl\/sjo\/polish-lab\/o-nas-2\/#primaryimage"},"image":{"@id":"https:\/\/pb.edu.pl\/sjo\/polish-lab\/o-nas-2\/#primaryimage"},"thumbnailUrl":"https:\/\/pb.edu.pl\/sjo\/wp-content\/uploads\/sites\/9\/2024\/08\/AJD-2-300x300.png","datePublished":"2024-05-28T12:28:50+00:00","dateModified":"2026-01-29T23:07:43+00:00","description":"Centrum J\u0119zyka i Kultury Polskiej POLISH LAB powsta\u0142o z my\u015bl\u0105 o obcokrajowcach, kt\u00f3rzy mieszkaj\u0105 w\u015br\u00f3d nas oraz o Polakach osiedlonych za granic\u0105. Naszym","breadcrumb":{"@id":"https:\/\/pb.edu.pl\/sjo\/polish-lab\/o-nas-2\/#breadcrumb"},"inLanguage":"pl-PL","potentialAction":[{"@type":"ReadAction","target":["https:\/\/pb.edu.pl\/sjo\/polish-lab\/o-nas-2\/"]}]},{"@type":"ImageObject","inLanguage":"pl-PL","@id":"https:\/\/pb.edu.pl\/sjo\/polish-lab\/o-nas-2\/#primaryimage","url":"https:\/\/pb.edu.pl\/sjo\/wp-content\/uploads\/sites\/9\/2024\/08\/AJD-2.png","contentUrl":"https:\/\/pb.edu.pl\/sjo\/wp-content\/uploads\/sites\/9\/2024\/08\/AJD-2.png","width":500,"height":500},{"@type":"BreadcrumbList","@id":"https:\/\/pb.edu.pl\/sjo\/polish-lab\/o-nas-2\/#breadcrumb","itemListElement":[{"@type":"ListItem","position":1,"name":"Home","item":"https:\/\/pb.edu.pl\/sjo\/"},{"@type":"ListItem","position":2,"name":"Centrum J\u0119zyka i Kultury Polskiej POLISH LAB","item":"https:\/\/pb.edu.pl\/sjo\/polish-lab\/"},{"@type":"ListItem","position":3,"name":"O nas"}]},{"@type":"WebSite","@id":"https:\/\/pb.edu.pl\/sjo\/#website","url":"https:\/\/pb.edu.pl\/sjo\/","name":"Studium J\u0119zyk\u00f3w Obcych","description":"","potentialAction":[{"@type":"SearchAction","target":{"@type":"EntryPoint","urlTemplate":"https:\/\/pb.edu.pl\/sjo\/?s={search_term_string}"},"query-input":{"@type":"PropertyValueSpecification","valueRequired":true,"valueName":"search_term_string"}}],"inLanguage":"pl-PL"}]}},"_links":{"self":[{"href":"https:\/\/pb.edu.pl\/sjo\/wp-json\/wp\/v2\/pages\/25981","targetHints":{"allow":["GET"]}}],"collection":[{"href":"https:\/\/pb.edu.pl\/sjo\/wp-json\/wp\/v2\/pages"}],"about":[{"href":"https:\/\/pb.edu.pl\/sjo\/wp-json\/wp\/v2\/types\/page"}],"author":[{"embeddable":true,"href":"https:\/\/pb.edu.pl\/sjo\/wp-json\/wp\/v2\/users\/6"}],"replies":[{"embeddable":true,"href":"https:\/\/pb.edu.pl\/sjo\/wp-json\/wp\/v2\/comments?post=25981"}],"version-history":[{"count":3,"href":"https:\/\/pb.edu.pl\/sjo\/wp-json\/wp\/v2\/pages\/25981\/revisions"}],"predecessor-version":[{"id":30547,"href":"https:\/\/pb.edu.pl\/sjo\/wp-json\/wp\/v2\/pages\/25981\/revisions\/30547"}],"up":[{"embeddable":true,"href":"https:\/\/pb.edu.pl\/sjo\/wp-json\/wp\/v2\/pages\/8106"}],"wp:attachment":[{"href":"https:\/\/pb.edu.pl\/sjo\/wp-json\/wp\/v2\/media?parent=25981"}],"curies":[{"name":"wp","href":"https:\/\/api.w.org\/{rel}","templated":true}]}}