{"id":25858,"date":"2024-05-24T15:03:04","date_gmt":"2024-05-24T13:03:04","guid":{"rendered":"https:\/\/pb.edu.pl\/sjo\/?page_id=25858"},"modified":"2025-05-27T10:41:26","modified_gmt":"2025-05-27T08:41:26","slug":"polski-spiewajaco","status":"publish","type":"page","link":"https:\/\/pb.edu.pl\/sjo\/polish-lab\/wydarzenia-kulturalne\/imprezy-kulturalne\/polski-spiewajaco\/","title":{"rendered":"Polski \u015bpiewaj\u0105co"},"content":{"rendered":"<p><span style=\"font-family: verdana, geneva, sans-serif;font-size: 12pt\">13 maja 2024 r. w ramach XX Podlaskiego Festiwalu Nauki i Sztuki Centrum J\u0119zyka i Kultury Polskiej POLISH LAB dedykowa\u0142o imprez\u0119 obcokrajowcom ucz\u0105cym si\u0119 j\u0119zyka polskiego.<\/span><\/p>\n<p><span style=\"font-family: verdana, geneva, sans-serif;font-size: 12pt\">Studenci z programu Erasmus b\u0119d\u0105cy w Bia\u0142ymstoku zapoznawali si\u0119 z j\u0119zykiem polskim \u015bpiewaj\u0105co:-)<\/span><\/p>\n<p><span style=\"font-family: verdana, geneva, sans-serif;font-size: 12pt\">Specjalnie dla nich zosta\u0142 przygotowany materia\u0142 dydaktyczny. Mgr Dorota Szuper-Jakubiuk konsultantka metodyczna w Centrum POLISH LAB dobra\u0142a znane polskie utwory muzyczne, a nast\u0119pnie u\u0142o\u017cy\u0142a \u0107wiczenia tak, aby studenci z zagranicy us\u0142yszeli, zrozumieli, powt\u00f3rzyli i napisali wybrane s\u0142owa. Owocem tej pracy by\u0142 wsp\u00f3lny \u015bpiew utwor\u00f3w Krzysztofa Krawczyka.<\/span><\/p>\n<p><span style=\"font-family: verdana, geneva, sans-serif;font-size: 12pt\">By\u0142o melodyjnie, refleksyjnie i rado\u015bnie:-) Bo jak nie cieszy\u0107 si\u0119 z tego, \u017ce obcoj\u0119zyczni studenci, kt\u00f3rzy niedawno rozpocz\u0119li swoj\u0105 przygod\u0119 z polsk\u0105 kultur\u0105, wychodz\u0105c po zaj\u0119ciach, nucili jedn\u0105 z pi\u0119kniejszych piosenek &#8222;Bo jeste\u015b Ty&#8221; i powtarzali jej s\u0142owa:-)<\/span><\/p>\n<p><span style=\"font-family: verdana, geneva, sans-serif;font-size: 12pt\">Zreszt\u0105 zobaczcie sami:<\/span><\/p>\nngg_shortcode_0_placeholder\n","protected":false},"excerpt":{"rendered":"<p>13 maja 2024 r. w ramach XX Podlaskiego Festiwalu Nauki i Sztuki Centrum J\u0119zyka i<\/p>\n","protected":false},"author":77,"featured_media":0,"parent":26304,"menu_order":0,"comment_status":"closed","ping_status":"closed","template":"","meta":{"_acf_changed":false,"ngg_post_thumbnail":0,"footnotes":""},"class_list":["post-25858","page","type-page","status-publish","hentry"],"acf":[],"yoast_head":"<!-- This site is optimized with the Yoast SEO plugin v27.0 - https:\/\/yoast.com\/product\/yoast-seo-wordpress\/ -->\n<title>Polski \u015bpiewaj\u0105co - Studium J\u0119zyk\u00f3w Obcych<\/title>\n<meta name=\"description\" content=\"13 maja 2024 r. w ramach XX Podlaskiego Festiwalu Nauki i Sztuki Centrum J\u0119zyka i Kultury Polskiej POLISH LAB dedykowa\u0142o imprez\u0119 obcokrajowcom ucz\u0105cym si\u0119\" \/>\n<meta name=\"robots\" content=\"index, follow, max-snippet:-1, max-image-preview:large, max-video-preview:-1\" \/>\n<link rel=\"canonical\" href=\"https:\/\/pb.edu.pl\/sjo\/polish-lab\/wydarzenia-kulturalne\/imprezy-kulturalne\/polski-spiewajaco\/\" \/>\n<meta property=\"og:locale\" content=\"pl_PL\" \/>\n<meta property=\"og:type\" content=\"article\" \/>\n<meta property=\"og:title\" content=\"Polski \u015bpiewaj\u0105co - Studium J\u0119zyk\u00f3w Obcych\" \/>\n<meta property=\"og:description\" content=\"13 maja 2024 r. w ramach XX Podlaskiego Festiwalu Nauki i Sztuki Centrum J\u0119zyka i Kultury Polskiej POLISH LAB dedykowa\u0142o imprez\u0119 obcokrajowcom ucz\u0105cym si\u0119\" \/>\n<meta property=\"og:url\" content=\"https:\/\/pb.edu.pl\/sjo\/polish-lab\/wydarzenia-kulturalne\/imprezy-kulturalne\/polski-spiewajaco\/\" \/>\n<meta property=\"og:site_name\" content=\"Studium J\u0119zyk\u00f3w Obcych\" \/>\n<meta property=\"article:modified_time\" content=\"2025-05-27T08:41:26+00:00\" \/>\n<meta name=\"twitter:label1\" content=\"Szacowany czas czytania\" \/>\n\t<meta name=\"twitter:data1\" content=\"1 minuta\" \/>\n<script type=\"application\/ld+json\" class=\"yoast-schema-graph\">{\"@context\":\"https:\/\/schema.org\",\"@graph\":[{\"@type\":\"WebPage\",\"@id\":\"https:\/\/pb.edu.pl\/sjo\/polish-lab\/wydarzenia-kulturalne\/imprezy-kulturalne\/polski-spiewajaco\/\",\"url\":\"https:\/\/pb.edu.pl\/sjo\/polish-lab\/wydarzenia-kulturalne\/imprezy-kulturalne\/polski-spiewajaco\/\",\"name\":\"Polski \u015bpiewaj\u0105co - Studium J\u0119zyk\u00f3w Obcych\",\"isPartOf\":{\"@id\":\"https:\/\/pb.edu.pl\/sjo\/#website\"},\"datePublished\":\"2024-05-24T13:03:04+00:00\",\"dateModified\":\"2025-05-27T08:41:26+00:00\",\"description\":\"13 maja 2024 r. w ramach XX Podlaskiego Festiwalu Nauki i Sztuki Centrum J\u0119zyka i Kultury Polskiej POLISH LAB dedykowa\u0142o imprez\u0119 obcokrajowcom ucz\u0105cym si\u0119\",\"breadcrumb\":{\"@id\":\"https:\/\/pb.edu.pl\/sjo\/polish-lab\/wydarzenia-kulturalne\/imprezy-kulturalne\/polski-spiewajaco\/#breadcrumb\"},\"inLanguage\":\"pl-PL\",\"potentialAction\":[{\"@type\":\"ReadAction\",\"target\":[\"https:\/\/pb.edu.pl\/sjo\/polish-lab\/wydarzenia-kulturalne\/imprezy-kulturalne\/polski-spiewajaco\/\"]}]},{\"@type\":\"BreadcrumbList\",\"@id\":\"https:\/\/pb.edu.pl\/sjo\/polish-lab\/wydarzenia-kulturalne\/imprezy-kulturalne\/polski-spiewajaco\/#breadcrumb\",\"itemListElement\":[{\"@type\":\"ListItem\",\"position\":1,\"name\":\"Home\",\"item\":\"https:\/\/pb.edu.pl\/sjo\/\"},{\"@type\":\"ListItem\",\"position\":2,\"name\":\"Centrum J\u0119zyka i Kultury Polskiej POLISH LAB\",\"item\":\"https:\/\/pb.edu.pl\/sjo\/polish-lab\/\"},{\"@type\":\"ListItem\",\"position\":3,\"name\":\"Wydarzenia kulturalne\",\"item\":\"https:\/\/pb.edu.pl\/sjo\/polish-lab\/wydarzenia-kulturalne\/\"},{\"@type\":\"ListItem\",\"position\":4,\"name\":\"Imprezy kulturalne\",\"item\":\"https:\/\/pb.edu.pl\/sjo\/polish-lab\/wydarzenia-kulturalne\/imprezy-kulturalne\/\"},{\"@type\":\"ListItem\",\"position\":5,\"name\":\"Polski \u015bpiewaj\u0105co\"}]},{\"@type\":\"WebSite\",\"@id\":\"https:\/\/pb.edu.pl\/sjo\/#website\",\"url\":\"https:\/\/pb.edu.pl\/sjo\/\",\"name\":\"Studium J\u0119zyk\u00f3w Obcych\",\"description\":\"\",\"potentialAction\":[{\"@type\":\"SearchAction\",\"target\":{\"@type\":\"EntryPoint\",\"urlTemplate\":\"https:\/\/pb.edu.pl\/sjo\/?s={search_term_string}\"},\"query-input\":{\"@type\":\"PropertyValueSpecification\",\"valueRequired\":true,\"valueName\":\"search_term_string\"}}],\"inLanguage\":\"pl-PL\"}]}<\/script>\n<!-- \/ Yoast SEO plugin. -->","yoast_head_json":{"title":"Polski \u015bpiewaj\u0105co - Studium J\u0119zyk\u00f3w Obcych","description":"13 maja 2024 r. w ramach XX Podlaskiego Festiwalu Nauki i Sztuki Centrum J\u0119zyka i Kultury Polskiej POLISH LAB dedykowa\u0142o imprez\u0119 obcokrajowcom ucz\u0105cym si\u0119","robots":{"index":"index","follow":"follow","max-snippet":"max-snippet:-1","max-image-preview":"max-image-preview:large","max-video-preview":"max-video-preview:-1"},"canonical":"https:\/\/pb.edu.pl\/sjo\/polish-lab\/wydarzenia-kulturalne\/imprezy-kulturalne\/polski-spiewajaco\/","og_locale":"pl_PL","og_type":"article","og_title":"Polski \u015bpiewaj\u0105co - Studium J\u0119zyk\u00f3w Obcych","og_description":"13 maja 2024 r. w ramach XX Podlaskiego Festiwalu Nauki i Sztuki Centrum J\u0119zyka i Kultury Polskiej POLISH LAB dedykowa\u0142o imprez\u0119 obcokrajowcom ucz\u0105cym si\u0119","og_url":"https:\/\/pb.edu.pl\/sjo\/polish-lab\/wydarzenia-kulturalne\/imprezy-kulturalne\/polski-spiewajaco\/","og_site_name":"Studium J\u0119zyk\u00f3w Obcych","article_modified_time":"2025-05-27T08:41:26+00:00","twitter_misc":{"Szacowany czas czytania":"1 minuta"},"schema":{"@context":"https:\/\/schema.org","@graph":[{"@type":"WebPage","@id":"https:\/\/pb.edu.pl\/sjo\/polish-lab\/wydarzenia-kulturalne\/imprezy-kulturalne\/polski-spiewajaco\/","url":"https:\/\/pb.edu.pl\/sjo\/polish-lab\/wydarzenia-kulturalne\/imprezy-kulturalne\/polski-spiewajaco\/","name":"Polski \u015bpiewaj\u0105co - Studium J\u0119zyk\u00f3w Obcych","isPartOf":{"@id":"https:\/\/pb.edu.pl\/sjo\/#website"},"datePublished":"2024-05-24T13:03:04+00:00","dateModified":"2025-05-27T08:41:26+00:00","description":"13 maja 2024 r. w ramach XX Podlaskiego Festiwalu Nauki i Sztuki Centrum J\u0119zyka i Kultury Polskiej POLISH LAB dedykowa\u0142o imprez\u0119 obcokrajowcom ucz\u0105cym si\u0119","breadcrumb":{"@id":"https:\/\/pb.edu.pl\/sjo\/polish-lab\/wydarzenia-kulturalne\/imprezy-kulturalne\/polski-spiewajaco\/#breadcrumb"},"inLanguage":"pl-PL","potentialAction":[{"@type":"ReadAction","target":["https:\/\/pb.edu.pl\/sjo\/polish-lab\/wydarzenia-kulturalne\/imprezy-kulturalne\/polski-spiewajaco\/"]}]},{"@type":"BreadcrumbList","@id":"https:\/\/pb.edu.pl\/sjo\/polish-lab\/wydarzenia-kulturalne\/imprezy-kulturalne\/polski-spiewajaco\/#breadcrumb","itemListElement":[{"@type":"ListItem","position":1,"name":"Home","item":"https:\/\/pb.edu.pl\/sjo\/"},{"@type":"ListItem","position":2,"name":"Centrum J\u0119zyka i Kultury Polskiej POLISH LAB","item":"https:\/\/pb.edu.pl\/sjo\/polish-lab\/"},{"@type":"ListItem","position":3,"name":"Wydarzenia kulturalne","item":"https:\/\/pb.edu.pl\/sjo\/polish-lab\/wydarzenia-kulturalne\/"},{"@type":"ListItem","position":4,"name":"Imprezy kulturalne","item":"https:\/\/pb.edu.pl\/sjo\/polish-lab\/wydarzenia-kulturalne\/imprezy-kulturalne\/"},{"@type":"ListItem","position":5,"name":"Polski \u015bpiewaj\u0105co"}]},{"@type":"WebSite","@id":"https:\/\/pb.edu.pl\/sjo\/#website","url":"https:\/\/pb.edu.pl\/sjo\/","name":"Studium J\u0119zyk\u00f3w Obcych","description":"","potentialAction":[{"@type":"SearchAction","target":{"@type":"EntryPoint","urlTemplate":"https:\/\/pb.edu.pl\/sjo\/?s={search_term_string}"},"query-input":{"@type":"PropertyValueSpecification","valueRequired":true,"valueName":"search_term_string"}}],"inLanguage":"pl-PL"}]}},"_links":{"self":[{"href":"https:\/\/pb.edu.pl\/sjo\/wp-json\/wp\/v2\/pages\/25858","targetHints":{"allow":["GET"]}}],"collection":[{"href":"https:\/\/pb.edu.pl\/sjo\/wp-json\/wp\/v2\/pages"}],"about":[{"href":"https:\/\/pb.edu.pl\/sjo\/wp-json\/wp\/v2\/types\/page"}],"author":[{"embeddable":true,"href":"https:\/\/pb.edu.pl\/sjo\/wp-json\/wp\/v2\/users\/77"}],"replies":[{"embeddable":true,"href":"https:\/\/pb.edu.pl\/sjo\/wp-json\/wp\/v2\/comments?post=25858"}],"version-history":[{"count":0,"href":"https:\/\/pb.edu.pl\/sjo\/wp-json\/wp\/v2\/pages\/25858\/revisions"}],"up":[{"embeddable":true,"href":"https:\/\/pb.edu.pl\/sjo\/wp-json\/wp\/v2\/pages\/26304"}],"wp:attachment":[{"href":"https:\/\/pb.edu.pl\/sjo\/wp-json\/wp\/v2\/media?parent=25858"}],"curies":[{"name":"wp","href":"https:\/\/api.w.org\/{rel}","templated":true}]}}