{"id":25491,"date":"2024-04-22T10:54:22","date_gmt":"2024-04-22T08:54:22","guid":{"rendered":"https:\/\/pb.edu.pl\/sjo\/?page_id=25491"},"modified":"2024-05-09T13:34:47","modified_gmt":"2024-05-09T11:34:47","slug":"media","status":"publish","type":"page","link":"https:\/\/pb.edu.pl\/sjo\/wydarzenia-sjo\/jubileusz-60-lecia-sjo\/media\/","title":{"rendered":"Media"},"content":{"rendered":"ngg_shortcode_0_placeholder\n&nbsp;<\/p>\n<div class=\"mixcloud\">\n<div class=\"embed-responsive embed-responsive-16by9\"><iframe loading=\"lazy\" title=\"Zasi\u0119gn\u0105\u0107 J\u0119zyka - Jubileusz Studium J\u0119zyk\u00f3w Obcych Pb\" width=\"100%\" height=\"120\" src=\"https:\/\/www.mixcloud.com\/widget\/iframe\/?feed=https%3A%2F%2Fwww.mixcloud.com%2FRADIO_AKADERA_87_7FM%2Fzasi%25C4%2599gn%25C4%2585%25C4%2587-j%25C4%2599zyka-jubileusz-studium-j%25C4%2599zyk%25C3%25B3w-obcych-pb%2F&amp;hide_cover=1\" frameborder=\"0\" allow=\"encrypted-media; fullscreen; autoplay; idle-detection; speaker-selection; web-share;\"><\/iframe><\/div>\n<\/div>\n<p>&nbsp;<\/p>\n<div class=\"mixcloud\">\n<div class=\"embed-responsive embed-responsive-16by9\"><iframe loading=\"lazy\" title=\"Zasi\u0119gn\u0105\u0107 J\u0119zyka - Jubileusz Studium J\u0119zyk\u00f3w Obcych Politechniki Bia\u0142ostockiej\" width=\"100%\" height=\"120\" src=\"https:\/\/www.mixcloud.com\/widget\/iframe\/?feed=https%3A%2F%2Fwww.mixcloud.com%2FRADIO_AKADERA_87_7FM%2Fzasi%25C4%2599gn%25C4%2585%25C4%2587-j%25C4%2599zyka-jubileusz-studium-j%25C4%2599zyk%25C3%25B3w-obcych-politechniki-bia%25C5%2582ostockiej%2F&amp;hide_cover=1\" frameborder=\"0\" allow=\"encrypted-media; fullscreen; autoplay; idle-detection; speaker-selection; web-share;\"><\/iframe><\/div>\n<\/div>\n<p>&nbsp;<br \/>\nRelacja z wydarzenia <a href=\"https:\/\/pb.edu.pl\/2024\/04\/18\/studium-jezykow-obcych-pb-uczcilo-60-lecie-dzialalnosci\/\">ze strony Politechniki Bia\u0142ostockiej<\/a>.<\/p>\n<p><a href=\"https:\/\/poranny.pl\/studium-jezykow-obcych-pb-obchodzilo-swoje-60lecie-byla-konferencja-uroczyste-odsloniecie-muralu-i-muzyczna-rywalizacja\/ar\/c5-18469253\">Kurier Poranny<\/a> napisa\u0142 o nas.<\/p>\n<p>Informacje ze strony <a href=\"https:\/\/akadera.bialystok.pl\/jubileusz-60-lecia-studium-jezykow-obcych-politechniki-bialostockiej\/\">Radia Akadera<\/a>.&nbsp;<\/p>\n<div class=\"row\">\n<div class=\"col-sm-6\">\n<div class=\"embed-responsive embed-responsive-16by9\"><iframe loading=\"lazy\" title=\"Studium J\u0119zyk\u00f3w Obcych PB ma 60 lat! Rektor dr hab. in\u017c. Marta Kosior-Kazberuk, prof. PB\" width=\"500\" height=\"281\" src=\"https:\/\/www.youtube.com\/embed\/qA30qmWEdqU?feature=oembed\" frameborder=\"0\" allow=\"accelerometer; autoplay; clipboard-write; encrypted-media; gyroscope; picture-in-picture; web-share\" referrerpolicy=\"strict-origin-when-cross-origin\" allowfullscreen><\/iframe><\/div>\n<\/div>\n<\/div>\n<p>&nbsp;<\/p>\n<div class=\"row\">\n<div class=\"col-sm-6\">\n<div class=\"embed-responsive embed-responsive-16by9\"><iframe loading=\"lazy\" title=\"Studium J\u0119zyk\u00f3w Obcych Politechniki Bia\u0142ostockiej ma 60 lat! Mgr Violetta Grabi\u0144ska\" width=\"500\" height=\"281\" src=\"https:\/\/www.youtube.com\/embed\/ERS_Fv11R1g?feature=oembed\" frameborder=\"0\" allow=\"accelerometer; autoplay; clipboard-write; encrypted-media; gyroscope; picture-in-picture; web-share\" referrerpolicy=\"strict-origin-when-cross-origin\" allowfullscreen><\/iframe><\/div>\n<\/div>\n<\/div>\n<p>&nbsp;<\/p>\n<div class=\"row\">\n<div class=\"col-sm-6\">\n<div class=\"embed-responsive embed-responsive-16by9\"><iframe loading=\"lazy\" title=\"Studium J\u0119zyk\u00f3w Obcych Politechniki Bia\u0142ostockiej ma 60 lat! Mgr Ma\u0142gorzata Komarewska\" width=\"500\" height=\"281\" src=\"https:\/\/www.youtube.com\/embed\/BBQ1swWXSHs?feature=oembed\" frameborder=\"0\" allow=\"accelerometer; autoplay; clipboard-write; encrypted-media; gyroscope; picture-in-picture; web-share\" referrerpolicy=\"strict-origin-when-cross-origin\" allowfullscreen><\/iframe><\/div>\n<\/div>\n<\/div>\n<p>&nbsp;<\/p>\n<div class=\"row\">\n<div class=\"col-sm-6\">\n<div class=\"embed-responsive embed-responsive-16by9\"><iframe loading=\"lazy\" title=\"Studium J\u0119zyk\u00f3w Obcych Politechniki Bia\u0142ostockiej ma 60 lat! Mgr Sylwia Dobkowska\" width=\"500\" height=\"281\" src=\"https:\/\/www.youtube.com\/embed\/2vXcMjqSFMU?feature=oembed\" frameborder=\"0\" allow=\"accelerometer; autoplay; clipboard-write; encrypted-media; gyroscope; picture-in-picture; web-share\" referrerpolicy=\"strict-origin-when-cross-origin\" allowfullscreen><\/iframe><\/div>\n<\/div>\n<\/div>\n<p>&nbsp;<\/p>\n<div class=\"row\">\n<div class=\"col-sm-6\">\n<div class=\"embed-responsive embed-responsive-16by9\"><iframe loading=\"lazy\" title=\"Studium J\u0119zyk\u00f3w Obcych PB ma 60 lat! Odznaczenie dla mgr Aliny Jab\u0142o\u0144skiej Domurat\" width=\"500\" height=\"281\" src=\"https:\/\/www.youtube.com\/embed\/eV6WJ0C47tA?feature=oembed\" frameborder=\"0\" allow=\"accelerometer; autoplay; clipboard-write; encrypted-media; gyroscope; picture-in-picture; web-share\" referrerpolicy=\"strict-origin-when-cross-origin\" allowfullscreen><\/iframe><\/div>\n<\/div>\n<\/div>\n<p>&nbsp;<br \/>\n<img loading=\"lazy\" decoding=\"async\" class=\"alignleft wp-image-24922 size-full\" src=\"https:\/\/pb.edu.pl\/sjo\/wp-content\/uploads\/sites\/9\/2024\/04\/PATRONAT-HONOROWY-i-MEDIA-1140-x-100-px-1.png\" alt=\"\" width=\"1140\" height=\"100\" srcset=\"https:\/\/pb.edu.pl\/sjo\/wp-content\/uploads\/sites\/9\/2024\/04\/PATRONAT-HONOROWY-i-MEDIA-1140-x-100-px-1.png 1140w, https:\/\/pb.edu.pl\/sjo\/wp-content\/uploads\/sites\/9\/2024\/04\/PATRONAT-HONOROWY-i-MEDIA-1140-x-100-px-1-300x26.png 300w, https:\/\/pb.edu.pl\/sjo\/wp-content\/uploads\/sites\/9\/2024\/04\/PATRONAT-HONOROWY-i-MEDIA-1140-x-100-px-1-1024x90.png 1024w, https:\/\/pb.edu.pl\/sjo\/wp-content\/uploads\/sites\/9\/2024\/04\/PATRONAT-HONOROWY-i-MEDIA-1140-x-100-px-1-768x67.png 768w\" sizes=\"auto, (max-width: 1140px) 100vw, 1140px\" \/><\/p>\nngg_shortcode_1_placeholder\n","protected":false},"excerpt":{"rendered":"<p>&nbsp; &nbsp; &nbsp; Relacja z wydarzenia ze strony Politechniki Bia\u0142ostockiej. Kurier Poranny napisa\u0142 o nas.<\/p>\n","protected":false},"author":6,"featured_media":0,"parent":23718,"menu_order":0,"comment_status":"closed","ping_status":"closed","template":"","meta":{"_acf_changed":false,"ngg_post_thumbnail":0,"footnotes":""},"class_list":["post-25491","page","type-page","status-publish","hentry"],"acf":[],"yoast_head":"<!-- This site is optimized with the Yoast SEO plugin v27.0 - https:\/\/yoast.com\/product\/yoast-seo-wordpress\/ -->\n<title>Media - Studium J\u0119zyk\u00f3w Obcych<\/title>\n<meta name=\"description\" content=\"&nbsp; https:\/\/www.mixcloud.com\/RADIO_AKADERA_87_7FM\/zasi\u0119gn\u0105\u0107-j\u0119zyka-jubileusz-studium-j\u0119zyk\u00f3w-obcych-pb\/ &nbsp;\" \/>\n<meta name=\"robots\" content=\"index, follow, max-snippet:-1, max-image-preview:large, max-video-preview:-1\" \/>\n<link rel=\"canonical\" href=\"https:\/\/pb.edu.pl\/sjo\/wydarzenia-sjo\/jubileusz-60-lecia-sjo\/media\/\" \/>\n<meta property=\"og:locale\" content=\"pl_PL\" \/>\n<meta property=\"og:type\" content=\"article\" \/>\n<meta property=\"og:title\" content=\"Media - Studium J\u0119zyk\u00f3w Obcych\" \/>\n<meta property=\"og:description\" content=\"&nbsp; https:\/\/www.mixcloud.com\/RADIO_AKADERA_87_7FM\/zasi\u0119gn\u0105\u0107-j\u0119zyka-jubileusz-studium-j\u0119zyk\u00f3w-obcych-pb\/ &nbsp;\" \/>\n<meta property=\"og:url\" content=\"https:\/\/pb.edu.pl\/sjo\/wydarzenia-sjo\/jubileusz-60-lecia-sjo\/media\/\" \/>\n<meta property=\"og:site_name\" content=\"Studium J\u0119zyk\u00f3w Obcych\" \/>\n<meta property=\"article:modified_time\" content=\"2024-05-09T11:34:47+00:00\" \/>\n<meta property=\"og:image\" content=\"https:\/\/pb.edu.pl\/sjo\/wp-content\/uploads\/sites\/9\/2024\/04\/PATRONAT-HONOROWY-i-MEDIA-1140-x-100-px-1.png\" \/>\n<meta name=\"twitter:label1\" content=\"Szacowany czas czytania\" \/>\n\t<meta name=\"twitter:data1\" content=\"1 minuta\" \/>\n<script type=\"application\/ld+json\" class=\"yoast-schema-graph\">{\"@context\":\"https:\/\/schema.org\",\"@graph\":[{\"@type\":\"WebPage\",\"@id\":\"https:\/\/pb.edu.pl\/sjo\/wydarzenia-sjo\/jubileusz-60-lecia-sjo\/media\/\",\"url\":\"https:\/\/pb.edu.pl\/sjo\/wydarzenia-sjo\/jubileusz-60-lecia-sjo\/media\/\",\"name\":\"Media - Studium J\u0119zyk\u00f3w Obcych\",\"isPartOf\":{\"@id\":\"https:\/\/pb.edu.pl\/sjo\/#website\"},\"primaryImageOfPage\":{\"@id\":\"https:\/\/pb.edu.pl\/sjo\/wydarzenia-sjo\/jubileusz-60-lecia-sjo\/media\/#primaryimage\"},\"image\":{\"@id\":\"https:\/\/pb.edu.pl\/sjo\/wydarzenia-sjo\/jubileusz-60-lecia-sjo\/media\/#primaryimage\"},\"thumbnailUrl\":\"https:\/\/pb.edu.pl\/sjo\/wp-content\/uploads\/sites\/9\/2024\/04\/PATRONAT-HONOROWY-i-MEDIA-1140-x-100-px-1.png\",\"datePublished\":\"2024-04-22T08:54:22+00:00\",\"dateModified\":\"2024-05-09T11:34:47+00:00\",\"description\":\"&nbsp; https:\/\/www.mixcloud.com\/RADIO_AKADERA_87_7FM\/zasi\u0119gn\u0105\u0107-j\u0119zyka-jubileusz-studium-j\u0119zyk\u00f3w-obcych-pb\/ &nbsp;\",\"breadcrumb\":{\"@id\":\"https:\/\/pb.edu.pl\/sjo\/wydarzenia-sjo\/jubileusz-60-lecia-sjo\/media\/#breadcrumb\"},\"inLanguage\":\"pl-PL\",\"potentialAction\":[{\"@type\":\"ReadAction\",\"target\":[\"https:\/\/pb.edu.pl\/sjo\/wydarzenia-sjo\/jubileusz-60-lecia-sjo\/media\/\"]}]},{\"@type\":\"ImageObject\",\"inLanguage\":\"pl-PL\",\"@id\":\"https:\/\/pb.edu.pl\/sjo\/wydarzenia-sjo\/jubileusz-60-lecia-sjo\/media\/#primaryimage\",\"url\":\"https:\/\/pb.edu.pl\/sjo\/wp-content\/uploads\/sites\/9\/2024\/02\/PATRONAT-HONOROWY-1140-x-100-px.png\",\"contentUrl\":\"https:\/\/pb.edu.pl\/sjo\/wp-content\/uploads\/sites\/9\/2024\/02\/PATRONAT-HONOROWY-1140-x-100-px.png\",\"width\":1140,\"height\":100},{\"@type\":\"BreadcrumbList\",\"@id\":\"https:\/\/pb.edu.pl\/sjo\/wydarzenia-sjo\/jubileusz-60-lecia-sjo\/media\/#breadcrumb\",\"itemListElement\":[{\"@type\":\"ListItem\",\"position\":1,\"name\":\"Home\",\"item\":\"https:\/\/pb.edu.pl\/sjo\/\"},{\"@type\":\"ListItem\",\"position\":2,\"name\":\"Wydarzenia SJO\",\"item\":\"https:\/\/pb.edu.pl\/sjo\/wydarzenia-sjo\/\"},{\"@type\":\"ListItem\",\"position\":3,\"name\":\"Jubileusz 60-lecia SJO\",\"item\":\"https:\/\/pb.edu.pl\/sjo\/wydarzenia-sjo\/jubileusz-60-lecia-sjo\/\"},{\"@type\":\"ListItem\",\"position\":4,\"name\":\"Media\"}]},{\"@type\":\"WebSite\",\"@id\":\"https:\/\/pb.edu.pl\/sjo\/#website\",\"url\":\"https:\/\/pb.edu.pl\/sjo\/\",\"name\":\"Studium J\u0119zyk\u00f3w Obcych\",\"description\":\"\",\"potentialAction\":[{\"@type\":\"SearchAction\",\"target\":{\"@type\":\"EntryPoint\",\"urlTemplate\":\"https:\/\/pb.edu.pl\/sjo\/?s={search_term_string}\"},\"query-input\":{\"@type\":\"PropertyValueSpecification\",\"valueRequired\":true,\"valueName\":\"search_term_string\"}}],\"inLanguage\":\"pl-PL\"}]}<\/script>\n<!-- \/ Yoast SEO plugin. -->","yoast_head_json":{"title":"Media - Studium J\u0119zyk\u00f3w Obcych","description":"&nbsp; https:\/\/www.mixcloud.com\/RADIO_AKADERA_87_7FM\/zasi\u0119gn\u0105\u0107-j\u0119zyka-jubileusz-studium-j\u0119zyk\u00f3w-obcych-pb\/ &nbsp;","robots":{"index":"index","follow":"follow","max-snippet":"max-snippet:-1","max-image-preview":"max-image-preview:large","max-video-preview":"max-video-preview:-1"},"canonical":"https:\/\/pb.edu.pl\/sjo\/wydarzenia-sjo\/jubileusz-60-lecia-sjo\/media\/","og_locale":"pl_PL","og_type":"article","og_title":"Media - Studium J\u0119zyk\u00f3w Obcych","og_description":"&nbsp; https:\/\/www.mixcloud.com\/RADIO_AKADERA_87_7FM\/zasi\u0119gn\u0105\u0107-j\u0119zyka-jubileusz-studium-j\u0119zyk\u00f3w-obcych-pb\/ &nbsp;","og_url":"https:\/\/pb.edu.pl\/sjo\/wydarzenia-sjo\/jubileusz-60-lecia-sjo\/media\/","og_site_name":"Studium J\u0119zyk\u00f3w Obcych","article_modified_time":"2024-05-09T11:34:47+00:00","og_image":[{"url":"https:\/\/pb.edu.pl\/sjo\/wp-content\/uploads\/sites\/9\/2024\/04\/PATRONAT-HONOROWY-i-MEDIA-1140-x-100-px-1.png","type":"","width":"","height":""}],"twitter_misc":{"Szacowany czas czytania":"1 minuta"},"schema":{"@context":"https:\/\/schema.org","@graph":[{"@type":"WebPage","@id":"https:\/\/pb.edu.pl\/sjo\/wydarzenia-sjo\/jubileusz-60-lecia-sjo\/media\/","url":"https:\/\/pb.edu.pl\/sjo\/wydarzenia-sjo\/jubileusz-60-lecia-sjo\/media\/","name":"Media - Studium J\u0119zyk\u00f3w Obcych","isPartOf":{"@id":"https:\/\/pb.edu.pl\/sjo\/#website"},"primaryImageOfPage":{"@id":"https:\/\/pb.edu.pl\/sjo\/wydarzenia-sjo\/jubileusz-60-lecia-sjo\/media\/#primaryimage"},"image":{"@id":"https:\/\/pb.edu.pl\/sjo\/wydarzenia-sjo\/jubileusz-60-lecia-sjo\/media\/#primaryimage"},"thumbnailUrl":"https:\/\/pb.edu.pl\/sjo\/wp-content\/uploads\/sites\/9\/2024\/04\/PATRONAT-HONOROWY-i-MEDIA-1140-x-100-px-1.png","datePublished":"2024-04-22T08:54:22+00:00","dateModified":"2024-05-09T11:34:47+00:00","description":"&nbsp; https:\/\/www.mixcloud.com\/RADIO_AKADERA_87_7FM\/zasi\u0119gn\u0105\u0107-j\u0119zyka-jubileusz-studium-j\u0119zyk\u00f3w-obcych-pb\/ &nbsp;","breadcrumb":{"@id":"https:\/\/pb.edu.pl\/sjo\/wydarzenia-sjo\/jubileusz-60-lecia-sjo\/media\/#breadcrumb"},"inLanguage":"pl-PL","potentialAction":[{"@type":"ReadAction","target":["https:\/\/pb.edu.pl\/sjo\/wydarzenia-sjo\/jubileusz-60-lecia-sjo\/media\/"]}]},{"@type":"ImageObject","inLanguage":"pl-PL","@id":"https:\/\/pb.edu.pl\/sjo\/wydarzenia-sjo\/jubileusz-60-lecia-sjo\/media\/#primaryimage","url":"https:\/\/pb.edu.pl\/sjo\/wp-content\/uploads\/sites\/9\/2024\/02\/PATRONAT-HONOROWY-1140-x-100-px.png","contentUrl":"https:\/\/pb.edu.pl\/sjo\/wp-content\/uploads\/sites\/9\/2024\/02\/PATRONAT-HONOROWY-1140-x-100-px.png","width":1140,"height":100},{"@type":"BreadcrumbList","@id":"https:\/\/pb.edu.pl\/sjo\/wydarzenia-sjo\/jubileusz-60-lecia-sjo\/media\/#breadcrumb","itemListElement":[{"@type":"ListItem","position":1,"name":"Home","item":"https:\/\/pb.edu.pl\/sjo\/"},{"@type":"ListItem","position":2,"name":"Wydarzenia SJO","item":"https:\/\/pb.edu.pl\/sjo\/wydarzenia-sjo\/"},{"@type":"ListItem","position":3,"name":"Jubileusz 60-lecia SJO","item":"https:\/\/pb.edu.pl\/sjo\/wydarzenia-sjo\/jubileusz-60-lecia-sjo\/"},{"@type":"ListItem","position":4,"name":"Media"}]},{"@type":"WebSite","@id":"https:\/\/pb.edu.pl\/sjo\/#website","url":"https:\/\/pb.edu.pl\/sjo\/","name":"Studium J\u0119zyk\u00f3w Obcych","description":"","potentialAction":[{"@type":"SearchAction","target":{"@type":"EntryPoint","urlTemplate":"https:\/\/pb.edu.pl\/sjo\/?s={search_term_string}"},"query-input":{"@type":"PropertyValueSpecification","valueRequired":true,"valueName":"search_term_string"}}],"inLanguage":"pl-PL"}]}},"_links":{"self":[{"href":"https:\/\/pb.edu.pl\/sjo\/wp-json\/wp\/v2\/pages\/25491","targetHints":{"allow":["GET"]}}],"collection":[{"href":"https:\/\/pb.edu.pl\/sjo\/wp-json\/wp\/v2\/pages"}],"about":[{"href":"https:\/\/pb.edu.pl\/sjo\/wp-json\/wp\/v2\/types\/page"}],"author":[{"embeddable":true,"href":"https:\/\/pb.edu.pl\/sjo\/wp-json\/wp\/v2\/users\/6"}],"replies":[{"embeddable":true,"href":"https:\/\/pb.edu.pl\/sjo\/wp-json\/wp\/v2\/comments?post=25491"}],"version-history":[{"count":0,"href":"https:\/\/pb.edu.pl\/sjo\/wp-json\/wp\/v2\/pages\/25491\/revisions"}],"up":[{"embeddable":true,"href":"https:\/\/pb.edu.pl\/sjo\/wp-json\/wp\/v2\/pages\/23718"}],"wp:attachment":[{"href":"https:\/\/pb.edu.pl\/sjo\/wp-json\/wp\/v2\/media?parent=25491"}],"curies":[{"name":"wp","href":"https:\/\/api.w.org\/{rel}","templated":true}]}}