{"id":25048,"date":"2024-04-19T10:44:41","date_gmt":"2024-04-19T08:44:41","guid":{"rendered":"https:\/\/pb.edu.pl\/sjo\/?page_id=25048"},"modified":"2024-04-19T11:44:00","modified_gmt":"2024-04-19T09:44:00","slug":"patronaty","status":"publish","type":"page","link":"https:\/\/pb.edu.pl\/sjo\/wydarzenia-sjo\/jubileusz-60-lecia-sjo\/patronaty\/","title":{"rendered":"Patronaty"},"content":{"rendered":"<p>Jubileusz 60-lecia Studium J\u0119zyk\u00f3w Obcych zosta\u0142 obj\u0119ty honorowanym partonatem:<\/p>\n<ul>\n<li>Rektor Politechniki Bia\u0142ostockiej, dr hab. in\u017c. Marty Kosior-Kazberuk, prof. PB<\/li>\n<li><a href=\"https:\/\/www.facebook.com\/WojewodaJacekBrzozowski\">Wojewody Podlaskiego<\/a><\/li>\n<li><a href=\"https:\/\/www.facebook.com\/wojpodlaskie\">Marsza\u0142ka Wojew\u00f3dztwa Podlaskiego<\/a><\/li>\n<li><a href=\"https:\/\/www.facebook.com\/bialystokUM\">Prezydenta Miasta Bia\u0142egostoku<\/a><\/li>\n<li><a href=\"https:\/\/fulbright.edu.pl\/\">Polsko-Ameryka\u0144skiej Komisji Fulbrighta<\/a><\/li>\n<\/ul>\n<p><img loading=\"lazy\" decoding=\"async\" class=\"alignleft wp-image-25068 size-full\" src=\"https:\/\/pb.edu.pl\/sjo\/wp-content\/uploads\/sites\/9\/2024\/04\/4.png\" alt=\"\" width=\"1140\" height=\"100\" srcset=\"https:\/\/pb.edu.pl\/sjo\/wp-content\/uploads\/sites\/9\/2024\/04\/4.png 1140w, https:\/\/pb.edu.pl\/sjo\/wp-content\/uploads\/sites\/9\/2024\/04\/4-300x26.png 300w, https:\/\/pb.edu.pl\/sjo\/wp-content\/uploads\/sites\/9\/2024\/04\/4-1024x90.png 1024w, https:\/\/pb.edu.pl\/sjo\/wp-content\/uploads\/sites\/9\/2024\/04\/4-768x67.png 768w\" sizes=\"auto, (max-width: 1140px) 100vw, 1140px\" \/><\/p>\n<p>Patronaty medialne wydarzenia:<\/p>\n<ul>\n<li><a href=\"https:\/\/akadera.bialystok.pl\/\">Radio Akadera<\/a><\/li>\n<li><a href=\"https:\/\/www.radio.bialystok.pl\/\">Polskie Radio Bia\u0142ystok<\/a><\/li>\n<li><a href=\"http:\/\/poranny.pl\">Kurier Poranny<\/a><\/li>\n<li><a href=\"https:\/\/bialystok.tvp.pl\/\">TVP 3 Bia\u0142ystok<\/a><\/li>\n<\/ul>\n<p><img loading=\"lazy\" decoding=\"async\" class=\"alignleft wp-image-25066 size-full\" src=\"https:\/\/pb.edu.pl\/sjo\/wp-content\/uploads\/sites\/9\/2024\/04\/3.png\" alt=\"\" width=\"1140\" height=\"100\" srcset=\"https:\/\/pb.edu.pl\/sjo\/wp-content\/uploads\/sites\/9\/2024\/04\/3.png 1140w, https:\/\/pb.edu.pl\/sjo\/wp-content\/uploads\/sites\/9\/2024\/04\/3-300x26.png 300w, https:\/\/pb.edu.pl\/sjo\/wp-content\/uploads\/sites\/9\/2024\/04\/3-1024x90.png 1024w, https:\/\/pb.edu.pl\/sjo\/wp-content\/uploads\/sites\/9\/2024\/04\/3-768x67.png 768w\" sizes=\"auto, (max-width: 1140px) 100vw, 1140px\" \/><\/p>\n","protected":false},"excerpt":{"rendered":"<p>Jubileusz 60-lecia Studium J\u0119zyk\u00f3w Obcych zosta\u0142 obj\u0119ty honorowanym partonatem: Rektor Politechniki Bia\u0142ostockiej, dr hab. in\u017c.<\/p>\n","protected":false},"author":6,"featured_media":0,"parent":23718,"menu_order":0,"comment_status":"closed","ping_status":"closed","template":"","meta":{"_acf_changed":false,"ngg_post_thumbnail":0,"footnotes":""},"class_list":["post-25048","page","type-page","status-publish","hentry"],"acf":[],"yoast_head":"<!-- This site is optimized with the Yoast SEO plugin v27.0 - https:\/\/yoast.com\/product\/yoast-seo-wordpress\/ -->\n<title>Patronaty - Studium J\u0119zyk\u00f3w Obcych<\/title>\n<meta name=\"description\" content=\"Jubileusz 60-lecia Studium J\u0119zyk\u00f3w Obcych zosta\u0142 obj\u0119ty honorowanym partonatem: Rektor Politechniki Bia\u0142ostockiej, dr hab. in\u017c. Marty Kosior-Kazberuk,\" \/>\n<meta name=\"robots\" content=\"index, follow, max-snippet:-1, max-image-preview:large, max-video-preview:-1\" \/>\n<link rel=\"canonical\" href=\"https:\/\/pb.edu.pl\/sjo\/wydarzenia-sjo\/jubileusz-60-lecia-sjo\/patronaty\/\" \/>\n<meta property=\"og:locale\" content=\"pl_PL\" \/>\n<meta property=\"og:type\" content=\"article\" \/>\n<meta property=\"og:title\" content=\"Patronaty - Studium J\u0119zyk\u00f3w Obcych\" \/>\n<meta property=\"og:description\" content=\"Jubileusz 60-lecia Studium J\u0119zyk\u00f3w Obcych zosta\u0142 obj\u0119ty honorowanym partonatem: Rektor Politechniki Bia\u0142ostockiej, dr hab. in\u017c. Marty Kosior-Kazberuk,\" \/>\n<meta property=\"og:url\" content=\"https:\/\/pb.edu.pl\/sjo\/wydarzenia-sjo\/jubileusz-60-lecia-sjo\/patronaty\/\" \/>\n<meta property=\"og:site_name\" content=\"Studium J\u0119zyk\u00f3w Obcych\" \/>\n<meta property=\"article:modified_time\" content=\"2024-04-19T09:44:00+00:00\" \/>\n<meta property=\"og:image\" content=\"https:\/\/pb.edu.pl\/sjo\/wp-content\/uploads\/sites\/9\/2024\/04\/4.png\" \/>\n<meta name=\"twitter:label1\" content=\"Szacowany czas czytania\" \/>\n\t<meta name=\"twitter:data1\" content=\"1 minuta\" \/>\n<script type=\"application\/ld+json\" class=\"yoast-schema-graph\">{\"@context\":\"https:\/\/schema.org\",\"@graph\":[{\"@type\":\"WebPage\",\"@id\":\"https:\/\/pb.edu.pl\/sjo\/wydarzenia-sjo\/jubileusz-60-lecia-sjo\/patronaty\/\",\"url\":\"https:\/\/pb.edu.pl\/sjo\/wydarzenia-sjo\/jubileusz-60-lecia-sjo\/patronaty\/\",\"name\":\"Patronaty - Studium J\u0119zyk\u00f3w Obcych\",\"isPartOf\":{\"@id\":\"https:\/\/pb.edu.pl\/sjo\/#website\"},\"primaryImageOfPage\":{\"@id\":\"https:\/\/pb.edu.pl\/sjo\/wydarzenia-sjo\/jubileusz-60-lecia-sjo\/patronaty\/#primaryimage\"},\"image\":{\"@id\":\"https:\/\/pb.edu.pl\/sjo\/wydarzenia-sjo\/jubileusz-60-lecia-sjo\/patronaty\/#primaryimage\"},\"thumbnailUrl\":\"https:\/\/pb.edu.pl\/sjo\/wp-content\/uploads\/sites\/9\/2024\/04\/4.png\",\"datePublished\":\"2024-04-19T08:44:41+00:00\",\"dateModified\":\"2024-04-19T09:44:00+00:00\",\"description\":\"Jubileusz 60-lecia Studium J\u0119zyk\u00f3w Obcych zosta\u0142 obj\u0119ty honorowanym partonatem: Rektor Politechniki Bia\u0142ostockiej, dr hab. in\u017c. Marty Kosior-Kazberuk,\",\"breadcrumb\":{\"@id\":\"https:\/\/pb.edu.pl\/sjo\/wydarzenia-sjo\/jubileusz-60-lecia-sjo\/patronaty\/#breadcrumb\"},\"inLanguage\":\"pl-PL\",\"potentialAction\":[{\"@type\":\"ReadAction\",\"target\":[\"https:\/\/pb.edu.pl\/sjo\/wydarzenia-sjo\/jubileusz-60-lecia-sjo\/patronaty\/\"]}]},{\"@type\":\"ImageObject\",\"inLanguage\":\"pl-PL\",\"@id\":\"https:\/\/pb.edu.pl\/sjo\/wydarzenia-sjo\/jubileusz-60-lecia-sjo\/patronaty\/#primaryimage\",\"url\":\"https:\/\/pb.edu.pl\/sjo\/wp-content\/uploads\/sites\/9\/2024\/04\/4.png\",\"contentUrl\":\"https:\/\/pb.edu.pl\/sjo\/wp-content\/uploads\/sites\/9\/2024\/04\/4.png\",\"width\":1140,\"height\":100},{\"@type\":\"BreadcrumbList\",\"@id\":\"https:\/\/pb.edu.pl\/sjo\/wydarzenia-sjo\/jubileusz-60-lecia-sjo\/patronaty\/#breadcrumb\",\"itemListElement\":[{\"@type\":\"ListItem\",\"position\":1,\"name\":\"Home\",\"item\":\"https:\/\/pb.edu.pl\/sjo\/\"},{\"@type\":\"ListItem\",\"position\":2,\"name\":\"Wydarzenia SJO\",\"item\":\"https:\/\/pb.edu.pl\/sjo\/wydarzenia-sjo\/\"},{\"@type\":\"ListItem\",\"position\":3,\"name\":\"Jubileusz 60-lecia SJO\",\"item\":\"https:\/\/pb.edu.pl\/sjo\/wydarzenia-sjo\/jubileusz-60-lecia-sjo\/\"},{\"@type\":\"ListItem\",\"position\":4,\"name\":\"Patronaty\"}]},{\"@type\":\"WebSite\",\"@id\":\"https:\/\/pb.edu.pl\/sjo\/#website\",\"url\":\"https:\/\/pb.edu.pl\/sjo\/\",\"name\":\"Studium J\u0119zyk\u00f3w Obcych\",\"description\":\"\",\"potentialAction\":[{\"@type\":\"SearchAction\",\"target\":{\"@type\":\"EntryPoint\",\"urlTemplate\":\"https:\/\/pb.edu.pl\/sjo\/?s={search_term_string}\"},\"query-input\":{\"@type\":\"PropertyValueSpecification\",\"valueRequired\":true,\"valueName\":\"search_term_string\"}}],\"inLanguage\":\"pl-PL\"}]}<\/script>\n<!-- \/ Yoast SEO plugin. -->","yoast_head_json":{"title":"Patronaty - Studium J\u0119zyk\u00f3w Obcych","description":"Jubileusz 60-lecia Studium J\u0119zyk\u00f3w Obcych zosta\u0142 obj\u0119ty honorowanym partonatem: Rektor Politechniki Bia\u0142ostockiej, dr hab. in\u017c. Marty Kosior-Kazberuk,","robots":{"index":"index","follow":"follow","max-snippet":"max-snippet:-1","max-image-preview":"max-image-preview:large","max-video-preview":"max-video-preview:-1"},"canonical":"https:\/\/pb.edu.pl\/sjo\/wydarzenia-sjo\/jubileusz-60-lecia-sjo\/patronaty\/","og_locale":"pl_PL","og_type":"article","og_title":"Patronaty - Studium J\u0119zyk\u00f3w Obcych","og_description":"Jubileusz 60-lecia Studium J\u0119zyk\u00f3w Obcych zosta\u0142 obj\u0119ty honorowanym partonatem: Rektor Politechniki Bia\u0142ostockiej, dr hab. in\u017c. Marty Kosior-Kazberuk,","og_url":"https:\/\/pb.edu.pl\/sjo\/wydarzenia-sjo\/jubileusz-60-lecia-sjo\/patronaty\/","og_site_name":"Studium J\u0119zyk\u00f3w Obcych","article_modified_time":"2024-04-19T09:44:00+00:00","og_image":[{"url":"https:\/\/pb.edu.pl\/sjo\/wp-content\/uploads\/sites\/9\/2024\/04\/4.png","type":"","width":"","height":""}],"twitter_misc":{"Szacowany czas czytania":"1 minuta"},"schema":{"@context":"https:\/\/schema.org","@graph":[{"@type":"WebPage","@id":"https:\/\/pb.edu.pl\/sjo\/wydarzenia-sjo\/jubileusz-60-lecia-sjo\/patronaty\/","url":"https:\/\/pb.edu.pl\/sjo\/wydarzenia-sjo\/jubileusz-60-lecia-sjo\/patronaty\/","name":"Patronaty - Studium J\u0119zyk\u00f3w Obcych","isPartOf":{"@id":"https:\/\/pb.edu.pl\/sjo\/#website"},"primaryImageOfPage":{"@id":"https:\/\/pb.edu.pl\/sjo\/wydarzenia-sjo\/jubileusz-60-lecia-sjo\/patronaty\/#primaryimage"},"image":{"@id":"https:\/\/pb.edu.pl\/sjo\/wydarzenia-sjo\/jubileusz-60-lecia-sjo\/patronaty\/#primaryimage"},"thumbnailUrl":"https:\/\/pb.edu.pl\/sjo\/wp-content\/uploads\/sites\/9\/2024\/04\/4.png","datePublished":"2024-04-19T08:44:41+00:00","dateModified":"2024-04-19T09:44:00+00:00","description":"Jubileusz 60-lecia Studium J\u0119zyk\u00f3w Obcych zosta\u0142 obj\u0119ty honorowanym partonatem: Rektor Politechniki Bia\u0142ostockiej, dr hab. in\u017c. Marty Kosior-Kazberuk,","breadcrumb":{"@id":"https:\/\/pb.edu.pl\/sjo\/wydarzenia-sjo\/jubileusz-60-lecia-sjo\/patronaty\/#breadcrumb"},"inLanguage":"pl-PL","potentialAction":[{"@type":"ReadAction","target":["https:\/\/pb.edu.pl\/sjo\/wydarzenia-sjo\/jubileusz-60-lecia-sjo\/patronaty\/"]}]},{"@type":"ImageObject","inLanguage":"pl-PL","@id":"https:\/\/pb.edu.pl\/sjo\/wydarzenia-sjo\/jubileusz-60-lecia-sjo\/patronaty\/#primaryimage","url":"https:\/\/pb.edu.pl\/sjo\/wp-content\/uploads\/sites\/9\/2024\/04\/4.png","contentUrl":"https:\/\/pb.edu.pl\/sjo\/wp-content\/uploads\/sites\/9\/2024\/04\/4.png","width":1140,"height":100},{"@type":"BreadcrumbList","@id":"https:\/\/pb.edu.pl\/sjo\/wydarzenia-sjo\/jubileusz-60-lecia-sjo\/patronaty\/#breadcrumb","itemListElement":[{"@type":"ListItem","position":1,"name":"Home","item":"https:\/\/pb.edu.pl\/sjo\/"},{"@type":"ListItem","position":2,"name":"Wydarzenia SJO","item":"https:\/\/pb.edu.pl\/sjo\/wydarzenia-sjo\/"},{"@type":"ListItem","position":3,"name":"Jubileusz 60-lecia SJO","item":"https:\/\/pb.edu.pl\/sjo\/wydarzenia-sjo\/jubileusz-60-lecia-sjo\/"},{"@type":"ListItem","position":4,"name":"Patronaty"}]},{"@type":"WebSite","@id":"https:\/\/pb.edu.pl\/sjo\/#website","url":"https:\/\/pb.edu.pl\/sjo\/","name":"Studium J\u0119zyk\u00f3w Obcych","description":"","potentialAction":[{"@type":"SearchAction","target":{"@type":"EntryPoint","urlTemplate":"https:\/\/pb.edu.pl\/sjo\/?s={search_term_string}"},"query-input":{"@type":"PropertyValueSpecification","valueRequired":true,"valueName":"search_term_string"}}],"inLanguage":"pl-PL"}]}},"_links":{"self":[{"href":"https:\/\/pb.edu.pl\/sjo\/wp-json\/wp\/v2\/pages\/25048","targetHints":{"allow":["GET"]}}],"collection":[{"href":"https:\/\/pb.edu.pl\/sjo\/wp-json\/wp\/v2\/pages"}],"about":[{"href":"https:\/\/pb.edu.pl\/sjo\/wp-json\/wp\/v2\/types\/page"}],"author":[{"embeddable":true,"href":"https:\/\/pb.edu.pl\/sjo\/wp-json\/wp\/v2\/users\/6"}],"replies":[{"embeddable":true,"href":"https:\/\/pb.edu.pl\/sjo\/wp-json\/wp\/v2\/comments?post=25048"}],"version-history":[{"count":0,"href":"https:\/\/pb.edu.pl\/sjo\/wp-json\/wp\/v2\/pages\/25048\/revisions"}],"up":[{"embeddable":true,"href":"https:\/\/pb.edu.pl\/sjo\/wp-json\/wp\/v2\/pages\/23718"}],"wp:attachment":[{"href":"https:\/\/pb.edu.pl\/sjo\/wp-json\/wp\/v2\/media?parent=25048"}],"curies":[{"name":"wp","href":"https:\/\/api.w.org\/{rel}","templated":true}]}}