{"id":25008,"date":"2024-04-18T13:48:45","date_gmt":"2024-04-18T11:48:45","guid":{"rendered":"https:\/\/pb.edu.pl\/sjo\/?page_id=25008"},"modified":"2024-04-19T11:22:46","modified_gmt":"2024-04-19T09:22:46","slug":"laureaci-konkursu","status":"publish","type":"page","link":"https:\/\/pb.edu.pl\/sjo\/wydarzenia-sjo\/konkurs-fotograficzno-jezykowy-foreign-language-my-window-to-the-world\/laureaci-konkursu\/","title":{"rendered":"Laureaci konkursu"},"content":{"rendered":"<h2>Przedstawiamy list\u0119 laureat\u00f3w:<\/h2>\n<table style=\"border-collapse: collapse;width: 100%\">\n<tbody>\n<tr>\n<td style=\"width: 21.3214%\"><img loading=\"lazy\" decoding=\"async\" class=\"alignnone wp-image-12880\" src=\"https:\/\/pb.edu.pl\/sjo\/wp-content\/uploads\/sites\/9\/2022\/02\/1-4-300x200.png\" alt=\"\" width=\"350\" height=\"233\" srcset=\"https:\/\/pb.edu.pl\/sjo\/wp-content\/uploads\/sites\/9\/2022\/02\/1-4-300x200.png 300w, https:\/\/pb.edu.pl\/sjo\/wp-content\/uploads\/sites\/9\/2022\/02\/1-4-768x512.png 768w, https:\/\/pb.edu.pl\/sjo\/wp-content\/uploads\/sites\/9\/2022\/02\/1-4-480x320.png 480w, https:\/\/pb.edu.pl\/sjo\/wp-content\/uploads\/sites\/9\/2022\/02\/1-4.png 799w\" sizes=\"auto, (max-width: 350px) 100vw, 350px\" \/><\/td>\n<td style=\"width: 45.3453%\">\u201eA Modern Gentleman\u201d <strong>Jakub Kierznowski<\/strong><\/p>\n<p><a title=\"\" href=\"https:\/\/pb.edu.pl\/sjo\/wp-content\/uploads\/sites\/9\/2024\/04\/13Jakub-Kierznowski-scaled.jpg\" target=\"_blank\" rel=\"noopener\">Zobacz zdj\u0119cie<\/a><br \/>\nex aequo<br \/>\n\u201eIn search of a common language\u201d <strong>Dawid Witkiewicz <\/strong><\/p>\n<p><a title=\"\" href=\"https:\/\/pb.edu.pl\/sjo\/wp-content\/uploads\/sites\/9\/2024\/04\/14Dawid-Witkiewicz.jpg\" target=\"_blank\" rel=\"noopener\">Zobacz zdj\u0119cie<\/a><\/td>\n<\/tr>\n<tr>\n<td style=\"width: 21.3214%\"><img loading=\"lazy\" decoding=\"async\" class=\"alignnone wp-image-12881\" src=\"https:\/\/pb.edu.pl\/sjo\/wp-content\/uploads\/sites\/9\/2022\/02\/2-5-300x200.png\" alt=\"\" width=\"350\" height=\"233\" srcset=\"https:\/\/pb.edu.pl\/sjo\/wp-content\/uploads\/sites\/9\/2022\/02\/2-5-300x200.png 300w, https:\/\/pb.edu.pl\/sjo\/wp-content\/uploads\/sites\/9\/2022\/02\/2-5-768x512.png 768w, https:\/\/pb.edu.pl\/sjo\/wp-content\/uploads\/sites\/9\/2022\/02\/2-5-480x320.png 480w, https:\/\/pb.edu.pl\/sjo\/wp-content\/uploads\/sites\/9\/2022\/02\/2-5.png 799w\" sizes=\"auto, (max-width: 350px) 100vw, 350px\" \/><\/td>\n<td style=\"width: 45.3453%\">\u201eJourney to knowledge\u201d <strong>Oliwia Charkiewicz<\/strong><\/p>\n<p><a title=\"\" href=\"https:\/\/pb.edu.pl\/sjo\/wp-content\/uploads\/sites\/9\/2024\/04\/12Oliwia-Charkiewicz.jpg\" target=\"_blank\" rel=\"noopener\">Zobacz zdj\u0119cie<\/a><\/td>\n<\/tr>\n<tr>\n<td style=\"width: 21.3214%\"><img loading=\"lazy\" decoding=\"async\" class=\"alignnone wp-image-12883\" src=\"https:\/\/pb.edu.pl\/sjo\/wp-content\/uploads\/sites\/9\/2022\/02\/Boks-centrum-jezyka-i-kultury-polskiej-zaprasza-Wpis-na-Facebooku-799\u00d7533-px1-300x200.png\" alt=\"\" width=\"350\" height=\"233\" srcset=\"https:\/\/pb.edu.pl\/sjo\/wp-content\/uploads\/sites\/9\/2022\/02\/Boks-centrum-jezyka-i-kultury-polskiej-zaprasza-Wpis-na-Facebooku-799\u00d7533-px1-300x200.png 300w, https:\/\/pb.edu.pl\/sjo\/wp-content\/uploads\/sites\/9\/2022\/02\/Boks-centrum-jezyka-i-kultury-polskiej-zaprasza-Wpis-na-Facebooku-799\u00d7533-px1-768x512.png 768w, https:\/\/pb.edu.pl\/sjo\/wp-content\/uploads\/sites\/9\/2022\/02\/Boks-centrum-jezyka-i-kultury-polskiej-zaprasza-Wpis-na-Facebooku-799\u00d7533-px1-480x320.png 480w, https:\/\/pb.edu.pl\/sjo\/wp-content\/uploads\/sites\/9\/2022\/02\/Boks-centrum-jezyka-i-kultury-polskiej-zaprasza-Wpis-na-Facebooku-799\u00d7533-px1.png 799w\" sizes=\"auto, (max-width: 350px) 100vw, 350px\" \/><\/td>\n<td style=\"width: 45.3453%\">&nbsp;<\/p>\n<p>&nbsp;<\/p>\n<p>\u201eMagical adventure\u201d <strong>Wiktoria Chorzewska<\/strong><\/p>\n<p><a title=\"\" href=\"https:\/\/pb.edu.pl\/sjo\/wp-content\/uploads\/sites\/9\/2024\/04\/11Wiktoria-Chorzewska-scaled.jpg\" target=\"_blank\" rel=\"noopener\">Zobacz zdj\u0119cie<\/a><\/p>\n<p>&nbsp;<\/td>\n<\/tr>\n<\/tbody>\n<\/table>\n<h2>Wyr\u00f3\u017cnienia otrzymuj\u0105:<\/h2>\n<ul>\n<li><strong>Nina Ampulska, <\/strong>\u201eBeyond the language barrier\u201d <a title=\"\" href=\"https:\/\/pb.edu.pl\/sjo\/wp-content\/uploads\/sites\/9\/2024\/04\/01Nina-Ampulska.png\" target=\"_blank\" rel=\"noopener\">Zobacz zdj\u0119cie<\/a><strong><br \/>\n<\/strong><\/li>\n<li><strong>Wiktoria Ciszewska<\/strong>, \u201eCreativity and Cooperation\u201d <a title=\"\" href=\"https:\/\/pb.edu.pl\/sjo\/wp-content\/uploads\/sites\/9\/2024\/04\/02Wiktoria-Ciszewska-scaled.jpg\" target=\"_blank\" rel=\"noopener\">Zobacz zdj\u0119cie<\/a><\/li>\n<li><strong>Klaudia Kojro<\/strong>, \u201eWindow to the world- window to the memories\u201d <a title=\"\" href=\"https:\/\/pb.edu.pl\/sjo\/wp-content\/uploads\/sites\/9\/2024\/04\/03Klaudia-Kojro-scaled.jpg\" target=\"_blank\" rel=\"noopener\">Zobacz zdj\u0119cie<\/a><\/li>\n<li><strong>Jakub Majewski<\/strong>, \u201eKeyhole\u201d <a title=\"\" href=\"https:\/\/pb.edu.pl\/sjo\/wp-content\/uploads\/sites\/9\/2024\/04\/04Jakub-Majewski-scaled.jpg\" target=\"_blank\" rel=\"noopener\">Zobacz zdj\u0119cie<\/a><\/li>\n<li><strong>Monika Michalska<\/strong>, \u201eForeign languages &#8211; the key that opens the door to the world\u201d <a title=\"\" href=\"https:\/\/pb.edu.pl\/sjo\/wp-content\/uploads\/sites\/9\/2024\/04\/05Monika-Michalska.jpg\" target=\"_blank\" rel=\"noopener\">Zobacz zdj\u0119cie<\/a><\/li>\n<li><strong>Wioletta Olechwirowicz<\/strong>, \u201eVista de la cultura\u201d <a title=\"\" href=\"https:\/\/pb.edu.pl\/sjo\/wp-content\/uploads\/sites\/9\/2024\/04\/06Wioletta-Olechwirowicz.png\" target=\"_blank\" rel=\"noopener\">Zobacz zdj\u0119cie<\/a><\/li>\n<li><strong>Natalia Tochwin<\/strong>, \u201eStairs to success\u201d <a title=\"\" href=\"https:\/\/pb.edu.pl\/sjo\/wp-content\/uploads\/sites\/9\/2024\/04\/07Natalia-Tochwin-scaled.jpg\" target=\"_blank\" rel=\"noopener\">Zobacz zdj\u0119cie<\/a><\/li>\n<li><strong>Julia Wilczy\u0144ska<\/strong>, \u201eRegistration plates\u201d <a title=\"\" href=\"https:\/\/pb.edu.pl\/sjo\/wp-content\/uploads\/sites\/9\/2024\/04\/08Julia-Wilczynska.png\" target=\"_blank\" rel=\"noopener\">Zobacz zdj\u0119cie<\/a><\/li>\n<li><strong>Mateusz \u017bendzian<\/strong>, \u201eI don\u2019t know what it says, but I understand it\u201d <a title=\"\" href=\"https:\/\/pb.edu.pl\/sjo\/wp-content\/uploads\/sites\/9\/2024\/04\/09Mateusz-Zendzian-scaled.jpg\" target=\"_blank\" rel=\"noopener\">Zobacz zdj\u0119cie<\/a><\/li>\n<li><strong>Dawid \u017bywica<\/strong>, \u201eForest window\u201d <a title=\"\" href=\"https:\/\/pb.edu.pl\/sjo\/wp-content\/uploads\/sites\/9\/2024\/04\/10Dawid-Zywica.jpg\" target=\"_blank\" rel=\"noopener\">Zobacz zdj\u0119cie<\/a><\/li>\n<\/ul>\n","protected":false},"excerpt":{"rendered":"<p>Przedstawiamy list\u0119 laureat\u00f3w: \u201eA Modern Gentleman\u201d Jakub Kierznowski Zobacz zdj\u0119cie ex aequo \u201eIn search of<\/p>\n","protected":false},"author":6,"featured_media":0,"parent":24032,"menu_order":0,"comment_status":"closed","ping_status":"closed","template":"","meta":{"_acf_changed":false,"ngg_post_thumbnail":0,"footnotes":""},"class_list":["post-25008","page","type-page","status-publish","hentry"],"acf":[],"yoast_head":"<!-- This site is optimized with the Yoast SEO plugin v27.0 - https:\/\/yoast.com\/product\/yoast-seo-wordpress\/ -->\n<title>Laureaci konkursu - Studium J\u0119zyk\u00f3w Obcych<\/title>\n<meta name=\"description\" content=\"Przedstawiamy list\u0119 laureat\u00f3w: \u201eA Modern Gentleman\u201d Jakub Kierznowski Zobacz zdj\u0119cie ex aequo \u201eIn search of a common language\u201d Dawid Witkiewicz Zobacz\" \/>\n<meta name=\"robots\" content=\"index, follow, max-snippet:-1, max-image-preview:large, max-video-preview:-1\" \/>\n<link rel=\"canonical\" href=\"https:\/\/pb.edu.pl\/sjo\/wydarzenia-sjo\/konkurs-fotograficzno-jezykowy-foreign-language-my-window-to-the-world\/laureaci-konkursu\/\" \/>\n<meta property=\"og:locale\" content=\"pl_PL\" \/>\n<meta property=\"og:type\" content=\"article\" \/>\n<meta property=\"og:title\" content=\"Laureaci konkursu - Studium J\u0119zyk\u00f3w Obcych\" \/>\n<meta property=\"og:description\" content=\"Przedstawiamy list\u0119 laureat\u00f3w: \u201eA Modern Gentleman\u201d Jakub Kierznowski Zobacz zdj\u0119cie ex aequo \u201eIn search of a common language\u201d Dawid Witkiewicz Zobacz\" \/>\n<meta property=\"og:url\" content=\"https:\/\/pb.edu.pl\/sjo\/wydarzenia-sjo\/konkurs-fotograficzno-jezykowy-foreign-language-my-window-to-the-world\/laureaci-konkursu\/\" \/>\n<meta property=\"og:site_name\" content=\"Studium J\u0119zyk\u00f3w Obcych\" \/>\n<meta property=\"article:modified_time\" content=\"2024-04-19T09:22:46+00:00\" \/>\n<meta property=\"og:image\" content=\"https:\/\/pb.edu.pl\/sjo\/wp-content\/uploads\/sites\/9\/2022\/02\/1-4-300x200.png\" \/>\n<meta name=\"twitter:label1\" content=\"Szacowany czas czytania\" \/>\n\t<meta name=\"twitter:data1\" content=\"2 minuty\" \/>\n<script type=\"application\/ld+json\" class=\"yoast-schema-graph\">{\"@context\":\"https:\/\/schema.org\",\"@graph\":[{\"@type\":\"WebPage\",\"@id\":\"https:\/\/pb.edu.pl\/sjo\/wydarzenia-sjo\/konkurs-fotograficzno-jezykowy-foreign-language-my-window-to-the-world\/laureaci-konkursu\/\",\"url\":\"https:\/\/pb.edu.pl\/sjo\/wydarzenia-sjo\/konkurs-fotograficzno-jezykowy-foreign-language-my-window-to-the-world\/laureaci-konkursu\/\",\"name\":\"Laureaci konkursu - Studium J\u0119zyk\u00f3w Obcych\",\"isPartOf\":{\"@id\":\"https:\/\/pb.edu.pl\/sjo\/#website\"},\"primaryImageOfPage\":{\"@id\":\"https:\/\/pb.edu.pl\/sjo\/wydarzenia-sjo\/konkurs-fotograficzno-jezykowy-foreign-language-my-window-to-the-world\/laureaci-konkursu\/#primaryimage\"},\"image\":{\"@id\":\"https:\/\/pb.edu.pl\/sjo\/wydarzenia-sjo\/konkurs-fotograficzno-jezykowy-foreign-language-my-window-to-the-world\/laureaci-konkursu\/#primaryimage\"},\"thumbnailUrl\":\"https:\/\/pb.edu.pl\/sjo\/wp-content\/uploads\/sites\/9\/2022\/02\/1-4-300x200.png\",\"datePublished\":\"2024-04-18T11:48:45+00:00\",\"dateModified\":\"2024-04-19T09:22:46+00:00\",\"description\":\"Przedstawiamy list\u0119 laureat\u00f3w: \u201eA Modern Gentleman\u201d Jakub Kierznowski Zobacz zdj\u0119cie ex aequo \u201eIn search of a common language\u201d Dawid Witkiewicz Zobacz\",\"breadcrumb\":{\"@id\":\"https:\/\/pb.edu.pl\/sjo\/wydarzenia-sjo\/konkurs-fotograficzno-jezykowy-foreign-language-my-window-to-the-world\/laureaci-konkursu\/#breadcrumb\"},\"inLanguage\":\"pl-PL\",\"potentialAction\":[{\"@type\":\"ReadAction\",\"target\":[\"https:\/\/pb.edu.pl\/sjo\/wydarzenia-sjo\/konkurs-fotograficzno-jezykowy-foreign-language-my-window-to-the-world\/laureaci-konkursu\/\"]}]},{\"@type\":\"ImageObject\",\"inLanguage\":\"pl-PL\",\"@id\":\"https:\/\/pb.edu.pl\/sjo\/wydarzenia-sjo\/konkurs-fotograficzno-jezykowy-foreign-language-my-window-to-the-world\/laureaci-konkursu\/#primaryimage\",\"url\":\"https:\/\/pb.edu.pl\/sjo\/wp-content\/uploads\/sites\/9\/2022\/02\/1-4.png\",\"contentUrl\":\"https:\/\/pb.edu.pl\/sjo\/wp-content\/uploads\/sites\/9\/2022\/02\/1-4.png\",\"width\":799,\"height\":533},{\"@type\":\"BreadcrumbList\",\"@id\":\"https:\/\/pb.edu.pl\/sjo\/wydarzenia-sjo\/konkurs-fotograficzno-jezykowy-foreign-language-my-window-to-the-world\/laureaci-konkursu\/#breadcrumb\",\"itemListElement\":[{\"@type\":\"ListItem\",\"position\":1,\"name\":\"Home\",\"item\":\"https:\/\/pb.edu.pl\/sjo\/\"},{\"@type\":\"ListItem\",\"position\":2,\"name\":\"Wydarzenia SJO\",\"item\":\"https:\/\/pb.edu.pl\/sjo\/wydarzenia-sjo\/\"},{\"@type\":\"ListItem\",\"position\":3,\"name\":\"Konkurs fotograficzno-j\u0119zykowy \u201eForeign language \u2013 my window to the world\u201d\",\"item\":\"https:\/\/pb.edu.pl\/sjo\/wydarzenia-sjo\/konkurs-fotograficzno-jezykowy-foreign-language-my-window-to-the-world\/\"},{\"@type\":\"ListItem\",\"position\":4,\"name\":\"Laureaci konkursu\"}]},{\"@type\":\"WebSite\",\"@id\":\"https:\/\/pb.edu.pl\/sjo\/#website\",\"url\":\"https:\/\/pb.edu.pl\/sjo\/\",\"name\":\"Studium J\u0119zyk\u00f3w Obcych\",\"description\":\"\",\"potentialAction\":[{\"@type\":\"SearchAction\",\"target\":{\"@type\":\"EntryPoint\",\"urlTemplate\":\"https:\/\/pb.edu.pl\/sjo\/?s={search_term_string}\"},\"query-input\":{\"@type\":\"PropertyValueSpecification\",\"valueRequired\":true,\"valueName\":\"search_term_string\"}}],\"inLanguage\":\"pl-PL\"}]}<\/script>\n<!-- \/ Yoast SEO plugin. -->","yoast_head_json":{"title":"Laureaci konkursu - Studium J\u0119zyk\u00f3w Obcych","description":"Przedstawiamy list\u0119 laureat\u00f3w: \u201eA Modern Gentleman\u201d Jakub Kierznowski Zobacz zdj\u0119cie ex aequo \u201eIn search of a common language\u201d Dawid Witkiewicz Zobacz","robots":{"index":"index","follow":"follow","max-snippet":"max-snippet:-1","max-image-preview":"max-image-preview:large","max-video-preview":"max-video-preview:-1"},"canonical":"https:\/\/pb.edu.pl\/sjo\/wydarzenia-sjo\/konkurs-fotograficzno-jezykowy-foreign-language-my-window-to-the-world\/laureaci-konkursu\/","og_locale":"pl_PL","og_type":"article","og_title":"Laureaci konkursu - Studium J\u0119zyk\u00f3w Obcych","og_description":"Przedstawiamy list\u0119 laureat\u00f3w: \u201eA Modern Gentleman\u201d Jakub Kierznowski Zobacz zdj\u0119cie ex aequo \u201eIn search of a common language\u201d Dawid Witkiewicz Zobacz","og_url":"https:\/\/pb.edu.pl\/sjo\/wydarzenia-sjo\/konkurs-fotograficzno-jezykowy-foreign-language-my-window-to-the-world\/laureaci-konkursu\/","og_site_name":"Studium J\u0119zyk\u00f3w Obcych","article_modified_time":"2024-04-19T09:22:46+00:00","og_image":[{"url":"https:\/\/pb.edu.pl\/sjo\/wp-content\/uploads\/sites\/9\/2022\/02\/1-4-300x200.png","type":"","width":"","height":""}],"twitter_misc":{"Szacowany czas czytania":"2 minuty"},"schema":{"@context":"https:\/\/schema.org","@graph":[{"@type":"WebPage","@id":"https:\/\/pb.edu.pl\/sjo\/wydarzenia-sjo\/konkurs-fotograficzno-jezykowy-foreign-language-my-window-to-the-world\/laureaci-konkursu\/","url":"https:\/\/pb.edu.pl\/sjo\/wydarzenia-sjo\/konkurs-fotograficzno-jezykowy-foreign-language-my-window-to-the-world\/laureaci-konkursu\/","name":"Laureaci konkursu - Studium J\u0119zyk\u00f3w Obcych","isPartOf":{"@id":"https:\/\/pb.edu.pl\/sjo\/#website"},"primaryImageOfPage":{"@id":"https:\/\/pb.edu.pl\/sjo\/wydarzenia-sjo\/konkurs-fotograficzno-jezykowy-foreign-language-my-window-to-the-world\/laureaci-konkursu\/#primaryimage"},"image":{"@id":"https:\/\/pb.edu.pl\/sjo\/wydarzenia-sjo\/konkurs-fotograficzno-jezykowy-foreign-language-my-window-to-the-world\/laureaci-konkursu\/#primaryimage"},"thumbnailUrl":"https:\/\/pb.edu.pl\/sjo\/wp-content\/uploads\/sites\/9\/2022\/02\/1-4-300x200.png","datePublished":"2024-04-18T11:48:45+00:00","dateModified":"2024-04-19T09:22:46+00:00","description":"Przedstawiamy list\u0119 laureat\u00f3w: \u201eA Modern Gentleman\u201d Jakub Kierznowski Zobacz zdj\u0119cie ex aequo \u201eIn search of a common language\u201d Dawid Witkiewicz Zobacz","breadcrumb":{"@id":"https:\/\/pb.edu.pl\/sjo\/wydarzenia-sjo\/konkurs-fotograficzno-jezykowy-foreign-language-my-window-to-the-world\/laureaci-konkursu\/#breadcrumb"},"inLanguage":"pl-PL","potentialAction":[{"@type":"ReadAction","target":["https:\/\/pb.edu.pl\/sjo\/wydarzenia-sjo\/konkurs-fotograficzno-jezykowy-foreign-language-my-window-to-the-world\/laureaci-konkursu\/"]}]},{"@type":"ImageObject","inLanguage":"pl-PL","@id":"https:\/\/pb.edu.pl\/sjo\/wydarzenia-sjo\/konkurs-fotograficzno-jezykowy-foreign-language-my-window-to-the-world\/laureaci-konkursu\/#primaryimage","url":"https:\/\/pb.edu.pl\/sjo\/wp-content\/uploads\/sites\/9\/2022\/02\/1-4.png","contentUrl":"https:\/\/pb.edu.pl\/sjo\/wp-content\/uploads\/sites\/9\/2022\/02\/1-4.png","width":799,"height":533},{"@type":"BreadcrumbList","@id":"https:\/\/pb.edu.pl\/sjo\/wydarzenia-sjo\/konkurs-fotograficzno-jezykowy-foreign-language-my-window-to-the-world\/laureaci-konkursu\/#breadcrumb","itemListElement":[{"@type":"ListItem","position":1,"name":"Home","item":"https:\/\/pb.edu.pl\/sjo\/"},{"@type":"ListItem","position":2,"name":"Wydarzenia SJO","item":"https:\/\/pb.edu.pl\/sjo\/wydarzenia-sjo\/"},{"@type":"ListItem","position":3,"name":"Konkurs fotograficzno-j\u0119zykowy \u201eForeign language \u2013 my window to the world\u201d","item":"https:\/\/pb.edu.pl\/sjo\/wydarzenia-sjo\/konkurs-fotograficzno-jezykowy-foreign-language-my-window-to-the-world\/"},{"@type":"ListItem","position":4,"name":"Laureaci konkursu"}]},{"@type":"WebSite","@id":"https:\/\/pb.edu.pl\/sjo\/#website","url":"https:\/\/pb.edu.pl\/sjo\/","name":"Studium J\u0119zyk\u00f3w Obcych","description":"","potentialAction":[{"@type":"SearchAction","target":{"@type":"EntryPoint","urlTemplate":"https:\/\/pb.edu.pl\/sjo\/?s={search_term_string}"},"query-input":{"@type":"PropertyValueSpecification","valueRequired":true,"valueName":"search_term_string"}}],"inLanguage":"pl-PL"}]}},"_links":{"self":[{"href":"https:\/\/pb.edu.pl\/sjo\/wp-json\/wp\/v2\/pages\/25008","targetHints":{"allow":["GET"]}}],"collection":[{"href":"https:\/\/pb.edu.pl\/sjo\/wp-json\/wp\/v2\/pages"}],"about":[{"href":"https:\/\/pb.edu.pl\/sjo\/wp-json\/wp\/v2\/types\/page"}],"author":[{"embeddable":true,"href":"https:\/\/pb.edu.pl\/sjo\/wp-json\/wp\/v2\/users\/6"}],"replies":[{"embeddable":true,"href":"https:\/\/pb.edu.pl\/sjo\/wp-json\/wp\/v2\/comments?post=25008"}],"version-history":[{"count":0,"href":"https:\/\/pb.edu.pl\/sjo\/wp-json\/wp\/v2\/pages\/25008\/revisions"}],"up":[{"embeddable":true,"href":"https:\/\/pb.edu.pl\/sjo\/wp-json\/wp\/v2\/pages\/24032"}],"wp:attachment":[{"href":"https:\/\/pb.edu.pl\/sjo\/wp-json\/wp\/v2\/media?parent=25008"}],"curies":[{"name":"wp","href":"https:\/\/api.w.org\/{rel}","templated":true}]}}