{"id":24337,"date":"2024-03-07T13:58:51","date_gmt":"2024-03-07T12:58:51","guid":{"rendered":"https:\/\/pb.edu.pl\/sjo\/?page_id=24337"},"modified":"2024-03-14T15:14:09","modified_gmt":"2024-03-14T14:14:09","slug":"lte-languagecert-test-of-english-speaking","status":"publish","type":"page","link":"https:\/\/pb.edu.pl\/sjo\/dla-studenta\/egzaminy\/languagecert\/lte-languagecert-test-of-english-speaking\/","title":{"rendered":"LTE (LanguageCert Test of English) Speaking"},"content":{"rendered":"<p>M\u00f3wienie po angielsku i efektywna komunikacja z innymi to najwa\u017cniejsze umiej\u0119tno\u015bci na \u015bwiecie. Ca\u0142a Twoja wiedza nie poka\u017ce si\u0119 \u015bwiatu, dop\u00f3ki nie b\u0119dziesz w stanie rozmawia\u0107 o niej w j\u0119zyku angielskim. <\/p>\n<p><strong>Wa\u017cne<\/strong>: Certyfikaty LanguageCert LTE s\u0105 wa\u017cne do\u017cywotnio, nie maj\u0105 daty wa\u017cno\u015bci!<\/p>\n<p><strong>LanguageCert LTE A1-C2:<\/strong><\/p>\n<ul>\n<li>Zaprojektowany specjalnie dla student\u00f3w zbli\u017caj\u0105cych si\u0119 do uko\u0144czenia studi\u00f3w i wchodz\u0105cych na rynek pracy.<\/li>\n<li>Certyfikaty LanguageCert s\u0105 wa\u017cne do\u017cywotnio, nie wygasaj\u0105!<\/li>\n<li><strong>LTE zawsze si\u0119 zdaje<\/strong>, o poziomie na certyfikacie decyduje liczba zdobytych punkt\u00f3w<\/li>\n<li>Egzamin z j\u0119zyka angielskiego w \u015brodowisku pracy, testuje i potwierdza niezb\u0119dne na rynku pracy umiej\u0119tno\u015bci.<\/li>\n<li>Dost\u0119pny z domu, zdawany online pod okiem egzaminatora w czasie rzeczywistym, bezpiecznie, wygodnie i oszcz\u0119dnie.<\/li>\n<li>Wyniki w 3 dni robocze (Raport Wynik\u00f3w, Certyfikat oraz Cyfrowa Odznaka)<\/li>\n<li>Egzamin adaptywny, dynamicznie dopasowuje pytania do poziomu zaawansowania kandydata aby precyzyjnie zakwalifikowa\u0107 na konkretny poziom.<\/li>\n<li>Mi\u0119dzynarodowe potwierdzenie Twoich umiej\u0119tno\u015bci j\u0119zykowych poprawi Twoje perspektywy akademickie i zawodowe.<\/li>\n<li>Certyfikat to doskona\u0142y spos\u00f3b na pokazanie Twojego zaanga\u017cowania w rozwijanie swoich umiej\u0119tno\u015bci ponad wymagane minimum <\/li>\n<li>Wi\u0119ksza pewno\u015b\u0107 siebie w komunikacji z lud\u017ami z ca\u0142ego \u015bwiata.<\/li>\n<\/ul>\n<p>Zarejestruj si\u0119 na LanguageCert LTE A1-C2 aby zdoby\u0107 oficjalny, mi\u0119dzynarodowy certyfikat i wyr\u00f3\u017cni\u0107 si\u0119 na rynku pracy!<\/p>\n<p>Wykorzystaj ten kod rabatowy poni\u017cej aby zarejestrowa\u0107 si\u0119 na egzamin w dowolnym miejscu na \u015bwiecie<\/p>\n<p style=\"text-align: center\"><strong>Kod rabatowy\/promocyjny: 1FF6EE (dla kandydat\u00f3w rejestruj\u0105cych si\u0119 w Polsce)<br \/>\n8F104F (dla kandydat\u00f3w rejestruj\u0105cych si\u0119 poza Polsk\u0105)<\/strong><\/p>\n<p>Zarejestruj si\u0119 na egzamin, kt\u00f3ry zdasz online z domu:<br \/>\n<a href=\"https:\/\/www.languagecert.org\/en\/language-exams\/english\/languagecert-test-of-english-lte\/a1-c2-speaking\">https:\/\/www.languagecert.org\/en\/language-exams\/english\/languagecert-test-of-english-lte\/a1-c2-speaking<\/a><\/p>\n<h3>STRUKTURA EGZAMINU I G\u0141\u00d3WNE CECHY<\/h3>\n<p>LTE Speaking to oko\u0142o 15-minutowa rozmowa mi\u0119dzy kandydatem a egzaminatorem, kt\u00f3ry b\u0119dzie zadawa\u0142 Ci pytania, aby umo\u017cliwi\u0107 Ci pokazanie maksymalnej sprawno\u015bci w m\u00f3wieniu. Istotne jest, \u017ce rozm\u00f3wca nie b\u0119dzie decydowa\u0142 o twoim poziomie i liczbie punkt\u00f3w, kt\u00f3re otrzymasz. Tw\u00f3j egzamin z m\u00f3wienia b\u0119dzie oceniany przez inny zesp\u00f3\u0142 w LanguageCert. <\/p>\n<p>Podczas egzaminu zostan\u0105 Ci zadane pytania o rosn\u0105cym stopniu trudno\u015bci, od Twojego imienia oraz nazwiska i jego pisowni, po wyra\u017canie swoich pogl\u0105d\u00f3w i opinii na r\u00f3\u017cne tematy oraz dyskusj\u0119 na tematy og\u00f3lne i zwi\u0105zane z biurem.<\/p>\n<p><strong>Dlaczego warto przyst\u0105pi\u0107 do LTE A1-C2?<\/strong><\/p>\n<p>Certyfikat LanguageCert Test of English (LTE) pozwoli Ci szybciej dosta\u0107 zaproszenie na rozmow\u0119 kwalifikacyjn\u0105! Rekruterzy z ca\u0142ego \u015bwiata ufaj\u0105 certyfikatom LanguageCert, a posiadanie jakiegokolwiek certyfikatu w Twoim portfolio jest zawsze lepsze ni\u017c &#8222;deklaracje&#8221; Twojej znajomo\u015bci j\u0119zyka angielskiego.<br \/>\n<a href=\"https:\/\/pb.edu.pl\/sjo\/wp-content\/uploads\/sites\/9\/2024\/03\/Obraz16.png\"><img loading=\"lazy\" decoding=\"async\" src=\"https:\/\/pb.edu.pl\/sjo\/wp-content\/uploads\/sites\/9\/2024\/03\/Obraz16.png\" alt=\"\" width=\"605\" height=\"261\" class=\"alignnone size-full wp-image-24483\" srcset=\"https:\/\/pb.edu.pl\/sjo\/wp-content\/uploads\/sites\/9\/2024\/03\/Obraz16.png 605w, https:\/\/pb.edu.pl\/sjo\/wp-content\/uploads\/sites\/9\/2024\/03\/Obraz16-300x129.png 300w\" sizes=\"auto, (max-width: 605px) 100vw, 605px\" \/><\/a><\/p>\n<p>Pom\u00f3\u017c rekruterom znale\u017a\u0107 i zatrudni\u0107 Ci\u0119 szybciej! LTE zosta\u0142 zaprojektowany, aby udowodni\u0107 Twoje &#8222;umiej\u0119tno\u015bci przetrwania w j\u0119zyku angielskim&#8221; w \u015brodowisku pracy. Zawsze zdajesz egzamin, Tw\u00f3j wynik jest okre\u015blany przez poprawne odpowiedzi w bardzo nowoczesnym, adaptywnym formacie testu.<\/p>\n<h3>JAK SKORZYSTA\u0106 Z KODU RABATOWEGO\/PROMOCYJNEGO?<\/h3>\n<p style=\"text-align: center\"><strong>Kod rabatowy\/promocyjny: 1FF6EE (dla kandydat\u00f3w rejestruj\u0105cych si\u0119 w Polsce)<br \/>\n8F104F (dla kandydat\u00f3w rejestruj\u0105cych si\u0119 poza Polsk\u0105)<\/strong><\/p>\n<ol>\n<li>Zarejestruj si\u0119 na egzamin, kt\u00f3ry zdasz online z domu: <a href=\"https:\/\/www.languagecert.org\/en\/language-exams\/english\/languagecert-test-of-english-lte\/a1-c2-speaking\">https:\/\/www.languagecert.org\/en\/language-exams\/english\/languagecert-test-of-english-lte\/a1-c2-speaking<\/a> <\/li>\n<li>Zaznacz czerwon\u0105 kropk\u0119 i kliknij Book<\/li>\n<p> <a href=\"https:\/\/pb.edu.pl\/sjo\/wp-content\/uploads\/sites\/9\/2024\/03\/Obraz15.png\"><img loading=\"lazy\" decoding=\"async\" src=\"https:\/\/pb.edu.pl\/sjo\/wp-content\/uploads\/sites\/9\/2024\/03\/Obraz15.png\" alt=\"\" width=\"605\" height=\"233\" class=\"alignnone size-full wp-image-24481\" srcset=\"https:\/\/pb.edu.pl\/sjo\/wp-content\/uploads\/sites\/9\/2024\/03\/Obraz15.png 605w, https:\/\/pb.edu.pl\/sjo\/wp-content\/uploads\/sites\/9\/2024\/03\/Obraz15-300x116.png 300w\" sizes=\"auto, (max-width: 605px) 100vw, 605px\" \/><\/a><\/p>\n<li>Wprowad\u017a sw\u00f3j kod promocyjny i kliknij Apply<\/li>\n<p> <a href=\"https:\/\/pb.edu.pl\/sjo\/wp-content\/uploads\/sites\/9\/2024\/03\/Obraz14.png\"><img loading=\"lazy\" decoding=\"async\" src=\"https:\/\/pb.edu.pl\/sjo\/wp-content\/uploads\/sites\/9\/2024\/03\/Obraz14.png\" alt=\"\" width=\"605\" height=\"194\" class=\"alignnone size-full wp-image-24479\" srcset=\"https:\/\/pb.edu.pl\/sjo\/wp-content\/uploads\/sites\/9\/2024\/03\/Obraz14.png 605w, https:\/\/pb.edu.pl\/sjo\/wp-content\/uploads\/sites\/9\/2024\/03\/Obraz14-300x96.png 300w\" sizes=\"auto, (max-width: 605px) 100vw, 605px\" \/><\/a><\/p>\n<li>Zobaczysz zastosowany kod promocyjny i rabat (kt\u00f3ry mo\u017ce si\u0119 r\u00f3\u017cni\u0107 w zale\u017cno\u015bci od kraju, w kt\u00f3rym si\u0119 rejestrujesz), kliknij on Schedule or Edit Date &amp; Time<\/li>\n<p> <a href=\"https:\/\/pb.edu.pl\/sjo\/wp-content\/uploads\/sites\/9\/2024\/03\/Obraz13.png\"><img loading=\"lazy\" decoding=\"async\" src=\"https:\/\/pb.edu.pl\/sjo\/wp-content\/uploads\/sites\/9\/2024\/03\/Obraz13.png\" alt=\"\" width=\"605\" height=\"203\" class=\"alignnone size-full wp-image-24477\" srcset=\"https:\/\/pb.edu.pl\/sjo\/wp-content\/uploads\/sites\/9\/2024\/03\/Obraz13.png 605w, https:\/\/pb.edu.pl\/sjo\/wp-content\/uploads\/sites\/9\/2024\/03\/Obraz13-300x101.png 300w\" sizes=\"auto, (max-width: 605px) 100vw, 605px\" \/><\/a><\/p>\n<li>Na tej stronie b\u0119dziesz m\u00f3g\u0142: <\/li>\n<ul>\n<li>U\u017cy\u0107 strza\u0142ek, aby wybra\u0107 dzie\u0144 egzaminu (masz 12 miesi\u0119cy na wybranie daty egzaminu)<\/li>\n<li>Wybra\u0107 godzin\u0119 rozpocz\u0119cia egzaminu <\/li>\n<li>Zako\u0144czy\u0107 wyb\u00f3r daty i godziny i przej\u015b\u0107 do p\u0142atno\u015bci<\/li>\n<p><a href=\"https:\/\/pb.edu.pl\/sjo\/wp-content\/uploads\/sites\/9\/2024\/03\/Obraz12-1.png\"><img loading=\"lazy\" decoding=\"async\" src=\"https:\/\/pb.edu.pl\/sjo\/wp-content\/uploads\/sites\/9\/2024\/03\/Obraz12-1.png\" alt=\"\" width=\"605\" height=\"835\" class=\"alignnone size-full wp-image-24475\" srcset=\"https:\/\/pb.edu.pl\/sjo\/wp-content\/uploads\/sites\/9\/2024\/03\/Obraz12-1.png 605w, https:\/\/pb.edu.pl\/sjo\/wp-content\/uploads\/sites\/9\/2024\/03\/Obraz12-1-217x300.png 217w\" sizes=\"auto, (max-width: 605px) 100vw, 605px\" \/><\/a>\n<\/ul>\n<li>B\u0119dziesz poproszony o utworzenie konta kandydata, wype\u0142nij wymagane pola. <\/li>\n<p> <a href=\"https:\/\/pb.edu.pl\/sjo\/wp-content\/uploads\/sites\/9\/2024\/03\/Obraz11-1.png\"><img loading=\"lazy\" decoding=\"async\" src=\"https:\/\/pb.edu.pl\/sjo\/wp-content\/uploads\/sites\/9\/2024\/03\/Obraz11-1.png\" alt=\"\" width=\"605\" height=\"812\" class=\"alignnone size-full wp-image-24473\" srcset=\"https:\/\/pb.edu.pl\/sjo\/wp-content\/uploads\/sites\/9\/2024\/03\/Obraz11-1.png 605w, https:\/\/pb.edu.pl\/sjo\/wp-content\/uploads\/sites\/9\/2024\/03\/Obraz11-1-224x300.png 224w\" sizes=\"auto, (max-width: 605px) 100vw, 605px\" \/><\/a><\/p>\n<li>Nast\u0119pnym krokiem b\u0119dzie dokonanie p\u0142atno\u015bci. Otrzymasz potwierdzenie rezerwacji i dodatkowe instrukcje drog\u0105 mailow\u0105.<\/li>\n<\/ol>\n<p><strong>Wskaz\u00f3wka<\/strong>: Po zakupie egzaminu b\u0119dziesz mia\u0142 12 miesi\u0119cy od daty zakupu na wyb\u00f3r daty i godziny egzaminu, w zale\u017cno\u015bci od dost\u0119pno\u015bci miejsc egzaminacyjnych. <\/p>\n<h3>PRZYGOTOWANIE DO EGZAMINU<\/h3>\n<p><strong>Kurs przygotowuj\u0105cy online do LanguageCert Test of English (LTE)!<\/strong><\/p>\n<p>Modu\u0142 LTE Speaking!<\/p>\n<p>Je\u015bli planujesz zda\u0107 <strong>LTE Speaking<\/strong> lub SZCZEG\u00d3LNIE je\u015bli ju\u017c si\u0119 zarejestrowa\u0142e\u015b\/a\u015b, ten kurs jest idealny dla Ciebie:<\/p>\n<p>Tw\u00f3j kod rabatowy na zakup kursu: <strong>LAC208<\/strong> da Ci <strong>30% zni\u017cki!<\/strong><\/p>\n<p>Kliknij tutaj, aby przej\u015b\u0107 do kursu przygotowawczego do modu\u0142u Speaking:<br \/>\n<a href=\"https:\/\/lynkoacademy.podia.com\/lte-speaking\">https:\/\/lynkoacademy.podia.com\/lte-speaking  <\/a><\/p>\n<p><strong>Przyk\u0142adowe testy\/arkusze egzaminacyjne<\/strong><\/p>\n<p>Na stronie internetowej LanguageCert dost\u0119pne s\u0105 przyk\u0142adowe testy, mo\u017cesz pobra\u0107 pakiety egzaminacyjne tutaj: <a href=\"https:\/\/www.languagecert.org\/en\/language-exams\/english\/languagecert-test-of-english-lte\/a1-c2-speaking\">https:\/\/www.languagecert.org\/en\/language-exams\/english\/languagecert-test-of-english-lte\/a1-c2-speaking <\/a><\/p>\n<p>\u2026 w sekcji <strong>Official preparation material<\/strong> na wsponianej stronie (przewi\u0144 stron\u0119 w d\u00f3\u0142 i rozwi\u0144 zak\u0142adk\u0119).<\/p>\n<p><strong>Przygotuj sw\u00f3j komputer do egzaminu: <\/strong><\/p>\n<p>Aby Tw\u00f3j egzamin przebieg\u0142 pomy\u015blnie, musisz odpowiednio przygotowa\u0107 sw\u00f3j komputer, zapoznaj si\u0119 z poni\u017cszymi wytycznymi, kt\u00f3re pomog\u0105 Ci przygotowa\u0107 techniczn\u0105 cz\u0119\u015b\u0107 przyst\u0105pienia do egzaminu.<br \/>\n<a href=\"https:\/\/www.languagecert.org\/en\/exam-types\/online-exams\/olp-guidelines\">https:\/\/www.languagecert.org\/en\/exam-types\/online-exams\/olp-guidelines <\/a><\/p>\n<p><strong>Wskaz\u00f3wka<\/strong>: Ustaw kamer\u0119 w taki spos\u00f3b, aby drzwi do Twojego pokoju by\u0142y za Tob\u0105, dzi\u0119ki czemu egzaminator b\u0119dzie m\u00f3g\u0142 wiedzie\u0107 Ciebie i drzwi za Tob\u0105. Usu\u0144 wszystkie materia\u0142y ze swojego biurka, ustaw telefon w trybie cichym w razie konieczno\u015bci kontaktu, nie wy\u0142\u0105czaj go ca\u0142kowicie. <\/p>\n<h3>WYNIKI EGZAMIN\u00d3W<\/h3>\n<p>Tw\u00f3j wynik b\u0119dzie wyra\u017cony na skali punktowej od 10 do 100 punkt\u00f3w, zale\u017cnie od liczby uzyskanych punkt\u00f3w, zakwalifikujesz si\u0119 na jeden z 6 poziom\u00f3w wg skali Rady Europy CEFR:<br \/>\n<strong>C2<\/strong> = 90-100 punkt\u00f3w<br \/>\n<strong>C1<\/strong> = 75-89 punkt\u00f3w<\/p>\n<p style=\"background-color:yellow;width:175px\"><strong>B2<\/strong> = 60-74 punkt\u00f3w<\/p>\n<p><strong>B1<\/strong> = 40-59 punkt\u00f3w<br \/>\n<strong>A2<\/strong> = 20-39 punkt\u00f3w<br \/>\n<strong>A1<\/strong> = 10-19 punkt\u00f3w<br \/>\n<strong>0<\/strong> = 0-9 punkt\u00f3w<\/p>\n<h3>PRZYK\u0141ADOWY CERTYFIKAT<\/h3>\n<p> <a href=\"https:\/\/pb.edu.pl\/sjo\/wp-content\/uploads\/sites\/9\/2024\/03\/Obraz10-1.png\"><img loading=\"lazy\" decoding=\"async\" src=\"https:\/\/pb.edu.pl\/sjo\/wp-content\/uploads\/sites\/9\/2024\/03\/Obraz10-1.png\" alt=\"\" width=\"605\" height=\"856\" class=\"alignnone size-full wp-image-24471\" srcset=\"https:\/\/pb.edu.pl\/sjo\/wp-content\/uploads\/sites\/9\/2024\/03\/Obraz10-1.png 605w, https:\/\/pb.edu.pl\/sjo\/wp-content\/uploads\/sites\/9\/2024\/03\/Obraz10-1-212x300.png 212w\" sizes=\"auto, (max-width: 605px) 100vw, 605px\" \/><\/a><\/p>\n<p>Przyk\u0142adowy Certyfikat LanguageCert Test of English (LTE) Speaking<\/p>\n<h3>ZALETY EGZAMIN\u00d3W LANGUAGECERT LTE<\/h3>\n<p><strong>Egzamin nadzorowany online\u2013 zdaj LTE nie wychodz\u0105c z domu!<\/strong><\/p>\n<p>Zobacz wideo informacyjne: <a href=\"https:\/\/youtu.be\/E-YBTMH5RZo?si=VUBkAb2KgliKxEDq\">https:\/\/youtu.be\/E-YBTMH5RZo?si=VUBkAb2KgliKxEDq<\/a><\/p>\n<p>Online Live Proctoring oznacza, \u017ce umawiasz si\u0119 na spotkanie ze swoim egzaminatorem online i \u0142\u0105czysz si\u0119 na \u017cywo, aby zda\u0107 egzamin w bezpiecznym i wygodnym \u015brodowisku cho\u0107by swojego pokoju. Dzi\u0119ki tej metodzie dostarczania egzaminu oszcz\u0119dzasz czas i pieni\u0105dze, masz du\u017c\u0105 elastyczno\u015b\u0107 w wyborze daty i godziny egzaminu oraz zdajesz egzamin 1 na 1 ze swoim egzaminatorem. Nie ma potrzeby dostosowywania swojego harmonogramu do innych kandydat\u00f3w czy dost\u0119pno\u015bci centr\u00f3w egzaminacyjnych. <\/p>\n<p><strong>Wskaz\u00f3wka<\/strong>: Egzamin LTE podzielony jest na trzy modu\u0142y: S\u0142uchanie &amp; Czytanie (LTE Listening &amp; Reading), M\u00f3wienie (LTE Speaking) oraz Pisanie (LTE Writing), ka\u017cdy z osobnym Certyfikatem. Mo\u017cesz zdecydowa\u0107, kt\u00f3ry z nich zdawa\u0107 jako pierwszy, na przyk\u0142ad: S\u0142uchanie &amp; Czytanie to \u015bwietny pocz\u0105tek Twojej podr\u00f3\u017cy, aby przezwyci\u0119\u017cy\u0107 stres egzaminacyjny i uzyska\u0107 pierwszy Certyfikat z j\u0119zyka angielskiego. M\u00f3wienie w LTE sprawdza umiej\u0119tno\u015b\u0107 j\u0119zykow\u0105, kt\u00f3ra jest cz\u0119sto najbardziej po\u017c\u0105dana w \u015bwiecie pracy i komunikacji. Pisanie w LTE obejmuje bardzo wa\u017cn\u0105 umiej\u0119tno\u015b\u0107, kt\u00f3r\u0105 mo\u017cesz pokaza\u0107, aby uko\u0144czy\u0107 swoj\u0105 podr\u00f3\u017c z egzaminami LTE. Pisanie e-maili i uczestnictwo w chatach po angielsku s\u0105 teraz wa\u017cniejsze ni\u017c kiedykolwiek wcze\u015bniej!<\/p>\n<p><strong>Cyfrowa odznaka LanguageCert, cenny dodatek do CV i profilu online!<\/strong><\/p>\n<p>Dodanie cyfrowej odznaki LanguageCert do swojego CV czy aplikacji z pewno\u015bci\u0105 przyci\u0105gnie uwag\u0119 rekrutera. W coraz bardziej globalnym \u015bwiecie, umiej\u0119tno\u015b\u0107 przekazania swojej wiedzy czy pokazania swoich umiej\u0119tno\u015bci w j\u0119zyku obcym staje si\u0119 wa\u017cniejsza ni\u017c konkretne kompetencje zawodowe, kt\u00f3re wymagaj\u0105 mniej czasu do nauczenia. Podkre\u015blenie swoich umiej\u0119tno\u015bci j\u0119zykowych za pomoc\u0105 cyfrowej odznaki, przesunie Ci\u0119 jako kandydata na pocz\u0105tek listy zaprosze\u0144 na rozmow\u0119 kwalifikacyjn\u0105. Po zdaniu egzaminu, Twoja odznaka b\u0119dzie czeka\u0107 na Ciebie na Twoim profilu na stronie LanguageCert.<br \/>\n<a href=\"https:\/\/pb.edu.pl\/sjo\/wp-content\/uploads\/sites\/9\/2024\/03\/Obraz9-1.png\"><img loading=\"lazy\" decoding=\"async\" src=\"https:\/\/pb.edu.pl\/sjo\/wp-content\/uploads\/sites\/9\/2024\/03\/Obraz9-1.png\" alt=\"\" width=\"360\" height=\"327\" class=\"alignnone size-full wp-image-24469\" srcset=\"https:\/\/pb.edu.pl\/sjo\/wp-content\/uploads\/sites\/9\/2024\/03\/Obraz9-1.png 360w, https:\/\/pb.edu.pl\/sjo\/wp-content\/uploads\/sites\/9\/2024\/03\/Obraz9-1-300x273.png 300w\" sizes=\"auto, (max-width: 360px) 100vw, 360px\" \/><\/a><\/p>\n","protected":false},"excerpt":{"rendered":"<p>M\u00f3wienie po angielsku i efektywna komunikacja z innymi to najwa\u017cniejsze umiej\u0119tno\u015bci na \u015bwiecie. Ca\u0142a Twoja<\/p>\n","protected":false},"author":6,"featured_media":0,"parent":9496,"menu_order":0,"comment_status":"closed","ping_status":"closed","template":"","meta":{"_acf_changed":false,"ngg_post_thumbnail":0,"footnotes":""},"class_list":["post-24337","page","type-page","status-publish","hentry"],"acf":[],"yoast_head":"<!-- This site is optimized with the Yoast SEO plugin v27.0 - https:\/\/yoast.com\/product\/yoast-seo-wordpress\/ -->\n<title>LTE (LanguageCert Test of English) Speaking - Studium J\u0119zyk\u00f3w Obcych<\/title>\n<meta name=\"description\" content=\"M\u00f3wienie po angielsku i efektywna komunikacja z innymi to najwa\u017cniejsze umiej\u0119tno\u015bci na \u015bwiecie. Ca\u0142a Twoja wiedza nie poka\u017ce si\u0119 \u015bwiatu, dop\u00f3ki nie\" \/>\n<meta name=\"robots\" content=\"index, follow, max-snippet:-1, max-image-preview:large, max-video-preview:-1\" \/>\n<link rel=\"canonical\" href=\"https:\/\/pb.edu.pl\/sjo\/dla-studenta\/egzaminy\/languagecert\/lte-languagecert-test-of-english-speaking\/\" \/>\n<meta property=\"og:locale\" content=\"pl_PL\" \/>\n<meta property=\"og:type\" content=\"article\" \/>\n<meta property=\"og:title\" content=\"LTE (LanguageCert Test of English) Speaking - Studium J\u0119zyk\u00f3w Obcych\" \/>\n<meta property=\"og:description\" content=\"M\u00f3wienie po angielsku i efektywna komunikacja z innymi to najwa\u017cniejsze umiej\u0119tno\u015bci na \u015bwiecie. Ca\u0142a Twoja wiedza nie poka\u017ce si\u0119 \u015bwiatu, dop\u00f3ki nie\" \/>\n<meta property=\"og:url\" content=\"https:\/\/pb.edu.pl\/sjo\/dla-studenta\/egzaminy\/languagecert\/lte-languagecert-test-of-english-speaking\/\" \/>\n<meta property=\"og:site_name\" content=\"Studium J\u0119zyk\u00f3w Obcych\" \/>\n<meta property=\"article:modified_time\" content=\"2024-03-14T14:14:09+00:00\" \/>\n<meta property=\"og:image\" content=\"https:\/\/pb.edu.pl\/sjo\/wp-content\/uploads\/sites\/9\/2024\/03\/Obraz16.png\" \/>\n<meta name=\"twitter:label1\" content=\"Szacowany czas czytania\" \/>\n\t<meta name=\"twitter:data1\" content=\"9 minut\" \/>\n<script type=\"application\/ld+json\" class=\"yoast-schema-graph\">{\"@context\":\"https:\/\/schema.org\",\"@graph\":[{\"@type\":\"WebPage\",\"@id\":\"https:\/\/pb.edu.pl\/sjo\/dla-studenta\/egzaminy\/languagecert\/lte-languagecert-test-of-english-speaking\/\",\"url\":\"https:\/\/pb.edu.pl\/sjo\/dla-studenta\/egzaminy\/languagecert\/lte-languagecert-test-of-english-speaking\/\",\"name\":\"LTE (LanguageCert Test of English) Speaking - Studium J\u0119zyk\u00f3w Obcych\",\"isPartOf\":{\"@id\":\"https:\/\/pb.edu.pl\/sjo\/#website\"},\"primaryImageOfPage\":{\"@id\":\"https:\/\/pb.edu.pl\/sjo\/dla-studenta\/egzaminy\/languagecert\/lte-languagecert-test-of-english-speaking\/#primaryimage\"},\"image\":{\"@id\":\"https:\/\/pb.edu.pl\/sjo\/dla-studenta\/egzaminy\/languagecert\/lte-languagecert-test-of-english-speaking\/#primaryimage\"},\"thumbnailUrl\":\"https:\/\/pb.edu.pl\/sjo\/wp-content\/uploads\/sites\/9\/2024\/03\/Obraz16.png\",\"datePublished\":\"2024-03-07T12:58:51+00:00\",\"dateModified\":\"2024-03-14T14:14:09+00:00\",\"description\":\"M\u00f3wienie po angielsku i efektywna komunikacja z innymi to najwa\u017cniejsze umiej\u0119tno\u015bci na \u015bwiecie. Ca\u0142a Twoja wiedza nie poka\u017ce si\u0119 \u015bwiatu, dop\u00f3ki nie\",\"breadcrumb\":{\"@id\":\"https:\/\/pb.edu.pl\/sjo\/dla-studenta\/egzaminy\/languagecert\/lte-languagecert-test-of-english-speaking\/#breadcrumb\"},\"inLanguage\":\"pl-PL\",\"potentialAction\":[{\"@type\":\"ReadAction\",\"target\":[\"https:\/\/pb.edu.pl\/sjo\/dla-studenta\/egzaminy\/languagecert\/lte-languagecert-test-of-english-speaking\/\"]}]},{\"@type\":\"ImageObject\",\"inLanguage\":\"pl-PL\",\"@id\":\"https:\/\/pb.edu.pl\/sjo\/dla-studenta\/egzaminy\/languagecert\/lte-languagecert-test-of-english-speaking\/#primaryimage\",\"url\":\"https:\/\/pb.edu.pl\/sjo\/wp-content\/uploads\/sites\/9\/2024\/03\/Obraz16.png\",\"contentUrl\":\"https:\/\/pb.edu.pl\/sjo\/wp-content\/uploads\/sites\/9\/2024\/03\/Obraz16.png\"},{\"@type\":\"BreadcrumbList\",\"@id\":\"https:\/\/pb.edu.pl\/sjo\/dla-studenta\/egzaminy\/languagecert\/lte-languagecert-test-of-english-speaking\/#breadcrumb\",\"itemListElement\":[{\"@type\":\"ListItem\",\"position\":1,\"name\":\"Home\",\"item\":\"https:\/\/pb.edu.pl\/sjo\/\"},{\"@type\":\"ListItem\",\"position\":2,\"name\":\"Studiuj\u0119 w PB\",\"item\":\"https:\/\/pb.edu.pl\/sjo\/dla-studenta\/\"},{\"@type\":\"ListItem\",\"position\":3,\"name\":\"Egzaminy\",\"item\":\"https:\/\/pb.edu.pl\/sjo\/dla-studenta\/egzaminy\/\"},{\"@type\":\"ListItem\",\"position\":4,\"name\":\"LanguageCert\",\"item\":\"https:\/\/pb.edu.pl\/sjo\/dla-studenta\/egzaminy\/languagecert\/\"},{\"@type\":\"ListItem\",\"position\":5,\"name\":\"LTE (LanguageCert Test of English) Speaking\"}]},{\"@type\":\"WebSite\",\"@id\":\"https:\/\/pb.edu.pl\/sjo\/#website\",\"url\":\"https:\/\/pb.edu.pl\/sjo\/\",\"name\":\"Studium J\u0119zyk\u00f3w Obcych\",\"description\":\"\",\"potentialAction\":[{\"@type\":\"SearchAction\",\"target\":{\"@type\":\"EntryPoint\",\"urlTemplate\":\"https:\/\/pb.edu.pl\/sjo\/?s={search_term_string}\"},\"query-input\":{\"@type\":\"PropertyValueSpecification\",\"valueRequired\":true,\"valueName\":\"search_term_string\"}}],\"inLanguage\":\"pl-PL\"}]}<\/script>\n<!-- \/ Yoast SEO plugin. -->","yoast_head_json":{"title":"LTE (LanguageCert Test of English) Speaking - Studium J\u0119zyk\u00f3w Obcych","description":"M\u00f3wienie po angielsku i efektywna komunikacja z innymi to najwa\u017cniejsze umiej\u0119tno\u015bci na \u015bwiecie. Ca\u0142a Twoja wiedza nie poka\u017ce si\u0119 \u015bwiatu, dop\u00f3ki nie","robots":{"index":"index","follow":"follow","max-snippet":"max-snippet:-1","max-image-preview":"max-image-preview:large","max-video-preview":"max-video-preview:-1"},"canonical":"https:\/\/pb.edu.pl\/sjo\/dla-studenta\/egzaminy\/languagecert\/lte-languagecert-test-of-english-speaking\/","og_locale":"pl_PL","og_type":"article","og_title":"LTE (LanguageCert Test of English) Speaking - Studium J\u0119zyk\u00f3w Obcych","og_description":"M\u00f3wienie po angielsku i efektywna komunikacja z innymi to najwa\u017cniejsze umiej\u0119tno\u015bci na \u015bwiecie. Ca\u0142a Twoja wiedza nie poka\u017ce si\u0119 \u015bwiatu, dop\u00f3ki nie","og_url":"https:\/\/pb.edu.pl\/sjo\/dla-studenta\/egzaminy\/languagecert\/lte-languagecert-test-of-english-speaking\/","og_site_name":"Studium J\u0119zyk\u00f3w Obcych","article_modified_time":"2024-03-14T14:14:09+00:00","og_image":[{"url":"https:\/\/pb.edu.pl\/sjo\/wp-content\/uploads\/sites\/9\/2024\/03\/Obraz16.png","type":"","width":"","height":""}],"twitter_misc":{"Szacowany czas czytania":"9 minut"},"schema":{"@context":"https:\/\/schema.org","@graph":[{"@type":"WebPage","@id":"https:\/\/pb.edu.pl\/sjo\/dla-studenta\/egzaminy\/languagecert\/lte-languagecert-test-of-english-speaking\/","url":"https:\/\/pb.edu.pl\/sjo\/dla-studenta\/egzaminy\/languagecert\/lte-languagecert-test-of-english-speaking\/","name":"LTE (LanguageCert Test of English) Speaking - Studium J\u0119zyk\u00f3w Obcych","isPartOf":{"@id":"https:\/\/pb.edu.pl\/sjo\/#website"},"primaryImageOfPage":{"@id":"https:\/\/pb.edu.pl\/sjo\/dla-studenta\/egzaminy\/languagecert\/lte-languagecert-test-of-english-speaking\/#primaryimage"},"image":{"@id":"https:\/\/pb.edu.pl\/sjo\/dla-studenta\/egzaminy\/languagecert\/lte-languagecert-test-of-english-speaking\/#primaryimage"},"thumbnailUrl":"https:\/\/pb.edu.pl\/sjo\/wp-content\/uploads\/sites\/9\/2024\/03\/Obraz16.png","datePublished":"2024-03-07T12:58:51+00:00","dateModified":"2024-03-14T14:14:09+00:00","description":"M\u00f3wienie po angielsku i efektywna komunikacja z innymi to najwa\u017cniejsze umiej\u0119tno\u015bci na \u015bwiecie. Ca\u0142a Twoja wiedza nie poka\u017ce si\u0119 \u015bwiatu, dop\u00f3ki nie","breadcrumb":{"@id":"https:\/\/pb.edu.pl\/sjo\/dla-studenta\/egzaminy\/languagecert\/lte-languagecert-test-of-english-speaking\/#breadcrumb"},"inLanguage":"pl-PL","potentialAction":[{"@type":"ReadAction","target":["https:\/\/pb.edu.pl\/sjo\/dla-studenta\/egzaminy\/languagecert\/lte-languagecert-test-of-english-speaking\/"]}]},{"@type":"ImageObject","inLanguage":"pl-PL","@id":"https:\/\/pb.edu.pl\/sjo\/dla-studenta\/egzaminy\/languagecert\/lte-languagecert-test-of-english-speaking\/#primaryimage","url":"https:\/\/pb.edu.pl\/sjo\/wp-content\/uploads\/sites\/9\/2024\/03\/Obraz16.png","contentUrl":"https:\/\/pb.edu.pl\/sjo\/wp-content\/uploads\/sites\/9\/2024\/03\/Obraz16.png"},{"@type":"BreadcrumbList","@id":"https:\/\/pb.edu.pl\/sjo\/dla-studenta\/egzaminy\/languagecert\/lte-languagecert-test-of-english-speaking\/#breadcrumb","itemListElement":[{"@type":"ListItem","position":1,"name":"Home","item":"https:\/\/pb.edu.pl\/sjo\/"},{"@type":"ListItem","position":2,"name":"Studiuj\u0119 w PB","item":"https:\/\/pb.edu.pl\/sjo\/dla-studenta\/"},{"@type":"ListItem","position":3,"name":"Egzaminy","item":"https:\/\/pb.edu.pl\/sjo\/dla-studenta\/egzaminy\/"},{"@type":"ListItem","position":4,"name":"LanguageCert","item":"https:\/\/pb.edu.pl\/sjo\/dla-studenta\/egzaminy\/languagecert\/"},{"@type":"ListItem","position":5,"name":"LTE (LanguageCert Test of English) Speaking"}]},{"@type":"WebSite","@id":"https:\/\/pb.edu.pl\/sjo\/#website","url":"https:\/\/pb.edu.pl\/sjo\/","name":"Studium J\u0119zyk\u00f3w Obcych","description":"","potentialAction":[{"@type":"SearchAction","target":{"@type":"EntryPoint","urlTemplate":"https:\/\/pb.edu.pl\/sjo\/?s={search_term_string}"},"query-input":{"@type":"PropertyValueSpecification","valueRequired":true,"valueName":"search_term_string"}}],"inLanguage":"pl-PL"}]}},"_links":{"self":[{"href":"https:\/\/pb.edu.pl\/sjo\/wp-json\/wp\/v2\/pages\/24337","targetHints":{"allow":["GET"]}}],"collection":[{"href":"https:\/\/pb.edu.pl\/sjo\/wp-json\/wp\/v2\/pages"}],"about":[{"href":"https:\/\/pb.edu.pl\/sjo\/wp-json\/wp\/v2\/types\/page"}],"author":[{"embeddable":true,"href":"https:\/\/pb.edu.pl\/sjo\/wp-json\/wp\/v2\/users\/6"}],"replies":[{"embeddable":true,"href":"https:\/\/pb.edu.pl\/sjo\/wp-json\/wp\/v2\/comments?post=24337"}],"version-history":[{"count":0,"href":"https:\/\/pb.edu.pl\/sjo\/wp-json\/wp\/v2\/pages\/24337\/revisions"}],"up":[{"embeddable":true,"href":"https:\/\/pb.edu.pl\/sjo\/wp-json\/wp\/v2\/pages\/9496"}],"wp:attachment":[{"href":"https:\/\/pb.edu.pl\/sjo\/wp-json\/wp\/v2\/media?parent=24337"}],"curies":[{"name":"wp","href":"https:\/\/api.w.org\/{rel}","templated":true}]}}