{"id":24331,"date":"2024-03-07T13:52:49","date_gmt":"2024-03-07T12:52:49","guid":{"rendered":"https:\/\/pb.edu.pl\/sjo\/?page_id=24331"},"modified":"2024-03-12T15:23:53","modified_gmt":"2024-03-12T14:23:53","slug":"languagecert-academic-selt","status":"publish","type":"page","link":"https:\/\/pb.edu.pl\/sjo\/dla-studenta\/egzaminy\/languagecert\/languagecert-academic-selt\/","title":{"rendered":"LanguageCert Academic SELT"},"content":{"rendered":"<h3>INFORMACJE O EGZAMINIE<\/h3>\n<p>LanguageCert przeprowadza zatwierdzone przez brytyjskie Home Office Secure English Language Tests (egzaminy SELT) wymaganych w procedurze uzyskania wizy do Wielkiej Brytanii, obejmuj\u0105ce wszystkie rodzaje wiz (pobyt, praca, naukaa).<\/p>\n<p>Kliknij tutaj, aby sprawdzi\u0107, kt\u00f3ry rodzaj egzaminu odpowiada Twoim wymaganiom wizowym: <a href=\"https:\/\/selt.languagecert.org\/\">https:\/\/selt.languagecert.org\/<\/a> <\/p>\n<p>LanguageCert Academic SELT to egzamin wielopoziomowy (obejmuj\u0105cy poziomy B1-C2 wg CEFR) opracowany dla u\u017cytkownik\u00f3w j\u0119zyka angielskiego jako obcego w celach akademickich (np. studia mi\u0119dzynarodowe, rekrutacja). Jest on przeprowadzany w wyznaczonych, bezpiecznych centrach egzaminacyjnych, aby spe\u0142ni\u0107 wszystkie wymagania wizowe Home Office w Wielkiej Brytanii, umo\u017cliwiaj\u0105c kandydatom ubieganie si\u0119 o wiz\u0119 i aplikowanie na studia.<\/p>\n<h3>EXAM STRUCTURE AND FEATURES<\/h3>\n<p>Egzamin sk\u0142ada si\u0119 z 4 cz\u0119\u015bci \u2013 s\u0142uchania, czytania, pisania (modu\u0142 pisemny) i m\u00f3wienia (modu\u0142 ustny). <\/p>\n<p>Mo\u017cesz zaplanowa\u0107 obie cz\u0119\u015bci egzaminu tego samego dnia lub wykona\u0107 je oddzielnie w ci\u0105gu 14 dni. S\u0142uchanie, czytanie i pisanie s\u0105 zdawane jednocze\u015bnie i zajmuj\u0105 2 godziny i 20 minut. Egzamin pisemny rozpoczyna si\u0119 od s\u0142uchania (oko\u0142o 40 minut), po kt\u00f3rym nast\u0119puje test czytania (50 minut). Po przej\u015bciu do testu pisemnego (50 minut) nie ma ju\u017c powrotu do test\u00f3w s\u0142uchania i czytania.<\/p>\n<p>Komponent ustny zajmuje 14 minut. Sk\u0142ada si\u0119 z 4 zada\u0144 wykonywanych indywidualnie lub z administratorem egzaminu na \u017cywo na komputerze. Wyniki s\u0105 publikowane w ci\u0105gu 5 dni roboczych. <\/p>\n<p>Przeznaczenie egzaminu: Rekrutacja na uniwersytet, wniosek o wiz\u0119 studenck\u0105 <\/p>\n<p>Poziomy: B1-C2 CEFR (egzamin wielopoziomowy) <\/p>\n<p>Modu\u0142y: 2 (pisemny i ustny)<\/p>\n<p>Testowane umiej\u0119tno\u015bci: 4 (s\u0142uchanie, czytanie, pisanie i m\u00f3wienie) <\/p>\n<p>Czas trwania modu\u0142\u00f3w: pisemny \u2013 2h20min, ustny \u2013 14min<\/p>\n<h3>JAK SKORZYSTA\u0106 Z KODU RABATOWEGO\/PROMOCYJNEGO<\/h3>\n<p style=\"text-align: center\"><strong>Kod rabatowy\/promocyjny: 4EB8B4<\/strong><\/p>\n<ol>\n<li>Przejd\u017a na t\u0105 stron\u0119: <a href=\"https:\/\/www.languagecert.org\/en\/language-exams\/english\/languagecert-esol-selt\/academic-selt\">https:\/\/www.languagecert.org\/en\/language-exams\/english\/languagecert-esol-selt\/academic-selt<\/a><\/li>\n<li>Klinkij <strong>Book slot<\/strong><\/li>\n<p><a href=\"https:\/\/pb.edu.pl\/sjo\/wp-content\/uploads\/sites\/9\/2024\/03\/Obraz7-1.png\"><img loading=\"lazy\" decoding=\"async\" src=\"https:\/\/pb.edu.pl\/sjo\/wp-content\/uploads\/sites\/9\/2024\/03\/Obraz7-1.png\" alt=\"\" width=\"605\" height=\"425\" class=\"alignnone size-full wp-image-24403\" srcset=\"https:\/\/pb.edu.pl\/sjo\/wp-content\/uploads\/sites\/9\/2024\/03\/Obraz7-1.png 605w, https:\/\/pb.edu.pl\/sjo\/wp-content\/uploads\/sites\/9\/2024\/03\/Obraz7-1-300x211.png 300w\" sizes=\"auto, (max-width: 605px) 100vw, 605px\" \/><\/a><\/p>\n<li>Zostaniesz poproszony\/a o podanie kraju i miasta, w kt\u00f3rym chcesz przyst\u0105pi\u0107 do egzaminu SELT, Egzaminy SELT s\u0105 przeprowadzane w bezpiecznych centrach egzaminacyjnych na ca\u0142ym \u015bwiecie, wybierz kraj i miasto i kliknij Search<\/li>\n<p><a href=\"https:\/\/pb.edu.pl\/sjo\/wp-content\/uploads\/sites\/9\/2024\/03\/Obraz6-1.png\"><img loading=\"lazy\" decoding=\"async\" src=\"https:\/\/pb.edu.pl\/sjo\/wp-content\/uploads\/sites\/9\/2024\/03\/Obraz6-1.png\" alt=\"\" width=\"605\" height=\"320\" class=\"alignnone size-full wp-image-24401\" srcset=\"https:\/\/pb.edu.pl\/sjo\/wp-content\/uploads\/sites\/9\/2024\/03\/Obraz6-1.png 605w, https:\/\/pb.edu.pl\/sjo\/wp-content\/uploads\/sites\/9\/2024\/03\/Obraz6-1-300x159.png 300w\" sizes=\"auto, (max-width: 605px) 100vw, 605px\" \/><\/a> <\/p>\n<li>Zobaczysz dost\u0119pne daty egzamin\u00f3w dla wybranego miasta i kraju, kliknij <strong>Book Exam or Change Date<\/strong><\/li>\n<p> <a href=\"https:\/\/pb.edu.pl\/sjo\/wp-content\/uploads\/sites\/9\/2024\/03\/Obraz5-1.png\"><img loading=\"lazy\" decoding=\"async\" src=\"https:\/\/pb.edu.pl\/sjo\/wp-content\/uploads\/sites\/9\/2024\/03\/Obraz5-1.png\" alt=\"\" width=\"605\" height=\"261\" class=\"alignnone size-full wp-image-24399\" srcset=\"https:\/\/pb.edu.pl\/sjo\/wp-content\/uploads\/sites\/9\/2024\/03\/Obraz5-1.png 605w, https:\/\/pb.edu.pl\/sjo\/wp-content\/uploads\/sites\/9\/2024\/03\/Obraz5-1-300x129.png 300w\" sizes=\"auto, (max-width: 605px) 100vw, 605px\" \/><\/a><\/p>\n<li>Mo\u017cesz wybiera\u0107 daty i godziny egzaminu z kalendarza, mo\u017cesz przyst\u0105pi\u0107 do ca\u0142ego egzaminu tego samego dnia lub wybra\u0107 oddzielne terminy na cz\u0119\u015b\u0107 S\u0142uchania, Czytania i Pisania oraz M\u00f3wienia, ale w ci\u0105gu 14 dni od siebie. Kliknij <strong>Proceed to Registration<\/strong><\/li>\n<p> <a href=\"https:\/\/pb.edu.pl\/sjo\/wp-content\/uploads\/sites\/9\/2024\/03\/Obraz4-1.png\"><img loading=\"lazy\" decoding=\"async\" src=\"https:\/\/pb.edu.pl\/sjo\/wp-content\/uploads\/sites\/9\/2024\/03\/Obraz4-1.png\" alt=\"\" width=\"605\" height=\"690\" class=\"alignnone size-full wp-image-24397\" srcset=\"https:\/\/pb.edu.pl\/sjo\/wp-content\/uploads\/sites\/9\/2024\/03\/Obraz4-1.png 605w, https:\/\/pb.edu.pl\/sjo\/wp-content\/uploads\/sites\/9\/2024\/03\/Obraz4-1-263x300.png 263w\" sizes=\"auto, (max-width: 605px) 100vw, 605px\" \/><\/a><\/p>\n<li>Uwa\u017cnie przeczytaj informacje, zarejestruj si\u0119, utw\u00f3rz swoje konto, wype\u0142nij wszystkie wymagane informacje.<\/li>\n<p> <a href=\"https:\/\/pb.edu.pl\/sjo\/wp-content\/uploads\/sites\/9\/2024\/03\/Obraz3-1.png\"><img loading=\"lazy\" decoding=\"async\" src=\"https:\/\/pb.edu.pl\/sjo\/wp-content\/uploads\/sites\/9\/2024\/03\/Obraz3-1.png\" alt=\"\" width=\"605\" height=\"765\" class=\"alignnone size-full wp-image-24395\" srcset=\"https:\/\/pb.edu.pl\/sjo\/wp-content\/uploads\/sites\/9\/2024\/03\/Obraz3-1.png 605w, https:\/\/pb.edu.pl\/sjo\/wp-content\/uploads\/sites\/9\/2024\/03\/Obraz3-1-237x300.png 237w\" sizes=\"auto, (max-width: 605px) 100vw, 605px\" \/><\/a><\/p>\n<li>Podaj wszystkie wymagane informacje, upewnij si\u0119, \u017ce dane w Twoim profilu s\u0105 zgodne z danymi w Twoim paszporcie lub innym wa\u017cnym dokumencie to\u017csamo\u015bci wymaganym w procesie aplikacji o wiz\u0119. Kliknij GO TO CART<\/li>\n<p> <a href=\"https:\/\/pb.edu.pl\/sjo\/wp-content\/uploads\/sites\/9\/2024\/03\/Obraz2-1.png\"><img loading=\"lazy\" decoding=\"async\" src=\"https:\/\/pb.edu.pl\/sjo\/wp-content\/uploads\/sites\/9\/2024\/03\/Obraz2-1.png\" alt=\"\" width=\"605\" height=\"848\" class=\"alignnone size-full wp-image-24393\" srcset=\"https:\/\/pb.edu.pl\/sjo\/wp-content\/uploads\/sites\/9\/2024\/03\/Obraz2-1.png 605w, https:\/\/pb.edu.pl\/sjo\/wp-content\/uploads\/sites\/9\/2024\/03\/Obraz2-1-214x300.png 214w\" sizes=\"auto, (max-width: 605px) 100vw, 605px\" \/><\/a><\/p>\n<li>Wprowad\u017a kod promocyjny i kliknij <strong>APPLY<\/strong>, Tw\u00f3j rabat zostanie naliczony. Kliknij <strong>PROCEED TO CHECKOUT<\/strong><\/li>\n<p> <a href=\"https:\/\/pb.edu.pl\/sjo\/wp-content\/uploads\/sites\/9\/2024\/03\/Obraz1-1.png\"><img loading=\"lazy\" decoding=\"async\" src=\"https:\/\/pb.edu.pl\/sjo\/wp-content\/uploads\/sites\/9\/2024\/03\/Obraz1-1.png\" alt=\"\" width=\"605\" height=\"269\" class=\"alignnone size-full wp-image-24391\" srcset=\"https:\/\/pb.edu.pl\/sjo\/wp-content\/uploads\/sites\/9\/2024\/03\/Obraz1-1.png 605w, https:\/\/pb.edu.pl\/sjo\/wp-content\/uploads\/sites\/9\/2024\/03\/Obraz1-1-300x133.png 300w\" sizes=\"auto, (max-width: 605px) 100vw, 605px\" \/><\/a><\/p>\n<li>W trakcie p\u0142atno\u015bci zostaniesz poproszony o wyb\u00f3r metody p\u0142atno\u015bci (karta lub PayPal) i dokonanie p\u0142atno\u015bci. <\/li>\n<li>Twoja rejestracja zostanie potwierdzona e-mailem. Post\u0119puj zgodnie z instrukcjami zawartymi w wiadomo\u015bci e-mail, aby stawi\u0107 si\u0119 na czas w centrum egzaminacyjnym i zako\u0144czy\u0107 egzamin.<\/li>\n<\/ol>\n<h3>JAK B\u0118DZIE WYG\u0141\u0104DA\u0141 M\u00d3J RAPORT WYNIK\u00d3W?<\/h3>\n<p>Kliknij tutaj aby zobaczy\u0107 przyk\u0142adowy Raport Wynik\u00f3w: <a href=\"https:\/\/www.languagecert.org\/en\/language-exams\/english\/languagecert-esol-selt\/-\/media\/dbd1756a8af24aae81b0a244e1bf172c.ashx\">https:\/\/www.languagecert.org\/en\/language-exams\/english\/languagecert-esol-selt\/-\/media\/dbd1756a8af24aae81b0a244e1bf172c.ashx<\/a><\/p>\n<p>Wi\u0119cej informacji: <a href=\"https:\/\/www.languagecert.org\/en\/language-exams\/english\/languagecert-esol-selt\/academic-selt\">https:\/\/www.languagecert.org\/en\/language-exams\/english\/languagecert-esol-selt\/academic-selt<\/a><\/p>\n<p style=\"text-align: center\"><strong>Kod rabatowy\/promocyjny: 4EB8B4<\/strong><\/p>\n","protected":false},"excerpt":{"rendered":"<p>INFORMACJE O EGZAMINIE LanguageCert przeprowadza zatwierdzone przez brytyjskie Home Office Secure English Language Tests (egzaminy<\/p>\n","protected":false},"author":6,"featured_media":0,"parent":9496,"menu_order":0,"comment_status":"closed","ping_status":"closed","template":"","meta":{"_acf_changed":false,"ngg_post_thumbnail":0,"footnotes":""},"class_list":["post-24331","page","type-page","status-publish","hentry"],"acf":[],"yoast_head":"<!-- This site is optimized with the Yoast SEO plugin v27.0 - https:\/\/yoast.com\/product\/yoast-seo-wordpress\/ -->\n<title>LanguageCert Academic SELT - Studium J\u0119zyk\u00f3w Obcych<\/title>\n<meta name=\"description\" content=\"INFORMACJE O EGZAMINIE LanguageCert przeprowadza zatwierdzone przez brytyjskie Home Office Secure English Language Tests (egzaminy SELT) wymaganych w\" \/>\n<meta name=\"robots\" content=\"index, follow, max-snippet:-1, max-image-preview:large, max-video-preview:-1\" \/>\n<link rel=\"canonical\" href=\"https:\/\/pb.edu.pl\/sjo\/dla-studenta\/egzaminy\/languagecert\/languagecert-academic-selt\/\" \/>\n<meta property=\"og:locale\" content=\"pl_PL\" \/>\n<meta property=\"og:type\" content=\"article\" \/>\n<meta property=\"og:title\" content=\"LanguageCert Academic SELT - Studium J\u0119zyk\u00f3w Obcych\" \/>\n<meta property=\"og:description\" content=\"INFORMACJE O EGZAMINIE LanguageCert przeprowadza zatwierdzone przez brytyjskie Home Office Secure English Language Tests (egzaminy SELT) wymaganych w\" \/>\n<meta property=\"og:url\" content=\"https:\/\/pb.edu.pl\/sjo\/dla-studenta\/egzaminy\/languagecert\/languagecert-academic-selt\/\" \/>\n<meta property=\"og:site_name\" content=\"Studium J\u0119zyk\u00f3w Obcych\" \/>\n<meta property=\"article:modified_time\" content=\"2024-03-12T14:23:53+00:00\" \/>\n<meta property=\"og:image\" content=\"https:\/\/pb.edu.pl\/sjo\/wp-content\/uploads\/sites\/9\/2024\/03\/Obraz7-1.png\" \/>\n<meta name=\"twitter:label1\" content=\"Szacowany czas czytania\" \/>\n\t<meta name=\"twitter:data1\" content=\"5 minut\" \/>\n<script type=\"application\/ld+json\" class=\"yoast-schema-graph\">{\"@context\":\"https:\/\/schema.org\",\"@graph\":[{\"@type\":\"WebPage\",\"@id\":\"https:\/\/pb.edu.pl\/sjo\/dla-studenta\/egzaminy\/languagecert\/languagecert-academic-selt\/\",\"url\":\"https:\/\/pb.edu.pl\/sjo\/dla-studenta\/egzaminy\/languagecert\/languagecert-academic-selt\/\",\"name\":\"LanguageCert Academic SELT - Studium J\u0119zyk\u00f3w Obcych\",\"isPartOf\":{\"@id\":\"https:\/\/pb.edu.pl\/sjo\/#website\"},\"primaryImageOfPage\":{\"@id\":\"https:\/\/pb.edu.pl\/sjo\/dla-studenta\/egzaminy\/languagecert\/languagecert-academic-selt\/#primaryimage\"},\"image\":{\"@id\":\"https:\/\/pb.edu.pl\/sjo\/dla-studenta\/egzaminy\/languagecert\/languagecert-academic-selt\/#primaryimage\"},\"thumbnailUrl\":\"https:\/\/pb.edu.pl\/sjo\/wp-content\/uploads\/sites\/9\/2024\/03\/Obraz7-1.png\",\"datePublished\":\"2024-03-07T12:52:49+00:00\",\"dateModified\":\"2024-03-12T14:23:53+00:00\",\"description\":\"INFORMACJE O EGZAMINIE LanguageCert przeprowadza zatwierdzone przez brytyjskie Home Office Secure English Language Tests (egzaminy SELT) wymaganych w\",\"breadcrumb\":{\"@id\":\"https:\/\/pb.edu.pl\/sjo\/dla-studenta\/egzaminy\/languagecert\/languagecert-academic-selt\/#breadcrumb\"},\"inLanguage\":\"pl-PL\",\"potentialAction\":[{\"@type\":\"ReadAction\",\"target\":[\"https:\/\/pb.edu.pl\/sjo\/dla-studenta\/egzaminy\/languagecert\/languagecert-academic-selt\/\"]}]},{\"@type\":\"ImageObject\",\"inLanguage\":\"pl-PL\",\"@id\":\"https:\/\/pb.edu.pl\/sjo\/dla-studenta\/egzaminy\/languagecert\/languagecert-academic-selt\/#primaryimage\",\"url\":\"https:\/\/pb.edu.pl\/sjo\/wp-content\/uploads\/sites\/9\/2024\/03\/Obraz7-1.png\",\"contentUrl\":\"https:\/\/pb.edu.pl\/sjo\/wp-content\/uploads\/sites\/9\/2024\/03\/Obraz7-1.png\"},{\"@type\":\"BreadcrumbList\",\"@id\":\"https:\/\/pb.edu.pl\/sjo\/dla-studenta\/egzaminy\/languagecert\/languagecert-academic-selt\/#breadcrumb\",\"itemListElement\":[{\"@type\":\"ListItem\",\"position\":1,\"name\":\"Home\",\"item\":\"https:\/\/pb.edu.pl\/sjo\/\"},{\"@type\":\"ListItem\",\"position\":2,\"name\":\"Studiuj\u0119 w PB\",\"item\":\"https:\/\/pb.edu.pl\/sjo\/dla-studenta\/\"},{\"@type\":\"ListItem\",\"position\":3,\"name\":\"Egzaminy\",\"item\":\"https:\/\/pb.edu.pl\/sjo\/dla-studenta\/egzaminy\/\"},{\"@type\":\"ListItem\",\"position\":4,\"name\":\"LanguageCert\",\"item\":\"https:\/\/pb.edu.pl\/sjo\/dla-studenta\/egzaminy\/languagecert\/\"},{\"@type\":\"ListItem\",\"position\":5,\"name\":\"LanguageCert Academic SELT\"}]},{\"@type\":\"WebSite\",\"@id\":\"https:\/\/pb.edu.pl\/sjo\/#website\",\"url\":\"https:\/\/pb.edu.pl\/sjo\/\",\"name\":\"Studium J\u0119zyk\u00f3w Obcych\",\"description\":\"\",\"potentialAction\":[{\"@type\":\"SearchAction\",\"target\":{\"@type\":\"EntryPoint\",\"urlTemplate\":\"https:\/\/pb.edu.pl\/sjo\/?s={search_term_string}\"},\"query-input\":{\"@type\":\"PropertyValueSpecification\",\"valueRequired\":true,\"valueName\":\"search_term_string\"}}],\"inLanguage\":\"pl-PL\"}]}<\/script>\n<!-- \/ Yoast SEO plugin. -->","yoast_head_json":{"title":"LanguageCert Academic SELT - Studium J\u0119zyk\u00f3w Obcych","description":"INFORMACJE O EGZAMINIE LanguageCert przeprowadza zatwierdzone przez brytyjskie Home Office Secure English Language Tests (egzaminy SELT) wymaganych w","robots":{"index":"index","follow":"follow","max-snippet":"max-snippet:-1","max-image-preview":"max-image-preview:large","max-video-preview":"max-video-preview:-1"},"canonical":"https:\/\/pb.edu.pl\/sjo\/dla-studenta\/egzaminy\/languagecert\/languagecert-academic-selt\/","og_locale":"pl_PL","og_type":"article","og_title":"LanguageCert Academic SELT - Studium J\u0119zyk\u00f3w Obcych","og_description":"INFORMACJE O EGZAMINIE LanguageCert przeprowadza zatwierdzone przez brytyjskie Home Office Secure English Language Tests (egzaminy SELT) wymaganych w","og_url":"https:\/\/pb.edu.pl\/sjo\/dla-studenta\/egzaminy\/languagecert\/languagecert-academic-selt\/","og_site_name":"Studium J\u0119zyk\u00f3w Obcych","article_modified_time":"2024-03-12T14:23:53+00:00","og_image":[{"url":"https:\/\/pb.edu.pl\/sjo\/wp-content\/uploads\/sites\/9\/2024\/03\/Obraz7-1.png","type":"","width":"","height":""}],"twitter_misc":{"Szacowany czas czytania":"5 minut"},"schema":{"@context":"https:\/\/schema.org","@graph":[{"@type":"WebPage","@id":"https:\/\/pb.edu.pl\/sjo\/dla-studenta\/egzaminy\/languagecert\/languagecert-academic-selt\/","url":"https:\/\/pb.edu.pl\/sjo\/dla-studenta\/egzaminy\/languagecert\/languagecert-academic-selt\/","name":"LanguageCert Academic SELT - Studium J\u0119zyk\u00f3w Obcych","isPartOf":{"@id":"https:\/\/pb.edu.pl\/sjo\/#website"},"primaryImageOfPage":{"@id":"https:\/\/pb.edu.pl\/sjo\/dla-studenta\/egzaminy\/languagecert\/languagecert-academic-selt\/#primaryimage"},"image":{"@id":"https:\/\/pb.edu.pl\/sjo\/dla-studenta\/egzaminy\/languagecert\/languagecert-academic-selt\/#primaryimage"},"thumbnailUrl":"https:\/\/pb.edu.pl\/sjo\/wp-content\/uploads\/sites\/9\/2024\/03\/Obraz7-1.png","datePublished":"2024-03-07T12:52:49+00:00","dateModified":"2024-03-12T14:23:53+00:00","description":"INFORMACJE O EGZAMINIE LanguageCert przeprowadza zatwierdzone przez brytyjskie Home Office Secure English Language Tests (egzaminy SELT) wymaganych w","breadcrumb":{"@id":"https:\/\/pb.edu.pl\/sjo\/dla-studenta\/egzaminy\/languagecert\/languagecert-academic-selt\/#breadcrumb"},"inLanguage":"pl-PL","potentialAction":[{"@type":"ReadAction","target":["https:\/\/pb.edu.pl\/sjo\/dla-studenta\/egzaminy\/languagecert\/languagecert-academic-selt\/"]}]},{"@type":"ImageObject","inLanguage":"pl-PL","@id":"https:\/\/pb.edu.pl\/sjo\/dla-studenta\/egzaminy\/languagecert\/languagecert-academic-selt\/#primaryimage","url":"https:\/\/pb.edu.pl\/sjo\/wp-content\/uploads\/sites\/9\/2024\/03\/Obraz7-1.png","contentUrl":"https:\/\/pb.edu.pl\/sjo\/wp-content\/uploads\/sites\/9\/2024\/03\/Obraz7-1.png"},{"@type":"BreadcrumbList","@id":"https:\/\/pb.edu.pl\/sjo\/dla-studenta\/egzaminy\/languagecert\/languagecert-academic-selt\/#breadcrumb","itemListElement":[{"@type":"ListItem","position":1,"name":"Home","item":"https:\/\/pb.edu.pl\/sjo\/"},{"@type":"ListItem","position":2,"name":"Studiuj\u0119 w PB","item":"https:\/\/pb.edu.pl\/sjo\/dla-studenta\/"},{"@type":"ListItem","position":3,"name":"Egzaminy","item":"https:\/\/pb.edu.pl\/sjo\/dla-studenta\/egzaminy\/"},{"@type":"ListItem","position":4,"name":"LanguageCert","item":"https:\/\/pb.edu.pl\/sjo\/dla-studenta\/egzaminy\/languagecert\/"},{"@type":"ListItem","position":5,"name":"LanguageCert Academic SELT"}]},{"@type":"WebSite","@id":"https:\/\/pb.edu.pl\/sjo\/#website","url":"https:\/\/pb.edu.pl\/sjo\/","name":"Studium J\u0119zyk\u00f3w Obcych","description":"","potentialAction":[{"@type":"SearchAction","target":{"@type":"EntryPoint","urlTemplate":"https:\/\/pb.edu.pl\/sjo\/?s={search_term_string}"},"query-input":{"@type":"PropertyValueSpecification","valueRequired":true,"valueName":"search_term_string"}}],"inLanguage":"pl-PL"}]}},"_links":{"self":[{"href":"https:\/\/pb.edu.pl\/sjo\/wp-json\/wp\/v2\/pages\/24331","targetHints":{"allow":["GET"]}}],"collection":[{"href":"https:\/\/pb.edu.pl\/sjo\/wp-json\/wp\/v2\/pages"}],"about":[{"href":"https:\/\/pb.edu.pl\/sjo\/wp-json\/wp\/v2\/types\/page"}],"author":[{"embeddable":true,"href":"https:\/\/pb.edu.pl\/sjo\/wp-json\/wp\/v2\/users\/6"}],"replies":[{"embeddable":true,"href":"https:\/\/pb.edu.pl\/sjo\/wp-json\/wp\/v2\/comments?post=24331"}],"version-history":[{"count":0,"href":"https:\/\/pb.edu.pl\/sjo\/wp-json\/wp\/v2\/pages\/24331\/revisions"}],"up":[{"embeddable":true,"href":"https:\/\/pb.edu.pl\/sjo\/wp-json\/wp\/v2\/pages\/9496"}],"wp:attachment":[{"href":"https:\/\/pb.edu.pl\/sjo\/wp-json\/wp\/v2\/media?parent=24331"}],"curies":[{"name":"wp","href":"https:\/\/api.w.org\/{rel}","templated":true}]}}