{"id":24032,"date":"2024-02-14T12:26:31","date_gmt":"2024-02-14T11:26:31","guid":{"rendered":"https:\/\/pb.edu.pl\/sjo\/?page_id=24032"},"modified":"2024-04-22T10:42:10","modified_gmt":"2024-04-22T08:42:10","slug":"konkurs-fotograficzno-jezykowy-foreign-language-my-window-to-the-world","status":"publish","type":"page","link":"https:\/\/pb.edu.pl\/sjo\/wydarzenia-sjo\/konkurs-fotograficzno-jezykowy-foreign-language-my-window-to-the-world\/","title":{"rendered":"Konkurs fotograficzno-j\u0119zykowy \u201eForeign language \u2013 my window to the world\u201d"},"content":{"rendered":"<h2><img loading=\"lazy\" decoding=\"async\" class=\"alignleft wp-image-24030\" src=\"https:\/\/pb.edu.pl\/sjo\/wp-content\/uploads\/sites\/9\/2024\/02\/Kopia-Boks-centrum-jezyka-i-kultury-polskiej-zaprasza-Wpis-na-Facebooku-799\u00d7533-px1-300x200.png\" alt=\"\" width=\"450\" height=\"300\" srcset=\"https:\/\/pb.edu.pl\/sjo\/wp-content\/uploads\/sites\/9\/2024\/02\/Kopia-Boks-centrum-jezyka-i-kultury-polskiej-zaprasza-Wpis-na-Facebooku-799\u00d7533-px1-300x200.png 300w, https:\/\/pb.edu.pl\/sjo\/wp-content\/uploads\/sites\/9\/2024\/02\/Kopia-Boks-centrum-jezyka-i-kultury-polskiej-zaprasza-Wpis-na-Facebooku-799\u00d7533-px1-768x512.png 768w, https:\/\/pb.edu.pl\/sjo\/wp-content\/uploads\/sites\/9\/2024\/02\/Kopia-Boks-centrum-jezyka-i-kultury-polskiej-zaprasza-Wpis-na-Facebooku-799\u00d7533-px1-480x320.png 480w, https:\/\/pb.edu.pl\/sjo\/wp-content\/uploads\/sites\/9\/2024\/02\/Kopia-Boks-centrum-jezyka-i-kultury-polskiej-zaprasza-Wpis-na-Facebooku-799\u00d7533-px1.png 799w\" sizes=\"auto, (max-width: 450px) 100vw, 450px\" \/>Studiujesz na PB? Przed Tob\u0105 szansa na wspania\u0142e nagrody&nbsp; \u2013 we\u017a udzia\u0142 w konkursie fotograficznym Foreign language \u2013 my window to the world<em>.<\/em><\/h2>\n<p>To ju\u017c trzecia edycja naszego konkursu!<\/p>\n<p><strong>Zr\u00f3b ciekaw\u0105 fotografi\u0119 zwi\u0105zan\u0105 z naszym tematem \u2013 interpretacja nale\u017cy do Ciebie.<\/strong><\/p>\n<p>Nadaj fotografii tytu\u0142 i opatrz zwi\u0119z\u0142ym opisem <strong>w j\u0119zyku angielskim<\/strong> lub innym j\u0119zyku obcym nauczanym w SJO \u2013 <strong>niemieckim<\/strong>, <strong>rosyjskim<\/strong> lub <strong>hiszpa\u0144skim<\/strong> (200 \u2013 500 znak\u00f3w).<\/p>\n<div class=\"mixcloud\">\n<div class=\"embed-responsive embed-responsive-16by9\"><iframe loading=\"lazy\" title=\"Zasi\u0119gn\u0105\u0107 J\u0119zyka - Mgr Liliana Sienkiewicz Ze Studium J\u0119zyk\u00f3w Obcych Politechniki Bia\u0142ostockiej\" width=\"100%\" height=\"120\" src=\"https:\/\/www.mixcloud.com\/widget\/iframe\/?feed=https%3A%2F%2Fwww.mixcloud.com%2FRADIO_AKADERA_87_7FM%2Fzasi%25C4%2599gn%25C4%2585%25C4%2587-j%25C4%2599zyka-mgr-liliana-sienkiewicz-ze-studium-j%25C4%2599zyk%25C3%25B3w-obcych-politechniki-bia%25C5%2582ostockiej%2F&amp;hide_cover=1\" frameborder=\"0\" allow=\"encrypted-media; fullscreen; autoplay; idle-detection; speaker-selection; web-share;\"><\/iframe><\/div>\n<\/div>\n<h2>Liczy si\u0119 pomys\u0142owo\u015b\u0107! Nie potrzebujesz profesjonalnego sprz\u0119tu fotograficznego, wystarczy aparat w telefonie.<\/h2>\n<p>Zg\u0142o\u015b si\u0119 do konkursu wype\u0142niaj\u0105c formularz na dole strony (dost\u0119pny od 1 marca 2024).<\/p>\n<p><strong>Przyjmowanie prac konkursowych trwa od 01 marca do 02 kwietnia 2024, za\u015b og\u0142oszenie wynik\u00f3w nast\u0105pi 15 kwietnia 2024.<\/strong><\/p>\n<p><strong>Atrakcyjne nagrody czekaj\u0105 na laureat\u00f3w! <\/strong>Przygotowali\u015bmy r\u00f3wnie\u017c dyplomy dla wszystkich uczestnik\u00f3w.<\/p>\n<p>Najlepsze zdj\u0119cia wybiera\u0107 b\u0119dzie jury, natomiast <strong>Nagrod\u0119 Publiczno\u015bci<\/strong> otrzyma Wasz faworyt.<\/p>\n<p>Na profilu <a href=\"https:\/\/www.facebook.com\/StudiumJezykowObcychPB\">facebook SJO<\/a> zamie\u015bcimy nades\u0142ane zdj\u0119cia, na kt\u00f3re b\u0119dziecie mogli zag\u0142osowa\u0107. <strong>G\u0142osowanie b\u0119dzie otwarte w dniach 05 &#8211; 11 kwietnia (do godziny 11.00)<\/strong>. Autor\/ka fotografii z najwi\u0119ksz\u0105 liczb\u0105 polubie\u0144 otrzyma Nagrod\u0119 Publiczno\u015bci.<\/p>\n<p><a href=\"https:\/\/pb.edu.pl\/sjo\/wp-content\/uploads\/sites\/9\/2024\/02\/REGULAMIN-KONKURSU-fotograficznego-2024.pdf\">Regulamin konkursu<\/a>.<\/p>\n\t\t<div class=\"box news-box \">\n\t\t<div class=\"row\">\n\t\t\t\n\t\t\t\n\t\t\t\t\n\t\t\t\t\t\t\t\t\t\t<div class=\"col-sm-3\">\n\t\t\t\t\t\t\t\n<article class=\"format-standard\">\n    <span class=\"date text-right\"><i class=\"fal fa-calendar-alt\"><\/i> 19-04-2024<\/span>\n    <a href=\"https:\/\/pb.edu.pl\/sjo\/2024\/04\/19\/wreczylismy-nagrody-w-konkursie-fotograficznym-2\/\">\n      <div class=\"article-image\">\n        <img loading=\"lazy\" decoding=\"async\" width=\"480\" height=\"300\" src=\"https:\/\/pb.edu.pl\/sjo\/wp-content\/uploads\/sites\/9\/2024\/04\/Kopia-Boks-centrum-jezyka-i-kultury-polskiej-zaprasza-Wpis-na-Facebooku-799\u00d7533-px3-480x300.png\" class=\"attachment-medium-image-16x10 size-medium-image-16x10 wp-post-image\" alt=\"\" srcset=\"https:\/\/pb.edu.pl\/sjo\/wp-content\/uploads\/sites\/9\/2024\/04\/Kopia-Boks-centrum-jezyka-i-kultury-polskiej-zaprasza-Wpis-na-Facebooku-799\u00d7533-px3-480x300.png 480w, https:\/\/pb.edu.pl\/sjo\/wp-content\/uploads\/sites\/9\/2024\/04\/Kopia-Boks-centrum-jezyka-i-kultury-polskiej-zaprasza-Wpis-na-Facebooku-799\u00d7533-px3-300x188.png 300w, https:\/\/pb.edu.pl\/sjo\/wp-content\/uploads\/sites\/9\/2024\/04\/Kopia-Boks-centrum-jezyka-i-kultury-polskiej-zaprasza-Wpis-na-Facebooku-799\u00d7533-px3-1024x640.png 1024w, https:\/\/pb.edu.pl\/sjo\/wp-content\/uploads\/sites\/9\/2024\/04\/Kopia-Boks-centrum-jezyka-i-kultury-polskiej-zaprasza-Wpis-na-Facebooku-799\u00d7533-px3-768x480.png 768w, https:\/\/pb.edu.pl\/sjo\/wp-content\/uploads\/sites\/9\/2024\/04\/Kopia-Boks-centrum-jezyka-i-kultury-polskiej-zaprasza-Wpis-na-Facebooku-799\u00d7533-px3.png 1080w\" sizes=\"auto, (max-width: 480px) 100vw, 480px\" \/>      <\/div>\n      <h3>Wr\u0119czyli\u015bmy nagrody w konkursie fotograficznym<\/h3>\n      Podczas Jubileuszu 60-lecia Studium J\u0119zyk\u00f3w Obcych, dr hab. in\u017c. Marta Kosior-Kazebruk,    <\/a>\n<\/article>\t\t\t\t\t\t<\/div>\n\t\t\t\t\t\t\t\t\t\t\t<div class=\"col-sm-3\">\n\t\t\t\t\t\t\t\n<article class=\"format-standard\">\n    <span class=\"date text-right\"><i class=\"fal fa-calendar-alt\"><\/i> 15-04-2024<\/span>\n    <a href=\"https:\/\/pb.edu.pl\/sjo\/2024\/04\/15\/laureaci-konkursu-foreign-language-my-window-to-the-world\/\">\n      <div class=\"article-image\">\n        <img loading=\"lazy\" decoding=\"async\" width=\"480\" height=\"300\" src=\"https:\/\/pb.edu.pl\/sjo\/wp-content\/uploads\/sites\/9\/2024\/04\/foto-wyniki-480x300.png\" class=\"attachment-medium-image-16x10 size-medium-image-16x10 wp-post-image\" alt=\"\" srcset=\"https:\/\/pb.edu.pl\/sjo\/wp-content\/uploads\/sites\/9\/2024\/04\/foto-wyniki-480x300.png 480w, https:\/\/pb.edu.pl\/sjo\/wp-content\/uploads\/sites\/9\/2024\/04\/foto-wyniki-300x188.png 300w, https:\/\/pb.edu.pl\/sjo\/wp-content\/uploads\/sites\/9\/2024\/04\/foto-wyniki-1024x640.png 1024w, https:\/\/pb.edu.pl\/sjo\/wp-content\/uploads\/sites\/9\/2024\/04\/foto-wyniki-768x480.png 768w, https:\/\/pb.edu.pl\/sjo\/wp-content\/uploads\/sites\/9\/2024\/04\/foto-wyniki.png 1080w\" sizes=\"auto, (max-width: 480px) 100vw, 480px\" \/>      <\/div>\n      <h3>Laureaci konkursu &#8222;Foreign language &#8211; my window to the world&#8221;<\/h3>\n      Znamy wyniki konkursu fotograficznego! Jury konkursu stan\u0119\u0142o przed trudnym zadaniem \u2013    <\/a>\n<\/article>\t\t\t\t\t\t<\/div>\n\t\t\t\t\t\n\t\t\t\t\n\t\t\t\t\t<\/div>\n\t\t\t\t\t<\/div>\n\n","protected":false},"excerpt":{"rendered":"<p>Studiujesz na PB? Przed Tob\u0105 szansa na wspania\u0142e nagrody&nbsp; \u2013 we\u017a udzia\u0142 w konkursie fotograficznym<\/p>\n","protected":false},"author":38,"featured_media":0,"parent":10915,"menu_order":0,"comment_status":"closed","ping_status":"closed","template":"","meta":{"_acf_changed":false,"ngg_post_thumbnail":0,"footnotes":""},"class_list":["post-24032","page","type-page","status-publish","hentry"],"acf":[],"yoast_head":"<!-- This site is optimized with the Yoast SEO plugin v27.0 - https:\/\/yoast.com\/product\/yoast-seo-wordpress\/ -->\n<title>Konkurs fotograficzno-j\u0119zykowy \u201eForeign language \u2013 my window to the world\u201d - Studium J\u0119zyk\u00f3w Obcych<\/title>\n<meta name=\"description\" content=\"Studiujesz na PB? Przed Tob\u0105 szansa na wspania\u0142e nagrody&nbsp; \u2013 we\u017a udzia\u0142 w konkursie fotograficznym Foreign language \u2013 my window to the world. To ju\u017c\" \/>\n<meta name=\"robots\" content=\"index, follow, max-snippet:-1, max-image-preview:large, max-video-preview:-1\" \/>\n<link rel=\"canonical\" href=\"https:\/\/pb.edu.pl\/sjo\/wydarzenia-sjo\/konkurs-fotograficzno-jezykowy-foreign-language-my-window-to-the-world\/\" \/>\n<meta property=\"og:locale\" content=\"pl_PL\" \/>\n<meta property=\"og:type\" content=\"article\" \/>\n<meta property=\"og:title\" content=\"Konkurs fotograficzno-j\u0119zykowy \u201eForeign language \u2013 my window to the world\u201d - Studium J\u0119zyk\u00f3w Obcych\" \/>\n<meta property=\"og:description\" content=\"Studiujesz na PB? Przed Tob\u0105 szansa na wspania\u0142e nagrody&nbsp; \u2013 we\u017a udzia\u0142 w konkursie fotograficznym Foreign language \u2013 my window to the world. To ju\u017c\" \/>\n<meta property=\"og:url\" content=\"https:\/\/pb.edu.pl\/sjo\/wydarzenia-sjo\/konkurs-fotograficzno-jezykowy-foreign-language-my-window-to-the-world\/\" \/>\n<meta property=\"og:site_name\" content=\"Studium J\u0119zyk\u00f3w Obcych\" \/>\n<meta property=\"article:modified_time\" content=\"2024-04-22T08:42:10+00:00\" \/>\n<meta name=\"twitter:label1\" content=\"Szacowany czas czytania\" \/>\n\t<meta name=\"twitter:data1\" content=\"2 minuty\" \/>\n<script type=\"application\/ld+json\" class=\"yoast-schema-graph\">{\"@context\":\"https:\/\/schema.org\",\"@graph\":[{\"@type\":\"WebPage\",\"@id\":\"https:\/\/pb.edu.pl\/sjo\/wydarzenia-sjo\/konkurs-fotograficzno-jezykowy-foreign-language-my-window-to-the-world\/\",\"url\":\"https:\/\/pb.edu.pl\/sjo\/wydarzenia-sjo\/konkurs-fotograficzno-jezykowy-foreign-language-my-window-to-the-world\/\",\"name\":\"Konkurs fotograficzno-j\u0119zykowy \u201eForeign language \u2013 my window to the world\u201d - Studium J\u0119zyk\u00f3w Obcych\",\"isPartOf\":{\"@id\":\"https:\/\/pb.edu.pl\/sjo\/#website\"},\"datePublished\":\"2024-02-14T11:26:31+00:00\",\"dateModified\":\"2024-04-22T08:42:10+00:00\",\"description\":\"Studiujesz na PB? Przed Tob\u0105 szansa na wspania\u0142e nagrody&nbsp; \u2013 we\u017a udzia\u0142 w konkursie fotograficznym Foreign language \u2013 my window to the world. To ju\u017c\",\"breadcrumb\":{\"@id\":\"https:\/\/pb.edu.pl\/sjo\/wydarzenia-sjo\/konkurs-fotograficzno-jezykowy-foreign-language-my-window-to-the-world\/#breadcrumb\"},\"inLanguage\":\"pl-PL\",\"potentialAction\":[{\"@type\":\"ReadAction\",\"target\":[\"https:\/\/pb.edu.pl\/sjo\/wydarzenia-sjo\/konkurs-fotograficzno-jezykowy-foreign-language-my-window-to-the-world\/\"]}]},{\"@type\":\"BreadcrumbList\",\"@id\":\"https:\/\/pb.edu.pl\/sjo\/wydarzenia-sjo\/konkurs-fotograficzno-jezykowy-foreign-language-my-window-to-the-world\/#breadcrumb\",\"itemListElement\":[{\"@type\":\"ListItem\",\"position\":1,\"name\":\"Home\",\"item\":\"https:\/\/pb.edu.pl\/sjo\/\"},{\"@type\":\"ListItem\",\"position\":2,\"name\":\"Wydarzenia SJO\",\"item\":\"https:\/\/pb.edu.pl\/sjo\/wydarzenia-sjo\/\"},{\"@type\":\"ListItem\",\"position\":3,\"name\":\"Konkurs fotograficzno-j\u0119zykowy \u201eForeign language \u2013 my window to the world\u201d\"}]},{\"@type\":\"WebSite\",\"@id\":\"https:\/\/pb.edu.pl\/sjo\/#website\",\"url\":\"https:\/\/pb.edu.pl\/sjo\/\",\"name\":\"Studium J\u0119zyk\u00f3w Obcych\",\"description\":\"\",\"potentialAction\":[{\"@type\":\"SearchAction\",\"target\":{\"@type\":\"EntryPoint\",\"urlTemplate\":\"https:\/\/pb.edu.pl\/sjo\/?s={search_term_string}\"},\"query-input\":{\"@type\":\"PropertyValueSpecification\",\"valueRequired\":true,\"valueName\":\"search_term_string\"}}],\"inLanguage\":\"pl-PL\"}]}<\/script>\n<!-- \/ Yoast SEO plugin. -->","yoast_head_json":{"title":"Konkurs fotograficzno-j\u0119zykowy \u201eForeign language \u2013 my window to the world\u201d - Studium J\u0119zyk\u00f3w Obcych","description":"Studiujesz na PB? Przed Tob\u0105 szansa na wspania\u0142e nagrody&nbsp; \u2013 we\u017a udzia\u0142 w konkursie fotograficznym Foreign language \u2013 my window to the world. To ju\u017c","robots":{"index":"index","follow":"follow","max-snippet":"max-snippet:-1","max-image-preview":"max-image-preview:large","max-video-preview":"max-video-preview:-1"},"canonical":"https:\/\/pb.edu.pl\/sjo\/wydarzenia-sjo\/konkurs-fotograficzno-jezykowy-foreign-language-my-window-to-the-world\/","og_locale":"pl_PL","og_type":"article","og_title":"Konkurs fotograficzno-j\u0119zykowy \u201eForeign language \u2013 my window to the world\u201d - Studium J\u0119zyk\u00f3w Obcych","og_description":"Studiujesz na PB? Przed Tob\u0105 szansa na wspania\u0142e nagrody&nbsp; \u2013 we\u017a udzia\u0142 w konkursie fotograficznym Foreign language \u2013 my window to the world. To ju\u017c","og_url":"https:\/\/pb.edu.pl\/sjo\/wydarzenia-sjo\/konkurs-fotograficzno-jezykowy-foreign-language-my-window-to-the-world\/","og_site_name":"Studium J\u0119zyk\u00f3w Obcych","article_modified_time":"2024-04-22T08:42:10+00:00","twitter_misc":{"Szacowany czas czytania":"2 minuty"},"schema":{"@context":"https:\/\/schema.org","@graph":[{"@type":"WebPage","@id":"https:\/\/pb.edu.pl\/sjo\/wydarzenia-sjo\/konkurs-fotograficzno-jezykowy-foreign-language-my-window-to-the-world\/","url":"https:\/\/pb.edu.pl\/sjo\/wydarzenia-sjo\/konkurs-fotograficzno-jezykowy-foreign-language-my-window-to-the-world\/","name":"Konkurs fotograficzno-j\u0119zykowy \u201eForeign language \u2013 my window to the world\u201d - Studium J\u0119zyk\u00f3w Obcych","isPartOf":{"@id":"https:\/\/pb.edu.pl\/sjo\/#website"},"datePublished":"2024-02-14T11:26:31+00:00","dateModified":"2024-04-22T08:42:10+00:00","description":"Studiujesz na PB? Przed Tob\u0105 szansa na wspania\u0142e nagrody&nbsp; \u2013 we\u017a udzia\u0142 w konkursie fotograficznym Foreign language \u2013 my window to the world. To ju\u017c","breadcrumb":{"@id":"https:\/\/pb.edu.pl\/sjo\/wydarzenia-sjo\/konkurs-fotograficzno-jezykowy-foreign-language-my-window-to-the-world\/#breadcrumb"},"inLanguage":"pl-PL","potentialAction":[{"@type":"ReadAction","target":["https:\/\/pb.edu.pl\/sjo\/wydarzenia-sjo\/konkurs-fotograficzno-jezykowy-foreign-language-my-window-to-the-world\/"]}]},{"@type":"BreadcrumbList","@id":"https:\/\/pb.edu.pl\/sjo\/wydarzenia-sjo\/konkurs-fotograficzno-jezykowy-foreign-language-my-window-to-the-world\/#breadcrumb","itemListElement":[{"@type":"ListItem","position":1,"name":"Home","item":"https:\/\/pb.edu.pl\/sjo\/"},{"@type":"ListItem","position":2,"name":"Wydarzenia SJO","item":"https:\/\/pb.edu.pl\/sjo\/wydarzenia-sjo\/"},{"@type":"ListItem","position":3,"name":"Konkurs fotograficzno-j\u0119zykowy \u201eForeign language \u2013 my window to the world\u201d"}]},{"@type":"WebSite","@id":"https:\/\/pb.edu.pl\/sjo\/#website","url":"https:\/\/pb.edu.pl\/sjo\/","name":"Studium J\u0119zyk\u00f3w Obcych","description":"","potentialAction":[{"@type":"SearchAction","target":{"@type":"EntryPoint","urlTemplate":"https:\/\/pb.edu.pl\/sjo\/?s={search_term_string}"},"query-input":{"@type":"PropertyValueSpecification","valueRequired":true,"valueName":"search_term_string"}}],"inLanguage":"pl-PL"}]}},"_links":{"self":[{"href":"https:\/\/pb.edu.pl\/sjo\/wp-json\/wp\/v2\/pages\/24032","targetHints":{"allow":["GET"]}}],"collection":[{"href":"https:\/\/pb.edu.pl\/sjo\/wp-json\/wp\/v2\/pages"}],"about":[{"href":"https:\/\/pb.edu.pl\/sjo\/wp-json\/wp\/v2\/types\/page"}],"author":[{"embeddable":true,"href":"https:\/\/pb.edu.pl\/sjo\/wp-json\/wp\/v2\/users\/38"}],"replies":[{"embeddable":true,"href":"https:\/\/pb.edu.pl\/sjo\/wp-json\/wp\/v2\/comments?post=24032"}],"version-history":[{"count":0,"href":"https:\/\/pb.edu.pl\/sjo\/wp-json\/wp\/v2\/pages\/24032\/revisions"}],"up":[{"embeddable":true,"href":"https:\/\/pb.edu.pl\/sjo\/wp-json\/wp\/v2\/pages\/10915"}],"wp:attachment":[{"href":"https:\/\/pb.edu.pl\/sjo\/wp-json\/wp\/v2\/media?parent=24032"}],"curies":[{"name":"wp","href":"https:\/\/api.w.org\/{rel}","templated":true}]}}