{"id":24019,"date":"2024-02-14T10:02:39","date_gmt":"2024-02-14T09:02:39","guid":{"rendered":"https:\/\/pb.edu.pl\/sjo\/?page_id=24019"},"modified":"2026-02-12T12:40:05","modified_gmt":"2026-02-12T11:40:05","slug":"technical-english-certificate","status":"publish","type":"page","link":"https:\/\/pb.edu.pl\/sjo\/jestem-spoza-uczelni\/egzaminy\/technical-english-certificate\/","title":{"rendered":"Technical English Certificate"},"content":{"rendered":"<p><img loading=\"lazy\" decoding=\"async\" class=\"alignleft wp-image-10390 size-medium\" src=\"https:\/\/pb.edu.pl\/sjo\/wp-content\/uploads\/sites\/9\/2023\/03\/technical-english-certificate-799\u00d7533-px1.png\" alt=\"TEC\" width=\"300\" height=\"200\"><\/p>\n<ul>\n<li><strong>Jedyny egzamin o profilu technicznym w regionie<\/strong><\/li>\n<li>Odzwierciedla kompetencje wymagane przez pracodawc\u00f3w<\/li>\n<li>Sk\u0142ada si\u0119 z cz\u0119\u015bci pisemnej i ustnej<\/li>\n<li><strong>Certyfikat<\/strong> zawiera dok\u0142adny opis testowanych kompetencji w dw\u00f3ch wersjach j\u0119zykowych<\/li>\n<li>Ma <strong>atrakcyjn\u0105 cen\u0119<\/strong><\/li>\n<\/ul>\n<p><strong>Warto go zda\u0107 je\u015bli:<\/strong><\/p>\n<p>&#8211; <strong>planujesz prac\u0119<\/strong> w bran\u017cy technicznej\/przemys\u0142owej<\/p>\n<p>&#8211; znasz j\u0119zyk angielski na poziomie <strong>min. B2<\/strong><\/p>\n<p>&#8211; zale\u017cy Ci na <strong>potwierdzeniu znajomo\u015bci j\u0119zyka<\/strong> w mowie i pi\u015bmie<\/p>\n<p>Na egzaminie zdaj\u0105cy mo\u017ce zdoby\u0107 100 punkt\u00f3w, z czego 80 za cz\u0119\u015b\u0107 pisemn\u0105, po 20 za ka\u017cdy z modu\u0142\u00f3w oraz 20 punkt\u00f3w za cz\u0119\u015b\u0107 ustn\u0105.<\/p>\n<p>Skala ocen:<\/p>\n<ul>\n<li>100 pkt &#8211; 86 pkt &#8211; bardzo dobry \/5\/<\/li>\n<li>85 pkt &#8211; 71 pkt &#8211; dobry \/4\/<\/li>\n<li>70 pkt &#8211; 55 pkt &#8211; dostateczny \/3\/<\/li>\n<\/ul>\n<p>&nbsp;<\/p>\n<p><strong>Zapisy<\/strong> drog\u0105 mailow\u0105:<\/p>\n<p>mgr Urszula Socho\u0144 <i class=\"fa fa-envelope-o\" aria-hidden=\"true\"><\/i> <a href=\"#\" rel=\"nofollow\"  onclick=\"this.href='mailto:' + 'u.sochon' + '@' + 'pb.edu.pl'\">u.sochon [at] pb.edu.pl<\/a>\n<p>&nbsp;<\/p>\n<p><strong>Op\u0142ata<\/strong> za egzamin wynosi 245 z\u0142.<\/p>\n<p>WP\u0141ATY na konto PB:<\/p>\n<p>BANK PEKAO SA 30 1240 1154 1111 0000 2148 7604<br \/>\nw tytule przelewu nale\u017cy wpisa\u0107: <strong>POLILINGUA \u2013 EGZAMIN TEC<\/strong>&nbsp;<\/p>\n<p>&nbsp;<br \/>\n<a href=\"https:\/\/pb.edu.pl\/sjo\/wp-content\/uploads\/sites\/9\/2022\/04\/TEC-opis-poszczegolnych-czesci-i-przyklady-polecen.pdf\">TEC opis poszczeg\u00f3lnych cz\u0119\u015bci i przyk\u0142ady polece\u0144<\/a><\/p>\n<p><a title=\"\" href=\"https:\/\/pb.edu.pl\/sjo\/wp-content\/uploads\/sites\/9\/2023\/11\/TEC.pdf\">TEC &#8211; wz\u00f3r certyfikatu<\/a><\/p>\n","protected":false},"excerpt":{"rendered":"<p>Jedyny egzamin o profilu technicznym w regionie Odzwierciedla kompetencje wymagane przez pracodawc\u00f3w Sk\u0142ada si\u0119 z<\/p>\n","protected":false},"author":6,"featured_media":0,"parent":11429,"menu_order":0,"comment_status":"closed","ping_status":"closed","template":"","meta":{"_acf_changed":false,"ngg_post_thumbnail":0,"footnotes":""},"class_list":["post-24019","page","type-page","status-publish","hentry"],"acf":[],"yoast_head":"<!-- This site is optimized with the Yoast SEO plugin v27.0 - https:\/\/yoast.com\/product\/yoast-seo-wordpress\/ -->\n<title>Technical English Certificate - Studium J\u0119zyk\u00f3w Obcych<\/title>\n<meta name=\"description\" content=\"Jedyny egzamin o profilu technicznym w regionie Odzwierciedla kompetencje wymagane przez pracodawc\u00f3w Sk\u0142ada si\u0119 z cz\u0119\u015bci pisemnej i ustnej Certyfikat\" \/>\n<meta name=\"robots\" content=\"index, follow, max-snippet:-1, max-image-preview:large, max-video-preview:-1\" \/>\n<link rel=\"canonical\" href=\"https:\/\/pb.edu.pl\/sjo\/jestem-spoza-uczelni\/egzaminy\/technical-english-certificate\/\" \/>\n<meta property=\"og:locale\" content=\"pl_PL\" \/>\n<meta property=\"og:type\" content=\"article\" \/>\n<meta property=\"og:title\" content=\"Technical English Certificate - Studium J\u0119zyk\u00f3w Obcych\" \/>\n<meta property=\"og:description\" content=\"Jedyny egzamin o profilu technicznym w regionie Odzwierciedla kompetencje wymagane przez pracodawc\u00f3w Sk\u0142ada si\u0119 z cz\u0119\u015bci pisemnej i ustnej Certyfikat\" \/>\n<meta property=\"og:url\" content=\"https:\/\/pb.edu.pl\/sjo\/jestem-spoza-uczelni\/egzaminy\/technical-english-certificate\/\" \/>\n<meta property=\"og:site_name\" content=\"Studium J\u0119zyk\u00f3w Obcych\" \/>\n<meta property=\"article:modified_time\" content=\"2026-02-12T11:40:05+00:00\" \/>\n<meta name=\"twitter:label1\" content=\"Szacowany czas czytania\" \/>\n\t<meta name=\"twitter:data1\" content=\"2 minuty\" \/>\n<script type=\"application\/ld+json\" class=\"yoast-schema-graph\">{\"@context\":\"https:\/\/schema.org\",\"@graph\":[{\"@type\":\"WebPage\",\"@id\":\"https:\/\/pb.edu.pl\/sjo\/jestem-spoza-uczelni\/egzaminy\/technical-english-certificate\/\",\"url\":\"https:\/\/pb.edu.pl\/sjo\/jestem-spoza-uczelni\/egzaminy\/technical-english-certificate\/\",\"name\":\"Technical English Certificate - Studium J\u0119zyk\u00f3w Obcych\",\"isPartOf\":{\"@id\":\"https:\/\/pb.edu.pl\/sjo\/#website\"},\"datePublished\":\"2024-02-14T09:02:39+00:00\",\"dateModified\":\"2026-02-12T11:40:05+00:00\",\"description\":\"Jedyny egzamin o profilu technicznym w regionie Odzwierciedla kompetencje wymagane przez pracodawc\u00f3w Sk\u0142ada si\u0119 z cz\u0119\u015bci pisemnej i ustnej Certyfikat\",\"breadcrumb\":{\"@id\":\"https:\/\/pb.edu.pl\/sjo\/jestem-spoza-uczelni\/egzaminy\/technical-english-certificate\/#breadcrumb\"},\"inLanguage\":\"pl-PL\",\"potentialAction\":[{\"@type\":\"ReadAction\",\"target\":[\"https:\/\/pb.edu.pl\/sjo\/jestem-spoza-uczelni\/egzaminy\/technical-english-certificate\/\"]}]},{\"@type\":\"BreadcrumbList\",\"@id\":\"https:\/\/pb.edu.pl\/sjo\/jestem-spoza-uczelni\/egzaminy\/technical-english-certificate\/#breadcrumb\",\"itemListElement\":[{\"@type\":\"ListItem\",\"position\":1,\"name\":\"Home\",\"item\":\"https:\/\/pb.edu.pl\/sjo\/\"},{\"@type\":\"ListItem\",\"position\":2,\"name\":\"Jestem spoza PB\",\"item\":\"https:\/\/pb.edu.pl\/sjo\/jestem-spoza-uczelni\/\"},{\"@type\":\"ListItem\",\"position\":3,\"name\":\"Egzaminy\",\"item\":\"https:\/\/pb.edu.pl\/sjo\/jestem-spoza-uczelni\/egzaminy\/\"},{\"@type\":\"ListItem\",\"position\":4,\"name\":\"Technical English Certificate\"}]},{\"@type\":\"WebSite\",\"@id\":\"https:\/\/pb.edu.pl\/sjo\/#website\",\"url\":\"https:\/\/pb.edu.pl\/sjo\/\",\"name\":\"Studium J\u0119zyk\u00f3w Obcych\",\"description\":\"\",\"potentialAction\":[{\"@type\":\"SearchAction\",\"target\":{\"@type\":\"EntryPoint\",\"urlTemplate\":\"https:\/\/pb.edu.pl\/sjo\/?s={search_term_string}\"},\"query-input\":{\"@type\":\"PropertyValueSpecification\",\"valueRequired\":true,\"valueName\":\"search_term_string\"}}],\"inLanguage\":\"pl-PL\"}]}<\/script>\n<!-- \/ Yoast SEO plugin. -->","yoast_head_json":{"title":"Technical English Certificate - Studium J\u0119zyk\u00f3w Obcych","description":"Jedyny egzamin o profilu technicznym w regionie Odzwierciedla kompetencje wymagane przez pracodawc\u00f3w Sk\u0142ada si\u0119 z cz\u0119\u015bci pisemnej i ustnej Certyfikat","robots":{"index":"index","follow":"follow","max-snippet":"max-snippet:-1","max-image-preview":"max-image-preview:large","max-video-preview":"max-video-preview:-1"},"canonical":"https:\/\/pb.edu.pl\/sjo\/jestem-spoza-uczelni\/egzaminy\/technical-english-certificate\/","og_locale":"pl_PL","og_type":"article","og_title":"Technical English Certificate - Studium J\u0119zyk\u00f3w Obcych","og_description":"Jedyny egzamin o profilu technicznym w regionie Odzwierciedla kompetencje wymagane przez pracodawc\u00f3w Sk\u0142ada si\u0119 z cz\u0119\u015bci pisemnej i ustnej Certyfikat","og_url":"https:\/\/pb.edu.pl\/sjo\/jestem-spoza-uczelni\/egzaminy\/technical-english-certificate\/","og_site_name":"Studium J\u0119zyk\u00f3w Obcych","article_modified_time":"2026-02-12T11:40:05+00:00","twitter_misc":{"Szacowany czas czytania":"2 minuty"},"schema":{"@context":"https:\/\/schema.org","@graph":[{"@type":"WebPage","@id":"https:\/\/pb.edu.pl\/sjo\/jestem-spoza-uczelni\/egzaminy\/technical-english-certificate\/","url":"https:\/\/pb.edu.pl\/sjo\/jestem-spoza-uczelni\/egzaminy\/technical-english-certificate\/","name":"Technical English Certificate - Studium J\u0119zyk\u00f3w Obcych","isPartOf":{"@id":"https:\/\/pb.edu.pl\/sjo\/#website"},"datePublished":"2024-02-14T09:02:39+00:00","dateModified":"2026-02-12T11:40:05+00:00","description":"Jedyny egzamin o profilu technicznym w regionie Odzwierciedla kompetencje wymagane przez pracodawc\u00f3w Sk\u0142ada si\u0119 z cz\u0119\u015bci pisemnej i ustnej Certyfikat","breadcrumb":{"@id":"https:\/\/pb.edu.pl\/sjo\/jestem-spoza-uczelni\/egzaminy\/technical-english-certificate\/#breadcrumb"},"inLanguage":"pl-PL","potentialAction":[{"@type":"ReadAction","target":["https:\/\/pb.edu.pl\/sjo\/jestem-spoza-uczelni\/egzaminy\/technical-english-certificate\/"]}]},{"@type":"BreadcrumbList","@id":"https:\/\/pb.edu.pl\/sjo\/jestem-spoza-uczelni\/egzaminy\/technical-english-certificate\/#breadcrumb","itemListElement":[{"@type":"ListItem","position":1,"name":"Home","item":"https:\/\/pb.edu.pl\/sjo\/"},{"@type":"ListItem","position":2,"name":"Jestem spoza PB","item":"https:\/\/pb.edu.pl\/sjo\/jestem-spoza-uczelni\/"},{"@type":"ListItem","position":3,"name":"Egzaminy","item":"https:\/\/pb.edu.pl\/sjo\/jestem-spoza-uczelni\/egzaminy\/"},{"@type":"ListItem","position":4,"name":"Technical English Certificate"}]},{"@type":"WebSite","@id":"https:\/\/pb.edu.pl\/sjo\/#website","url":"https:\/\/pb.edu.pl\/sjo\/","name":"Studium J\u0119zyk\u00f3w Obcych","description":"","potentialAction":[{"@type":"SearchAction","target":{"@type":"EntryPoint","urlTemplate":"https:\/\/pb.edu.pl\/sjo\/?s={search_term_string}"},"query-input":{"@type":"PropertyValueSpecification","valueRequired":true,"valueName":"search_term_string"}}],"inLanguage":"pl-PL"}]}},"_links":{"self":[{"href":"https:\/\/pb.edu.pl\/sjo\/wp-json\/wp\/v2\/pages\/24019","targetHints":{"allow":["GET"]}}],"collection":[{"href":"https:\/\/pb.edu.pl\/sjo\/wp-json\/wp\/v2\/pages"}],"about":[{"href":"https:\/\/pb.edu.pl\/sjo\/wp-json\/wp\/v2\/types\/page"}],"author":[{"embeddable":true,"href":"https:\/\/pb.edu.pl\/sjo\/wp-json\/wp\/v2\/users\/6"}],"replies":[{"embeddable":true,"href":"https:\/\/pb.edu.pl\/sjo\/wp-json\/wp\/v2\/comments?post=24019"}],"version-history":[{"count":2,"href":"https:\/\/pb.edu.pl\/sjo\/wp-json\/wp\/v2\/pages\/24019\/revisions"}],"predecessor-version":[{"id":30654,"href":"https:\/\/pb.edu.pl\/sjo\/wp-json\/wp\/v2\/pages\/24019\/revisions\/30654"}],"up":[{"embeddable":true,"href":"https:\/\/pb.edu.pl\/sjo\/wp-json\/wp\/v2\/pages\/11429"}],"wp:attachment":[{"href":"https:\/\/pb.edu.pl\/sjo\/wp-json\/wp\/v2\/media?parent=24019"}],"curies":[{"name":"wp","href":"https:\/\/api.w.org\/{rel}","templated":true}]}}