{"id":23983,"date":"2024-02-13T09:55:10","date_gmt":"2024-02-13T08:55:10","guid":{"rendered":"https:\/\/pb.edu.pl\/sjo\/?page_id=23983"},"modified":"2024-04-22T12:56:03","modified_gmt":"2024-04-22T10:56:03","slug":"sing-it","status":"publish","type":"page","link":"https:\/\/pb.edu.pl\/sjo\/wydarzenia-sjo\/sing-it\/","title":{"rendered":"Sing it!"},"content":{"rendered":"<h2><img loading=\"lazy\" decoding=\"async\" class=\"alignleft wp-image-23984\" src=\"https:\/\/pb.edu.pl\/sjo\/wp-content\/uploads\/sites\/9\/2024\/02\/Sing-it-300x200.png\" alt=\"\" width=\"350\" height=\"233\" srcset=\"https:\/\/pb.edu.pl\/sjo\/wp-content\/uploads\/sites\/9\/2024\/02\/Sing-it-300x200.png 300w, https:\/\/pb.edu.pl\/sjo\/wp-content\/uploads\/sites\/9\/2024\/02\/Sing-it-768x512.png 768w, https:\/\/pb.edu.pl\/sjo\/wp-content\/uploads\/sites\/9\/2024\/02\/Sing-it-480x320.png 480w, https:\/\/pb.edu.pl\/sjo\/wp-content\/uploads\/sites\/9\/2024\/02\/Sing-it.png 799w\" sizes=\"auto, (max-width: 350px) 100vw, 350px\" \/>Zapraszamy na Studencki konkurs piosenki obcoj\u0119zycznej!<\/h2>\n<p>Je\u015bli lubisz \u015bpiewa\u0107 i chcesz sp\u0119dzi\u0107 czas w muzycznej atmosferze zg\u0142o\u015b si\u0119 do konkursu piosenki obcoj\u0119zycznej organizowanym przez Studium J\u0119zyk\u00f3w Obcych Politechniki Bia\u0142ostockiej w ramach <a href=\"https:\/\/pb.edu.pl\/sjo\/wydarzenia-sjo\/jubileusz-60-lecia-sjo\/\">Jubileuszu 60-lecia SJO<\/a>.<\/p>\n<div style=\"clear: both\">&nbsp;<\/div>\n<ul>\n<li>przygotuj utw\u00f3r, kt\u00f3ry chcesz wykona\u0107 w jednym z j\u0119zyk\u00f3w: <strong>angielski, niemiecki, hiszpa\u0144ski, ukrai\u0144ski lub rosyjski<\/strong>. Je\u015bli jeste\u015b Studentem z kraju innego ni\u017c Polska \u2013 mo\u017cesz za\u015bpiewa\u0107 po Polsku;<\/li>\n<li>mo\u017cesz za\u015bpiewa\u0107 <strong>sam\/a lub w grupie<\/strong> maksymalnie pi\u0119cioosobowej;<\/li>\n<li>nagraj wykonanie swojej piosenki (d\u017awi\u0119k i obraz) i wy\u015blij razem z formularzem poni\u017cej;<\/li>\n<li>spo\u015br\u00f3d nades\u0142anych wykona\u0144 wybierzemy 15, kt\u00f3re wezm\u0105 udzia\u0142 w Konkursie dnia 17 kwietnia 2024 r. w Gwincie. Poinformujemy Ci\u0119 mailowo o zakwalifikowaniu do Konkursu.<\/li>\n<\/ul>\n<div class=\"mixcloud\">\n<div class=\"embed-responsive embed-responsive-16by9\"><iframe loading=\"lazy\" title=\"Zasi\u0119gn\u0105\u0107 J\u0119zyka - Joanna Nazarko Ze Studium J\u0119zyk\u00f3w Obcych Politechniki Bia\u0142ostockiej\" width=\"100%\" height=\"120\" src=\"https:\/\/www.mixcloud.com\/widget\/iframe\/?feed=https%3A%2F%2Fwww.mixcloud.com%2FRADIO_AKADERA_87_7FM%2Fzasi%25C4%2599gn%25C4%2585%25C4%2587-j%25C4%2599yzka-joanna-nazarko-ze-studium-j%25C4%2599zyk%25C3%25B3w-obcych-politechniki-bia%25C5%2582ostockiej%2F&amp;hide_cover=1\" frameborder=\"0\" allow=\"encrypted-media; fullscreen; autoplay; idle-detection; speaker-selection; web-share;\"><\/iframe><\/div>\n<\/div>\n<h2>Wa\u017cne daty<\/h2>\n<ul style=\"list-style-type: square\">\n<li style=\"list-style-type: none\">\n<ul style=\"list-style-type: square\">\n<li>przyjmowanie zg\u0142osze\u0144 <strong>15 marca \u2013 4 kwietnia<\/strong> 2024 r. Uwaga! <strong>Przed\u0142u\u017camy nadsy\u0142anie zg\u0142osze\u0144 do 5 kwietnia do p\u00f3\u0142nocy!<\/strong><\/li>\n<li>obrady komisji oraz wyb\u00f3r 15 wykona\u0144 spo\u015br\u00f3d nades\u0142anych zg\u0142osze\u0144 &#8211; <strong>8-9 kwietnia<\/strong> 2024 r.<\/li>\n<li>pr\u00f3ba generalna os\u00f3b zakwalifikowanych &#8211; <strong>16 kwietnia<\/strong> 2024 r.<\/li>\n<li>konkurs oraz wr\u0119czenie nagr\u00f3d &#8211; <strong>17 kwietnia<\/strong> 2024 r.<\/li>\n<\/ul>\n<\/li>\n<\/ul>\n<p>Wi\u0119cej informacji: <i class=\"fal fa-envelope\"><\/i> <a href=\"#\" rel=\"nofollow\"  onclick=\"this.href='mailto:' + 'joanna.nazarko' + '@' + 'pb.edu.pl'\">joanna.nazarko [at] pb.edu.pl<\/a>&#8221;<\/p>\n<p><img loading=\"lazy\" decoding=\"async\" class=\"alignleft wp-image-24922 size-full\" src=\"https:\/\/pb.edu.pl\/sjo\/wp-content\/uploads\/sites\/9\/2024\/04\/PATRONAT-HONOROWY-i-MEDIA-1140-x-100-px-1.png\" alt=\"\" width=\"1140\" height=\"100\" srcset=\"https:\/\/pb.edu.pl\/sjo\/wp-content\/uploads\/sites\/9\/2024\/04\/PATRONAT-HONOROWY-i-MEDIA-1140-x-100-px-1.png 1140w, https:\/\/pb.edu.pl\/sjo\/wp-content\/uploads\/sites\/9\/2024\/04\/PATRONAT-HONOROWY-i-MEDIA-1140-x-100-px-1-300x26.png 300w, https:\/\/pb.edu.pl\/sjo\/wp-content\/uploads\/sites\/9\/2024\/04\/PATRONAT-HONOROWY-i-MEDIA-1140-x-100-px-1-1024x90.png 1024w, https:\/\/pb.edu.pl\/sjo\/wp-content\/uploads\/sites\/9\/2024\/04\/PATRONAT-HONOROWY-i-MEDIA-1140-x-100-px-1-768x67.png 768w\" sizes=\"auto, (max-width: 1140px) 100vw, 1140px\" \/><br \/>\n\t\t<div class=\"box news-box \">\n\t\t<div class=\"row\">\n\t\t\t\n\t\t\t\n\t\t\t\t\n\t\t\t\t\t\t\t\t\t\t<div class=\"col-sm-3\">\n\t\t\t\t\t\t\t\n<article class=\"format-standard\">\n    <span class=\"date text-right\"><i class=\"fal fa-calendar-alt\"><\/i> 19-04-2024<\/span>\n    <a href=\"https:\/\/pb.edu.pl\/sjo\/2024\/04\/19\/finalisci-studenckiego-konkursu-piosenki-obcojezycznej-sing-it\/\">\n      <div class=\"article-image\">\n        <img loading=\"lazy\" decoding=\"async\" width=\"480\" height=\"300\" src=\"https:\/\/pb.edu.pl\/sjo\/wp-content\/uploads\/sites\/9\/2024\/04\/Kopia-Boks-centrum-jezyka-i-kultury-polskiej-zaprasza-Wpis-na-Facebooku-799\u00d7533-px2-480x300.png\" class=\"attachment-medium-image-16x10 size-medium-image-16x10 wp-post-image\" alt=\"\" srcset=\"https:\/\/pb.edu.pl\/sjo\/wp-content\/uploads\/sites\/9\/2024\/04\/Kopia-Boks-centrum-jezyka-i-kultury-polskiej-zaprasza-Wpis-na-Facebooku-799\u00d7533-px2-480x300.png 480w, https:\/\/pb.edu.pl\/sjo\/wp-content\/uploads\/sites\/9\/2024\/04\/Kopia-Boks-centrum-jezyka-i-kultury-polskiej-zaprasza-Wpis-na-Facebooku-799\u00d7533-px2-300x188.png 300w, https:\/\/pb.edu.pl\/sjo\/wp-content\/uploads\/sites\/9\/2024\/04\/Kopia-Boks-centrum-jezyka-i-kultury-polskiej-zaprasza-Wpis-na-Facebooku-799\u00d7533-px2-1024x640.png 1024w, https:\/\/pb.edu.pl\/sjo\/wp-content\/uploads\/sites\/9\/2024\/04\/Kopia-Boks-centrum-jezyka-i-kultury-polskiej-zaprasza-Wpis-na-Facebooku-799\u00d7533-px2-768x480.png 768w, https:\/\/pb.edu.pl\/sjo\/wp-content\/uploads\/sites\/9\/2024\/04\/Kopia-Boks-centrum-jezyka-i-kultury-polskiej-zaprasza-Wpis-na-Facebooku-799\u00d7533-px2.png 1080w\" sizes=\"auto, (max-width: 480px) 100vw, 480px\" \/>      <\/div>\n      <h3>Finali\u015bci studenckiego konkursu piosenki obcoj\u0119zycznej &#8222;Sing it!&#8221;<\/h3>\n      Za nami studencki konkurs piosenki obcoj\u0119zycznej Sing it! zorganizowany w ramach    <\/a>\n<\/article>\t\t\t\t\t\t<\/div>\n\t\t\t\t\t\n\t\t\t\t\n\t\t\t\t\t<\/div>\n\t\t\t\t\t<\/div>\n\n","protected":false},"excerpt":{"rendered":"<p>Zapraszamy na Studencki konkurs piosenki obcoj\u0119zycznej! Je\u015bli lubisz \u015bpiewa\u0107 i chcesz sp\u0119dzi\u0107 czas w muzycznej<\/p>\n","protected":false},"author":38,"featured_media":0,"parent":10915,"menu_order":0,"comment_status":"closed","ping_status":"closed","template":"","meta":{"_acf_changed":false,"ngg_post_thumbnail":0,"footnotes":""},"class_list":["post-23983","page","type-page","status-publish","hentry"],"acf":[],"yoast_head":"<!-- This site is optimized with the Yoast SEO plugin v27.0 - https:\/\/yoast.com\/product\/yoast-seo-wordpress\/ -->\n<title>Sing it! - Studium J\u0119zyk\u00f3w Obcych<\/title>\n<meta name=\"description\" content=\"Zapraszamy na Studencki konkurs piosenki obcoj\u0119zycznej! Je\u015bli lubisz \u015bpiewa\u0107 i chcesz sp\u0119dzi\u0107 czas w muzycznej atmosferze zg\u0142o\u015b si\u0119 do konkursu piosenki\" \/>\n<meta name=\"robots\" content=\"index, follow, max-snippet:-1, max-image-preview:large, max-video-preview:-1\" \/>\n<link rel=\"canonical\" href=\"https:\/\/pb.edu.pl\/sjo\/wydarzenia-sjo\/sing-it\/\" \/>\n<meta property=\"og:locale\" content=\"pl_PL\" \/>\n<meta property=\"og:type\" content=\"article\" \/>\n<meta property=\"og:title\" content=\"Sing it! - Studium J\u0119zyk\u00f3w Obcych\" \/>\n<meta property=\"og:description\" content=\"Zapraszamy na Studencki konkurs piosenki obcoj\u0119zycznej! Je\u015bli lubisz \u015bpiewa\u0107 i chcesz sp\u0119dzi\u0107 czas w muzycznej atmosferze zg\u0142o\u015b si\u0119 do konkursu piosenki\" \/>\n<meta property=\"og:url\" content=\"https:\/\/pb.edu.pl\/sjo\/wydarzenia-sjo\/sing-it\/\" \/>\n<meta property=\"og:site_name\" content=\"Studium J\u0119zyk\u00f3w Obcych\" \/>\n<meta property=\"article:modified_time\" content=\"2024-04-22T10:56:03+00:00\" \/>\n<meta property=\"og:image\" content=\"https:\/\/pb.edu.pl\/sjo\/wp-content\/uploads\/sites\/9\/2024\/02\/Sing-it-300x200.png\" \/>\n<meta name=\"twitter:label1\" content=\"Szacowany czas czytania\" \/>\n\t<meta name=\"twitter:data1\" content=\"2 minuty\" \/>\n<script type=\"application\/ld+json\" class=\"yoast-schema-graph\">{\"@context\":\"https:\/\/schema.org\",\"@graph\":[{\"@type\":\"WebPage\",\"@id\":\"https:\/\/pb.edu.pl\/sjo\/wydarzenia-sjo\/sing-it\/\",\"url\":\"https:\/\/pb.edu.pl\/sjo\/wydarzenia-sjo\/sing-it\/\",\"name\":\"Sing it! - Studium J\u0119zyk\u00f3w Obcych\",\"isPartOf\":{\"@id\":\"https:\/\/pb.edu.pl\/sjo\/#website\"},\"primaryImageOfPage\":{\"@id\":\"https:\/\/pb.edu.pl\/sjo\/wydarzenia-sjo\/sing-it\/#primaryimage\"},\"image\":{\"@id\":\"https:\/\/pb.edu.pl\/sjo\/wydarzenia-sjo\/sing-it\/#primaryimage\"},\"thumbnailUrl\":\"https:\/\/pb.edu.pl\/sjo\/wp-content\/uploads\/sites\/9\/2024\/02\/Sing-it-300x200.png\",\"datePublished\":\"2024-02-13T08:55:10+00:00\",\"dateModified\":\"2024-04-22T10:56:03+00:00\",\"description\":\"Zapraszamy na Studencki konkurs piosenki obcoj\u0119zycznej! Je\u015bli lubisz \u015bpiewa\u0107 i chcesz sp\u0119dzi\u0107 czas w muzycznej atmosferze zg\u0142o\u015b si\u0119 do konkursu piosenki\",\"breadcrumb\":{\"@id\":\"https:\/\/pb.edu.pl\/sjo\/wydarzenia-sjo\/sing-it\/#breadcrumb\"},\"inLanguage\":\"pl-PL\",\"potentialAction\":[{\"@type\":\"ReadAction\",\"target\":[\"https:\/\/pb.edu.pl\/sjo\/wydarzenia-sjo\/sing-it\/\"]}]},{\"@type\":\"ImageObject\",\"inLanguage\":\"pl-PL\",\"@id\":\"https:\/\/pb.edu.pl\/sjo\/wydarzenia-sjo\/sing-it\/#primaryimage\",\"url\":\"https:\/\/pb.edu.pl\/sjo\/wp-content\/uploads\/sites\/9\/2024\/02\/Sing-it.png\",\"contentUrl\":\"https:\/\/pb.edu.pl\/sjo\/wp-content\/uploads\/sites\/9\/2024\/02\/Sing-it.png\",\"width\":799,\"height\":533},{\"@type\":\"BreadcrumbList\",\"@id\":\"https:\/\/pb.edu.pl\/sjo\/wydarzenia-sjo\/sing-it\/#breadcrumb\",\"itemListElement\":[{\"@type\":\"ListItem\",\"position\":1,\"name\":\"Home\",\"item\":\"https:\/\/pb.edu.pl\/sjo\/\"},{\"@type\":\"ListItem\",\"position\":2,\"name\":\"Wydarzenia SJO\",\"item\":\"https:\/\/pb.edu.pl\/sjo\/wydarzenia-sjo\/\"},{\"@type\":\"ListItem\",\"position\":3,\"name\":\"Sing it!\"}]},{\"@type\":\"WebSite\",\"@id\":\"https:\/\/pb.edu.pl\/sjo\/#website\",\"url\":\"https:\/\/pb.edu.pl\/sjo\/\",\"name\":\"Studium J\u0119zyk\u00f3w Obcych\",\"description\":\"\",\"potentialAction\":[{\"@type\":\"SearchAction\",\"target\":{\"@type\":\"EntryPoint\",\"urlTemplate\":\"https:\/\/pb.edu.pl\/sjo\/?s={search_term_string}\"},\"query-input\":{\"@type\":\"PropertyValueSpecification\",\"valueRequired\":true,\"valueName\":\"search_term_string\"}}],\"inLanguage\":\"pl-PL\"}]}<\/script>\n<!-- \/ Yoast SEO plugin. -->","yoast_head_json":{"title":"Sing it! - Studium J\u0119zyk\u00f3w Obcych","description":"Zapraszamy na Studencki konkurs piosenki obcoj\u0119zycznej! Je\u015bli lubisz \u015bpiewa\u0107 i chcesz sp\u0119dzi\u0107 czas w muzycznej atmosferze zg\u0142o\u015b si\u0119 do konkursu piosenki","robots":{"index":"index","follow":"follow","max-snippet":"max-snippet:-1","max-image-preview":"max-image-preview:large","max-video-preview":"max-video-preview:-1"},"canonical":"https:\/\/pb.edu.pl\/sjo\/wydarzenia-sjo\/sing-it\/","og_locale":"pl_PL","og_type":"article","og_title":"Sing it! - Studium J\u0119zyk\u00f3w Obcych","og_description":"Zapraszamy na Studencki konkurs piosenki obcoj\u0119zycznej! Je\u015bli lubisz \u015bpiewa\u0107 i chcesz sp\u0119dzi\u0107 czas w muzycznej atmosferze zg\u0142o\u015b si\u0119 do konkursu piosenki","og_url":"https:\/\/pb.edu.pl\/sjo\/wydarzenia-sjo\/sing-it\/","og_site_name":"Studium J\u0119zyk\u00f3w Obcych","article_modified_time":"2024-04-22T10:56:03+00:00","og_image":[{"url":"https:\/\/pb.edu.pl\/sjo\/wp-content\/uploads\/sites\/9\/2024\/02\/Sing-it-300x200.png","type":"","width":"","height":""}],"twitter_misc":{"Szacowany czas czytania":"2 minuty"},"schema":{"@context":"https:\/\/schema.org","@graph":[{"@type":"WebPage","@id":"https:\/\/pb.edu.pl\/sjo\/wydarzenia-sjo\/sing-it\/","url":"https:\/\/pb.edu.pl\/sjo\/wydarzenia-sjo\/sing-it\/","name":"Sing it! - Studium J\u0119zyk\u00f3w Obcych","isPartOf":{"@id":"https:\/\/pb.edu.pl\/sjo\/#website"},"primaryImageOfPage":{"@id":"https:\/\/pb.edu.pl\/sjo\/wydarzenia-sjo\/sing-it\/#primaryimage"},"image":{"@id":"https:\/\/pb.edu.pl\/sjo\/wydarzenia-sjo\/sing-it\/#primaryimage"},"thumbnailUrl":"https:\/\/pb.edu.pl\/sjo\/wp-content\/uploads\/sites\/9\/2024\/02\/Sing-it-300x200.png","datePublished":"2024-02-13T08:55:10+00:00","dateModified":"2024-04-22T10:56:03+00:00","description":"Zapraszamy na Studencki konkurs piosenki obcoj\u0119zycznej! Je\u015bli lubisz \u015bpiewa\u0107 i chcesz sp\u0119dzi\u0107 czas w muzycznej atmosferze zg\u0142o\u015b si\u0119 do konkursu piosenki","breadcrumb":{"@id":"https:\/\/pb.edu.pl\/sjo\/wydarzenia-sjo\/sing-it\/#breadcrumb"},"inLanguage":"pl-PL","potentialAction":[{"@type":"ReadAction","target":["https:\/\/pb.edu.pl\/sjo\/wydarzenia-sjo\/sing-it\/"]}]},{"@type":"ImageObject","inLanguage":"pl-PL","@id":"https:\/\/pb.edu.pl\/sjo\/wydarzenia-sjo\/sing-it\/#primaryimage","url":"https:\/\/pb.edu.pl\/sjo\/wp-content\/uploads\/sites\/9\/2024\/02\/Sing-it.png","contentUrl":"https:\/\/pb.edu.pl\/sjo\/wp-content\/uploads\/sites\/9\/2024\/02\/Sing-it.png","width":799,"height":533},{"@type":"BreadcrumbList","@id":"https:\/\/pb.edu.pl\/sjo\/wydarzenia-sjo\/sing-it\/#breadcrumb","itemListElement":[{"@type":"ListItem","position":1,"name":"Home","item":"https:\/\/pb.edu.pl\/sjo\/"},{"@type":"ListItem","position":2,"name":"Wydarzenia SJO","item":"https:\/\/pb.edu.pl\/sjo\/wydarzenia-sjo\/"},{"@type":"ListItem","position":3,"name":"Sing it!"}]},{"@type":"WebSite","@id":"https:\/\/pb.edu.pl\/sjo\/#website","url":"https:\/\/pb.edu.pl\/sjo\/","name":"Studium J\u0119zyk\u00f3w Obcych","description":"","potentialAction":[{"@type":"SearchAction","target":{"@type":"EntryPoint","urlTemplate":"https:\/\/pb.edu.pl\/sjo\/?s={search_term_string}"},"query-input":{"@type":"PropertyValueSpecification","valueRequired":true,"valueName":"search_term_string"}}],"inLanguage":"pl-PL"}]}},"_links":{"self":[{"href":"https:\/\/pb.edu.pl\/sjo\/wp-json\/wp\/v2\/pages\/23983","targetHints":{"allow":["GET"]}}],"collection":[{"href":"https:\/\/pb.edu.pl\/sjo\/wp-json\/wp\/v2\/pages"}],"about":[{"href":"https:\/\/pb.edu.pl\/sjo\/wp-json\/wp\/v2\/types\/page"}],"author":[{"embeddable":true,"href":"https:\/\/pb.edu.pl\/sjo\/wp-json\/wp\/v2\/users\/38"}],"replies":[{"embeddable":true,"href":"https:\/\/pb.edu.pl\/sjo\/wp-json\/wp\/v2\/comments?post=23983"}],"version-history":[{"count":0,"href":"https:\/\/pb.edu.pl\/sjo\/wp-json\/wp\/v2\/pages\/23983\/revisions"}],"up":[{"embeddable":true,"href":"https:\/\/pb.edu.pl\/sjo\/wp-json\/wp\/v2\/pages\/10915"}],"wp:attachment":[{"href":"https:\/\/pb.edu.pl\/sjo\/wp-json\/wp\/v2\/media?parent=23983"}],"curies":[{"name":"wp","href":"https:\/\/api.w.org\/{rel}","templated":true}]}}