{"id":23718,"date":"2024-01-17T15:27:53","date_gmt":"2024-01-17T14:27:53","guid":{"rendered":"https:\/\/pb.edu.pl\/sjo\/?page_id=23718"},"modified":"2024-04-22T13:05:26","modified_gmt":"2024-04-22T11:05:26","slug":"jubileusz-60-lecia-sjo","status":"publish","type":"page","link":"https:\/\/pb.edu.pl\/sjo\/wydarzenia-sjo\/jubileusz-60-lecia-sjo\/","title":{"rendered":"Jubileusz 60-lecia SJO"},"content":{"rendered":"<h2>Mamy ju\u017c 60 lat!<\/h2>\n<p><strong>17 kwietnia 2024 r. obchodzimy Jubileusz 60-lecia Studium J\u0119zyk\u00f3w Obcych Politechniki Bia\u0142ostockiej. Przeczytaj wi\u0119cej o <a href=\"https:\/\/pb.edu.pl\/jubileuszpb\/wydarzenia\/jubileusz-60-lecia-studium-jezykow-obcych\/\">wydarzeniu<\/a>.<br \/>\n<\/strong><\/p>\n<p>Podczas konferencji zaprezentujemy dzia\u0142ania SJO oraz ods\u0142onimy mural przygotowany przez student\u00f3w Wydzia\u0142u Architektury PB w ramach <a href=\"https:\/\/pb.edu.pl\/sjo\/2023\/11\/07\/oglaszamy-konkurs\/\">konkursu<\/a>. Wydarzenia towarzysz\u0105ce to <a href=\"https:\/\/pb.edu.pl\/sjo\/wydarzenia-sjo\/konkurs-fotograficzno-jezykowy-foreign-language-my-window-to-the-world\/\">konkurs fotograficzny<\/a>, <a href=\"https:\/\/pb.edu.pl\/sjo\/sing-it\/\">konkurs piosenki obcoj\u0119zycznej<\/a> oraz wystawa historii Studium J\u0119zyk\u00f3w Obcych.<\/p>\n<div style=\"clear: both\">&nbsp;<\/div>\n<div class=\"row\">\n<div class=\"col-md-3\">\n\t<div class=\"boxlink animated zoomIn \">\n\t\t<a href=\"https:\/\/pb.edu.pl\/sjo\/wydarzenia-sjo\/jubileusz-60-lecia-sjo\/program\/\" class=\"no-icon\">\n\t\t\t<div class=\"boxlink-title\"><span>Program<\/span><\/div>\n\t\t\t<div class=\"boxlink-content\">\n\t\t\t\t<img decoding=\"async\" class=\"size-medium wp-image-11227 aligncenter\" src=\"https:\/\/pb.edu.pl\/sjo\/wp-content\/uploads\/sites\/9\/2024\/02\/RE.png\" alt=\"\">\t\t\t<\/div>\n\t\t<\/a>\n\t<\/div>\n\n<\/div>\n<div class=\"col-md-3\">\n\t<div class=\"boxlink animated zoomIn \">\n\t\t<a href=\"https:\/\/pb.edu.pl\/sjo\/wydarzenia-sjo\/jubileusz-60-lecia-sjo\/patronaty\/\" class=\"no-icon\">\n\t\t\t<div class=\"boxlink-title\"><span>Patronaty<\/span><\/div>\n\t\t\t<div class=\"boxlink-content\">\n\t\t\t\t<img decoding=\"async\" class=\"size-medium wp-image-11229 aligncenter\" src=\"https:\/\/pb.edu.pl\/sjo\/wp-content\/uploads\/sites\/9\/2024\/04\/jubileusz2.png\" alt=\"\">\t\t\t<\/div>\n\t\t<\/a>\n\t<\/div>\n\n<\/div>\n<div class=\"col-md-3\">\n\t<div class=\"boxlink animated zoomIn \">\n\t\t<a href=\"https:\/\/pb.edu.pl\/sjo\/wydarzenia-sjo\/jubileusz-60-lecia-sjo\/sponsorzy\/\" class=\"no-icon\">\n\t\t\t<div class=\"boxlink-title\"><span>Sponsorzy<\/span><\/div>\n\t\t\t<div class=\"boxlink-content\">\n\t\t\t\t<img decoding=\"async\" class=\"size-medium wp-image-11229 aligncenter\" src=\"https:\/\/pb.edu.pl\/sjo\/wp-content\/uploads\/sites\/9\/2024\/02\/R.png\" alt=\"\">\t\t\t<\/div>\n\t\t<\/a>\n\t<\/div>\n\n<\/div>\n<div class=\"col-md-3\">\n\t<div class=\"boxlink animated zoomIn \">\n\t\t<a href=\"https:\/\/pb.edu.pl\/sjo\/wydarzenia-sjo\/jubileusz-60-lecia-sjo\/media\/\" class=\"no-icon\">\n\t\t\t<div class=\"boxlink-title\"><span>Media<\/span><\/div>\n\t\t\t<div class=\"boxlink-content\">\n\t\t\t\t<img decoding=\"async\" class=\"size-medium wp-image-11229 aligncenter\" src=\"https:\/\/pb.edu.pl\/sjo\/wp-content\/uploads\/sites\/9\/2024\/04\/jubileusz-media.png\" alt=\"\">\t\t\t<\/div>\n\t\t<\/a>\n\t<\/div>\n\n<\/div>\n<\/div>\n<div style=\"margin: 0 auto;max-width: 850px\">\n<div class=\"row\">\n<div class=\"col-md-4\">\n\t<div class=\"boxlink animated zoomIn \">\n\t\t<a href=\"https:\/\/pb.edu.pl\/sjo\/wydarzenia-sjo\/mural\/\" class=\"no-icon\">\n\t\t\t<div class=\"boxlink-title\"><span>Konkurs na mural<\/span><\/div>\n\t\t\t<div class=\"boxlink-content\">\n\t\t\t\t<img decoding=\"async\" class=\"size-medium wp-image-11239 aligncenter\" src=\"https:\/\/pb.edu.pl\/sjo\/wp-content\/uploads\/sites\/9\/2024\/04\/konkurs-na-mural-w-sjo799-x-533-px.png\" alt=\"\">\t\t\t<\/div>\n\t\t<\/a>\n\t<\/div>\n\n<\/div>\n<div class=\"col-md-4\">\n\t<div class=\"boxlink animated zoomIn \">\n\t\t<a href=\"https:\/\/pb.edu.pl\/sjo\/wydarzenia-sjo\/konkurs-fotograficzno-jezykowy-foreign-language-my-window-to-the-world\/\" class=\"no-icon\">\n\t\t\t<div class=\"boxlink-title\"><span>Konkurs fotograficzny<\/span><\/div>\n\t\t\t<div class=\"boxlink-content\">\n\t\t\t\t<img decoding=\"async\" class=\"size-medium wp-image-11231 aligncenter\" src=\"https:\/\/pb.edu.pl\/sjo\/wp-content\/uploads\/sites\/9\/2024\/02\/Kopia-Boks-centrum-jezyka-i-kultury-polskiej-zaprasza-Wpis-na-Facebooku-799\u00d7533-px1.png\" alt=\"\">\t\t\t<\/div>\n\t\t<\/a>\n\t<\/div>\n\n<\/div>\n<div class=\"col-md-4\">\n\t<div class=\"boxlink animated zoomIn \">\n\t\t<a href=\"https:\/\/pb.edu.pl\/sjo\/wydarzenia-sjo\/sing-it\/\" class=\"no-icon\">\n\t\t\t<div class=\"boxlink-title\"><span>Konkurs piosenki<\/span><\/div>\n\t\t\t<div class=\"boxlink-content\">\n\t\t\t\t<img decoding=\"async\" class=\"size-medium wp-image-11232 aligncenter\" src=\"https:\/\/pb.edu.pl\/sjo\/wp-content\/uploads\/sites\/9\/2024\/02\/Sing-it.png\" alt=\"\">\t\t\t<\/div>\n\t\t<\/a>\n\t<\/div>\n\n<\/div>\n<\/div>\n<\/div>\n<p><img loading=\"lazy\" decoding=\"async\" class=\"alignleft wp-image-24068 size-full\" src=\"https:\/\/pb.edu.pl\/sjo\/wp-content\/uploads\/sites\/9\/2024\/04\/PATRONAT-HONOROWY-i-MEDIA-1140-x-100-px-1.png\" alt=\"\" width=\"1140\" height=\"100\"><\/p>\n<p>&nbsp;<\/p>\n<h2>Zapraszamy na parking dla go\u015bci<\/h2>\n<p><a href=\"https:\/\/pb.edu.pl\/sjo\/wp-content\/uploads\/sites\/9\/2024\/04\/Parking-60-cio-lecie-SJO.png\"><img loading=\"lazy\" decoding=\"async\" class=\"alignnone wp-image-24925 size-full\" src=\"https:\/\/pb.edu.pl\/sjo\/wp-content\/uploads\/sites\/9\/2024\/04\/Parking-60-cio-lecie-SJO.png\" alt=\"\" width=\"1000\" height=\"707\" srcset=\"https:\/\/pb.edu.pl\/sjo\/wp-content\/uploads\/sites\/9\/2024\/04\/Parking-60-cio-lecie-SJO.png 1000w, https:\/\/pb.edu.pl\/sjo\/wp-content\/uploads\/sites\/9\/2024\/04\/Parking-60-cio-lecie-SJO-300x212.png 300w, https:\/\/pb.edu.pl\/sjo\/wp-content\/uploads\/sites\/9\/2024\/04\/Parking-60-cio-lecie-SJO-768x543.png 768w\" sizes=\"auto, (max-width: 1000px) 100vw, 1000px\" \/><\/a><\/p>\n","protected":false},"excerpt":{"rendered":"<p>Mamy ju\u017c 60 lat! 17 kwietnia 2024 r. obchodzimy Jubileusz 60-lecia Studium J\u0119zyk\u00f3w Obcych Politechniki<\/p>\n","protected":false},"author":6,"featured_media":0,"parent":10915,"menu_order":0,"comment_status":"closed","ping_status":"closed","template":"templates\/dzial.php","meta":{"_acf_changed":false,"ngg_post_thumbnail":0,"footnotes":""},"class_list":["post-23718","page","type-page","status-publish","hentry"],"acf":[],"yoast_head":"<!-- This site is optimized with the Yoast SEO plugin v27.0 - https:\/\/yoast.com\/product\/yoast-seo-wordpress\/ -->\n<title>Jubileusz 60-lecia SJO - Studium J\u0119zyk\u00f3w Obcych<\/title>\n<meta name=\"description\" content=\"Mamy ju\u017c 60 lat! 17 kwietnia 2024 r. obchodzimy Jubileusz 60-lecia Studium J\u0119zyk\u00f3w Obcych Politechniki Bia\u0142ostockiej. Przeczytaj wi\u0119cej o wydarzeniu.\" \/>\n<meta name=\"robots\" content=\"index, follow, max-snippet:-1, max-image-preview:large, max-video-preview:-1\" \/>\n<link rel=\"canonical\" href=\"https:\/\/pb.edu.pl\/sjo\/wydarzenia-sjo\/jubileusz-60-lecia-sjo\/\" \/>\n<meta property=\"og:locale\" content=\"pl_PL\" \/>\n<meta property=\"og:type\" content=\"article\" \/>\n<meta property=\"og:title\" content=\"Jubileusz 60-lecia SJO - Studium J\u0119zyk\u00f3w Obcych\" \/>\n<meta property=\"og:description\" content=\"Mamy ju\u017c 60 lat! 17 kwietnia 2024 r. obchodzimy Jubileusz 60-lecia Studium J\u0119zyk\u00f3w Obcych Politechniki Bia\u0142ostockiej. Przeczytaj wi\u0119cej o wydarzeniu.\" \/>\n<meta property=\"og:url\" content=\"https:\/\/pb.edu.pl\/sjo\/wydarzenia-sjo\/jubileusz-60-lecia-sjo\/\" \/>\n<meta property=\"og:site_name\" content=\"Studium J\u0119zyk\u00f3w Obcych\" \/>\n<meta property=\"article:modified_time\" content=\"2024-04-22T11:05:26+00:00\" \/>\n<meta property=\"og:image\" content=\"https:\/\/pb.edu.pl\/sjo\/wp-content\/uploads\/sites\/9\/2024\/02\/RE.png\" \/>\n<meta name=\"twitter:label1\" content=\"Szacowany czas czytania\" \/>\n\t<meta name=\"twitter:data1\" content=\"3 minuty\" \/>\n<script type=\"application\/ld+json\" class=\"yoast-schema-graph\">{\"@context\":\"https:\/\/schema.org\",\"@graph\":[{\"@type\":\"WebPage\",\"@id\":\"https:\/\/pb.edu.pl\/sjo\/wydarzenia-sjo\/jubileusz-60-lecia-sjo\/\",\"url\":\"https:\/\/pb.edu.pl\/sjo\/wydarzenia-sjo\/jubileusz-60-lecia-sjo\/\",\"name\":\"Jubileusz 60-lecia SJO - Studium J\u0119zyk\u00f3w Obcych\",\"isPartOf\":{\"@id\":\"https:\/\/pb.edu.pl\/sjo\/#website\"},\"primaryImageOfPage\":{\"@id\":\"https:\/\/pb.edu.pl\/sjo\/wydarzenia-sjo\/jubileusz-60-lecia-sjo\/#primaryimage\"},\"image\":{\"@id\":\"https:\/\/pb.edu.pl\/sjo\/wydarzenia-sjo\/jubileusz-60-lecia-sjo\/#primaryimage\"},\"thumbnailUrl\":\"https:\/\/pb.edu.pl\/sjo\/wp-content\/uploads\/sites\/9\/2024\/02\/RE.png\",\"datePublished\":\"2024-01-17T14:27:53+00:00\",\"dateModified\":\"2024-04-22T11:05:26+00:00\",\"description\":\"Mamy ju\u017c 60 lat! 17 kwietnia 2024 r. obchodzimy Jubileusz 60-lecia Studium J\u0119zyk\u00f3w Obcych Politechniki Bia\u0142ostockiej. Przeczytaj wi\u0119cej o wydarzeniu.\",\"breadcrumb\":{\"@id\":\"https:\/\/pb.edu.pl\/sjo\/wydarzenia-sjo\/jubileusz-60-lecia-sjo\/#breadcrumb\"},\"inLanguage\":\"pl-PL\",\"potentialAction\":[{\"@type\":\"ReadAction\",\"target\":[\"https:\/\/pb.edu.pl\/sjo\/wydarzenia-sjo\/jubileusz-60-lecia-sjo\/\"]}]},{\"@type\":\"ImageObject\",\"inLanguage\":\"pl-PL\",\"@id\":\"https:\/\/pb.edu.pl\/sjo\/wydarzenia-sjo\/jubileusz-60-lecia-sjo\/#primaryimage\",\"url\":\"\",\"contentUrl\":\"\"},{\"@type\":\"BreadcrumbList\",\"@id\":\"https:\/\/pb.edu.pl\/sjo\/wydarzenia-sjo\/jubileusz-60-lecia-sjo\/#breadcrumb\",\"itemListElement\":[{\"@type\":\"ListItem\",\"position\":1,\"name\":\"Home\",\"item\":\"https:\/\/pb.edu.pl\/sjo\/\"},{\"@type\":\"ListItem\",\"position\":2,\"name\":\"Wydarzenia SJO\",\"item\":\"https:\/\/pb.edu.pl\/sjo\/wydarzenia-sjo\/\"},{\"@type\":\"ListItem\",\"position\":3,\"name\":\"Jubileusz 60-lecia SJO\"}]},{\"@type\":\"WebSite\",\"@id\":\"https:\/\/pb.edu.pl\/sjo\/#website\",\"url\":\"https:\/\/pb.edu.pl\/sjo\/\",\"name\":\"Studium J\u0119zyk\u00f3w Obcych\",\"description\":\"\",\"potentialAction\":[{\"@type\":\"SearchAction\",\"target\":{\"@type\":\"EntryPoint\",\"urlTemplate\":\"https:\/\/pb.edu.pl\/sjo\/?s={search_term_string}\"},\"query-input\":{\"@type\":\"PropertyValueSpecification\",\"valueRequired\":true,\"valueName\":\"search_term_string\"}}],\"inLanguage\":\"pl-PL\"}]}<\/script>\n<!-- \/ Yoast SEO plugin. -->","yoast_head_json":{"title":"Jubileusz 60-lecia SJO - Studium J\u0119zyk\u00f3w Obcych","description":"Mamy ju\u017c 60 lat! 17 kwietnia 2024 r. obchodzimy Jubileusz 60-lecia Studium J\u0119zyk\u00f3w Obcych Politechniki Bia\u0142ostockiej. Przeczytaj wi\u0119cej o wydarzeniu.","robots":{"index":"index","follow":"follow","max-snippet":"max-snippet:-1","max-image-preview":"max-image-preview:large","max-video-preview":"max-video-preview:-1"},"canonical":"https:\/\/pb.edu.pl\/sjo\/wydarzenia-sjo\/jubileusz-60-lecia-sjo\/","og_locale":"pl_PL","og_type":"article","og_title":"Jubileusz 60-lecia SJO - Studium J\u0119zyk\u00f3w Obcych","og_description":"Mamy ju\u017c 60 lat! 17 kwietnia 2024 r. obchodzimy Jubileusz 60-lecia Studium J\u0119zyk\u00f3w Obcych Politechniki Bia\u0142ostockiej. Przeczytaj wi\u0119cej o wydarzeniu.","og_url":"https:\/\/pb.edu.pl\/sjo\/wydarzenia-sjo\/jubileusz-60-lecia-sjo\/","og_site_name":"Studium J\u0119zyk\u00f3w Obcych","article_modified_time":"2024-04-22T11:05:26+00:00","og_image":[{"url":"https:\/\/pb.edu.pl\/sjo\/wp-content\/uploads\/sites\/9\/2024\/02\/RE.png","type":"","width":"","height":""}],"twitter_misc":{"Szacowany czas czytania":"3 minuty"},"schema":{"@context":"https:\/\/schema.org","@graph":[{"@type":"WebPage","@id":"https:\/\/pb.edu.pl\/sjo\/wydarzenia-sjo\/jubileusz-60-lecia-sjo\/","url":"https:\/\/pb.edu.pl\/sjo\/wydarzenia-sjo\/jubileusz-60-lecia-sjo\/","name":"Jubileusz 60-lecia SJO - Studium J\u0119zyk\u00f3w Obcych","isPartOf":{"@id":"https:\/\/pb.edu.pl\/sjo\/#website"},"primaryImageOfPage":{"@id":"https:\/\/pb.edu.pl\/sjo\/wydarzenia-sjo\/jubileusz-60-lecia-sjo\/#primaryimage"},"image":{"@id":"https:\/\/pb.edu.pl\/sjo\/wydarzenia-sjo\/jubileusz-60-lecia-sjo\/#primaryimage"},"thumbnailUrl":"https:\/\/pb.edu.pl\/sjo\/wp-content\/uploads\/sites\/9\/2024\/02\/RE.png","datePublished":"2024-01-17T14:27:53+00:00","dateModified":"2024-04-22T11:05:26+00:00","description":"Mamy ju\u017c 60 lat! 17 kwietnia 2024 r. obchodzimy Jubileusz 60-lecia Studium J\u0119zyk\u00f3w Obcych Politechniki Bia\u0142ostockiej. Przeczytaj wi\u0119cej o wydarzeniu.","breadcrumb":{"@id":"https:\/\/pb.edu.pl\/sjo\/wydarzenia-sjo\/jubileusz-60-lecia-sjo\/#breadcrumb"},"inLanguage":"pl-PL","potentialAction":[{"@type":"ReadAction","target":["https:\/\/pb.edu.pl\/sjo\/wydarzenia-sjo\/jubileusz-60-lecia-sjo\/"]}]},{"@type":"ImageObject","inLanguage":"pl-PL","@id":"https:\/\/pb.edu.pl\/sjo\/wydarzenia-sjo\/jubileusz-60-lecia-sjo\/#primaryimage","url":"","contentUrl":""},{"@type":"BreadcrumbList","@id":"https:\/\/pb.edu.pl\/sjo\/wydarzenia-sjo\/jubileusz-60-lecia-sjo\/#breadcrumb","itemListElement":[{"@type":"ListItem","position":1,"name":"Home","item":"https:\/\/pb.edu.pl\/sjo\/"},{"@type":"ListItem","position":2,"name":"Wydarzenia SJO","item":"https:\/\/pb.edu.pl\/sjo\/wydarzenia-sjo\/"},{"@type":"ListItem","position":3,"name":"Jubileusz 60-lecia SJO"}]},{"@type":"WebSite","@id":"https:\/\/pb.edu.pl\/sjo\/#website","url":"https:\/\/pb.edu.pl\/sjo\/","name":"Studium J\u0119zyk\u00f3w Obcych","description":"","potentialAction":[{"@type":"SearchAction","target":{"@type":"EntryPoint","urlTemplate":"https:\/\/pb.edu.pl\/sjo\/?s={search_term_string}"},"query-input":{"@type":"PropertyValueSpecification","valueRequired":true,"valueName":"search_term_string"}}],"inLanguage":"pl-PL"}]}},"_links":{"self":[{"href":"https:\/\/pb.edu.pl\/sjo\/wp-json\/wp\/v2\/pages\/23718","targetHints":{"allow":["GET"]}}],"collection":[{"href":"https:\/\/pb.edu.pl\/sjo\/wp-json\/wp\/v2\/pages"}],"about":[{"href":"https:\/\/pb.edu.pl\/sjo\/wp-json\/wp\/v2\/types\/page"}],"author":[{"embeddable":true,"href":"https:\/\/pb.edu.pl\/sjo\/wp-json\/wp\/v2\/users\/6"}],"replies":[{"embeddable":true,"href":"https:\/\/pb.edu.pl\/sjo\/wp-json\/wp\/v2\/comments?post=23718"}],"version-history":[{"count":0,"href":"https:\/\/pb.edu.pl\/sjo\/wp-json\/wp\/v2\/pages\/23718\/revisions"}],"up":[{"embeddable":true,"href":"https:\/\/pb.edu.pl\/sjo\/wp-json\/wp\/v2\/pages\/10915"}],"wp:attachment":[{"href":"https:\/\/pb.edu.pl\/sjo\/wp-json\/wp\/v2\/media?parent=23718"}],"curies":[{"name":"wp","href":"https:\/\/api.w.org\/{rel}","templated":true}]}}